{"id":4874,"date":"2023-03-26T13:55:57","date_gmt":"2023-03-26T13:55:57","guid":{"rendered":"https:\/\/gpdstore.net\/non%20class\u00e9\/gpd-pocket-3-mini-laptop\/"},"modified":"2026-01-07T00:09:21","modified_gmt":"2026-01-07T00:09:21","slug":"gpd-pocket-3","status":"publish","type":"product","link":"https:\/\/gpdstore.net\/fr\/product\/gpd-pocket-3\/","title":{"rendered":"GPD Pocket 3 Mini Laptop"},"content":{"rendered":"\n<figure class=\"wp-block-video\"><video controls=\"\" poster=\"https:\/\/gpdstore.net\/wp-content\/uploads\/2023\/03\/s-l1600-2025-11-11T121147209.webp\" src=\"https:\/\/gpdstore.net\/wp-content\/uploads\/2023\/03\/kaezXFcAdRaf7bFG0dm_1100204901809_mp4_265_hd-1.mp4\"><\/video><\/figure>\n\n<div class=\"wp-block-columns is-layout-flex wp-container-core-columns-is-layout-28f84493 wp-block-columns-is-layout-flex\">\n<div class=\"wp-block-column is-layout-flow wp-block-column-is-layout-flow\" style=\"flex-basis:33.33%\">\n<figure class=\"wp-block-image size-full\"><a href=\"https:\/\/gpdstore.net\/wp-content\/uploads\/2023\/03\/Wholesale-Price-GPD-Pocket-3-Mini-Laptop-16GB-1TB-i7-GPD-Pocket-3jpg_.webp\"><img fetchpriority=\"high\" decoding=\"async\" width=\"800\" height=\"800\" src=\"https:\/\/gpdstore.net\/wp-content\/uploads\/2023\/03\/Wholesale-Price-GPD-Pocket-3-Mini-Laptop-16GB-1TB-i7-GPD-Pocket-3jpg_.webp\" alt=\"GPD Pocket 3, un mini-ordinateur portable compact et puissant con&#xE7;u pour l'informatique polyvalente et la portabilit&#xE9;.\" class=\"wp-image-1263941\" srcset=\"https:\/\/gpdstore.net\/wp-content\/uploads\/2023\/03\/Wholesale-Price-GPD-Pocket-3-Mini-Laptop-16GB-1TB-i7-GPD-Pocket-3jpg_.webp 800w, https:\/\/gpdstore.net\/wp-content\/uploads\/2023\/03\/Wholesale-Price-GPD-Pocket-3-Mini-Laptop-16GB-1TB-i7-GPD-Pocket-3jpg_-600x600.webp 600w, https:\/\/gpdstore.net\/wp-content\/uploads\/2023\/03\/Wholesale-Price-GPD-Pocket-3-Mini-Laptop-16GB-1TB-i7-GPD-Pocket-3jpg_-150x150.webp 150w, https:\/\/gpdstore.net\/wp-content\/uploads\/2023\/03\/Wholesale-Price-GPD-Pocket-3-Mini-Laptop-16GB-1TB-i7-GPD-Pocket-3jpg_-768x768.webp 768w, https:\/\/gpdstore.net\/wp-content\/uploads\/2023\/03\/Wholesale-Price-GPD-Pocket-3-Mini-Laptop-16GB-1TB-i7-GPD-Pocket-3jpg_-65x65.webp 65w, https:\/\/gpdstore.net\/wp-content\/uploads\/2023\/03\/Wholesale-Price-GPD-Pocket-3-Mini-Laptop-16GB-1TB-i7-GPD-Pocket-3jpg_-360x360.webp 360w, https:\/\/gpdstore.net\/wp-content\/uploads\/2023\/03\/Wholesale-Price-GPD-Pocket-3-Mini-Laptop-16GB-1TB-i7-GPD-Pocket-3jpg_-441x441.webp 441w, https:\/\/gpdstore.net\/wp-content\/uploads\/2023\/03\/Wholesale-Price-GPD-Pocket-3-Mini-Laptop-16GB-1TB-i7-GPD-Pocket-3jpg_-100x100.webp 100w\" sizes=\"(max-width: 800px) 100vw, 800px\" \/><\/a><\/figure>\n<\/div>\n\n\n\n<div class=\"wp-block-column is-layout-flow wp-block-column-is-layout-flow\" style=\"flex-basis:66.66%\">\n<h2 class=\"wp-block-heading\"><strong><br\/><\/strong><strong>GPD Pocket 3 : centrale compacte avec<br\/>Intel Pentium Gold 7505 Performance<\/strong><\/h2>\n\n\n\n<p>Le <strong>GPD Pocket 3<\/strong> est maintenant disponible dans une configuration rationalis\u00e9e avec le <a href=\"https:\/\/www.intel.com\/content\/www\/us\/en\/products\/sku\/208667\/intel-pentium-gold-7505-processor-4m-cache-up-to-3-50-ghz-with-ipu\/specifications.html\" target=\"_blank\" rel=\"noopener nofollow\" title=\"\">processeur Intel Pentium Gold 7505<\/a>. Avec quatre c\u0153urs et huit threads, et des vitesses d&#8217;acc\u00e9l\u00e9ration allant jusqu&#8217;\u00e0 3,5 GHz, ce processeur offre des performances solides pour la productivit\u00e9 quotidienne et le multit\u00e2che. <\/p>\n\n\n\n<p>Associ\u00e9 \u00e0 16 Go de RAM LPDDR4x cadenc\u00e9e \u00e0 3733 MHz et \u00e0 un SSD M.2 <a href=\"https:\/\/droix.net\/product\/ayn-odin-2-super-dock\/\" target=\"_blank\" rel=\"noopener nofollow\" title=\"\">NVMe<\/a> rapide, le Pocket 3 offre une exp\u00e9rience fluide pour des t\u00e2ches telles que l&#8217;\u00e9dition de documents, la navigation web, le streaming vid\u00e9o et les travaux cr\u00e9atifs l\u00e9gers. Son design compact et son syst\u00e8me de port modulaire le rendent id\u00e9al pour les professionnels et les passionn\u00e9s qui ont besoin d&#8217;un appareil Windows puissant mais portable. <\/p>\n\n\n\n<p>Que vous travailliez \u00e0 distance, que vous voyagiez ou que vous ayez besoin d&#8217;un PC ultra-portable polyvalent, le GPD Pocket 3 avec Intel Pentium Gold trouve l&#8217;\u00e9quilibre parfait entre performance et portabilit\u00e9.<\/p>\n<\/div>\n<\/div>\n\n<h2 class=\"wp-block-heading has-text-align-center\">Con\u00e7u pour les professionnels : Polyvalence, contr\u00f4le et excellence de la conception<\/h2>\n\n<div class=\"wp-block-columns is-layout-flex wp-container-core-columns-is-layout-28f84493 wp-block-columns-is-layout-flex\">\n<div class=\"wp-block-column is-layout-flow wp-block-column-is-layout-flow\">\n<figure class=\"wp-block-image size-full\"><img decoding=\"async\" width=\"300\" height=\"300\" src=\"https:\/\/gpdstore.net\/wp-content\/uploads\/2023\/03\/87affa8a-19ce-4c6d-891b-43840ae1d1f6__CR00300300_PT0_SX300_V1___.jpg\" alt=\"Le mini-ordinateur portable GPD Pocket 3 est dot&#xE9; d'un &#xE9;cran pivotant &#xE0; 180 degr&#xE9;s et d'une capacit&#xE9; de retournement &#xE0; 180 degr&#xE9;s, offrant des options de visualisation et d'utilisation flexibles.\" class=\"wp-image-1263942\" srcset=\"https:\/\/gpdstore.net\/wp-content\/uploads\/2023\/03\/87affa8a-19ce-4c6d-891b-43840ae1d1f6__CR00300300_PT0_SX300_V1___.jpg 300w, https:\/\/gpdstore.net\/wp-content\/uploads\/2023\/03\/87affa8a-19ce-4c6d-891b-43840ae1d1f6__CR00300300_PT0_SX300_V1___-150x150.jpg 150w, https:\/\/gpdstore.net\/wp-content\/uploads\/2023\/03\/87affa8a-19ce-4c6d-891b-43840ae1d1f6__CR00300300_PT0_SX300_V1___-65x65.jpg 65w, https:\/\/gpdstore.net\/wp-content\/uploads\/2023\/03\/87affa8a-19ce-4c6d-891b-43840ae1d1f6__CR00300300_PT0_SX300_V1___-100x100.jpg 100w\" sizes=\"(max-width: 300px) 100vw, 300px\" \/><\/figure>\n\n\n\n<h3 class=\"wp-block-heading\"><strong><strong>Un \u00e9cran qui s&#8217;adapte :<\/strong> L&#8217;\u00e9cran orientable \u00e0 180\u00b0 avec la durabilit\u00e9 de la m\u00e9tallurgie des poudres.<\/strong><\/h3>\n\n\n\n<p>Notre \u00e9cran pivotant de conception innovante, fabriqu\u00e9 \u00e0 l&#8217;aide d&#8217;une technologie avanc\u00e9e de m\u00e9tallurgie des poudres, permet une rotation fluide \u00e0 180 degr\u00e9s d&#8217;une seule main autour de l&#8217;axe Y. Il a r\u00e9sist\u00e9 avec succ\u00e8s \u00e0 des tests de durabilit\u00e9 rigoureux. Il a subi avec succ\u00e8s des tests de durabilit\u00e9 rigoureux, supportant 100 000 op\u00e9rations robotiques continues (y compris la rotation, l&#8217;ouverture et la fermeture) avec un taux d&#8217;entretien impressionnant de 99,3 %. <\/p>\n<\/div>\n\n\n\n<div class=\"wp-block-column is-layout-flow wp-block-column-is-layout-flow\">\n<figure class=\"wp-block-image size-full\"><img decoding=\"async\" width=\"300\" height=\"300\" src=\"https:\/\/gpdstore.net\/wp-content\/uploads\/2023\/03\/9728f488-7c9a-4702-8194-6d4228a0fa83__CR00300300_PT0_SX300_V1___.jpg\" alt=\"Le mini-ordinateur portable GPD Pocket 3 est &#xE9;quip&#xE9; d'un stylet, ce qui permet une saisie pr&#xE9;cise et une productivit&#xE9; accrue.\" class=\"wp-image-1263943\" srcset=\"https:\/\/gpdstore.net\/wp-content\/uploads\/2023\/03\/9728f488-7c9a-4702-8194-6d4228a0fa83__CR00300300_PT0_SX300_V1___.jpg 300w, https:\/\/gpdstore.net\/wp-content\/uploads\/2023\/03\/9728f488-7c9a-4702-8194-6d4228a0fa83__CR00300300_PT0_SX300_V1___-150x150.jpg 150w, https:\/\/gpdstore.net\/wp-content\/uploads\/2023\/03\/9728f488-7c9a-4702-8194-6d4228a0fa83__CR00300300_PT0_SX300_V1___-65x65.jpg 65w, https:\/\/gpdstore.net\/wp-content\/uploads\/2023\/03\/9728f488-7c9a-4702-8194-6d4228a0fa83__CR00300300_PT0_SX300_V1___-100x100.jpg 100w\" sizes=\"(max-width: 300px) 100vw, 300px\" \/><\/figure>\n\n\n\n<h3 class=\"wp-block-heading\"><strong><strong><strong>Saisie pr\u00e9cise :<\/strong> Utilisation du clavier QWERTY r\u00e9compens\u00e9 par le Red Dot Award et d&#8217;un stylet \u00e0 4096 niveaux.<\/strong><\/strong><\/h3>\n\n\n\n<p>La Pocket 3 prend en charge un stylet actif avec 4096 niveaux de sensibilit\u00e9 \u00e0 la pression, offrant une pr\u00e9cision d&#8217;\u00e9criture originale. Compatible avec le Surface Pen via le protocole Microsoft MPP 2.0, il permet la prise de notes, les annotations et les signatures en toute transparence, pour une cr\u00e9ation de contenu pr\u00e9cise et cr\u00e9ative \u00e0 tout moment. <\/p>\n<\/div>\n\n\n\n<div class=\"wp-block-column is-layout-flow wp-block-column-is-layout-flow\">\n<figure class=\"wp-block-image size-full\"><img loading=\"lazy\" decoding=\"async\" width=\"300\" height=\"300\" src=\"https:\/\/gpdstore.net\/wp-content\/uploads\/2023\/03\/a2d68f01-c1f4-4886-afb1-90dae8b01b16__CR00300300_PT0_SX300_V1___.jpg\" alt=\"Le mini-ordinateur portable GPD Pocket 3 est &#xE9;quip&#xE9; d'une cam&#xE9;ra ultrafine 1080P, offrant une qualit&#xE9; vid&#xE9;o haute d&#xE9;finition pour des appels vid&#xE9;o clairs et nets.\" class=\"wp-image-1263944\" srcset=\"https:\/\/gpdstore.net\/wp-content\/uploads\/2023\/03\/a2d68f01-c1f4-4886-afb1-90dae8b01b16__CR00300300_PT0_SX300_V1___.jpg 300w, https:\/\/gpdstore.net\/wp-content\/uploads\/2023\/03\/a2d68f01-c1f4-4886-afb1-90dae8b01b16__CR00300300_PT0_SX300_V1___-150x150.jpg 150w, https:\/\/gpdstore.net\/wp-content\/uploads\/2023\/03\/a2d68f01-c1f4-4886-afb1-90dae8b01b16__CR00300300_PT0_SX300_V1___-65x65.jpg 65w, https:\/\/gpdstore.net\/wp-content\/uploads\/2023\/03\/a2d68f01-c1f4-4886-afb1-90dae8b01b16__CR00300300_PT0_SX300_V1___-100x100.jpg 100w\" sizes=\"(max-width: 300px) 100vw, 300px\" \/><\/figure>\n\n\n\n<h3 class=\"wp-block-heading\"><strong><strong><strong>Communication claire :<\/strong> Connectez-vous n&#8217;importe o\u00f9 gr\u00e2ce \u00e0 la cam\u00e9ra 1080P ultra-mince \u00e0 grand angle.<\/strong><\/strong><\/h3>\n\n\n\n<p>Mini-cam\u00e9ra ultra-mince haute d\u00e9finition 1080P avec 2 millions de pixels et un large champ de vision de 77\u00b0. Elle vous permet de communiquer avec votre famille par le biais d&#8217;une diffusion en direct sur le web ou d&#8217;organiser des vid\u00e9oconf\u00e9rences avec vos coll\u00e8gues, \u00e0 tout moment et en tout lieu. <\/p>\n<\/div>\n<\/div>\n\n<div class=\"wp-block-columns is-layout-flex wp-container-core-columns-is-layout-28f84493 wp-block-columns-is-layout-flex\">\n<div class=\"wp-block-column is-layout-flow wp-block-column-is-layout-flow\">\n<figure class=\"wp-block-image size-full\"><img loading=\"lazy\" decoding=\"async\" width=\"300\" height=\"400\" src=\"https:\/\/gpdstore.net\/wp-content\/uploads\/2023\/03\/dfaad9ca-c981-4178-9f69-19a4a5cf5f38__CR00300400_PT0_SX300_V1___.jpg\" alt=\"Mini ordinateur portable GPD Pocket 3 avec contr&#xF4;le KVM, offrant une int&#xE9;gration et une gestion transparentes de plusieurs appareils &#xE0; partir d'une seule interface.\" class=\"wp-image-1263945\" srcset=\"https:\/\/gpdstore.net\/wp-content\/uploads\/2023\/03\/dfaad9ca-c981-4178-9f69-19a4a5cf5f38__CR00300400_PT0_SX300_V1___.jpg 300w, https:\/\/gpdstore.net\/wp-content\/uploads\/2023\/03\/dfaad9ca-c981-4178-9f69-19a4a5cf5f38__CR00300400_PT0_SX300_V1___-150x200.jpg 150w\" sizes=\"(max-width: 300px) 100vw, 300px\" \/><\/figure>\n<\/div>\n\n\n\n<div class=\"wp-block-column is-layout-flow wp-block-column-is-layout-flow\">\n<h3 class=\"wp-block-heading\"><strong>Puissance de l&#8217;administration informatique :<\/strong> acc\u00e8s au serveur au niveau du mat\u00e9riel via le module KVM rempla\u00e7able \u00e0 chaud.<\/h3>\n\n\n\n<p>Contrairement au &#8220;bureau \u00e0 distance&#8221;, le module de contr\u00f4le KVM est utilis\u00e9 pour le contr\u00f4le d&#8217;acc\u00e8s au niveau du mat\u00e9riel, couvrant l&#8217;ensemble du processus d&#8217;utilisation du serveur cibl\u00e9, depuis le d\u00e9marrage, les param\u00e8tres du BIOS jusqu&#8217;aux op\u00e9rations au sein du syst\u00e8me d&#8217;exploitation.<\/p>\n\n\n\n<p>Il est rempla\u00e7able \u00e0 chaud mais ne poss\u00e8de pas de KVM IP. Il ne permet donc pas la gestion \u00e0 distance et convient \u00e0 la gestion d&#8217;\u00e9quipements de r\u00e9seau local d\u00e9pourvus de clavier, de souris et d&#8217;\u00e9cran.<\/p>\n\n\n\n<p>*Module KVM\/Module RS-232\/Stylus vendus s\u00e9par\u00e9ment<\/p>\n<\/div>\n\n\n\n<div class=\"wp-block-column is-layout-flow wp-block-column-is-layout-flow\">\n<figure class=\"wp-block-image size-full\"><img loading=\"lazy\" decoding=\"async\" width=\"350\" height=\"175\" src=\"https:\/\/gpdstore.net\/wp-content\/uploads\/2023\/03\/c011901a-1c49-4ed6-b6e2-a74a6089bf57__CR00350175_PT0_SX350_V1___-1.jpg\" alt=\"Le mini-ordinateur portable GPD Pocket 3 est dot&#xE9; d'un clavier QWERTY, con&#xE7;u pour une frappe confortable et efficace dans un format compact.\" class=\"wp-image-1263946\" srcset=\"https:\/\/gpdstore.net\/wp-content\/uploads\/2023\/03\/c011901a-1c49-4ed6-b6e2-a74a6089bf57__CR00350175_PT0_SX350_V1___-1.jpg 350w, https:\/\/gpdstore.net\/wp-content\/uploads\/2023\/03\/c011901a-1c49-4ed6-b6e2-a74a6089bf57__CR00350175_PT0_SX350_V1___-1-150x75.jpg 150w\" sizes=\"(max-width: 350px) 100vw, 350px\" \/><\/figure>\n\n\n\n<h3 class=\"wp-block-heading\"><strong>&#8220;Clavier &#8220;QWERTY<\/strong><\/h3>\n\n\n\n<p>Notre clavier chiclet de style chocolat &#8220;QWERTY&#8221;, qui a remport\u00e9 le prix allemand Red Dot Award, est optimis\u00e9 pour la frappe \u00e0 deux mains en concentrant les touches les plus importantes au centre, ce qui rend tr\u00e8s confortable les jeux contr\u00f4l\u00e9s par le clavier et la souris sur cet appareil !<\/p>\n<\/div>\n<\/div>\n\n<h2 class=\"wp-block-heading has-text-align-center\">Entr\u00e9es de qualit\u00e9 professionnelle : Contr\u00f4le du mat\u00e9riel et frappe ergonomique<\/h2>\n\n<figure class=\"wp-block-image aligncenter size-full\"><img loading=\"lazy\" decoding=\"async\" width=\"1024\" height=\"678\" src=\"https:\/\/gpdstore.net\/wp-content\/uploads\/2023\/03\/GPD-POCKET-3-MARKETING-IMAGE-2-1024x678-1.jpg\" alt=\"Le mini-ordinateur portable GPD Pocket 3 permet de connecter plusieurs &#xE9;crans pour am&#xE9;liorer la productivit&#xE9; et le multit&#xE2;che.\" class=\"wp-image-1263947\" srcset=\"https:\/\/gpdstore.net\/wp-content\/uploads\/2023\/03\/GPD-POCKET-3-MARKETING-IMAGE-2-1024x678-1.jpg 1024w, https:\/\/gpdstore.net\/wp-content\/uploads\/2023\/03\/GPD-POCKET-3-MARKETING-IMAGE-2-1024x678-1-600x397.jpg 600w, https:\/\/gpdstore.net\/wp-content\/uploads\/2023\/03\/GPD-POCKET-3-MARKETING-IMAGE-2-1024x678-1-768x509.jpg 768w, https:\/\/gpdstore.net\/wp-content\/uploads\/2023\/03\/GPD-POCKET-3-MARKETING-IMAGE-2-1024x678-1-360x238.jpg 360w, https:\/\/gpdstore.net\/wp-content\/uploads\/2023\/03\/GPD-POCKET-3-MARKETING-IMAGE-2-1024x678-1-990x655.jpg 990w, https:\/\/gpdstore.net\/wp-content\/uploads\/2023\/03\/GPD-POCKET-3-MARKETING-IMAGE-2-1024x678-1-441x292.jpg 441w, https:\/\/gpdstore.net\/wp-content\/uploads\/2023\/03\/GPD-POCKET-3-MARKETING-IMAGE-2-1024x678-1-150x99.jpg 150w\" sizes=\"(max-width: 1024px) 100vw, 1024px\" \/><\/figure>\n\n<p>GPD est de retour avec la troisi\u00e8me it\u00e9ration de sa populaire ligne de mini-ordinateurs portables, avec le bien nomm\u00e9 <strong>GPD Pocket 3<\/strong>! Cet ordinateur portable de petite taille, dot\u00e9 de nombreuses fonctionnalit\u00e9s, est suffisamment \u00e9quip\u00e9 et flexible pour r\u00e9pondre \u00e0 tous vos besoins informatiques quotidiens, en toute simplicit\u00e9.<\/p>\n\n<p>En plus de la pl\u00e9thore d&#8217;interfaces dont dispose d\u00e9j\u00e0 l&#8217;appareil (USB, Thunderbolt, RJ45, etc.), le GPD Pocket 3 dispose d&#8217;une &#8220;interface de connexion modulaire&#8221;. Celle-ci vous permet d&#8217;adapter librement les ports de la <strong>GPD Pocket 3<\/strong> \u00e0 vos besoins. Vous voulez un port USB suppl\u00e9mentaire pour un autre appareil ? Pas de probl\u00e8me. Vous avez besoin d&#8217;une interface avec un serveur ? C&#8217;est facile avec le module KVM d\u00e9di\u00e9*.     <\/p>\n\n<p>En fin de compte, le <strong>GPD Pocket 3<\/strong> est truff\u00e9 de caract\u00e9ristiques et de fonctions utiles. Microphone int\u00e9gr\u00e9 ? Vous l&#8217;avez. \u00c9cran rotatif \u00e0 360 degr\u00e9s ? Bien s\u00fbr ! Port HDMI ? Il est d\u00e9j\u00e0 l\u00e0 !      <\/p>\n\n<p>Que vous soyez int\u00e9ress\u00e9 par le mod\u00e8le haut de gamme ou le mod\u00e8le de base, vous obtiendrez un ordinateur portable hautement portable et personnalisable pour s&#8217;adapter parfaitement \u00e0 vos besoins.<\/p>\n\n<figure class=\"wp-block-image aligncenter size-full\"><img loading=\"lazy\" decoding=\"async\" width=\"970\" height=\"600\" src=\"https:\/\/gpdstore.net\/wp-content\/uploads\/2023\/03\/28ee65cf-aa50-4535-b107-c1d20069d506__CR00970600_PT0_SX970_V1___.jpg\" alt=\"Les param&#xE8;tres du syst&#xE8;me du mini-ordinateur portable GPD Pocket 3, y compris les sp&#xE9;cifications du processeur, de la m&#xE9;moire, du stockage et de l'affichage, pour des performances optimales.\" class=\"wp-image-1263948\" srcset=\"https:\/\/gpdstore.net\/wp-content\/uploads\/2023\/03\/28ee65cf-aa50-4535-b107-c1d20069d506__CR00970600_PT0_SX970_V1___.jpg 970w, https:\/\/gpdstore.net\/wp-content\/uploads\/2023\/03\/28ee65cf-aa50-4535-b107-c1d20069d506__CR00970600_PT0_SX970_V1___-600x371.jpg 600w, https:\/\/gpdstore.net\/wp-content\/uploads\/2023\/03\/28ee65cf-aa50-4535-b107-c1d20069d506__CR00970600_PT0_SX970_V1___-768x475.jpg 768w, https:\/\/gpdstore.net\/wp-content\/uploads\/2023\/03\/28ee65cf-aa50-4535-b107-c1d20069d506__CR00970600_PT0_SX970_V1___-360x223.jpg 360w, https:\/\/gpdstore.net\/wp-content\/uploads\/2023\/03\/28ee65cf-aa50-4535-b107-c1d20069d506__CR00970600_PT0_SX970_V1___-441x273.jpg 441w, https:\/\/gpdstore.net\/wp-content\/uploads\/2023\/03\/28ee65cf-aa50-4535-b107-c1d20069d506__CR00970600_PT0_SX970_V1___-150x93.jpg 150w\" sizes=\"(max-width: 970px) 100vw, 970px\" \/><\/figure>\n","protected":false},"excerpt":{"rendered":"<ul>\n<li>Intel\u00ae Pentium\u00ae Gold 7505 jusqu&#8217;\u00e0 3,50 GHz ; 4 c\u0153urs\/8 fils<\/li>\n<li><strong>16GB LPDDR4x RAM<\/strong> @3733Mhz<\/li>\n<li><strong>Thunderbolt 4 \/ \u00c9cran tactile 8&#8243; \/ Scanner d&#8217;empreintes digitales<\/strong><\/li>\n<li><strong>Jusqu&#8217;\u00e0 4 To<\/strong> de SSD PCI-E NVMe<\/li>\n<li>Modulaire avec <strong>ports KVM\/RS-232 <\/strong>(vendu s\u00e9par\u00e9ment)<\/li>\n<\/ul>\n<p><img loading=\"lazy\" decoding=\"async\" src=\"https:\/\/gpdstore.net\/wp-content\/uploads\/2024\/08\/POCKET-4-FREEBIE-LONG.jpg\" alt=\"Banni\u00e8re promotionnelle pour le GPD Pocket 4 offrant un \u00e9tui de protection gratuit. Le texte indique \"CADEAUX GRATUITS - ETUDE DE PROTECTION - AJOUT\u00c9 AUTOMATIQUEMENT AU PANIER\", accompagn\u00e9 d'une image d'un \u00e9tui de protection noir et \u00e9l\u00e9gant.\" width=\"1000\" height=\"140\" class=\"alignnone size-full wp-image-973719\" srcset=\"https:\/\/gpdstore.net\/wp-content\/uploads\/2024\/08\/POCKET-4-FREEBIE-LONG.jpg 1000w, https:\/\/gpdstore.net\/wp-content\/uploads\/2024\/08\/POCKET-4-FREEBIE-LONG-600x84.jpg 600w, https:\/\/gpdstore.net\/wp-content\/uploads\/2024\/08\/POCKET-4-FREEBIE-LONG-768x108.jpg 768w, https:\/\/gpdstore.net\/wp-content\/uploads\/2024\/08\/POCKET-4-FREEBIE-LONG-360x50.jpg 360w, https:\/\/gpdstore.net\/wp-content\/uploads\/2024\/08\/POCKET-4-FREEBIE-LONG-990x139.jpg 990w, https:\/\/gpdstore.net\/wp-content\/uploads\/2024\/08\/POCKET-4-FREEBIE-LONG-441x62.jpg 441w, https:\/\/gpdstore.net\/wp-content\/uploads\/2024\/08\/POCKET-4-FREEBIE-LONG-150x21.jpg 150w\" sizes=\"(max-width: 1000px) 100vw, 1000px\" \/><\/p>\n<p> [cg_accordion title=\"INFO PAIEMENT\"] Nous utilisons les derni\u00e8res technologies en mati\u00e8re de traitement des paiements, ce qui vous permet de r\u00e9gler vos achats par carte de d\u00e9bit\/cr\u00e9dit ou par PayPal, pour une exp\u00e9rience rapide et s\u00e9curis\u00e9e.[\/cg_accordion] [cg_accordion title=\"GARANTIE\"] 2 ans de garantie de <a href=\"https:\/\/droix.net\/\" target=\"_blank\" rel=\"nofollow noopener\">DROIX Global<\/a> pour votre tranquillit\u00e9 d&#8217;esprit[\/cg_accordion] [cg_accordion title=\"ASSURANCE QUALIT\u00c9 ET ESSAIS AVANT EXP\u00c9DITION\"] Assurer la satisfaction du client au plus haut niveau : Chaque appareil est soumis \u00e0 des tests rigoureux et \u00e0 un contr\u00f4le de qualit\u00e9 en plusieurs points avant d&#8217;\u00eatre exp\u00e9di\u00e9. Notre \u00e9quipe d\u00e9di\u00e9e v\u00e9rifie la performance, la fonctionnalit\u00e9 et l&#8217;int\u00e9grit\u00e9 des composants afin de garantir que votre appareil GPD est en parfait \u00e9tat de fonctionnement \u00e0 l&#8217;arriv\u00e9e, vous procurant ainsi confiance et tranquillit\u00e9 d&#8217;esprit.[\/cg_accordion] [cg_accordion title=\"PRIX, TAXES ET FRAIS DE PORT\"] <strong><u>Note :<\/u><\/strong><\/p>\n<ul>\n<li>Clients des \u00c9tats-Unis : Le prix affich\u00e9 n&#8217;inclut pas les taxes ni les droits de douane. La responsabilit\u00e9 du d\u00e9douanement et du paiement des taxes et droits de douane incombe au client. <\/li>\n<li>Clients de l&#8217;UE : Le prix affich\u00e9 inclut la TAXE applicable, qui peut s&#8217;\u00e9lever jusqu&#8217;\u00e0 25 % selon votre pays.<\/li>\n<li>Clients du Canada : Le prix affich\u00e9 comprend les taxes applicables, qui peuvent inclure la TPS de 5 % et des taxes de vente provinciales (TVP), la taxe de vente harmonis\u00e9e (TVH) ou la taxe de vente du Qu\u00e9bec (TVQ) suppl\u00e9mentaires, selon votre province.<\/li>\n<\/ul>\n<p><strong>Pour les clients de l&#8217;UE SEULEMENT :<\/strong> Express DDP (Delivered Duty Paid). Cela signifie que : <\/p>\n<ul>\n<li style=\"list-style-type: none;\">\n<ul>\n<li>Tous les droits de douane et taxes sont inclus dans le prix affich\u00e9 sur la page du produit.<\/li>\n<li>Vous n&#8217;aurez pas \u00e0 payer de frais suppl\u00e9mentaires \u00e0 la livraison.<\/li>\n<li>Dans les rares cas de probl\u00e8mes douaniers, notre \u00e9quipe s&#8217;occupera de la proc\u00e9dure de d\u00e9douanement en votre nom afin d&#8217;assurer une livraison sans probl\u00e8me.<\/li>\n<p>Informations importantes concernant les retours :<\/p>\n<li>Si vous d\u00e9cidez de retourner votre commande ou de demander un remboursement, sachez que les taxes et les droits pay\u00e9s en votre nom dans le cadre du programme DDP ne peuvent pas \u00eatre rembours\u00e9s.<\/li>\n<p>Veuillez vous r\u00e9f\u00e9rer \u00e0 notre<\/ul>\n<\/li>\n<\/ul>\n<p><a href=\"https:\/\/droix.net\/terms-and-conditions\/\" target=\"_blank\" rel=\"nofollow noopener\">Conditions g\u00e9n\u00e9rales d&#8217;utilisation<\/a><\/p>\n<ul>pour obtenir des informations d\u00e9taill\u00e9es.<\/ul>\n<p>[\/cg_accordion] [cg_accordion title=\"SOUTIEN \u00c0 LA CLIENT\u00c8LE\"]  Vous avez une question ? Il suffit d&#8217;un petit texte pour que votre probl\u00e8me soit r\u00e9solu !  Veuillez vous r\u00e9f\u00e9rer \u00e0 nos <a href=\"https:\/\/gpdstore.net\/en-gb\/terms-of-service\/\" target=\"_blank\" rel=\"nofollow noopener\">conditions g\u00e9n\u00e9rales<\/a> pour plus d&#8217;informations.  [\/cg_accordion] [cg_accordion title=\"CE QUI EST INCLUS\"]<\/p>\n<ul>\n<li>1x GPD Pocket 3<\/li>\n<li>1x Adaptateur d&#8217;alimentation<\/li>\n<li>1x C\u00e2ble USB Type-C<\/li>\n<li>1x Manuel de l&#8217;utilisateur<\/li>\n<li>1x stylet GPD<\/li>\n<\/ul>\n<p>[\/cg_accordion]<\/p>\n","protected":false},"featured_media":4875,"template":"","meta":{"_acf_changed":false},"product_brand":[],"product_cat":[1140,1680,1681],"product_tag":[14527,1683],"woo-feed-brand":[899],"class_list":{"0":"post-4874","1":"product","2":"type-product","3":"status-publish","4":"has-post-thumbnail","6":"product_cat-mini-ordinateurs-portables-gpd","7":"product_cat-laptops","8":"product_cat-tablette-ordinateur-portable","9":"product_tag-8xmsale-fr-2","10":"product_tag-gpd-pocket-3-mini-laptop-fr","11":"product_shipping_class-premium","12":"pa_bluetooth-5-fr","13":"pa_brand-gpd","14":"pa_display-type-h-ips-fr","15":"pa_graphics-gpu-model-core-i3-1125g4-uhd-graphics-fr","16":"pa_graphics-gpu-model-core-i7-1195g7-graphique-iris-xe","17":"pa_graphics-gpu-model-pentium-gold-7505-graphique-uhd","18":"pa_i-o-video-1x-hdmi-2-0b-fr","19":"pa_i-o-video-via-1x-usb-4-0-type-c-40gb-s-fr","20":"pa_memory-ram-capacity-16gb-fr","21":"pa_memory-ram-capacity-8gb-fr","22":"pa_memory-ram-technology-lpddr4x-fr","23":"pa_processor-cpu-model-intel-core-i3-1125g4","24":"pa_processor-cpu-model-intel-core-i7-1195g7","25":"pa_processor-cpu-model-intel-pentium-gold-7505","26":"pa_processor-cpu-model-pentium-silver-n6000","27":"pa_storage-capacity-1tb-fr","28":"pa_storage-capacity-512gb-fr","29":"pa_wi-fi-wi-fi-6-fr","30":"woo-feed-brand-gpd-fr","32":"first","33":"instock","34":"sale","35":"taxable","36":"shipping-taxable","37":"purchasable","38":"product-type-variable","39":"has-default-attributes"},"acf":[],"aioseo_notices":[],"_links":{"self":[{"href":"https:\/\/gpdstore.net\/fr\/wp-json\/wp\/v2\/product\/4874","targetHints":{"allow":["GET"]}}],"collection":[{"href":"https:\/\/gpdstore.net\/fr\/wp-json\/wp\/v2\/product"}],"about":[{"href":"https:\/\/gpdstore.net\/fr\/wp-json\/wp\/v2\/types\/product"}],"wp:featuredmedia":[{"embeddable":true,"href":"https:\/\/gpdstore.net\/fr\/wp-json\/wp\/v2\/media\/4875"}],"wp:attachment":[{"href":"https:\/\/gpdstore.net\/fr\/wp-json\/wp\/v2\/media?parent=4874"}],"wp:term":[{"taxonomy":"product_brand","embeddable":true,"href":"https:\/\/gpdstore.net\/fr\/wp-json\/wp\/v2\/product_brand?post=4874"},{"taxonomy":"product_cat","embeddable":true,"href":"https:\/\/gpdstore.net\/fr\/wp-json\/wp\/v2\/product_cat?post=4874"},{"taxonomy":"product_tag","embeddable":true,"href":"https:\/\/gpdstore.net\/fr\/wp-json\/wp\/v2\/product_tag?post=4874"},{"taxonomy":"woo-feed-brand","embeddable":true,"href":"https:\/\/gpdstore.net\/fr\/wp-json\/wp\/v2\/woo-feed-brand?post=4874"}],"curies":[{"name":"wp","href":"https:\/\/api.w.org\/{rel}","templated":true}]}}