{"id":4526,"date":"2023-03-24T18:47:23","date_gmt":"2023-03-24T18:47:23","guid":{"rendered":"https:\/\/gpdstore.net\/non%20class\u00e9\/gpd-win-4-pc-portable-de-jeu\/"},"modified":"2025-12-23T10:34:56","modified_gmt":"2025-12-23T10:34:56","slug":"gpd-win-4","status":"publish","type":"product","link":"https:\/\/gpdstore.net\/fr\/product\/gpd-win-4\/","title":{"rendered":"PC portable de jeu GPD WIN 4"},"content":{"rendered":"\n<p>Si vous \u00eates un joueur passionn\u00e9 et que vous aimez jouer en d\u00e9placement, vous serez ravi d&#8217;entendre parler du dernier PC de jeu portable de GPD, le GPD WIN 4. Avec sa taille compacte et ses sp\u00e9cifications puissantes, cet appareil ne manquera pas d&#8217;impressionner les joueurs les plus exigeants. <\/p>\n\n<p>Avec ses dimensions de 8,6 x 3,6 x 1,10 pouces (22,0 \u00d7 9,2 \u00d7 2,8 cm) et son poids d&#8217;environ 570 g, le GPD WIN 4 est incroyablement portable. Il est encore plus petit que son pr\u00e9d\u00e9cesseur, le GPD WIN 3, ce qui permet de le glisser facilement dans un petit sac ou une poche de veste et de l&#8217;emporter partout avec soi. <\/p>\n\n<p>L&#8217;une des principales caract\u00e9ristiques du GPD WIN 4 est son processeur AMD Ryzen 7 6800U avec huit c\u0153urs et seize threads fonctionnant jusqu&#8217;\u00e0 4,7 GHz \u00e0 28 W TDP. Associ\u00e9e \u00e0 la Radeon 680M \u00e0 2,2 GHz, elle permet de jouer en toute fluidit\u00e9 aux derniers jeux Windows AAA sur ce PC de jeu portable, \u00e0 des niveaux de jeu acceptables. Que vous soyez amateur de jeux de tir \u00e0 la premi\u00e8re personne, de jeux de r\u00f4le ou de simulations sportives, le site GPD WIN 4 a tout ce qu&#8217;il vous faut.  <\/p>\n\n<p>En termes de m\u00e9moire et de stockage, le GPD WIN 4 offre un choix de 16 ou 32 Go de RAM LPDDR5-6400 MT et jusqu&#8217;\u00e0 2 To de SSD rapide supportant jusqu&#8217;\u00e0 M.2. PCIe 4.0 NVMe 2280 SSD. Cela signifie que vous disposerez de beaucoup d&#8217;espace pour stocker vos jeux et autres fichiers, et gr\u00e2ce aux vitesses de lecture et d&#8217;\u00e9criture ultra-rapides du SSD, vous n&#8217;aurez pas \u00e0 attendre longtemps pour que vos jeux se chargent.  <\/p>\n\n<p>Le GPD WIN 4 b\u00e9n\u00e9ficie \u00e9galement d&#8217;une connectivit\u00e9 sans fil rapide avec le WiFi 6 802.11 a\/b\/g\/n\/ac\/ax et le Bluetooth 5.2. Et si vous \u00eates en d\u00e9placement et avez besoin d&#8217;un acc\u00e8s \u00e0 Internet, vous pouvez acheter un module amovible vendu s\u00e9par\u00e9ment qui prend en charge les cartes nano-sim 4G LTE pour les donn\u00e9es mobiles. <\/p>\n\n<p>L&#8217;appareil est dot\u00e9 d&#8217;un \u00e9cran tactile H-IPS de 6 pouces avec une r\u00e9solution native de 1920&#215;1080, supportant \u00e0 la fois 40Hz et 60 Hz pour des fr\u00e9quences d&#8217;images configurables. Cela garantit que les jeux plus anciens fonctionneront sans probl\u00e8me sur le site GPD WIN 4, sans les probl\u00e8mes de rotation de l&#8217;\u00e9cran qui peuvent survenir avec d&#8217;autres ordinateurs de poche. <\/p>\n\n<p>Le GPD WIN 4 offre \u00e9galement un syst\u00e8me de contr\u00f4le et de conception impressionnant qui rappelle la PSP de Sony, avec des joysticks \u00e0 double capteur Hall, un D-pad de style classique et des boutons de d\u00e9clenchement analogiques lin\u00e9aires avec \u00e9clairage LED. En outre, deux boutons personnalisables se trouvent \u00e0 l&#8217;arri\u00e8re de l&#8217;appareil, ce qui vous permet de configurer vos commandes comme vous le souhaitez. <\/p>\n\n<p>Si vous souhaitez pousser les performances du GPD WIN 4 encore plus loin, vous pouvez connecter une carte graphique externe (eGPU) via le port USB 4 \u00e0 grande vitesse, qui prend en charge jusqu&#8217;\u00e0 40 Gbps. L&#8217;appareil est \u00e9galement \u00e9quip\u00e9 d&#8217;un port USB 3.2 Gen 2 pour les donn\u00e9es et la charge, ainsi que d&#8217;un port USB Type A pour les p\u00e9riph\u00e9riques suppl\u00e9mentaires. <\/p>\n\n<p>Avec une batterie li-polym\u00e8re de 45,62 Wh, le GPD WIN 4 peut tenir jusqu&#8217;\u00e0 10 heures en utilisation l\u00e9g\u00e8re, 3 \u00e0 6 heures en utilisation mod\u00e9r\u00e9e et environ 2 heures en utilisation intensive. Cela signifie que vous pouvez jouer \u00e0 vos jeux pr\u00e9f\u00e9r\u00e9s en d\u00e9placement sans craindre de manquer d&#8217;\u00e9nergie. <\/p>\n\n<p>En conclusion, le GPD WIN 4 est une puissance de jeu extr\u00eamement portable, parfaite pour les jeux en d\u00e9placement. Que vous vous rendiez au travail, que vous voyagiez ou que vous vous d\u00e9tendiez \u00e0 la maison, ce PC de jeu portable vous procurera des heures de divertissement. Alors, pourquoi ne pas en acheter un aujourd&#8217;hui et faire l&#8217;exp\u00e9rience du haut de gamme AAA ?  <\/p>\n","protected":false},"excerpt":{"rendered":"<ul>\n<li><strong>AMD Ryzen 7 6800U<\/strong> \/ AMD Radeon 680M<\/li>\n<li><strong>jusqu&#8217;\u00e0 32GB<\/strong> LPDDR5 @ 6400 MT\/s<\/li>\n<li><strong>jusqu&#8217;\u00e0 2 To de<\/strong> SSD PCI-E <strong>M.2<\/strong> 2280 \u00e0 haute vitesse<\/li>\n<li>\u00c9cran tactile de <strong>6 pouces \u00e0 technologie H-IPS<\/strong> <\/li>\n<li>Prise en charge du <strong>WiFi 6<\/strong> et du <strong>Bluetooth 5.2<\/strong>  <\/li>\n<\/ul>\n<p><img fetchpriority=\"high\" decoding=\"async\" src=\"https:\/\/gpdstore.net\/wp-content\/uploads\/2024\/03\/WIN-4-FREE-GIFTS.jpg\" alt=\"\" width=\"2000\" height=\"500\" class=\"alignnone size-full wp-image-4175\" srcset=\"https:\/\/gpdstore.net\/wp-content\/uploads\/2024\/03\/WIN-4-FREE-GIFTS.jpg 2000w, https:\/\/gpdstore.net\/wp-content\/uploads\/2024\/03\/WIN-4-FREE-GIFTS-600x150.jpg 600w, https:\/\/gpdstore.net\/wp-content\/uploads\/2024\/03\/WIN-4-FREE-GIFTS-1200x300.jpg 1200w, https:\/\/gpdstore.net\/wp-content\/uploads\/2024\/03\/WIN-4-FREE-GIFTS-768x192.jpg 768w, https:\/\/gpdstore.net\/wp-content\/uploads\/2024\/03\/WIN-4-FREE-GIFTS-1536x384.jpg 1536w, https:\/\/gpdstore.net\/wp-content\/uploads\/2024\/03\/WIN-4-FREE-GIFTS-360x90.jpg 360w, https:\/\/gpdstore.net\/wp-content\/uploads\/2024\/03\/WIN-4-FREE-GIFTS-990x248.jpg 990w, https:\/\/gpdstore.net\/wp-content\/uploads\/2024\/03\/WIN-4-FREE-GIFTS-441x110.jpg 441w, https:\/\/gpdstore.net\/wp-content\/uploads\/2024\/03\/WIN-4-FREE-GIFTS-150x38.jpg 150w\" sizes=\"(max-width: 2000px) 100vw, 2000px\" \/><\/p>\n[cg_accordion title=\"INFO PAIEMENT\"]<\/p>\n<p>Nous utilisons les derni\u00e8res technologies en mati\u00e8re de traitement des paiements, ce qui vous permet de r\u00e9gler vos achats par carte de d\u00e9bit\/cr\u00e9dit ou par PayPal pour une exp\u00e9rience rapide et s\u00e9curis\u00e9e.[\/cg_accordion]\n[cg_accordion title=\"GARANTIE\"]<\/p>\n<p>2 ans de garantie de <a href=\"https:\/\/droix.net\/\" target=\"_blank\" rel=\"nofollow noopener\">DROIX Global<\/a> pour votre tranquillit\u00e9 d&#8217;esprit[\/cg_accordion]\n[cg_accordion title=\"ASSURANCE QUALIT\u00c9 ET ESSAIS AVANT EXP\u00c9DITION\"]<\/p>\n<p>Garantir la satisfaction du client au plus haut niveau : Chaque appareil est soumis \u00e0 des tests rigoureux et \u00e0 un contr\u00f4le de qualit\u00e9 en plusieurs points avant d&#8217;\u00eatre exp\u00e9di\u00e9. Notre \u00e9quipe d\u00e9di\u00e9e v\u00e9rifie les performances, la fonctionnalit\u00e9 et l&#8217;int\u00e9grit\u00e9 des composants pour garantir que votre appareil GPD est en parfait \u00e9tat de fonctionnement \u00e0 l&#8217;arriv\u00e9e, vous procurant ainsi confiance et tranquillit\u00e9 d&#8217;esprit. [\/cg_accordion]\n[cg_accordion title=\"PRIX, TAXES ET FRAIS DE PORT\"]<\/p>\n<p><strong><u>Remarque :<\/u><\/strong><\/p>\n<ul>\n<li>Clients des \u00c9tats-Unis : Le prix affich\u00e9 n&#8217;inclut pas les taxes ni les droits de douane. La responsabilit\u00e9 du d\u00e9douanement et du paiement des taxes\/droits associ\u00e9s incombe au client. <\/li>\n<li>Clients de l&#8217;UE : Le prix affich\u00e9 inclut la TAXE applicable, qui peut s&#8217;\u00e9lever jusqu&#8217;\u00e0 25 % selon votre pays.<\/li>\n<li>Clients du Canada : Le prix affich\u00e9 comprend les taxes applicables, qui peuvent inclure la TPS de 5 % et des taxes de vente provinciales (TVP), la taxe de vente harmonis\u00e9e (TVH) ou la taxe de vente du Qu\u00e9bec (TVQ) suppl\u00e9mentaires, selon votre province.<\/li>\n<\/ul>\n<p><strong>Pour les clients de l&#8217;UE SEULEMENT :<\/strong> Express DDP (Delivered Duty Paid). Cela signifie que : <\/p>\n<ul>\n<li>Tous les droits de douane et taxes sont inclus dans le prix affich\u00e9 sur la page du produit.<\/li>\n<li>Vous n&#8217;aurez pas \u00e0 payer de frais suppl\u00e9mentaires \u00e0 la livraison.<\/li>\n<li>Dans les rares cas de probl\u00e8mes douaniers, notre \u00e9quipe s&#8217;occupera de la proc\u00e9dure de d\u00e9douanement en votre nom afin d&#8217;assurer une livraison sans probl\u00e8me.<\/li>\n<p>Informations importantes concernant les retours :<\/p>\n<li>Si vous d\u00e9cidez de retourner votre commande ou de demander un remboursement, sachez que les taxes et les droits pay\u00e9s en votre nom dans le cadre du DDP ne peuvent pas \u00eatre rembours\u00e9s.<\/li>\n<p>Veuillez vous r\u00e9f\u00e9rer \u00e0 nos <a href=\"https:\/\/droix.net\/terms-and-conditions\/\" target=\"_blank\" rel=\"nofollow noopener\">conditions g\u00e9n\u00e9rales<\/a> pour des informations d\u00e9taill\u00e9es.\n<\/ul>\n<p>[\/cg_accordion]\n[cg_accordion title=\"SOUTIEN \u00c0 LA CLIENT\u00c8LE\"]<\/p>\n<p>Vous avez une question ? Il suffit d&#8217;un petit texto pour que votre probl\u00e8me soit r\u00e9solu ! <\/p>\n<p>Veuillez vous r\u00e9f\u00e9rer \u00e0 nos <a href=\"https:\/\/gpdstore.net\/fr\/terms-of-service\/\" target=\"_blank\" rel=\"nofollow noopener\">conditions g\u00e9n\u00e9rales<\/a> pour des informations d\u00e9taill\u00e9es.\n<\/ul>\n<p>[\/cg_accordion]\n[cg_accordion title=\"CE QUI EST INCLUS\"]<\/p>\n<ul>\n<li>1x GPD WIN 4<\/li>\n<li>1x Adaptateur d&#8217;alimentation<\/li>\n<li>1x C\u00e2ble USB Type-C<\/li>\n<li>1x Manuel de l&#8217;utilisateur<\/li>\n<\/ul>\n<p>[\/cg_accordion]\n","protected":false},"featured_media":4527,"template":"","meta":{"_acf_changed":false},"product_brand":[],"product_cat":[895],"product_tag":[897,898],"woo-feed-brand":[899],"class_list":{"0":"post-4526","1":"product","2":"type-product","3":"status-publish","4":"has-post-thumbnail","6":"product_cat-gpd-pc-portable-pour-les-jeux","7":"product_tag-10gpdsale-fr","8":"product_tag-gpd-win-4-fr","9":"product_shipping_class-premium","10":"pa_bluetooth-5-2-fr","11":"pa_display-type-h-ips-fr","12":"pa_graphics-gpu-model-radeon-680m-fr","13":"pa_i-o-video-via-1x-usb-4-0-type-c-40gb-s-fr","14":"pa_memory-ram-capacity-16gb-fr","15":"pa_memory-ram-capacity-32gb-fr","16":"pa_memory-ram-technology-lpddr5-fr","17":"pa_processor-cpu-model-ryzen-7-6800u","18":"pa_storage-capacity-512gb-fr","19":"pa_storage-capacity-1tb-fr","20":"pa_storage-capacity-2tb-fr","21":"pa_wi-fi-wi-fi-6-fr","22":"woo-feed-brand-gpd-fr","24":"first","25":"outofstock","26":"sale","27":"taxable","28":"shipping-taxable","29":"purchasable","30":"product-type-variable","31":"has-default-attributes"},"acf":[],"aioseo_notices":[],"_links":{"self":[{"href":"https:\/\/gpdstore.net\/fr\/wp-json\/wp\/v2\/product\/4526","targetHints":{"allow":["GET"]}}],"collection":[{"href":"https:\/\/gpdstore.net\/fr\/wp-json\/wp\/v2\/product"}],"about":[{"href":"https:\/\/gpdstore.net\/fr\/wp-json\/wp\/v2\/types\/product"}],"wp:featuredmedia":[{"embeddable":true,"href":"https:\/\/gpdstore.net\/fr\/wp-json\/wp\/v2\/media\/4527"}],"wp:attachment":[{"href":"https:\/\/gpdstore.net\/fr\/wp-json\/wp\/v2\/media?parent=4526"}],"wp:term":[{"taxonomy":"product_brand","embeddable":true,"href":"https:\/\/gpdstore.net\/fr\/wp-json\/wp\/v2\/product_brand?post=4526"},{"taxonomy":"product_cat","embeddable":true,"href":"https:\/\/gpdstore.net\/fr\/wp-json\/wp\/v2\/product_cat?post=4526"},{"taxonomy":"product_tag","embeddable":true,"href":"https:\/\/gpdstore.net\/fr\/wp-json\/wp\/v2\/product_tag?post=4526"},{"taxonomy":"woo-feed-brand","embeddable":true,"href":"https:\/\/gpdstore.net\/fr\/wp-json\/wp\/v2\/woo-feed-brand?post=4526"}],"curies":[{"name":"wp","href":"https:\/\/api.w.org\/{rel}","templated":true}]}}