{"id":1261107,"date":"2025-10-23T08:14:29","date_gmt":"2025-10-23T08:14:29","guid":{"rendered":"https:\/\/gpdstore.net\/?post_type=product&#038;p=1261107"},"modified":"2026-01-19T15:25:13","modified_gmt":"2026-01-19T15:25:13","slug":"gpd-win-5-battery","status":"publish","type":"product","link":"https:\/\/gpdstore.net\/fr\/product\/gpd-win-5-battery\/","title":{"rendered":"GPD WIN 5 Batterie"},"content":{"rendered":"\n<p>La <strong>batterie rechargeable Li-ion G<\/strong> PD WIN 5 est l&#8217;accessoire essentiel con\u00e7u pour maximiser le temps de jeu portable de votre PC de jeu portable GPD WIN 5. Con\u00e7ue pour des performances \u00e9lev\u00e9es et une int\u00e9gration transparente, cette v\u00e9ritable batterie externe de 80 Wh vous permet de vous d\u00e9tacher du mur et de profiter d&#8217;un jeu PC haut de gamme en d\u00e9placement.<\/p>\n\n<hr class=\"wp-block-separator has-alpha-channel-opacity\"\/>\n\n<h3 class=\"wp-block-heading\">Caract\u00e9ristiques principales :<\/h3>\n\n<p>\ud83d\udd0b Capacit\u00e9 \u00e9tendue de 80,04Wh<\/p>\n\n<p>Avec une \u00e9nergie nominale de 80,04 Wh et une capacit\u00e9 nominale de 5170 mAh, cette batterie offre une autonomie importante, vous permettant de profiter de sessions de jeu prolong\u00e9es loin d&#8217;une prise de courant.<\/p>\n\n<p>\u26a1 Fourniture d&#8217;\u00e9nergie \u00e9lev\u00e9e<\/p>\n\n<p>Avec une tension nominale de 15,48 V et une tension de charge limit\u00e9e de 17,80 V, ce pack Li-ion \u00e0 4 cellules est con\u00e7u pour r\u00e9pondre \u00e0 la consommation d&#8217;\u00e9nergie exigeante du puissant APU AMD Strix Halo du GPD WIN 5.<\/p>\n\n<p>\ud83d\udd04 Conception modulaire \u00e0 attache rapide<\/p>\n\n<p>La batterie est dot\u00e9e d&#8217;un m\u00e9canisme de connexion rapide exclusif qui se fixe facilement et en toute s\u00e9curit\u00e9 au dos de l&#8217;ordinateur de poche GPD WIN 5 (comme le montre l&#8217;image), ce qui la rend modulaire et permet de la remplacer \u00e0 chaud par une batterie de rechange.<\/p>\n\n<p>\ud83d\udcaa Ergonomique et int\u00e9gr\u00e9<\/p>\n\n<p>Con\u00e7u pour s&#8217;int\u00e9grer parfaitement au ch\u00e2ssis du GPD WIN 5, le bloc-batterie conserve le facteur de forme portable de l&#8217;appareil tout en ajoutant une poign\u00e9e ergonomique et une source d&#8217;alimentation n\u00e9cessaires.<\/p>\n\n<p>\ud83d\udd0c Accessoire GPD authentique<\/p>\n\n<p>Il s&#8217;agit d&#8217;une batterie Li-ion officielle de GPD (Mod\u00e8le : 5.054BAG, Mod\u00e8le : 4ICP 77\/48\/100), garantissant une compatibilit\u00e9 parfaite, une s\u00e9curit\u00e9 et des performances optimales avec votre GPD WIN 5.<\/p>\n\n<hr class=\"wp-block-separator has-alpha-channel-opacity\"\/>\n\n<h3 class=\"wp-block-heading\">Sp\u00e9cifications :<\/h3>\n\n<figure class=\"wp-block-table\"><table class=\"has-fixed-layout\"><thead><tr><td><strong>D\u00e9tail<\/strong><\/td><td><strong>Sp\u00e9cifications<\/strong><\/td><\/tr><\/thead><tbody><tr><td><strong>Mod\u00e8le<\/strong><\/td><td>5.054BAG (4ICP 77\/48\/100)<\/td><\/tr><tr><td><strong>Type de batterie<\/strong><\/td><td>Batterie rechargeable Li-ion<\/td><\/tr><tr><td><strong>\u00c9nergie nominale<\/strong><\/td><td>80.04 Wh<\/td><\/tr><tr><td><strong>Capacit\u00e9 nominale<\/strong><\/td><td>5170 mAh<\/td><\/tr><tr><td><strong>Tension nominale<\/strong><\/td><td>15.48 V<\/td><\/tr><tr><td><strong>Tension de charge limit\u00e9e<\/strong><\/td><td>17.80 V<\/td><\/tr><tr><td><strong>Compatibilit\u00e9<\/strong><\/td><td>GPD WIN 5 PC de jeu portable<\/td><\/tr><\/tbody><\/table><\/figure>\n","protected":false},"excerpt":{"rendered":"<ul>\n<li><strong>Capacit\u00e9 de 80,04 Wh :<\/strong> Offre un temps de jeu portable prolong\u00e9 et de grande puissance.<\/li>\n<li><strong>Capacit\u00e9 nominale de 5170 mAh :<\/strong> Garantit une utilisation durable et fiable en d\u00e9placement.<\/li>\n<li><strong>Conception modulaire :<\/strong> M\u00e9canisme d&#8217;attache rapide pour un remplacement et un retrait faciles.<\/li>\n<li><strong>Puissance haute tension :<\/strong> con\u00e7ue pour supporter le puissant APU du GPD WIN 5.<\/li>\n<li><strong>Accessoire officiel du GPD :<\/strong> Garantit un ajustement, une compatibilit\u00e9 et une s\u00e9curit\u00e9 parfaits.<\/li>\n<\/ul>\n<pre><b>Article en pr\u00e9-commande<\/b>\nDate de sortie ETA :\n<ul>\n<li>2 f\u00e9vrier 2026<\/li><\/pre>\n<\/ul>\n[cg_accordion title=\"INFO PAIEMENT\"]<\/p>\n<p>Nous utilisons les derni\u00e8res technologies en mati\u00e8re de traitement des paiements, ce qui vous permet de r\u00e9gler vos achats par carte de d\u00e9bit\/cr\u00e9dit ou par PayPal pour une exp\u00e9rience rapide et s\u00e9curis\u00e9e.[\/cg_accordion]\n[cg_accordion title=\"GARANTIE\"]<\/p>\n<p>2 ans de garantie de <a href=\"https:\/\/droix.net\/\" target=\"_blank\" rel=\"nofollow noopener\">DROIX Global<\/a> pour votre tranquillit\u00e9 d&#8217;esprit[\/cg_accordion]\n[cg_accordion title=\"ASSURANCE QUALIT\u00c9 ET ESSAIS AVANT EXP\u00c9DITION\"]<\/p>\n<p>Garantir la satisfaction du client au plus haut niveau : Chaque appareil est soumis \u00e0 des tests rigoureux et \u00e0 un contr\u00f4le de qualit\u00e9 en plusieurs points avant d&#8217;\u00eatre exp\u00e9di\u00e9. Notre \u00e9quipe d\u00e9di\u00e9e v\u00e9rifie les performances, la fonctionnalit\u00e9 et l&#8217;int\u00e9grit\u00e9 des composants pour garantir que votre appareil GPD est en parfait \u00e9tat de fonctionnement \u00e0 l&#8217;arriv\u00e9e, vous procurant ainsi confiance et tranquillit\u00e9 d&#8217;esprit. [\/cg_accordion]\n[cg_accordion title=\"PRIX, TAXES ET FRAIS DE PORT\"]<\/p>\n<p><strong><u>Remarque :<\/u><\/strong><\/p>\n<ul>\n<li>Clients des \u00c9tats-Unis : Le prix affich\u00e9 n&#8217;inclut pas les taxes ni les droits de douane. La responsabilit\u00e9 du d\u00e9douanement et du paiement des taxes\/droits associ\u00e9s incombe au client. <\/li>\n<li>Clients de l&#8217;UE : Le prix affich\u00e9 inclut la TAXE applicable, qui peut s&#8217;\u00e9lever jusqu&#8217;\u00e0 25 % selon votre pays.<\/li>\n<li>Clients du Canada : Le prix affich\u00e9 comprend les taxes applicables, qui peuvent inclure la TPS de 5 % et des taxes de vente provinciales (TVP), la taxe de vente harmonis\u00e9e (TVH) ou la taxe de vente du Qu\u00e9bec (TVQ) suppl\u00e9mentaires, selon votre province.<\/li>\n<\/ul>\n<p>Pour nos clients am\u00e9ricains : Les commandes sont exp\u00e9di\u00e9es DAP (Delivered At Place). Bien que les clients soient responsables du paiement de tous les tarifs applicables, nous nous appuyons sur notre vaste exp\u00e9rience en mati\u00e8re d&#8217;exp\u00e9dition depuis le Royaume-Uni pour vous assurer que vous payez le moins de frais possible. D&#8217;apr\u00e8s nos dossiers, ces frais ne d\u00e9passent g\u00e9n\u00e9ralement pas 10 % de la valeur de l&#8217;article.  <\/p>\n<p><strong>Pour les clients de l&#8217;UE SEULEMENT :<\/strong> Express DDP (Delivered Duty Paid). Cela signifie que : <\/p>\n<ul>\n<li>Tous les droits de douane et taxes sont inclus dans le prix affich\u00e9 sur la page du produit.<\/li>\n<li>Vous n&#8217;aurez pas \u00e0 payer de frais suppl\u00e9mentaires \u00e0 la livraison.<\/li>\n<li>Dans les rares cas de probl\u00e8mes douaniers, notre \u00e9quipe s&#8217;occupera de la proc\u00e9dure de d\u00e9douanement en votre nom afin d&#8217;assurer une livraison sans probl\u00e8me.<\/li>\n<p>Informations importantes concernant les retours :<\/p>\n<li>Si vous d\u00e9cidez de retourner votre commande ou de demander un remboursement, sachez que les taxes et les droits pay\u00e9s en votre nom dans le cadre du DDP ne peuvent pas \u00eatre rembours\u00e9s.<\/li>\n<p>Veuillez vous r\u00e9f\u00e9rer \u00e0 nos <a href=\"https:\/\/droix.net\/terms-and-conditions\/\" target=\"_blank\" rel=\"nofollow noopener\">conditions g\u00e9n\u00e9rales<\/a> pour des informations d\u00e9taill\u00e9es.\n<\/ul>\n<p>[\/cg_accordion]\n[cg_accordion title=\"SOUTIEN \u00c0 LA CLIENT\u00c8LE\"]<\/p>\n<p>Vous avez une question ? Il suffit d&#8217;un petit texto pour que votre probl\u00e8me soit r\u00e9solu ! <\/p>\n<p>Veuillez vous r\u00e9f\u00e9rer \u00e0 nos <a href=\"https:\/\/gpdstore.net\/fr\/terms-of-service\/\" target=\"_blank\" rel=\"nofollow noopener\">conditions g\u00e9n\u00e9rales<\/a> pour des informations d\u00e9taill\u00e9es.\n<\/ul>\n<p>[\/cg_accordion]\n[cg_accordion title=\"CE QUI EST INCLUS\"]<\/p>\n<ul>\n<li>1x GPD WIN 5 Batterie<\/li>\n<\/ul>\n<p>[\/cg_accordion]\n","protected":false},"featured_media":1261117,"template":"","meta":{"_acf_changed":false},"product_brand":[],"product_cat":[1221],"product_tag":[],"woo-feed-brand":[899],"class_list":{"0":"post-1261107","1":"product","2":"type-product","3":"status-publish","4":"has-post-thumbnail","6":"product_cat-accessoires-fr","7":"product_shipping_class-low-end","8":"pa_accessory-type-complements","9":"pa_brand-gpd","10":"woo-feed-brand-gpd-fr","12":"first","13":"instock","14":"taxable","15":"shipping-taxable","16":"purchasable","17":"product-type-variable","18":"has-default-attributes"},"acf":[],"aioseo_notices":[],"_links":{"self":[{"href":"https:\/\/gpdstore.net\/fr\/wp-json\/wp\/v2\/product\/1261107","targetHints":{"allow":["GET"]}}],"collection":[{"href":"https:\/\/gpdstore.net\/fr\/wp-json\/wp\/v2\/product"}],"about":[{"href":"https:\/\/gpdstore.net\/fr\/wp-json\/wp\/v2\/types\/product"}],"wp:featuredmedia":[{"embeddable":true,"href":"https:\/\/gpdstore.net\/fr\/wp-json\/wp\/v2\/media\/1261117"}],"wp:attachment":[{"href":"https:\/\/gpdstore.net\/fr\/wp-json\/wp\/v2\/media?parent=1261107"}],"wp:term":[{"taxonomy":"product_brand","embeddable":true,"href":"https:\/\/gpdstore.net\/fr\/wp-json\/wp\/v2\/product_brand?post=1261107"},{"taxonomy":"product_cat","embeddable":true,"href":"https:\/\/gpdstore.net\/fr\/wp-json\/wp\/v2\/product_cat?post=1261107"},{"taxonomy":"product_tag","embeddable":true,"href":"https:\/\/gpdstore.net\/fr\/wp-json\/wp\/v2\/product_tag?post=1261107"},{"taxonomy":"woo-feed-brand","embeddable":true,"href":"https:\/\/gpdstore.net\/fr\/wp-json\/wp\/v2\/woo-feed-brand?post=1261107"}],"curies":[{"name":"wp","href":"https:\/\/api.w.org\/{rel}","templated":true}]}}