{"id":1258254,"date":"2025-10-21T14:46:01","date_gmt":"2025-10-21T14:46:01","guid":{"rendered":"https:\/\/gpdstore.net\/product\/station-daccueil-gpd-win-5\/"},"modified":"2026-01-19T15:24:13","modified_gmt":"2026-01-19T15:24:13","slug":"gpd-win-5-docking-station","status":"publish","type":"product","link":"https:\/\/gpdstore.net\/fr\/product\/gpd-win-5-docking-station\/","title":{"rendered":"Station d&#8217;accueil GPD WIN 5"},"content":{"rendered":"\n<p>La <strong>station d&#8217;accueil GPD WIN 5<\/strong> (souvent appel\u00e9e Smart Dock) est le hub de bureau essentiel con\u00e7u pour lib\u00e9rer tout le potentiel de votre <a href=\"https:\/\/gpdstore.net\/fr\/product\/gpd-win-5\/\" target=\"_blank\" rel=\"noopener\" title=\"\">PC de jeu portable GPD WIN 5.<\/a> Transformez votre puissance portable en une configuration compl\u00e8te de jeu et de productivit\u00e9 de bureau avec une simple connexion, garantissant une puissance maximale et une int\u00e9gration transparente des p\u00e9riph\u00e9riques.<\/p>\n\n<hr class=\"wp-block-separator has-alpha-channel-opacity\"\/>\n\n<h2 class=\"wp-block-heading\">Caract\u00e9ristiques principales :<\/h2>\n\n<p>La station d&#8217;accueil est con\u00e7ue pour se connecter au port d&#8217;alimentation d\u00e9di\u00e9 du <strong>GPD<\/strong> WIN 5, ce qui permet \u00e0 l&#8217;appareil de fonctionner avec la totalit\u00e9 des <strong>100 W de<\/strong> son chargeur. Cela permet \u00e0 l&#8217;APU Strix Halo haute performance de soutenir son TDP maximal pour des taux de trame de classe bureau sans \u00e9tranglement thermique. <\/p>\n\n<p>\ud83d\udcbb <strong>Transformation instantan\u00e9e en ordinateur de<\/strong> bureau Accrochez facilement votre GPD WIN 5 pour vous connecter instantan\u00e9ment \u00e0 tous vos p\u00e9riph\u00e9riques d&#8217;ordinateur de bureau.<sup><\/sup> Transformez votre console portable en un PC Windows 11 \u00e0 part enti\u00e8re, pr\u00eat pour les jeux de comp\u00e9tition, le travail ou la consommation de m\u00e9dias.<sup><\/sup><\/p>\n\n<p>\ud83d\udda5\ufe0f <strong>Sortie d&#8217;affichage 4K \u00e0 grande vitesse<\/strong> \u00c9quip\u00e9e d&#8217;un <strong>port HDMI 2.1<\/strong> d\u00e9di\u00e9, la station d&#8217;accueil Smart Dock peut transmettre une <strong>r\u00e9solution 4K \u00e0 <sup><\/sup>144 Hz<\/strong> \u00e0 un moniteur de jeu ou \u00e0 un t\u00e9l\u00e9viseur externe, offrant ainsi une exp\u00e9rience haute fid\u00e9lit\u00e9 et douce comme du beurre qui rivalise avec les PC de bureau traditionnels.<sup><\/sup><\/p>\n\n<p><strong>\ud83d\udd0c Expansion E\/S compl\u00e8te \u00c9t<\/strong> endez consid\u00e9rablement vos options de connectivit\u00e9 pour accueillir tout votre mat\u00e9riel de jeu et de travail :<\/p>\n\n<ul class=\"wp-block-list\">\n<li><strong>1x Port HDMI 2.1 :<\/strong> Pour une sortie d&#8217;affichage \u00e0 haute r\u00e9solution et \u00e0 taux de rafra\u00eechissement \u00e9lev\u00e9.<\/li>\n\n\n\n<li><strong>3x ports USB de type A :<\/strong> Connectez des claviers externes, des souris, des cl\u00e9s USB et d&#8217;autres p\u00e9riph\u00e9riques.<\/li>\n\n\n\n<li><strong>1x Port Ethernet (RJ45) :<\/strong> Assure une connexion filaire stable et \u00e0 faible latence pour les jeux en ligne comp\u00e9titifs.<\/li>\n\n\n\n<li><strong>1x Port USB Type-C :<\/strong> Pour les donn\u00e9es ou les connexions de p\u00e9riph\u00e9riques suppl\u00e9mentaires.<\/li>\n<\/ul>\n\n<p>\ud83d\udd0b S <strong>mart Cradle tout-en-un<\/strong> Le design unique sert \u00e0 la fois de support s\u00e9curis\u00e9 et de hub d&#8217;alimentation. Il offre un lieu de repos stable et vertical pour votre GPD WIN 5 tout en chargeant activement le syst\u00e8me et en fournissant l&#8217;\u00e9nergie n\u00e9cessaire pour des performances de jeu \u00e9lev\u00e9es et soutenues. <\/p>\n\n<h2 class=\"wp-block-heading\">Pourquoi choisir la station d&#8217;accueil GPD WIN 5 ?<\/h2>\n\n<p>Le GPD WIN 5 est con\u00e7u pour remplacer un ordinateur de bureau, et cette station d&#8217;accueil intelligente en est la passerelle. Il \u00e9limine l&#8217;encombrement des c\u00e2bles tout en garantissant que votre puissante puce Strix Halo re\u00e7oit les 100 W de puissance dont elle a besoin pour offrir des performances de classe RTX 4060 sur votre grand \u00e9cran. C&#8217;est l&#8217;accessoire essentiel pour une exp\u00e9rience de jeu de bureau plug-and-play ultime. <\/p>\n\n<hr class=\"wp-block-separator has-alpha-channel-opacity\"\/>\n\n<h3 class=\"wp-block-heading\">Sp\u00e9cifications :<\/h3>\n\n<figure class=\"wp-block-table\"><table class=\"has-fixed-layout\"><thead><tr><td>D\u00e9tail<\/td><td>Sp\u00e9cifications<\/td><\/tr><\/thead><tbody><tr><td><strong>Compatibilit\u00e9<\/strong><\/td><td>GPD WIN 5 PC de jeu portable<\/td><\/tr><tr><td><strong>Sortie vid\u00e9o<\/strong><\/td><td>1\u00d7HDMI 2.1 (jusqu&#8217;\u00e0 4K @144 Hz)<\/td><\/tr><tr><td><strong>Ports USB<\/strong><\/td><td>3\u00d7USB Type-A, 1\u00d7USB Type-C<\/td><\/tr><tr><td><strong>R\u00e9seau<\/strong><\/td><td>1\u00d7Port Ethernet (RJ45)<\/td><\/tr><tr><td><strong>Entr\u00e9e d&#8217;alimentation<\/strong><\/td><td>Cric de baril (con\u00e7u pour 100 W GPD WIN 5 Charger)<\/td><\/tr><tr><td><strong>Fonction<\/strong><\/td><td>Accueil, chargement, affichage, support<\/td><\/tr><\/tbody><\/table><\/figure>\n\n<p><\/p>\n","protected":false},"excerpt":{"rendered":"<ul>\n<li><strong>180W Power Passthrough :<\/strong> Fournit une puissance maximale pour des performances optimales.<\/li>\n<li><strong>Mode bureau :<\/strong> Transforme instantan\u00e9ment l&#8217;ordinateur de poche en un v\u00e9ritable ordinateur de bureau.<\/li>\n<li><strong>Sortie d&#8217;affichage 4K :<\/strong> Dot\u00e9e d&#8217;une interface HDMI 2.1 pour les moniteurs externes haute r\u00e9solution.<\/li>\n<li><strong>Jeu c\u00e2bl\u00e9 :<\/strong> Comprend un port Ethernet pour des jeux en ligne stables et sans d\u00e9calage.<\/li>\n<li><strong>Ajustement officiel :<\/strong> Accessoire GPD WIN 5 con\u00e7u sur mesure.<\/li>\n<\/ul>\n[cg_accordion title=\"INFO PAIEMENT\"]<\/p>\n<p>Nous utilisons les derni\u00e8res technologies en mati\u00e8re de traitement des paiements, ce qui vous permet de r\u00e9gler vos achats par carte de d\u00e9bit\/cr\u00e9dit ou par PayPal pour une exp\u00e9rience rapide et s\u00e9curis\u00e9e.[\/cg_accordion]\n[cg_accordion title=\"GARANTIE\"]<\/p>\n<p>2 ans de garantie de <a href=\"https:\/\/droix.net\/\" target=\"_blank\" rel=\"nofollow noopener\">DROIX Global<\/a> pour votre tranquillit\u00e9 d&#8217;esprit[\/cg_accordion]\n[cg_accordion title=\"ASSURANCE QUALIT\u00c9 ET ESSAIS AVANT EXP\u00c9DITION\"]<\/p>\n<p>Garantir la satisfaction du client au plus haut niveau : Chaque appareil est soumis \u00e0 des tests rigoureux et \u00e0 un contr\u00f4le de qualit\u00e9 en plusieurs points avant d&#8217;\u00eatre exp\u00e9di\u00e9. Notre \u00e9quipe d\u00e9di\u00e9e v\u00e9rifie les performances, la fonctionnalit\u00e9 et l&#8217;int\u00e9grit\u00e9 des composants pour garantir que votre appareil GPD est en parfait \u00e9tat de fonctionnement \u00e0 l&#8217;arriv\u00e9e, vous procurant ainsi confiance et tranquillit\u00e9 d&#8217;esprit. [\/cg_accordion]\n[cg_accordion title=\"PRIX, TAXES ET FRAIS DE PORT\"]<\/p>\n<p><strong><u>Remarque :<\/u><\/strong><\/p>\n<ul>\n<li>Clients des \u00c9tats-Unis : Le prix affich\u00e9 n&#8217;inclut pas les taxes ni les droits de douane. La responsabilit\u00e9 du d\u00e9douanement et du paiement des taxes\/droits associ\u00e9s incombe au client. <\/li>\n<li>Clients de l&#8217;UE : Le prix affich\u00e9 inclut la TAXE applicable, qui peut s&#8217;\u00e9lever jusqu&#8217;\u00e0 25 % selon votre pays.<\/li>\n<li>Clients du Canada : Le prix affich\u00e9 comprend les taxes applicables, qui peuvent inclure la TPS de 5 % et des taxes de vente provinciales (TVP), la taxe de vente harmonis\u00e9e (TVH) ou la taxe de vente du Qu\u00e9bec (TVQ) suppl\u00e9mentaires, selon votre province.<\/li>\n<\/ul>\n<p>Pour nos clients am\u00e9ricains : Les commandes sont exp\u00e9di\u00e9es DAP (Delivered At Place). Bien que les clients soient responsables du paiement de tous les tarifs applicables, nous nous appuyons sur notre vaste exp\u00e9rience en mati\u00e8re d&#8217;exp\u00e9dition depuis le Royaume-Uni pour vous assurer que vous payez le moins de frais possible. D&#8217;apr\u00e8s nos dossiers, ces frais ne d\u00e9passent g\u00e9n\u00e9ralement pas 10 % de la valeur de l&#8217;article.  <\/p>\n<p><strong>Pour les clients de l&#8217;UE SEULEMENT :<\/strong> Express DDP (Delivered Duty Paid). Cela signifie que : <\/p>\n<ul>\n<li>Tous les droits de douane et taxes sont inclus dans le prix affich\u00e9 sur la page du produit.<\/li>\n<li>Vous n&#8217;aurez pas \u00e0 payer de frais suppl\u00e9mentaires \u00e0 la livraison.<\/li>\n<li>Dans les rares cas de probl\u00e8mes douaniers, notre \u00e9quipe s&#8217;occupera de la proc\u00e9dure de d\u00e9douanement en votre nom afin d&#8217;assurer une livraison sans probl\u00e8me.<\/li>\n<p>Informations importantes concernant les retours :<\/p>\n<li>Si vous d\u00e9cidez de retourner votre commande ou de demander un remboursement, sachez que les taxes et les droits pay\u00e9s en votre nom dans le cadre du DDP ne peuvent pas \u00eatre rembours\u00e9s.<\/li>\n<p>Veuillez vous r\u00e9f\u00e9rer \u00e0 nos <a href=\"https:\/\/droix.net\/terms-and-conditions\/\" target=\"_blank\" rel=\"nofollow noopener\">conditions g\u00e9n\u00e9rales<\/a> pour des informations d\u00e9taill\u00e9es.\n<\/ul>\n<p>[\/cg_accordion]\n[cg_accordion title=\"SOUTIEN \u00c0 LA CLIENT\u00c8LE\"]<\/p>\n<p>Vous avez une question ? Il suffit d&#8217;un petit texto pour que votre probl\u00e8me soit r\u00e9solu ! <\/p>\n<p>Veuillez vous r\u00e9f\u00e9rer \u00e0 nos <a href=\"https:\/\/gpdstore.net\/fr\/terms-of-service\/\" target=\"_blank\" rel=\"nofollow noopener\">conditions g\u00e9n\u00e9rales<\/a> pour des informations d\u00e9taill\u00e9es.\n<\/ul>\n<p>[\/cg_accordion]\n[cg_accordion title=\"CE QUI EST INCLUS\"]<\/p>\n<ul>\n<li>1x Station d&#8217;accueil officielle GPD WIN 5<\/li>\n<\/ul>\n<p>[\/cg_accordion]\n","protected":false},"featured_media":1261016,"template":"","meta":{"_acf_changed":false},"product_brand":[],"product_cat":[1221],"product_tag":[],"woo-feed-brand":[],"class_list":{"0":"post-1258254","1":"product","2":"type-product","3":"status-publish","4":"has-post-thumbnail","6":"product_cat-accessoires-fr","7":"product_shipping_class-low-end","8":"product_shipping_class-premium","9":"pa_accessory-type-station-daccueil","10":"pa_brand-gpd","12":"first","13":"instock","14":"taxable","15":"shipping-taxable","16":"purchasable","17":"product-type-variable","18":"has-default-attributes"},"acf":[],"aioseo_notices":[],"_links":{"self":[{"href":"https:\/\/gpdstore.net\/fr\/wp-json\/wp\/v2\/product\/1258254","targetHints":{"allow":["GET"]}}],"collection":[{"href":"https:\/\/gpdstore.net\/fr\/wp-json\/wp\/v2\/product"}],"about":[{"href":"https:\/\/gpdstore.net\/fr\/wp-json\/wp\/v2\/types\/product"}],"wp:featuredmedia":[{"embeddable":true,"href":"https:\/\/gpdstore.net\/fr\/wp-json\/wp\/v2\/media\/1261016"}],"wp:attachment":[{"href":"https:\/\/gpdstore.net\/fr\/wp-json\/wp\/v2\/media?parent=1258254"}],"wp:term":[{"taxonomy":"product_brand","embeddable":true,"href":"https:\/\/gpdstore.net\/fr\/wp-json\/wp\/v2\/product_brand?post=1258254"},{"taxonomy":"product_cat","embeddable":true,"href":"https:\/\/gpdstore.net\/fr\/wp-json\/wp\/v2\/product_cat?post=1258254"},{"taxonomy":"product_tag","embeddable":true,"href":"https:\/\/gpdstore.net\/fr\/wp-json\/wp\/v2\/product_tag?post=1258254"},{"taxonomy":"woo-feed-brand","embeddable":true,"href":"https:\/\/gpdstore.net\/fr\/wp-json\/wp\/v2\/woo-feed-brand?post=1258254"}],"curies":[{"name":"wp","href":"https:\/\/api.w.org\/{rel}","templated":true}]}}