{"id":1251762,"date":"2025-10-15T11:30:11","date_gmt":"2025-10-15T11:30:11","guid":{"rendered":"https:\/\/gpdstore.net\/product\/etui-gpd-win-5\/"},"modified":"2026-04-08T05:52:03","modified_gmt":"2026-04-08T05:52:03","slug":"gpd-win-5-case","status":"publish","type":"product","link":"https:\/\/gpdstore.net\/fr\/product\/gpd-win-5-case\/","title":{"rendered":"\u00c9tui GPD WIN 5"},"content":{"rendered":"\n<p>L&#8217;<strong>\u00e9tui GPD<\/strong> WIN 5 est une coque robuste, adapt\u00e9e et pr\u00eate \u00e0 voyager, con\u00e7ue exclusivement pour le r\u00e9volutionnaire GPD WIN 5L&#8217;<strong>\u00e9tui GPD WIN 5<\/strong> est une coque robuste, adapt\u00e9e et pr\u00eate \u00e0 voyager, con\u00e7ue exclusivement pour le r\u00e9volutionnaire PC portable de jeu GPD WIN 5. Con\u00e7ue pour r\u00e9sister aux rigueurs du voyage et prot\u00e9ger votre machine haute performance avec des mat\u00e9riaux de premi\u00e8re qualit\u00e9 et un design intelligent, cette mallette offre une s\u00e9curit\u00e9 maximale et une portabilit\u00e9 \u00e9l\u00e9gante, parfaite pour les joueurs d&#8217;\u00e9lite en d\u00e9placement. <\/p>\n\n<hr class=\"wp-block-separator has-alpha-channel-opacity\"\/>\n\n<h3 class=\"wp-block-heading\">Caract\u00e9ristiques principales :<\/h3>\n\n<p>\ud83c\udfae <strong>Protection sur mesure pour le<\/strong> GPD WIN 5 Con\u00e7u exclusivement pour le GPD WIN 5, cet \u00e9tui assure un ajustement parfait de l&#8217;appareil portable, le prot\u00e9geant contre les mouvements et les chocs internes pendant le transport.<\/p>\n\n<p>\ud83d\udcbc C <strong>onstruction \u00e0 coque dure<\/strong> L&#8217;<strong>ext\u00e9rieur \u00e0 coque dure EVA<\/strong> durable offre une protection renforc\u00e9e contre les chocs, les chutes et les rayures, prot\u00e9geant votre console et ses puissants composants internes dans toutes les situations de voyage exigeantes.<sup><\/sup><\/p>\n\n<p><strong>\ud83d\udc5c Rembourrage int\u00e9rieur doux<\/strong> \u00c0 l&#8217;int\u00e9rieur, la <strong>doublure en tissu pelucheux<\/strong> et la mousse absorbant les chocs offrent un soin d\u00e9licat \u00e0 votre console et \u00e0 son grand \u00e9cran de 7 pouces, en \u00e9vitant les rayures et l&#8217;abrasion de la surface.<\/p>\n\n<p>\ud83d\udd0b <strong>Compartiment de rangement modulaire pour les accessoires<\/strong> Comprend un <strong>compartiment int\u00e9rieur<\/strong> spacieux id\u00e9al pour ranger les composants essentiels tels que la batterie amovible 80Wh, l&#8217;adaptateur d&#8217;alimentation 180W ou d&#8217;autres petits \u00e9l\u00e9ments essentiels &#8211; pour que tout votre mat\u00e9riel reste organis\u00e9 et en un seul endroit.<\/p>\n\n<p>\ud83e\uddf2 <strong>Fermeture \u00e0 glissi\u00e8re s\u00e9curis\u00e9e<\/strong> Une <strong>fermeture \u00e0 glissi\u00e8re<\/strong> robuste de haute qualit\u00e9 maintient l&#8217;\u00e9tui solidement scell\u00e9 et prot\u00e9g\u00e9, garantissant la s\u00e9curit\u00e9 de votre ordinateur de poche de grande valeur, que vous soyez en d\u00e9placement, en voyage ou en train de le ranger.<sup><\/sup><\/p>\n\n<p><strong>\ud83c\udf1f Conception mince et l\u00e9g\u00e8re<\/strong> Malgr\u00e9 sa protection robuste, le facteur de forme compact est con\u00e7u pour une portabilit\u00e9 ultime. Glissez-le dans votre sac \u00e0 dos ou transportez-le en solo avec facilit\u00e9, en sachant que votre centrale de jeu est en s\u00e9curit\u00e9. <\/p>\n\n<hr class=\"wp-block-separator has-alpha-channel-opacity\"\/>\n\n<h3 class=\"wp-block-heading\">Pourquoi choisir l&#8217;\u00e9tui GPD WIN 5 ?<\/h3>\n\n<p>Con\u00e7u pour les joueurs les plus exigeants, cet \u00e9tui combine une durabilit\u00e9 robuste avec un rangement r\u00e9fl\u00e9chi et essentiel pour les composants modulaires uniques du GPD WIN 5 et son puissant chargeur. Que vous vous branchiez pour une session de TDP \u00e9lev\u00e9 ou que vous jouiez sans branchement, l&#8217;\u00e9tui GPD WIN 5 est le compagnon id\u00e9al pour garder votre ordinateur de poche Strix Halo en s\u00e9curit\u00e9 et pr\u00eat \u00e0 l&#8217;action. \ud83d\ude80<\/p>\n\n<hr class=\"wp-block-separator has-alpha-channel-opacity\"\/>\n\n<h3 class=\"wp-block-heading\">Sp\u00e9cifications :<\/h3>\n\n<figure class=\"wp-block-table\"><table class=\"has-fixed-layout\"><thead><tr><td>D\u00e9tail<\/td><td>Sp\u00e9cifications<\/td><\/tr><\/thead><tbody><tr><td><strong>Mat\u00e9riau<\/strong><\/td><td>Coque rigide en EVA + int\u00e9rieur en tissu doux<\/td><\/tr><tr><td><strong>Compatibilit\u00e9<\/strong><\/td><td><a href=\"https:\/\/gpdstore.net\/fr\/product\/gpd-win-5\/\" target=\"_blank\" rel=\"noopener\" title=\"\">GPD WIN 5 PC de jeu portable<\/a><\/td><\/tr><tr><td><strong>Type de fermeture<\/strong><\/td><td>Fermeture \u00e0 glissi\u00e8re<\/td><\/tr><tr><td><strong>Stockage<\/strong><\/td><td>Pochette\/compartiment int\u00e9rieur en filet pour les accessoires (y compris la batterie amovible et le chargeur)<\/td><\/tr><tr><td><strong>Dimensions<\/strong><\/td><td><strong>288 \u00d7 136 \u00d7 80 (25\/55) mm<\/strong><\/td><\/tr><\/tbody><\/table><\/figure>\n\n<p><\/p>\n","protected":false},"excerpt":{"rendered":"<ul>\n<li><strong>Adaptation officielle :<\/strong> Con\u00e7u sp\u00e9cifiquement pour le PC portable GPD WIN 5.<\/li>\n<li><strong>Sangles de s\u00e9curit\u00e9 :<\/strong> Maintient l&#8217;appareil et sa batterie externe fermement en place.<\/li>\n<li><strong>Doublure souple :<\/strong> Emp\u00eache les rayures et prot\u00e8ge l&#8217;\u00e9cran 7 pouces 120Hz.<\/li>\n<li><strong>Dragonne :<\/strong> Permet un transport facile et s\u00fbr lors de vos d\u00e9placements.<\/li>\n<li><strong>Coque rigide :<\/strong> Offre une protection durable et rigide \u00e0 votre PC de jeu haute performance.<\/li>\n<\/ul>\n[cg_accordion title=\"INFO PAIEMENT\"]<\/p>\n<p>Nous utilisons les derni\u00e8res technologies en mati\u00e8re de traitement des paiements, ce qui vous permet de r\u00e9gler vos achats par carte de d\u00e9bit\/cr\u00e9dit ou par PayPal pour une exp\u00e9rience rapide et s\u00e9curis\u00e9e.[\/cg_accordion]\n[cg_accordion title=\"GARANTIE\"]<\/p>\n<p>2 ans de garantie de <a href=\"https:\/\/droix.net\/\" target=\"_blank\" rel=\"nofollow noopener\">DROIX Global<\/a> pour votre tranquillit\u00e9 d&#8217;esprit[\/cg_accordion]\n[cg_accordion title=\"ASSURANCE QUALIT\u00c9 ET ESSAIS AVANT EXP\u00c9DITION\"]<\/p>\n<p>Garantir la satisfaction du client au plus haut niveau : Chaque appareil est soumis \u00e0 des tests rigoureux et \u00e0 un contr\u00f4le de qualit\u00e9 en plusieurs points avant d&#8217;\u00eatre exp\u00e9di\u00e9. Notre \u00e9quipe d\u00e9di\u00e9e v\u00e9rifie les performances, la fonctionnalit\u00e9 et l&#8217;int\u00e9grit\u00e9 des composants pour garantir que votre appareil GPD est en parfait \u00e9tat de fonctionnement \u00e0 l&#8217;arriv\u00e9e, vous procurant ainsi confiance et tranquillit\u00e9 d&#8217;esprit. [\/cg_accordion]\n[cg_accordion title=\"PRIX, TAXES ET FRAIS DE PORT\"]<\/p>\n<p><strong><u>Remarque :<\/u><\/strong><\/p>\n<ul>\n<li>Clients des \u00c9tats-Unis : Le prix affich\u00e9 n&#8217;inclut pas les taxes ni les droits de douane. La responsabilit\u00e9 du d\u00e9douanement et du paiement des taxes\/droits associ\u00e9s incombe au client. <\/li>\n<li>Clients de l&#8217;UE : Le prix affich\u00e9 inclut la TAXE applicable, qui peut s&#8217;\u00e9lever jusqu&#8217;\u00e0 25 % selon votre pays.<\/li>\n<li>Clients du Canada : Le prix affich\u00e9 comprend les taxes applicables, qui peuvent inclure la TPS de 5 % et des taxes de vente provinciales (TVP), la taxe de vente harmonis\u00e9e (TVH) ou la taxe de vente du Qu\u00e9bec (TVQ) suppl\u00e9mentaires, selon votre province.<\/li>\n<\/ul>\n<p>Pour nos clients am\u00e9ricains : Les commandes sont exp\u00e9di\u00e9es DAP (Delivered At Place). Bien que les clients soient responsables du paiement de tous les tarifs applicables, nous nous appuyons sur notre vaste exp\u00e9rience en mati\u00e8re d&#8217;exp\u00e9dition depuis le Royaume-Uni pour vous assurer que vous payez le moins de frais possible. D&#8217;apr\u00e8s nos dossiers, ces frais ne d\u00e9passent g\u00e9n\u00e9ralement pas 10 % de la valeur de l&#8217;article.  <\/p>\n<p><strong>Pour les clients de l&#8217;UE SEULEMENT :<\/strong> Express DDP (Delivered Duty Paid). Cela signifie que : <\/p>\n<ul>\n<li>Tous les droits de douane et taxes sont inclus dans le prix affich\u00e9 sur la page du produit.<\/li>\n<li>Vous n&#8217;aurez pas \u00e0 payer de frais suppl\u00e9mentaires \u00e0 la livraison.<\/li>\n<li>Dans les rares cas de probl\u00e8mes douaniers, notre \u00e9quipe s&#8217;occupera de la proc\u00e9dure de d\u00e9douanement en votre nom afin d&#8217;assurer une livraison sans probl\u00e8me.<\/li>\n<p>Informations importantes concernant les retours :<\/p>\n<li>Si vous d\u00e9cidez de retourner votre commande ou de demander un remboursement, sachez que les taxes et les droits pay\u00e9s en votre nom dans le cadre du DDP ne peuvent pas \u00eatre rembours\u00e9s.<\/li>\n<p>Veuillez vous r\u00e9f\u00e9rer \u00e0 nos <a href=\"https:\/\/droix.net\/terms-and-conditions\/\" target=\"_blank\" rel=\"nofollow noopener\">conditions g\u00e9n\u00e9rales<\/a> pour des informations d\u00e9taill\u00e9es.\n<\/ul>\n<p>[\/cg_accordion]\n[cg_accordion title=\"SOUTIEN \u00c0 LA CLIENT\u00c8LE\"]<\/p>\n<p>Vous avez une question ? Il suffit d&#8217;un petit texto pour que votre probl\u00e8me soit r\u00e9solu ! <\/p>\n<p>Veuillez vous r\u00e9f\u00e9rer \u00e0 nos <a href=\"https:\/\/gpdstore.net\/fr\/terms-of-service\/\" target=\"_blank\" rel=\"nofollow noopener\">conditions g\u00e9n\u00e9rales<\/a> pour des informations d\u00e9taill\u00e9es.\n<\/ul>\n<p>[\/cg_accordion]\n[cg_accordion title=\"CE QUI EST INCLUS\"]<\/p>\n<ul>\n<li>1x l&#8217;\u00e9tui GPD WIN 5<\/li>\n<\/ul>\n<p>[\/cg_accordion]\n","protected":false},"featured_media":1250945,"template":"","meta":{"_acf_changed":false},"product_brand":[],"product_cat":[1221],"product_tag":[],"woo-feed-brand":[],"class_list":{"0":"post-1251762","1":"product","2":"type-product","3":"status-publish","4":"has-post-thumbnail","6":"product_cat-accessoires-fr","7":"product_shipping_class-low-end","8":"pa_accessory-type-etui-de-protection","9":"pa_brand-gpd","11":"first","12":"instock","13":"taxable","14":"shipping-taxable","15":"purchasable","16":"product-type-variable","17":"has-default-attributes"},"acf":[],"aioseo_notices":[],"_links":{"self":[{"href":"https:\/\/gpdstore.net\/fr\/wp-json\/wp\/v2\/product\/1251762","targetHints":{"allow":["GET"]}}],"collection":[{"href":"https:\/\/gpdstore.net\/fr\/wp-json\/wp\/v2\/product"}],"about":[{"href":"https:\/\/gpdstore.net\/fr\/wp-json\/wp\/v2\/types\/product"}],"wp:featuredmedia":[{"embeddable":true,"href":"https:\/\/gpdstore.net\/fr\/wp-json\/wp\/v2\/media\/1250945"}],"wp:attachment":[{"href":"https:\/\/gpdstore.net\/fr\/wp-json\/wp\/v2\/media?parent=1251762"}],"wp:term":[{"taxonomy":"product_brand","embeddable":true,"href":"https:\/\/gpdstore.net\/fr\/wp-json\/wp\/v2\/product_brand?post=1251762"},{"taxonomy":"product_cat","embeddable":true,"href":"https:\/\/gpdstore.net\/fr\/wp-json\/wp\/v2\/product_cat?post=1251762"},{"taxonomy":"product_tag","embeddable":true,"href":"https:\/\/gpdstore.net\/fr\/wp-json\/wp\/v2\/product_tag?post=1251762"},{"taxonomy":"woo-feed-brand","embeddable":true,"href":"https:\/\/gpdstore.net\/fr\/wp-json\/wp\/v2\/woo-feed-brand?post=1251762"}],"curies":[{"name":"wp","href":"https:\/\/api.w.org\/{rel}","templated":true}]}}