{"id":1199307,"date":"2025-10-08T14:34:02","date_gmt":"2025-10-08T14:34:02","guid":{"rendered":"https:\/\/gpdstore.net\/product\/biwin-mini-ssd\/"},"modified":"2026-01-19T15:23:25","modified_gmt":"2026-01-19T15:23:25","slug":"biwin-mini-ssd","status":"publish","type":"product","link":"https:\/\/gpdstore.net\/fr\/product\/biwin-mini-ssd\/","title":{"rendered":"BIWIN Mini SSD"},"content":{"rendered":"\n<h2 class=\"wp-block-heading\"><strong>Lib\u00e9rez le v\u00e9ritable potentiel de votre appareil<\/strong><\/h2>\n\n<p>Dans le monde de la technologie d&#8217;\u00e9lite, la vitesse est essentielle. Le Mini SSD de BIWIN est une d\u00e9claration de puissance sans compromis, con\u00e7u avec la technologie PCIe Gen4x2 pour atteindre une vitesse th\u00e9orique stup\u00e9fiante de <strong>3 700 Mo\/s.<\/strong><sup><\/sup> Il ne s&#8217;agit pas d&#8217;une simple mise \u00e0 niveau, mais d&#8217;une r\u00e9volution dans un bo\u00eetier plus petit qu&#8217;un timbre-poste. <\/p>\n\n<p>Pour les utilisateurs d&#8217;ordinateurs de poche de nouvelle g\u00e9n\u00e9ration comme le <a href=\"https:\/\/gpdstore.net\/fr\/product\/gpd-win-5\/\" target=\"_blank\" rel=\"noopener\" title=\"\">GPD WIN 5<\/a>, le Mini SSD de BIWIN est la cl\u00e9 pour d\u00e9bloquer la vitesse de stockage maximale de votre appareil. Bien que ces appareils utilisent un emplacement PCIe 4&#215;1, notre Mini SSD offre toujours des performances r\u00e9elles \u00e9poustouflantes de <strong>~1 700 Mo\/s.<\/strong> Il surpasse les vitesses de n&#8217;importe quelle carte microSD et assure le chargement de vos jeux en un clin d&#8217;\u0153il.<\/p>\n\n<p>Forg\u00e9 pour les extr\u00eames, son bo\u00eetier <strong>\u00e9tanche IP68<\/strong> et <strong>r\u00e9sistant aux chutes de 3 m\u00e8tres<\/strong> signifie que cette puissance s&#8217;accompagne d&#8217;une durabilit\u00e9 l\u00e9gendaire.<sup><\/sup> Avec une capacit\u00e9 allant jusqu&#8217;\u00e0 <strong>2 To<\/strong>, le BIWIN Mini SSD est la solution de stockage ultime et sans compromis pour ceux qui exigent le meilleur.<\/p>\n","protected":false},"excerpt":{"rendered":"<ul>\n<li>Interface : <strong>PCIe Gen4x2<\/strong> avec le protocole **NVMe 1.4**.<\/li>\n<li>Facteur de forme : <strong>Bo\u00eetier LGA ultra-compact<\/strong> (15,0 mm \u00d7 17,0 mm \u00d7 1,4 mm)<\/li>\n<li>Performance : Jusqu&#8217;\u00e0 **3 700 Mo\/s en lecture** \/ Jusqu&#8217;\u00e0 **3 400 Mo\/s en \u00e9criture**<\/li>\n<li>Capacit\u00e9 : 512GB, 1TB ou 2TB 3D TLC NAND<\/li>\n<li>Durabilit\u00e9 : R\u00e9sistance \u00e0 la poussi\u00e8re et \u00e0 l&#8217;eau <strong>IP68<\/strong> \/ **Chute de 3 m\u00e8tres** Survie<\/li>\n<li>Technologie : Cache dynamique **SLC** et **Wear Leveling**.<\/li>\n<\/ul>\n[cg_accordion title=\"INFO PAIEMENT\"]<\/p>\n<p>Nous utilisons les derni\u00e8res technologies en mati\u00e8re de traitement des paiements, ce qui vous permet de r\u00e9gler vos achats par carte de d\u00e9bit\/cr\u00e9dit ou par PayPal pour une exp\u00e9rience rapide et s\u00e9curis\u00e9e.[\/cg_accordion]\n[cg_accordion title=\"GARANTIE\"]<\/p>\n<p>2 ans de garantie de <a href=\"https:\/\/droix.net\/\" target=\"_blank\" rel=\"nofollow noopener\">DROIX Global<\/a> pour votre tranquillit\u00e9 d&#8217;esprit[\/cg_accordion]\n[cg_accordion title=\"ASSURANCE QUALIT\u00c9 ET ESSAIS AVANT EXP\u00c9DITION\"]<\/p>\n<p>Garantir la satisfaction du client au plus haut niveau : Chaque appareil est soumis \u00e0 des tests rigoureux et \u00e0 un contr\u00f4le de qualit\u00e9 en plusieurs points avant d&#8217;\u00eatre exp\u00e9di\u00e9. Notre \u00e9quipe d\u00e9di\u00e9e v\u00e9rifie les performances, la fonctionnalit\u00e9 et l&#8217;int\u00e9grit\u00e9 des composants pour garantir que votre appareil GPD est en parfait \u00e9tat de fonctionnement \u00e0 l&#8217;arriv\u00e9e, vous procurant ainsi confiance et tranquillit\u00e9 d&#8217;esprit. [\/cg_accordion]\n[cg_accordion title=\"PRIX, TAXES ET FRAIS DE PORT\"]<\/p>\n<p><strong><u>Remarque :<\/u><\/strong><\/p>\n<ul>\n<li>Clients des \u00c9tats-Unis : Le prix affich\u00e9 n&#8217;inclut pas les taxes ni les droits de douane. La responsabilit\u00e9 du d\u00e9douanement et du paiement des taxes\/droits associ\u00e9s incombe au client. <\/li>\n<li>Clients de l&#8217;UE : Le prix affich\u00e9 inclut la TAXE applicable, qui peut s&#8217;\u00e9lever jusqu&#8217;\u00e0 25 % selon votre pays.<\/li>\n<li>Clients du Canada : Le prix affich\u00e9 comprend les taxes applicables, qui peuvent inclure la TPS de 5 % et des taxes de vente provinciales (TVP), la taxe de vente harmonis\u00e9e (TVH) ou la taxe de vente du Qu\u00e9bec (TVQ) suppl\u00e9mentaires, selon votre province.<\/li>\n<\/ul>\n<p>Pour nos clients am\u00e9ricains : Les commandes sont exp\u00e9di\u00e9es DAP (Delivered At Place). Bien que les clients soient responsables du paiement de tous les tarifs applicables, nous nous appuyons sur notre vaste exp\u00e9rience en mati\u00e8re d&#8217;exp\u00e9dition depuis le Royaume-Uni pour vous assurer que vous payez le moins de frais possible. D&#8217;apr\u00e8s nos dossiers, ces frais ne d\u00e9passent g\u00e9n\u00e9ralement pas 10 % de la valeur de l&#8217;article.  <\/p>\n<p><strong>Pour les clients de l&#8217;UE SEULEMENT :<\/strong> Express DDP (Delivered Duty Paid). Cela signifie que : <\/p>\n<ul>\n<li>Tous les droits de douane et taxes sont inclus dans le prix affich\u00e9 sur la page du produit.<\/li>\n<li>Vous n&#8217;aurez pas \u00e0 payer de frais suppl\u00e9mentaires \u00e0 la livraison.<\/li>\n<li>Dans les rares cas de probl\u00e8mes douaniers, notre \u00e9quipe s&#8217;occupera de la proc\u00e9dure de d\u00e9douanement en votre nom afin d&#8217;assurer une livraison sans probl\u00e8me.<\/li>\n<p>Informations importantes concernant les retours :<\/p>\n<li>Si vous d\u00e9cidez de retourner votre commande ou de demander un remboursement, sachez que les taxes et les droits pay\u00e9s en votre nom dans le cadre du DDP ne peuvent pas \u00eatre rembours\u00e9s.<\/li>\n<p>Veuillez vous r\u00e9f\u00e9rer \u00e0 nos <a href=\"https:\/\/droix.net\/terms-and-conditions\/\" target=\"_blank\" rel=\"nofollow noopener\">conditions g\u00e9n\u00e9rales<\/a> pour des informations d\u00e9taill\u00e9es.\n<\/ul>\n<p>[\/cg_accordion]\n[cg_accordion title=\"SOUTIEN \u00c0 LA CLIENT\u00c8LE\"]<\/p>\n<p>Vous avez une question ? Il suffit d&#8217;un petit texto pour que votre probl\u00e8me soit r\u00e9solu ! <\/p>\n<p>Veuillez vous r\u00e9f\u00e9rer \u00e0 nos <a href=\"https:\/\/gpdstore.net\/fr\/terms-of-service\/\" target=\"_blank\" rel=\"nofollow noopener\">conditions g\u00e9n\u00e9rales<\/a> pour des informations d\u00e9taill\u00e9es.\n<\/ul>\n<p>[\/cg_accordion]\n[cg_accordion title=\"CE QUI EST INCLUS\"]<\/p>\n<ul>\n<li>1x BIWIN Mini SSD<\/li>\n<\/ul>\n<p>[\/cg_accordion]\n","protected":false},"featured_media":1196742,"template":"","meta":{"_acf_changed":false},"product_brand":[],"product_cat":[1221],"product_tag":[],"woo-feed-brand":[],"class_list":{"0":"post-1199307","1":"product","2":"type-product","3":"status-publish","4":"has-post-thumbnail","6":"product_cat-accessoires-fr","7":"product_shipping_class-premium","8":"product_shipping_class-standard","9":"pa_brand-biwin","10":"pa_storage-capacity-512gb-fr","11":"pa_storage-capacity-512gb","12":"pa_storage-capacity-1tb","13":"pa_storage-capacity-1tb-fr","14":"pa_storage-capacity-2tb","15":"pa_storage-capacity-2tb-fr","17":"first","18":"instock","19":"taxable","20":"shipping-taxable","21":"purchasable","22":"product-type-variable","23":"has-default-attributes"},"acf":[],"aioseo_notices":[],"_links":{"self":[{"href":"https:\/\/gpdstore.net\/fr\/wp-json\/wp\/v2\/product\/1199307","targetHints":{"allow":["GET"]}}],"collection":[{"href":"https:\/\/gpdstore.net\/fr\/wp-json\/wp\/v2\/product"}],"about":[{"href":"https:\/\/gpdstore.net\/fr\/wp-json\/wp\/v2\/types\/product"}],"wp:featuredmedia":[{"embeddable":true,"href":"https:\/\/gpdstore.net\/fr\/wp-json\/wp\/v2\/media\/1196742"}],"wp:attachment":[{"href":"https:\/\/gpdstore.net\/fr\/wp-json\/wp\/v2\/media?parent=1199307"}],"wp:term":[{"taxonomy":"product_brand","embeddable":true,"href":"https:\/\/gpdstore.net\/fr\/wp-json\/wp\/v2\/product_brand?post=1199307"},{"taxonomy":"product_cat","embeddable":true,"href":"https:\/\/gpdstore.net\/fr\/wp-json\/wp\/v2\/product_cat?post=1199307"},{"taxonomy":"product_tag","embeddable":true,"href":"https:\/\/gpdstore.net\/fr\/wp-json\/wp\/v2\/product_tag?post=1199307"},{"taxonomy":"woo-feed-brand","embeddable":true,"href":"https:\/\/gpdstore.net\/fr\/wp-json\/wp\/v2\/woo-feed-brand?post=1199307"}],"curies":[{"name":"wp","href":"https:\/\/api.w.org\/{rel}","templated":true}]}}