{"id":1062057,"date":"2025-01-09T09:45:24","date_gmt":"2025-01-09T09:45:24","guid":{"rendered":"https:\/\/gpdstore.net\/?post_type=product&#038;p=1062057"},"modified":"2026-03-29T00:39:52","modified_gmt":"2026-03-29T00:39:52","slug":"gpd-win-max-2-2025-4g-lte-add-on","status":"publish","type":"product","link":"https:\/\/gpdstore.net\/fr\/product\/gpd-win-max-2-2025-4g-lte-add-on\/","title":{"rendered":"GPD WIN MAX 2025 4G LTE Add-on"},"content":{"rendered":"\n<h2 class=\"wp-block-heading\">Faites l&#8217;exp\u00e9rience d&#8217;une v\u00e9ritable portabilit\u00e9 avec le module compl\u00e9mentaire 4G LTE pour le GPD WIN MAX 2 (2025)<\/h2>\n\n<p>Transformez votre <a href=\"https:\/\/gpdstore.net\/gpd-win-max-2-2025-review\/gpd-win-max-2-2025\/\" target=\"_blank\" rel=\"noreferrer noopener\">GPD WIN MAX 2 (2025<\/a>) en un v\u00e9ritable concentr\u00e9 de jeux et de productivit\u00e9 portable gr\u00e2ce au module 4G LTE en option. Con\u00e7u exclusivement pour cet appareil, le module assure une connectivit\u00e9 transparente, vous permettant de rester en ligne \u00e0 tout moment et en tout lieu. <\/p>\n\n<p>Con\u00e7u dans un souci de pr\u00e9cision et de facilit\u00e9 d&#8217;utilisation, ce module prend en charge un large \u00e9ventail de r\u00e9seaux, notamment <strong>4G TD-LTE, FDD-LTE et 3G CDMA<\/strong>, offrant ainsi une polyvalence in\u00e9gal\u00e9e pour une compatibilit\u00e9 mondiale. Aucun d\u00e9montage ni installation complexe n&#8217;est n\u00e9cessaire : l&#8217;emplacement du module 4G orient\u00e9 vers l&#8217;arri\u00e8re permet une installation rapide et directe. <\/p>\n\n<p>Que vous jouiez, travailliez ou diffusiez en continu, le module 4G LTE offre des performances stables et rapides qui rivalisent avec celles des ordinateurs portables classiques. Gr\u00e2ce \u00e0 cet accessoire essentiel, vous pouvez profiter d&#8217;un jeu et d&#8217;une productivit\u00e9 ininterrompus, m\u00eame dans des sc\u00e9narios complexes ou en d\u00e9placement.<\/p>\n\n<h4 class=\"wp-block-heading\">Caract\u00e9ristiques :<\/h4>\n\n<ul class=\"wp-block-list\">\n<li><strong>Conception adapt\u00e9e<\/strong>: Con\u00e7u exclusivement pour le GPD WIN MAX 2 (2025) afin d&#8217;assurer un ajustement parfait et une fonctionnalit\u00e9 sans faille.<\/li>\n\n\n\n<li><strong>Connectivit\u00e9 fiable<\/strong>: Permet un acc\u00e8s 4G LTE \u00e0 haut d\u00e9bit, id\u00e9al pour les jeux, le streaming et le travail.<\/li>\n\n\n\n<li><strong>Prise en charge des r\u00e9seaux mondiaux<\/strong>: Compatible avec les r\u00e9seaux 4G TD-LTE, FDD-LTE et 3G CDMA pour une utilisation dans le monde entier.<\/li>\n\n\n\n<li><strong>Installation sans effort<\/strong>: Installation rapide et s\u00fbre gr\u00e2ce \u00e0 l&#8217;emplacement du module 4G orient\u00e9 vers l&#8217;arri\u00e8re.<\/li>\n<\/ul>\n\n<h4 class=\"wp-block-heading\">Avis :<\/h4>\n\n<ol class=\"wp-block-list\">\n<li>Cet accessoire <strong>n&#8217;<\/strong> est <strong>pas compatible<\/strong> avec les mod\u00e8les ant\u00e9rieurs de la s\u00e9rie GPD WIN Max, y compris les <strong>versions 2024, 2023 et 2021<\/strong>. Il est exclusivement con\u00e7u pour le <strong>GPD WIN Max 2 (2025<\/strong>). <\/li>\n\n\n\n<li>Veuillez v\u00e9rifier l&#8217;ann\u00e9e du mod\u00e8le de votre appareil pour vous assurer de sa compatibilit\u00e9 avant l&#8217;achat.<\/li>\n<\/ol>\n","protected":false},"excerpt":{"rendered":"<ul>\n<li>Con\u00e7u sp\u00e9cifiquement pour le GPD WIN MAX 2 (2025)<\/li>\n<li>Prise en charge &#8211; 4G TD-LTE, FDD-LTE, 3G CDMA.<\/li>\n<li>Prise en charge de la 4G TD-LTE, FDD-LTE et 3G CDMA<\/li>\n<li>Fente Nano-SIM pour une utilisation facile<\/li>\n<li>Mod\u00e8le Quectel EG25-G<\/li>\n<\/ul>\n<pre><b>IMPORTANT<\/b>\nL'INSTALLATION N\u00c9CESSITE UN DISPOSITIF D'OUVERTURE\nLES COMPOSANTS SONT PETITS ET D\u00c9LICATS\nNOUS NE SOMMES PAS RESPONSABLES DES DOMMAGES CAUS\u00c9S PAR LE CLIENT<\/pre>\n[cg_accordion title=\"INFO PAIEMENT\"]<\/p>\n<p>Nous utilisons les derni\u00e8res technologies en mati\u00e8re de traitement des paiements, ce qui vous permet de r\u00e9gler vos achats par carte de d\u00e9bit\/cr\u00e9dit ou par PayPal pour une exp\u00e9rience rapide et s\u00e9curis\u00e9e.[\/cg_accordion]\n[cg_accordion title=\"GARANTIE\"]<\/p>\n<p>2 ans de garantie de <a href=\"https:\/\/droix.net\/\" target=\"_blank\" rel=\"nofollow noopener\">DROIX Global<\/a> pour votre tranquillit\u00e9 d&#8217;esprit[\/cg_accordion]\n[cg_accordion title=\"ASSURANCE QUALIT\u00c9 ET ESSAIS AVANT EXP\u00c9DITION\"]<\/p>\n<p>Garantir la satisfaction du client au plus haut niveau : Chaque appareil est soumis \u00e0 des tests rigoureux et \u00e0 un contr\u00f4le de qualit\u00e9 en plusieurs points avant d&#8217;\u00eatre exp\u00e9di\u00e9. Notre \u00e9quipe d\u00e9di\u00e9e v\u00e9rifie les performances, la fonctionnalit\u00e9 et l&#8217;int\u00e9grit\u00e9 des composants pour garantir que votre appareil GPD est en parfait \u00e9tat de fonctionnement \u00e0 l&#8217;arriv\u00e9e, vous procurant ainsi confiance et tranquillit\u00e9 d&#8217;esprit. [\/cg_accordion]\n[cg_accordion title=\"PRIX, TAXES ET FRAIS DE PORT\"]<\/p>\n<p><strong><u>Remarque :<\/u><\/strong><\/p>\n<ul>\n<li>Clients des \u00c9tats-Unis : Le prix affich\u00e9 n&#8217;inclut pas les taxes ni les droits de douane. La responsabilit\u00e9 du d\u00e9douanement et du paiement des taxes\/droits associ\u00e9s incombe au client. <\/li>\n<li>Clients de l&#8217;UE : Le prix affich\u00e9 inclut la TAXE applicable, qui peut s&#8217;\u00e9lever jusqu&#8217;\u00e0 25 % selon votre pays.<\/li>\n<li>Clients du Canada : Le prix affich\u00e9 comprend les taxes applicables, qui peuvent inclure la TPS de 5 % et des taxes de vente provinciales (TVP), la taxe de vente harmonis\u00e9e (TVH) ou la taxe de vente du Qu\u00e9bec (TVQ) suppl\u00e9mentaires, selon votre province.<\/li>\n<\/ul>\n<p>Pour nos clients am\u00e9ricains : Les commandes sont exp\u00e9di\u00e9es DAP (Delivered At Place). Bien que les clients soient responsables du paiement de tous les tarifs applicables, nous nous appuyons sur notre vaste exp\u00e9rience en mati\u00e8re d&#8217;exp\u00e9dition depuis le Royaume-Uni pour vous assurer que vous payez le moins de frais possible. D&#8217;apr\u00e8s nos dossiers, ces frais ne d\u00e9passent g\u00e9n\u00e9ralement pas 10 % de la valeur de l&#8217;article.  <\/p>\n<p><strong>Pour les clients de l&#8217;UE SEULEMENT :<\/strong> Express DDP (Delivered Duty Paid). Cela signifie que : <\/p>\n<ul>\n<li>Tous les droits de douane et taxes sont inclus dans le prix affich\u00e9 sur la page du produit.<\/li>\n<li>Vous n&#8217;aurez pas \u00e0 payer de frais suppl\u00e9mentaires \u00e0 la livraison.<\/li>\n<li>Dans les rares cas de probl\u00e8mes douaniers, notre \u00e9quipe s&#8217;occupera de la proc\u00e9dure de d\u00e9douanement en votre nom afin d&#8217;assurer une livraison sans probl\u00e8me.<\/li>\n<p>Informations importantes concernant les retours :<\/p>\n<li>Si vous d\u00e9cidez de retourner votre commande ou de demander un remboursement, sachez que les taxes et les droits pay\u00e9s en votre nom dans le cadre du DDP ne peuvent pas \u00eatre rembours\u00e9s.<\/li>\n<p>Veuillez vous r\u00e9f\u00e9rer \u00e0 nos <a href=\"https:\/\/droix.net\/terms-and-conditions\/\" target=\"_blank\" rel=\"nofollow noopener\">conditions g\u00e9n\u00e9rales<\/a> pour des informations d\u00e9taill\u00e9es.\n<\/ul>\n<p>[\/cg_accordion]\n[cg_accordion title=\"SOUTIEN \u00c0 LA CLIENT\u00c8LE\"]<\/p>\n<p>Vous avez une question ? Il suffit d&#8217;un petit texto pour que votre probl\u00e8me soit r\u00e9solu ! <\/p>\n<p>Veuillez vous r\u00e9f\u00e9rer \u00e0 nos <a href=\"https:\/\/gpdstore.net\/fr\/terms-of-service\/\" target=\"_blank\" rel=\"nofollow noopener\">conditions g\u00e9n\u00e9rales<\/a> pour des informations d\u00e9taill\u00e9es.\n<\/ul>\n<p>[\/cg_accordion]\n[cg_accordion title=\"CE QUI EST INCLUS\"]<\/p>\n<ul>\n<li>1x GPD WIN MAX 2 2025 Module LTE<\/li>\n<\/ul>\n<p>[\/cg_accordion]\n","protected":false},"featured_media":11605,"template":"","meta":{"_acf_changed":false},"product_brand":[],"product_cat":[1221],"product_tag":[15845,1770],"woo-feed-brand":[],"class_list":{"0":"post-1062057","1":"product","2":"type-product","3":"status-publish","4":"has-post-thumbnail","6":"product_cat-accessoires-fr","7":"product_tag-20xmsale-fr-2","8":"product_tag-gpd-wm2-accessoire-fr","9":"product_shipping_class-low-end","10":"pa_accessory-type-complements","11":"pa_brand-gpd","13":"first","14":"instock","15":"sale","16":"taxable","17":"shipping-taxable","18":"purchasable","19":"product-type-simple"},"acf":[],"aioseo_notices":[],"_links":{"self":[{"href":"https:\/\/gpdstore.net\/fr\/wp-json\/wp\/v2\/product\/1062057","targetHints":{"allow":["GET"]}}],"collection":[{"href":"https:\/\/gpdstore.net\/fr\/wp-json\/wp\/v2\/product"}],"about":[{"href":"https:\/\/gpdstore.net\/fr\/wp-json\/wp\/v2\/types\/product"}],"wp:featuredmedia":[{"embeddable":true,"href":"https:\/\/gpdstore.net\/fr\/wp-json\/wp\/v2\/media\/11605"}],"wp:attachment":[{"href":"https:\/\/gpdstore.net\/fr\/wp-json\/wp\/v2\/media?parent=1062057"}],"wp:term":[{"taxonomy":"product_brand","embeddable":true,"href":"https:\/\/gpdstore.net\/fr\/wp-json\/wp\/v2\/product_brand?post=1062057"},{"taxonomy":"product_cat","embeddable":true,"href":"https:\/\/gpdstore.net\/fr\/wp-json\/wp\/v2\/product_cat?post=1062057"},{"taxonomy":"product_tag","embeddable":true,"href":"https:\/\/gpdstore.net\/fr\/wp-json\/wp\/v2\/product_tag?post=1062057"},{"taxonomy":"woo-feed-brand","embeddable":true,"href":"https:\/\/gpdstore.net\/fr\/wp-json\/wp\/v2\/woo-feed-brand?post=1062057"}],"curies":[{"name":"wp","href":"https:\/\/api.w.org\/{rel}","templated":true}]}}