{"id":4619,"date":"2023-03-23T16:49:44","date_gmt":"2023-03-23T16:49:44","guid":{"rendered":"https:\/\/gpdstore.net\/politique-en-matiere-de-cookies\/"},"modified":"2024-12-11T13:39:17","modified_gmt":"2024-12-11T13:39:17","slug":"politique-en-matiere-de-cookies","status":"publish","type":"page","link":"https:\/\/gpdstore.net\/fr\/politique-en-matiere-de-cookies\/","title":{"rendered":"Politique en mati\u00e8re de cookies"},"content":{"rendered":"\n<p>La pr\u00e9sente politique en mati\u00e8re de cookies doit \u00eatre consid\u00e9r\u00e9e en concordance avec les <a href=\"https:\/\/gpdstore.net\/fr\/conditions-de-service\/\" target=\"_blank\" data-type=\"URL\" data-id=\"\/terms-of-service\/\" rel=\"noreferrer noopener\">conditions g\u00e9n\u00e9rales<\/a>, la <a href=\"https:\/\/gpdstore.net\/fr\/politique-de-remboursement-et-de-retour\/\" target=\"_blank\" data-type=\"URL\" data-id=\"\/refund-and-returns-policy\/\" rel=\"noreferrer noopener\">politique en mati\u00e8re de retours et de remboursements<\/a> et la <a href=\"https:\/\/gpdstore.net\/fr\/politique-de-confidentialite\/\" target=\"_blank\" data-type=\"URL\" data-id=\"\/privacy-policy\/\" rel=\"noreferrer noopener\">politique en mati\u00e8re de protection de la vie priv\u00e9e<\/a>.<\/p>\n\n<ol class=\"wp-block-list\">\n<li>Les pr\u00e9sentes conditions de vente s&#8217;appliquent \u00e0 toutes les marchandises fournies par DroiX US Corp (le fournisseur).\n<ol class=\"wp-block-list\">\n<li>Dans le pr\u00e9sent contrat, les r\u00e9f\u00e9rences sont les suivantes : Nous (DroiX US Corp) sommes le Fournisseur, et vous (le Client)<\/li>\n<\/ol>\n<\/li>\n<\/ol>\n\n<ol class=\"wp-block-list\">\n<li>Le site web du fournisseur utilise des cookies pour distinguer le client, c&#8217;est-\u00e0-dire vous, des autres utilisateurs du site web. Cela permet au Fournisseur de vous offrir une bonne exp\u00e9rience lorsque vous naviguez sur le site Web du Fournisseur et permet \u00e9galement au Fournisseur d&#8217;am\u00e9liorer notre site. En continuant \u00e0 naviguer sur le site, vous acceptez l&#8217;utilisation de cookies par le Fournisseur.  <\/li>\n\n\n\n<li>Un cookie est un petit fichier de lettres et de chiffres que le fournisseur stocke sur votre navigateur ou sur le disque dur de votre ordinateur ou de votre t\u00e9l\u00e9phone portable si vous y consentez. Les cookies contiennent des informations qui sont transf\u00e9r\u00e9es sur le disque dur de votre ordinateur. <\/li>\n\n\n\n<li>Le fournisseur utilise les cookies suivants :\n<ol class=\"wp-block-list\">\n<li>Cookies strictement n\u00e9cessaires. Il s&#8217;agit des cookies n\u00e9cessaires au fonctionnement du site web du fournisseur. Ils comprennent, par exemple, les cookies qui vous permettent de vous connecter \u00e0 des zones s\u00e9curis\u00e9es du site web du fournisseur et d&#8217;effectuer des transactions.  <\/li>\n\n\n\n<li>Cookies analytiques\/de performance. Ils permettent au fournisseur de reconna\u00eetre et de compter le nombre de visiteurs et de voir comment les visiteurs se d\u00e9placent sur le site web du fournisseur lorsqu&#8217;ils l&#8217;utilisent. Cela aide le fournisseur \u00e0 am\u00e9liorer le fonctionnement du site web, par exemple en veillant \u00e0 ce que les utilisateurs trouvent facilement ce qu&#8217;ils cherchent.  <\/li>\n\n\n\n<li>Le fournisseur utilise les cookies de Google Analytics. Google Analytics collecte des informations de mani\u00e8re anonyme. Il rapporte les tendances du site web sans identifier les visiteurs individuels. Vous pouvez d\u00e9sactiver Google Analytics sans que cela n&#8217;affecte la fa\u00e7on dont vous visitez ce site. Pour plus d&#8217;informations sur Google Analytics, veuillez cliquer ici.    <\/li>\n\n\n\n<li>Cookies de ciblage. Ces cookies enregistrent votre visite sur le site web du fournisseur, les pages que vous avez visit\u00e9es et les liens que vous avez suivis. Le fournisseur utilise ces informations pour rendre le site web et la publicit\u00e9 qui y est affich\u00e9e plus pertinents par rapport \u00e0 vos int\u00e9r\u00eats. Le fournisseur peut \u00e9galement partager ces informations avec des tiers \u00e0 cette fin.   <\/li>\n<\/ol>\n<\/li>\n\n\n\n<li>Veuillez noter que des tiers (y compris, par exemple, des r\u00e9seaux publicitaires et des fournisseurs de services externes tels que des services d&#8217;analyse du trafic web) peuvent \u00e9galement utiliser des cookies sur lesquels le fournisseur n&#8217;a aucun contr\u00f4le. Ces cookies sont susceptibles d&#8217;\u00eatre des cookies analytiques\/de performance ou des cookies de ciblage. <\/li>\n\n\n\n<li>Vous pouvez bloquer les cookies en activant les param\u00e8tres de votre navigateur qui vous permettent de refuser l&#8217;installation de tous les cookies ou de certains d&#8217;entre eux. Toutefois, si vous utilisez les param\u00e8tres de votre navigateur pour bloquer tous les cookies (y compris les cookies essentiels), il se peut que vous ne puissiez pas acc\u00e9der \u00e0 tout ou partie du site web du fournisseur. <\/li>\n<\/ol>\n\n<p>Derni\u00e8re mise \u00e0 jour de la politique en mati\u00e8re de cookies : 23 mars 2023 &#8211; 16:48PM.<\/p>\n","protected":false},"excerpt":{"rendered":"<p>La pr\u00e9sente politique en mati\u00e8re de cookies doit \u00eatre consid\u00e9r\u00e9e en concordance avec les conditions g\u00e9n\u00e9rales, la politique en mati\u00e8re de retours et de remboursements et la politique en mati\u00e8re de protection de la vie priv\u00e9e. Derni\u00e8re mise \u00e0 jour de la politique en mati\u00e8re de cookies : 23 mars 2023 &#8211; 16:48PM.<\/p>\n","protected":false},"author":1,"featured_media":0,"parent":0,"menu_order":0,"comment_status":"closed","ping_status":"closed","template":"template-fullwidth.php","meta":{"_acf_changed":false,"footnotes":""},"class_list":["post-4619","page","type-page","status-publish","hentry"],"acf":[],"aioseo_notices":[],"_links":{"self":[{"href":"https:\/\/gpdstore.net\/fr\/wp-json\/wp\/v2\/pages\/4619","targetHints":{"allow":["GET"]}}],"collection":[{"href":"https:\/\/gpdstore.net\/fr\/wp-json\/wp\/v2\/pages"}],"about":[{"href":"https:\/\/gpdstore.net\/fr\/wp-json\/wp\/v2\/types\/page"}],"author":[{"embeddable":true,"href":"https:\/\/gpdstore.net\/fr\/wp-json\/wp\/v2\/users\/1"}],"replies":[{"embeddable":true,"href":"https:\/\/gpdstore.net\/fr\/wp-json\/wp\/v2\/comments?post=4619"}],"version-history":[{"count":0,"href":"https:\/\/gpdstore.net\/fr\/wp-json\/wp\/v2\/pages\/4619\/revisions"}],"wp:attachment":[{"href":"https:\/\/gpdstore.net\/fr\/wp-json\/wp\/v2\/media?parent=4619"}],"curies":[{"name":"wp","href":"https:\/\/api.w.org\/{rel}","templated":true}]}}