{"id":4398,"date":"2023-03-23T16:51:27","date_gmt":"2023-03-23T16:51:27","guid":{"rendered":"https:\/\/gpdstore.net\/politique-de-confidentialite\/"},"modified":"2024-12-11T13:47:54","modified_gmt":"2024-12-11T13:47:54","slug":"politique-de-confidentialite","status":"publish","type":"page","link":"https:\/\/gpdstore.net\/fr\/politique-de-confidentialite\/","title":{"rendered":"Politique de confidentialit\u00e9"},"content":{"rendered":"\n<p>La politique de confidentialit\u00e9 suivante doit \u00eatre consid\u00e9r\u00e9e en concordance avec les <a href=\"https:\/\/gpdstore.net\/fr\/conditions-de-service\/\" target=\"_blank\" data-type=\"URL\" data-id=\"\/terms-of-service\/\" rel=\"noreferrer noopener\">conditions g\u00e9n\u00e9rales<\/a>, la <a href=\"https:\/\/gpdstore.net\/fr\/politique-de-remboursement-et-de-retour\/\" target=\"_blank\" data-type=\"URL\" data-id=\"\/refund-and-returns-policy\/\" rel=\"noreferrer noopener\">politique de retour et de remboursement<\/a> et la <a href=\"https:\/\/gpdstore.net\/fr\/politique-en-matiere-de-cookies\/\" target=\"_blank\" data-type=\"URL\" data-id=\"\/cookies-policy\/\" rel=\"noreferrer noopener\">politique en mati\u00e8re de cookies<\/a>.<\/p>\n\n<ol class=\"wp-block-list\">\n<li>Les pr\u00e9sentes conditions de vente s&#8217;appliquent \u00e0 toutes les marchandises fournies par DroiX US Corp (le fournisseur).\n<ol class=\"wp-block-list\">\n<li>Dans le pr\u00e9sent contrat, les r\u00e9f\u00e9rences sont les suivantes : Nous (DroiX US Corp) sommes le Fournisseur, et vous (le Client)<\/li>\n<\/ol>\n<\/li>\n<\/ol>\n\n<h2 class=\"wp-block-heading\" id=\"h-navigation\">Navigation<\/h2>\n\n<ul class=\"wp-block-list\">\n<li>COLLECTE DE DONN\u00c9ES<\/li>\n\n\n\n<li>TRAITEMENT DES DONN\u00c9ES<\/li>\n\n\n\n<li>PROTECTION DES DONN\u00c9ES<\/li>\n\n\n\n<li>POLITIQUE DE CONFIDENTIALIT\u00c9<\/li>\n<\/ul>\n\n<h2 class=\"wp-block-heading\" id=\"h-data-collection\">COLLECTE DE DONN\u00c9ES<\/h2>\n\n<ol class=\"wp-block-list\">\n<li>Le fournisseur recueille des informations personnelles vous concernant lorsque vous achetez ses produits.<\/li>\n\n\n\n<li>Le fournisseur recueille des informations personnelles aupr\u00e8s de vous et de tous les appareils (y compris les appareils mobiles) que vous utilisez lorsque vous vous inscrivez pour ouvrir un compte chez nous, fournissez au fournisseur des informations sur un formulaire web, mettez \u00e0 jour ou ajoutez des informations \u00e0 votre compte, participez \u00e0 un forum d&#8217;assistance ou lorsque vous correspondez d&#8217;une autre mani\u00e8re avec le fournisseur.\n<ol class=\"wp-block-list\">\n<li>Certaines de ces informations personnelles, telles que la mani\u00e8re de vous identifier, sont n\u00e9cessaires pour accepter les conditions g\u00e9n\u00e9rales de service du fournisseur. La fourniture de toutes les autres informations personnelles est volontaire, mais peut \u00eatre n\u00e9cessaire pour utiliser nos services, par exemple pour participer \u00e0 des concours ou \u00e0 des tirages au sort, ou pour fournir les informations n\u00e9cessaires \u00e0 la conclusion d&#8217;une transaction. <\/li>\n<\/ol>\n<\/li>\n\n\n\n<li>Les informations personnelles que vous communiquez au fournisseur lorsque vous effectuez un achat ou que vous vous inscrivez sur un compte aupr\u00e8s du fournisseur :\n<ol class=\"wp-block-list\">\n<li>Des informations d&#8217;identification telles que votre nom, votre adresse, votre num\u00e9ro de t\u00e9l\u00e9phone ou votre adresse \u00e9lectronique lorsque vous cr\u00e9ez un compte chez nous.<\/li>\n\n\n\n<li>Les informations relatives aux commandes qui sont li\u00e9es \u00e0 votre compte \u00e0 la suite d&#8217;une transaction \u00e0 laquelle vous participez.<\/li>\n\n\n\n<li>Autres contenus que vous g\u00e9n\u00e9rez ou qui sont li\u00e9s \u00e0 votre compte (comme l&#8217;ajout d&#8217;articles \u00e0 votre panier).<\/li>\n\n\n\n<li>des informations financi\u00e8res (telles que les num\u00e9ros de carte de cr\u00e9dit ou de compte bancaire) dans le cadre d&#8217;une transaction.<\/li>\n\n\n\n<li>Les informations relatives \u00e0 l&#8217;affranchissement, \u00e0 la facturation et autres utilis\u00e9es pour acheter ou envoyer un article, ainsi que les informations relatives \u00e0 l&#8217;affranchissement (telles que les num\u00e9ros de suivi et les mises \u00e0 jour du suivi).<\/li>\n\n\n\n<li>Vous pouvez \u00e9galement fournir au fournisseur d&#8217;autres informations par le biais d&#8217;un formulaire web, en mettant \u00e0 jour ou en ajoutant des informations \u00e0 votre compte, en participant \u00e0 des discussions sur des forums, \u00e0 des demandes d&#8217;assistance ou lorsque vous communiquez d&#8217;une autre mani\u00e8re avec le fournisseur au sujet des biens et services du fournisseur.<\/li>\n\n\n\n<li>Informations suppl\u00e9mentaires que le fournisseur est tenu ou autoris\u00e9 par les lois nationales applicables \u00e0 collecter et \u00e0 traiter afin de vous authentifier ou de vous identifier ou de v\u00e9rifier les informations collect\u00e9es par le fournisseur.<\/li>\n<\/ol>\n<\/li>\n\n\n\n<li>Les informations personnelles que le fournisseur recueille automatiquement lorsque vous effectuez un achat ou que vous vous inscrivez sur un compte aupr\u00e8s du fournisseur :\n<ol class=\"wp-block-list\">\n<li>Le fournisseur recueille des informations sur votre interaction avec le site web, vos pr\u00e9f\u00e9rences en mati\u00e8re de publicit\u00e9 et vos communications avec le fournisseur. Il s&#8217;agit d&#8217;informations que le fournisseur re\u00e7oit des appareils (y compris les appareils mobiles) que vous utilisez lorsque vous acc\u00e9dez aux parties du site web du fournisseur. Ces informations peuvent comprendre les \u00e9l\u00e9ments suivants ID de l&#8217;appareil ou identifiant unique, type d&#8217;appareil, ID pour la publicit\u00e9 et jeton d&#8217;appareil unique.  <\/li>\n\n\n\n<li>les informations de localisation, y compris les informations de localisation de votre appareil mobile. N&#8217;oubliez pas que la plupart des appareils mobiles vous permettent de contr\u00f4ler ou de d\u00e9sactiver l&#8217;utilisation des services de localisation par n&#8217;importe quelle application sur votre appareil mobile dans le menu des param\u00e8tres de l&#8217;appareil. <\/li>\n\n\n\n<li>Informations relatives \u00e0 l&#8217;ordinateur et \u00e0 la connexion, telles que les statistiques sur les pages consult\u00e9es, le trafic vers et depuis les sites, l&#8217;URL de r\u00e9f\u00e9rence, les donn\u00e9es publicitaires, votre adresse IP, votre historique de navigation et les informations de votre journal web.<\/li>\n<\/ol>\n<\/li>\n\n\n\n<li>Informations personnelles collect\u00e9es par le fournisseur \u00e0 l&#8217;aide de cookies et de technologies similaires\n<ol class=\"wp-block-list\">\n<li>Le fournisseur utilise des cookies, des balises web, des identificateurs uniques et des technologies similaires pour collecter des informations sur les pages que vous consultez, les liens sur lesquels vous cliquez et d&#8217;autres actions que vous effectuez lorsque vous naviguez sur le site web du fournisseur, dans la publicit\u00e9 du fournisseur ou dans le contenu des courriels. Pour plus d&#8217;informations sur l&#8217;utilisation de ces technologies et sur la mani\u00e8re de les contr\u00f4ler, consultez notre Politique en mati\u00e8re de cookies. <\/li>\n<\/ol>\n<\/li>\n\n\n\n<li>Informations personnelles collect\u00e9es aupr\u00e8s d&#8217;autres sources\n<ol class=\"wp-block-list\">\n<li>Le fournisseur compl\u00e8te les informations personnelles qu&#8217;il recueille directement par des informations collect\u00e9es aupr\u00e8s de tiers et les ajoute aux informations de votre compte. Par exemple, le fournisseur recueille et utilise des informations d\u00e9mographiques et d&#8217;autres informations accessibles au public dans une juridiction applicable, des informations de contact suppl\u00e9mentaires, des informations de v\u00e9rification de cr\u00e9dit et des informations provenant d&#8217;agences d&#8217;\u00e9valuation du cr\u00e9dit, dans la mesure o\u00f9 les lois nationales applicables l&#8217;autorisent. <\/li>\n\n\n\n<li>M\u00e9dias sociaux &#8211; Le Fournisseur vous permet de partager des informations avec des sites de m\u00e9dias sociaux, ou d&#8217;utiliser des sites de m\u00e9dias sociaux pour cr\u00e9er votre compte ou pour connecter votre compte avec le site de m\u00e9dias sociaux concern\u00e9. Ces sites de m\u00e9dias sociaux peuvent donner au fournisseur un acc\u00e8s automatique \u00e0 certaines informations personnelles qu&#8217;ils conservent \u00e0 votre sujet (par exemple, le contenu que vous avez consult\u00e9, le contenu que vous avez aim\u00e9, et les informations sur les publicit\u00e9s qui vous ont \u00e9t\u00e9 montr\u00e9es ou sur lesquelles vous avez cliqu\u00e9, etc.) Si vous donnez au fournisseur l&#8217;acc\u00e8s \u00e0 un site contenant des vid\u00e9os, vous acceptez que le fournisseur puisse partager vos vid\u00e9os avec des sites de m\u00e9dias sociaux tiers ou obtenir des informations sur vos vid\u00e9os pendant au moins deux ans ou jusqu&#8217;\u00e0 ce que vous retiriez l&#8217;autorisation ou la connexion au site de m\u00e9dias sociaux. Vous contr\u00f4lez les informations personnelles auxquelles vous permettez au fournisseur d&#8217;acc\u00e9der par le biais des param\u00e8tres de confidentialit\u00e9 du site de m\u00e9dia social concern\u00e9 et des autorisations que vous donnez au fournisseur lorsque vous lui accordez l&#8217;acc\u00e8s aux informations personnelles vous concernant conserv\u00e9es par le site de m\u00e9dia social concern\u00e9. En associant un compte g\u00e9r\u00e9 par un site de m\u00e9dias sociaux \u00e0 votre compte et en autorisant le fournisseur \u00e0 acc\u00e9der \u00e0 ces informations, vous acceptez que le fournisseur puisse collecter, utiliser et conserver les informations fournies par ces sites de m\u00e9dias sociaux conform\u00e9ment au pr\u00e9sent avis de confidentialit\u00e9. Le Fournisseur peut \u00e9galement utiliser des plugins ou d&#8217;autres technologies provenant de divers sites de m\u00e9dias sociaux. Si vous cliquez sur un lien fourni par un plugin de m\u00e9dia social, vous \u00e9tablissez volontairement une connexion avec ce site de m\u00e9dia social.      <\/li>\n\n\n\n<li>Si vous communiquez au fournisseur des informations personnelles concernant une autre personne, vous ne devez le faire qu&#8217;avec l&#8217;autorisation de cette personne. Vous devez l&#8217;informer de la mani\u00e8re dont le fournisseur recueille, utilise, divulgue et conserve ses informations personnelles conform\u00e9ment aux conditions g\u00e9n\u00e9rales du fournisseur. <\/li>\n<\/ol>\n<\/li>\n\n\n\n<li>Informations destin\u00e9es \u00e0 aider le fournisseur \u00e0 vous fournir ses services.\n<ol class=\"wp-block-list\">\n<li>Le fournisseur travaille en \u00e9troite collaboration avec des tiers afin de l&#8217;aider \u00e0 vous fournir des services. Ces tiers sont des partenaires commerciaux pour les services techniques, de paiement et de livraison, des r\u00e9seaux publicitaires, des fournisseurs d&#8217;analyses, des fournisseurs d&#8217;informations de recherche, des agences de r\u00e9f\u00e9rence de cr\u00e9dit, des agences de pr\u00e9vention des fraudes et des d\u00e9veloppeurs. Les informations que le fournisseur peut recueillir sur vous aupr\u00e8s de ces parties peuvent inclure des informations de recherche de cr\u00e9dit, des informations qui aident le fournisseur \u00e0 v\u00e9rifier votre identit\u00e9 ou des informations relatives \u00e0 vos transactions de paiement.  <\/li>\n\n\n\n<li>Si vous l&#8217;y autorisez, le fournisseur recueillera des listes d&#8217;amis aupr\u00e8s de Facebook et des informations similaires aupr\u00e8s d&#8217;autres tiers tels que Twitter et Google, et le fournisseur pourra p\u00e9riodiquement recollecter ces informations afin de rester \u00e0 jour.<\/li>\n<\/ol>\n<\/li>\n<\/ol>\n\n<h2 class=\"wp-block-heading\" id=\"h-data-processing\">TRAITEMENT DES DONN\u00c9ES<\/h2>\n\n<ol class=\"wp-block-list\">\n<li>Le fournisseur n&#8217;utilisera vos donn\u00e9es personnelles que si la loi l&#8217;y autorise. Le plus souvent, le fournisseur peut utiliser vos donn\u00e9es personnelles (telles que vos informations soumises, vos informations de localisation ou vos informations de transaction) pour se faire une id\u00e9e de ce qu&#8217;il pense que vous voulez ou avez besoin, ou de ce qui peut vous int\u00e9resser. <\/li>\n\n\n\n<li>Le fournisseur n&#8217;utilisera vos donn\u00e9es \u00e0 caract\u00e8re personnel qu&#8217;aux fins pour lesquelles il les a collect\u00e9es, \u00e0 moins qu&#8217;il ne consid\u00e8re raisonnablement qu&#8217;il doit les utiliser pour une autre raison et que cette raison est compatible avec l&#8217;objectif initial.<\/li>\n\n\n\n<li>Si vous donnez votre consentement explicite, le fournisseur peut utiliser vos donn\u00e9es d&#8217;identit\u00e9, de contact, techniques, d&#8217;utilisation et\/ou de profil pour se faire une id\u00e9e de ce qu&#8217;il pense que vous voulez ou avez besoin, ou de ce qui peut vous int\u00e9resser. Vous pouvez retirer votre consentement \u00e0 tout moment. Dans certaines circonstances limit\u00e9es, le fournisseur peut vous contacter au sujet de produits similaires lorsque vous avez achet\u00e9 des produits aupr\u00e8s du fournisseur et que vous n&#8217;avez pas refus\u00e9 de recevoir ces informations.  <\/li>\n\n\n\n<li>Refus \/ d\u00e9sabonnement &#8211; Vous pouvez demander au fournisseur de cesser de vous envoyer des messages marketing \u00e0 tout moment en suivant les liens de d\u00e9sabonnement figurant sur tout message marketing qui vous est envoy\u00e9 ou en contactant le fournisseur \u00e0 tout moment. Si vous refusez de recevoir ces messages marketing, il se peut que vous continuiez \u00e0 recevoir des messages \u00e0 d&#8217;autres fins (par exemple pour vous fournir les informations relatives \u00e0 la commande ou au produit). <\/li>\n\n\n\n<li>Le fournisseur peut divulguer les donn\u00e9es qu&#8217;il recueille aupr\u00e8s de vous \u00e0 certains tiers qui utilisent les donn\u00e9es personnelles dans le cadre de la prestation de leurs services au fournisseur. Ils utilisent les donn\u00e9es de mani\u00e8re s\u00fbre et confidentielle et dans le cadre de contr\u00f4les contractuels stricts conform\u00e9ment aux lois sur la protection des donn\u00e9es.<\/li>\n\n\n\n<li>Vous pouvez retirer votre consentement \u00e0 tout moment apr\u00e8s avoir donn\u00e9 votre consentement explicite en contactant le fournisseur.<\/li>\n<\/ol>\n\n<h2 class=\"wp-block-heading\" id=\"h-data-protection\">PROTECTION DES DONN\u00c9ES<\/h2>\n\n<ol class=\"wp-block-list\">\n<li>Le fournisseur prendra toutes les pr\u00e9cautions raisonnables pour s\u00e9curiser les d\u00e9tails de votre commande et de votre paiement, mais, sauf en cas de n\u00e9gligence de sa part, il ne sera pas responsable de l&#8217;acc\u00e8s non autoris\u00e9 aux informations que vous avez fournies.<\/li>\n\n\n\n<li>Le Fournisseur limite l&#8217;acc\u00e8s \u00e0 vos donn\u00e9es personnelles aux employ\u00e9s, agents, contractants et autres tiers qui ont un besoin professionnel de les conna\u00eetre. Ils ne traiteront vos donn\u00e9es personnelles que sur les instructions du Fournisseur et sont soumis \u00e0 un devoir de confidentialit\u00e9. <\/li>\n\n\n\n<li>Le fournisseur a mis en place des proc\u00e9dures pour traiter toute violation pr\u00e9sum\u00e9e de donn\u00e9es \u00e0 caract\u00e8re personnel et vous notifiera, ainsi qu&#8217;\u00e0 tout r\u00e9gulateur applicable, une violation lorsque le fournisseur est l\u00e9galement tenu de le faire.<\/li>\n<\/ol>\n\n<h2 class=\"wp-block-heading\" id=\"h-privacy-policy\">POLITIQUE DE CONFIDENTIALIT\u00c9<\/h2>\n\n<ol class=\"wp-block-list\">\n<li>Le fournisseur ne stocke pas les donn\u00e9es des cartes de cr\u00e9dit et ne partage pas les donn\u00e9es des clients avec des tiers ill\u00e9gitimes.<\/li>\n\n\n\n<li>Le fournisseur ne conservera vos donn\u00e9es \u00e0 caract\u00e8re personnel que pendant la dur\u00e9e n\u00e9cessaire \u00e0 la r\u00e9alisation des objectifs pour lesquels il les a collect\u00e9es, y compris pour satisfaire \u00e0 des exigences l\u00e9gales, comptables ou d&#8217;information.<\/li>\n\n\n\n<li>Le fournisseur conservera g\u00e9n\u00e9ralement les donn\u00e9es de ses clients pendant une p\u00e9riode de 6 (six) ans apr\u00e8s la fin d&#8217;un contrat, afin de s&#8217;assurer que le fournisseur est en mesure de vous aider si vous avez des questions ou des commentaires concernant les produits du fournisseur, ou pour prot\u00e9ger ou d\u00e9fendre ses droits l\u00e9gaux, ou \u00e0 des fins fiscales.<\/li>\n\n\n\n<li>Lorsque le fournisseur a trait\u00e9 vos donn\u00e9es personnelles pour vous fournir des communications marketing avec votre consentement, il peut vous contacter au moins tous les douze (12) mois pour s&#8217;assurer que vous \u00eates d&#8217;accord pour continuer \u00e0 recevoir ces communications. Si vous informez le fournisseur que vous ne souhaitez plus recevoir de telles communications, vos donn\u00e9es personnelles seront supprim\u00e9es des listes de marketing du fournisseur (mais seront ajout\u00e9es \u00e0 une liste de personnes \u00e0 ne pas contacter). <\/li>\n\n\n\n<li>Lorsque le fournisseur a trait\u00e9 vos donn\u00e9es pour toute autre raison (par exemple, lorsque vous avez contact\u00e9 le fournisseur pour lui poser une question concernant des produits ou des services), le fournisseur conservera vos donn\u00e9es pendant douze (12) mois.<\/li>\n\n\n\n<li>Dans certaines circonstances, le fournisseur peut anonymiser vos donn\u00e9es personnelles (de sorte qu&#8217;elles ne puissent plus \u00eatre associ\u00e9es \u00e0 vous) \u00e0 des fins de recherche ou de statistiques, auquel cas le fournisseur peut utiliser ces informations ind\u00e9finiment sans vous en avertir.<\/li>\n\n\n\n<li>Dans certaines circonstances, vous avez des droits en vertu des lois sur la protection des donn\u00e9es en ce qui concerne vos donn\u00e9es personnelles. Ces droits sont d\u00e9taill\u00e9s ci-dessous : \n<ol class=\"wp-block-list\">\n<li>Demander l&#8217;acc\u00e8s \u00e0 vos donn\u00e9es \u00e0 caract\u00e8re personnel (commun\u00e9ment appel\u00e9 &#8220;demande d&#8217;acc\u00e8s de la personne concern\u00e9e&#8221;). Cela vous permet de recevoir une copie des donn\u00e9es personnelles que le fournisseur d\u00e9tient \u00e0 votre sujet et de v\u00e9rifier que le fournisseur les traite l\u00e9galement. <\/li>\n\n\n\n<li>Demander la correction des donn\u00e9es personnelles que le fournisseur d\u00e9tient \u00e0 votre sujet. Cela vous permet de faire corriger les donn\u00e9es incompl\u00e8tes ou inexactes que le fournisseur d\u00e9tient \u00e0 votre sujet, bien que le fournisseur puisse avoir besoin de v\u00e9rifier l&#8217;exactitude des nouvelles donn\u00e9es que vous lui fournissez. <\/li>\n\n\n\n<li>Demander l&#8217;effacement de vos donn\u00e9es \u00e0 caract\u00e8re personnel. Cela vous permet de demander au fournisseur d&#8217;effacer ou de supprimer des donn\u00e9es \u00e0 caract\u00e8re personnel lorsqu&#8217;il n&#8217;y a pas de raison valable pour que le fournisseur continue \u00e0 les traiter. Vous avez \u00e9galement le droit de demander au fournisseur de supprimer ou d&#8217;effacer vos donn\u00e9es \u00e0 caract\u00e8re personnel lorsque vous avez exerc\u00e9 avec succ\u00e8s votre droit d&#8217;opposition au traitement, lorsque le fournisseur peut avoir trait\u00e9 vos informations de mani\u00e8re ill\u00e9gale ou lorsque le fournisseur est tenu d&#8217;effacer vos donn\u00e9es \u00e0 caract\u00e8re personnel pour se conformer \u00e0 la l\u00e9gislation locale. Notez toutefois que le fournisseur peut ne pas toujours \u00eatre en mesure d&#8217;acc\u00e9der \u00e0 votre demande d&#8217;effacement pour des raisons juridiques sp\u00e9cifiques qui vous seront notifi\u00e9es, le cas \u00e9ch\u00e9ant, au moment de votre demande.   <\/li>\n\n\n\n<li>S&#8217;opposer au traitement de vos donn\u00e9es \u00e0 caract\u00e8re personnel lorsque le fournisseur s&#8217;appuie sur un int\u00e9r\u00eat l\u00e9gitime (ou sur ceux d&#8217;un tiers) et qu&#8217;un \u00e9l\u00e9ment de votre situation particuli\u00e8re vous incite \u00e0 vous opposer au traitement pour ce motif, car vous estimez qu&#8217;il a une incidence sur vos droits et libert\u00e9s fondamentaux. Vous avez \u00e9galement le droit de vous opposer au traitement de vos donn\u00e9es \u00e0 caract\u00e8re personnel par le fournisseur \u00e0 des fins de marketing direct. Dans certains cas, le fournisseur peut d\u00e9montrer qu&#8217;il a des motifs l\u00e9gitimes imp\u00e9rieux de traiter vos informations qui l&#8217;emportent sur vos droits et libert\u00e9s.  <\/li>\n\n\n\n<li>Demander la limitation du traitement de vos donn\u00e9es personnelles. Vous pouvez ainsi demander au fournisseur de suspendre le traitement de vos donn\u00e9es \u00e0 caract\u00e8re personnel dans les cas suivants : si vous souhaitez que le fournisseur v\u00e9rifie l&#8217;exactitude des donn\u00e9es ; si l&#8217;utilisation des donn\u00e9es par le fournisseur est ill\u00e9gale mais que vous ne souhaitez pas que le fournisseur les efface ; si le fournisseur doit conserver les donn\u00e9es m\u00eame s&#8217;il n&#8217;en a plus besoin car vous en avez besoin pour \u00e9tablir, exercer ou d\u00e9fendre des droits l\u00e9gaux ; ou si vous vous \u00eates oppos\u00e9 \u00e0 l&#8217;utilisation de vos donn\u00e9es par le fournisseur mais que ce dernier doit v\u00e9rifier s&#8217;il a des motifs l\u00e9gitimes imp\u00e9rieux d&#8217;utiliser ces donn\u00e9es. <\/li>\n\n\n\n<li>Demander le transfert de vos donn\u00e9es \u00e0 caract\u00e8re personnel (en tant que personne concern\u00e9e) \u00e0 vous-m\u00eame ou \u00e0 un tiers. Retirer votre consentement \u00e0 tout moment lorsque le fournisseur s&#8217;appuie sur ce consentement pour traiter vos donn\u00e9es \u00e0 caract\u00e8re personnel. Toutefois, cela n&#8217;affectera pas la l\u00e9galit\u00e9 de tout traitement effectu\u00e9 avant que vous ne retiriez votre consentement. Si vous retirez votre consentement, le fournisseur peut ne pas \u00eatre en mesure de vous fournir certains produits ou services. Le fournisseur vous informera si tel est le cas au moment o\u00f9 vous retirez votre consentement. Si vous souhaitez exercer l&#8217;un des droits susmentionn\u00e9s, veuillez contacter directement le fournisseur \u00e0 l&#8217;aide de ses coordonn\u00e9es.     <\/li>\n\n\n\n<li>En r\u00e8gle g\u00e9n\u00e9rale, aucun frais n&#8217;est exig\u00e9 et vous n&#8217;aurez pas \u00e0 payer de frais pour acc\u00e9der \u00e0 vos donn\u00e9es \u00e0 caract\u00e8re personnel (ou pour exercer l&#8217;un des autres droits). Toutefois, le fournisseur peut facturer des frais raisonnables si votre demande est manifestement infond\u00e9e, r\u00e9p\u00e9titive ou excessive. Le fournisseur peut \u00e9galement refuser de donner suite \u00e0 votre demande dans ces circonstances.  <\/li>\n<\/ol>\n<\/li>\n\n\n\n<li>Le fournisseur peut avoir besoin de vous demander des informations sp\u00e9cifiques pour l&#8217;aider \u00e0 confirmer votre identit\u00e9 et garantir votre droit d&#8217;acc\u00e8s \u00e0 vos donn\u00e9es \u00e0 caract\u00e8re personnel (ou d&#8217;exercice de vos autres droits). Il s&#8217;agit d&#8217;une mesure de s\u00e9curit\u00e9 visant \u00e0 garantir que les donn\u00e9es \u00e0 caract\u00e8re personnel ne sont pas divulgu\u00e9es \u00e0 une personne qui n&#8217;a pas le droit de les recevoir. Le fournisseur peut \u00e9galement vous contacter pour vous demander des informations compl\u00e9mentaires en rapport avec votre demande afin d&#8217;acc\u00e9l\u00e9rer sa r\u00e9ponse.  <\/li>\n\n\n\n<li>Vous avez le droit de d\u00e9poser une plainte \u00e0 tout moment aupr\u00e8s de l&#8217;ICO, l&#8217;autorit\u00e9 de contr\u00f4le britannique pour les questions de protection des donn\u00e9es (\u00e0 l&#8217;adresse www.ico.org.uk). Le fournisseur appr\u00e9cierait toutefois de pouvoir r\u00e9pondre \u00e0 vos pr\u00e9occupations avant que vous ne vous adressiez \u00e0 l&#8217;ICO ; veuillez donc nous contacter en premier lieu. <\/li>\n<\/ol>\n\n<p>Derni\u00e8re mise \u00e0 jour de la politique de confidentialit\u00e9 : 23 mars, 2023 &#8211; 4:50PM.<\/p>\n","protected":false},"excerpt":{"rendered":"<p>La politique de confidentialit\u00e9 suivante doit \u00eatre consid\u00e9r\u00e9e en concordance avec les conditions g\u00e9n\u00e9rales, la politique de retour et de remboursement et la politique en mati\u00e8re de cookies. Navigation COLLECTE DE DONN\u00c9ES TRAITEMENT DES DONN\u00c9ES PROTECTION DES DONN\u00c9ES POLITIQUE DE CONFIDENTIALIT\u00c9 Derni\u00e8re mise \u00e0 jour de la politique de confidentialit\u00e9 : 23 mars, 2023 &#8211; [&hellip;]<\/p>\n","protected":false},"author":1,"featured_media":0,"parent":0,"menu_order":0,"comment_status":"closed","ping_status":"closed","template":"template-fullwidth.php","meta":{"_acf_changed":false,"footnotes":""},"class_list":["post-4398","page","type-page","status-publish","hentry"],"acf":[],"aioseo_notices":[],"_links":{"self":[{"href":"https:\/\/gpdstore.net\/fr\/wp-json\/wp\/v2\/pages\/4398","targetHints":{"allow":["GET"]}}],"collection":[{"href":"https:\/\/gpdstore.net\/fr\/wp-json\/wp\/v2\/pages"}],"about":[{"href":"https:\/\/gpdstore.net\/fr\/wp-json\/wp\/v2\/types\/page"}],"author":[{"embeddable":true,"href":"https:\/\/gpdstore.net\/fr\/wp-json\/wp\/v2\/users\/1"}],"replies":[{"embeddable":true,"href":"https:\/\/gpdstore.net\/fr\/wp-json\/wp\/v2\/comments?post=4398"}],"version-history":[{"count":0,"href":"https:\/\/gpdstore.net\/fr\/wp-json\/wp\/v2\/pages\/4398\/revisions"}],"wp:attachment":[{"href":"https:\/\/gpdstore.net\/fr\/wp-json\/wp\/v2\/media?parent=4398"}],"curies":[{"name":"wp","href":"https:\/\/api.w.org\/{rel}","templated":true}]}}