{"id":808721,"date":"2024-11-21T09:56:41","date_gmt":"2024-11-21T09:56:41","guid":{"rendered":"https:\/\/gpdstore.net\/?post_type=product&#038;p=808721"},"modified":"2025-12-23T10:03:37","modified_gmt":"2025-12-23T10:03:37","slug":"gpd-duo-protective-case","status":"publish","type":"product","link":"https:\/\/gpdstore.net\/fi\/product\/gpd-duo-protective-case\/","title":{"rendered":"GPD DUO Suojakotelo"},"content":{"rendered":"\n<p>Suojaa GPD DUO -laitteesi tyylill\u00e4 <strong>virallisella GPD DUO -suojakotelolla<\/strong>. Yksinomaan GPD DUO:lle suunniteltu tyylik\u00e4s ja kest\u00e4v\u00e4 suojakotelo tarjoaa t\u00e4ydellisen yhdistelm\u00e4n toiminnallisuutta ja suojaa. Olitpa sitten ty\u00f6matkalla, matkalla tai vain s\u00e4ilytt\u00e4m\u00e4ss\u00e4 laitettasi, t\u00e4m\u00e4 kotelo varmistaa, ett\u00e4 GPD DUO pysyy turvassa.  <\/p>\n\n<p>Kotelossa on <strong>tukeva kankainen ulkopinta<\/strong>, joka suojaa laitettasi ulkoisilta vaurioilta, ja <strong>pehme\u00e4, pehmustettu sis\u00e4pinta<\/strong>, joka suojaa naarmuilta ja iskuilta. Kompaktin muotoilunsa ansiosta se mahtuu helposti GPD DUO -laitteeseesi ja j\u00e4tt\u00e4\u00e4 tilaa t\u00e4rkeille tarvikkeille. <\/p>\n\n<p>Kotelossa on <strong>kaksoiskahvat<\/strong> helppoa kantamista varten ja <strong>s\u00e4\u00e4dett\u00e4v\u00e4 olkahihna<\/strong>, joten voit kantaa sit\u00e4 joustavasti sinulle parhaiten sopivalla tavalla. Kevyen rakenteensa ansiosta se on ihanteellinen liikkeell\u00e4 oleville k\u00e4ytt\u00e4jille, jotka haluavat luotettavaa suojaa ilman turhaa tilaa. <\/p>\n\n<h3 class=\"wp-block-heading\"><strong>T\u00e4rkeimm\u00e4t ominaisuudet:<\/strong><\/h3>\n\n<ul class=\"wp-block-list\">\n<li>Virallinen GPD-tuote, joka on suunniteltu erityisesti GPD DUO:lle.<\/li>\n\n\n\n<li>Kest\u00e4v\u00e4 kangas ulkopuoli parantaa suojaa<\/li>\n\n\n\n<li>Pehme\u00e4, pehmustettu sis\u00e4puoli suojaa laitetta naarmuilta ja iskuilta.<\/li>\n\n\n\n<li>Kaksoiskahvat ja s\u00e4\u00e4dett\u00e4v\u00e4 olkahihna monipuolisia kantovaihtoehtoja varten<\/li>\n\n\n\n<li>Kompakti ja kevyt rakenne takaa maksimaalisen siirrett\u00e4vyyden<\/li>\n<\/ul>\n\n<p>Voit ottaa GPD DUO -laitteesi mukaan minne tahansa luottavaisin mielin tiet\u00e4en, ett\u00e4 se on suojattu kotelolla, jossa yhdistyv\u00e4t k\u00e4yt\u00e4nn\u00f6llisyys, kest\u00e4vyys ja tyyli.<\/p>\n\n<p><\/p>\n","protected":false},"excerpt":{"rendered":"<ul>\n<li>Virallinen <strong>GPD-tuote<\/strong> <\/li>\n<li>Suunniteltu erityisesti <strong>GPD DUO<\/strong>:lle<\/li>\n<li>Kest\u00e4v\u00e4 kangas ulkopuoli parantaa suojaa<\/li>\n<li>Pehme\u00e4, pehmustettu sisus est\u00e4\u00e4 naarmuja ja iskuja.<\/li>\n<li>Sis\u00e4lt\u00e4\u00e4 sek\u00e4 kaksoiskahvat ett\u00e4 s\u00e4\u00e4dett\u00e4v\u00e4n olkahihnan monipuolisia kantovaihtoehtoja varten.<\/li>\n<\/ul>\n[cg_accordion title=\"MAKSUTIEDOT\"]<\/p>\n<p>K\u00e4yt\u00e4mme uusinta tekniikkaa maksujen k\u00e4sittelyss\u00e4, jonka avulla voit tehd\u00e4 maksun Apple Payn, Google Payn, pankki- tai luottokortin, PayPalin tai BNPL-menetelmien, kuten Klarnan, Affirmin tai AfterPayn kautta, mik\u00e4 takaa nopean ja turvallisen maksukokemuksen.[\/cg_accordion]\n[cg_accordion title=\"TAKUU\"]<\/p>\n<p>2 vuoden takuu <a href=\"https:\/\/droix.net\/\" target=\"_blank\" rel=\"nofollow noopener\">DROIX Globalilta<\/a> mielenrauhasi vuoksi[\/cg_accordion]\n[cg_accordion title=\"HINNOITTELU, VEROT JA TOIMITUKSET\"]<\/p>\n<p><strong><u>Huom:<\/u><\/strong><\/p>\n<ul>\n<li>Yhdysvallat Asiakkaat: Asiakkaat: N\u00e4ytetty hinta EI sis\u00e4ll\u00e4 veroja eik\u00e4 tulleja. Vastuu tulliselvityksest\u00e4 ja siihen liittyvien verojen\/tullien maksamisesta on asiakkaalla. <\/li>\n<li>EU:n asiakkaat: N\u00e4ytetty hinta sis\u00e4lt\u00e4\u00e4 sovellettavan veron, joka voi olla jopa 25 % maastasi riippuen.<\/li>\n<li>Kanada Asiakkaat: N\u00e4ytetty hinta sis\u00e4lt\u00e4\u00e4 sovellettavat verot, joihin voi sis\u00e4lty\u00e4 5 % GST ja ylim\u00e4\u00e4r\u00e4isi\u00e4 maakunnallisia myyntiveroja (PST), harmonisoitua myyntiveroa (HST) tai Quebecin myyntiveroa (QST) maakunnasta riippuen.<\/li>\n<\/ul>\n<p><strong>AINOASTAAN EU:n asiakkaille:<\/strong> Express DDP (Delivered Duty Paid). T\u00e4m\u00e4 tarkoittaa: <\/p>\n<ul>\n<li>Kaikki tullit ja verot sis\u00e4ltyv\u00e4t tuotesivulla ilmoitettuun hintaan.<\/li>\n<li>Sinun ei tarvitse maksaa lis\u00e4maksuja toimituksen yhteydess\u00e4.<\/li>\n<li>Harvinaisissa tulliin liittyviss\u00e4 tapauksissa tiimimme hoitaa tulliselvitysprosessin puolestasi varmistaakseen sujuvan toimituksen.<\/li>\n<p>T\u00e4rke\u00e4\u00e4 tietoa palautuksista:<\/p>\n<li>Jos p\u00e4\u00e4t\u00e4t palauttaa tilauksesi tai pyyt\u00e4\u00e4 palautusta, ota huomioon, ett\u00e4 DDP-ehtojen mukaisesti puolestasi maksettuja veroja ja tulleja ei voida palauttaa.<\/li>\n<p>Katso yksityiskohtaiset tiedot <a href=\"https:\/\/gpdstore.net\/fi\/terms-of-service\/\" target=\"_blank\" rel=\"nofollow noopener\">k\u00e4ytt\u00f6ehdoistamme<\/a>.\n<\/ul>\n<p>[\/cg_accordion]\n[cg_accordion title=\"ASIAKASTUKI\"]<\/p>\n<p>Onko kysytt\u00e4v\u00e4\u00e4? Olemme lyhyen tekstiviestin p\u00e4\u00e4ss\u00e4 siit\u00e4, ett\u00e4 ongelmasi on ratkaistu!<br \/>\n[\/cg_accordion]\n[cg_accordion title=\"MIT\u00c4 SIS\u00c4LTYY\"]<\/p>\n<ul>\n<li>1x GPD DUO kotelo<\/li>\n<\/ul>\n<p>[\/cg_accordion]\n","protected":false},"featured_media":818167,"template":"","meta":{"_acf_changed":false},"product_brand":[],"product_cat":[10091],"product_tag":[15846],"woo-feed-brand":[],"class_list":{"0":"post-808721","1":"product","2":"type-product","3":"status-publish","4":"has-post-thumbnail","6":"product_cat-tarvikkeet","7":"product_tag-20xmsale-fi-2","8":"product_shipping_class-low-end","9":"pa_accessory-type-suojakotelo","10":"pa_brand-gpd","12":"first","13":"instock","14":"sale","15":"taxable","16":"shipping-taxable","17":"purchasable","18":"product-type-simple"},"acf":[],"aioseo_notices":[],"_links":{"self":[{"href":"https:\/\/gpdstore.net\/fi\/wp-json\/wp\/v2\/product\/808721","targetHints":{"allow":["GET"]}}],"collection":[{"href":"https:\/\/gpdstore.net\/fi\/wp-json\/wp\/v2\/product"}],"about":[{"href":"https:\/\/gpdstore.net\/fi\/wp-json\/wp\/v2\/types\/product"}],"wp:featuredmedia":[{"embeddable":true,"href":"https:\/\/gpdstore.net\/fi\/wp-json\/wp\/v2\/media\/818167"}],"wp:attachment":[{"href":"https:\/\/gpdstore.net\/fi\/wp-json\/wp\/v2\/media?parent=808721"}],"wp:term":[{"taxonomy":"product_brand","embeddable":true,"href":"https:\/\/gpdstore.net\/fi\/wp-json\/wp\/v2\/product_brand?post=808721"},{"taxonomy":"product_cat","embeddable":true,"href":"https:\/\/gpdstore.net\/fi\/wp-json\/wp\/v2\/product_cat?post=808721"},{"taxonomy":"product_tag","embeddable":true,"href":"https:\/\/gpdstore.net\/fi\/wp-json\/wp\/v2\/product_tag?post=808721"},{"taxonomy":"woo-feed-brand","embeddable":true,"href":"https:\/\/gpdstore.net\/fi\/wp-json\/wp\/v2\/woo-feed-brand?post=808721"}],"curies":[{"name":"wp","href":"https:\/\/api.w.org\/{rel}","templated":true}]}}