{"id":402717,"date":"2024-08-12T15:14:19","date_gmt":"2024-08-12T15:14:19","guid":{"rendered":"https:\/\/gpdstore.net\/Ei-luokiteltu\/droix-nh8-usb-keskitin-nvmen-kanssa\/"},"modified":"2025-12-23T10:13:57","modified_gmt":"2025-12-23T10:13:57","slug":"droix-nh8-nvme-usb-hub","status":"publish","type":"product","link":"https:\/\/gpdstore.net\/fi\/product\/droix-nh8-nvme-usb-hub\/","title":{"rendered":"DroiX NH8 USB-keskitin NVMe:n kanssa"},"content":{"rendered":"\n<h3 class=\"wp-block-heading\">Esittelyss\u00e4 DroiX NH8 -keskitin NVMe-korttipaikalla: perimm\u00e4inen liit\u00e4nt\u00e4ratkaisusi!<\/h3>\n\n<h3 class=\"wp-block-heading\">Salamannopea Gigabit Ethernet<\/h3>\n\n<p>Astu internet-yhteyksien tulevaisuuteen DroiX NH8 Hubin avulla! T\u00e4ss\u00e4 keskittimess\u00e4 on vankka 10\/100\/1000M RJ45 Gigabit Ethernet -portti, ja se tarjoaa salamannopean, vakaan ja eritt\u00e4in luotettavan internet-yhteyden. Pelasitpa sitten pelej\u00e4, suoratoistopalveluja tai soitit t\u00e4rke\u00e4n videopuhelun, koe sujuva, viiveet\u00f6n suorituskyky, jonka vain langallinen yhteys voi tarjota. Sano hyv\u00e4stit Wi-Fi-ongelmille ja tervehdi tasaista nopeaa yhteytt\u00e4!   <\/p>\n\n<h3 class=\"wp-block-heading\">Henke\u00e4salpaava videol\u00e4ht\u00f6<\/h3>\n\n<p>Muunna visuaalinen kokemuksesi DroiX NH8 Hubin HDMI 2.0 -tuen avulla. Sukellatpa sitten 4K-elokuvaan, esittelet asiakkaalle tai pelaat korkeilla resoluutioilla, keskittimen tulosteet ovat upeita 4096&#215;2160-resoluutiolla ja tasaisella 60 Hz:n virkistystaajuudella. Valmistaudu lumoutumaan eloisista v\u00e4reist\u00e4 ja ter\u00e4vist\u00e4 yksityiskohdista, jotka upottavat sinut jokaiseen kuvaan.  <\/p>\n\n<h3 class=\"wp-block-heading\">Vaivaton tallennustilan laajentaminen<\/h3>\n\n<p>Loppuuko varastotila? DroiX NH8 -keskitin kattaa sinut. Sis\u00e4\u00e4nrakennetun PCIe NVMe -korttipaikan ansiosta tallennustilan laajentaminen ei ole koskaan ollut helpompaa. T\u00e4m\u00e4 korttipaikka on ihanteellinen suorituskykyisille sovelluksille tai suurten tiedostojen tallennukseen, ja se tukee huiman nopeita tiedonsiirtonopeuksia varmistaen, ett\u00e4 j\u00e4rjestelm\u00e4si toimii sujuvasti ja tehokkaasti. Mukauta tallennustilasi tarpeittesi mukaan ja pid\u00e4 laitteesi suorituskyky parhaimmillaan.    <\/p>\n\n<h3 class=\"wp-block-heading\">Nopea tiedonsiirto<\/h3>\n\n<p>Haluatko siirt\u00e4\u00e4 suuria tiedostoja hetkess\u00e4? DroiX NH8 -keskittimess\u00e4 on USB Type-A 3.0 -portti, jonka nopeat tiedonsiirtonopeudet tekev\u00e4t tiedostojen hallinnasta helppoa. Olitpa sitten liitt\u00e4m\u00e4ss\u00e4 oheislaitteita, lataamassa laitteita tai siirt\u00e4m\u00e4ss\u00e4 tietoja, t\u00e4m\u00e4 keskittimen avulla kaikki tapahtuu nopeasti ja tehokkaasti, mik\u00e4 s\u00e4\u00e4st\u00e4\u00e4 arvokasta aikaa.  <\/p>\n\n<h3 class=\"wp-block-heading\">Yleinen USB Type-C-yhteensopivuus<\/h3>\n\n<p>DroiX NH8 -keskitin on varustettu monipuolisella USB Type-C-kaapelilla, joka tarjoaa universaalin yhteensopivuuden useille eri laitteille. T\u00e4m\u00e4 all-in-one-kaapeli tukee nopean tiedonsiirron lis\u00e4ksi my\u00f6s tehokasta latausta, mik\u00e4 tekee siit\u00e4 v\u00e4ltt\u00e4m\u00e4tt\u00f6m\u00e4n kumppanin liit\u00e4nt\u00e4tarpeisiisi. Ei en\u00e4\u00e4 useiden kaapeleiden kanssa n\u00e4pyttely\u00e4 &#8211; pysy yhteydess\u00e4 helposti.  <\/p>\n\n<h3 class=\"wp-block-heading\">Saumaton median k\u00e4ytt\u00f6<\/h3>\n\n<p>DroiX NH8 Hubin integroidun SD-kortinlukijan avulla voit k\u00e4ytt\u00e4\u00e4 ja siirt\u00e4\u00e4 mediaa vaivattomasti. T\u00e4m\u00e4 ominaisuus tukee sek\u00e4 Micro SD- ett\u00e4 SD-kortteja, joten voit varmuuskopioida tai k\u00e4ytt\u00e4\u00e4 nopeasti tiedostojasi, olivatpa ne sitten valokuvia, videoita tai t\u00e4rkeit\u00e4 asiakirjoja. Mukavuus ei ole koskaan ollut n\u00e4in helposti saatavilla.  <\/p>\n\n<h3 class=\"wp-block-heading\">Verraton monipuolisuus<\/h3>\n\n<p>DroiX NH8 Hubin erottaa muista sen vertaansa vailla oleva monipuolisuus. Hubi on suunniteltu toimimaan saumattomasti monenlaisten USB Type-C -laitteiden kanssa &#8211; olipa kyse sitten PC:st\u00e4, mini-PC:st\u00e4, kannettavista tietokoneista, kannettavista tietokoneista, kannettavista pelilaitteista tai muista &#8211; ja se mukautuu tarpeisiisi tarjoten huippuluokan suorituskyky\u00e4 kaikkialla. Se ei ole pelkk\u00e4 keskittin, vaan liitett\u00e4vyyden voimanpes\u00e4.  <\/p>\n\n<h3 class=\"wp-block-heading\">Johtop\u00e4\u00e4t\u00f6kset: Paranna yhteyskokemustasi<\/h3>\n\n<p>DroiX NH8 Hub on enemm\u00e4n kuin pelkk\u00e4 liit\u00e4nt\u00e4ty\u00f6kalu; se on kattava ratkaisu, joka on suunniteltu vastaamaan nykyp\u00e4iv\u00e4n tekniikkaa arvostavien k\u00e4ytt\u00e4jien moninaisiin tarpeisiin. Jokainen ominaisuus heijastaa ylivoimaista suunnittelua, poikkeuksellista suorituskyky\u00e4 ja tulevaisuuteen suuntautuvaa l\u00e4hestymistapaa liitett\u00e4vyyteen. Paranna kokemustasi ja muuta tapasi muodostaa yhteyksi\u00e4 DroiX NH8 Hubin avulla!  <\/p>\n\n<p>Tutustu tarkemmin <strong>Droix NH8 USB Hubin k\u00e4yt\u00f6n aloittaminen<\/strong> -oppaaseen.<\/p>\n\n<p><\/p>\n","protected":false},"excerpt":{"rendered":"<ul>\n<li>DroiX<strong> NH8 <\/strong>USB-keskitin NVMe:n kanssa<\/li>\n<li><strong>10\/100\/1000M<\/strong> Gigabit Ethernet<\/li>\n<li><strong>Sis\u00e4\u00e4nrakennettu PCIe NVMe -paikka<\/strong> tallennustilan laajentamista varten<\/li>\n<li><strong>4K-n\u00e4yt\u00f6n ulostulo<\/strong> HDMI:n kautta<\/li>\n<li><strong>MicroSD- \/ SD-korttipaikka<\/strong> &#8211; jopa 5 Gbps nopeudella<\/li>\n<\/ul>\n[cg_accordion title=\"MAKSUTIEDOT\"]<\/p>\n<p>K\u00e4yt\u00e4mme uusinta tekniikkaa maksujen k\u00e4sittelyss\u00e4, jonka avulla voit tehd\u00e4 maksun pankki- tai luottokortilla tai PayPalilla, mik\u00e4 takaa nopean ja turvallisen k\u00e4ytt\u00f6kokemuksen.[\/cg_accordion]\n[cg_accordion title=\"TAKUU\"]<\/p>\n<p>2 vuoden takuu <a href=\"https:\/\/droix.net\/\" target=\"_blank\" rel=\"nofollow noopener\">DROIX Globalilta<\/a> mielenrauhasi vuoksi[\/cg_accordion]\n[cg_accordion title=\"LAADUNVARMISTUS JA L\u00c4HETYST\u00c4 EDELT\u00c4V\u00c4 TESTAUS\"]<\/p>\n<p>Asiakastyytyv\u00e4isyyden varmistaminen korkeimmalla tasolla: Jokainen laite testataan tiukasti ja sille tehd\u00e4\u00e4n monipisteinen laadunvarmistustarkastus ennen sen l\u00e4hett\u00e4mist\u00e4. Asialle omistautunut tiimimme tarkistaa suorituskyvyn, toimivuuden ja komponenttien eheyden, jotta GPD-laitteesi on t\u00e4ydellisess\u00e4 toimintakunnossa saapuessasi, mik\u00e4 antaa sinulle luottamusta ja mielenrauhaa. [\/cg_accordion]\n[cg_accordion title=\"HINNOITTELU, VEROT JA TOIMITUKSET\"]<\/p>\n<p><strong><u>Huom:<\/u><\/strong><\/p>\n<ul>\n<li>Yhdysvallat Asiakkaat: Asiakkaat: N\u00e4ytetty hinta EI sis\u00e4ll\u00e4 veroja eik\u00e4 tulleja. Asiakas on vastuussa tulliselvityksest\u00e4 ja siihen liittyvien verojen ja tullien maksamisesta. <\/li>\n<li>EU:n asiakkaat: N\u00e4ytetty hinta sis\u00e4lt\u00e4\u00e4 sovellettavan veron, joka voi olla jopa 25 % maastasi riippuen.<\/li>\n<li>Kanada Asiakkaat: N\u00e4ytetty hinta sis\u00e4lt\u00e4\u00e4 sovellettavat verot, joihin voi sis\u00e4lty\u00e4 5 % GST ja ylim\u00e4\u00e4r\u00e4isi\u00e4 maakunnallisia myyntiveroja (PST), harmonisoitua myyntiveroa (HST) tai Quebecin myyntiveroa (QST) maakunnasta riippuen.<\/li>\n<\/ul>\n<p><strong>AINOASTAAN EU:n asiakkaille:<\/strong> Express DDP (Delivered Duty Paid). T\u00e4m\u00e4 tarkoittaa: <\/p>\n<ul>\n<li>Kaikki tullit ja verot sis\u00e4ltyv\u00e4t tuotesivulla ilmoitettuun hintaan.<\/li>\n<li>Sinun ei tarvitse maksaa lis\u00e4maksuja toimituksen yhteydess\u00e4.<\/li>\n<li>Harvinaisissa tulliin liittyviss\u00e4 tapauksissa tiimimme hoitaa tulliselvitysprosessin puolestasi varmistaakseen sujuvan toimituksen.<\/li>\n<p>T\u00e4rke\u00e4\u00e4 tietoa palautuksista:<\/p>\n<li>Jos p\u00e4\u00e4t\u00e4t palauttaa tilauksesi tai pyyt\u00e4\u00e4 palautusta, ota huomioon, ett\u00e4 DDP-ehtojen mukaisesti puolestasi maksettuja veroja ja tulleja ei voida palauttaa.<\/li>\n<p>Katso yksityiskohtaiset tiedot <a href=\"https:\/\/droix.net\/terms-and-conditions\/\" target=\"_blank\" rel=\"nofollow noopener\">k\u00e4ytt\u00f6ehdoistamme<\/a>.\n<\/ul>\n<p>[\/cg_accordion]\n[cg_accordion title=\"ASIAKASTUKI\"]<\/p>\n<p>Onko kysytt\u00e4v\u00e4\u00e4? Olemme lyhyen tekstiviestin p\u00e4\u00e4ss\u00e4 siit\u00e4, ett\u00e4 ongelmasi on ratkaistu! <\/p>\n<p>Katso yksityiskohtaiset tiedot <a href=\"https:\/\/gpdstore.net\/fi\/terms-of-service\/\" target=\"_blank\" rel=\"nofollow noopener\">k\u00e4ytt\u00f6ehdoistamme<\/a>.\n<\/ul>\n<p>[\/cg_accordion]\n[cg_accordion title=\"MIT\u00c4 SIS\u00c4LTYY\"]<\/p>\n<ul>\n<li>1x DroiX NH8 USB-keskitin NVMe:ll\u00e4 1x DroiX NH8 USB-keskitin NVMe:ll\u00e4<\/li>\n<\/ul>\n<p>[\/cg_accordion]\n","protected":false},"featured_media":381798,"template":"","meta":{"_acf_changed":false},"product_brand":[],"product_cat":[10091],"product_tag":[14813,10092],"woo-feed-brand":[9971],"class_list":{"0":"post-402717","1":"product","2":"type-product","3":"status-publish","4":"has-post-thumbnail","6":"product_cat-tarvikkeet","7":"product_tag-40xmsale-fi","8":"product_tag-droix-hub-fi","9":"product_shipping_class-low-end","10":"pa_brand-droix","11":"pa_i-o-video-1x-hdmi-fi","12":"woo-feed-brand-droix-fi","14":"first","15":"outofstock","16":"sale","17":"taxable","18":"shipping-taxable","19":"purchasable","20":"product-type-variable","21":"has-default-attributes"},"acf":[],"aioseo_notices":[],"_links":{"self":[{"href":"https:\/\/gpdstore.net\/fi\/wp-json\/wp\/v2\/product\/402717","targetHints":{"allow":["GET"]}}],"collection":[{"href":"https:\/\/gpdstore.net\/fi\/wp-json\/wp\/v2\/product"}],"about":[{"href":"https:\/\/gpdstore.net\/fi\/wp-json\/wp\/v2\/types\/product"}],"wp:featuredmedia":[{"embeddable":true,"href":"https:\/\/gpdstore.net\/fi\/wp-json\/wp\/v2\/media\/381798"}],"wp:attachment":[{"href":"https:\/\/gpdstore.net\/fi\/wp-json\/wp\/v2\/media?parent=402717"}],"wp:term":[{"taxonomy":"product_brand","embeddable":true,"href":"https:\/\/gpdstore.net\/fi\/wp-json\/wp\/v2\/product_brand?post=402717"},{"taxonomy":"product_cat","embeddable":true,"href":"https:\/\/gpdstore.net\/fi\/wp-json\/wp\/v2\/product_cat?post=402717"},{"taxonomy":"product_tag","embeddable":true,"href":"https:\/\/gpdstore.net\/fi\/wp-json\/wp\/v2\/product_tag?post=402717"},{"taxonomy":"woo-feed-brand","embeddable":true,"href":"https:\/\/gpdstore.net\/fi\/wp-json\/wp\/v2\/woo-feed-brand?post=402717"}],"curies":[{"name":"wp","href":"https:\/\/api.w.org\/{rel}","templated":true}]}}