{"id":387790,"date":"2024-05-08T15:41:24","date_gmt":"2024-05-08T15:41:24","guid":{"rendered":"https:\/\/gpdstore.net\/Ei-luokiteltu\/gpd-win-4-telakointiasema\/"},"modified":"2025-12-23T10:17:28","modified_gmt":"2025-12-23T10:17:28","slug":"gpd-win-4-docking-station","status":"publish","type":"product","link":"https:\/\/gpdstore.net\/fi\/product\/gpd-win-4-docking-station\/","title":{"rendered":"GPD WIN 4 telakointiasema"},"content":{"rendered":"\n<h3 class=\"wp-block-heading\"><strong>Muunna GPD WIN 4 p\u00f6yt\u00e4koneeksi virallisen telakointiaseman avulla.<\/strong><\/h3>\n\n<p>Nosta k\u00e4sikonsolin pelikokemuksesi ty\u00f6p\u00f6yd\u00e4n tasolle GPD WIN 4 -telakointiaseman avulla. T\u00e4m\u00e4 t\u00e4rke\u00e4 lis\u00e4varuste ei ainoastaan laajenna liit\u00e4nt\u00e4mahdollisuuksia, vaan my\u00f6s parantaa laitteesi toiminnallisuutta ja tekee siit\u00e4 t\u00e4ysin varustellun p\u00f6yt\u00e4tietokoneen.<\/p>\n\n<h3 class=\"wp-block-heading\"><strong>Parannettu USB-liitett\u00e4vyys<\/strong><\/h3>\n\n<p>GPD WIN 4 -telakointiasemassa on kolme USB 3.2 Gen 2 Type-A -porttia, jotka tarjoavat jopa 10 Gbps:n nopeuden erilaisten oheislaitteiden, kuten n\u00e4pp\u00e4imist\u00f6jen, hiirien ja nopeiden ulkoisten tallennuslaitteiden, liitt\u00e4miseen.<\/p>\n\n<p>Siin\u00e4 on my\u00f6s USB 3.2 Gen 2 Type-C -portti, joka on suunniteltu pikalataukseen ja tukee tehokkaita latureita, jotta laitteesi saa nopeasti virtaa.<\/p>\n\n<h3 class=\"wp-block-heading\"><strong>Ylivoimaiset n\u00e4ytt\u00f6asetukset<\/strong><\/h3>\n\n<p>Koe korkearesoluutioinen kuva liitt\u00e4m\u00e4ll\u00e4 GPD WIN 4 ulkoiseen n\u00e4ytt\u00f6\u00f6n tai televisioon HDMI 2.0 -portin kautta. T\u00e4m\u00e4n asetelman avulla voit k\u00e4ytt\u00e4\u00e4 GPD WIN 4:n n\u00e4ytt\u00f6\u00e4 toissijaisena n\u00e4ytt\u00f6n\u00e4 ja parantaa tuottavuutta ja pelikokemusta kaksoisn\u00e4ytt\u00f6ominaisuuksien avulla.<\/p>\n\n<h3 class=\"wp-block-heading\"><strong>Nopea ja turvallinen Internet-yhteys<\/strong><\/h3>\n\n<p>Telakointiasemassa on 1 Gbps:n RJ45 Ethernet -portti, joka tarjoaa nopean ja turvallisen yhteyden suoratoistoon, pelaamiseen ja tiedonsiirtoon, joka ylitt\u00e4\u00e4 langattomat nopeudet ja turvallisuuden.<\/p>\n\n<h3 class=\"wp-block-heading\"><strong>Kompakti muotoilu maksimaalista siirrett\u00e4vyytt\u00e4 varten<\/strong><\/h3>\n\n<p>GPD WIN 4 -telakointiasema on pienikokoinen, sill\u00e4 sen mitat ovat vain 3,4 x 5,6 x 3,2 tuumaa ja se painaa vain 224 g. T\u00e4m\u00e4 tekee siit\u00e4 uskomattoman kannettavan ja helposti integroitavissa mihin tahansa ty\u00f6tilaan ilman sotkua. Sen muotoilussa on irrotettava takaosa, joka tukee telakan ja laitteen helppoa liitt\u00e4mist\u00e4 ja kuljettamista.<\/p>\n\n<p>Lis\u00e4ksi telakointiaseman muotoilu j\u00e4tt\u00e4\u00e4 GPD WIN 4:n toisen USB Type-C-portin vapaaksi, jolloin voit liitt\u00e4\u00e4 siihen tehokkaita oheislaitteita, kuten ulkoisen n\u00e4yt\u00f6nohjaimen, mik\u00e4 parantaa asetustasi entisest\u00e4\u00e4n.<\/p>\n\n<h3 class=\"wp-block-heading\"><strong>GPD WIN 4 -telakointiaseman hyv\u00e4t ja huonot puolet<\/strong><\/h3>\n\n<h3 class=\"wp-block-heading\"><strong>Plussaa:<\/strong><\/h3>\n\n<ul class=\"wp-block-list\">\n<li>Useita USB 3.2 Gen 2 Type-A -portteja erilaisille oheislaitteille<\/li>\n\n\n\n<li>HDMI 2.0 -l\u00e4ht\u00f6 ulkoisille n\u00e4yt\u00f6ille tai televisioille<\/li>\n\n\n\n<li>Nopea 1 Gbps Ethernet luotettavaa internet-yhteytt\u00e4 varten.<\/li>\n\n\n\n<li>USB Type-C -portti laitteen nopeaa latausta varten<\/li>\n<\/ul>\n\n<h3 class=\"wp-block-heading\"><strong>Miinukset:<\/strong><\/h3>\n\n<ul class=\"wp-block-list\">\n<li>Puuttuu ylim\u00e4\u00e4r\u00e4inen USB Type-C -portti oheislaitteiden liit\u00e4nt\u00f6j\u00e4 varten.<\/li>\n<\/ul>\n\n<h3 class=\"wp-block-heading\"><strong>Telakointiaseman k\u00e4yt\u00f6n edut<\/strong><\/h3>\n\n<p>Telakointiasema yksinkertaistaa ty\u00f6nkulkuasi liitt\u00e4m\u00e4ll\u00e4 kannettavan tietokoneen useisiin oheislaitteisiin yhdell\u00e4 kaapelilla. T\u00e4m\u00e4 ei ainoastaan auta siivoamaan ty\u00f6tilaa, vaan my\u00f6s lis\u00e4\u00e4 tuottavuutta mahdollistamalla kahden n\u00e4yt\u00f6n asetukset. Lis\u00e4ksi se minimoi laitteesi porttien kulumista ja pident\u00e4\u00e4 GPD WIN 4 -laitteen k\u00e4ytt\u00f6ik\u00e4\u00e4, sill\u00e4 se v\u00e4hent\u00e4\u00e4 useiden kaapeleiden usein toistuvaa kytkemist\u00e4 ja irrottamista.<\/p>\n\n<p>Sijoita GPD WIN 4 -telakointiasemaan jo t\u00e4n\u00e4\u00e4n ja muuta peliasennuksesi ja virtaviivaista ty\u00f6tilaasi, jolloin GPD WIN 4 ei ole pelkk\u00e4 pelilaite vaan kattava ty\u00f6asema.<\/p>\n","protected":false},"excerpt":{"rendered":"<ul>\n<li>Tallenna ja lataa <strong>GPD WIN 4<\/strong><\/li>\n<li>Tee kannettavasta tietokoneesta <strong>ty\u00f6p\u00f6yt\u00e4<\/strong><\/li>\n<li>Kytke kaikki oheislaitteet.<\/li>\n<li><strong>GPD WIN 4<\/strong>:lle suunniteltu virallinen GPD-telakka.<\/li>\n<li>Pieni, kevyt ja matkustusyst\u00e4v\u00e4llinen<\/li>\n<\/ul>\n[cg_accordion title=\"MAKSUTIEDOT\"]<\/p>\n<p>K\u00e4yt\u00e4mme uusinta tekniikkaa maksujen k\u00e4sittelyss\u00e4, jonka avulla voit tehd\u00e4 maksun pankki- tai luottokortilla tai PayPalilla, mik\u00e4 takaa nopean ja turvallisen kokemuksen.[\/cg_accordion]\n[cg_accordion title=\"TAKUU\"]<\/p>\n<p>2 vuoden takuu <a href=\"https:\/\/droix.net\/\" target=\"_blank\" rel=\"nofollow noopener\">DROIX Global ilta mielenrauhasi vuoksi<\/a> [\/cg_accordion]\n[cg_accordion title=\"HINNOITTELU, VEROT JA TOIMITUKSET\"]<\/p>\n<p><strong><u>Huom:<\/u><\/strong><br \/>\n &#8211; Yhdysvallat Asiakkaat: Asiakkaat: N\u00e4ytetty hinta sis\u00e4lt\u00e4\u00e4 kaikki sovellettavat verot.<br \/>\n &#8211; EU:n asiakkaat: N\u00e4ytetty hinta sis\u00e4lt\u00e4\u00e4 sovellettavan veron, joka voi olla jopa 25 % maastasi riippuen.<br \/>\n &#8211; Kanada-asiakkaat: N\u00e4ytetty hinta sis\u00e4lt\u00e4\u00e4 sovellettavat verot, joihin voi sis\u00e4lty\u00e4 5 % GST ja ylim\u00e4\u00e4r\u00e4isi\u00e4 maakunnallisia myyntiveroja (PST), harmonisoitua myyntiveroa (HST) tai Quebecin myyntiveroa (QST) maakunnasta riippuen.[\/cg_accordion]\n[cg_accordion title=\"TOIMITUKSET JA PALAUTUKSET\"]<\/p>\n<p>J\u00e4rjest\u00e4j\u00e4n\u00e4 <a href=\"https:\/\/droix.net\/\" target=\"_blank\" rel=\"nofollow noopener\">DroiX,<\/a> virallinen GPD-j\u00e4lleenmyyj\u00e4, toimitamme DHL Express DDP (Delivered Duty Paid). T\u00e4m\u00e4 tarkoittaa seuraavaa: <\/p>\n<p>Express DDP (Delivered Duty Paid). T\u00e4m\u00e4 tarkoittaa:<br \/>\n &#8211; Kaikki tullimaksut ja verot sis\u00e4ltyv\u00e4t tuotesivulla esitettyyn hintaan.<br \/>\n &#8211; Sinun ei tarvitse maksaa mit\u00e4\u00e4n lis\u00e4maksuja toimituksen yhteydess\u00e4.<br \/>\n &#8211; Harvinaisissa tulliin liittyviss\u00e4 tapauksissa tiimimme hoitaa tulliselvitysprosessin puolestasi varmistaakseen sujuvan toimituksen. <\/p>\n<p>T\u00e4rke\u00e4\u00e4 tietoa palautuksista:<br \/>\n &#8211; Jos p\u00e4\u00e4t\u00e4t palauttaa tilauksesi tai pyyt\u00e4\u00e4 palautusta, ota huomioon, ett\u00e4 DDP-ehtojen mukaisesti puolestasi maksettuja veroja ja tulleja ei voida palauttaa.<\/p>\n<p>Katso yksityiskohtaiset tiedot <a href=\"https:\/\/gpdstore.net\/fi\/terms-of-service\/\" target=\"_blank\" rel=\"nofollow noopener\">k\u00e4ytt\u00f6ehdoistamme<\/a>.[\/cg_accordion]\n[cg_accordion title=\"MIT\u00c4 SIS\u00c4LTYY\"]<\/p>\n<ul>\n<li>1x GPD WIN 4 telakka<\/li>\n<\/ul>\n<p>[\/cg_accordion]\n","protected":false},"featured_media":387791,"template":"","meta":{"_acf_changed":false},"product_brand":[],"product_cat":[10091],"product_tag":[18565],"woo-feed-brand":[9922],"class_list":{"0":"post-387790","1":"product","2":"type-product","3":"status-publish","4":"has-post-thumbnail","6":"product_cat-tarvikkeet","7":"product_tag-gpd-win-4-accessory-fi","8":"product_shipping_class-low-end","9":"product_shipping_class-standard","11":"pa_accessory-type-telakointiasema","12":"pa_brand-gpd","13":"woo-feed-brand-gpd-fi","15":"first","16":"outofstock","17":"taxable","18":"shipping-taxable","19":"purchasable","20":"product-type-variable","21":"has-default-attributes"},"acf":[],"aioseo_notices":[],"_links":{"self":[{"href":"https:\/\/gpdstore.net\/fi\/wp-json\/wp\/v2\/product\/387790","targetHints":{"allow":["GET"]}}],"collection":[{"href":"https:\/\/gpdstore.net\/fi\/wp-json\/wp\/v2\/product"}],"about":[{"href":"https:\/\/gpdstore.net\/fi\/wp-json\/wp\/v2\/types\/product"}],"wp:featuredmedia":[{"embeddable":true,"href":"https:\/\/gpdstore.net\/fi\/wp-json\/wp\/v2\/media\/387791"}],"wp:attachment":[{"href":"https:\/\/gpdstore.net\/fi\/wp-json\/wp\/v2\/media?parent=387790"}],"wp:term":[{"taxonomy":"product_brand","embeddable":true,"href":"https:\/\/gpdstore.net\/fi\/wp-json\/wp\/v2\/product_brand?post=387790"},{"taxonomy":"product_cat","embeddable":true,"href":"https:\/\/gpdstore.net\/fi\/wp-json\/wp\/v2\/product_cat?post=387790"},{"taxonomy":"product_tag","embeddable":true,"href":"https:\/\/gpdstore.net\/fi\/wp-json\/wp\/v2\/product_tag?post=387790"},{"taxonomy":"woo-feed-brand","embeddable":true,"href":"https:\/\/gpdstore.net\/fi\/wp-json\/wp\/v2\/woo-feed-brand?post=387790"}],"curies":[{"name":"wp","href":"https:\/\/api.w.org\/{rel}","templated":true}]}}