{"id":387565,"date":"2024-04-23T16:13:31","date_gmt":"2024-04-23T16:13:31","guid":{"rendered":"https:\/\/gpdstore.net\/Ei-luokiteltu\/gpd-stylus-gpd-pocket-3lle-ja-win-max-2lle\/"},"modified":"2026-02-24T01:05:01","modified_gmt":"2026-02-24T01:05:01","slug":"gpd-stylus","status":"publish","type":"product","link":"https:\/\/gpdstore.net\/fi\/product\/gpd-stylus\/","title":{"rendered":"GPD Stylus for GPD Pocket 3 &amp; WIN MAX 2 -ohjelmille"},"content":{"rendered":"\n<p><br\/>Esittelyss\u00e4 GPD Stylus: \u00e4\u00e4rimm\u00e4inen ty\u00f6kalu tarkkuuteen ja mukavuuteen, joka on suunniteltu parantamaan GPD Pocket 3:n ja GPD Win Max 2:n toiminnallisuutta ja joka on yhteensopiva lukuisten muiden kannettavien tietokoneiden ja tablettien kanssa. T\u00e4m\u00e4 kest\u00e4v\u00e4st\u00e4 alumiiniseoksesta valmistettu stylus on muotoiltu siten, ett\u00e4 se istuu mukavasti k\u00e4teen, joten sit\u00e4 voi k\u00e4ytt\u00e4\u00e4 pitk\u00e4\u00e4n ilman ep\u00e4mukavuutta. Siin\u00e4 on eritt\u00e4in herkk\u00e4, 4096-tasoinen paineherkk\u00e4 k\u00e4rki, joka on valmistettu pehme\u00e4st\u00e4, joustavasta kumista ja joka takaa, ett\u00e4 jokainen liike on yht\u00e4 tarkka ja herkk\u00e4 kuin kyn\u00e4 paperilla. T\u00e4m\u00e4 tarkkuus sopii monenlaisiin toimintoihin luonnostelusta ja valokuvien muokkaamisesta yksityiskohtaisiin siveltimen t\u00f6ihin ja nopeiden muistioiden kirjoittamiseen.   <\/p>\n\n<p>Tarkkojen ominaisuuksiensa lis\u00e4ksi GPD Stylus on suunniteltu pit\u00e4m\u00e4\u00e4n n\u00e4ytt\u00f6si moitteettomassa kunnossa sen kumik\u00e4rjen ansiosta, joka suojaa naarmuilta ja roskilta. Se ei ole vain toimiva, vaan my\u00f6s kevyt ja k\u00e4tev\u00e4sti kannettava, ja siin\u00e4 on k\u00e4tev\u00e4 solki, jonka avulla se on helppo kiinnitt\u00e4\u00e4 taskuun tai koteloon &#8211; ihanteellinen kiireiselle ammattilaiselle tai luovalle liikkeell\u00e4 olevalle. Paranna digitaalista vuorovaikutustasi, navigoitpa sitten sovelluksissa, tallennat ideoita tai tutkit taiteellista puolta GPD Stylus &#8211; t\u00e4ydellinen yhdistelm\u00e4 k\u00e4yt\u00e4nn\u00f6llisyytt\u00e4 ja innovatiivista muotoilua.<\/p>\n","protected":false},"excerpt":{"rendered":"<ul>\n<li>Toimii<strong> GPD Pocket 3:n ja<\/strong> <strong> GPD WIN MAX 2:n<\/strong> kanssa.<\/li>\n<li><strong>4096-tason<\/strong> paineherkkyys<\/li>\n<li>Tyylik\u00e4s &amp; ergonominen<\/li>\n<li>Metallinen<strong> solki<\/strong><\/li>\n<li>Muistiinpanojen kirjoittaminen ja merkkien sy\u00f6tt\u00f6<\/li>\n<\/ul>\n<p> [cg_accordion title=\"MAKSUTIEDOT\"] K\u00e4yt\u00e4mme uusinta tekniikkaa maksujen k\u00e4sittelyss\u00e4, jonka avulla voit tehd\u00e4 maksun Apple Payn, Google Payn, pankki- tai luottokortin, PayPalin tai BNPL-menetelmien, kuten Klarna, Affirm tai AfterPay, avulla nopean ja turvallisen maksukokemuksen.[\/cg_accordion] [cg_accordion title=\"TAKUU\"] 2 vuoden takuu <a href=\"https:\/\/droix.net\/\" target=\"_blank\" rel=\"nofollow noopener\">DROIX Globalilta<\/a> mielenrauhasi vuoksi.[\/cg_accordion] [cg_accordion title=\"PRICING, TAXES AND SHIPPING\"] <strong><u>Huom:<\/u><\/strong><\/p>\n<ul>\n<li>Yhdysvallat Asiakkaat: Asiakkaat: N\u00e4ytetty hinta EI sis\u00e4ll\u00e4 veroja eik\u00e4 tulleja. Vastuu tulliselvityksest\u00e4 ja siihen liittyvien verojen\/tullien maksamisesta on asiakkaalla. <\/li>\n<li>EU:n asiakkaat: N\u00e4ytetty hinta sis\u00e4lt\u00e4\u00e4 sovellettavan veron, joka voi olla jopa 25 % maastasi riippuen.<\/li>\n<li>Kanada Asiakkaat: N\u00e4ytetty hinta sis\u00e4lt\u00e4\u00e4 sovellettavat verot, joihin voi sis\u00e4lty\u00e4 5 % GST ja ylim\u00e4\u00e4r\u00e4isi\u00e4 maakunnallisia myyntiveroja (PST), harmonisoitua myyntiveroa (HST) tai Quebecin myyntiveroa (QST) maakunnasta riippuen.<\/li>\n<\/ul>\n<p><strong>AINOASTAAN EU:n asiakkaille:<\/strong> Express DDP (Delivered Duty Paid). T\u00e4m\u00e4 tarkoittaa: <\/p>\n<ul>\n<li style=\"list-style-type: none;\">\n<ul>\n<li>Kaikki tullit ja verot sis\u00e4ltyv\u00e4t tuotesivulla ilmoitettuun hintaan.<\/li>\n<li>Sinun ei tarvitse maksaa lis\u00e4maksuja toimituksen yhteydess\u00e4.<\/li>\n<li>Harvinaisissa tulliin liittyviss\u00e4 tapauksissa tiimimme hoitaa tulliselvitysprosessin puolestasi varmistaakseen sujuvan toimituksen.<\/li>\n<p>T\u00e4rke\u00e4\u00e4 tietoa palautuksista:<\/p>\n<li>Jos p\u00e4\u00e4t\u00e4t palauttaa tilauksesi tai pyyt\u00e4\u00e4 palautusta, ota huomioon, ett\u00e4 DDP-ehtojen mukaisesti puolestasi maksettuja veroja ja tulleja ei voida palauttaa.<\/li>\n<p>Tutustu meid\u00e4n<\/ul>\n<\/li>\n<\/ul>\n<p><a href=\"https:\/\/gpdstore.net\/fi\/terms-of-service\/\" target=\"_blank\" rel=\"nofollow noopener\">Ehdot ja edellytykset<\/a><\/p>\n<ul>yksityiskohtaisia tietoja.<\/ul>\n<p>[\/cg_accordion] [cg_accordion title=\"ASIAKASTUKI\"]  Onko kysytt\u00e4v\u00e4\u00e4? Olemme lyhyen tekstiviestin p\u00e4\u00e4ss\u00e4 siit\u00e4, ett\u00e4 ongelmasi on ratkaistu!   [\/cg_accordion] [cg_accordion title=\"WHAT'S INCLUDED\"]<\/p>\n<ul>\n<li>1x GPD-kyn\u00e4<\/li>\n<\/ul>\n<p>[\/cg_accordion]<\/p>\n","protected":false},"featured_media":381831,"template":"","meta":{"_acf_changed":false},"product_brand":[],"product_cat":[10091],"product_tag":[15872,10733],"woo-feed-brand":[9922],"class_list":{"0":"post-387565","1":"product","2":"type-product","3":"status-publish","4":"has-post-thumbnail","6":"product_cat-tarvikkeet","7":"product_tag-15xmsale-fi","8":"product_tag-gpd-wm2-lisavaruste","9":"product_shipping_class-low-end","10":"pa_accessory-type-stylus-fi","11":"pa_brand-gpd","12":"woo-feed-brand-gpd-fi","14":"first","15":"instock","16":"sale","17":"taxable","18":"shipping-taxable","19":"purchasable","20":"product-type-variable","21":"has-default-attributes"},"acf":[],"aioseo_notices":[],"_links":{"self":[{"href":"https:\/\/gpdstore.net\/fi\/wp-json\/wp\/v2\/product\/387565","targetHints":{"allow":["GET"]}}],"collection":[{"href":"https:\/\/gpdstore.net\/fi\/wp-json\/wp\/v2\/product"}],"about":[{"href":"https:\/\/gpdstore.net\/fi\/wp-json\/wp\/v2\/types\/product"}],"wp:featuredmedia":[{"embeddable":true,"href":"https:\/\/gpdstore.net\/fi\/wp-json\/wp\/v2\/media\/381831"}],"wp:attachment":[{"href":"https:\/\/gpdstore.net\/fi\/wp-json\/wp\/v2\/media?parent=387565"}],"wp:term":[{"taxonomy":"product_brand","embeddable":true,"href":"https:\/\/gpdstore.net\/fi\/wp-json\/wp\/v2\/product_brand?post=387565"},{"taxonomy":"product_cat","embeddable":true,"href":"https:\/\/gpdstore.net\/fi\/wp-json\/wp\/v2\/product_cat?post=387565"},{"taxonomy":"product_tag","embeddable":true,"href":"https:\/\/gpdstore.net\/fi\/wp-json\/wp\/v2\/product_tag?post=387565"},{"taxonomy":"woo-feed-brand","embeddable":true,"href":"https:\/\/gpdstore.net\/fi\/wp-json\/wp\/v2\/woo-feed-brand?post=387565"}],"curies":[{"name":"wp","href":"https:\/\/api.w.org\/{rel}","templated":true}]}}