{"id":386141,"date":"2024-03-19T10:11:47","date_gmt":"2024-03-19T10:11:47","guid":{"rendered":"https:\/\/gpdstore.net\/Ei-luokiteltu\/gpd-win-4-2024-pelikayttoon-tarkoitettu-kannettava-tietokone\/"},"modified":"2025-12-19T16:19:05","modified_gmt":"2025-12-19T16:19:05","slug":"gpd-win-4-2024","status":"publish","type":"product","link":"https:\/\/gpdstore.net\/fi\/product\/gpd-win-4-2024\/","title":{"rendered":"GPD WIN 4 2024 pelik\u00e4ytt\u00f6\u00f6n tarkoitettu kannettava tietokone"},"content":{"rendered":"\n<figure class=\"wp-block-video\"><video controls=\"\" poster=\"https:\/\/gpdstore.net\/wp-content\/uploads\/2024\/03\/gpd-win4-indiegogo-time-is-here-v0-te3iiclycf5a1.webp\" src=\"https:\/\/gpdstore.net\/wp-content\/uploads\/\"><\/video><\/figure>\n\n<div class=\"wp-block-columns is-layout-flex wp-container-core-columns-is-layout-28f84493 wp-block-columns-is-layout-flex\">\n<div class=\"wp-block-column is-layout-flow wp-block-column-is-layout-flow\" style=\"flex-basis:33.33%\">\n<figure class=\"wp-block-image size-full\"><img fetchpriority=\"high\" decoding=\"async\" width=\"1000\" height=\"1000\" src=\"https:\/\/gpdstore.net\/wp-content\/uploads\/2024\/05\/GPD-WIN-4-2024-WHITE-DONE-LISTING-IMAGE-5.jpg\" alt=\"GPD WIN 4 (2024) -k&#xE4;sikonsolipeli-PC, jossa on kompakti muotoilu, AMD Ryzen 7 8840U -suoritin, AMD Radeon 780M -grafiikkapiiri ja jopa 4 Tt SSD-tallennustila. Ihanteellinen korkean suorituskyvyn pelaamiseen ja laajoihin tallennustarpeisiin.\" class=\"wp-image-1555\" srcset=\"https:\/\/gpdstore.net\/wp-content\/uploads\/2024\/05\/GPD-WIN-4-2024-WHITE-DONE-LISTING-IMAGE-5.jpg 1000w, https:\/\/gpdstore.net\/wp-content\/uploads\/2024\/05\/GPD-WIN-4-2024-WHITE-DONE-LISTING-IMAGE-5-600x600.jpg 600w, https:\/\/gpdstore.net\/wp-content\/uploads\/2024\/05\/GPD-WIN-4-2024-WHITE-DONE-LISTING-IMAGE-5-150x150.jpg 150w, https:\/\/gpdstore.net\/wp-content\/uploads\/2024\/05\/GPD-WIN-4-2024-WHITE-DONE-LISTING-IMAGE-5-768x768.jpg 768w, https:\/\/gpdstore.net\/wp-content\/uploads\/2024\/05\/GPD-WIN-4-2024-WHITE-DONE-LISTING-IMAGE-5-990x990.jpg 990w, https:\/\/gpdstore.net\/wp-content\/uploads\/2024\/05\/GPD-WIN-4-2024-WHITE-DONE-LISTING-IMAGE-5-441x441.jpg 441w, https:\/\/gpdstore.net\/wp-content\/uploads\/2024\/05\/GPD-WIN-4-2024-WHITE-DONE-LISTING-IMAGE-5-100x100.jpg 100w\" sizes=\"(max-width: 1000px) 100vw, 1000px\" \/><\/figure>\n<\/div>\n\n\n\n<div class=\"wp-block-column is-layout-flow wp-block-column-is-layout-flow\" style=\"flex-basis:66.66%\">\n<h2 class=\"wp-block-heading\">Vapauta vapaus: GPD WIN 4 2024 Ultimate Portable Gaming PC &#8211; kannettava pelitietokone.<\/h2>\n\n\n\n<p>Experience the most powerful Vita-style handheld ever built. The GPD WIN 4 2024 combines AMD Ryzen 7 8840U (Hawk Point) performance with a physical slider keyboard, allowing you to dominate AAA games and stay productive without carrying a laptop. This remarkable device combines the best of a high-performance gaming PC and the convenience of a handheld device, giving you the freedom to immerse yourself in your favourite games wherever you are.<\/p>\n<\/div>\n<\/div>\n\n<h2 class=\"wp-block-heading has-text-align-center\">Rakennettu voittoa varten: Tarkka ohjaus, massiivinen varastointi ja kehittynyt j\u00e4\u00e4hdytys.<\/h2>\n\n<div class=\"wp-block-columns is-layout-flex wp-container-core-columns-is-layout-28f84493 wp-block-columns-is-layout-flex\">\n<div class=\"wp-block-column is-layout-flow wp-block-column-is-layout-flow\">\n<figure class=\"wp-block-image size-full\"><img decoding=\"async\" src=\"https:\/\/gpdstore.net\/wp-content\/uploads\/\" alt=\"GPD Win 4 (2024) helmi&#xE4;isvalkoinen kannettava pelikonsoli, jossa on tyylik&#xE4;s ja tyylik&#xE4;s muotoilu kannettavaa pelaamista varten.\" class=\"wp-image-1557\" style=\"object-fit:cover\"\/><\/figure>\n\n\n\n<h3 class=\"wp-block-heading\"><strong><strong>Ultimate Control:<\/strong> ALPS 3D -joystickit ja 6-akselinen liike.<\/strong><\/h3>\n\n\n\n<p>GPD WIN 4 2024 tarjoaa ylivoimaisen pelikokemuksen ALPS 3D -joystickin ja pelipainikkeiden ansiosta. N\u00e4m\u00e4 laadukkaat ohjaimet tarjoavat tarkan sy\u00f6t\u00f6n ja optimaalisen palautteen, mik\u00e4 takaa tarkan ja mukaansatempaavan pelattavuuden. 6-akselisen gyroskoopin ansiosta voit nauttia parannetuista liikeohjauksista, jotka mahdollistavat intuitiivisen liikkumisen yhteensopivissa peleiss\u00e4. Kaksoist\u00e4rin\u00e4moottorit parantavat pelikokemustasi entisest\u00e4\u00e4n, sill\u00e4 ne antavat tuntopalautetta, joka tuo seikkailuihisi uudenlaisen uppoutumisen tason.<strong><br\/><\/strong><br\/><\/p>\n<\/div>\n\n\n\n<div class=\"wp-block-column is-layout-flow wp-block-column-is-layout-flow\">\n<figure class=\"wp-block-image size-full\"><img decoding=\"async\" width=\"300\" height=\"300\" src=\"https:\/\/gpdstore.net\/wp-content\/uploads\/2024\/05\/078c9d42-e74f-4fb3-893b-5f22ffd9d6ed.__CR1300600600_PT0_SX300_V1___.jpg\" alt=\"GPD Win 4 (2024) kannettava pelikonsoli, joka on varustettu M.2-muistilla. SSD-levy nopeaa tallennusta ja nopeita latausaikoja varten.\" class=\"wp-image-1558\" style=\"object-fit:cover\" srcset=\"https:\/\/gpdstore.net\/wp-content\/uploads\/2024\/05\/078c9d42-e74f-4fb3-893b-5f22ffd9d6ed.__CR1300600600_PT0_SX300_V1___.jpg 300w, https:\/\/gpdstore.net\/wp-content\/uploads\/2024\/05\/078c9d42-e74f-4fb3-893b-5f22ffd9d6ed.__CR1300600600_PT0_SX300_V1___-150x150.jpg 150w, https:\/\/gpdstore.net\/wp-content\/uploads\/2024\/05\/078c9d42-e74f-4fb3-893b-5f22ffd9d6ed.__CR1300600600_PT0_SX300_V1___-100x100.jpg 100w\" sizes=\"(max-width: 300px) 100vw, 300px\" \/><\/figure>\n\n\n\n<h3 class=\"wp-block-heading\"><strong><strong>Nollaviive:<\/strong> PCIe 4.0 SSD -tallennustilan avulla.<\/strong><\/h3>\n\n\n\n<p>GPD WIN 4 2024 tarjoaa runsaasti tallennusvaihtoehtoja pelikirjastosi ja multimediatarpeidesi t\u00e4ytt\u00e4miseksi. <a href=\"https:\/\/gpdstore.net\/fi\/product-attribute\/storage-technology\/pcie-gen-4-fi-2\/\" target=\"_blank\" rel=\"noreferrer noopener\">PCIe 4.0 M.2 2280<\/a> -muistitikun kanssa SSD-levyist\u00e4 voit valita 512 Gt:n <a href=\"https:\/\/gpdstore.net\/fi\/product-attribute\/storage-capacity\/512-gt\/\" target=\"_blank\" rel=\"noreferrer noopener\">, 2 Tt:n<\/a> tai<a href=\"https:\/\/gpdstore.net\/fi\/product-attribute\/storage-capacity\/2tb-fi\/\" target=\"_blank\" rel=\"noreferrer noopener\">huikean<\/a> 4 Tt:n <a href=\"https:\/\/gpdstore.net\/fi\/product-attribute\/storage-capacity\/4tb-fi\/\" target=\"_blank\" rel=\"noreferrer noopener\">tallennustilan<\/a>. T\u00e4m\u00e4 nopea SSD-levy takaa nopean tiedonsaannin ja lyhennetyt latausajat, joten voit siirty\u00e4 suosikkipeleihisi ilman viivett\u00e4. N\u00e4in suuren tallennuskapasiteetin ansiosta sinun ei tarvitse koskaan huolehtia siit\u00e4, ett\u00e4 tila loppuu kasvavalle peli-, elokuva- tai muulle mediatiedostokokoelmallesi.<br\/><strong><br\/><\/strong><br\/><\/p>\n<\/div>\n\n\n\n<div class=\"wp-block-column is-layout-flow wp-block-column-is-layout-flow\">\n<figure class=\"wp-block-image size-full\"><img decoding=\"async\" width=\"300\" height=\"300\" src=\"https:\/\/gpdstore.net\/wp-content\/uploads\/2024\/05\/a8eb6f30-f8ed-4e5f-8fa9-fd52740523bc.__CR1530747747_PT0_SX300_V1___.jpg\" alt=\"GPD Win 4 (2024) -k&#xE4;sikonsoli, jossa on kehittynyt j&#xE4;&#xE4;hdytysj&#xE4;rjestelm&#xE4;, joka johtaa tehokkaasti l&#xE4;mp&#xF6;&#xE4; ja tarjoaa optimaalisen suorituskyvyn pitkien pelisessioiden aikana.\" class=\"wp-image-1559\" style=\"object-fit:cover\" srcset=\"https:\/\/gpdstore.net\/wp-content\/uploads\/2024\/05\/a8eb6f30-f8ed-4e5f-8fa9-fd52740523bc.__CR1530747747_PT0_SX300_V1___.jpg 300w, https:\/\/gpdstore.net\/wp-content\/uploads\/2024\/05\/a8eb6f30-f8ed-4e5f-8fa9-fd52740523bc.__CR1530747747_PT0_SX300_V1___-150x150.jpg 150w, https:\/\/gpdstore.net\/wp-content\/uploads\/2024\/05\/a8eb6f30-f8ed-4e5f-8fa9-fd52740523bc.__CR1530747747_PT0_SX300_V1___-100x100.jpg 100w\" sizes=\"(max-width: 300px) 100vw, 300px\" \/><\/figure>\n\n\n\n<h3 class=\"wp-block-heading\"><strong><strong>Huippusuorituskyky:<\/strong> 50% tehokkaampi Dual Heat Pipe -j\u00e4\u00e4hdytysj\u00e4rjestelm\u00e4.<\/strong><\/h3>\n\n\n\n<p>GPD WIN 4 2024 sis\u00e4lt\u00e4\u00e4 kehittyneen j\u00e4\u00e4hdytysj\u00e4rjestelm\u00e4n, joka takaa optimaalisen suorituskyvyn my\u00f6s pitkien pelisessioiden aikana. Paksujen kaksoisl\u00e4mp\u00f6putkien ansiosta t\u00e4m\u00e4 kannettava pelitietokone lis\u00e4\u00e4 l\u00e4mp\u00f6tehokkuutta 50 % aiempiin malleihin verrattuna. Parannettu l\u00e4mm\u00f6ntuotto varmistaa, ett\u00e4 laite pysyy viile\u00e4n\u00e4 kovassakin kuormituksessa, mik\u00e4 est\u00e4\u00e4 suorituskyvyn heikkenemisen ja takaa sujuvan ja keskeytym\u00e4tt\u00f6m\u00e4n pelaamisen.<strong><br\/><\/strong><br\/><\/p>\n<\/div>\n<\/div>\n\n<h2 class=\"wp-block-heading\">GPD WIN 4 2024: Kannettavien pelitietokoneiden l\u00e4pimurto<\/h2>\n\n<figure class=\"wp-block-image size-large\"><img decoding=\"async\" src=\"https:\/\/gpdstore.net\/wp-content\/uploads\/\" alt=\"GPD Win 4 (2024) helmi&#xE4;isvalkoinen kannettava pelikonsoli, jossa on tyylik&#xE4;s ja tyylik&#xE4;s muotoilu kannettavaa pelaamista varten.\" class=\"wp-image-1626\"\/><\/figure>\n\n<p>Experience the pinnacle of gaming with the GPD WIN 4 2024 Handheld PC. These devices herald a new era in portable gaming PCs, offering unmatched performance, innovative design, and ultimate gaming mobility. Crafted for gamers who demand excellence, the GPD WIN 4 2024 merges desktop gaming prowess with handheld convenience. Whether you&#8217;re at home, commuting, or on the go, your favorite games are just a slide-up keyboard away. Explore the fusion of convenience and powerhouse performance, and unlock the next level of gaming with GPD WIN 4 2024.<\/p>\n\n<h2 class=\"wp-block-heading\">Tuotteen yleiskatsaus: Uudelleen m\u00e4\u00e4ritelty siirrett\u00e4vyys<\/h2>\n\n<p>The GPD WIN 4 2024 Handheld Gaming PC sets a fresh benchmark in portable gaming technology. Weighing just 598g and measuring 8.6 x 3.6 x 1.1 inches, these handheld gaming PCs seamlessly fit into your hands or bag. The sleek, slide-up keyboard unveils a gaming universe, perfect for gaming on-the-go or cozy setups at home.<\/p>\n\n<h2 class=\"wp-block-heading\"><strong>Unrivaled 2024 Performance in 2025<\/strong><\/h2>\n\n<p>AVX-512 Support: The gold standard for PS3 and Xbox 360 emulation.<\/p>\n\n<p>AMD Ryzen 7 8840U: 8 Cores of Zen 4 power with integrated Ryzen AI (16 TOPS).<\/p>\n\n<p>Radeon 780M Graphics: Play the latest titles at 1080p using AFMF 2 for smooth, high-frame-rate gameplay.<\/p>\n\n<p>7500MT\/s LPDDR5x RAM: Maximum bandwidth for lag-free multitasking and superior graphics performance.<\/p>\n\n<h2 class=\"wp-block-heading\">K\u00e4ytt\u00e4j\u00e4kokemus: Pelaajille r\u00e4\u00e4t\u00e4l\u00f6ity<\/h2>\n\n<figure class=\"wp-block-image size-full\"><img decoding=\"async\" src=\"https:\/\/gpdstore.net\/wp-content\/uploads\/\" alt=\"GPD WIN 4 (2024) -k&#xE4;mmenpelikonsoli GPD G1:n kanssa, joka tarjoaa parannetun pelisuorituskyvyn ja -ominaisuudet.\" class=\"wp-image-1625\"\/><\/figure>\n\n<h2 class=\"wp-block-heading\"><strong>Desktop-Class Expansion<\/strong>: <strong>Native OcuLink Port<\/strong><\/h2>\n\n<p>Don&#8217;t settle for slow USB4 bottlenecks. The GPD WIN 4 2024 features a native OcuLink port, allowing a direct PCIe connection to the GPD G1 eGPU.<\/p>\n\n<p>Status: In Stock \/ Ships Worldwide within 24 Hours.<\/p>\n\n<p>Work: Slide up the screen for the backlit QWERTY keyboard.<\/p>\n\n<p>Play: Connect to a 4K monitor for a full desktop gaming experience.<\/p>\n\n<h2 class=\"wp-block-heading\">Johtop\u00e4\u00e4t\u00f6kset: Pelaamisen vapaus<\/h2>\n\n<p>The GPD WIN 4 2024 compact gaming PCs redefine portable gaming. Fusing high-performance hardware with a portable, innovative design, they offer the ultimate gaming experience for gamers on the move. It&#8217;s not just a step forward; it&#8217;s a leap into the gaming future.<\/p>\n","protected":false},"excerpt":{"rendered":"<ul>\n<li>AMD <strong>Ryzen 7 8840U TDP<\/strong> <strong>28W<\/strong><\/li>\n<li>AMD Radeon <strong>780M<\/strong> 12 yksikk\u00f6\u00e4 \/ 2700 Mhz<\/li>\n<li><strong>32GB LPDDR5X @ 6400 MT\/s<\/strong><\/li>\n<li>Jopa <strong>4TB:n<\/strong> <strong>nopea PCI-E<\/strong> 4.0 NVMe SSD-levyasema<\/li>\n<li>WiFi <strong>6E &amp;<\/strong> Bluetooth 5 <strong>.3 -tuki<\/strong> <\/li>\n<\/ul>\n<p><img loading=\"lazy\" decoding=\"async\" src=\"https:\/\/gpdstore.net\/wp-content\/uploads\/2024\/03\/WIN-4-FREE-GIFTS.jpg\" alt=\"\" width=\"2000\" height=\"500\" class=\"alignnone size-full wp-image-4175\" srcset=\"https:\/\/gpdstore.net\/wp-content\/uploads\/2024\/03\/WIN-4-FREE-GIFTS.jpg 2000w, https:\/\/gpdstore.net\/wp-content\/uploads\/2024\/03\/WIN-4-FREE-GIFTS-600x150.jpg 600w, https:\/\/gpdstore.net\/wp-content\/uploads\/2024\/03\/WIN-4-FREE-GIFTS-1200x300.jpg 1200w, https:\/\/gpdstore.net\/wp-content\/uploads\/2024\/03\/WIN-4-FREE-GIFTS-768x192.jpg 768w, https:\/\/gpdstore.net\/wp-content\/uploads\/2024\/03\/WIN-4-FREE-GIFTS-1536x384.jpg 1536w, https:\/\/gpdstore.net\/wp-content\/uploads\/2024\/03\/WIN-4-FREE-GIFTS-360x90.jpg 360w, https:\/\/gpdstore.net\/wp-content\/uploads\/2024\/03\/WIN-4-FREE-GIFTS-990x248.jpg 990w, https:\/\/gpdstore.net\/wp-content\/uploads\/2024\/03\/WIN-4-FREE-GIFTS-441x110.jpg 441w, https:\/\/gpdstore.net\/wp-content\/uploads\/2024\/03\/WIN-4-FREE-GIFTS-150x38.jpg 150w\" sizes=\"(max-width: 2000px) 100vw, 2000px\" \/><\/p>\n[cg_accordion title=\"MAKSUTIEDOT\"]<\/p>\n<p>K\u00e4yt\u00e4mme uusinta tekniikkaa maksujen k\u00e4sittelyss\u00e4, jonka avulla voit tehd\u00e4 maksun pankki- tai luottokortilla tai PayPalilla, mik\u00e4 takaa nopean ja turvallisen kokemuksen.[\/cg_accordion]\n[cg_accordion title=\"TAKUU\"]<\/p>\n<p>2 vuoden takuu <a href=\"https:\/\/droix.net\/\" target=\"_blank\" rel=\"nofollow noopener\">DROIX Global ilta mielenrauhasi vuoksi<\/a> [\/cg_accordion]\n[cg_accordion title=\"LAADUNVARMISTUS JA L\u00c4HETYST\u00c4 EDELT\u00c4V\u00c4 TESTAUS\"]<\/p>\n<p>Asiakastyytyv\u00e4isyyden varmistaminen korkeimmalla tasolla: Jokainen laite testataan tiukasti ja sille tehd\u00e4\u00e4n monipisteinen laadunvarmistustarkastus ennen sen l\u00e4hett\u00e4mist\u00e4. Asialle omistautunut tiimimme tarkistaa suorituskyvyn, toimivuuden ja komponenttien eheyden, jotta GPD-laitteesi on saapuessaan t\u00e4ydellisess\u00e4 toimintakunnossa, mik\u00e4 antaa sinulle luottamusta ja mielenrauhaa. [\/cg_accordion]\n[cg_accordion title=\"HINNOITTELU, VEROT JA TOIMITUKSET\"]<\/p>\n<p><strong><u>Huom:<\/u><\/strong><\/p>\n<ul>\n<li>Yhdysvallat Asiakkaat: Asiakkaat: N\u00e4ytetty hinta EI sis\u00e4ll\u00e4 veroja eik\u00e4 tulleja. Vastuu tulliselvityksest\u00e4 ja siihen liittyvien verojen\/tullien maksamisesta on asiakkaalla. <\/li>\n<li>EU:n asiakkaat: N\u00e4ytetty hinta sis\u00e4lt\u00e4\u00e4 sovellettavan veron, joka voi olla jopa 25 % maastasi riippuen.<\/li>\n<li>Kanada Asiakkaat: N\u00e4ytetty hinta sis\u00e4lt\u00e4\u00e4 sovellettavat verot, joihin voi sis\u00e4lty\u00e4 5 % GST ja ylim\u00e4\u00e4r\u00e4isi\u00e4 maakunnallisia myyntiveroja (PST), harmonisoitua myyntiveroa (HST) tai Quebecin myyntiveroa (QST) maakunnasta riippuen.<\/li>\n<\/ul>\n<p><strong>AINOASTAAN EU:n asiakkaille:<\/strong> Express DDP (Delivered Duty Paid). T\u00e4m\u00e4 tarkoittaa: <\/p>\n<ul>\n<li>Kaikki tullit ja verot sis\u00e4ltyv\u00e4t tuotesivulla ilmoitettuun hintaan.<\/li>\n<li>Sinun ei tarvitse maksaa lis\u00e4maksuja toimituksen yhteydess\u00e4.<\/li>\n<li>Harvinaisissa tulliin liittyviss\u00e4 tapauksissa tiimimme hoitaa tulliselvitysprosessin puolestasi varmistaakseen sujuvan toimituksen.<\/li>\n<p>T\u00e4rke\u00e4\u00e4 tietoa palautuksista:<\/p>\n<li>Jos p\u00e4\u00e4t\u00e4t palauttaa tilauksesi tai pyyt\u00e4\u00e4 palautusta, ota huomioon, ett\u00e4 DDP-ehtojen mukaisesti puolestasi maksettuja veroja ja tulleja ei voida palauttaa.<\/li>\n<p>Katso yksityiskohtaiset tiedot <a href=\"https:\/\/droix.net\/terms-and-conditions\/\" target=\"_blank\" rel=\"nofollow noopener\">k\u00e4ytt\u00f6ehdoistamme<\/a>.\n<\/ul>\n<p>[\/cg_accordion]\n[cg_accordion title=\"ASIAKASTUKI\"]<\/p>\n<p>Onko kysytt\u00e4v\u00e4\u00e4? Olemme lyhyen tekstiviestin p\u00e4\u00e4ss\u00e4 siit\u00e4, ett\u00e4 ongelmasi on ratkaistu! <\/p>\n<p>Katso yksityiskohtaiset tiedot <a href=\"https:\/\/gpdstore.net\/fi\/terms-of-service\/\" target=\"_blank\" rel=\"nofollow noopener\">k\u00e4ytt\u00f6ehdoistamme<\/a>.\n<\/ul>\n<p>[\/cg_accordion]\n[cg_accordion title=\"MIT\u00c4 SIS\u00c4LTYY\"]<\/p>\n<ul>\n<li>1x GPD WIN 4 2024<\/li>\n<li>1x virtal\u00e4hde<\/li>\n<li>1x USB Type-C-kaapeli<\/li>\n<li>1x K\u00e4ytt\u00f6ohje<\/li>\n<\/ul>\n<p>[\/cg_accordion]\n","protected":false},"featured_media":310313,"template":"","meta":{"_acf_changed":false},"product_brand":[],"product_cat":[9919],"product_tag":[15885,10510],"woo-feed-brand":[9922],"class_list":{"0":"post-386141","1":"product","2":"type-product","3":"status-publish","4":"has-post-thumbnail","6":"product_cat-gpd-handheld-pc-pelaamiseen","7":"product_tag-12xmsale-fi","8":"product_tag-gpd-win-4-fi","9":"product_shipping_class-premium","11":"pa_bluetooth-5-3-fi","12":"pa_brand-gpd","13":"pa_display-type-corning-gorilla-glass-5-fi","14":"pa_display-type-h-ips-fi","15":"pa_graphics-gpu-model-radeon-780m-fi","16":"pa_i-o-video-1x-oculink-fi","17":"pa_i-o-video-1x-usb-4-0-type-cn-kautta-40gb-s","18":"pa_memory-ram-capacity-32gb-fi","19":"pa_memory-ram-technology-lpddr5x-fi","20":"pa_processor-cpu-model-ryzen-7-8840u","21":"pa_storage-capacity-1tb-fi","22":"pa_storage-capacity-2tb-fi","23":"pa_storage-capacity-4tb-fi","24":"pa_storage-capacity-512-gt","25":"pa_storage-technology-pcie-gen-4-fi-2","26":"pa_wi-fi-wi-fi-6e-fi-2","27":"woo-feed-brand-gpd-fi","29":"first","30":"outofstock","31":"sale","32":"taxable","33":"shipping-taxable","34":"purchasable","35":"product-type-variable","36":"has-default-attributes"},"acf":[],"aioseo_notices":[],"_links":{"self":[{"href":"https:\/\/gpdstore.net\/fi\/wp-json\/wp\/v2\/product\/386141","targetHints":{"allow":["GET"]}}],"collection":[{"href":"https:\/\/gpdstore.net\/fi\/wp-json\/wp\/v2\/product"}],"about":[{"href":"https:\/\/gpdstore.net\/fi\/wp-json\/wp\/v2\/types\/product"}],"wp:featuredmedia":[{"embeddable":true,"href":"https:\/\/gpdstore.net\/fi\/wp-json\/wp\/v2\/media\/310313"}],"wp:attachment":[{"href":"https:\/\/gpdstore.net\/fi\/wp-json\/wp\/v2\/media?parent=386141"}],"wp:term":[{"taxonomy":"product_brand","embeddable":true,"href":"https:\/\/gpdstore.net\/fi\/wp-json\/wp\/v2\/product_brand?post=386141"},{"taxonomy":"product_cat","embeddable":true,"href":"https:\/\/gpdstore.net\/fi\/wp-json\/wp\/v2\/product_cat?post=386141"},{"taxonomy":"product_tag","embeddable":true,"href":"https:\/\/gpdstore.net\/fi\/wp-json\/wp\/v2\/product_tag?post=386141"},{"taxonomy":"woo-feed-brand","embeddable":true,"href":"https:\/\/gpdstore.net\/fi\/wp-json\/wp\/v2\/woo-feed-brand?post=386141"}],"curies":[{"name":"wp","href":"https:\/\/api.w.org\/{rel}","templated":true}]}}