{"id":386010,"date":"2024-05-17T08:24:33","date_gmt":"2024-05-17T08:24:33","guid":{"rendered":"https:\/\/gpdstore.net\/Ei-luokiteltu\/gpd-g1-2023-egpu-telakointiasema\/"},"modified":"2025-12-23T10:17:53","modified_gmt":"2025-12-23T10:17:53","slug":"gpd-g1-2023-egpu-docking-station","status":"publish","type":"product","link":"https:\/\/gpdstore.net\/fi\/product\/gpd-g1-2023-egpu-docking-station\/","title":{"rendered":"GPD G1 (2023) eGPU-telakointiasema"},"content":{"rendered":"\n<h3 class=\"wp-block-heading\">Esittelyss\u00e4 GPD G1: Telakointiasema ulkoisella n\u00e4yt\u00f6nohjaimella varustettuna<\/h3>\n\n<p>Avaa \u00e4\u00e4rimm\u00e4inen pelikokemus uraauurtavan GPD G1 telakointiaseman avulla. T\u00e4m\u00e4 innovatiivinen laite on suunniteltu parantamaan pelisuorituskyky\u00e4si, ja se on yhteensopiva tulevien Oculink-tuettujen GPD WIN MAX 2 2023, GPD Mini ja p\u00e4ivitetyn GPD WIN 4 2023 -laitteen kanssa. Oculink- ja USB 4.0 -yhteensopivuuden ansiosta GPD G1 tuo monipuolisuutta ja mukavuutta peliasennukseesi.<\/p>\n\n<h3 class=\"wp-block-heading\">Tehokas grafiikan prosessoriyksikk\u00f6<\/h3>\n\n<p>GPD G1 telakointiaseman ytimess\u00e4 on AMD Radeon RX 7600M XT -n\u00e4yt\u00f6nohjain, joka hy\u00f6dynt\u00e4\u00e4 uusinta RDNA 3.0 -arkkitehtuuria. T\u00e4m\u00e4 ulkoinen n\u00e4yt\u00f6nohjain, jossa on Oculink-yhteys, tarjoaa upeaa visuaalista kuvaa ja poikkeuksellista suorituskyky\u00e4. Tutkitpa sitten laajoja maailmoja tai taistelun tuoksinassa, GPD G1 varmistaa, ett\u00e4 jokainen yksityiskohta on toteutettu tarkasti. 1500 MHz:n peruskellon, 2300 MHz:n pelikellon ja 2615 MHz:n boost-kellon ansiosta GPD G1 tarjoaa riitt\u00e4v\u00e4sti tehoa mink\u00e4 tahansa pelin hallitsemiseen.<\/p>\n\n<h3 class=\"wp-block-heading\">Sujuva ja reagoiva pelaaminen<\/h3>\n\n<p>8 Gt GDDR6-muistia sis\u00e4lt\u00e4v\u00e4 GPD G1 tukee saumatonta moniajoa ja sulavaa pelaamista. Muistin 2250 MHz:n kellotaajuus takaa nopeat latausajat ja minimaalisen viiveen. Sano hyv\u00e4stit ruudunp\u00e4ivitysnopeuden p\u00e4tkimiselle ja nauti keskeytym\u00e4tt\u00f6mist\u00e4 pelisessioista. USB 4.0 -tuen ansiosta GPD G1 vastaa pelaamisen vaatimuksiin ja tarjoaa huippuluokan suorituskyvyn suosikkipeleiss\u00e4si.<\/p>\n\n<h3 class=\"wp-block-heading\">Vapauta yhteysmahdollisuutesi<\/h3>\n\n<p>GPD G1 Telakka tarjoaa laajat liit\u00e4nt\u00e4vaihtoehdot Oculink- (SFF-8612) ja USB 4 -porttien avulla, mik\u00e4 takaa yhteensopivuuden monenlaisten laitteiden, kuten Thunderbolt 3:n ja Thunderbolt 4:n, kanssa. Yhdist\u00e4 GPD WIN MAX 2 2023, GPD Mini tai p\u00e4ivitetty GPD WIN 4 helposti Oculinkin kautta ja koe parannettu pelaaminen. GPD G1 tukee my\u00f6s USB 4 -liit\u00e4nt\u00e4\u00e4, mik\u00e4 mahdollistaa parannetun grafiikan eri j\u00e4rjestelmiss\u00e4.<\/p>\n\n<h3 class=\"wp-block-heading\">Laajenna visuaalisia n\u00e4k\u00f6aloja<\/h3>\n\n<p>Laajenna visuaalista kokoonpanoasi GPD G1:n kattavan videoporttivalikoiman avulla. HDMI 2.1 -portti ja kaksi DisplayPort 1.4a -porttia mahdollistavat jopa kolmen ulkoisen n\u00e4yt\u00f6n liitt\u00e4misen panoraamapelikokemusta varten. Uppoudu toimintaan GPD G1 eGPU:n avulla, sill\u00e4 se her\u00e4tt\u00e4\u00e4 pelit henkiin vertaansa vailla olevalla realismilla.<\/p>\n\n<h3 class=\"wp-block-heading\">Saumattomat tiedonsiirrot<\/h3>\n\n<p>GPD G1 Telakointiasemassa on kolme USB 3.2 -porttia, joihin voit helposti liitt\u00e4\u00e4 oheislaitteita ja pit\u00e4\u00e4 peliasennuksesi j\u00e4rjestyksess\u00e4. SD 4.0 -portti mahdollistaa nopeat tiedostojen siirrot ja median k\u00e4yt\u00f6n. Liit\u00e4 USB4-is\u00e4nt\u00e4laitteeseen ja maksimoi tiedonsiirtonopeudet.<\/p>\n\n<h3 class=\"wp-block-heading\">Tehokas j\u00e4\u00e4hdytys maksimaalista suorituskyky\u00e4 varten<\/h3>\n\n<p>GPD G1 aktiivinen j\u00e4\u00e4hdytysj\u00e4rjestelm\u00e4 johtaa tehokkaasti l\u00e4mp\u00f6\u00e4 pois ja takaa vakaan n\u00e4yt\u00f6nohjaimen l\u00e4mp\u00f6tilan intensiivisten pelisessioiden aikana. Sano hyv\u00e4stit ylikuumenemiselle ja nauti keskeytym\u00e4tt\u00f6m\u00e4st\u00e4 pelaamisesta, sill\u00e4 ilmaj\u00e4\u00e4hdytysmekanismi yll\u00e4pit\u00e4\u00e4 j\u00e4rjestelm\u00e4n optimaalista suorituskyky\u00e4.<\/p>\n\n<h3 class=\"wp-block-heading\">Tinkim\u00e4t\u00f6n virtal\u00e4hde<\/h3>\n\n<p>GPD G1 Telakointiasema sis\u00e4lt\u00e4\u00e4 sis\u00e4\u00e4nrakennetun 240 W:n GaN-virtal\u00e4hteen, joka tarjoaa luotettavan virransy\u00f6t\u00f6n n\u00e4yt\u00f6nohjaimelle. Kokonaisgrafiikkatehon ollessa 120 W, GPD G1 on optimoitu huipputehokkaaseen pelaamiseen, ja se render\u00f6i grafiikan nopeasti ja tarkasti.<\/p>\n\n<h3 class=\"wp-block-heading\">Kompakti muotoilu, suuri suorituskyky<\/h3>\n\n<p>Kompakteista mitoistaan (225 \u00d7 111 \u00d7 30 mm) ja kevyest\u00e4 rakenteestaan (0,92 kg) huolimatta GPD G1 on suorituskykyinen. GPD G1 on kannettava voimanpes\u00e4 kaikille peliharrastajille, olitpa sitten kotona, liikkeell\u00e4 tai pelitapahtumissa.<\/p>\n\n<h3 class=\"wp-block-heading\">P\u00e4\u00e4telm\u00e4<\/h3>\n\n<p>GPD G1 eGPU-telakointiasema on t\u00e4ydellinen lis\u00e4varuste pelaajille, jotka etsiv\u00e4t tehoa, monipuolisuutta ja mukavuutta. T\u00e4m\u00e4 telakointiasema on yhteensopiva tulevien GPD WIN MAX 2 2023:n, GPD Minin ja p\u00e4ivitetyn GPD WIN 4:n kanssa, ja siin\u00e4 on Oculink- ja USB 4.0 -tuki. AMD Radeon RX 7600M XT -n\u00e4yt\u00f6nohjain takaa henke\u00e4salpaavan visuaalisen ilmeen ja suorituskyvyn, ja 8 Gt GDDR6-muistia tukee sulavaa ja reagoivaa pelaamista. Laajenna visuaalista kokoonpanoasi, nauti saumattomista tiedonsiirroista ja hy\u00f6dy tehokkaasta j\u00e4\u00e4hdytyksest\u00e4 ja luotettavasta virtal\u00e4hteest\u00e4. Paranna pelikokemustasi GPD G1 telakointiaseman avulla.<\/p>\n\n<h3 class=\"wp-block-heading\">Hy\u00f6dyt ja haitat<\/h3>\n\n<p><strong>Plussaa:<\/strong><\/p>\n\n<ul class=\"wp-block-list\">\n<li><strong>Monipuolinen yhteensopivuus:<\/strong> tukee GPD WIN MAX 2 2024, GPD Mini 2024, p\u00e4ivitettyj\u00e4 GPD WIN 4 2023 ja Win 4 2024 sek\u00e4 USB 4 -laitteita ja tarjoaa parannetun grafiikan useissa j\u00e4rjestelmiss\u00e4.<\/li>\n\n\n\n<li><strong>Tehokas grafiikan suorituskyky:<\/strong> RDNA 3.0 -arkkitehtuurilla varustettu AMD Radeon RX 7600M XT -n\u00e4yt\u00f6nohjain, joka tarjoaa poikkeuksellista grafiikkaa ja sulavaa pelaamista.<\/li>\n\n\n\n<li><strong>Laajennettava visuaalinen asennus:<\/strong> HDMI 2.1 ja DP 1.4a tukevat jopa kolmea ulkoista n\u00e4ytt\u00f6\u00e4, mik\u00e4 takaa upean pelikokemuksen.<\/li>\n\n\n\n<li><strong>Tehokas j\u00e4\u00e4hdytysj\u00e4rjestelm\u00e4:<\/strong> Aktiivinen j\u00e4\u00e4hdytysmekanismi est\u00e4\u00e4 ylikuumenemisen ja varmistaa optimaalisen suorituskyvyn pitkien pelisessioiden aikana.<\/li>\n\n\n\n<li><strong>Kannettava ja kompakti muotoilu:<\/strong> Kompaktit mitat ja kevyt rakenne tekev\u00e4t siit\u00e4 eritt\u00e4in kannettavan, ihanteellisen liikkeell\u00e4 oleville pelaajille.<\/li>\n<\/ul>\n\n<p><strong>Miinukset :<\/strong><\/p>\n\n<ul class=\"wp-block-list\">\n<li><strong>Rajoitettu tuotemerkin yhteensopivuus:<\/strong> Yhteensopivuus muiden kuin GPD-laitteiden ja sellaisten laitteiden kanssa, joissa ei ole USB 4 -porttia, voi olla rajoitettu.<\/li>\n\n\n\n<li><strong>Rajoitetut n\u00e4yt\u00f6nohjainvalinnat:<\/strong> Se ei ehk\u00e4 tyydyt\u00e4 k\u00e4ytt\u00e4ji\u00e4, jotka etsiv\u00e4t erilaisia tai muokattavia n\u00e4yt\u00f6nohjainvalintoja&#8230;<\/li>\n<\/ul>\n","protected":false},"excerpt":{"rendered":"<ul>\n<li>GPU:<strong> XT<\/strong> eGPU: AMD Radeon\u2122<strong> RX 7600M XT<\/strong> eGPU<\/li>\n<li>YHTEENSOPIVUUS:<strong> OCuLink, USB 4, Thunderbolt 3 &amp; 4<\/strong><\/li>\n<li>OCULINK:<strong> PCI Express Connectivity<\/strong><\/li>\n<li>USB 4:<strong> jopa 40 Gbps<\/strong><\/li>\n<li>GPD OCULINK-LAITTEET: <strong>WIN 4 2023<\/strong>,<strong> WIN MAX 2 2023<\/strong> ja<strong> WIN Mini<\/strong>.<\/li>\n<\/ul>\n[cg_accordion title=\"MAKSUTIEDOT\"]<\/p>\n<p>K\u00e4yt\u00e4mme uusinta tekniikkaa maksujen k\u00e4sittelyss\u00e4, jonka avulla voit tehd\u00e4 maksun pankki- tai luottokortilla tai PayPalilla, mik\u00e4 takaa nopean ja turvallisen kokemuksen.[\/cg_accordion]\n[cg_accordion title=\"TAKUU\"]<\/p>\n<p>2 vuoden takuu <a href=\"https:\/\/droix.net\/\" target=\"_blank\" rel=\"nofollow noopener\">DROIX Global ilta mielenrauhasi vuoksi<\/a> [\/cg_accordion]\n[cg_accordion title=\"HINNOITTELU, VEROT JA TOIMITUKSET\"]<\/p>\n<p><strong><u>Huom:<\/u><\/strong><\/p>\n<ul>\n<li>Yhdysvallat Asiakkaat: Asiakkaat: N\u00e4ytetty hinta EI sis\u00e4ll\u00e4 veroja eik\u00e4 tulleja. Vastuu tulliselvityksest\u00e4 ja siihen liittyvien verojen\/tullien maksamisesta on asiakkaalla. <\/li>\n<li>EU:n asiakkaat: N\u00e4ytetty hinta sis\u00e4lt\u00e4\u00e4 sovellettavan veron, joka voi olla jopa 25 % maastasi riippuen.<\/li>\n<li>Kanada Asiakkaat: N\u00e4ytetty hinta sis\u00e4lt\u00e4\u00e4 sovellettavat verot, joihin voi sis\u00e4lty\u00e4 5 % GST ja ylim\u00e4\u00e4r\u00e4isi\u00e4 maakunnallisia myyntiveroja (PST), harmonisoitua myyntiveroa (HST) tai Quebecin myyntiveroa (QST) maakunnasta riippuen.<\/li>\n<\/ul>\n<p><strong>AINOASTAAN EU:n asiakkaille:<\/strong> Express DDP (Delivered Duty Paid). T\u00e4m\u00e4 tarkoittaa: <\/p>\n<ul>\n<li>Kaikki tullit ja verot sis\u00e4ltyv\u00e4t tuotesivulla ilmoitettuun hintaan.<\/li>\n<li>Sinun ei tarvitse maksaa lis\u00e4maksuja toimituksen yhteydess\u00e4.<\/li>\n<li>Harvinaisissa tulliin liittyviss\u00e4 tapauksissa tiimimme hoitaa tulliselvitysprosessin puolestasi varmistaakseen sujuvan toimituksen.<\/li>\n<p>T\u00e4rke\u00e4\u00e4 tietoa palautuksista:<\/p>\n<li>Jos p\u00e4\u00e4t\u00e4t palauttaa tilauksesi tai pyyt\u00e4\u00e4 palautusta, ota huomioon, ett\u00e4 DDP-ehtojen mukaisesti puolestasi maksettuja veroja ja tulleja ei voida palauttaa.<\/li>\n<p>Katso yksityiskohtaiset tiedot <a href=\"https:\/\/droix.net\/terms-and-conditions\/\" target=\"_blank\" rel=\"nofollow noopener\">k\u00e4ytt\u00f6ehdoistamme<\/a>.\n<\/ul>\n<p>[\/cg_accordion]\n[cg_accordion title=\"ASIAKASTUKI\"]<\/p>\n<p>Onko kysytt\u00e4v\u00e4\u00e4? Olemme lyhyen tekstiviestin p\u00e4\u00e4ss\u00e4 siit\u00e4, ett\u00e4 ongelmasi on ratkaistu! [\/cg_accordion]\n<p>Katso yksityiskohtaiset tiedot <a href=\"https:\/\/gpdstore.net\/fi\/terms-of-service\/\" target=\"_blank\" rel=\"nofollow noopener\">k\u00e4ytt\u00f6ehdoistamme<\/a>.\n<\/ul>\n<p>[\/]<\/p>\n[cg_accordion title=\"MIT\u00c4 SIS\u00c4LTYY\"]<\/p>\n<ul>\n<li>1x GPD G1 2023<\/li>\n<li>1x virtal\u00e4hde<\/li>\n<li>1x USB Type-C-kaapeli<\/li>\n<li>1x K\u00e4ytt\u00f6ohje<\/li>\n<\/ul>\n<p>[\/cg_accordion]\n","protected":false},"featured_media":369782,"template":"","meta":{"_acf_changed":false},"product_brand":[],"product_cat":[10091],"product_tag":[11914,10485],"woo-feed-brand":[9922],"class_list":{"0":"post-386010","1":"product","2":"type-product","3":"status-publish","4":"has-post-thumbnail","6":"product_cat-tarvikkeet","7":"product_tag-10bfsale-fi","8":"product_tag-gpd-g1-fi","9":"product_shipping_class-premium","10":"pa_brand-biwin","11":"pa_brand-droix","12":"pa_brand-gpd","13":"pa_brand-gulikit","14":"pa_graphics-gpu-model-radeon-rx-7600m-xt-fi","15":"pa_i-o-video-1x-oculink-fi","16":"pa_i-o-video-1x-usb-4-0-type-cn-kautta-40gb-s","17":"woo-feed-brand-gpd-fi","19":"first","20":"outofstock","21":"sale","22":"taxable","23":"shipping-taxable","24":"purchasable","25":"product-type-variable","26":"has-default-attributes"},"acf":[],"aioseo_notices":[],"_links":{"self":[{"href":"https:\/\/gpdstore.net\/fi\/wp-json\/wp\/v2\/product\/386010","targetHints":{"allow":["GET"]}}],"collection":[{"href":"https:\/\/gpdstore.net\/fi\/wp-json\/wp\/v2\/product"}],"about":[{"href":"https:\/\/gpdstore.net\/fi\/wp-json\/wp\/v2\/types\/product"}],"wp:featuredmedia":[{"embeddable":true,"href":"https:\/\/gpdstore.net\/fi\/wp-json\/wp\/v2\/media\/369782"}],"wp:attachment":[{"href":"https:\/\/gpdstore.net\/fi\/wp-json\/wp\/v2\/media?parent=386010"}],"wp:term":[{"taxonomy":"product_brand","embeddable":true,"href":"https:\/\/gpdstore.net\/fi\/wp-json\/wp\/v2\/product_brand?post=386010"},{"taxonomy":"product_cat","embeddable":true,"href":"https:\/\/gpdstore.net\/fi\/wp-json\/wp\/v2\/product_cat?post=386010"},{"taxonomy":"product_tag","embeddable":true,"href":"https:\/\/gpdstore.net\/fi\/wp-json\/wp\/v2\/product_tag?post=386010"},{"taxonomy":"woo-feed-brand","embeddable":true,"href":"https:\/\/gpdstore.net\/fi\/wp-json\/wp\/v2\/woo-feed-brand?post=386010"}],"curies":[{"name":"wp","href":"https:\/\/api.w.org\/{rel}","templated":true}]}}