{"id":385781,"date":"2023-03-26T17:56:24","date_gmt":"2023-03-26T17:56:24","guid":{"rendered":"https:\/\/gpdstore.net\/Ei-luokiteltu\/gpd-win-max-2021-pelikayttoon-tarkoitettu-kannettava-tietokone\/"},"modified":"2025-12-23T10:31:47","modified_gmt":"2025-12-23T10:31:47","slug":"gpd-win-max-2021","status":"publish","type":"product","link":"https:\/\/gpdstore.net\/fi\/product\/gpd-win-max-2021\/","title":{"rendered":"GPD WIN MAX 2021 pelik\u00e4ytt\u00f6\u00f6n tarkoitettu kannettava tietokone"},"content":{"rendered":"\n<p>GPD WIN MAX 2021 on pelik\u00e4ytt\u00f6\u00f6n tarkoitettu ultrabook, joka on suunniteltu PC-pelaamiseen tien p\u00e4\u00e4ll\u00e4. T\u00e4st\u00e4 tehokkaasta laitteesta on kaksi versiota, joista toisessa on Intel\u00ae Core\u2122 i7-1195G7 -prosessori ja toisessa AMD Ryzen\u2122 7 4800U -suoritin. Molemmat laiteversiot ovat t\u00e4ysin samanlaisia, lukuun ottamatta eri prosessorivaihtoehtoja.<\/p>\n\n<p>GPD Storessa olemme ylpeit\u00e4 voidessamme tarjota GPD WIN MAX 2021:n pelaajille, jotka haluavat suorituskykyisen PC-pelik\u00e4mmenlaitteen, jonka voi ottaa mukaansa minne tahansa. T\u00e4m\u00e4 ultrabook on t\u00e4ydellinen pelaajille, jotka haluavat nauttia suosikkipeleist\u00e4\u00e4n tien p\u00e4\u00e4ll\u00e4 ilman, ett\u00e4 heid\u00e4n tarvitsee tinki\u00e4 suorituskyvyst\u00e4 tai laadusta.<\/p>\n\n<p>GPD WIN MAX 2021 on tehokas peliultrakirja, jossa on 8,0 tuuman IPS-kosketusn\u00e4ytt\u00f6, jonka tarkkuus on 1280 x 800 pikseli\u00e4. Laitteessa on integroitu Intel\u00ae Iris\u00ae Xe -grafiikka tai AMD Radeon\u2122 -grafiikka, joten se on t\u00e4ydellinen vaativien pelien ja sovellusten suorittamiseen.<\/p>\n\n<p>GPD WIN MAX 2021 on saatavana joko Intel\u00ae Core\u2122 i7-1195G7 -suorittimella tai AMD Ryzen\u2122 7 4800U -suorittimella. N\u00e4m\u00e4 tehokkaat prosessorit varmistavat, ett\u00e4 laite pystyy k\u00e4sittelem\u00e4\u00e4n vaativimmatkin pelit ja sovellukset helposti.<\/p>\n\n<p>GPD WIN MAX 2021 -mallissa on my\u00f6s 16 Gt LPDDR4X 4266 MT\/s RAM-muistia ja 1 TtB M.2-muistia. NVMe SSD -tallennustila, joka takaa, ett\u00e4 sinulla on runsaasti tilaa pelien ja muiden tietojen tallentamiseen. Laitteessa on my\u00f6s useita portteja, kuten USB Type-C-portti, USB 3.0 -portti, HDMI-portti ja 3,5 mm:n kuulokeliit\u00e4nt\u00e4.<\/p>\n\n<p>Yksi GPD WIN MAX 2021:n merkitt\u00e4vimmist\u00e4 ominaisuuksista on sen kompakti koko. Vaikka laite on tehokas ultrabook, se on kooltaan vain 8,5 x 5,7 x 1,1 tuumaa ja painaa vain 1,5 kiloa. N\u00e4in se on helppo ottaa mukaan kaikkialle, olitpa sitten matkoilla tai halusit vain nauttia suosikkipeleist\u00e4si sohvalla.<\/p>\n\n<p>GPD WIN MAX 2021:ss\u00e4 on my\u00f6s sis\u00e4\u00e4nrakennettu peliohjain, jossa on D-pad, analogiset tikut ja liipaisupainikkeet. N\u00e4in voit helposti pelata suosikkipelej\u00e4si ilman ulkoisen ohjaimen liitt\u00e4mist\u00e4. Laitteessa on my\u00f6s t\u00e4ysi QWERTY-n\u00e4pp\u00e4imist\u00f6, joka helpottaa kirjoittamista ja valikoissa navigointia.<\/p>\n\n<p>Me GPD Storessa uskomme, ett\u00e4 GPD WIN MAX 2021 on t\u00e4ydellinen ultrabook pelaajille, jotka haluavat suorituskykyisen PC-pelik\u00e4mmenlaitteen, jonka voi ottaa mukaansa minne tahansa. T\u00e4m\u00e4 tehokas laite on t\u00e4ydellinen pelaajille, jotka haluavat nauttia suosikkipeleist\u00e4\u00e4n tien p\u00e4\u00e4ll\u00e4 ilman, ett\u00e4 suorituskyvyst\u00e4 tai laadusta tarvitsee tinki\u00e4.<\/p>\n\n<p>Olitpa sitten satunnainen pelaaja tai hardcore-pelaaja, GPD WIN MAX 2021 on t\u00e4ydellinen laite sinulle. Tehokkaan prosessorinsa, laadukkaan grafiikkansa ja kompaktin kokonsa ansiosta se on ultrakirja, jolla voit pelata PC-pelej\u00e4 tien p\u00e4\u00e4ll\u00e4. Miksi siis odottaa? K\u00e4y GPD Storessa t\u00e4n\u00e4\u00e4n ja hanki GPD WIN MAX 2021.<\/p>\n","protected":false},"excerpt":{"rendered":"<ul>\n<li>AMD <strong>Ryzen 7 6800U<\/strong> @2.7GHz TDP 15-28W<\/li>\n<li>AMD Radeon 680M <strong>12 yksikk\u00f6\u00e4 @2200 MHz<\/strong><\/li>\n<li><strong>jopa 32 Gt LPDDR5-6400 MT\/s LPDDR5-6400 MT\/s<\/strong><\/li>\n<li><strong>jopa 2TB:n<\/strong> suurnopeuksinen PCI-E <strong>NVMe<\/strong> -muistitikku SSD<\/li>\n<li>WiFi 6 &amp; Bluetooth <strong>5.2<\/strong> -tuki  <\/li>\n<\/ul>\n<p> [cg_accordion title=\"MAKSUTIEDOT\"] K\u00e4yt\u00e4mme uusinta tekniikkaa maksujen k\u00e4sittelyss\u00e4, jonka avulla voit tehd\u00e4 maksun Apple Payn, Google Payn, pankki- tai luottokortin, PayPalin tai BNPL-menetelmien, kuten Klarna, Affirm tai AfterPay, avulla nopean ja turvallisen maksukokemuksen.[\/cg_accordion] [cg_accordion title=\"TAKUU\"] 2 vuoden takuu <a href=\"https:\/\/droix.net\/\" target=\"_blank\" rel=\"nofollow noopener\">DROIX Globalilta<\/a> mielenrauhasi vuoksi.[\/cg_accordion] [cg_accordion title=\"PRICING, TAXES AND SHIPPING\"] <strong><br \/>\n  <u>Huom:<\/u><br \/>\n<\/strong><\/p>\n<ul>\n<li>Yhdysvallat Asiakkaat: Asiakkaat: N\u00e4ytetty hinta EI sis\u00e4ll\u00e4 veroja eik\u00e4 tulleja. Vastuu tulliselvityksest\u00e4 ja siihen liittyvien verojen\/tullien maksamisesta on asiakkaalla. <\/li>\n<li>EU:n asiakkaat: N\u00e4ytetty hinta sis\u00e4lt\u00e4\u00e4 sovellettavan veron, joka voi olla jopa 25 % maastasi riippuen.<\/li>\n<li>Kanada Asiakkaat: N\u00e4ytetty hinta sis\u00e4lt\u00e4\u00e4 sovellettavat verot, joihin voi sis\u00e4lty\u00e4 5 % GST ja ylim\u00e4\u00e4r\u00e4isi\u00e4 maakunnallisia myyntiveroja (PST), harmonisoitua myyntiveroa (HST) tai Quebecin myyntiveroa (QST) maakunnasta riippuen.<\/li>\n<\/ul>\n<p><strong>AINOASTAAN EU:n asiakkaille:<\/strong> Express DDP (Delivered Duty Paid). T\u00e4m\u00e4 tarkoittaa: <\/p>\n<ul>\n<li style=\"list-style-type: none;\">\n<ul>\n<li>Kaikki tullit ja verot sis\u00e4ltyv\u00e4t tuotesivulla ilmoitettuun hintaan.<\/li>\n<li>Sinun ei tarvitse maksaa lis\u00e4maksuja toimituksen yhteydess\u00e4.<\/li>\n<li>Harvinaisissa tulliin liittyviss\u00e4 tapauksissa tiimimme hoitaa tulliselvitysprosessin puolestasi varmistaakseen sujuvan toimituksen.<\/li>\n<p>T\u00e4rke\u00e4\u00e4 tietoa palautuksista:<\/p>\n<li>Jos p\u00e4\u00e4t\u00e4t palauttaa tilauksesi tai pyyt\u00e4\u00e4 palautusta, ota huomioon, ett\u00e4 DDP-ehtojen mukaisesti puolestasi maksettuja veroja ja tulleja ei voida palauttaa.<\/li>\n<p>Tutustu meid\u00e4n<\/ul>\n<\/li>\n<\/ul>\n<p><a href=\"https:\/\/gpdstore.net\/fi\/terms-of-service\/\" target=\"_blank\" rel=\"nofollow noopener\">Ehdot ja edellytykset<\/a><\/p>\n<ul>yksityiskohtaisia tietoja.<\/ul>\n<p>[\/cg_accordion] [cg_accordion title=\"ASIAKASTUKI\"]  Onko kysytt\u00e4v\u00e4\u00e4? Olemme lyhyen tekstiviestin p\u00e4\u00e4ss\u00e4 siit\u00e4, ett\u00e4 ongelmasi on ratkaistu!   [\/cg_accordion] [cg_accordion title=\"WHAT'S INCLUDED\"]<\/p>\n<ul>\n<li>1x GPD WIN MAX 2021<\/li>\n<li>1x virtal\u00e4hde<\/li>\n<li>1x USB Type-C-kaapeli<\/li>\n<li>1x K\u00e4ytt\u00f6ohje<\/li>\n<\/ul>\n<p>[\/cg_accordion]<\/p>\n","protected":false},"featured_media":385782,"template":"","meta":{"_acf_changed":false},"product_brand":[],"product_cat":[9919],"product_tag":[10796],"woo-feed-brand":[9922],"class_list":{"0":"post-385781","1":"product","2":"type-product","3":"status-publish","4":"has-post-thumbnail","6":"product_cat-gpd-handheld-pc-pelaamiseen","7":"product_tag-gpd-win-max-fi","8":"product_shipping_class-premium","9":"pa_bluetooth-5-fi","10":"pa_bluetooth-5-2-fi","11":"pa_display-type-h-ips-fi","12":"pa_graphics-gpu-model-radeon-grafiikka","13":"pa_graphics-gpu-model-intel-iris-xe-grafiikka","14":"pa_i-o-video-1x-hdmi-2-0b-fi","15":"pa_memory-ram-capacity-16gb-fi","16":"pa_memory-ram-technology-lpddr4x-fi","17":"pa_processor-cpu-model-amd-ryzen-7-4800u","18":"pa_processor-cpu-model-intel-core-i7-1195g7","19":"pa_storage-capacity-1tb-fi","20":"pa_wi-fi-wi-fi-6-fi","21":"woo-feed-brand-gpd-fi","23":"first","24":"outofstock","25":"sale","26":"taxable","27":"shipping-taxable","28":"purchasable","29":"product-type-variable","30":"has-default-attributes"},"acf":[],"aioseo_notices":[],"_links":{"self":[{"href":"https:\/\/gpdstore.net\/fi\/wp-json\/wp\/v2\/product\/385781","targetHints":{"allow":["GET"]}}],"collection":[{"href":"https:\/\/gpdstore.net\/fi\/wp-json\/wp\/v2\/product"}],"about":[{"href":"https:\/\/gpdstore.net\/fi\/wp-json\/wp\/v2\/types\/product"}],"wp:featuredmedia":[{"embeddable":true,"href":"https:\/\/gpdstore.net\/fi\/wp-json\/wp\/v2\/media\/385782"}],"wp:attachment":[{"href":"https:\/\/gpdstore.net\/fi\/wp-json\/wp\/v2\/media?parent=385781"}],"wp:term":[{"taxonomy":"product_brand","embeddable":true,"href":"https:\/\/gpdstore.net\/fi\/wp-json\/wp\/v2\/product_brand?post=385781"},{"taxonomy":"product_cat","embeddable":true,"href":"https:\/\/gpdstore.net\/fi\/wp-json\/wp\/v2\/product_cat?post=385781"},{"taxonomy":"product_tag","embeddable":true,"href":"https:\/\/gpdstore.net\/fi\/wp-json\/wp\/v2\/product_tag?post=385781"},{"taxonomy":"woo-feed-brand","embeddable":true,"href":"https:\/\/gpdstore.net\/fi\/wp-json\/wp\/v2\/woo-feed-brand?post=385781"}],"curies":[{"name":"wp","href":"https:\/\/api.w.org\/{rel}","templated":true}]}}