{"id":385779,"date":"2023-03-26T17:49:20","date_gmt":"2023-03-26T17:49:20","guid":{"rendered":"https:\/\/gpdstore.net\/Ei-luokiteltu\/biwin-2230-nvme-storage\/"},"modified":"2025-12-23T10:30:55","modified_gmt":"2025-12-23T10:30:55","slug":"biwin-2230-nvme-storage","status":"publish","type":"product","link":"https:\/\/gpdstore.net\/fi\/product\/biwin-2230-nvme-storage\/","title":{"rendered":"BiWin 2230 NVMe Storage"},"content":{"rendered":"\n<p>Etsitk\u00f6 suorituskykyist\u00e4 varastointip\u00e4ivityst\u00e4 GPD WIN MAX 2:een tai Valve Steam Deck? \u00c4l\u00e4 etsi kauempaa kuin BiWin 22*30 PCI-e NVMe SSD! T\u00e4m\u00e4 kompakti mutta tehokas SSD on suunniteltu tarjoamaan salamannopeat luku- ja kirjoitusnopeudet, jotta suosikkipelisi ja -sovelluksesi latautuvat nopeasti ja toimivat sujuvasti.<\/p>\n\n<p>BiWin 22*30 on kooltaan vain 22 mm x 30 mm, joten se on yksi markkinoiden pienimmist\u00e4 NVMe SSD-asemista. Mutta \u00e4l\u00e4 anna sen kompaktin koon h\u00e4m\u00e4t\u00e4 &#8211; t\u00e4m\u00e4 SSD on todella tehokas! Jopa 3500 Mt\/s lukunopeus ja jopa 3000 Mt\/s kirjoitusnopeus takaavat, ett\u00e4 se pystyy vastaamaan vaativimpiinkin peleihin ja sovelluksiin.<\/p>\n\n<p>Yksi BiWin<em>2230<\/em>:n suurimmista eduista<em>on sen yhteensopivuus sek\u00e4 GPD WIN MAX 2:n ett\u00e4 Valven Steam Deck:n kanssa. Jos haluat p\u00e4ivitt\u00e4\u00e4 jommankumman n\u00e4ist\u00e4 laitteista tallennustilaa, BiWin 2230 on t\u00e4ydellinen valinta<\/em>. Asenna vain SSD-levy laitteen NVMe-korttipaikkaan ja olet valmis! <\/p>\n\n<p>Toinen BiWin 22*30:n etu on sen yhteensopivuus useiden eri k\u00e4ytt\u00f6j\u00e4rjestelmien kanssa, kuten Windows, Linux ja macOS. T\u00e4m\u00e4 tekee siit\u00e4 monipuolisen valinnan kaikille, jotka haluavat p\u00e4ivitt\u00e4\u00e4 tallennustilaansa, riippumatta siit\u00e4, mit\u00e4 j\u00e4rjestelm\u00e4\u00e4 he k\u00e4ytt\u00e4v\u00e4t.<\/p>\n\n<p>Yksi parhaista paikoista ostaa BiWin 22*30 on tietenkin GPD Store. Johtavana GPD-tuotteiden j\u00e4lleenmyyj\u00e4n\u00e4 GPD Store on t\u00e4ydellinen paikka l\u00f6yt\u00e4\u00e4 kaikki tarvikkeet ja p\u00e4ivitykset, joita tarvitset saadaksesi kaiken irti GPD WIN MAX 2:sta tai Steam Deckist\u00e4si. Nopeat toimitukset, edulliset hinnat ja ensiluokkainen asiakaspalvelu takaavat, ett\u00e4 voit tehd\u00e4 ostoksia luottavaisin mielin tiet\u00e4en, ett\u00e4 saat parhaan mahdollisen tarjouksen.<\/p>\n\n<p>Jos siis etsit GPD WIN MAX 2 &#8211; tai Steam Deck -tietokoneeseesi suorituskykyist\u00e4 NVMe SSD-levy\u00e4, etsi BiWin 22*30 -levy\u00e4. Kompaktin kokonsa, salamannopean nopeutensa ja laajan yhteensopivuutensa ansiosta se on t\u00e4ydellinen valinta kaikille, jotka haluavat vied\u00e4 pelikokemuksensa ja tietotekniikkakokemuksensa uudelle tasolle. GPD Store on vain klikkauksen p\u00e4\u00e4ss\u00e4, joten sinun on helpompaa kuin koskaan hankkia menesty\u00e4ksesi tarvitsemasi tuotteet!<\/p>\n","protected":false},"excerpt":{"rendered":"<ul>\n<li>Yhteensopiva Valve Steam Deck, GPD WIN Max 2, GPD WIN 4 kanssa.<\/li>\n<li>Jopa 3200 MB\/s lukeminen | 2600 MB\/s kirjoittaminen<\/li>\n<li>0,107 ms lukuviive | 0,109 ms kirjoitusviive<\/li>\n<li>Roskienker\u00e4ys, TRIM &amp; Modern Standby tuettu<\/li>\n<\/ul>\n[cg_accordion title=\"MAKSUTIEDOT\"]<\/p>\n<p>K\u00e4yt\u00e4mme uusinta teknologiaa maksujen k\u00e4sittelyss\u00e4, jonka avulla voit tehd\u00e4 maksun Apple Payn, Google Payn, pankki- tai luottokortin, PayPalin tai BNPL-menetelmien, kuten Klarna, Affirm tai AfterPay, avulla nopean ja turvallisen maksukokemuksen.[\/cg_accordion]\n[cg_accordion title=\"TAKUU\"]<\/p>\n<p>2 vuoden takuu <a href=\"https:\/\/droix.net\/\" target=\"_blank\" rel=\"nofollow noopener\">DROIX Global ilta mielenrauhasi vuoksi<\/a> [\/cg_accordion]\n[cg_accordion title=\"HINNOITTELU, VEROT JA TOIMITUKSET\"]<\/p>\n<p><strong><u>Huom:<\/u><\/strong><\/p>\n<ul>\n<li>Yhdysvallat Asiakkaat: Asiakkaat: N\u00e4ytetty hinta EI sis\u00e4ll\u00e4 veroja eik\u00e4 tulleja. Vastuu tulliselvityksest\u00e4 ja siihen liittyvien verojen\/tullien maksamisesta on asiakkaalla. <\/li>\n<li>EU:n asiakkaat: N\u00e4ytetty hinta sis\u00e4lt\u00e4\u00e4 sovellettavan veron, joka voi olla jopa 25 % maastasi riippuen.<\/li>\n<li>Kanada Asiakkaat: N\u00e4ytetty hinta sis\u00e4lt\u00e4\u00e4 sovellettavat verot, joihin voi sis\u00e4lty\u00e4 5 % GST ja ylim\u00e4\u00e4r\u00e4isi\u00e4 maakunnallisia myyntiveroja (PST), harmonisoitua myyntiveroa (HST) tai Quebecin myyntiveroa (QST) maakunnasta riippuen.<\/li>\n<\/ul>\n<p><strong>AINOASTAAN EU:n asiakkaille:<\/strong> Express DDP (Delivered Duty Paid). T\u00e4m\u00e4 tarkoittaa: <\/p>\n<ul>\n<li>Kaikki tullit ja verot sis\u00e4ltyv\u00e4t tuotesivulla ilmoitettuun hintaan.<\/li>\n<li>Sinun ei tarvitse maksaa lis\u00e4maksuja toimituksen yhteydess\u00e4.<\/li>\n<li>Harvinaisissa tulliin liittyviss\u00e4 tapauksissa tiimimme hoitaa tulliselvitysprosessin puolestasi varmistaakseen sujuvan toimituksen.<\/li>\n<p>T\u00e4rke\u00e4\u00e4 tietoa palautuksista:<\/p>\n<li>Jos p\u00e4\u00e4t\u00e4t palauttaa tilauksesi tai pyyt\u00e4\u00e4 palautusta, ota huomioon, ett\u00e4 DDP-ehtojen mukaisesti puolestasi maksettuja veroja ja tulleja ei voida palauttaa.<\/li>\n<p>Katso yksityiskohtaiset tiedot <a href=\"https:\/\/gpdstore.net\/fi\/terms-of-service\/\" target=\"_blank\" rel=\"nofollow noopener\">k\u00e4ytt\u00f6ehdoistamme<\/a>.\n<\/ul>\n<p>[\/cg_accordion]\n[cg_accordion title=\"ASIAKASTUKI\"]<\/p>\n<p>Onko kysytt\u00e4v\u00e4\u00e4? Olemme lyhyen tekstiviestin p\u00e4\u00e4ss\u00e4 siit\u00e4, ett\u00e4 ongelmasi on ratkaistu!<br \/>\n[\/cg_accordion]\n[cg_accordion title=\"MIT\u00c4 SIS\u00c4LTYY\"]<\/p>\n<ul>\n<li>1x BiWIN 2230 NVMe<\/li>\n<\/ul>\n<p>[\/cg_accordion]\n","protected":false},"featured_media":385780,"template":"","meta":{"_acf_changed":false},"product_brand":[],"product_cat":[10091],"product_tag":[10782],"woo-feed-brand":[],"class_list":{"0":"post-385779","1":"product","2":"type-product","3":"status-publish","4":"has-post-thumbnail","6":"product_cat-tarvikkeet","7":"product_tag-hardware-fi","8":"product_shipping_class-low-end","9":"pa_accessory-type-lisaosat","11":"first","12":"outofstock","13":"sold-individually","14":"taxable","15":"shipping-taxable","16":"purchasable","17":"product-type-simple"},"acf":[],"aioseo_notices":[],"_links":{"self":[{"href":"https:\/\/gpdstore.net\/fi\/wp-json\/wp\/v2\/product\/385779","targetHints":{"allow":["GET"]}}],"collection":[{"href":"https:\/\/gpdstore.net\/fi\/wp-json\/wp\/v2\/product"}],"about":[{"href":"https:\/\/gpdstore.net\/fi\/wp-json\/wp\/v2\/types\/product"}],"wp:featuredmedia":[{"embeddable":true,"href":"https:\/\/gpdstore.net\/fi\/wp-json\/wp\/v2\/media\/385780"}],"wp:attachment":[{"href":"https:\/\/gpdstore.net\/fi\/wp-json\/wp\/v2\/media?parent=385779"}],"wp:term":[{"taxonomy":"product_brand","embeddable":true,"href":"https:\/\/gpdstore.net\/fi\/wp-json\/wp\/v2\/product_brand?post=385779"},{"taxonomy":"product_cat","embeddable":true,"href":"https:\/\/gpdstore.net\/fi\/wp-json\/wp\/v2\/product_cat?post=385779"},{"taxonomy":"product_tag","embeddable":true,"href":"https:\/\/gpdstore.net\/fi\/wp-json\/wp\/v2\/product_tag?post=385779"},{"taxonomy":"woo-feed-brand","embeddable":true,"href":"https:\/\/gpdstore.net\/fi\/wp-json\/wp\/v2\/woo-feed-brand?post=385779"}],"curies":[{"name":"wp","href":"https:\/\/api.w.org\/{rel}","templated":true}]}}