{"id":385515,"date":"2023-03-26T17:20:14","date_gmt":"2023-03-26T17:20:14","guid":{"rendered":"https:\/\/gpdstore.net\/Ei-luokiteltu\/gpd-win-max-2-gaming-handheld-pc\/"},"modified":"2026-04-02T03:46:19","modified_gmt":"2026-04-02T03:46:19","slug":"gpd-win-max-2","status":"publish","type":"product","link":"https:\/\/gpdstore.net\/fi\/product\/gpd-win-max-2\/","title":{"rendered":"GPD WIN MAX 2 Gaming Handheld PC"},"content":{"rendered":"\n<p>GPD WIN MAX 2, joka on saatavilla GPD Storesta, on vaikuttava ultrabook, joka yhdist\u00e4\u00e4 ty\u00f6n ja leikin yhdess\u00e4 laitteessa. T\u00e4ss\u00e4 kannettavassa pelitietokoneessa on tehokas AMD Ryzen 7 6800U -prosessori, jossa on kahdeksan ydint\u00e4 ja kuusitoista s\u00e4iett\u00e4 ja joka kykenee jopa 4,7 GHz:n kellotaajuuteen konfiguroitavissa 15W-28W TDP. AMD Radeon 680M tarjoaa jopa 2,2 GHz:n tehon, mik\u00e4 takaa sulavan visuaalisen ilmeen 10,1 tuuman IPS kosketusn\u00e4yt\u00f6ll\u00e4.<\/p>\n\n<p>GPD WIN MAX 2 on kooltaan kompakti 8,9 x 6,2 x 0,9 tuumaa (22,7 x 16,0 x 2,3 cm) ja painaa hieman yli kilon, joten se on eritt\u00e4in kannettava ja mahtuu helposti kannettavan tietokoneen laukkuun tai laukkuun. T\u00e4m\u00e4 kannettava pelitietokone tukee jopa 32 Gt LPDDR5-6400 MT\/s RAM-muistia ja jopa 2 Tt:n SSD tallennustilaa, ja sen takana on lis\u00e4korttipaikka jopa 2 Tt:n m.2-muistille. PCIe 3.0 SSD.<\/p>\n\n<p>GPD WIN MAX 2:ssa on my\u00f6s t\u00e4ydet peliohjaimet, mukaan lukien kaksi hall-efekti-anturilla varustettua analogista tikkua, pelik\u00e4ytt\u00f6\u00f6n soveltuva D-Pad ja hall-efektiliipaisimet. Takapuolella on jopa kaksi lis\u00e4painiketta, jotka voidaan m\u00e4\u00e4ritt\u00e4\u00e4 haluamallasi tavalla. Ultrabookissa on my\u00f6s nopea WiFi 6 ja Bluetooth 5.2, ja siin\u00e4 on valinnainen 4G LTE -tuki mobiilidataa varten.<\/p>\n\n<p>GPD WIN MAX 2:n virtal\u00e4hteen\u00e4 on 67Wh:n Li-polymeeriakku, joka kest\u00e4\u00e4 jopa 14 tuntia kevytt\u00e4 k\u00e4ytt\u00f6\u00e4, 6-8 tuntia kohtalaista k\u00e4ytt\u00f6\u00e4 ja 3 tuntia raskasta k\u00e4ytt\u00f6\u00e4. Thunderbolt 4 -liit\u00e4nn\u00e4n avulla voit lis\u00e4ksi liitt\u00e4\u00e4 ulkoisen n\u00e4yt\u00f6nohjaimen (eGPU), jolloin suorituskyky on entist\u00e4kin nopeampi. Laitteessa on jopa sis\u00e4\u00e4nrakennettu HDMI 2.1 -liit\u00e4nt\u00e4 kahden monitorin n\u00e4ytt\u00f6\u00e4 varten.<\/p>\n\n<p>Kaiken kaikkiaan GPD WIN MAX 2 on poikkeuksellinen kannettava pelitietokone, joka siirtyy saumattomasti ty\u00f6n ja pelaamisen v\u00e4lill\u00e4 ja jonka akun kesto on erinomainen. T\u00e4m\u00e4 Ultrabook on t\u00e4ydellinen ratkaisu, kun ty\u00f6skentelet vaativien toimistodokumenttien parissa tai nautit AAA-suosikkipeleist\u00e4si.<\/p>\n\n<p><\/p>\n","protected":false},"excerpt":{"rendered":"<ul>\n<li>AMD <strong>Ryzen 7 6800U<\/strong> @2.7GHz TDP 15-28W<\/li>\n<li>AMD Radeon 680M <strong>12 yksikk\u00f6\u00e4 @2200 MHz<\/strong><\/li>\n<li><strong>jopa 32 Gt LPDDR5-6400 MT\/s LPDDR5-6400 MT\/s<\/strong><\/li>\n<li><strong>jopa 2TB:n<\/strong> suurnopeuksinen PCI-E <strong>NVMe<\/strong> -muistitikku SSD<\/li>\n<li>WiFi 6 &amp; Bluetooth <strong>5.2<\/strong> -tuki  <\/li>\n<\/ul>\n[cg_accordion title=\"MAKSUTIEDOT\"]<\/p>\n<p>K\u00e4yt\u00e4mme uusinta tekniikkaa maksujen k\u00e4sittelyss\u00e4, jonka avulla voit tehd\u00e4 maksun pankki- tai luottokortilla tai PayPalilla, mik\u00e4 takaa nopean ja turvallisen kokemuksen.[\/cg_accordion]\n[cg_accordion title=\"TAKUU\"]<\/p>\n<p>2 vuoden takuu <a href=\"https:\/\/droix.net\/\" target=\"_blank\" rel=\"nofollow noopener\">DROIX Global ilta mielenrauhasi vuoksi<\/a> [\/cg_accordion]\n[cg_accordion title=\"HINNOITTELU, VEROT JA TOIMITUKSET\"]<\/p>\n<p><strong><u>Huom:<\/u><\/strong><\/p>\n<ul>\n<li>Yhdysvallat Asiakkaat: Asiakkaat: N\u00e4ytetty hinta EI sis\u00e4ll\u00e4 veroja eik\u00e4 tulleja. Vastuu tulliselvityksest\u00e4 ja siihen liittyvien verojen\/tullien maksamisesta on asiakkaalla. <\/li>\n<li>EU:n asiakkaat: N\u00e4ytetty hinta sis\u00e4lt\u00e4\u00e4 sovellettavan veron, joka voi olla jopa 25 % maastasi riippuen.<\/li>\n<li>Kanada Asiakkaat: N\u00e4ytetty hinta sis\u00e4lt\u00e4\u00e4 sovellettavat verot, joihin voi sis\u00e4lty\u00e4 5 % GST ja ylim\u00e4\u00e4r\u00e4isi\u00e4 maakunnallisia myyntiveroja (PST), harmonisoitua myyntiveroa (HST) tai Quebecin myyntiveroa (QST) maakunnasta riippuen.<\/li>\n<\/ul>\n<p><strong>AINOASTAAN EU:n asiakkaille:<\/strong> Express DDP (Delivered Duty Paid). T\u00e4m\u00e4 tarkoittaa: <\/p>\n<ul>\n<li>Kaikki tullit ja verot sis\u00e4ltyv\u00e4t tuotesivulla ilmoitettuun hintaan.<\/li>\n<li>Sinun ei tarvitse maksaa lis\u00e4maksuja toimituksen yhteydess\u00e4.<\/li>\n<li>Harvinaisissa tulliin liittyviss\u00e4 tapauksissa tiimimme hoitaa tulliselvitysprosessin puolestasi varmistaakseen sujuvan toimituksen.<\/li>\n<p>T\u00e4rke\u00e4\u00e4 tietoa palautuksista:<\/p>\n<li>Jos p\u00e4\u00e4t\u00e4t palauttaa tilauksesi tai pyyt\u00e4\u00e4 palautusta, ota huomioon, ett\u00e4 DDP-ehtojen mukaisesti puolestasi maksettuja veroja ja tulleja ei voida palauttaa.<\/li>\n<p>Katso yksityiskohtaiset tiedot <a href=\"https:\/\/droix.net\/terms-and-conditions\/\" target=\"_blank\" rel=\"nofollow noopener\">k\u00e4ytt\u00f6ehdoistamme<\/a>.\n<\/ul>\n<p>[\/cg_accordion]\n[cg_accordion title=\"ASIAKASTUKI\"]<\/p>\n<p>Onko kysytt\u00e4v\u00e4\u00e4? Olemme lyhyen tekstiviestin p\u00e4\u00e4ss\u00e4 siit\u00e4, ett\u00e4 ongelmasi on ratkaistu! <\/p>\n<p>Katso yksityiskohtaiset tiedot <a href=\"https:\/\/gpdstore.net\/fi\/terms-of-service\/\" target=\"_blank\" rel=\"nofollow noopener\">k\u00e4ytt\u00f6ehdoistamme<\/a>.\n<\/ul>\n<p>[\/cg_accordion]\n[cg_accordion title=\"MIT\u00c4 SIS\u00c4LTYY\"]<\/p>\n<ul>\n<li>1x GPD WIN MAX 2<\/li>\n<li>1x virtal\u00e4hde<\/li>\n<li>1x USB Type-C-kaapeli<\/li>\n<li>1x K\u00e4ytt\u00f6ohje<\/li>\n<\/ul>\n<p>[\/cg_accordion]\n","protected":false},"featured_media":385516,"template":"","meta":{"_acf_changed":false},"product_brand":[],"product_cat":[9919],"product_tag":[10521],"woo-feed-brand":[9922],"class_list":{"0":"post-385515","1":"product","2":"type-product","3":"status-publish","4":"has-post-thumbnail","6":"product_cat-gpd-handheld-pc-pelaamiseen","7":"product_tag-gpd-win-max-2-fi","8":"product_shipping_class-premium","9":"pa_bluetooth-5-2-fi","10":"pa_display-type-h-ips-fi","11":"pa_graphics-gpu-model-radeon-680m-fi","12":"pa_i-o-video-1x-hdmi-2-1-fi-2","13":"pa_i-o-video-1x-usb-4-0-type-cn-kautta-40gb-s","14":"pa_memory-ram-capacity-16gb-fi","15":"pa_memory-ram-capacity-32gb-fi","16":"pa_memory-ram-technology-lpddr5-fi","17":"pa_storage-capacity-1tb-fi","18":"pa_storage-capacity-2tb-fi","19":"pa_wi-fi-wi-fi-6-fi","20":"woo-feed-brand-gpd-fi","22":"first","23":"outofstock","24":"taxable","25":"shipping-taxable","26":"purchasable","27":"product-type-variable","28":"has-default-attributes"},"acf":[],"aioseo_notices":[],"_links":{"self":[{"href":"https:\/\/gpdstore.net\/fi\/wp-json\/wp\/v2\/product\/385515","targetHints":{"allow":["GET"]}}],"collection":[{"href":"https:\/\/gpdstore.net\/fi\/wp-json\/wp\/v2\/product"}],"about":[{"href":"https:\/\/gpdstore.net\/fi\/wp-json\/wp\/v2\/types\/product"}],"wp:featuredmedia":[{"embeddable":true,"href":"https:\/\/gpdstore.net\/fi\/wp-json\/wp\/v2\/media\/385516"}],"wp:attachment":[{"href":"https:\/\/gpdstore.net\/fi\/wp-json\/wp\/v2\/media?parent=385515"}],"wp:term":[{"taxonomy":"product_brand","embeddable":true,"href":"https:\/\/gpdstore.net\/fi\/wp-json\/wp\/v2\/product_brand?post=385515"},{"taxonomy":"product_cat","embeddable":true,"href":"https:\/\/gpdstore.net\/fi\/wp-json\/wp\/v2\/product_cat?post=385515"},{"taxonomy":"product_tag","embeddable":true,"href":"https:\/\/gpdstore.net\/fi\/wp-json\/wp\/v2\/product_tag?post=385515"},{"taxonomy":"woo-feed-brand","embeddable":true,"href":"https:\/\/gpdstore.net\/fi\/wp-json\/wp\/v2\/woo-feed-brand?post=385515"}],"curies":[{"name":"wp","href":"https:\/\/api.w.org\/{rel}","templated":true}]}}