{"id":384516,"date":"2023-03-26T13:55:57","date_gmt":"2023-03-26T13:55:57","guid":{"rendered":"https:\/\/gpdstore.net\/Ei-luokiteltu\/gpd-pocket-3-mini-kannettava-tietokone\/"},"modified":"2026-01-07T00:09:17","modified_gmt":"2026-01-07T00:09:17","slug":"gpd-pocket-3","status":"publish","type":"product","link":"https:\/\/gpdstore.net\/fi\/product\/gpd-pocket-3\/","title":{"rendered":"GPD Pocket 3 Mini kannettava tietokone"},"content":{"rendered":"\n<figure class=\"wp-block-video\"><video controls=\"\" poster=\"https:\/\/gpdstore.net\/wp-content\/uploads\/2023\/03\/s-l1600-2025-11-11T121147209.webp\" src=\"https:\/\/gpdstore.net\/wp-content\/uploads\/2023\/03\/kaezXFcAdRaf7bFG0dm_1100204901809_mp4_265_hd-1.mp4\"><\/video><\/figure>\n\n<div class=\"wp-block-columns is-layout-flex wp-container-core-columns-is-layout-28f84493 wp-block-columns-is-layout-flex\">\n<div class=\"wp-block-column is-layout-flow wp-block-column-is-layout-flow\" style=\"flex-basis:33.33%\">\n<figure class=\"wp-block-image size-full\"><a href=\"https:\/\/gpdstore.net\/wp-content\/uploads\/2023\/03\/Wholesale-Price-GPD-Pocket-3-Mini-Laptop-16GB-1TB-i7-GPD-Pocket-3jpg_.webp\"><img fetchpriority=\"high\" decoding=\"async\" width=\"800\" height=\"800\" src=\"https:\/\/gpdstore.net\/wp-content\/uploads\/2023\/03\/Wholesale-Price-GPD-Pocket-3-Mini-Laptop-16GB-1TB-i7-GPD-Pocket-3jpg_.webp\" alt=\"GPD Pocket 3, kompakti ja tehokas minil&#xE4;pp&#xE4;ri, joka on suunniteltu monipuoliseen tietojenk&#xE4;sittelyyn ja kannettavuuteen.\" class=\"wp-image-1263941\" srcset=\"https:\/\/gpdstore.net\/wp-content\/uploads\/2023\/03\/Wholesale-Price-GPD-Pocket-3-Mini-Laptop-16GB-1TB-i7-GPD-Pocket-3jpg_.webp 800w, https:\/\/gpdstore.net\/wp-content\/uploads\/2023\/03\/Wholesale-Price-GPD-Pocket-3-Mini-Laptop-16GB-1TB-i7-GPD-Pocket-3jpg_-600x600.webp 600w, https:\/\/gpdstore.net\/wp-content\/uploads\/2023\/03\/Wholesale-Price-GPD-Pocket-3-Mini-Laptop-16GB-1TB-i7-GPD-Pocket-3jpg_-150x150.webp 150w, https:\/\/gpdstore.net\/wp-content\/uploads\/2023\/03\/Wholesale-Price-GPD-Pocket-3-Mini-Laptop-16GB-1TB-i7-GPD-Pocket-3jpg_-768x768.webp 768w, https:\/\/gpdstore.net\/wp-content\/uploads\/2023\/03\/Wholesale-Price-GPD-Pocket-3-Mini-Laptop-16GB-1TB-i7-GPD-Pocket-3jpg_-65x65.webp 65w, https:\/\/gpdstore.net\/wp-content\/uploads\/2023\/03\/Wholesale-Price-GPD-Pocket-3-Mini-Laptop-16GB-1TB-i7-GPD-Pocket-3jpg_-360x360.webp 360w, https:\/\/gpdstore.net\/wp-content\/uploads\/2023\/03\/Wholesale-Price-GPD-Pocket-3-Mini-Laptop-16GB-1TB-i7-GPD-Pocket-3jpg_-441x441.webp 441w, https:\/\/gpdstore.net\/wp-content\/uploads\/2023\/03\/Wholesale-Price-GPD-Pocket-3-Mini-Laptop-16GB-1TB-i7-GPD-Pocket-3jpg_-100x100.webp 100w\" sizes=\"(max-width: 800px) 100vw, 800px\" \/><\/a><\/figure>\n<\/div>\n\n\n\n<div class=\"wp-block-column is-layout-flow wp-block-column-is-layout-flow\" style=\"flex-basis:66.66%\">\n<h2 class=\"wp-block-heading\"><strong><br\/><\/strong><strong>GPD Pocket 3: Kompakti voimanpes\u00e4, jossa on<br\/>Intel Pentium Gold 7505 -suorituskyky.<\/strong><\/h2>\n\n\n\n<p><strong>GPD Pocket 3<\/strong> on nyt saatavana virtaviivaistetussa kokoonpanossa, jossa on <a href=\"https:\/\/www.intel.com\/content\/www\/us\/en\/products\/sku\/208667\/intel-pentium-gold-7505-processor-4m-cache-up-to-3-50-ghz-with-ipu\/specifications.html\" target=\"_blank\" rel=\"noopener nofollow\" title=\"\">Intel Pentium Gold 7505 -prosessori<\/a>. Nelj\u00e4 ydint\u00e4, kahdeksan s\u00e4iett\u00e4 ja jopa 3,5 GHz:n nopeus tarjoaa vankan suorituskyvyn jokap\u00e4iv\u00e4iseen tuottavuuteen ja moniteht\u00e4v\u00e4\u00e4n. <\/p>\n\n\n\n<p>Yhdistettyn\u00e4 16 Gt:n LPDDR4x-muistiin, joka toimii 3733 MHz:n kellotaajuudella, ja nopeaan M.2 <a href=\"https:\/\/droix.net\/product\/ayn-odin-2-super-dock\/\" target=\"_blank\" rel=\"noopener nofollow\" title=\"\">NVMe<\/a> SSD-levyyn Pocket 3 tarjoaa sujuvan k\u00e4ytt\u00f6kokemuksen asiakirjojen muokkaukseen, verkkoselaukseen, videon suoratoistoon ja kevyeen luovaan ty\u00f6h\u00f6n. Sen kompakti muotoilu ja modulaarinen porttij\u00e4rjestelm\u00e4 tekev\u00e4t siit\u00e4 ihanteellisen ammattilaisille ja harrastajille, jotka tarvitsevat tehokkaan mutta kannettavan Windows-laitteen. <\/p>\n\n\n\n<p>GPD Pocket 3 Intel Pentium Gold -tietokoneella on t\u00e4ydellinen tasapaino suorituskyvyn ja siirrett\u00e4vyyden v\u00e4lill\u00e4 riippumatta siit\u00e4, ty\u00f6skenteletk\u00f6 et\u00e4ty\u00f6ss\u00e4, oletko matkoilla vai tarvitsetko monipuolisen ultrakannettavan tietokoneen.<\/p>\n<\/div>\n<\/div>\n\n<h2 class=\"wp-block-heading has-text-align-center\">Suunniteltu ammattilaisille: Monipuolisuus, hallinta ja suunnittelun huippuosaaminen.<\/h2>\n\n<div class=\"wp-block-columns is-layout-flex wp-container-core-columns-is-layout-28f84493 wp-block-columns-is-layout-flex\">\n<div class=\"wp-block-column is-layout-flow wp-block-column-is-layout-flow\">\n<figure class=\"wp-block-image size-full\"><img decoding=\"async\" width=\"300\" height=\"300\" src=\"https:\/\/gpdstore.net\/wp-content\/uploads\/2023\/03\/87affa8a-19ce-4c6d-891b-43840ae1d1f6__CR00300300_PT0_SX300_V1___.jpg\" alt=\"GPD Pocket 3 -minikannettava tietokone, jossa on 180 astetta k&#xE4;&#xE4;ntyv&#xE4; n&#xE4;ytt&#xF6; ja 180 asteen k&#xE4;&#xE4;nt&#xF6;mahdollisuus, joka tarjoaa joustavia katselu- ja k&#xE4;ytt&#xF6;mahdollisuuksia.\" class=\"wp-image-1263942\" srcset=\"https:\/\/gpdstore.net\/wp-content\/uploads\/2023\/03\/87affa8a-19ce-4c6d-891b-43840ae1d1f6__CR00300300_PT0_SX300_V1___.jpg 300w, https:\/\/gpdstore.net\/wp-content\/uploads\/2023\/03\/87affa8a-19ce-4c6d-891b-43840ae1d1f6__CR00300300_PT0_SX300_V1___-150x150.jpg 150w, https:\/\/gpdstore.net\/wp-content\/uploads\/2023\/03\/87affa8a-19ce-4c6d-891b-43840ae1d1f6__CR00300300_PT0_SX300_V1___-65x65.jpg 65w, https:\/\/gpdstore.net\/wp-content\/uploads\/2023\/03\/87affa8a-19ce-4c6d-891b-43840ae1d1f6__CR00300300_PT0_SX300_V1___-100x100.jpg 100w\" sizes=\"(max-width: 300px) 100vw, 300px\" \/><\/figure>\n\n\n\n<h3 class=\"wp-block-heading\"><strong><strong>Mukautuva n\u00e4ytt\u00f6:<\/strong> 180\u00b0 k\u00e4\u00e4ntyv\u00e4 n\u00e4ytt\u00f6, jossa on jauhemetallurginen kest\u00e4vyys.<\/strong><\/h3>\n\n\n\n<p>Innovatiivisesti suunniteltu k\u00e4\u00e4ntyv\u00e4 seulamme, joka on valmistettu edistyksellisell\u00e4 jauhemetallurgiatekniikalla, mahdollistaa sujuvan 180 asteen py\u00f6rimisen yhdell\u00e4 k\u00e4dell\u00e4 Y-akselin ymp\u00e4ri. Se on menestyksekk\u00e4\u00e4sti kest\u00e4nyt tiukat kest\u00e4vyystestit ja kest\u00e4nyt 100 000 jatkuvaa robottitoimintoa (mukaan lukien py\u00f6riminen, avaaminen ja sulkeminen), ja sen huollettavuusaste on vaikuttava, 99,3 %. <\/p>\n<\/div>\n\n\n\n<div class=\"wp-block-column is-layout-flow wp-block-column-is-layout-flow\">\n<figure class=\"wp-block-image size-full\"><img decoding=\"async\" width=\"300\" height=\"300\" src=\"https:\/\/gpdstore.net\/wp-content\/uploads\/2023\/03\/9728f488-7c9a-4702-8194-6d4228a0fa83__CR00300300_PT0_SX300_V1___.jpg\" alt=\"GPD Pocket 3 -minikannettava, jossa on kyn&#xE4;tuki, joka mahdollistaa tarkan sy&#xF6;t&#xF6;n ja paremman tuottavuuden.\" class=\"wp-image-1263943\" srcset=\"https:\/\/gpdstore.net\/wp-content\/uploads\/2023\/03\/9728f488-7c9a-4702-8194-6d4228a0fa83__CR00300300_PT0_SX300_V1___.jpg 300w, https:\/\/gpdstore.net\/wp-content\/uploads\/2023\/03\/9728f488-7c9a-4702-8194-6d4228a0fa83__CR00300300_PT0_SX300_V1___-150x150.jpg 150w, https:\/\/gpdstore.net\/wp-content\/uploads\/2023\/03\/9728f488-7c9a-4702-8194-6d4228a0fa83__CR00300300_PT0_SX300_V1___-65x65.jpg 65w, https:\/\/gpdstore.net\/wp-content\/uploads\/2023\/03\/9728f488-7c9a-4702-8194-6d4228a0fa83__CR00300300_PT0_SX300_V1___-100x100.jpg 100w\" sizes=\"(max-width: 300px) 100vw, 300px\" \/><\/figure>\n\n\n\n<h3 class=\"wp-block-heading\"><strong><strong><strong>Tarkkuus Tulo:<\/strong> Red Dot -palkittua QWERTY-n\u00e4pp\u00e4imist\u00f6\u00e4 ja 4096-tasoista kyn\u00e4\u00e4 hy\u00f6dynt\u00e4en.<\/strong><\/strong><\/h3>\n\n\n\n<p>Pocket 3:ssa on aktiivinen kyn\u00e4tuki, jossa on 4096 paineherkkyystasoa, mik\u00e4 takaa alkuper\u00e4isen k\u00e4sinkirjoitustarkkuuden. Se on yhteensopiva Surface Pen -kyn\u00e4n kanssa Microsoft MPP 2.0 -protokollan kautta ja mahdollistaa saumattoman muistiinpanojen tekemisen, merkint\u00f6jen ja allekirjoitusten tekemisen, mik\u00e4 mahdollistaa tarkan ja luovan sis\u00e4ll\u00f6n luomisen milloin tahansa. <\/p>\n<\/div>\n\n\n\n<div class=\"wp-block-column is-layout-flow wp-block-column-is-layout-flow\">\n<figure class=\"wp-block-image size-full\"><img loading=\"lazy\" decoding=\"async\" width=\"300\" height=\"300\" src=\"https:\/\/gpdstore.net\/wp-content\/uploads\/2023\/03\/a2d68f01-c1f4-4886-afb1-90dae8b01b16__CR00300300_PT0_SX300_V1___.jpg\" alt=\"GPD Pocket 3 -minikannettava tietokone, jossa on 1080P-ultraohut kamera, joka tarjoaa ter&#xE4;v&#xE4;piirtovideolaadun selkeisiin ja ter&#xE4;viin videopuheluihin.\" class=\"wp-image-1263944\" srcset=\"https:\/\/gpdstore.net\/wp-content\/uploads\/2023\/03\/a2d68f01-c1f4-4886-afb1-90dae8b01b16__CR00300300_PT0_SX300_V1___.jpg 300w, https:\/\/gpdstore.net\/wp-content\/uploads\/2023\/03\/a2d68f01-c1f4-4886-afb1-90dae8b01b16__CR00300300_PT0_SX300_V1___-150x150.jpg 150w, https:\/\/gpdstore.net\/wp-content\/uploads\/2023\/03\/a2d68f01-c1f4-4886-afb1-90dae8b01b16__CR00300300_PT0_SX300_V1___-65x65.jpg 65w, https:\/\/gpdstore.net\/wp-content\/uploads\/2023\/03\/a2d68f01-c1f4-4886-afb1-90dae8b01b16__CR00300300_PT0_SX300_V1___-100x100.jpg 100w\" sizes=\"(max-width: 300px) 100vw, 300px\" \/><\/figure>\n\n\n\n<h3 class=\"wp-block-heading\"><strong><strong><strong>Selke\u00e4 viestint\u00e4:<\/strong> 1080P Ultra-Thin Wide-Angle -kameran avulla.<\/strong><\/strong><\/h3>\n\n\n\n<p>1080P-ter\u00e4v\u00e4piirtoinen eritt\u00e4in ohut minikamera, jossa on 2 miljoonaa pikseli\u00e4 ja laaja 77\u00b0:n n\u00e4k\u00f6kentt\u00e4. N\u00e4in voit kommunikoida perheen kanssa suoran webcast-l\u00e4hetyksen kautta tai pit\u00e4\u00e4 videokonferensseja kollegoiden kanssa miss\u00e4 ja milloin tahansa. <\/p>\n<\/div>\n<\/div>\n\n<div class=\"wp-block-columns is-layout-flex wp-container-core-columns-is-layout-28f84493 wp-block-columns-is-layout-flex\">\n<div class=\"wp-block-column is-layout-flow wp-block-column-is-layout-flow\">\n<figure class=\"wp-block-image size-full\"><img loading=\"lazy\" decoding=\"async\" width=\"300\" height=\"400\" src=\"https:\/\/gpdstore.net\/wp-content\/uploads\/2023\/03\/dfaad9ca-c981-4178-9f69-19a4a5cf5f38__CR00300400_PT0_SX300_V1___.jpg\" alt=\"GPD Pocket 3 -minikannettava KVM-ohjauksella, joka tarjoaa saumattoman integroinnin ja useiden laitteiden hallinnan yhdest&#xE4; k&#xE4;ytt&#xF6;liittym&#xE4;st&#xE4;.\" class=\"wp-image-1263945\" srcset=\"https:\/\/gpdstore.net\/wp-content\/uploads\/2023\/03\/dfaad9ca-c981-4178-9f69-19a4a5cf5f38__CR00300400_PT0_SX300_V1___.jpg 300w, https:\/\/gpdstore.net\/wp-content\/uploads\/2023\/03\/dfaad9ca-c981-4178-9f69-19a4a5cf5f38__CR00300400_PT0_SX300_V1___-150x200.jpg 150w\" sizes=\"(max-width: 300px) 100vw, 300px\" \/><\/figure>\n<\/div>\n\n\n\n<div class=\"wp-block-column is-layout-flow wp-block-column-is-layout-flow\">\n<h3 class=\"wp-block-heading\"><strong>IT-hallinnon teho:<\/strong> Laitteistotason palvelink\u00e4ytt\u00f6 hot-swappable KVM-moduulin kautta.<\/h3>\n\n\n\n<p>Toisin kuin &#8220;et\u00e4ty\u00f6p\u00f6yt\u00e4&#8221;, KVM-ohjausmoduulia k\u00e4ytet\u00e4\u00e4n laitteistotason p\u00e4\u00e4synvalvontaan, joka kattaa kohteena olevan palvelimen koko k\u00e4ytt\u00f6prosessin k\u00e4ynnistyksest\u00e4, BIOS-asetuksista k\u00e4ytt\u00f6j\u00e4rjestelm\u00e4n sis\u00e4ll\u00e4 tapahtuviin toimintoihin.<\/p>\n\n\n\n<p>Se on kuumavaihdettava, mutta siin\u00e4 ei ole IP KVM:\u00e4\u00e4, joten se ei tue et\u00e4hallintaa, ja se soveltuu sellaisten l\u00e4hiverkkolaitteiden hallintaan, joissa ei ole n\u00e4pp\u00e4imist\u00f6\u00e4, hiirt\u00e4 ja n\u00e4ytt\u00f6\u00e4.<\/p>\n\n\n\n<p>*KVM-moduuli\/RS-232-moduuli\/Stylus Myyd\u00e4\u00e4n erikseen.<\/p>\n<\/div>\n\n\n\n<div class=\"wp-block-column is-layout-flow wp-block-column-is-layout-flow\">\n<figure class=\"wp-block-image size-full\"><img loading=\"lazy\" decoding=\"async\" width=\"350\" height=\"175\" src=\"https:\/\/gpdstore.net\/wp-content\/uploads\/2023\/03\/c011901a-1c49-4ed6-b6e2-a74a6089bf57__CR00350175_PT0_SX350_V1___-1.jpg\" alt=\"GPD Pocket 3 -minikannettava tietokone, jossa on QWERTY-n&#xE4;pp&#xE4;imist&#xF6;, joka on suunniteltu mukavaan ja tehokkaaseen kirjoittamiseen kompaktissa muodossa.\" class=\"wp-image-1263946\" srcset=\"https:\/\/gpdstore.net\/wp-content\/uploads\/2023\/03\/c011901a-1c49-4ed6-b6e2-a74a6089bf57__CR00350175_PT0_SX350_V1___-1.jpg 350w, https:\/\/gpdstore.net\/wp-content\/uploads\/2023\/03\/c011901a-1c49-4ed6-b6e2-a74a6089bf57__CR00350175_PT0_SX350_V1___-1-150x75.jpg 150w\" sizes=\"(max-width: 350px) 100vw, 350px\" \/><\/figure>\n\n\n\n<h3 class=\"wp-block-heading\"><strong>&#8220;QWERTY&#8221;-n\u00e4pp\u00e4imist\u00f6<\/strong><\/h3>\n\n\n\n<p>Laajasti kehuttu chiclet-suklaatyylinen &#8220;QWERTY&#8221;-n\u00e4pp\u00e4imist\u00f6mme, joka on voittanut saksalaisen Red Dot -palkinnon, on optimoitu kirjoittamiseen molemmilla k\u00e4sill\u00e4 keskitt\u00e4m\u00e4ll\u00e4 t\u00e4rkeimm\u00e4t n\u00e4pp\u00e4imet keskelle, joten n\u00e4pp\u00e4imist\u00f6- ja hiiriohjattavien pelien pelaaminen t\u00e4ll\u00e4 laitteella on eritt\u00e4in mukavaa!<\/p>\n<\/div>\n<\/div>\n\n<h2 class=\"wp-block-heading has-text-align-center\">Ammattilaisluokan tulot: Laiteohjaus ja ergonominen kirjoittaminen<\/h2>\n\n<figure class=\"wp-block-image aligncenter size-full\"><img loading=\"lazy\" decoding=\"async\" width=\"1024\" height=\"678\" src=\"https:\/\/gpdstore.net\/wp-content\/uploads\/2023\/03\/GPD-POCKET-3-MARKETING-IMAGE-2-1024x678-1.jpg\" alt=\"GPD Pocket 3 -minikannettava, johon voi liitt&#xE4;&#xE4; useita n&#xE4;ytt&#xF6;j&#xE4; tuottavuuden ja moniteht&#xE4;v&#xE4;isyyden parantamiseksi\" class=\"wp-image-1263947\" srcset=\"https:\/\/gpdstore.net\/wp-content\/uploads\/2023\/03\/GPD-POCKET-3-MARKETING-IMAGE-2-1024x678-1.jpg 1024w, https:\/\/gpdstore.net\/wp-content\/uploads\/2023\/03\/GPD-POCKET-3-MARKETING-IMAGE-2-1024x678-1-600x397.jpg 600w, https:\/\/gpdstore.net\/wp-content\/uploads\/2023\/03\/GPD-POCKET-3-MARKETING-IMAGE-2-1024x678-1-768x509.jpg 768w, https:\/\/gpdstore.net\/wp-content\/uploads\/2023\/03\/GPD-POCKET-3-MARKETING-IMAGE-2-1024x678-1-360x238.jpg 360w, https:\/\/gpdstore.net\/wp-content\/uploads\/2023\/03\/GPD-POCKET-3-MARKETING-IMAGE-2-1024x678-1-990x655.jpg 990w, https:\/\/gpdstore.net\/wp-content\/uploads\/2023\/03\/GPD-POCKET-3-MARKETING-IMAGE-2-1024x678-1-441x292.jpg 441w, https:\/\/gpdstore.net\/wp-content\/uploads\/2023\/03\/GPD-POCKET-3-MARKETING-IMAGE-2-1024x678-1-150x99.jpg 150w\" sizes=\"(max-width: 1024px) 100vw, 1024px\" \/><\/figure>\n\n<p>GPD on palannut kolmannen iteraation kanssa suosittuun mini-kannettaviensa sarjaan, ja sen nimi on osuvasti <strong>GPD Pocket 3<\/strong>! T\u00e4m\u00e4 ominaisuuksiltaan monipuolinen pienikokoinen kannettava tietokone on t\u00e4ysin varusteltu ja riitt\u00e4v\u00e4n joustava t\u00e4ytt\u00e4m\u00e4\u00e4n kaikki p\u00e4ivitt\u00e4iset tietotekniset tarpeesi helposti.<\/p>\n\n<p>Laitteessa jo olevien lukuisten liit\u00e4nt\u00f6jen (USB, Thunderbolt, RJ45 jne.) lis\u00e4ksi GPD Pocket 3:ssa on my\u00f6s &#8220;modulaarinen liit\u00e4nt\u00e4liit\u00e4nt\u00e4&#8221;. T\u00e4m\u00e4n ansiosta voit vapaasti s\u00e4\u00e4t\u00e4\u00e4 <strong>GPD Pocket 3:<\/strong> n portteja tarpeidesi mukaan. Haluatko ylim\u00e4\u00e4r\u00e4isen USB-portin toiselle laitteelle? Se ei ole ongelma. Tarvitsetko liit\u00e4nn\u00e4n palvelimen kanssa? Se on helppoa erityisen KVM-moduulin avulla!*     <\/p>\n\n<p>Loppujen lopuksi <strong>GPD Pocket 3<\/strong> on t\u00e4ynn\u00e4 hy\u00f6dyllisi\u00e4 ominaisuuksia ja toimintoja. Sis\u00e4\u00e4nrakennettu mikrofoni? Onhan sinulla. 360 astetta k\u00e4\u00e4ntyv\u00e4 n\u00e4ytt\u00f6? Toki! HDMI-portti? On jo olemassa!      <\/p>\n\n<p>Olitpa kiinnostunut huippu- tai perusmallista, saat kannettavan tietokoneen, joka on eritt\u00e4in kannettava ja mukautettavissa t\u00e4ydellisesti itsellesi sopivaksi.<\/p>\n\n<figure class=\"wp-block-image aligncenter size-full\"><img loading=\"lazy\" decoding=\"async\" width=\"970\" height=\"600\" src=\"https:\/\/gpdstore.net\/wp-content\/uploads\/2023\/03\/28ee65cf-aa50-4535-b107-c1d20069d506__CR00970600_PT0_SX970_V1___.jpg\" alt=\"GPD Pocket 3 -minikannettavan tietokoneen j&#xE4;rjestelm&#xE4;parametrit, mukaan lukien prosessorin, muistin, tallennustilan ja n&#xE4;yt&#xF6;n tekniset tiedot optimaalista suorituskyky&#xE4; varten.\" class=\"wp-image-1263948\" srcset=\"https:\/\/gpdstore.net\/wp-content\/uploads\/2023\/03\/28ee65cf-aa50-4535-b107-c1d20069d506__CR00970600_PT0_SX970_V1___.jpg 970w, https:\/\/gpdstore.net\/wp-content\/uploads\/2023\/03\/28ee65cf-aa50-4535-b107-c1d20069d506__CR00970600_PT0_SX970_V1___-600x371.jpg 600w, https:\/\/gpdstore.net\/wp-content\/uploads\/2023\/03\/28ee65cf-aa50-4535-b107-c1d20069d506__CR00970600_PT0_SX970_V1___-768x475.jpg 768w, https:\/\/gpdstore.net\/wp-content\/uploads\/2023\/03\/28ee65cf-aa50-4535-b107-c1d20069d506__CR00970600_PT0_SX970_V1___-360x223.jpg 360w, https:\/\/gpdstore.net\/wp-content\/uploads\/2023\/03\/28ee65cf-aa50-4535-b107-c1d20069d506__CR00970600_PT0_SX970_V1___-441x273.jpg 441w, https:\/\/gpdstore.net\/wp-content\/uploads\/2023\/03\/28ee65cf-aa50-4535-b107-c1d20069d506__CR00970600_PT0_SX970_V1___-150x93.jpg 150w\" sizes=\"(max-width: 970px) 100vw, 970px\" \/><\/figure>\n","protected":false},"excerpt":{"rendered":"<ul>\n<li>Intel\u00ae Pentium\u00ae Gold 7505 enint\u00e4\u00e4n 3,50 GHz ; 4 ydint\u00e4\/8 s\u00e4iett\u00e4<\/li>\n<li><strong>16GB LPDDR4x RAM-muistia<\/strong> @3733Mhz<\/li>\n<li><strong>Thunderbolt 4 \/ 8&#8243; kosketusn\u00e4ytt\u00f6 \/ sormenj\u00e4lkiskanneri<\/strong><\/li>\n<li><strong>Jopa 4 Tt<\/strong> PCI-E NVMe SSD-levyj\u00e4<\/li>\n<li>Modulaarinen w\/ <strong>KVM\/RS-232-portit <\/strong>(myyd\u00e4\u00e4n erikseen)<\/li>\n<\/ul>\n<p><img loading=\"lazy\" decoding=\"async\" src=\"https:\/\/gpdstore.net\/wp-content\/uploads\/2024\/05\/4-1.jpg\" alt=\"GPD Pocket 4:n mainosbanneri, joka tarjoaa ilmaisen suojakotelon. Tekstiss\u00e4 lukee \"ILMAINEN LAHJA - SUOJAKOTI - LIS\u00c4TTY AUTOMAATTISESTI KORIIN\", ja sen yhteydess\u00e4 on kuva tyylikk\u00e4\u00e4st\u00e4 mustasta suojakotelosta.\" width=\"1000\" height=\"140\" class=\"alignnone size-full wp-image-973719\"><\/p>\n<p> [cg_accordion title=\"MAKSUTIEDOT\"] K\u00e4yt\u00e4mme uusinta tekniikkaa maksujen k\u00e4sittelyss\u00e4, jonka avulla voit tehd\u00e4 maksun pankki- tai luottokortilla tai PayPalilla, mik\u00e4 takaa nopean ja turvallisen kokemuksen.[\/cg_accordion] [cg_accordion title=\"TAKUU\"] 2 vuoden takuu <a href=\"https:\/\/droix.net\/\" target=\"_blank\" rel=\"nofollow noopener\">DROIX Globalilta<\/a> mielenrauhasi vuoksi.[\/cg_accordion] [cg_accordion title=\"LAADUNVARMISTUS JA L\u00c4HETYST\u00c4 EDELT\u00c4V\u00c4 TESTAUS\"] Asiakastyytyv\u00e4isyyden varmistaminen korkeimmalla tasolla: Jokaiselle laitteelle tehd\u00e4\u00e4n tiukat testit ja monipisteinen laadunvarmistustarkastus ennen sen l\u00e4hett\u00e4mist\u00e4. Omistautunut tiimimme tarkistaa suorituskyvyn, toiminnallisuuden ja komponenttien eheyden, jotta GPD-laitteesi on saapuessaan t\u00e4ydellisess\u00e4 toimintakunnossa, mik\u00e4 antaa sinulle luottamusta ja mielenrauhaa.[\/cg_accordion] [cg_accordion title=\"HINNOITTELU, VEROT JA TOIMITUKSET\"] <strong><u>Huom:<\/u><\/strong><\/p>\n<ul>\n<li>Yhdysvallat Asiakkaat: Asiakkaat: N\u00e4ytetty hinta EI sis\u00e4ll\u00e4 veroja eik\u00e4 tulleja. Vastuu tulliselvityksest\u00e4 ja siihen liittyvien verojen\/tullien maksamisesta on asiakkaalla. <\/li>\n<li>EU:n asiakkaat: N\u00e4ytetty hinta sis\u00e4lt\u00e4\u00e4 sovellettavan veron, joka voi olla jopa 25 % maastasi riippuen.<\/li>\n<li>Kanada Asiakkaat: N\u00e4ytetty hinta sis\u00e4lt\u00e4\u00e4 sovellettavat verot, joihin voi sis\u00e4lty\u00e4 5 % GST ja ylim\u00e4\u00e4r\u00e4isi\u00e4 maakunnallisia myyntiveroja (PST), harmonisoitua myyntiveroa (HST) tai Quebecin myyntiveroa (QST) maakunnasta riippuen.<\/li>\n<\/ul>\n<p><strong>AINOASTAAN EU:n asiakkaille:<\/strong> Express DDP (Delivered Duty Paid). T\u00e4m\u00e4 tarkoittaa: <\/p>\n<ul>\n<li style=\"list-style-type: none;\">\n<ul>\n<li>Kaikki tullit ja verot sis\u00e4ltyv\u00e4t tuotesivulla ilmoitettuun hintaan.<\/li>\n<li>Sinun ei tarvitse maksaa lis\u00e4maksuja toimituksen yhteydess\u00e4.<\/li>\n<li>Harvinaisissa tulliin liittyviss\u00e4 tapauksissa tiimimme hoitaa tulliselvitysprosessin puolestasi varmistaakseen sujuvan toimituksen.<\/li>\n<p>T\u00e4rke\u00e4\u00e4 tietoa palautuksista:<\/p>\n<li>Jos p\u00e4\u00e4t\u00e4t palauttaa tilauksesi tai pyyt\u00e4\u00e4 palautusta, ota huomioon, ett\u00e4 DDP-ehtojen mukaisesti puolestasi maksettuja veroja ja tulleja ei voida palauttaa.<\/li>\n<p>Tutustu meid\u00e4n<\/ul>\n<\/li>\n<\/ul>\n<p><a href=\"https:\/\/droix.net\/terms-and-conditions\/\" target=\"_blank\" rel=\"nofollow noopener\">Ehdot ja edellytykset<\/a><\/p>\n<ul>yksityiskohtaisia tietoja.<\/ul>\n<p>[\/cg_accordion] [cg_accordion title=\"ASIAKASTUKI\"]  Onko kysytt\u00e4v\u00e4\u00e4? Olemme lyhyen tekstiviestin p\u00e4\u00e4ss\u00e4 siit\u00e4, ett\u00e4 ongelmasi on ratkaistu!  Katso yksityiskohtaiset tiedot <a href=\"https:\/\/gpdstore.net\/fi\/terms-of-service\/\" target=\"_blank\" rel=\"nofollow noopener\">k\u00e4ytt\u00f6ehdoistamme<\/a>.  [\/cg_accordion] [cg_accordion title=\"MIT\u00c4 SIS\u00c4LTYY\"]<\/p>\n<ul>\n<li>1x GPD Pocket 3<\/li>\n<li>1x virtal\u00e4hde<\/li>\n<li>1x USB Type-C-kaapeli<\/li>\n<li>1x K\u00e4ytt\u00f6ohje<\/li>\n<li>1x GPD-kyn\u00e4<\/li>\n<\/ul>\n<p>[\/cg_accordion]<\/p>\n","protected":false},"featured_media":310759,"template":"","meta":{"_acf_changed":false},"product_brand":[],"product_cat":[10156,10157,10361],"product_tag":[14518,10778],"woo-feed-brand":[9922],"class_list":{"0":"post-384516","1":"product","2":"type-product","3":"status-publish","4":"has-post-thumbnail","6":"product_cat-gpd-mini-kannettavat-tietokoneet","7":"product_cat-kannettavat-tietokoneet","8":"product_cat-tabletti-kannettava-tietokone","9":"product_tag-8xmsale-fi-2","10":"product_tag-gpd-tasku-3-fi","11":"product_shipping_class-premium","12":"pa_bluetooth-5-fi","13":"pa_brand-gpd","14":"pa_display-type-h-ips-fi","15":"pa_graphics-gpu-model-core-i3-1125g4-uhd-grafiikkanaytot","16":"pa_graphics-gpu-model-core-i7-1195g7-iris-xe-grafiikkapiiri","17":"pa_graphics-gpu-model-pentium-gold-7505-uhd-grafiikkanaytot","18":"pa_i-o-video-1x-hdmi-2-0b-fi","19":"pa_i-o-video-1x-usb-4-0-type-cn-kautta-40gb-s","20":"pa_memory-ram-capacity-16gb-fi","21":"pa_memory-ram-capacity-8gb-fi","22":"pa_memory-ram-technology-lpddr4x-fi","23":"pa_processor-cpu-model-intel-core-i3-1125g4","24":"pa_processor-cpu-model-intel-core-i7-1195g7","25":"pa_processor-cpu-model-intel-pentium-gold-7505","26":"pa_processor-cpu-model-pentium-silver-n6000","27":"pa_storage-capacity-1tb-fi","28":"pa_storage-capacity-512-gt","29":"pa_wi-fi-wi-fi-6-fi","30":"woo-feed-brand-gpd-fi","32":"first","33":"instock","34":"sale","35":"taxable","36":"shipping-taxable","37":"purchasable","38":"product-type-variable","39":"has-default-attributes"},"acf":[],"aioseo_notices":[],"_links":{"self":[{"href":"https:\/\/gpdstore.net\/fi\/wp-json\/wp\/v2\/product\/384516","targetHints":{"allow":["GET"]}}],"collection":[{"href":"https:\/\/gpdstore.net\/fi\/wp-json\/wp\/v2\/product"}],"about":[{"href":"https:\/\/gpdstore.net\/fi\/wp-json\/wp\/v2\/types\/product"}],"wp:featuredmedia":[{"embeddable":true,"href":"https:\/\/gpdstore.net\/fi\/wp-json\/wp\/v2\/media\/310759"}],"wp:attachment":[{"href":"https:\/\/gpdstore.net\/fi\/wp-json\/wp\/v2\/media?parent=384516"}],"wp:term":[{"taxonomy":"product_brand","embeddable":true,"href":"https:\/\/gpdstore.net\/fi\/wp-json\/wp\/v2\/product_brand?post=384516"},{"taxonomy":"product_cat","embeddable":true,"href":"https:\/\/gpdstore.net\/fi\/wp-json\/wp\/v2\/product_cat?post=384516"},{"taxonomy":"product_tag","embeddable":true,"href":"https:\/\/gpdstore.net\/fi\/wp-json\/wp\/v2\/product_tag?post=384516"},{"taxonomy":"woo-feed-brand","embeddable":true,"href":"https:\/\/gpdstore.net\/fi\/wp-json\/wp\/v2\/woo-feed-brand?post=384516"}],"curies":[{"name":"wp","href":"https:\/\/api.w.org\/{rel}","templated":true}]}}