{"id":384122,"date":"2023-03-24T18:47:23","date_gmt":"2023-03-24T18:47:23","guid":{"rendered":"https:\/\/gpdstore.net\/Ei-luokiteltu\/gpd-win-4-gaming-handheld-pc\/"},"modified":"2025-12-23T10:34:48","modified_gmt":"2025-12-23T10:34:48","slug":"gpd-win-4","status":"publish","type":"product","link":"https:\/\/gpdstore.net\/fi\/product\/gpd-win-4\/","title":{"rendered":"GPD WIN 4 Gaming Handheld PC"},"content":{"rendered":"\n<p>Jos olet innokas pelaaja, joka rakastaa ottaa pelaamisen mukaan matkalle, olet varmasti innoissasi kuullessasi GPD:n uusimmasta kannettavasta peli-PC:st\u00e4, GPD WIN 4:st\u00e4. Kompaktin kokonsa ja tehokkaiden ominaisuuksiensa ansiosta t\u00e4m\u00e4 laite tekee varmasti vaikutuksen vaativimpiinkin pelaajiin. <\/p>\n\n<p>Vain 22,0 \u00d7 9,2 \u00d7 2,8 cm (8,6 x 3,6 x 1,10 tuumaa) kokoinen ja vain noin 570 g painava GPD WIN 4 on uskomattoman kannettava. Se on jopa pienempi kuin edelt\u00e4j\u00e4ns\u00e4 GPD WIN 3, joten se on helppo sujauttaa pieneen laukkuun tai takin taskuun ja ottaa mukaan kaikkialle. <\/p>\n\n<p>Yksi GPD WIN 4:n merkitt\u00e4vimmist\u00e4 ominaisuuksista on sen AMD Ryzen 7 6800U -prosessori, jossa on kahdeksan ydint\u00e4 ja kuusitoista s\u00e4iett\u00e4, jotka toimivat jopa 4,7 GHz:n kellotaajuudella 28 W:n teholla TDP. T\u00e4m\u00e4 yhdess\u00e4 Radeon 680M:n kanssa, jonka kellotaajuus on jopa 2,2 GHz, mahdollistaa uusimpien AAA-luokan Windows-pelien sujuvan pelaamisen t\u00e4ll\u00e4 kannettavalla peli-PC:ll\u00e4 pelattavilla asetuksilla. Olitpa sitten kiinnostunut ensimm\u00e4isen persoonan r\u00e4iskint\u00e4peleist\u00e4, roolipeleist\u00e4 tai urheilusimulaatioista, GPD WIN 4 tarjoaa sinulle kaiken mahdollisen.  <\/p>\n\n<p>Muistin ja tallennustilan osalta GPD WIN 4 tarjoaa 16 tai 32 Gt LPDDR5-6400 MT:n RAM-muistia ja jopa 2 Tt nopeaa SSD, joka tukee jopa M.2:ta. PCIe 4.0 NVMe 2280 SSD. T\u00e4m\u00e4 tarkoittaa, ett\u00e4 sinulla on runsaasti tilaa pelien ja muiden tiedostojen tallentamiseen, ja SSD-muistitikun salamannopean luku- ja kirjoitusnopeuden ansiosta sinun ei tarvitse odottaa kauan pelien latautumista.  <\/p>\n\n<p>GPD WIN 4 tarjoaa my\u00f6s nopeat langattomat yhteydet 802.11 a\/b\/g\/n\/ac\/ax WiFi 6:n ja Bluetooth 5.2:n avulla. Ja jos olet liikkeell\u00e4 ja tarvitset internetyhteytt\u00e4, voit ostaa erikseen myyt\u00e4v\u00e4n liitett\u00e4v\u00e4n moduulin, joka tukee 4G LTE -nano-sim-kortteja mobiilidataa varten. <\/p>\n\n<p>Laitteessa on 6-tuumainen H-IPS -kosketusn\u00e4ytt\u00f6, jonka natiiviresoluutio on 1920&#215;1080 ja joka tukee sek\u00e4 40 ett\u00e4 60 Hz:n kuvataajuuksia. T\u00e4m\u00e4 varmistaa, ett\u00e4 vanhemmat pelit toimivat sujuvasti GPD WIN 4:ll\u00e4 ilman n\u00e4yt\u00f6n kierto-ongelmia, joita voi esiinty\u00e4 muissa kannettavissa tietokoneissa. <\/p>\n\n<p>GPD WIN 4 tarjoaa my\u00f6s vaikuttavan ohjaus- ja muotoilumallin, joka muistuttaa Sony PSP:t\u00e4, ja siin\u00e4 on kaksi hallianturijoysticki\u00e4, klassinen D-pad ja lineaariset analogiset liipaisupainikkeet LED-valaistuksella. Lis\u00e4ksi laitteen takaosassa on kaksi muokattavaa painiketta, joiden avulla voit m\u00e4\u00e4ritt\u00e4\u00e4 hallintalaitteet haluamallasi tavalla. <\/p>\n\n<p>Jos haluat lis\u00e4t\u00e4 GPD WIN 4:n suorituskyky\u00e4 entisest\u00e4\u00e4n, voit liitt\u00e4\u00e4 ulkoisen n\u00e4yt\u00f6nohjaimen (eGPU) nopean USB 4 -portin kautta, joka tukee jopa 40 Gbps:n nopeutta. Laitteessa on my\u00f6s USB 3.2 Gen 2 -portti dataa ja latausta varten sek\u00e4 USB Type-A -portti lis\u00e4laitteita varten. <\/p>\n\n<p>45,62Wh:n li-polymeeriakun ansiosta GPD WIN 4 kest\u00e4\u00e4 jopa 10 tuntia kevyess\u00e4 k\u00e4yt\u00f6ss\u00e4, 3-6 tuntia kohtalaisessa k\u00e4yt\u00f6ss\u00e4 ja noin 2 tuntia raskaassa k\u00e4yt\u00f6ss\u00e4. Voit siis pelata suosikkipelej\u00e4si tien p\u00e4\u00e4ll\u00e4 ilman huolta virran loppumisesta. <\/p>\n\n<p>Yhteenvetona voidaan todeta, ett\u00e4 GPD WIN 4 on eritt\u00e4in kannettava pelivoimanl\u00e4hde, joka sopii t\u00e4ydellisesti pelaamiseen tien p\u00e4\u00e4ll\u00e4. Olitpa sitten ty\u00f6matkalla, matkoilla tai vain rentoutumassa kotona, t\u00e4m\u00e4 kannettava pelitietokone tarjoaa varmasti tuntikausia viihdett\u00e4. Joten miksi et hankkisi sellaista jo t\u00e4n\u00e4\u00e4n ja kokeilisi huippuluokan AAA:ta?  <\/p>\n","protected":false},"excerpt":{"rendered":"<ul>\n<li><strong>AMD Ryzen 7 6800U<\/strong> \/ AMD Radeon 680M<\/li>\n<li><strong>jopa 32GB<\/strong> LPDDR5 @ 6400 MT\/s<\/li>\n<li><strong>jopa 2TB:n nopea<\/strong> PCI-E M <strong>.2 2280 SSD-levyasema<\/strong> <\/li>\n<li><strong>6&#8243; H-IPS-teknologian kosketus<\/strong> n\u00e4ytt\u00f6<\/li>\n<li><strong>WiFi 6<\/strong> &amp; <strong>Bluetooth 5.2<\/strong> -tuki  <\/li>\n<\/ul>\n<p><img fetchpriority=\"high\" decoding=\"async\" src=\"https:\/\/gpdstore.net\/wp-content\/uploads\/2024\/03\/WIN-4-FREE-GIFTS.jpg\" alt=\"\" width=\"2000\" height=\"500\" class=\"alignnone size-full wp-image-4175\" srcset=\"https:\/\/gpdstore.net\/wp-content\/uploads\/2024\/03\/WIN-4-FREE-GIFTS.jpg 2000w, https:\/\/gpdstore.net\/wp-content\/uploads\/2024\/03\/WIN-4-FREE-GIFTS-600x150.jpg 600w, https:\/\/gpdstore.net\/wp-content\/uploads\/2024\/03\/WIN-4-FREE-GIFTS-1200x300.jpg 1200w, https:\/\/gpdstore.net\/wp-content\/uploads\/2024\/03\/WIN-4-FREE-GIFTS-768x192.jpg 768w, https:\/\/gpdstore.net\/wp-content\/uploads\/2024\/03\/WIN-4-FREE-GIFTS-1536x384.jpg 1536w, https:\/\/gpdstore.net\/wp-content\/uploads\/2024\/03\/WIN-4-FREE-GIFTS-360x90.jpg 360w, https:\/\/gpdstore.net\/wp-content\/uploads\/2024\/03\/WIN-4-FREE-GIFTS-990x248.jpg 990w, https:\/\/gpdstore.net\/wp-content\/uploads\/2024\/03\/WIN-4-FREE-GIFTS-441x110.jpg 441w, https:\/\/gpdstore.net\/wp-content\/uploads\/2024\/03\/WIN-4-FREE-GIFTS-150x38.jpg 150w\" sizes=\"(max-width: 2000px) 100vw, 2000px\" \/><\/p>\n[cg_accordion title=\"MAKSUTIEDOT\"]<\/p>\n<p>K\u00e4yt\u00e4mme uusinta tekniikkaa maksujen k\u00e4sittelyss\u00e4, jonka avulla voit tehd\u00e4 maksun pankki- tai luottokortilla tai PayPalilla, mik\u00e4 takaa nopean ja turvallisen kokemuksen.[\/cg_accordion]\n[cg_accordion title=\"TAKUU\"]<\/p>\n<p>2 vuoden takuu <a href=\"https:\/\/droix.net\/\" target=\"_blank\" rel=\"nofollow noopener\">DROIX Global ilta mielenrauhasi vuoksi<\/a> [\/cg_accordion]\n[cg_accordion title=\"LAADUNVARMISTUS JA L\u00c4HETYST\u00c4 EDELT\u00c4V\u00c4 TESTAUS\"]<\/p>\n<p>Asiakastyytyv\u00e4isyyden varmistaminen korkeimmalla tasolla: Jokainen laite testataan tiukasti ja sille tehd\u00e4\u00e4n monipisteinen laadunvarmistustarkastus ennen sen l\u00e4hett\u00e4mist\u00e4. Asialle omistautunut tiimimme tarkistaa suorituskyvyn, toimivuuden ja komponenttien eheyden, jotta GPD-laitteesi on saapuessaan t\u00e4ydellisess\u00e4 toimintakunnossa, mik\u00e4 antaa sinulle luottamusta ja mielenrauhaa. [\/cg_accordion]\n[cg_accordion title=\"HINNOITTELU, VEROT JA TOIMITUKSET\"]<\/p>\n<p><strong><u>Huom:<\/u><\/strong><\/p>\n<ul>\n<li>Yhdysvallat Asiakkaat: Asiakkaat: N\u00e4ytetty hinta EI sis\u00e4ll\u00e4 veroja eik\u00e4 tulleja. Vastuu tulliselvityksest\u00e4 ja siihen liittyvien verojen\/tullien maksamisesta on asiakkaalla. <\/li>\n<li>EU:n asiakkaat: N\u00e4ytetty hinta sis\u00e4lt\u00e4\u00e4 sovellettavan veron, joka voi olla jopa 25 % maastasi riippuen.<\/li>\n<li>Kanada Asiakkaat: N\u00e4ytetty hinta sis\u00e4lt\u00e4\u00e4 sovellettavat verot, joihin voi sis\u00e4lty\u00e4 5 % GST ja ylim\u00e4\u00e4r\u00e4isi\u00e4 maakunnallisia myyntiveroja (PST), harmonisoitua myyntiveroa (HST) tai Quebecin myyntiveroa (QST) maakunnasta riippuen.<\/li>\n<\/ul>\n<p><strong>AINOASTAAN EU:n asiakkaille:<\/strong> Express DDP (Delivered Duty Paid). T\u00e4m\u00e4 tarkoittaa: <\/p>\n<ul>\n<li>Kaikki tullit ja verot sis\u00e4ltyv\u00e4t tuotesivulla ilmoitettuun hintaan.<\/li>\n<li>Sinun ei tarvitse maksaa lis\u00e4maksuja toimituksen yhteydess\u00e4.<\/li>\n<li>Harvinaisissa tulliin liittyviss\u00e4 tapauksissa tiimimme hoitaa tulliselvitysprosessin puolestasi varmistaakseen sujuvan toimituksen.<\/li>\n<p>T\u00e4rke\u00e4\u00e4 tietoa palautuksista:<\/p>\n<li>Jos p\u00e4\u00e4t\u00e4t palauttaa tilauksesi tai pyyt\u00e4\u00e4 palautusta, ota huomioon, ett\u00e4 DDP-ehtojen mukaisesti puolestasi maksettuja veroja ja tulleja ei voida palauttaa.<\/li>\n<p>Katso yksityiskohtaiset tiedot <a href=\"https:\/\/droix.net\/terms-and-conditions\/\" target=\"_blank\" rel=\"nofollow noopener\">k\u00e4ytt\u00f6ehdoistamme<\/a>.\n<\/ul>\n<p>[\/cg_accordion]\n[cg_accordion title=\"ASIAKASTUKI\"]<\/p>\n<p>Onko kysytt\u00e4v\u00e4\u00e4? Olemme lyhyen tekstiviestin p\u00e4\u00e4ss\u00e4 siit\u00e4, ett\u00e4 ongelmasi on ratkaistu! <\/p>\n<p>Katso yksityiskohtaiset tiedot <a href=\"https:\/\/gpdstore.net\/fi\/terms-of-service\/\" target=\"_blank\" rel=\"nofollow noopener\">k\u00e4ytt\u00f6ehdoistamme<\/a>.\n<\/ul>\n<p>[\/cg_accordion]\n[cg_accordion title=\"MIT\u00c4 SIS\u00c4LTYY\"]<\/p>\n<ul>\n<li>1x GPD WIN 4<\/li>\n<li>1x virtal\u00e4hde<\/li>\n<li>1x USB Type-C-kaapeli<\/li>\n<li>1x K\u00e4ytt\u00f6ohje<\/li>\n<\/ul>\n<p>[\/cg_accordion]\n","protected":false},"featured_media":384237,"template":"","meta":{"_acf_changed":false},"product_brand":[],"product_cat":[9919],"product_tag":[10484,10510],"woo-feed-brand":[9922],"class_list":{"0":"post-384122","1":"product","2":"type-product","3":"status-publish","4":"has-post-thumbnail","6":"product_cat-gpd-handheld-pc-pelaamiseen","7":"product_tag-10gpdsale-fi","8":"product_tag-gpd-win-4-fi","9":"product_shipping_class-premium","10":"pa_bluetooth-5-2-fi","11":"pa_display-type-h-ips-fi","12":"pa_graphics-gpu-model-radeon-680m-fi","13":"pa_i-o-video-1x-usb-4-0-type-cn-kautta-40gb-s","14":"pa_memory-ram-capacity-16gb-fi","15":"pa_memory-ram-capacity-32gb-fi","16":"pa_memory-ram-technology-lpddr5-fi","17":"pa_processor-cpu-model-ryzen-7-6800u","18":"pa_storage-capacity-512-gt","19":"pa_storage-capacity-1tb-fi","20":"pa_storage-capacity-2tb-fi","21":"pa_wi-fi-wi-fi-6-fi","22":"woo-feed-brand-gpd-fi","24":"first","25":"outofstock","26":"sale","27":"taxable","28":"shipping-taxable","29":"purchasable","30":"product-type-variable","31":"has-default-attributes"},"acf":[],"aioseo_notices":[],"_links":{"self":[{"href":"https:\/\/gpdstore.net\/fi\/wp-json\/wp\/v2\/product\/384122","targetHints":{"allow":["GET"]}}],"collection":[{"href":"https:\/\/gpdstore.net\/fi\/wp-json\/wp\/v2\/product"}],"about":[{"href":"https:\/\/gpdstore.net\/fi\/wp-json\/wp\/v2\/types\/product"}],"wp:featuredmedia":[{"embeddable":true,"href":"https:\/\/gpdstore.net\/fi\/wp-json\/wp\/v2\/media\/384237"}],"wp:attachment":[{"href":"https:\/\/gpdstore.net\/fi\/wp-json\/wp\/v2\/media?parent=384122"}],"wp:term":[{"taxonomy":"product_brand","embeddable":true,"href":"https:\/\/gpdstore.net\/fi\/wp-json\/wp\/v2\/product_brand?post=384122"},{"taxonomy":"product_cat","embeddable":true,"href":"https:\/\/gpdstore.net\/fi\/wp-json\/wp\/v2\/product_cat?post=384122"},{"taxonomy":"product_tag","embeddable":true,"href":"https:\/\/gpdstore.net\/fi\/wp-json\/wp\/v2\/product_tag?post=384122"},{"taxonomy":"woo-feed-brand","embeddable":true,"href":"https:\/\/gpdstore.net\/fi\/wp-json\/wp\/v2\/woo-feed-brand?post=384122"}],"curies":[{"name":"wp","href":"https:\/\/api.w.org\/{rel}","templated":true}]}}