{"id":383048,"date":"2024-01-24T17:32:18","date_gmt":"2024-01-24T17:32:18","guid":{"rendered":"https:\/\/gpdstore.net\/Ei-luokiteltu\/sd1-telakointiasema\/"},"modified":"2025-12-23T10:21:09","modified_gmt":"2025-12-23T10:21:09","slug":"sd1-docking-station","status":"publish","type":"product","link":"https:\/\/gpdstore.net\/fi\/product\/sd1-docking-station\/","title":{"rendered":"SD1 telakointiasema"},"content":{"rendered":"\n<h1 class=\"wp-block-heading\"><strong>Vapauta k\u00e4sikonsolipelaamisen koko potentiaali SD1-telakointiaseman avulla!<\/strong><\/h1>\n\n<h3 class=\"wp-block-heading\">Saumaton pelien integrointi k\u00e4den ulottuvilla!<\/h3>\n\n<p>Tervetuloa k\u00e4sikonsolien pelik\u00e4ytt\u00f6\u00f6n tarkoitettujen PC-lis\u00e4varusteiden lopulliseen pelimuutokseen! SD1-telakointiasema, joka on suunniteltu erityisesti intohimoisille pelaajille, jotka kaipaavat saumatonta ja keskeytym\u00e4t\u00f6nt\u00e4 pelikokemusta. T\u00e4m\u00e4n huipputeknisen telakointiaseman avulla pelaajat voivat parantaa kannettavien pelitietokoneidensa ominaisuuksia ennenn\u00e4kem\u00e4tt\u00f6m\u00e4ll\u00e4 tavalla. Suosituista Steam Deck -laitteista hienoon AYA NEO Geek 1S -laitteeseen SD1 on monipuolinen ja varmistaa, ett\u00e4 suosikkik\u00e4ytt\u00f6laitteesi saa tarvitsemansa lis\u00e4potkua. Telakoi se, liit\u00e4 USB Type-C -kaapelilla ja katso, kun taika avautuu.<\/p>\n\n<h3 class=\"wp-block-heading\"><strong>Eritt\u00e4in nopea ja tasainen Internet-yhteys<\/strong><\/h3>\n\n<p>Ei en\u00e4\u00e4 viivett\u00e4. Ei en\u00e4\u00e4 keskeytyksi\u00e4. Sukella peliuniversumiin SD1:n RJ45 Gigabit Ethernetin avulla. T\u00e4m\u00e4 telakointiasema, jonka nopeus on jopa 1000 M, takaa sinulle etuly\u00f6ntiaseman moninpeleiss\u00e4 ja tarjoaa eritt\u00e4in herkki\u00e4 pelisessioita. Sano hyv\u00e4stit turhauttaville viiveille ja toivota tervetulleeksi sujuvat, reaaliaikaiset pelivuorovaikutukset. Kun jokainen millisekunti on t\u00e4rke\u00e4, SD1 varmistaa, ett\u00e4 olet aina askeleen edell\u00e4.<\/p>\n\n<h3 class=\"wp-block-heading\"><strong>El\u00e4v\u00e4 ja ter\u00e4v\u00e4 n\u00e4ytt\u00f6kokemus<\/strong><\/h3>\n\n<p>Paranna visuaalista pelikokemustasi! SD1-telakointiasemassa on HDMI 2.0 -l\u00e4ht\u00f6, jonka avulla pelaajat voivat uppoutua rikkaisiin 4K-n\u00e4kymiin silkkisen pehme\u00e4ll\u00e4 60 Hz:n taajuudella. Jopa 4096&#215;2160-resoluution ansiosta jokainen pikseli her\u00e4\u00e4 henkiin ja vie sinut toiminnan keskelle. Koe pelit kaikessa loistossaan, moitteettomilla yksityiskohdilla, eloisilla v\u00e4reill\u00e4 ja vertaansa vailla olevalla selkeydell\u00e4.<\/p>\n\n<h3 class=\"wp-block-heading\"><strong>Nopea ja tehokas virranjakelu<\/strong><\/h3>\n\n<p>Valta pelata loputtomiin! SD1-telakointiasemassa ei ole kyse vain liitett\u00e4vyydest\u00e4 ja visuaalisesta ilmeest\u00e4, vaan my\u00f6s siit\u00e4, ett\u00e4 pelilaitteesi pysyy virrallisena. Uskomattoman 100 W PD-latauskapasiteetin ansiosta se lataa laitteesi nopeasti t\u00e4yteen ja varmistaa, ettei akkusi lopu koskaan taistelun tuoksinassa. Voit jatkaa pelaamista luottaen siihen, ett\u00e4 laitteesi saa jatkuvasti virtaa luotettavasta ja nopeasta latausj\u00e4rjestelm\u00e4st\u00e4.<\/p>\n\n<h3 class=\"wp-block-heading\"><strong>Usean portin saavutettavuus parantaa k\u00e4ytett\u00e4vyytt\u00e4<\/strong><\/h3>\n\n<p>Monipuolisuutta parhaimmillaan! SD1:ss\u00e4 on kolme USB Type-A 3.0 -porttia, jotka tarjoavat pelaajille mahdollisuuden liitt\u00e4\u00e4 useita oheislaitteita. Olipa kyseess\u00e4 sitten ylim\u00e4\u00e4r\u00e4inen ohjain, kuulokkeet tai mik\u00e4 tahansa muu USB-pohjainen lis\u00e4laite, SD1-telakointiasema varmistaa, ett\u00e4 olet valmistautunut mihin tahansa peliskenaarioon. Koe nopeammat tiedonsiirtonopeudet ja nauti h\u00e4iri\u00f6tt\u00f6m\u00e4st\u00e4 peliymp\u00e4rist\u00f6st\u00e4.<\/p>\n\n<h3 class=\"wp-block-heading\"><strong>Vankka ja tehokas liitett\u00e4vyys<\/strong><\/h3>\n\n<p>Pelimahdollisuuksien maailma avautuu yhdell\u00e4 kaapelilla. SD1 hy\u00f6dynt\u00e4\u00e4 USB Type-C:n tehoa, mik\u00e4 takaa vakaan ja tehokkaan yhteyden telakointiaseman ja kannettavan pelilaitteesi v\u00e4lill\u00e4. T\u00e4m\u00e4 innovatiivinen liit\u00e4nt\u00e4ratkaisu lupaa paitsi nopeampia tiedonsiirtonopeuksia my\u00f6s varmistaa yleisen yhteensopivuuden uusimpien pelilaitteiden kanssa.<\/p>\n\n<h3 class=\"wp-block-heading\"><strong>Tukeva rakenne ja tyylik\u00e4s estetiikka<\/strong><\/h3>\n\n<p>Teknisen suorituskykyns\u00e4 lis\u00e4ksi SD1 on osoitus tyylikk\u00e4\u00e4st\u00e4 muotoilusta ja vankasta rakenteesta. Se on valmistettu harmaasta alumiinista, ja se antaa ensiluokkaisen tunnelman ja lupaa samalla pitk\u00e4ik\u00e4isyytt\u00e4. Jotta arvokkaat pelilaitteesi olisivat aina suojattuja, se on varustettu mustilla silikonityynyill\u00e4, jotka tarjoavat ylim\u00e4\u00e4r\u00e4isen suojakerroksen naarmuuntumista ja tahatonta liukastumista vastaan.<\/p>\n\n<h3 class=\"wp-block-heading\"><strong>Universaali yhteensopivuus: Gamer&#8217;s Delight!<\/strong><\/h3>\n\n<p>Hyv\u00e4n lis\u00e4varusteen tunnusmerkki on sen muunneltavuus, ja SD1 loistaa t\u00e4ss\u00e4 suhteessa kirkkaasti. Se on suunniteltu monenlaisille kannettaville pelitietokoneille, joten kukaan pelaaja ei j\u00e4\u00e4 j\u00e4lkeen. Omistatpa sitten uusimman GPD WIN 4 2023:n tai ONEXPLAYER 2:n, t\u00e4m\u00e4 telakointiasema on t\u00e4ydellinen ratkaisu parannettuihin pelitoimintoihin. Testattu Steam Deckill\u00e4, ROG Allyll\u00e4, GPD WIN 4:ll\u00e4, GPD WIN 4 2023:lla, ONEXPLAYER 2:lla, AYA NEO 2S:ll\u00e4, AYA NEO Geekill\u00e4 ja AYA NEO Geek 1S:ll\u00e4.<\/p>\n\n<h3 class=\"wp-block-heading\"><strong>Johtop\u00e4\u00e4t\u00f6s<\/strong><\/h3>\n\n<p>Astu k\u00e4sikonsolipelaamisen tulevaisuuteen SD1-telakointiaseman avulla. Se ei ole pelkk\u00e4 telakointiasema, vaan kokemus, matka, uusi tapa pelata. Nosta pelisessioidesi tasoa ja ota vastaan k\u00e4sikonsolipelaamisen uusi aikakausi SD1-telakointiaseman avulla.<\/p>\n\n<p><\/p>\n","protected":false},"excerpt":{"rendered":"<ul>\n<li><strong>SD1 <\/strong>telakointiasema<\/li>\n<li>Gigabit Ethernet<\/li>\n<li>100W PD USB-C<\/li>\n<li>HDMI-l\u00e4ht\u00f6<\/li>\n<li><strong>Yhteensopiva<\/strong> GPD WIN 4 2024 ja monien muiden kanssa.<\/li>\n<\/ul>\n[cg_accordion title=\"MAKSUTIEDOT\"]<\/p>\n<p>K\u00e4yt\u00e4mme uusinta teknologiaa maksujen k\u00e4sittelyss\u00e4, jonka avulla voit tehd\u00e4 maksun Apple Payn, Google Payn, pankki- tai luottokortin, PayPalin tai BNPL-menetelmien, kuten Klarna, Affirm tai AfterPay, avulla nopean ja turvallisen maksukokemuksen.[\/cg_accordion]\n[cg_accordion title=\"TAKUU\"]<\/p>\n<p>2 vuoden takuu <a href=\"https:\/\/droix.net\/\" target=\"_blank\" rel=\"nofollow noopener\">DROIX Global ilta mielenrauhasi vuoksi<\/a> [\/cg_accordion]\n[cg_accordion title=\"HINNOITTELU, VEROT JA TOIMITUKSET\"]<\/p>\n<p><strong><u>Huom:<\/u><\/strong><\/p>\n<ul>\n<li>Yhdysvallat Asiakkaat: Asiakkaat: N\u00e4ytetty hinta EI sis\u00e4ll\u00e4 veroja eik\u00e4 tulleja. Vastuu tulliselvityksest\u00e4 ja siihen liittyvien verojen\/tullien maksamisesta on asiakkaalla. <\/li>\n<li>EU:n asiakkaat: N\u00e4ytetty hinta sis\u00e4lt\u00e4\u00e4 sovellettavan veron, joka voi olla jopa 25 % maastasi riippuen.<\/li>\n<li>Kanada Asiakkaat: N\u00e4ytetty hinta sis\u00e4lt\u00e4\u00e4 sovellettavat verot, joihin voi sis\u00e4lty\u00e4 5 % GST ja ylim\u00e4\u00e4r\u00e4isi\u00e4 maakunnallisia myyntiveroja (PST), harmonisoitua myyntiveroa (HST) tai Quebecin myyntiveroa (QST) maakunnasta riippuen.<\/li>\n<\/ul>\n<p><strong>AINOASTAAN EU:n asiakkaille:<\/strong> Express DDP (Delivered Duty Paid). T\u00e4m\u00e4 tarkoittaa: <\/p>\n<ul>\n<li>Kaikki tullit ja verot sis\u00e4ltyv\u00e4t tuotesivulla ilmoitettuun hintaan.<\/li>\n<li>Sinun ei tarvitse maksaa lis\u00e4maksuja toimituksen yhteydess\u00e4.<\/li>\n<li>Harvinaisissa tulliin liittyviss\u00e4 tapauksissa tiimimme hoitaa tulliselvitysprosessin puolestasi varmistaakseen sujuvan toimituksen.<\/li>\n<p>T\u00e4rke\u00e4\u00e4 tietoa palautuksista:<\/p>\n<li>Jos p\u00e4\u00e4t\u00e4t palauttaa tilauksesi tai pyyt\u00e4\u00e4 palautusta, ota huomioon, ett\u00e4 DDP-ehtojen mukaisesti puolestasi maksettuja veroja ja tulleja ei voida palauttaa.<\/li>\n<p>Katso yksityiskohtaiset tiedot <a href=\"https:\/\/gpdstore.net\/fi\/terms-of-service\/\" target=\"_blank\" rel=\"nofollow noopener\">k\u00e4ytt\u00f6ehdoistamme<\/a>.\n<\/ul>\n<p>[\/cg_accordion]\n[cg_accordion title=\"ASIAKASTUKI\"]<\/p>\n<p>Onko kysytt\u00e4v\u00e4\u00e4? Olemme lyhyen tekstiviestin p\u00e4\u00e4ss\u00e4 siit\u00e4, ett\u00e4 ongelmasi on ratkaistu!<br \/>\n[\/cg_accordion]\n[cg_accordion title=\"MIT\u00c4 SIS\u00c4LTYY\"]<\/p>\n<ul>\n<li>1x SD1 telakointiasema<\/li>\n<\/ul>\n<p>[\/cg_accordion]\n","protected":false},"featured_media":311088,"template":"","meta":{"_acf_changed":false},"product_brand":[],"product_cat":[10091],"product_tag":[14813,10092],"woo-feed-brand":[9971],"class_list":{"0":"post-383048","1":"product","2":"type-product","3":"status-publish","4":"has-post-thumbnail","6":"product_cat-tarvikkeet","7":"product_tag-40xmsale-fi","8":"product_tag-droix-hub-fi","9":"product_shipping_class-low-end","10":"product_shipping_class-standard","12":"pa_accessory-type-telakointiasema","13":"pa_i-o-video-1x-hdmi-fi","14":"woo-feed-brand-droix-fi","16":"first","17":"outofstock","18":"sale","19":"taxable","20":"shipping-taxable","21":"purchasable","22":"product-type-simple"},"acf":[],"aioseo_notices":[],"_links":{"self":[{"href":"https:\/\/gpdstore.net\/fi\/wp-json\/wp\/v2\/product\/383048","targetHints":{"allow":["GET"]}}],"collection":[{"href":"https:\/\/gpdstore.net\/fi\/wp-json\/wp\/v2\/product"}],"about":[{"href":"https:\/\/gpdstore.net\/fi\/wp-json\/wp\/v2\/types\/product"}],"wp:featuredmedia":[{"embeddable":true,"href":"https:\/\/gpdstore.net\/fi\/wp-json\/wp\/v2\/media\/311088"}],"wp:attachment":[{"href":"https:\/\/gpdstore.net\/fi\/wp-json\/wp\/v2\/media?parent=383048"}],"wp:term":[{"taxonomy":"product_brand","embeddable":true,"href":"https:\/\/gpdstore.net\/fi\/wp-json\/wp\/v2\/product_brand?post=383048"},{"taxonomy":"product_cat","embeddable":true,"href":"https:\/\/gpdstore.net\/fi\/wp-json\/wp\/v2\/product_cat?post=383048"},{"taxonomy":"product_tag","embeddable":true,"href":"https:\/\/gpdstore.net\/fi\/wp-json\/wp\/v2\/product_tag?post=383048"},{"taxonomy":"woo-feed-brand","embeddable":true,"href":"https:\/\/gpdstore.net\/fi\/wp-json\/wp\/v2\/woo-feed-brand?post=383048"}],"curies":[{"name":"wp","href":"https:\/\/api.w.org\/{rel}","templated":true}]}}