{"id":382564,"date":"2024-01-23T15:11:56","date_gmt":"2024-01-23T15:11:56","guid":{"rendered":"https:\/\/gpdstore.net\/Ei-luokiteltu\/gpd-win-mini-kahvat\/"},"modified":"2025-12-23T10:21:46","modified_gmt":"2025-12-23T10:21:46","slug":"gpd-win-mini-grips","status":"publish","type":"product","link":"https:\/\/gpdstore.net\/fi\/product\/gpd-win-mini-grips\/","title":{"rendered":"GPD WIN Mini kahvat"},"content":{"rendered":"\n<p><strong>GPD WIN Mini Grips &#8211; Paranna pelikokemustasi<\/strong> <\/p>\n\n<p>Tasoita GPD WIN Mini -pelisi virallisilla GPD WIN Mini -k\u00e4densijoilla. Sen lis\u00e4ksi, ett\u00e4 se tarjoaa paremman pidon GPD WIN Minist\u00e4, se voi tehd\u00e4 GPD WIN Minist\u00e4si hieman erityisen tyylikk\u00e4\u00e4n.<\/p>\n","protected":false},"excerpt":{"rendered":"<ul>\n<li>Viralliset GPD WIN Mini Grips<\/li>\n<li>Ylivoimaisen pidon tarjoaminen<\/li>\n<li>Mukavuus pidennettyj\u00e4 istuntoja varten<\/li>\n<li>Helppo asennus ja poisto<\/li>\n<li>Kaikki mukana ; ruuvit, ruuvimeisseli ja kahvat.<\/li>\n<\/ul>\n<p> [cg_accordion title=\"MAKSUTIEDOT\"] K\u00e4yt\u00e4mme uusinta tekniikkaa maksujen k\u00e4sittelyss\u00e4, jonka avulla voit tehd\u00e4 maksun Apple Payn, Google Payn, pankki- tai luottokortin, PayPalin tai BNPL-menetelmien, kuten Klarna, Affirm tai AfterPay, avulla nopean ja turvallisen maksukokemuksen.[\/cg_accordion] [cg_accordion title=\"TAKUU\"] 2 vuoden takuu <a href=\"https:\/\/droix.net\/\" target=\"_blank\" rel=\"nofollow noopener\">DROIX Globalilta<\/a> mielenrauhasi vuoksi.[\/cg_accordion] [cg_accordion title=\"PRICING, TAXES AND SHIPPING\"] <strong><br \/>\n  <u>Huom:<\/u><br \/>\n<\/strong><\/p>\n<ul>\n<li>Yhdysvallat Asiakkaat: Asiakkaat: N\u00e4ytetty hinta EI sis\u00e4ll\u00e4 veroja eik\u00e4 tulleja. Vastuu tulliselvityksest\u00e4 ja siihen liittyvien verojen\/tullien maksamisesta on asiakkaalla. <\/li>\n<li>EU:n asiakkaat: N\u00e4ytetty hinta sis\u00e4lt\u00e4\u00e4 sovellettavan veron, joka voi olla jopa 25 % maastasi riippuen.<\/li>\n<li>Kanada Asiakkaat: N\u00e4ytetty hinta sis\u00e4lt\u00e4\u00e4 sovellettavat verot, joihin voi sis\u00e4lty\u00e4 5 % GST ja ylim\u00e4\u00e4r\u00e4isi\u00e4 maakunnallisia myyntiveroja (PST), harmonisoitua myyntiveroa (HST) tai Quebecin myyntiveroa (QST) maakunnasta riippuen.<\/li>\n<\/ul>\n<p><strong>AINOASTAAN EU:n asiakkaille:<\/strong> Express DDP (Delivered Duty Paid). T\u00e4m\u00e4 tarkoittaa: <\/p>\n<ul>\n<li style=\"list-style-type: none;\">\n<ul>\n<li>Kaikki tullit ja verot sis\u00e4ltyv\u00e4t tuotesivulla ilmoitettuun hintaan.<\/li>\n<li>Sinun ei tarvitse maksaa lis\u00e4maksuja toimituksen yhteydess\u00e4.<\/li>\n<li>Harvinaisissa tulliin liittyviss\u00e4 tapauksissa tiimimme hoitaa tulliselvitysprosessin puolestasi varmistaakseen sujuvan toimituksen.<\/li>\n<p>T\u00e4rke\u00e4\u00e4 tietoa palautuksista:<\/p>\n<li>Jos p\u00e4\u00e4t\u00e4t palauttaa tilauksesi tai pyyt\u00e4\u00e4 palautusta, ota huomioon, ett\u00e4 DDP-ehtojen mukaisesti puolestasi maksettuja veroja ja tulleja ei voida palauttaa.<\/li>\n<p>Tutustu meid\u00e4n<\/ul>\n<\/li>\n<\/ul>\n<p><a href=\"https:\/\/gpdstore.net\/fi\/terms-of-service\/\" target=\"_blank\" rel=\"nofollow noopener\">Ehdot ja edellytykset<\/a><\/p>\n<ul>yksityiskohtaisia tietoja.<\/ul>\n<p>[\/cg_accordion] [cg_accordion title=\"ASIAKASTUKI\"]  Onko kysytt\u00e4v\u00e4\u00e4? Olemme lyhyen tekstiviestin p\u00e4\u00e4ss\u00e4 siit\u00e4, ett\u00e4 ongelmasi on ratkaistu!   [\/cg_accordion] [cg_accordion title=\"WHAT'S INCLUDED\"]<\/p>\n<ul>\n<li>1x GPD WIN Mini Grips<\/li>\n<\/ul>\n<p>[\/cg_accordion]<\/p>\n","protected":false},"featured_media":382565,"template":"","meta":{"_acf_changed":false},"product_brand":[],"product_cat":[10091],"product_tag":[12724,10609],"woo-feed-brand":[9922],"class_list":{"0":"post-382564","1":"product","2":"type-product","3":"status-publish","4":"has-post-thumbnail","6":"product_cat-tarvikkeet","7":"product_tag-25bfsale-fi","8":"product_tag-gpd-win-mini-lisavaruste","9":"product_shipping_class-standard","11":"pa_accessory-type-grip-fi","12":"pa_brand-gpd","13":"woo-feed-brand-gpd-fi","15":"first","16":"outofstock","17":"sale","18":"taxable","19":"shipping-taxable","20":"purchasable","21":"product-type-variable","22":"has-default-attributes"},"acf":[],"aioseo_notices":[],"_links":{"self":[{"href":"https:\/\/gpdstore.net\/fi\/wp-json\/wp\/v2\/product\/382564","targetHints":{"allow":["GET"]}}],"collection":[{"href":"https:\/\/gpdstore.net\/fi\/wp-json\/wp\/v2\/product"}],"about":[{"href":"https:\/\/gpdstore.net\/fi\/wp-json\/wp\/v2\/types\/product"}],"wp:featuredmedia":[{"embeddable":true,"href":"https:\/\/gpdstore.net\/fi\/wp-json\/wp\/v2\/media\/382565"}],"wp:attachment":[{"href":"https:\/\/gpdstore.net\/fi\/wp-json\/wp\/v2\/media?parent=382564"}],"wp:term":[{"taxonomy":"product_brand","embeddable":true,"href":"https:\/\/gpdstore.net\/fi\/wp-json\/wp\/v2\/product_brand?post=382564"},{"taxonomy":"product_cat","embeddable":true,"href":"https:\/\/gpdstore.net\/fi\/wp-json\/wp\/v2\/product_cat?post=382564"},{"taxonomy":"product_tag","embeddable":true,"href":"https:\/\/gpdstore.net\/fi\/wp-json\/wp\/v2\/product_tag?post=382564"},{"taxonomy":"woo-feed-brand","embeddable":true,"href":"https:\/\/gpdstore.net\/fi\/wp-json\/wp\/v2\/woo-feed-brand?post=382564"}],"curies":[{"name":"wp","href":"https:\/\/api.w.org\/{rel}","templated":true}]}}