{"id":372837,"date":"2023-11-17T17:45:40","date_gmt":"2023-11-17T17:45:40","guid":{"rendered":"https:\/\/gpdstore.net\/Ei-luokiteltu\/gpd-win-mini-gaming-handheld-pc\/"},"modified":"2025-12-19T16:27:08","modified_gmt":"2025-12-19T16:27:08","slug":"gpd-win-mini","status":"publish","type":"product","link":"https:\/\/gpdstore.net\/fi\/product\/gpd-win-mini\/","title":{"rendered":"GPD WIN Mini Gaming Handheld PC"},"content":{"rendered":"\n<figure class=\"wp-block-video\"><video controls=\"\" src=\"https:\/\/gpdstore.net\/wp-content\/uploads\/\"><\/video><\/figure>\n\n<div class=\"wp-block-columns is-layout-flex wp-container-core-columns-is-layout-28f84493 wp-block-columns-is-layout-flex\">\n<div class=\"wp-block-column is-layout-flow wp-block-column-is-layout-flow\" style=\"flex-basis:33.33%\">\n<figure class=\"wp-block-image size-full\"><img fetchpriority=\"high\" decoding=\"async\" width=\"640\" height=\"640\" src=\"https:\/\/gpdstore.net\/wp-content\/uploads\/2024\/03\/4ebac7a0-58e9-47ef-a036-783efd2a5e00._CR00640640_.jpg\" alt=\"gpd win mini 2024\" class=\"wp-image-1650\" srcset=\"https:\/\/gpdstore.net\/wp-content\/uploads\/2024\/03\/4ebac7a0-58e9-47ef-a036-783efd2a5e00._CR00640640_.jpg 640w, https:\/\/gpdstore.net\/wp-content\/uploads\/2024\/03\/4ebac7a0-58e9-47ef-a036-783efd2a5e00._CR00640640_-600x600.jpg 600w, https:\/\/gpdstore.net\/wp-content\/uploads\/2024\/03\/4ebac7a0-58e9-47ef-a036-783efd2a5e00._CR00640640_-150x150.jpg 150w, https:\/\/gpdstore.net\/wp-content\/uploads\/2024\/03\/4ebac7a0-58e9-47ef-a036-783efd2a5e00._CR00640640_-441x441.jpg 441w, https:\/\/gpdstore.net\/wp-content\/uploads\/2024\/03\/4ebac7a0-58e9-47ef-a036-783efd2a5e00._CR00640640_-100x100.jpg 100w\" sizes=\"(max-width: 640px) 100vw, 640px\" \/><\/figure>\n<\/div>\n\n\n\n<div class=\"wp-block-column is-layout-flow wp-block-column-is-layout-flow\" style=\"flex-basis:66.66%\">\n<h2 class=\"wp-block-heading\"><strong>GPD WIN Mini (2023 Edition) &#8211; AMD Ryzen 7 7840U Handheld Gaming PC | 7&#8243; 120Hz LTPS Screen | 32GB\/64GB LPDDR5 | OcuLink SGLM Support &#8211; Best Value UMPC<\/strong><\/h2>\n\n\n\n<p>Why pay 2025 flagship prices? The GPD WIN Mini (2023 Edition) remains the ultimate &#8220;Silicon Sweet Spot.&#8221; Powered by the legendary AMD Ryzen 7 7840U, it delivers the perfect balance of Zen 4 power and portability for gamers who demand elite performance without the &#8220;Strix Point&#8221; premium. This Mobile Gaming PC redefines on-the-go gaming by seamlessly integrating the raw power of top-tier hardware into a form factor that comfortably nestles in the palm of your hand. Brace yourself for unparalleled gaming adventures with the GPD WIN Mini, your portal to gaming excellence in a compact, lightweight, and formidable package.<\/p>\n<\/div>\n<\/div>\n\n<h2 class=\"wp-block-heading has-text-align-center\">Tarkkuus kohtaa siirrett\u00e4vyyden: GPD WIN Minin kehittyneet s\u00e4\u00e4timet ja simpukkamalli<\/h2>\n\n<div class=\"wp-block-columns is-layout-flex wp-container-core-columns-is-layout-28f84493 wp-block-columns-is-layout-flex\">\n<div class=\"wp-block-column is-layout-flow wp-block-column-is-layout-flow\">\n<figure class=\"wp-block-image size-full\"><img decoding=\"async\" width=\"300\" height=\"300\" src=\"https:\/\/gpdstore.net\/wp-content\/uploads\/2024\/03\/cc2489ee-271a-4803-836e-eb3326d46fd8.__CR1310638638_PT0_SX300_V1___-1.png\" alt=\"GPD Win Mini Joystickit\" class=\"wp-image-1652\" srcset=\"https:\/\/gpdstore.net\/wp-content\/uploads\/2024\/03\/cc2489ee-271a-4803-836e-eb3326d46fd8.__CR1310638638_PT0_SX300_V1___-1.png 300w, https:\/\/gpdstore.net\/wp-content\/uploads\/2024\/03\/cc2489ee-271a-4803-836e-eb3326d46fd8.__CR1310638638_PT0_SX300_V1___-1-150x150.png 150w, https:\/\/gpdstore.net\/wp-content\/uploads\/2024\/03\/cc2489ee-271a-4803-836e-eb3326d46fd8.__CR1310638638_PT0_SX300_V1___-1-100x100.png 100w\" sizes=\"(max-width: 300px) 100vw, 300px\" \/><\/figure>\n\n\n\n<h3 class=\"wp-block-heading\"><strong><strong>Zero Dead Zones:<\/strong> Hall Effect Mini Joystick: 37,5 % parempi tarkkuus Hall Effect Mini Joystickill\u00e4.<\/strong><\/h3>\n\n\n\n<p>Sis\u00e4\u00e4nrakennetuissa Hall Effect -minijoystickeiss\u00e4 on upotettu muotoilu, jossa on L3:n ja R3:n alas painettu tuki, ja ne ovat portaattomasti s\u00e4\u00e4dett\u00e4viss\u00e4 ja super-lineaarisia. Kalibroinnin j\u00e4lkeen Hall Effect -joystickit ovat parantaneet palautustarkkuutta 37,5 % ja j\u00e4nnitteen jakotarkkuutta 25 % verrattuna tavallisiin joystickeihin, mik\u00e4 poistaa l\u00e4hes kokonaan keskipisteess\u00e4 esiintyvien kuolleiden alueiden mahdollisuuden. <\/p>\n<\/div>\n\n\n\n<div class=\"wp-block-column is-layout-flow wp-block-column-is-layout-flow\">\n<figure class=\"wp-block-image size-full\"><img decoding=\"async\" src=\"https:\/\/gpdstore.net\/wp-content\/uploads\/\" alt=\"GPD Win Mini L2 R2\" class=\"wp-image-1654\"\/><\/figure>\n\n\n\n<h3 class=\"wp-block-heading\"><strong><strong>Immersiivinen realismi:<\/strong> Lineaarisilla analogisilla L2\/R2-liipaisimilla.<\/strong><\/h3>\n\n\n\n<p>WIN 2:een verrattuna WIN Minin L2\/R2-liipaisimet on muutettu lineaarisiksi analogisiksi liipaisupainikkeiksi, jotka simuloivat tarkasti painikkeen vastetta eri voimakkuuksilla ja mahdollistavat tarkan kuvaamisen, kiihdytt\u00e4misen ja muut toiminnot. T\u00e4m\u00e4 tarjoaa realistisemman kokemuksen peleiss\u00e4 tapahtuvista dynaamisista muutoksista, ohjaimen mukavan k\u00e4yt\u00f6n sek\u00e4 paremman uppoutumisen ja pelattavuuden peleiss\u00e4. <\/p>\n<\/div>\n\n\n\n<div class=\"wp-block-column is-layout-flow wp-block-column-is-layout-flow\">\n<figure class=\"wp-block-image size-full\"><img decoding=\"async\" width=\"300\" height=\"300\" src=\"https:\/\/gpdstore.net\/wp-content\/uploads\/2024\/05\/81bbfc87-3418-4c8a-90fa-bd4c521a3eba.__CR1710559559_PT0_SX300_V1___-1.png\" alt=\"GPD WIN Mini SSD\" class=\"wp-image-1655\" srcset=\"https:\/\/gpdstore.net\/wp-content\/uploads\/2024\/05\/81bbfc87-3418-4c8a-90fa-bd4c521a3eba.__CR1710559559_PT0_SX300_V1___-1.png 300w, https:\/\/gpdstore.net\/wp-content\/uploads\/2024\/05\/81bbfc87-3418-4c8a-90fa-bd4c521a3eba.__CR1710559559_PT0_SX300_V1___-1-150x150.png 150w, https:\/\/gpdstore.net\/wp-content\/uploads\/2024\/05\/81bbfc87-3418-4c8a-90fa-bd4c521a3eba.__CR1710559559_PT0_SX300_V1___-1-65x65.png 65w, https:\/\/gpdstore.net\/wp-content\/uploads\/2024\/05\/81bbfc87-3418-4c8a-90fa-bd4c521a3eba.__CR1710559559_PT0_SX300_V1___-1-100x100.png 100w\" sizes=\"(max-width: 300px) 100vw, 300px\" \/><\/figure>\n\n\n\n<h3 class=\"wp-block-heading\"><strong><strong>Nollaviive: PCIe 4.0 SSD -tallennustilan avulla.<\/strong><\/strong><\/h3>\n\n\n\n<p>AMD Ryzen 7 7840U tukee PCIe Gen4 -spesifikaatiota, jonka teoreettinen maksimil\u00e4pimeno on jopa 7,877 Gt\/s. Virallinen kokoonpano sis\u00e4lt\u00e4\u00e4 512 Gt-2 Tt WD SN740 M.2 2230 SSD (PCIe Gen4) -muistitikun, jonka mitattu sekvenssiluku- ja kirjoitusnopeus on jopa 5150 Mt\/s, ja se on laajennettavissa rajoituksetta.  <br\/><\/p>\n<\/div>\n<\/div>\n\n<h2 class=\"wp-block-heading has-text-align-center\">T\u00e4yden potentiaalin vapauttaminen: Yhdistett\u00e4vyys, r\u00e4\u00e4t\u00e4l\u00f6inti ja ekosysteemi: Yhdistett\u00e4vyys, r\u00e4\u00e4t\u00e4l\u00f6inti ja ekosysteemi<\/h2>\n\n<div class=\"wp-block-columns is-layout-flex wp-container-core-columns-is-layout-28f84493 wp-block-columns-is-layout-flex\">\n<div class=\"wp-block-column is-layout-flow wp-block-column-is-layout-flow\" style=\"flex-basis:33.33%\">\n<figure class=\"wp-block-image size-full\"><img loading=\"lazy\" decoding=\"async\" width=\"300\" height=\"300\" src=\"https:\/\/gpdstore.net\/wp-content\/uploads\/2024\/03\/49ca9adf-2d79-4de3-8125-bfa7036712ac.__CR00742742_PT0_SX300_V1___.png\" alt=\"65W\" class=\"wp-image-1656\" srcset=\"https:\/\/gpdstore.net\/wp-content\/uploads\/2024\/03\/49ca9adf-2d79-4de3-8125-bfa7036712ac.__CR00742742_PT0_SX300_V1___.png 300w, https:\/\/gpdstore.net\/wp-content\/uploads\/2024\/03\/49ca9adf-2d79-4de3-8125-bfa7036712ac.__CR00742742_PT0_SX300_V1___-150x150.png 150w, https:\/\/gpdstore.net\/wp-content\/uploads\/2024\/03\/49ca9adf-2d79-4de3-8125-bfa7036712ac.__CR00742742_PT0_SX300_V1___-65x65.png 65w, https:\/\/gpdstore.net\/wp-content\/uploads\/2024\/03\/49ca9adf-2d79-4de3-8125-bfa7036712ac.__CR00742742_PT0_SX300_V1___-100x100.png 100w\" sizes=\"(max-width: 300px) 100vw, 300px\" \/><\/figure>\n<\/div>\n\n\n\n<div class=\"wp-block-column is-layout-flow wp-block-column-is-layout-flow\" style=\"flex-basis:66.66%\">\n<h3 class=\"wp-block-heading\"><br\/><br\/>T\u00e4ysin varusteltu Type-C-portti<\/h3>\n\n\n\n<p>Kun USB4-porttia k\u00e4ytet\u00e4\u00e4n, WIN Mini voi edelleen ladata ja siirt\u00e4\u00e4 \u00e4\u00e4nt\u00e4, videokuvaa ja dataa t\u00e4m\u00e4n t\u00e4ysin varustellun Type-C-portin kautta, jonka kaistanleveys on 10 Gbps (USB 3.2 Gen 2) ja joka tukee ulkoista 8K@60Hz-n\u00e4ytt\u00f6\u00e4.<\/p>\n<\/div>\n<\/div>\n\n<h2 class=\"wp-block-heading\"><strong>K\u00e4sittelyn vertaansa vailla oleva suorituskyky: AMD Ryzenin ylivoima<\/strong><\/h2>\n\n<p>Zen 4 Performance: The Legendary 7840U &#8220;Phoenix&#8221;<\/p>\n\n<p>The Emulation King: Native AVX-512 support makes the 7840U faster than many newer chips for PS3 (RPCS3) and Xbox 360 (Xenia) emulation.<\/p>\n\n<p>Radeon 780M + AFMF 2: Boost your frame rates in AAA titles like <em>Cyberpunk 2077<\/em> using the latest AMD Fluid Motion Frames software.<\/p>\n\n<p>64GB LPDDR5 Power: One of the few ultra-portables offering massive RAM configurations for heavy multitasking and virtualization.<\/p>\n\n<p>This Portable Gaming PC fearlessly tackles the most demanding gaming titles and resource-intensive applications, showcasing unparalleled prowess. Immerse yourself in seamless multitasking, accelerated load times, and ultra-smooth gameplay as you traverse the expansive gaming universe on the go.<\/p>\n\n<p>The AMD Ryzen 7 7840U remains a fan favorite in 2025 for its incredible efficiency-to-power ratio.<\/p>\n\n<h2 class=\"wp-block-heading\"><strong>Visuaalisen kuvan nostaminen todellisuuden yl\u00e4puolelle: AMD Radeon Graphics<\/strong><\/h2>\n\n<p>Hemmottele itse\u00e4si todellisuuden ylitt\u00e4v\u00e4ll\u00e4 pelin\u00e4ytt\u00e4m\u00f6ll\u00e4, joka perustuu AMD Radeon -grafiikkaan, joka on sijoitettu GPD WIN Miniin. <a href=\"https:\/\/www.techpowerup.com\/gpu-specs\/radeon-780m.c4020\">AMD Radeon 780M<\/a> (7840U-malli), jossa on 12 laskentayksikk\u00f6\u00e4 ja jopa 2700 MHz:n kellotaajuus, tai AMD Radeon 760M (7640U-malli), jossa on 8 laskentayksikk\u00f6\u00e4 ja jopa 2600 MHz:n kellotaajuus, tarjoavat henke\u00e4salpaavan el\u00e4v\u00e4n n\u00e4k\u00f6ist\u00e4 grafiikkaa ja eritt\u00e4in nopeat ruudunp\u00e4ivitysnopeudet. Uppoudu reheviin maisemiin, realistisiin ymp\u00e4rist\u00f6ihin ja r\u00e4j\u00e4ht\u00e4v\u00e4\u00e4n toimintaan, jotka kaikki esitet\u00e4\u00e4n t\u00e4m\u00e4n kannettavan peliihmeen k\u00e4mmenen kokoisella kankaalla.  <\/p>\n\n<h2 class=\"wp-block-heading\"><strong>Umpinaiset muisti ja varastointi: Tehokas suorituskyky<\/strong><\/h2>\n\n<p>Kielt\u00e4ydy tekem\u00e4st\u00e4 kompromisseja muistin ja tallennustilan suhteen. GPD WIN Mini tarjoaa kaksi RAM-muistivaihtoehtoa: huikea 64 Gt <a href=\"https:\/\/en.wikipedia.org\/wiki\/LPDDR\">LPDDR5<\/a> 6400 MT\/s mallissa 7840U tai vankka 16 Gt LPDDR5 6400 MT\/s mallissa 7640U. N\u00e4in varmistat, ett\u00e4 olet varustautunut k\u00e4sittelem\u00e4\u00e4n kaikkein intensiivisimpi\u00e4 moniteht\u00e4v\u00e4skenaarioita saumattomasti. Jopa valtavaan 2 Tt:n PCIe 4.0 x 4 NVMe 1.3\/1.4 -tallennustilaan asti ulottuvien tallennustilavaihtoehtojen ansiosta sinulla on runsaasti tilaa laajalle pelikirjastollesi, multimediatiedostoille ja muulle. Ei en\u00e4\u00e4 kompromisseja, vain silkkaa tehoa k\u00e4den ulottuvilla.    <\/p>\n\n<h2 class=\"wp-block-heading\"><strong>Kohonnut visuaalinen mestaruus: 7-tuumainen 120 Hz:n korkean virkistystaajuuden pelin\u00e4ytt\u00f6: 7-tuumainen 120 Hz:n pelin\u00e4ytt\u00f6 paljastuu<\/strong><\/h2>\n\n<p>Sukella visuaalisen t\u00e4ydellisyyden valtakuntaan vallankumouksellisella 7-tuumaisella pelin\u00e4yt\u00f6ll\u00e4, joka on LTPS-teknologian sinfonia ja henke\u00e4salpaava 120 Hz:n korkean virkistystaajuuden n\u00e4ytt\u00f6. Kuudennen sukupolven Corning Gorilla Glass-suojakotelon ymp\u00e4r\u00f6im\u00e4 n\u00e4ytt\u00f6 kiehtoo alhaisemmilla vasteajoilla, ja AF+AR-h\u00e4ik\u00e4isysuojauspinnoite takaa heijastusvapaan n\u00e4yt\u00f6n, joka takaa loistavan 500 nitin kirkkauden. 1080P-resoluutio maalaa huolellisesti jokaisen pikselin, ja mahdollisuus vaihtaa 60 Hz:n ja 120 Hz:n virkistystaajuuden v\u00e4lill\u00e4 muokkaa visuaalista kokemusta. 314 PPI:n tarkkuudella ter\u00e4vyys ja uppoutuminen yhdistyv\u00e4t, eik\u00e4 innovaatio lopu &#8211; DC-himmennys takaa v\u00e4lkkym\u00e4tt\u00f6m\u00e4n nautinnon pelimaailman ihmeisiin.   <\/p>\n\n<h2 class=\"wp-block-heading\"><strong>Lataa GPD WIN Mini -laitteesi turbolatauksella GPD G1 eGPU -telakointiaseman avulla.<\/strong><\/h2>\n\n<p>GPD G1 eGPU-telakointiasema n\u00e4yt\u00f6nohjaimella m\u00e4\u00e4rittelee pelisuorituskyvyn uudelleen AMD Radeon RX 7600M XT -n\u00e4yt\u00f6nohjaimella, jossa on RDNA 3.0 -arkkitehtuuri ja joka tarjoaa upeat visuaaliset n\u00e4kym\u00e4t ja sujuvan pelattavuuden. 8 Gt GDDR6 RAM-muistin ansiosta moniteht\u00e4v\u00e4st\u00e4 tulee saumatonta, ja salamannopeat latausajat kohottavat pelikokemustasi. <g id=\"gid_0\">OCuLink-<\/g> ja USB 4 -yhteensopivuus takaavat monipuolisen liitett\u00e4vyyden eri laitteisiin, mukaan lukien GPD WIN Mini, kun taas useat grafiikka- ja videoportit mahdollistavat yhteyden kolmeen ulkoiseen n\u00e4ytt\u00f6\u00f6n upeaa asennusta varten. GPD G1 &#8216;n aktiivinen j\u00e4\u00e4hdytysj\u00e4rjestelm\u00e4 yll\u00e4pit\u00e4\u00e4 optimaalista suorituskyky\u00e4 intensiivisten istuntojen aikana.   <\/p>\n\n<h2 class=\"wp-block-heading\"><strong>Pelinohjaus: Tarkkuuden vallankumous<\/strong><\/h2>\n\n<p>GPD WIN Mini nostaa peliohjauksen uudelle tasolle. Kaksoishallitehosteiset joystickit tarjoavat tarkan ja herk\u00e4n sy\u00f6t\u00f6n, kun taas Infinite, Ultra-Linear -suunnittelu poistaa kuolleet alueet ja varmistaa, ett\u00e4 jokainen liike on t\u00e4rke\u00e4. L3\/R3-toiminto, kun sit\u00e4 painetaan alasp\u00e4in, antaa lis\u00e4s\u00e4\u00e4t\u00f6mahdollisuuden. Lineaarisen analogisen liipaisimen L2- ja R2-painikkeet tarjoavat vertaansa vailla olevan herkkyyden, jonka avulla voit hienos\u00e4\u00e4t\u00e4\u00e4 toimintojasi. Ohjelmoitavien makropainikkeiden, klassisen D-padin ja valikkopainikkeiden ansiosta voit mukauttaa pelikokemuksesi viimeist\u00e4 yksityiskohtaa my\u00f6ten.    <\/p>\n\n<h2 class=\"wp-block-heading\"><strong>Kohonnut sy\u00f6tt\u00f6kokemus: N\u00e4pp\u00e4imist\u00f6n ja kosketuslevyn erinomaisuus<\/strong><\/h2>\n\n<p>QWERTY-n\u00e4pp\u00e4imist\u00f6, jossa on saksikytkimell\u00e4 varustetut n\u00e4pp\u00e4imet ja taustavalaistu muotoilu, tekee GPD WIN Mini -pelitietokoneesta pelkk\u00e4\u00e4 pelaamista paremman. Se muuttuu matkalla tuottavuuden voimanpes\u00e4ksi, jonka avulla voit vaihtaa saumattomasti ty\u00f6n ja leikin v\u00e4lill\u00e4. Tarkka kosketusalusta, joka tukee jopa nelj\u00e4n sormen eleit\u00e4, tuo uuden tason hallintaan, navigoitpa sitten valikoissa tai muokkaat asiakirjoja. T\u00e4ss\u00e4 kannettavassa pelitietokoneessa ei ole kyse vain pelaamisesta, vaan koko kannettavan tietokoneen k\u00e4ytt\u00f6kokemuksen parantamisesta.   <\/p>\n\n<h2 class=\"wp-block-heading\"><strong>Immersiiviset audiovisuaalit: DTS:X Ultra \u00e4\u00e4nitehosteet<\/strong><\/h2>\n\n<p>Valmistaudu mukaansatempaavaan audiovisuaaliseen kokemukseen, joka uhmaa odotuksia. GPD WIN Miniss\u00e4 on kaksi sis\u00e4\u00e4nrakennettua hyper-lineaarista kaiutinta, joita t\u00e4ydent\u00e4\u00e4 <a href=\"DTS:X%20Ultra%20Sound%20Effects\">DTS:X Ultra Sound Effects<\/a>. N\u00e4m\u00e4 efektit simuloivat fyysisen 7.1-kanavaisen kokoonpanon \u00e4\u00e4nikokemusta ja ymp\u00e4r\u00f6iv\u00e4t sinut jokaisella \u00e4\u00e4nell\u00e4, olipa se sitten lehtien kahina tai r\u00e4j\u00e4ht\u00e4v\u00e4 laukausten pauhu. Tuki kuulokkeille ja kaiuttimille takaa visuaalista spektaakkelia vastaavan auditiivisen seikkailun.   <\/p>\n\n<h2 class=\"wp-block-heading\"><strong>Rajoja ylitt\u00e4v\u00e4 liitett\u00e4vyys: Wi-Fi 6 ja Bluetooth 5.2<\/strong><\/h2>\n\n<p>Pysy yhteydess\u00e4 riippumatta siit\u00e4, minne pelimatkasi vie sinut. GPD WIN Mini tukee Wi-Fi 6 IEEE 802.11 a\/b\/g\/n\/ac\/ax -standardia, 2,4G\/5G-kaksitaajuuskaistatukea ja kaksikanavaista maksimisiirtonopeutta 2402 Mbps. T\u00e4m\u00e4 takaa sujuvan verkkopelaamisen, nopeat lataukset ja saumattoman suoratoiston. Bluetooth 5.2:n avulla voit helposti liitt\u00e4\u00e4 oheislaitteita, kuulokkeita ja muuta, joten t\u00e4m\u00e4 kompakti pelitietokone on t\u00e4ydellinen mobiilipelien keskus.   <\/p>\n\n<h2 class=\"wp-block-heading\"><strong>Monipuoliset I\/O-liit\u00e4nn\u00e4t: C-tyypin liit\u00e4nn\u00e4t: USB4 ja USB 3.2 Gen 2 Type-C<\/strong><\/h2>\n\n<p>GPD WIN Mini on varustettu monipuolisella valikoimalla I\/O-liit\u00e4nt\u00f6j\u00e4, mukaan lukien huikean nopea USB4-portti, jonka nopeus on jopa 40 Gbps. Lis\u00e4ksi USB 3.2 Gen 2 Type-C -portti tarjoaa jopa 10 Gbps:n nopeuden, mik\u00e4 takaa salamannopeat tiedonsiirrot ja sujuvan liitett\u00e4vyyden oheislaitteisiin. OCuLink-portin (SFF-8612) lis\u00e4\u00e4minen lis\u00e4\u00e4 t\u00e4m\u00e4n kannettavan pelitietokoneen monipuolisuutta entisest\u00e4\u00e4n ja tekee siit\u00e4 keskuksen kaikkiin liit\u00e4nt\u00e4tarpeisiisi.  <\/p>\n\n<h2 class=\"wp-block-heading\"><strong>Laajennettava tallennustila: microSD-muistikorttipaikka lis\u00e4\u00e4 mukavuutta<\/strong><\/h2>\n\n<p>GPD WIN Mini ei pys\u00e4hdy runsaaseen sis\u00e4iseen tallennustilaan. Siin\u00e4 on microSD-korttipaikka SD 3.0 -protokollalla, joka tukee UHS-I-v\u00e4yl\u00e4liit\u00e4nt\u00e4\u00e4, videonopeusluokkaa V30 ja vaikuttavaa I\/O-suorituskyky\u00e4. Kun teoreettinen lukunopeus on 160 Mt\/s ja kirjoitusnopeus 120 Mt\/s, voit vaivattomasti laajentaa tallennustilaa tien p\u00e4\u00e4ll\u00e4. Yhteensopiva microSDHC-, microSDXC- ja microSDUC-korttien kanssa, joten voit kuljettaa mediaa, asiakirjoja ja tiedostoja helposti.   <\/p>\n\n<h2 class=\"wp-block-heading\"><strong>Laajennetut pelisessiot: Pitk\u00e4kestoinen akku<\/strong><\/h2>\n\n<p>Pelaa pitki\u00e4 aikoja ilman huolta akun loppumisesta. GPD WIN Mini on varustettu 44,24 Wh:n litiumpolymeeriakulla, joka mukautuu k\u00e4yt\u00f6n mukaan. Akun kesto ei tuota pettymyst\u00e4, olitpa sitten uppoutunut raskaisiin pelisessioihin tai joutunut suorittamaan ty\u00f6teht\u00e4vi\u00e4. Koe jopa 3 tuntia raskasta k\u00e4ytt\u00f6\u00e4, 6-8 tuntia kohtalaista k\u00e4ytt\u00f6\u00e4 tai vaikuttava 14 tuntia kevytt\u00e4 k\u00e4ytt\u00f6\u00e4, riippuen erityisest\u00e4 k\u00e4ytt\u00f6skenaariostasi.   <\/p>\n\n<h2 class=\"wp-block-heading\"><strong>Valmistettu eleganssia varten: Rust Tint Clamshell Design<\/strong><\/h2>\n\n<p>GPD WIN Mini ei ole vain suorituskyvylt\u00e4\u00e4n mahtava, vaan my\u00f6s muotoilultaan mestariteos. Ensiluokkaisesta alumiiniseoksesta valmistettu ruostes\u00e4vyinen simpukkamuotoilu ei vain huokuu tyylikkyytt\u00e4 vaan takaa my\u00f6s kest\u00e4vyyden. Kompaktin 6,6 x 4,2 x 1,02 tuuman (16,8 x 10,9 x 2,6 cm) ja vain 520 g:n painon ansiosta se on helppo sujauttaa laukkuun tai taskuun, ja pelien huippuosaaminen on aina k\u00e4den ulottuvilla.  <\/p>\n\n<h2 class=\"wp-block-heading\"><strong>Miksi sinun pit\u00e4isi valita GPD WIN Mini<\/strong><\/h2>\n\n<p>Yhteenvetona voidaan todeta, ett\u00e4 GPD WIN Mini Portable Gaming PC ei ole pelkk\u00e4 pelilaite; se on kannettava voimanpes\u00e4, joka takaa tinkim\u00e4tt\u00f6m\u00e4n suorituskyvyn, poikkeuksellisen monipuolisuuden ja odotukset ylitt\u00e4v\u00e4n pelikokemuksen. Huippuluokan laitteiston, harkitun suunnittelun ja kannettavuuden uudelleen m\u00e4\u00e4rittelev\u00e4n muotokertoimen ansiosta t\u00e4m\u00e4 kompakti pelitietokone on porttisi pelaamisen loistavuuteen tien p\u00e4\u00e4ll\u00e4. Paranna peliel\u00e4m\u00e4\u00e4si GPD WIN Minin avulla ja l\u00e4hde matkalle, joka h\u00e4m\u00e4rt\u00e4\u00e4 todellisuuden ja virtuaalimaailman rajoja.  <\/p>\n\n<h3 class=\"wp-block-heading\"><strong>Order Your GPD WIN Mini \u2013 In Stock &amp; Ready to Ship<\/strong><\/h3>\n\n<p>Secure the best-value ultra-portable on the market. Get flagship power without the flagship price tag.<\/p>\n\n<ul class=\"wp-block-list\">\n<li>Authentic GPD Product: Guaranteed genuine Zen 4 hardware.<\/li>\n\n\n\n<li>12-Month Official Warranty: Full support for your high-performance investment.<\/li>\n\n\n\n<li>Global Express Shipping: Tracked and insured delivery to your door.<\/li>\n<\/ul>\n\n<p>Tutustu koko GPD WIN Mini -arvosteluumme <a href=\"https:\/\/droix.net\/blogs\/gpd-win-mini-review\/\">t\u00e4\u00e4ll\u00e4.<\/a> Kiinnostaako GPD G1 eGPU -telakointiasema parantaa pelisuorituskyky\u00e4si? Tutustu perusteelliseen GPD G1 eGPU -telakointiaseman arvosteluun <a href=\"https:\/\/droix.net\/blogs\/gpd-g1-egpu-docking-station-review\/\">t\u00e4\u00e4ll\u00e4.<\/a><\/p>\n","protected":false},"excerpt":{"rendered":"<ul>\n<li>CPU: 7<strong> 7640U \/ 7840U. <\/strong> <\/li>\n<li>GPU: AMD Radeon<strong> 760M \/ 780M<\/strong><\/li>\n<li>RAM-muisti: jopa<strong> 64 Gt LPDDR5 @ 6400 MT\/s<\/strong><\/li>\n<li>TALLENNUS: jopa 2TB<strong> Gen 4<\/strong> <strong>PCI-E<\/strong> NVMe SSD-levy<\/li>\n<li>LIIT\u00c4NT\u00c4: Wi-Fi<strong> 6<\/strong> &amp; Bluetooth <strong>5.2<\/strong> -tuki<\/li>\n<\/ul>\n[cg_accordion title=\"MAKSUTIEDOT\"]<\/p>\n<p>K\u00e4yt\u00e4mme uusinta tekniikkaa maksujen k\u00e4sittelyss\u00e4, jonka avulla voit tehd\u00e4 maksun pankki- tai luottokortilla tai PayPalilla, mik\u00e4 takaa nopean ja turvallisen kokemuksen.[\/cg_accordion]\n[cg_accordion title=\"TAKUU\"]<\/p>\n<p>2 vuoden takuu <a href=\"https:\/\/droix.net\/\" target=\"_blank\" rel=\"nofollow noopener\">DROIX Global ilta mielenrauhasi vuoksi<\/a> [\/cg_accordion]\n[cg_accordion title=\"LAADUNVARMISTUS JA L\u00c4HETYST\u00c4 EDELT\u00c4V\u00c4 TESTAUS\"]<\/p>\n<p>Asiakastyytyv\u00e4isyyden varmistaminen korkeimmalla tasolla: Jokainen laite testataan tiukasti ja sille tehd\u00e4\u00e4n monipisteinen laadunvarmistustarkastus ennen sen l\u00e4hett\u00e4mist\u00e4. Asialle omistautunut tiimimme tarkistaa suorituskyvyn, toimivuuden ja komponenttien eheyden, jotta GPD-laitteesi on saapuessaan t\u00e4ydellisess\u00e4 toimintakunnossa, mik\u00e4 antaa sinulle luottamusta ja mielenrauhaa. [\/cg_accordion]\n[cg_accordion title=\"HINNOITTELU, VEROT JA TOIMITUKSET\"]<\/p>\n<p><strong><u>Huom:<\/u><\/strong><\/p>\n<ul>\n<li>Yhdysvallat Asiakkaat: Asiakkaat: N\u00e4ytetty hinta EI sis\u00e4ll\u00e4 veroja eik\u00e4 tulleja. Vastuu tulliselvityksest\u00e4 ja siihen liittyvien verojen\/tullien maksamisesta on asiakkaalla. <\/li>\n<li>EU:n asiakkaat: N\u00e4ytetty hinta sis\u00e4lt\u00e4\u00e4 sovellettavan veron, joka voi olla jopa 25 % maastasi riippuen.<\/li>\n<li>Kanada Asiakkaat: N\u00e4ytetty hinta sis\u00e4lt\u00e4\u00e4 sovellettavat verot, joihin voi sis\u00e4lty\u00e4 5 % GST ja ylim\u00e4\u00e4r\u00e4isi\u00e4 maakunnallisia myyntiveroja (PST), harmonisoitua myyntiveroa (HST) tai Quebecin myyntiveroa (QST) maakunnasta riippuen.<\/li>\n<\/ul>\n<p><strong>AINOASTAAN EU:n asiakkaille:<\/strong> Express DDP (Delivered Duty Paid). T\u00e4m\u00e4 tarkoittaa: <\/p>\n<ul>\n<li>Kaikki tullit ja verot sis\u00e4ltyv\u00e4t tuotesivulla ilmoitettuun hintaan.<\/li>\n<li>Sinun ei tarvitse maksaa lis\u00e4maksuja toimituksen yhteydess\u00e4.<\/li>\n<li>Harvinaisissa tulliin liittyviss\u00e4 tapauksissa tiimimme hoitaa tulliselvitysprosessin puolestasi varmistaakseen sujuvan toimituksen.<\/li>\n<p>T\u00e4rke\u00e4\u00e4 tietoa palautuksista:<\/p>\n<li>Jos p\u00e4\u00e4t\u00e4t palauttaa tilauksesi tai pyyt\u00e4\u00e4 palautusta, ota huomioon, ett\u00e4 DDP-ehtojen mukaisesti puolestasi maksettuja veroja ja tulleja ei voida palauttaa.<\/li>\n<p>Katso yksityiskohtaiset tiedot <a href=\"https:\/\/droix.net\/terms-and-conditions\/\" target=\"_blank\" rel=\"nofollow noopener\">k\u00e4ytt\u00f6ehdoistamme<\/a>.\n<\/ul>\n<p>[\/cg_accordion]\n[cg_accordion title=\"ASIAKASTUKI\"]<\/p>\n<p>Onko kysytt\u00e4v\u00e4\u00e4? Olemme lyhyen tekstiviestin p\u00e4\u00e4ss\u00e4 siit\u00e4, ett\u00e4 ongelmasi on ratkaistu! <\/p>\n<p>Katso yksityiskohtaiset tiedot <a href=\"https:\/\/gpdstore.net\/fi\/terms-of-service\/\" target=\"_blank\" rel=\"nofollow noopener\">k\u00e4ytt\u00f6ehdoistamme<\/a>.\n<\/ul>\n<p>[\/cg_accordion]\n[cg_accordion title=\"MIT\u00c4 SIS\u00c4LTYY\"]<\/p>\n<ul>\n<li>1x GPD WIN Mini<\/li>\n<li>1x USB-C-kaapeli<\/li>\n<li>1x Virtapistoke<\/li>\n<li>1x kantohihna<\/li>\n<li>1x USB C &gt; A muunnin<\/li>\n<li>1x K\u00e4ytt\u00f6opas<\/li>\n<\/ul>\n<p>[\/cg_accordion]\n","protected":false},"featured_media":373868,"template":"","meta":{"_acf_changed":false},"product_brand":[],"product_cat":[9919],"product_tag":[16617,10619],"woo-feed-brand":[9922],"class_list":{"0":"post-372837","1":"product","2":"type-product","3":"status-publish","4":"has-post-thumbnail","6":"product_cat-gpd-handheld-pc-pelaamiseen","7":"product_tag-13xmsale-fi","8":"product_tag-gpd-win-mini-fi","9":"product_shipping_class-premium","10":"pa_bluetooth-5-2-fi","11":"pa_brand-gpd","12":"pa_graphics-gpu-model-intel-iris-xe-grafiikka","13":"pa_graphics-gpu-model-radeon-760m-fi","14":"pa_i-o-video-1x-oculink-fi","15":"pa_i-o-video-1x-usb-3-2-gen-2-type-cn-kautta","16":"pa_i-o-video-1x-usb-4-0-type-cn-kautta-40gb-s","17":"pa_memory-ram-capacity-16gb-fi","18":"pa_memory-ram-capacity-32gb-fi","19":"pa_memory-ram-capacity-64gb-fi","20":"pa_memory-ram-technology-lpddr5-fi","21":"pa_processor-cpu-model-amd-ryzen-5-7640u","22":"pa_processor-cpu-model-amd-ryzen-7-7840u","23":"pa_storage-capacity-1tb-fi","24":"pa_storage-capacity-4tb-fi","25":"pa_storage-capacity-512-gt","26":"pa_storage-technology-pcie-gen-4-fi-2","27":"pa_wi-fi-wi-fi-6-fi","28":"woo-feed-brand-gpd-fi","30":"first","31":"outofstock","32":"sale","33":"taxable","34":"shipping-taxable","35":"purchasable","36":"product-type-variable","37":"has-default-attributes"},"acf":[],"aioseo_notices":[],"_links":{"self":[{"href":"https:\/\/gpdstore.net\/fi\/wp-json\/wp\/v2\/product\/372837","targetHints":{"allow":["GET"]}}],"collection":[{"href":"https:\/\/gpdstore.net\/fi\/wp-json\/wp\/v2\/product"}],"about":[{"href":"https:\/\/gpdstore.net\/fi\/wp-json\/wp\/v2\/types\/product"}],"wp:featuredmedia":[{"embeddable":true,"href":"https:\/\/gpdstore.net\/fi\/wp-json\/wp\/v2\/media\/373868"}],"wp:attachment":[{"href":"https:\/\/gpdstore.net\/fi\/wp-json\/wp\/v2\/media?parent=372837"}],"wp:term":[{"taxonomy":"product_brand","embeddable":true,"href":"https:\/\/gpdstore.net\/fi\/wp-json\/wp\/v2\/product_brand?post=372837"},{"taxonomy":"product_cat","embeddable":true,"href":"https:\/\/gpdstore.net\/fi\/wp-json\/wp\/v2\/product_cat?post=372837"},{"taxonomy":"product_tag","embeddable":true,"href":"https:\/\/gpdstore.net\/fi\/wp-json\/wp\/v2\/product_tag?post=372837"},{"taxonomy":"woo-feed-brand","embeddable":true,"href":"https:\/\/gpdstore.net\/fi\/wp-json\/wp\/v2\/woo-feed-brand?post=372837"}],"curies":[{"name":"wp","href":"https:\/\/api.w.org\/{rel}","templated":true}]}}