{"id":372172,"date":"2024-01-23T13:57:51","date_gmt":"2024-01-23T13:57:51","guid":{"rendered":"https:\/\/gpdstore.net\/Ei-luokiteltu\/usb-4-0-type-c-kaapeli\/"},"modified":"2025-12-23T10:22:44","modified_gmt":"2025-12-23T10:22:44","slug":"usb-4-0-type-c-cable","status":"publish","type":"product","link":"https:\/\/gpdstore.net\/fi\/product\/usb-4-0-type-c-cable\/","title":{"rendered":"USB 4.0 Type-C -kaapeli"},"content":{"rendered":"\n<h3 class=\"wp-block-heading\"><strong>Paranna liitett\u00e4vyytt\u00e4 huippuluokan USB 4.0 Type-C -kaapelilla.<\/strong><br\/><strong>Tutustu saumattoman liitett\u00e4vyyden voimaan<\/strong><\/h3>\n\n<h4 class=\"wp-block-heading\"><strong>Vapauta datan potentiaali<\/strong><\/h4>\n\n<p>Vapauta datan potentiaali vallankumouksellisella USB 4.0 Type-C -kaapelillamme. Vaikuttavan 40 Gbps:n tiedonsiirtonopeuden ansiosta se takaa nopeat tiedostojen siirrot, eik\u00e4 viivyttelevist\u00e4 siirroista ole en\u00e4\u00e4 vaivaa. <\/p>\n\n<h4 class=\"wp-block-heading\"><strong>Tulevaisuuden yhteensopivuus<\/strong><\/h4>\n\n<p>Pysy teknologian eturintamassa, sill\u00e4 kaapelimme on yhteensopiva Thunderbolt 3:n ja 4:n kanssa. T\u00e4m\u00e4 takaa sujuvan integroinnin uusimpiin laitteisiin ja varmistaa, ett\u00e4 liit\u00e4nt\u00e4ratkaisusi pysyy ajan tasalla pitk\u00e4lle tulevaisuuteen. <\/p>\n\n<h4 class=\"wp-block-heading\"><strong>Verraton virranjakelu<\/strong><\/h4>\n\n<p>Koe huippuluokan virransy\u00f6tt\u00f6ominaisuudet USB 4.0 Type-C -kaapelilla, joka tuottaa erinomaiset 240 W. T\u00e4m\u00e4 tarkoittaa nopeampaa latausta ja pidemp\u00e4\u00e4 laitteen k\u00e4ytt\u00f6aikaa, mik\u00e4 mahdollistaa keskeytym\u00e4tt\u00f6m\u00e4n yhteyden. <\/p>\n\n<h4 class=\"wp-block-heading\"><strong>Uppoudu poikkeukselliseen visuaaliseen uskollisuuteen<\/strong><\/h4>\n\n<p>Uppoudu upean kirkkaaseen maailmaan, joka tukee jopa 8K-tarkkuutta 60 Hz:n taajuudella. Jokainen yksityiskohta her\u00e4\u00e4 henkiin huomattavalla tarkkuudella, mik\u00e4 palvelee korkean resoluution sis\u00e4ll\u00f6ntuottajia, pelaajia ja viihteen harrastajia. <\/p>\n\n<h4 class=\"wp-block-heading\"><strong>Innovatiivinen virrank\u00e4yt\u00f6n n\u00e4ytt\u00f6<\/strong><\/h4>\n\n<p>Pysy ajan tasalla virrankulutuksesta USB-liit\u00e4nt\u00e4\u00e4n integroidun n\u00e4yt\u00f6n avulla, joka antaa reaaliaikaisia tietoja virrankulutuksesta. Seuraa laitteidesi virrank\u00e4ytt\u00f6\u00e4, jotta latauskokemus olisi tehokkaampi ja hallitumpi. <\/p>\n\n<h4 class=\"wp-block-heading\"><strong>R\u00e4\u00e4t\u00e4l\u00f6ityj\u00e4 ratkaisuja tarpeisiisi<\/strong><\/h4>\n\n<p>Valitse asennukseesi parhaiten sopiva pituus, sill\u00e4 vaihtoehtoja ovat vakiokaapeli 0,8M ja 1,5M tai L-muotoinen kaapeli, joka on saatavana my\u00f6s 0,8M ja 1,5M versioina. Riippumatta siit\u00e4, asetatko etusijalle joustavuuden vai tarvitsetko tilaa s\u00e4\u00e4st\u00e4v\u00e4n ratkaisun, USB 4.0 Type-C -kaapelimme vastaa liit\u00e4nt\u00e4tarpeisiisi. <\/p>\n\n<h4 class=\"wp-block-heading\"><strong>Koe liitett\u00e4vyys ilman kompromisseja<\/strong><\/h4>\n\n<p>Tarkkuudella ja asiantuntemuksella valmistettu USB 4.0 Type-C -kaapelimme on t\u00e4ydellinen kumppani tekniikan harrastajille, luoville ammattilaisille ja jokap\u00e4iv\u00e4isille k\u00e4ytt\u00e4jille, jotka vaativat liit\u00e4nt\u00e4ratkaisuiltaan huippuluokkaa. Syleile rajattomien mahdollisuuksien maailmaa USB 4.0 Type-C -kaapelin avulla. <\/p>\n","protected":false},"excerpt":{"rendered":"<ul>\n<li><strong>40Gbps<\/strong> tiedonsiirtonopeus<\/li>\n<li>Thunderbolt <strong>3<\/strong> &amp; <strong>4<\/strong><\/li>\n<li>Jopa <strong>240W<\/strong> tehonsiirto<\/li>\n<li>Tukee jopa <strong>8K @ 60Hz<\/strong> videol\u00e4hdett\u00e4<\/li>\n<li>Sis\u00e4\u00e4nrakennettu <strong>tehon n\u00e4ytt\u00f6<\/strong><\/li>\n<\/ul>\n[cg_accordion title=\"MAKSUTIEDOT\"]<\/p>\n<p>K\u00e4yt\u00e4mme uusinta tekniikkaa maksujen k\u00e4sittelyss\u00e4, jonka avulla voit tehd\u00e4 maksun pankki- tai luottokortilla tai PayPalilla, mik\u00e4 takaa nopean ja turvallisen kokemuksen.[\/cg_accordion]\n[cg_accordion title=\"TAKUU\"]<\/p>\n<p>2 vuoden takuu <a href=\"https:\/\/droix.net\/\" target=\"_blank\" rel=\"nofollow noopener\">DROIX Global ilta mielenrauhasi vuoksi<\/a> [\/cg_accordion]\n[cg_accordion title=\"HINNOITTELU, VEROT JA TOIMITUKSET\"]<\/p>\n<p><strong><u>Huom:<\/u><\/strong><\/p>\n<ul>\n<li>Yhdysvallat Asiakkaat: Asiakkaat: N\u00e4ytetty hinta EI sis\u00e4ll\u00e4 veroja eik\u00e4 tulleja. Vastuu tulliselvityksest\u00e4 ja siihen liittyvien verojen\/tullien maksamisesta on asiakkaalla. <\/li>\n<li>EU:n asiakkaat: N\u00e4ytetty hinta sis\u00e4lt\u00e4\u00e4 sovellettavan veron, joka voi olla jopa 25 % maastasi riippuen.<\/li>\n<li>Kanada Asiakkaat: N\u00e4ytetty hinta sis\u00e4lt\u00e4\u00e4 sovellettavat verot, joihin voi sis\u00e4lty\u00e4 5 % GST ja ylim\u00e4\u00e4r\u00e4isi\u00e4 maakunnallisia myyntiveroja (PST), harmonisoitua myyntiveroa (HST) tai Quebecin myyntiveroa (QST) maakunnasta riippuen.<\/li>\n<\/ul>\n<p><strong>AINOASTAAN EU:n asiakkaille:<\/strong> Express DDP (Delivered Duty Paid). T\u00e4m\u00e4 tarkoittaa: <\/p>\n<ul>\n<li>Kaikki tullit ja verot sis\u00e4ltyv\u00e4t tuotesivulla ilmoitettuun hintaan.<\/li>\n<li>Sinun ei tarvitse maksaa lis\u00e4maksuja toimituksen yhteydess\u00e4.<\/li>\n<li>Harvinaisissa tulliin liittyviss\u00e4 tapauksissa tiimimme hoitaa tulliselvitysprosessin puolestasi varmistaakseen sujuvan toimituksen.<\/li>\n<p>T\u00e4rke\u00e4\u00e4 tietoa palautuksista:<\/p>\n<li>Jos p\u00e4\u00e4t\u00e4t palauttaa tilauksesi tai pyyt\u00e4\u00e4 palautusta, ota huomioon, ett\u00e4 DDP-ehtojen mukaisesti puolestasi maksettuja veroja ja tulleja ei voida palauttaa.<\/li>\n<p>Katso yksityiskohtaiset tiedot <a href=\"https:\/\/droix.net\/terms-and-conditions\/\" target=\"_blank\" rel=\"nofollow noopener\">k\u00e4ytt\u00f6ehdoistamme<\/a>.\n<\/ul>\n<p>[\/cg_accordion]\n[cg_accordion title=\"ASIAKASTUKI\"]<\/p>\n<p>Onko kysytt\u00e4v\u00e4\u00e4? Olemme lyhyen tekstiviestin p\u00e4\u00e4ss\u00e4 siit\u00e4, ett\u00e4 ongelmasi on ratkaistu! <\/p>\n<p>Katso yksityiskohtaiset tiedot <a href=\"https:\/\/gpdstore.net\/fi\/terms-of-service\/\" target=\"_blank\" rel=\"nofollow noopener\">k\u00e4ytt\u00f6ehdoistamme<\/a>.\n<\/ul>\n<p>[\/cg_accordion]\n[cg_accordion title=\"MIT\u00c4 SIS\u00c4LTYY\"]<\/p>\n<ul>\n<li>1x USB 4.0 Type-C -kaapeli<\/li>\n<\/ul>\n<p>[\/cg_accordion]\n","protected":false},"featured_media":372592,"template":"","meta":{"_acf_changed":false},"product_brand":[],"product_cat":[10091],"product_tag":[12552,18348],"woo-feed-brand":[9971],"class_list":{"0":"post-372172","1":"product","2":"type-product","3":"status-publish","4":"has-post-thumbnail","6":"product_cat-tarvikkeet","7":"product_tag-40bfsale-fi","8":"product_tag-yleiset-tarvikkeet","9":"product_shipping_class-low-end","10":"pa_accessory-type-kaapeli","11":"pa_i-o-video-1x-usb-4-0-type-c-dpn-kautta-8k60hz","12":"woo-feed-brand-droix-fi","14":"first","15":"outofstock","16":"sale","17":"taxable","18":"shipping-taxable","19":"purchasable","20":"product-type-variable","21":"has-default-attributes"},"acf":[],"aioseo_notices":[],"_links":{"self":[{"href":"https:\/\/gpdstore.net\/fi\/wp-json\/wp\/v2\/product\/372172","targetHints":{"allow":["GET"]}}],"collection":[{"href":"https:\/\/gpdstore.net\/fi\/wp-json\/wp\/v2\/product"}],"about":[{"href":"https:\/\/gpdstore.net\/fi\/wp-json\/wp\/v2\/types\/product"}],"wp:featuredmedia":[{"embeddable":true,"href":"https:\/\/gpdstore.net\/fi\/wp-json\/wp\/v2\/media\/372592"}],"wp:attachment":[{"href":"https:\/\/gpdstore.net\/fi\/wp-json\/wp\/v2\/media?parent=372172"}],"wp:term":[{"taxonomy":"product_brand","embeddable":true,"href":"https:\/\/gpdstore.net\/fi\/wp-json\/wp\/v2\/product_brand?post=372172"},{"taxonomy":"product_cat","embeddable":true,"href":"https:\/\/gpdstore.net\/fi\/wp-json\/wp\/v2\/product_cat?post=372172"},{"taxonomy":"product_tag","embeddable":true,"href":"https:\/\/gpdstore.net\/fi\/wp-json\/wp\/v2\/product_tag?post=372172"},{"taxonomy":"woo-feed-brand","embeddable":true,"href":"https:\/\/gpdstore.net\/fi\/wp-json\/wp\/v2\/woo-feed-brand?post=372172"}],"curies":[{"name":"wp","href":"https:\/\/api.w.org\/{rel}","templated":true}]}}