{"id":369818,"date":"2024-01-23T12:16:16","date_gmt":"2024-01-23T12:16:16","guid":{"rendered":"https:\/\/gpdstore.net\/Ei-luokiteltu\/gpd-micro-pc\/"},"modified":"2025-12-23T10:23:57","modified_gmt":"2025-12-23T10:23:57","slug":"gpd-micro-pc","status":"publish","type":"product","link":"https:\/\/gpdstore.net\/fi\/product\/gpd-micro-pc\/","title":{"rendered":"GPD Micro PC UMPC"},"content":{"rendered":"\n<figure class=\"wp-block-video\"><video controls=\"\" muted=\"\" poster=\"https:\/\/gpdstore.net\/wp-content\/uploads\/2024\/01\/gpd-hero.jpg\" src=\"https:\/\/gpdstore.net\/wp-content\/uploads\/2024\/01\/Video-Project-22.mp4\"><\/video><\/figure>\n\n<div class=\"wp-block-columns is-layout-flex wp-container-core-columns-is-layout-28f84493 wp-block-columns-is-layout-flex\">\n<div class=\"wp-block-column is-layout-flow wp-block-column-is-layout-flow\" style=\"flex-basis:33.33%\">\n<figure class=\"wp-block-image size-full\"><img fetchpriority=\"high\" decoding=\"async\" width=\"1200\" height=\"929\" src=\"https:\/\/gpdstore.net\/wp-content\/uploads\/2024\/05\/1271643.jpg\" alt=\"GPD Micro PC, kompakti ja monipuolinen minitietokone, joka on suunniteltu matkan p&#xE4;&#xE4;ll&#xE4; tapahtuvaan tietojenk&#xE4;sittelyyn ja tuottavuuteen.\" class=\"wp-image-1670\" srcset=\"https:\/\/gpdstore.net\/wp-content\/uploads\/2024\/05\/1271643.jpg 1200w, https:\/\/gpdstore.net\/wp-content\/uploads\/2024\/05\/1271643-150x116.jpg 150w, https:\/\/gpdstore.net\/wp-content\/uploads\/2024\/05\/1271643-600x465.jpg 600w, https:\/\/gpdstore.net\/wp-content\/uploads\/2024\/05\/1271643-768x595.jpg 768w, https:\/\/gpdstore.net\/wp-content\/uploads\/2024\/05\/1271643-990x766.jpg 990w, https:\/\/gpdstore.net\/wp-content\/uploads\/2024\/05\/1271643-441x341.jpg 441w\" sizes=\"(max-width: 1200px) 100vw, 1200px\" \/><\/figure>\n<\/div>\n\n\n\n<div class=\"wp-block-column is-layout-flow wp-block-column-is-layout-flow\" style=\"flex-basis:66.66%\">\n<h2 class=\"wp-block-heading\">Monik\u00e4ytt\u00f6inen mobiili tuottavuusv\u00e4line: 6&#8243; MicroPC!<\/h2>\n\n\n\n<p>Vaikka Microsoft Surface Go:ta on juhlittu kompaktina, kevyen\u00e4 ja edullisena voimanpes\u00e4n\u00e4, 6-tuumainen MicroPC vie sen seuraavalle tasolle. Se ei ole ainoastaan pienempi kuin Surface Go, mutta siin\u00e4 on my\u00f6s enemm\u00e4n k\u00e4ytt\u00f6liittymi\u00e4, mik\u00e4 tekee siit\u00e4 uskomattoman monipuolisen laitteen. T\u00e4m\u00e4 k\u00e4mmenen kokoinen ihme, joka on ohuimmasta kohdastaan vain 15 mm ja painaa vain 440 g, on suunniteltu eritt\u00e4in kannettavaksi suorituskyvyst\u00e4 tinkim\u00e4tt\u00e4. L\u00e4mp\u00f6suunnittelun virrankulutuksen ollessa vain 10 W MicroPC tarjoaa Surface Go:n kanssa samantasoisen suorituskyvyn, ja kaikki t\u00e4m\u00e4 edullisempaan hintaan. MicroPC on ihanteellinen kaikkien alojen ammattilaisille, ja se on mobiilin tuottavuuden perimm\u00e4inen ty\u00f6kalu!<\/p>\n<\/div>\n<\/div>\n\n<h2 class=\"wp-block-heading has-text-align-center\">\u00c4\u00e4rimm\u00e4inen siirrett\u00e4vyys ja k\u00e4yt\u00e4nn\u00f6llinen muotoilu: GPD Micro PC:n tekniset tiedot ja muototekij\u00e4<\/h2>\n\n<div class=\"wp-block-columns is-layout-flex wp-container-core-columns-is-layout-28f84493 wp-block-columns-is-layout-flex\">\n<div class=\"wp-block-column is-layout-flow wp-block-column-is-layout-flow\">\n<figure class=\"wp-block-image size-full is-resized\"><img decoding=\"async\" width=\"1000\" height=\"899\" src=\"https:\/\/gpdstore.net\/wp-content\/uploads\/2024\/05\/714PPtewL._AC_UF10001000_QL80_.jpg\" alt=\"GPD Micro PC, jossa on 6-tuumainen IPS-n&#xE4;ytt&#xF6;, ihanteellinen kannettaviin tietokoneisiin ja multimediateht&#xE4;viin.\" class=\"wp-image-1675\" style=\"width:299px;height:auto\" srcset=\"https:\/\/gpdstore.net\/wp-content\/uploads\/2024\/05\/714PPtewL._AC_UF10001000_QL80_.jpg 1000w, https:\/\/gpdstore.net\/wp-content\/uploads\/2024\/05\/714PPtewL._AC_UF10001000_QL80_-150x135.jpg 150w, https:\/\/gpdstore.net\/wp-content\/uploads\/2024\/05\/714PPtewL._AC_UF10001000_QL80_-600x539.jpg 600w, https:\/\/gpdstore.net\/wp-content\/uploads\/2024\/05\/714PPtewL._AC_UF10001000_QL80_-768x690.jpg 768w, https:\/\/gpdstore.net\/wp-content\/uploads\/2024\/05\/714PPtewL._AC_UF10001000_QL80_-990x890.jpg 990w, https:\/\/gpdstore.net\/wp-content\/uploads\/2024\/05\/714PPtewL._AC_UF10001000_QL80_-441x396.jpg 441w\" sizes=\"(max-width: 1000px) 100vw, 1000px\" \/><\/figure>\n\n\n\n<h3 class=\"wp-block-heading\">Perimm\u00e4inen Pocket PC: Miksi 6-tuumainen muototekij\u00e4 on t\u00e4ydellinen digitaalisille nomadeille<\/h3>\n\n\n\n<p>T\u00e4m\u00e4 mini-PC on kooltaan vain 6 tuumaa kertaa 4 tuumaa ja painaa vain 440 grammaa, joten se sopii t\u00e4ydellisesti ammattilaisille, opiskelijoille ja digitaalisille nomadeille, jotka ovat aina liikkeell\u00e4. Neliytiminen Intel-prosessori, 8 <a href=\"https:\/\/gpdstore.net\/fi\/product-attribute\/memory-ram-capacity\/8gb-fi\/\" target=\"_blank\" rel=\"noreferrer noopener\">Gt RAM-muistia<\/a> ja 256 Gt, <a href=\"https:\/\/gpdstore.net\/fi\/product-attribute\/storage-capacity\/256-gt\/\" target=\"_blank\" data-type=\"link\" data-id=\"https:\/\/gpdstore.net\/product-attribute\/storage-capacity\/256gb\/\" rel=\"noreferrer noopener\">512 Gt tai<\/a> 1 Tt <a href=\"https:\/\/gpdstore.net\/fi\/product-attribute\/storage-capacity\/512-gt\/\" target=\"_blank\" rel=\"noreferrer noopener\">tallennustila<\/a> <a href=\"https:\/\/gpdstore.net\/fi\/product-attribute\/storage-capacity\/1tb-fi\/\" target=\"_blank\" rel=\"noreferrer noopener\">takaavat<\/a> nopean suorituskyvyn moniteht\u00e4v\u00e4ss\u00e4 ja viihdeohjelmissa korkean resoluution n\u00e4yt\u00f6ll\u00e4.<\/p>\n<\/div>\n\n\n\n<div class=\"wp-block-column is-layout-flow wp-block-column-is-layout-flow\">\n<figure class=\"wp-block-image size-full\"><img decoding=\"async\" width=\"300\" height=\"300\" src=\"https:\/\/gpdstore.net\/wp-content\/uploads\/2024\/05\/078e6b89-8d78-4318-bf09-8caf8fecef63.__CR1800840840_PT0_SX300_V1___.jpg\" alt=\"GPD Micro PC, joka on suunniteltu iskunkest&#xE4;v&#xE4;ksi ja kest&#xE4;v&#xE4;ksi erilaisissa ymp&#xE4;rist&#xF6;iss&#xE4;.\" class=\"wp-image-1672\" srcset=\"https:\/\/gpdstore.net\/wp-content\/uploads\/2024\/05\/078e6b89-8d78-4318-bf09-8caf8fecef63.__CR1800840840_PT0_SX300_V1___.jpg 300w, https:\/\/gpdstore.net\/wp-content\/uploads\/2024\/05\/078e6b89-8d78-4318-bf09-8caf8fecef63.__CR1800840840_PT0_SX300_V1___-150x150.jpg 150w, https:\/\/gpdstore.net\/wp-content\/uploads\/2024\/05\/078e6b89-8d78-4318-bf09-8caf8fecef63.__CR1800840840_PT0_SX300_V1___-100x100.jpg 100w\" sizes=\"(max-width: 300px) 100vw, 300px\" \/><\/figure>\n\n\n\n<h3 class=\"wp-block-heading\"><strong>Ilmailulaatuinen ABS-kuori: GPD Micro PC:n kest\u00e4vyyden ja suojan tarkastelu<\/strong><\/h3>\n\n\n\n<p>Valmistettu Etel\u00e4-Koreasta tuodusta huippuluokan anti-shock ilmailulaatuisesta ABS-synteettisest\u00e4 hartsista LG-DOW 121H, t\u00e4m\u00e4 materiaali tarjoaa poikkeuksellista kest\u00e4vyytt\u00e4 ja suojaa. Huomattavan 1 mm:n paksuuden ansiosta se on liekinkest\u00e4v\u00e4, kuumuudenkest\u00e4v\u00e4 ja V-0-luokituksen mukainen paloturvallinen. Sen vaikuttava Rockwellin kovuus on jopa 109 R ja taivutuslujuus 26000 kg\/cm\u00b2.<\/p>\n<\/div>\n\n\n\n<div class=\"wp-block-column is-layout-flow wp-block-column-is-layout-flow\">\n<figure class=\"wp-block-image size-full\"><img loading=\"lazy\" decoding=\"async\" width=\"300\" height=\"300\" src=\"https:\/\/gpdstore.net\/wp-content\/uploads\/2024\/05\/84908091-c530-4179-9369-d0a566b13ce8.__CR1260949949_PT0_SX300_V1___.jpg\" alt=\"GPD Micro PC, jossa on tuki laajennetuille oheislaitteille ja joka mahdollistaa monipuoliset liit&#xE4;nn&#xE4;t ja toiminnot kompaktissa muodossa.\" class=\"wp-image-1674\" srcset=\"https:\/\/gpdstore.net\/wp-content\/uploads\/2024\/05\/84908091-c530-4179-9369-d0a566b13ce8.__CR1260949949_PT0_SX300_V1___.jpg 300w, https:\/\/gpdstore.net\/wp-content\/uploads\/2024\/05\/84908091-c530-4179-9369-d0a566b13ce8.__CR1260949949_PT0_SX300_V1___-150x150.jpg 150w, https:\/\/gpdstore.net\/wp-content\/uploads\/2024\/05\/84908091-c530-4179-9369-d0a566b13ce8.__CR1260949949_PT0_SX300_V1___-100x100.jpg 100w\" sizes=\"(max-width: 300px) 100vw, 300px\" \/><\/figure>\n\n\n\n<h3 class=\"wp-block-heading\"><strong>Tallennustilan ja toiminnallisuuden laajentaminen: USB 3.0- ja Micro SD-korttipaikan k\u00e4ytt\u00e4minen.<\/strong><\/h3>\n\n\n\n<p>Laitteessa on kolme USB 3.0 -liit\u00e4nt\u00e4\u00e4 ja Micro SD -paikka, joten siihen voidaan liitt\u00e4\u00e4 jopa nelj\u00e4 ulkoista tallennuslaitetta, mik\u00e4 tarjoaa l\u00e4hes rajattoman tallennuskapasiteetin. Mutta monipuolisuus ei lopu t\u00e4h\u00e4n. Kun voit liitt\u00e4\u00e4 lis\u00e4\u00e4 oheislaitteita keskittimen kautta, voit mukauttaa kokoonpanon tarpeidesi mukaan, olipa kyse sitten tuottavuuden parantamisesta tai toimintojen laajentamisesta.<\/p>\n<\/div>\n<\/div>\n\n<figure class=\"wp-block-image size-large\"><img loading=\"lazy\" decoding=\"async\" width=\"1200\" height=\"563\" src=\"https:\/\/gpdstore.net\/wp-content\/uploads\/2024\/05\/1068053-1200x563.jpg\" alt=\"GPD Micro PC, pienikokoinen ja tehokas minitietokone, joka on ihanteellinen mobiiliin tietojenk&#xE4;sittelyyn ja tuottavuuteen matkalla.\" class=\"wp-image-1678\" srcset=\"https:\/\/gpdstore.net\/wp-content\/uploads\/2024\/05\/1068053-1200x563.jpg 1200w, https:\/\/gpdstore.net\/wp-content\/uploads\/2024\/05\/1068053-150x70.jpg 150w, https:\/\/gpdstore.net\/wp-content\/uploads\/2024\/05\/1068053-600x281.jpg 600w, https:\/\/gpdstore.net\/wp-content\/uploads\/2024\/05\/1068053-768x360.jpg 768w, https:\/\/gpdstore.net\/wp-content\/uploads\/2024\/05\/1068053-1536x720.jpg 1536w, https:\/\/gpdstore.net\/wp-content\/uploads\/2024\/05\/1068053-990x464.jpg 990w, https:\/\/gpdstore.net\/wp-content\/uploads\/2024\/05\/1068053-441x207.jpg 441w, https:\/\/gpdstore.net\/wp-content\/uploads\/2024\/05\/1068053.jpg 1920w\" sizes=\"(max-width: 1200px) 100vw, 1200px\" \/><\/figure>\n\n<p><br\/>Koe huippuluokan suorituskyky kompaktissa paketissa GPD Micro PC:n avulla. T\u00e4m\u00e4 Windows 10 PRO -minikannettava on r\u00e4\u00e4t\u00e4l\u00f6ity niille, jotka etsiv\u00e4t nopeaa ja tehokasta teollisuustietokonetta, jossa on vankat viestint\u00e4portit.<\/p>\n\n<figure class=\"wp-block-image size-large\"><img loading=\"lazy\" decoding=\"async\" width=\"1200\" height=\"600\" src=\"https:\/\/gpdstore.net\/wp-content\/uploads\/2024\/05\/MicroPC-1200x600.jpg\" alt=\"GPD Micro PC, pieni mutta tehokas kannettava tietokone, joka on suunniteltu monipuolisiin laskentateht&#xE4;viin.\" class=\"wp-image-1677\" srcset=\"https:\/\/gpdstore.net\/wp-content\/uploads\/2024\/05\/MicroPC-1200x600.jpg 1200w, https:\/\/gpdstore.net\/wp-content\/uploads\/2024\/05\/MicroPC-150x75.jpg 150w, https:\/\/gpdstore.net\/wp-content\/uploads\/2024\/05\/MicroPC-600x300.jpg 600w, https:\/\/gpdstore.net\/wp-content\/uploads\/2024\/05\/MicroPC-768x384.jpg 768w, https:\/\/gpdstore.net\/wp-content\/uploads\/2024\/05\/MicroPC-1536x768.jpg 1536w, https:\/\/gpdstore.net\/wp-content\/uploads\/2024\/05\/MicroPC-990x495.jpg 990w, https:\/\/gpdstore.net\/wp-content\/uploads\/2024\/05\/MicroPC-441x221.jpg 441w, https:\/\/gpdstore.net\/wp-content\/uploads\/2024\/05\/MicroPC.jpg 1920w\" sizes=\"(max-width: 1200px) 100vw, 1200px\" \/><\/figure>\n\n<p>Nopealla Intel\u00ae Celeron\u00ae N4120 Quad Core -suorittimella varustettu <a href=\"https:\/\/gpdstore.net\/fi\/product-attribute\/memory-ram-technology\/lpddr4-fi\/\" target=\"_blank\" rel=\"noreferrer noopener\">Micro PC<\/a> tarjoaa vaikuttavan suorituskyvyn, sill\u00e4 sen turbotaajuus on jopa 2,6 GHz ja sen tukena on 8 Gt nopeaa <a href=\"https:\/\/gpdstore.net\/fi\/product-attribute\/memory-ram-capacity\/8gb-fi\/\" target=\"_blank\" rel=\"noreferrer noopener\">LPDDR4-<\/a> muistia. Valitse kolmesta tallennusvaihtoehdosta: <a href=\"https:\/\/gpdstore.net\/fi\/product-attribute\/storage-capacity\/1tb-fi\/\" target=\"_blank\" rel=\"noreferrer noopener\">M.2<\/a> NGFF <a href=\"https:\/\/gpdstore.net\/fi\/product-attribute\/storage-capacity\/256-gt\/\" target=\"_blank\" rel=\"noreferrer noopener\">256GB,<\/a> 512GB <a href=\"https:\/\/gpdstore.net\/fi\/product-attribute\/storage-capacity\/512-gt\/\" target=\"_blank\" rel=\"noreferrer noopener\">tai 1TB<\/a>. SATA SSD -levy, jonka voi p\u00e4ivitt\u00e4\u00e4 my\u00f6hemmin.<\/p>\n\n<p>Liitett\u00e4vyys on huippuominaisuus, joka kilpailee jopa t\u00e4ysikokoisten teollisuus-PC:iden kanssa: kolme USB 3.0 Type A -porttia, yksi USB Type C -portti, RS232-sarjaportti, RJ45 1GB\/s Ethernet-portti, HDMI-portti ja MicroSD-kortinlukija. Langattomiin vaihtoehtoihin kuuluvat 802.11b\/g\/n\/ac, 2.4G\/5G Dual-band Wi-Fi ja Bluetooth 4.2.<\/p>\n\n<p>Micro PC:n 6-tuumaisen n\u00e4yt\u00f6n resoluutio on 1280&#215;720, ja se on suojattu naarmuuntumattomalla Corning Gorilla Glass 4 -lasilla. Tehokkaasta laitteistostaan huolimatta laite on kompakti, sill\u00e4 sen mitat ovat suljettuna vain 6&#8243; x 4,4&#8243; x 0,9&#8243; &#8211; tarpeeksi pieni mahtuakseen taskuun tai pieneen laukkuun.<\/p>\n\n<p>GPD Micro tarjoaa erinomaisen mikrotietokonekokemuksen, poikkeuksellisen siirrett\u00e4vyyden, laajan liitett\u00e4vyyden ja suorituskykyiset ominaisuudet, joten se on ihanteellinen valinta Windows 10 -mikrotietokoneiden harrastajille&#8230;.<\/p>\n\n<figure class=\"wp-block-image size-large\"><img loading=\"lazy\" decoding=\"async\" width=\"1200\" height=\"500\" src=\"https:\/\/gpdstore.net\/wp-content\/uploads\/2024\/05\/1068559-1200x500.jpg\" alt=\"GPD Micro PC, kompakti ja vankka minitietokone, joka sopii t&#xE4;ydellisesti liikkuvaan tietojenk&#xE4;sittelyyn ja tuottavuuteen.\" class=\"wp-image-1676\" srcset=\"https:\/\/gpdstore.net\/wp-content\/uploads\/2024\/05\/1068559-1200x500.jpg 1200w, https:\/\/gpdstore.net\/wp-content\/uploads\/2024\/05\/1068559-150x63.jpg 150w, https:\/\/gpdstore.net\/wp-content\/uploads\/2024\/05\/1068559-600x250.jpg 600w, https:\/\/gpdstore.net\/wp-content\/uploads\/2024\/05\/1068559-768x320.jpg 768w, https:\/\/gpdstore.net\/wp-content\/uploads\/2024\/05\/1068559-1536x640.jpg 1536w, https:\/\/gpdstore.net\/wp-content\/uploads\/2024\/05\/1068559-990x413.jpg 990w, https:\/\/gpdstore.net\/wp-content\/uploads\/2024\/05\/1068559-441x184.jpg 441w, https:\/\/gpdstore.net\/wp-content\/uploads\/2024\/05\/1068559.jpg 1920w\" sizes=\"(max-width: 1200px) 100vw, 1200px\" \/><\/figure>\n","protected":false},"excerpt":{"rendered":"<ul>\n<li>R\u00e4\u00e4t\u00e4l\u00f6ity IT-ammattilaisille<\/li>\n<li>Intelin piirisarja N4120<\/li>\n<li>Windows 10 <strong>Pro<\/strong><\/li>\n<li>RS-232 sarjaportti<\/li>\n<li>Dual-Band Wi-Fi &amp; 1 Gigabit RJ45 -portti<\/li>\n<\/ul>\n<p>[cg_accordion title=\"MAKSUTIEDOT\"]  K\u00e4yt\u00e4mme uusinta tekniikkaa maksujen k\u00e4sittelyss\u00e4, jonka avulla voit tehd\u00e4 maksun pankki- tai luottokortilla tai PayPalilla, mik\u00e4 takaa nopean ja turvallisen kokemuksen.[\/cg_accordion] [cg_accordion title=\"TAKUU\"]  2 vuoden takuu <a href=\"https:\/\/droix.net\/\" target=\"_blank\" rel=\"nofollow noopener\">DROIX Global ilta mielenrauhasi vuoksi<\/a> [\/cg_accordion] [cg_accordion title=\"LAADUNVARMISTUS JA L\u00c4HETYST\u00c4 EDELT\u00c4V\u00c4 TESTAUS\"]  Asiakastyytyv\u00e4isyyden varmistaminen korkeimmalla tasolla: Jokainen laite testataan tiukasti ja sille tehd\u00e4\u00e4n monipisteinen laadunvarmistustarkastus ennen sen l\u00e4hett\u00e4mist\u00e4. Asialle omistautunut tiimimme tarkistaa suorituskyvyn, toimivuuden ja komponenttien eheyden, jotta GPD-laitteesi on saapuessaan t\u00e4ydellisess\u00e4 toimintakunnossa, mik\u00e4 antaa sinulle luottamusta ja mielenrauhaa. [\/cg_accordion] [cg_accordion title=\"PRICING, TAXES AND SHIPPING\"] <strong><u>Huom:<\/u><\/strong><\/p>\n<ul>\n<li>Yhdysvallat Asiakkaat: Asiakkaat: N\u00e4ytetty hinta EI sis\u00e4ll\u00e4 veroja eik\u00e4 tulleja. Vastuu tulliselvityksest\u00e4 ja siihen liittyvien verojen\/tullien maksamisesta on asiakkaalla. <\/li>\n<li>EU:n asiakkaat: N\u00e4ytetty hinta sis\u00e4lt\u00e4\u00e4 sovellettavan veron, joka voi olla jopa 25 % maastasi riippuen.<\/li>\n<li>Kanada Asiakkaat: N\u00e4ytetty hinta sis\u00e4lt\u00e4\u00e4 sovellettavat verot, joihin voi sis\u00e4lty\u00e4 5 % GST ja ylim\u00e4\u00e4r\u00e4isi\u00e4 maakunnallisia myyntiveroja (PST), harmonisoitua myyntiveroa (HST) tai Quebecin myyntiveroa (QST) maakunnasta riippuen.<\/li>\n<\/ul>\n<p><strong>AINOASTAAN EU:n asiakkaille:<\/strong> Express DDP (Delivered Duty Paid). T\u00e4m\u00e4 tarkoittaa: <\/p>\n<ul>\n<li style=\"list-style-type: none;\">\n<ul>\n<li>Kaikki tullit ja verot sis\u00e4ltyv\u00e4t tuotesivulla ilmoitettuun hintaan.<\/li>\n<li>Sinun ei tarvitse maksaa lis\u00e4maksuja toimituksen yhteydess\u00e4.<\/li>\n<li>Harvinaisissa tulliin liittyviss\u00e4 tapauksissa tiimimme hoitaa tulliselvitysprosessin puolestasi varmistaakseen sujuvan toimituksen.<\/li>\n<p>T\u00e4rke\u00e4\u00e4 tietoa palautuksista:<\/p>\n<li>Jos p\u00e4\u00e4t\u00e4t palauttaa tilauksesi tai pyyt\u00e4\u00e4 palautusta, ota huomioon, ett\u00e4 DDP-ehtojen mukaisesti puolestasi maksettuja veroja ja tulleja ei voida palauttaa.<\/li>\n<p>Tutustu meid\u00e4n<\/ul>\n<\/li>\n<\/ul>\n<p><a href=\"https:\/\/droix.net\/terms-and-conditions\/\" target=\"_blank\" rel=\"nofollow noopener\">Ehdot ja edellytykset<\/a><\/p>\n<ul>yksityiskohtaisia tietoja.<\/ul>\n<p>[\/cg_accordion] [cg_accordion title=\"ASIAKASTUKI\"]  Onko kysytt\u00e4v\u00e4\u00e4? Olemme lyhyen tekstiviestin p\u00e4\u00e4ss\u00e4 siit\u00e4, ett\u00e4 ongelmasi on ratkaistu!  Katso yksityiskohtaiset tiedot <a href=\"https:\/\/gpdstore.net\/fi\/terms-of-service\/\" target=\"_blank\" rel=\"nofollow noopener\">k\u00e4ytt\u00f6ehdoistamme<\/a>.  [\/cg_accordion] [cg_accordion title=\"WHAT'S INCLUDED\"]<\/p>\n<ul>\n<li>1x GPD Micro PC<\/li>\n<li>1x virtal\u00e4hde<\/li>\n<li>1x USB Type-C-kaapeli<\/li>\n<li>1x K\u00e4ytt\u00f6ohje<\/li>\n<\/ul>\n<p>[\/cg_accordion]<\/p>\n","protected":false},"featured_media":310468,"template":"","meta":{"_acf_changed":false},"product_brand":[],"product_cat":[10156],"product_tag":[16607,17793],"woo-feed-brand":[9922],"class_list":{"0":"post-369818","1":"product","2":"type-product","3":"status-publish","4":"has-post-thumbnail","6":"product_cat-gpd-mini-kannettavat-tietokoneet","7":"product_tag-10xmsale-fi","8":"product_tag-gpd-micro-pc-fi","9":"product_shipping_class-standard","10":"pa_bluetooth-4-2-fi","11":"pa_brand-gpd","12":"pa_graphics-gpu-model-uhd-graphics-600-fi","13":"pa_i-o-video-1x-hdmi-2-0-tyyppi-a","14":"pa_memory-ram-capacity-8gb-fi","15":"pa_memory-ram-technology-lpddr4-fi","16":"pa_processor-cpu-model-celeron-n4120-processor","17":"pa_storage-capacity-256-gt","18":"pa_storage-capacity-256gb","19":"pa_storage-capacity-512-gt","20":"pa_storage-capacity-512gb","21":"pa_storage-capacity-1tb","22":"pa_storage-capacity-1tb-fi","23":"pa_storage-technology-m-2-2242-ssd-fi","24":"pa_wi-fi-2-4g-5g-dual-band-fi","25":"woo-feed-brand-gpd-fi","27":"first","28":"outofstock","29":"sale","30":"taxable","31":"shipping-taxable","32":"purchasable","33":"product-type-variable","34":"has-default-attributes"},"acf":[],"aioseo_notices":[],"_links":{"self":[{"href":"https:\/\/gpdstore.net\/fi\/wp-json\/wp\/v2\/product\/369818","targetHints":{"allow":["GET"]}}],"collection":[{"href":"https:\/\/gpdstore.net\/fi\/wp-json\/wp\/v2\/product"}],"about":[{"href":"https:\/\/gpdstore.net\/fi\/wp-json\/wp\/v2\/types\/product"}],"wp:featuredmedia":[{"embeddable":true,"href":"https:\/\/gpdstore.net\/fi\/wp-json\/wp\/v2\/media\/310468"}],"wp:attachment":[{"href":"https:\/\/gpdstore.net\/fi\/wp-json\/wp\/v2\/media?parent=369818"}],"wp:term":[{"taxonomy":"product_brand","embeddable":true,"href":"https:\/\/gpdstore.net\/fi\/wp-json\/wp\/v2\/product_brand?post=369818"},{"taxonomy":"product_cat","embeddable":true,"href":"https:\/\/gpdstore.net\/fi\/wp-json\/wp\/v2\/product_cat?post=369818"},{"taxonomy":"product_tag","embeddable":true,"href":"https:\/\/gpdstore.net\/fi\/wp-json\/wp\/v2\/product_tag?post=369818"},{"taxonomy":"woo-feed-brand","embeddable":true,"href":"https:\/\/gpdstore.net\/fi\/wp-json\/wp\/v2\/woo-feed-brand?post=369818"}],"curies":[{"name":"wp","href":"https:\/\/api.w.org\/{rel}","templated":true}]}}