{"id":369540,"date":"2023-11-17T16:30:05","date_gmt":"2023-11-17T16:30:05","guid":{"rendered":"https:\/\/gpdstore.net\/Ei-luokiteltu\/gpd-win-max-2-2023-pelikayttoon-tarkoitettu-kannettava-tietokone\/"},"modified":"2025-12-19T16:31:48","modified_gmt":"2025-12-19T16:31:48","slug":"gpd-win-max-2-2023","status":"publish","type":"product","link":"https:\/\/gpdstore.net\/fi\/product\/gpd-win-max-2-2023\/","title":{"rendered":"GPD WIN MAX 2 2023 pelik\u00e4ytt\u00f6\u00f6n tarkoitettu kannettava tietokone"},"content":{"rendered":"\n<figure class=\"wp-block-video\"><video controls=\"\" muted=\"\" poster=\"https:\/\/gpdstore.net\/wp-content\/uploads\/2024\/03\/q2hzxpbiybborpwbpolh-ezgif.com-webp-to-png-converter.png\" src=\"https:\/\/gpdstore.net\/wp-content\/uploads\/2024\/05\/gpd-win-max-2.mp4\"><\/video><\/figure>\n\n<div class=\"wp-block-columns is-layout-flex wp-container-core-columns-is-layout-28f84493 wp-block-columns-is-layout-flex\">\n<div class=\"wp-block-column is-layout-flow wp-block-column-is-layout-flow\" style=\"flex-basis:33.33%\">\n<figure class=\"wp-block-image size-full\"><img fetchpriority=\"high\" decoding=\"async\" width=\"669\" height=\"582\" src=\"https:\/\/gpdstore.net\/wp-content\/uploads\/2024\/05\/7044098-1.png\" alt=\"gpd win max 2\" class=\"wp-image-1642\" srcset=\"https:\/\/gpdstore.net\/wp-content\/uploads\/2024\/05\/7044098-1.png 669w, https:\/\/gpdstore.net\/wp-content\/uploads\/2024\/05\/7044098-1-150x130.png 150w, https:\/\/gpdstore.net\/wp-content\/uploads\/2024\/05\/7044098-1-600x522.png 600w, https:\/\/gpdstore.net\/wp-content\/uploads\/2024\/05\/7044098-1-441x384.png 441w\" sizes=\"(max-width: 669px) 100vw, 669px\" \/><\/figure>\n<\/div>\n\n\n\n<div class=\"wp-block-column is-layout-flow wp-block-column-is-layout-flow\" style=\"flex-basis:66.66%\">\n<h2 class=\"wp-block-heading\"><strong>GPD WIN MAX 2 2023 Handheld Gaming PC &#8211; AMD Ryzen 7 7840U (Zen 4), 10.1&#8243; 2.5K Display, 64GB RAM, OcuLink Support<\/strong><\/h2>\n\n\n\n<p>Why pay 2025 flagship prices when the GPD WIN MAX 2 2023 remains a top-tier contender? Powered by the legendary AMD Ryzen 7 7840U, this device is the ultimate &#8220;Silicon Sweet Spot&#8221; for gamers and professionals who demand 2.5K resolution and desktop-grade multitasking without the 2025 premium.<\/p>\n<\/div>\n<\/div>\n\n<h2 class=\"wp-block-heading has-text-align-center\">Engineered for Excellence: Monipuolisuus ja \u00e4lyk\u00e4s j\u00e4\u00e4hdytys.<\/h2>\n\n<div class=\"wp-block-columns is-layout-flex wp-container-core-columns-is-layout-28f84493 wp-block-columns-is-layout-flex\">\n<div class=\"wp-block-column is-layout-flow wp-block-column-is-layout-flow\">\n<figure class=\"wp-block-image size-full\"><img decoding=\"async\" width=\"300\" height=\"300\" src=\"https:\/\/gpdstore.net\/wp-content\/uploads\/2024\/05\/074b1b41-54da-4de3-8a68-9035e22feb91.__CR880899899_PT0_SX300_V1___-1.jpg\" alt=\"painikkeen poisto gpd win max 2:lle\" class=\"wp-image-1643\" srcset=\"https:\/\/gpdstore.net\/wp-content\/uploads\/2024\/05\/074b1b41-54da-4de3-8a68-9035e22feb91.__CR880899899_PT0_SX300_V1___-1.jpg 300w, https:\/\/gpdstore.net\/wp-content\/uploads\/2024\/05\/074b1b41-54da-4de3-8a68-9035e22feb91.__CR880899899_PT0_SX300_V1___-1-150x150.jpg 150w, https:\/\/gpdstore.net\/wp-content\/uploads\/2024\/05\/074b1b41-54da-4de3-8a68-9035e22feb91.__CR880899899_PT0_SX300_V1___-1-100x100.jpg 100w\" sizes=\"(max-width: 300px) 100vw, 300px\" \/><\/figure>\n\n\n\n<h3 class=\"wp-block-heading\"><strong><strong><strong>Hall-anturin etu:<\/strong> Miten magneettinen induktio poistaa &#8220;keppien ajautumisen&#8221; ja fyysisen kulumisen.<\/strong><\/strong><\/h3>\n\n\n\n<p>Perinteinen potentiometritikku, joka luottaa vastusharjaan j\u00e4nnitesignaalin luomiseksi, on altis \u201dajautumisongelmille\u201d, jotka johtuvat kulumisesta pitk\u00e4aikaisessa k\u00e4yt\u00f6ss\u00e4. WIN Max 2 2023:n my\u00f6t\u00e4 olemme ensimm\u00e4ist\u00e4 kertaa tuoneet markkinoille Hall-anturitikut, joissa on sis\u00e4\u00e4nrakennettu induktanssikela. Magneettisen induktion toimintaperiaate (eri magneettivuo syntyy, kun keppi py\u00f6rii eri asentoihin, mik\u00e4 puolestaan tuottaa erilaisia j\u00e4nnitesignaaleja) m\u00e4\u00e4r\u00e4\u00e4 sen, ett\u00e4 Hall-anturikepit eiv\u00e4t kulu, eik\u00e4 niiss\u00e4 n\u00e4in ollen esiinny keppien ajautumista.<\/p>\n<\/div>\n\n\n\n<div class=\"wp-block-column is-layout-flow wp-block-column-is-layout-flow\">\n<figure class=\"wp-block-image size-full\"><img decoding=\"async\" src=\"https:\/\/gpdstore.net\/wp-content\/uploads\/\" alt=\"magneettikannet gpd:t&#xE4; varten\" class=\"wp-image-1645\"\/><\/figure>\n\n\n\n<h3 class=\"wp-block-heading\"><strong><strong><strong><strong>Magnetic Stealth Covers:<\/strong> Hide the joysticks for a clean, professional look in meetings.<\/strong><\/strong><\/strong><\/h3>\n\n\n\n<p>K\u00e4dess\u00e4 pidett\u00e4v\u00e4\u00e4n pelitietokoneeseen sis\u00e4\u00e4nrakennettu peliohjain voi tehd\u00e4 siit\u00e4 sopimattoman ty\u00f6paikalle! Ongelman ratkaisemiseksi lis\u00e4simme WIN Max 2 2023:een kaksi tikun suojusta. Magneettinen muotoilu varmistaa, etteiv\u00e4t n\u00e4m\u00e4 kaksi suojusta putoa irti laitetta k\u00e4ytett\u00e4ess\u00e4. Kun pelaat pelej\u00e4, voit my\u00f6s pakata kannet takalokeroon, mik\u00e4 auttaa est\u00e4m\u00e4\u00e4n vahingossa tapahtuvan katoamisen!<\/p>\n<\/div>\n\n\n\n<div class=\"wp-block-column is-layout-flow wp-block-column-is-layout-flow\">\n<figure class=\"wp-block-image size-full\"><img decoding=\"async\" width=\"300\" height=\"300\" src=\"https:\/\/gpdstore.net\/wp-content\/uploads\/2024\/05\/5f397565-522a-44f6-910c-e7d2cec4ed88.__CR107012291229_PT0_SX300_V1___-1.jpg\" alt=\"j&#xE4;&#xE4;hdytys win max 2\" class=\"wp-image-1646\" srcset=\"https:\/\/gpdstore.net\/wp-content\/uploads\/2024\/05\/5f397565-522a-44f6-910c-e7d2cec4ed88.__CR107012291229_PT0_SX300_V1___-1.jpg 300w, https:\/\/gpdstore.net\/wp-content\/uploads\/2024\/05\/5f397565-522a-44f6-910c-e7d2cec4ed88.__CR107012291229_PT0_SX300_V1___-1-150x150.jpg 150w, https:\/\/gpdstore.net\/wp-content\/uploads\/2024\/05\/5f397565-522a-44f6-910c-e7d2cec4ed88.__CR107012291229_PT0_SX300_V1___-1-100x100.jpg 100w\" sizes=\"(max-width: 300px) 100vw, 300px\" \/><\/figure>\n\n\n\n<h3 class=\"wp-block-heading\"><strong><strong>Kehittynyt laitteisto:<\/strong> L\u00e4mp\u00f6johtimet: Korkean suorituskyvyn turbofanin ja kahden l\u00e4mp\u00f6putken hy\u00f6dynt\u00e4minen vankan ilmavirran aikaansaamiseksi.<\/strong><\/h3>\n\n\n\n<p>GPD WIN MAX 2 2023:ssa on parannettu PC-luokan j\u00e4\u00e4hdytysj\u00e4rjestelm\u00e4, jossa on suuri turbofan + kaksi l\u00e4mp\u00f6putkea, joissa on suuri sivuttaisilmapuhallus ja eritt\u00e4in \u00e4lyk\u00e4s nopeuden s\u00e4\u00e4t\u00f6. Kun sis\u00e4l\u00e4mp\u00f6tila on alle 40 \u00b0C, tuulettimen nopeus ei ylit\u00e4 20 % maksimitehosta. Kun sis\u00e4l\u00e4mp\u00f6tila nousee yli 40 \u00b0C:n, tuulettimen nopeus nousee 2 %:n PWM-askeleilla, kunnes se saavuttaa maksimikynnyksen (100 %).<\/p>\n<\/div>\n<\/div>\n\n<h3 class=\"wp-block-heading\"><strong>VISUAALINEN ILO: 10,1 TUUMAN KOSKETUSN\u00c4YTT\u00d6<\/strong><\/h3>\n\n<figure class=\"wp-block-image size-large\"><img loading=\"lazy\" decoding=\"async\" width=\"1200\" height=\"782\" src=\"https:\/\/gpdstore.net\/wp-content\/uploads\/2024\/05\/7044066-1-1200x782.png\" alt=\"GPD win max PC:ll&#xE4;\" class=\"wp-image-1648\" srcset=\"https:\/\/gpdstore.net\/wp-content\/uploads\/2024\/05\/7044066-1-1200x782.png 1200w, https:\/\/gpdstore.net\/wp-content\/uploads\/2024\/05\/7044066-1-150x98.png 150w, https:\/\/gpdstore.net\/wp-content\/uploads\/2024\/05\/7044066-1-600x391.png 600w, https:\/\/gpdstore.net\/wp-content\/uploads\/2024\/05\/7044066-1-768x501.png 768w, https:\/\/gpdstore.net\/wp-content\/uploads\/2024\/05\/7044066-1-990x645.png 990w, https:\/\/gpdstore.net\/wp-content\/uploads\/2024\/05\/7044066-1-441x287.png 441w, https:\/\/gpdstore.net\/wp-content\/uploads\/2024\/05\/7044066-1.png 1442w\" sizes=\"(max-width: 1200px) 100vw, 1200px\" \/><\/figure>\n\n<p>Valmistaudu h\u00e4mm\u00e4stym\u00e4\u00e4n GPD WIN MAX 2 2023:n 10,1 tuuman 10-pisteen Touch Control -kosketusn\u00e4yt\u00f6st\u00e4. 16:10-kuvasuhteen ja 1920&#215;1200-resoluution ansiosta t\u00e4m\u00e4 elinvoimainen n\u00e4ytt\u00f6 tarjoaa upeaa visuaalista kuvaa. Se tukee jopa 2560&#215;1600-resoluutiota ja 299 <a href=\"https:\/\/www.displayninja.com\/what-is-pixel-density\/\">PPI:n pikselitiheytt\u00e4 ,<\/a> joten jokainen yksityiskohta on ter\u00e4v\u00e4 ja selke\u00e4, mik\u00e4 takaa mukaansatempaavan pelikokemuksen.  <\/p>\n\n<h2 class=\"wp-block-heading\"><strong><strong>Zen 4 Performance: The Emulation King<\/strong><\/strong><\/h2>\n\n<p>The 7840U Phoenix architecture remains a fan favorite in 2025 for its incredible efficiency.<\/p>\n\n<p>Native OcuLink: Skip the USB4 bottlenecks. Connect directly to the GPD G1 eGPU for a 4K desktop experience.<\/p>\n\n<p>Pro-Grade Emulation: Native AVX-512 support allows for superior PS3 (RPCS3) and Xbox 360 (Xenia) performance compared to many newer, more expensive handhelds.<\/p>\n\n<p>Software Boosted: Fully compatible with AMD AFMF 2 and FSR 3.1, allowing you to play AAA titles at smooth frame rates on the 10.1&#8243; screen.<\/p>\n\n<h2 class=\"wp-block-heading\"><strong>H\u00c4MM\u00c4STYTT\u00c4V\u00c4 GRAFIIKKA: AMD RADEON 780M GPU<\/strong><\/h2>\n\n<p>GPD WIN MAX 2 2023:n upeat grafiikat saavat sinut h\u00e4keltym\u00e4\u00e4n AMD <a href=\"https:\/\/www.notebookcheck.net\/AMD-Radeon-780M-GPU-Benchmarks-and-Specs.680539.0.html\" target=\"_blank\" rel=\"noreferrer noopener nofollow\">Radeon 780M -n\u00e4yt\u00f6nohjaimen ansiosta .<\/a> T\u00e4m\u00e4 tehokas n\u00e4yt\u00f6nohjain tarjoaa tasaiset ruudunp\u00e4ivitysnopeudet ja henke\u00e4salpaavat grafiikat visuaalisesti upeaa pelikokemusta varten.<\/p>\n\n<h2 class=\"wp-block-heading\"><strong>VERTAANSA VAILLA OLEVA MUISTI: JOPA 64 GIGATAVUA LPDDR5-MUISTIA<\/strong><\/h2>\n\n<p>GPD WIN MAX 2 2023 on varustettu salamannopealla 6400 MT\/s <a href=\"https:\/\/en.wikipedia.org\/wiki\/LPDDR\">LPDDR5 RAM-muistilla<\/a>, joka takaa nopeat latausajat, saumattoman moniajon ja sujuvan pelaamisen vaativissa tilanteissa.<\/p>\n\n<h2 class=\"wp-block-heading\"><strong>PALJON S\u00c4ILYTYSTILAA: M.2 NVME 2280 SSD 4TB. <\/strong><\/h2>\n\n<p>Unohda tallennustilan loppuminen tilavan M.2 NVME 2280 <a href=\"https:\/\/en.wikipedia.org\/wiki\/NVM_Express#:~:text=NVM%20Express%20(NVMe)%20or%20Non,via%20the%20PCI%20Express%20bus.\">SSD-levyn<\/a> kanssa, jonka kapasiteetti on huikeat 4 Tt. Sano hyv\u00e4stit pelien poistamiselle tilan vuoksi; GPD WIN MAX 2 2023:n avulla mahdollisuudet ovat rajattomat.<\/p>\n\n<h2 class=\"wp-block-heading\"><strong>PYSY YHTEYDESS\u00c4: WI-FI 6 JA BLUETOOTH 5.2.<\/strong><\/h2>\n\n<p>Liitett\u00e4vyys on avainasemassa, sill\u00e4 <a href=\"https:\/\/www.theverge.com\/2019\/2\/21\/18232026\/wi-fi-6-speed-explained-router-wifi-how-does-work\">WiFi 6<\/a> tarjoaa salamannopeat ja vakaat internetyhteydet, jotka takaavat sujuvan verkkopelikokemuksen. <a href=\"https:\/\/www.bluetooth.com\/bluetooth-resources\/whats-new-in-core-spec-version-5-2\/\">Bluetooth 5.2:<\/a> n avulla voit liitt\u00e4\u00e4 langattomia oheislaitteita, jotta pelikokemus olisi todella mukaansatempaava.<\/p>\n\n<h2 class=\"wp-block-heading\"><strong>SAUMATON LIITETT\u00c4VYYS: MONIPUOLISET PORTIT<\/strong><\/h2>\n\n<p>GPD WIN MAX 2 2023:ssa on useita portteja kaikkiin peli- ja oheislaitetarpeisiin. 1x USB 4, 1x USB 3.2 Gen 2 Type-C, 2x USB 3.2 Gen 2 Type-A -portti ja OCuLink(SFF-8612)-portti <a href=\"https:\/\/blog.fosketts.net\/2017\/06\/22\/what-is-oculink\/\" target=\"_blank\" rel=\"noreferrer noopener nofollow\">mahdollistavat ulkoisten laitteiden liitt\u00e4misen<\/a> helposti. <\/p>\n\n<h2 class=\"wp-block-heading\"><strong>PARANNETUT OMINAISUUDET TAKAAVAT VERTAANSA VAILLA OLEVAN MUKAVUUDEN<\/strong><\/h2>\n\n<p>GPD WIN MAX 2 2023 tarjoaa saumattoman pelikokemuksen sormenj\u00e4lkitunnistimella, joka mahdollistaa laitteen lukituksen nopean ja turvallisen avaamisen. Microsoft Precision Touchpad (PTP) varmistaa kursorin sujuvan ja tarkan ohjauksen, ja taustavalaistu n\u00e4pp\u00e4imist\u00f6 mahdollistaa pelaamisen h\u00e4m\u00e4r\u00e4ss\u00e4. <\/p>\n\n<h2 class=\"wp-block-heading\"><strong>VOIMAA, JOKA KEST\u00c4\u00c4: PITK\u00c4KESTOINEN AKUN K\u00c4YTT\u00d6IK\u00c4<\/strong><\/h2>\n\n<p>GPD WIN MAX 2 2023:n 67Wh:n Li-polymeeriakku tarjoaa jopa 3 tuntia kovaa k\u00e4ytt\u00f6\u00e4, 6-8 tuntia kohtalaista k\u00e4ytt\u00f6\u00e4 ja vaikuttavan 14 tuntia kevytt\u00e4 k\u00e4ytt\u00f6\u00e4, mik\u00e4 takaa luotettavan ja pitk\u00e4ik\u00e4isen virtal\u00e4hteen pelaajille.<\/p>\n\n<h2 class=\"wp-block-heading\"><strong>KOMPAKTI JA KEVYT RAKENNE<\/strong><\/h2>\n\n<p>GPD WIN MAX 2 2023 tarjoaa tehokkaan suorituskyvyn kompaktissa ja kevyess\u00e4 rakenteessa, jonka mitat ovat vain 8,9 x 6,2 x 0,9 tuumaa ja paino vain 1005 g. Se on valmistettu korkealaatuisista materiaaleista, mik\u00e4 takaa kest\u00e4vyyden ja laadukkaan rakenteen matkalla tapahtuvaa pelaamista varten. <\/p>\n\n<h2 class=\"wp-block-heading\"><strong>WINDOWS 11 HOME ESIASENNETTUNA<\/strong><\/h2>\n\n<p>GPD WIN MAX 2 2023 on esiasennettu <a href=\"https:\/\/www.microsoft.com\/en-gb\/windows\/windows-11\" target=\"_blank\" rel=\"noreferrer noopener nofollow\">Windows 11 Home-k\u00e4ytt\u00f6j\u00e4rjestelm\u00e4ll\u00e4 ,<\/a> joka tarjoaa optimoidun pelikokemuksen intuitiivisen k\u00e4ytt\u00f6liittym\u00e4n ja parannettujen peliominaisuuksien ansiosta.<\/p>\n\n<h2 class=\"wp-block-heading\"><strong>P\u00c4\u00c4TELM\u00c4<\/strong><\/h2>\n\n<p>GPD WIN MAX 2 2023 on \u00e4\u00e4rimm\u00e4inen kannettava pelitietokone, joka tarjoaa huippuluokan pelisuorituskyky\u00e4 kompaktissa muodossa. AMD Ryzen 7 7840U- tai Ryzen 5 7640U -suorittimen, AMD Radeon 780M -n\u00e4yt\u00f6nohjaimen ja jopa 64 Gt:n RAM-muistin ansiosta se takaa erinomaisen suorituskyvyn vaativissa peleiss\u00e4. 10,1 tuuman kosketusohjausn\u00e4ytt\u00f6, monipuoliset liit\u00e4nt\u00e4vaihtoehdot ja k\u00e4tev\u00e4t ominaisuudet tekev\u00e4t pelaamisesta matkalla helppoa. Pitk\u00e4kestoisen akun ja kompaktin muotoilun ansiosta voit nauttia pelaamisesta ilman rajoja.   <\/p>\n\n<h3 class=\"wp-block-heading\"><strong>GPD WIN MAX 2 2023:n hyv\u00e4t puolet:<\/strong><\/h3>\n\n<ol class=\"wp-block-list\">\n<li>Powerful Performance: AMD Ryzen 7 7840U CPU and Ryzen 5 7640U with AMD Radeon 780M GPU deliver impressive performance for demanding games.<\/li>\n\n\n\n<li>Compact and Portable: The GPD WIN MAX 2 2023 offers unparalleled portability, making it easy to game on the go.<\/li>\n\n\n\n<li>Stunning Display: The 10.1&#8243; touch control display provides vibrant visuals and a high-resolution experience.<\/li>\n\n\n\n<li>Versatile Connectivity: The GPD WIN MAX 2 2023 offers a range of ports and wireless connectivity options, ensuring seamless integration with peripherals and online gaming experiences.<\/li>\n\n\n\n<li>Ample Storage: The spacious 4TB SSD eliminates the need to constantly delete and reinstall games.<\/li>\n<\/ol>\n\n<h3 class=\"wp-block-heading\">Order Your GPD WIN MAX 2 \u2013 In Stock &amp; Ready to Ship<\/h3>\n\n<p>Get the industry\u2019s most versatile work-and-play hybrid with a full 12-month official warranty.<\/p>\n\n<ul class=\"wp-block-list\">\n<li>Status: In Stock (Ships within 24 hours).<\/li>\n\n\n\n<li>Shipping: Insured worldwide express delivery.<\/li>\n\n\n\n<li>Support: Authorized GPD technical assistance included.<\/li>\n<\/ul>\n\n<p>Lue koko GPD WIN MAX 2 2023 -arvostelumme <a href=\"https:\/\/droix.net\/blogs\/gpd-win-max-2-2023-review\/\">t\u00e4\u00e4lt\u00e4 yksityiskohtaisten toimintojen, vertailuarvojen, pelattavuuden ja emuloinnin suorituskyvyn osalta<\/a>.<\/p>\n","protected":false},"excerpt":{"rendered":"<ul>\n<li>CPU: 7<strong> 7640U \/ 7840U. <\/strong> <\/li>\n<li>GPU: AMD Radeon<strong> 760M \/ 780M<\/strong><\/li>\n<li>RAM-muisti: enint\u00e4\u00e4n<strong> 64 Gt LPDDR5X @ 6400 MT\/s<\/strong><\/li>\n<li>TALLENNUS: jopa 4TB<strong> Gen 3<\/strong> <strong>PCI-E<\/strong> NVMe SSD-levy<\/li>\n<li>LIIT\u00c4NT\u00c4: Wi-Fi<strong> 6<\/strong> &amp; Bluetooth <strong>5.2<\/strong> -tuki<\/li>\n<\/ul>\n[cg_accordion title=\"MAKSUTIEDOT\"]<\/p>\n<p>K\u00e4yt\u00e4mme uusinta tekniikkaa maksujen k\u00e4sittelyss\u00e4, jonka avulla voit tehd\u00e4 maksun pankki- tai luottokortilla tai PayPalilla, mik\u00e4 takaa nopean ja turvallisen kokemuksen.[\/cg_accordion]\n[cg_accordion title=\"TAKUU\"]<\/p>\n<p>2 vuoden takuu <a href=\"https:\/\/droix.net\/\" target=\"_blank\" rel=\"nofollow noopener\">DROIX Global ilta mielenrauhasi vuoksi<\/a> [\/cg_accordion]\n[cg_accordion title=\"LAADUNVARMISTUS JA L\u00c4HETYST\u00c4 EDELT\u00c4V\u00c4 TESTAUS\"]<\/p>\n<p>Asiakastyytyv\u00e4isyyden varmistaminen korkeimmalla tasolla: Jokainen laite testataan tiukasti ja sille tehd\u00e4\u00e4n monipisteinen laadunvarmistustarkastus ennen sen l\u00e4hett\u00e4mist\u00e4. Asialle omistautunut tiimimme tarkistaa suorituskyvyn, toimivuuden ja komponenttien eheyden, jotta GPD-laitteesi on saapuessaan t\u00e4ydellisess\u00e4 toimintakunnossa, mik\u00e4 antaa sinulle luottamusta ja mielenrauhaa. [\/cg_accordion]\n[cg_accordion title=\"HINNOITTELU, VEROT JA TOIMITUKSET\"]<\/p>\n<p><strong><u>Huom:<\/u><\/strong><\/p>\n<ul>\n<li>Yhdysvallat Asiakkaat: Asiakkaat: N\u00e4ytetty hinta EI sis\u00e4ll\u00e4 veroja eik\u00e4 tulleja. Vastuu tulliselvityksest\u00e4 ja siihen liittyvien verojen\/tullien maksamisesta on asiakkaalla. <\/li>\n<li>EU:n asiakkaat: N\u00e4ytetty hinta sis\u00e4lt\u00e4\u00e4 sovellettavan veron, joka voi olla jopa 25 % maastasi riippuen.<\/li>\n<li>Kanada Asiakkaat: N\u00e4ytetty hinta sis\u00e4lt\u00e4\u00e4 sovellettavat verot, joihin voi sis\u00e4lty\u00e4 5 % GST ja ylim\u00e4\u00e4r\u00e4isi\u00e4 maakunnallisia myyntiveroja (PST), harmonisoitua myyntiveroa (HST) tai Quebecin myyntiveroa (QST) maakunnasta riippuen.<\/li>\n<\/ul>\n<p><strong>AINOASTAAN EU:n asiakkaille:<\/strong> Express DDP (Delivered Duty Paid). T\u00e4m\u00e4 tarkoittaa: <\/p>\n<ul>\n<li>Kaikki tullit ja verot sis\u00e4ltyv\u00e4t tuotesivulla ilmoitettuun hintaan.<\/li>\n<li>Sinun ei tarvitse maksaa lis\u00e4maksuja toimituksen yhteydess\u00e4.<\/li>\n<li>Harvinaisissa tulliin liittyviss\u00e4 tapauksissa tiimimme hoitaa tulliselvitysprosessin puolestasi varmistaakseen sujuvan toimituksen.<\/li>\n<p>T\u00e4rke\u00e4\u00e4 tietoa palautuksista:<\/p>\n<li>Jos p\u00e4\u00e4t\u00e4t palauttaa tilauksesi tai pyyt\u00e4\u00e4 palautusta, ota huomioon, ett\u00e4 DDP-ehtojen mukaisesti puolestasi maksettuja veroja ja tulleja ei voida palauttaa.<\/li>\n<p>Katso yksityiskohtaiset tiedot <a href=\"https:\/\/droix.net\/terms-and-conditions\/\" target=\"_blank\" rel=\"nofollow noopener\">k\u00e4ytt\u00f6ehdoistamme<\/a>.\n<\/ul>\n<p>[\/cg_accordion]\n[cg_accordion title=\"ASIAKASTUKI\"]<\/p>\n<p>Onko kysytt\u00e4v\u00e4\u00e4? Olemme lyhyen tekstiviestin p\u00e4\u00e4ss\u00e4 siit\u00e4, ett\u00e4 ongelmasi on ratkaistu! <\/p>\n<p>Katso yksityiskohtaiset tiedot <a href=\"https:\/\/gpdstore.net\/fi\/terms-of-service\/\" target=\"_blank\" rel=\"nofollow noopener\">k\u00e4ytt\u00f6ehdoistamme<\/a>.\n<\/ul>\n<p>[\/cg_accordion]\n[cg_accordion title=\"MIT\u00c4 SIS\u00c4LTYY\"]<\/p>\n<ul>\n<li>1x GPD WIN MAX 2 2023<\/li>\n<li>1x virtal\u00e4hde<\/li>\n<li>1x USB Type-C-kaapeli<\/li>\n<li>1x K\u00e4ytt\u00f6ohje<\/li>\n<\/ul>\n<p>[\/cg_accordion]\n","protected":false},"featured_media":370096,"template":"","meta":{"_acf_changed":false},"product_brand":[],"product_cat":[9919],"product_tag":[15872,10521],"woo-feed-brand":[9922],"class_list":{"0":"post-369540","1":"product","2":"type-product","3":"status-publish","4":"has-post-thumbnail","6":"product_cat-gpd-handheld-pc-pelaamiseen","7":"product_tag-15xmsale-fi","8":"product_tag-gpd-win-max-2-fi","9":"product_shipping_class-premium","10":"pa_bluetooth-5-2-fi","11":"pa_brand-gpd","12":"pa_graphics-gpu-model-intel-iris-xe-grafiikka","13":"pa_graphics-gpu-model-radeon-760m-fi","14":"pa_i-o-video-1x-hdmi-2-1-fi-2","15":"pa_i-o-video-1x-oculink-fi","16":"pa_i-o-video-1x-usb-4-0-type-cn-kautta-40gb-s","17":"pa_memory-ram-capacity-16gb-fi","18":"pa_memory-ram-capacity-32gb-fi","19":"pa_memory-ram-capacity-64gb-fi","20":"pa_memory-ram-technology-lpddr5x-fi","21":"pa_processor-cpu-model-amd-ryzen-5-7640u","22":"pa_processor-cpu-model-amd-ryzen-7-7840u","23":"pa_storage-capacity-1tb-fi","24":"pa_storage-capacity-2tb-fi","25":"pa_storage-capacity-4tb-fi","26":"pa_storage-technology-pcie-gen-3-fi","27":"pa_wi-fi-wi-fi-6-fi","28":"woo-feed-brand-gpd-fi","30":"first","31":"outofstock","32":"sale","33":"taxable","34":"shipping-taxable","35":"purchasable","36":"product-type-variable","37":"has-default-attributes"},"acf":[],"aioseo_notices":[],"_links":{"self":[{"href":"https:\/\/gpdstore.net\/fi\/wp-json\/wp\/v2\/product\/369540","targetHints":{"allow":["GET"]}}],"collection":[{"href":"https:\/\/gpdstore.net\/fi\/wp-json\/wp\/v2\/product"}],"about":[{"href":"https:\/\/gpdstore.net\/fi\/wp-json\/wp\/v2\/types\/product"}],"wp:featuredmedia":[{"embeddable":true,"href":"https:\/\/gpdstore.net\/fi\/wp-json\/wp\/v2\/media\/370096"}],"wp:attachment":[{"href":"https:\/\/gpdstore.net\/fi\/wp-json\/wp\/v2\/media?parent=369540"}],"wp:term":[{"taxonomy":"product_brand","embeddable":true,"href":"https:\/\/gpdstore.net\/fi\/wp-json\/wp\/v2\/product_brand?post=369540"},{"taxonomy":"product_cat","embeddable":true,"href":"https:\/\/gpdstore.net\/fi\/wp-json\/wp\/v2\/product_cat?post=369540"},{"taxonomy":"product_tag","embeddable":true,"href":"https:\/\/gpdstore.net\/fi\/wp-json\/wp\/v2\/product_tag?post=369540"},{"taxonomy":"woo-feed-brand","embeddable":true,"href":"https:\/\/gpdstore.net\/fi\/wp-json\/wp\/v2\/woo-feed-brand?post=369540"}],"curies":[{"name":"wp","href":"https:\/\/api.w.org\/{rel}","templated":true}]}}