{"id":367839,"date":"2023-11-17T14:17:25","date_gmt":"2023-11-17T14:17:25","guid":{"rendered":"https:\/\/gpdstore.net\/Ei-luokiteltu\/gpd-win-4-2023-pelikayttoon-tarkoitettu-kannettava-tietokone\/"},"modified":"2026-01-09T00:11:54","modified_gmt":"2026-01-09T00:11:54","slug":"gpd-win-4-2023","status":"publish","type":"product","link":"https:\/\/gpdstore.net\/fi\/product\/gpd-win-4-2023\/","title":{"rendered":"GPD WIN 4 2023 Pelik\u00e4ytt\u00f6\u00f6n tarkoitettu kannettava tietokone"},"content":{"rendered":"\n<figure class=\"wp-block-video\"><video controls=\"\" muted=\"\" poster=\"https:\/\/gpdstore.net\/wp-content\/uploads\/2024\/03\/gpd-win4-indiegogo-time-is-here-v0-te3iiclycf5a1.webp\" src=\"https:\/\/gpdstore.net\/wp-content\/uploads\/\"><\/video><\/figure>\n\n<div class=\"wp-block-columns is-layout-flex wp-container-core-columns-is-layout-28f84493 wp-block-columns-is-layout-flex\">\n<div class=\"wp-block-column is-layout-flow wp-block-column-is-layout-flow\" style=\"flex-basis:33.33%\">\n<figure class=\"wp-block-image size-full\"><img fetchpriority=\"high\" decoding=\"async\" width=\"1000\" height=\"1000\" src=\"https:\/\/gpdstore.net\/wp-content\/uploads\/2024\/05\/GPD-WIN-4-2024-WHITE-DONE-LISTING-IMAGE-5.jpg\" alt=\"gpd win 4 valkoinen\" class=\"wp-image-1555\" srcset=\"https:\/\/gpdstore.net\/wp-content\/uploads\/2024\/05\/GPD-WIN-4-2024-WHITE-DONE-LISTING-IMAGE-5.jpg 1000w, https:\/\/gpdstore.net\/wp-content\/uploads\/2024\/05\/GPD-WIN-4-2024-WHITE-DONE-LISTING-IMAGE-5-600x600.jpg 600w, https:\/\/gpdstore.net\/wp-content\/uploads\/2024\/05\/GPD-WIN-4-2024-WHITE-DONE-LISTING-IMAGE-5-150x150.jpg 150w, https:\/\/gpdstore.net\/wp-content\/uploads\/2024\/05\/GPD-WIN-4-2024-WHITE-DONE-LISTING-IMAGE-5-768x768.jpg 768w, https:\/\/gpdstore.net\/wp-content\/uploads\/2024\/05\/GPD-WIN-4-2024-WHITE-DONE-LISTING-IMAGE-5-990x990.jpg 990w, https:\/\/gpdstore.net\/wp-content\/uploads\/2024\/05\/GPD-WIN-4-2024-WHITE-DONE-LISTING-IMAGE-5-441x441.jpg 441w, https:\/\/gpdstore.net\/wp-content\/uploads\/2024\/05\/GPD-WIN-4-2024-WHITE-DONE-LISTING-IMAGE-5-100x100.jpg 100w\" sizes=\"(max-width: 1000px) 100vw, 1000px\" \/><\/figure>\n<\/div>\n\n\n\n<div class=\"wp-block-column is-layout-flow wp-block-column-is-layout-flow\" style=\"flex-basis:66.66%\">\n<h2 class=\"wp-block-heading\"><strong>Tervetuloa GPD WIN 4 2023 -ohjelmaan: Ultimate On-the-Go Gaming Experience<\/strong><\/h2>\n\n\n\n<p>Sano hyv\u00e4stit kotipelisi rajoituksille ja tervehdi pelaamisen vapautta miss\u00e4 ja milloin tahansa! Esittelyss\u00e4 <strong>GPD WIN 4 2023<\/strong>, \u00e4\u00e4rimm\u00e4inen kannettava pelitietokone, jonka avulla voit vapauttaa pelitaitosi liikkeell\u00e4 ollessasi. T\u00e4ss\u00e4 poikkeuksellisessa laitteessa yhdistyv\u00e4t saumattomasti suorituskykyisen pelitietokoneen teho ja kannettavan laitteen mukavuus, joten voit uppoutua suosikkipeleihisi miss\u00e4 tahansa.  <br\/><\/p>\n<\/div>\n<\/div>\n\n<h2 class=\"wp-block-heading has-text-align-center\">Rakennettu voittoa varten: Tarkka ohjaus, massiivinen varastointi ja kehittynyt j\u00e4\u00e4hdytys.<\/h2>\n\n<div class=\"wp-block-columns is-layout-flex wp-container-core-columns-is-layout-28f84493 wp-block-columns-is-layout-flex\">\n<div class=\"wp-block-column is-layout-flow wp-block-column-is-layout-flow\">\n<figure class=\"wp-block-image size-full\"><img decoding=\"async\" src=\"https:\/\/gpdstore.net\/wp-content\/uploads\/\" alt=\"analoginen tikku gpd win 4\" class=\"wp-image-1557\"\/><\/figure>\n\n\n\n<h3 class=\"wp-block-heading\"><strong><strong><strong>Ultimate Control:<\/strong> ALPS 3D -joystickit ja 6-akselinen liike.<\/strong><\/strong><\/h3>\n\n\n\n<p>GPD WIN 4 2023 tarjoaa ylivoimaisen pelikokemuksen ALPS 3D -joystickin ja pelipainikkeiden ansiosta. N\u00e4m\u00e4 laadukkaat ohjaimet tarjoavat tarkan sy\u00f6t\u00f6n ja optimaalisen palautteen, mik\u00e4 takaa tarkan ja mukaansatempaavan pelattavuuden. 6-akselisen gyroskoopin ansiosta voit nauttia parannetuista liikeohjauksista, jotka mahdollistavat intuitiivisen liikkumisen yhteensopivissa peleiss\u00e4. Kaksoist\u00e4rin\u00e4moottorit parantavat pelikokemustasi entisest\u00e4\u00e4n, sill\u00e4 ne antavat tuntopalautetta, joka tuo seikkailuihisi uudenlaisen uppoutumisen tason.   <\/p>\n<\/div>\n\n\n\n<div class=\"wp-block-column is-layout-flow wp-block-column-is-layout-flow\">\n<figure class=\"wp-block-image size-full\"><img decoding=\"async\" width=\"300\" height=\"300\" src=\"https:\/\/gpdstore.net\/wp-content\/uploads\/2024\/05\/078c9d42-e74f-4fb3-893b-5f22ffd9d6ed.__CR1300600600_PT0_SX300_V1___.jpg\" alt=\"ssd gpd:ss&#xE4; win 4\" class=\"wp-image-1558\" srcset=\"https:\/\/gpdstore.net\/wp-content\/uploads\/2024\/05\/078c9d42-e74f-4fb3-893b-5f22ffd9d6ed.__CR1300600600_PT0_SX300_V1___.jpg 300w, https:\/\/gpdstore.net\/wp-content\/uploads\/2024\/05\/078c9d42-e74f-4fb3-893b-5f22ffd9d6ed.__CR1300600600_PT0_SX300_V1___-150x150.jpg 150w, https:\/\/gpdstore.net\/wp-content\/uploads\/2024\/05\/078c9d42-e74f-4fb3-893b-5f22ffd9d6ed.__CR1300600600_PT0_SX300_V1___-100x100.jpg 100w\" sizes=\"(max-width: 300px) 100vw, 300px\" \/><\/figure>\n\n\n\n<h3 class=\"wp-block-heading\"><strong><strong><strong>Nollaviive:<\/strong> PCIe 4.0 SSD -tallennustilan avulla.<\/strong><\/strong><\/h3>\n\n\n\n<p>GPD WIN 4 2023 tarjoaa runsaasti tallennusvaihtoehtoja pelikirjastosi ja multimediatarpeidesi t\u00e4ytt\u00e4miseksi. PCIe 4.0 M.2 2280 -muistitikun kanssa SSD-levyist\u00e4 voit valita 512 Gt:n, 2 Tt:n tai huikean 4 Tt:n tallennustilan. T\u00e4m\u00e4 nopea SSD-levy takaa nopean tiedonsaannin ja lyhennetyt latausajat, joten voit siirty\u00e4 suosikkipeleihisi ilman viivett\u00e4. N\u00e4in suuren tallennuskapasiteetin ansiosta sinun ei tarvitse koskaan huolehtia siit\u00e4, ett\u00e4 tila loppuu kasvavalle peli-, elokuva- tai muulle mediatiedostokokoelmallesi.    <\/p>\n<\/div>\n\n\n\n<div class=\"wp-block-column is-layout-flow wp-block-column-is-layout-flow\">\n<figure class=\"wp-block-image size-full\"><img decoding=\"async\" width=\"300\" height=\"300\" src=\"https:\/\/gpdstore.net\/wp-content\/uploads\/2024\/05\/a8eb6f30-f8ed-4e5f-8fa9-fd52740523bc.__CR1530747747_PT0_SX300_V1___.jpg\" alt=\"j&#xE4;&#xE4;hdytysj&#xE4;rjestelm&#xE4; gpd win mini\" class=\"wp-image-1559\" srcset=\"https:\/\/gpdstore.net\/wp-content\/uploads\/2024\/05\/a8eb6f30-f8ed-4e5f-8fa9-fd52740523bc.__CR1530747747_PT0_SX300_V1___.jpg 300w, https:\/\/gpdstore.net\/wp-content\/uploads\/2024\/05\/a8eb6f30-f8ed-4e5f-8fa9-fd52740523bc.__CR1530747747_PT0_SX300_V1___-150x150.jpg 150w, https:\/\/gpdstore.net\/wp-content\/uploads\/2024\/05\/a8eb6f30-f8ed-4e5f-8fa9-fd52740523bc.__CR1530747747_PT0_SX300_V1___-100x100.jpg 100w\" sizes=\"(max-width: 300px) 100vw, 300px\" \/><\/figure>\n\n\n\n<h3 class=\"wp-block-heading\"><strong><strong><strong>Huippusuorituskyky:<\/strong> 50% tehokkaampi Dual Heat Pipe -j\u00e4\u00e4hdytysj\u00e4rjestelm\u00e4.<\/strong><\/strong><\/h3>\n\n\n\n<p>GPD WIN 4 2023 sis\u00e4lt\u00e4\u00e4 kehittyneen j\u00e4\u00e4hdytysj\u00e4rjestelm\u00e4n, joka takaa optimaalisen suorituskyvyn my\u00f6s pitkien pelisessioiden aikana. Paksujen kaksoisl\u00e4mp\u00f6putkien ansiosta t\u00e4m\u00e4 kannettava pelitietokone lis\u00e4\u00e4 l\u00e4mp\u00f6tehokkuutta 50 % aiempiin malleihin verrattuna. Parannettu l\u00e4mm\u00f6ntuotto varmistaa, ett\u00e4 laite pysyy viile\u00e4n\u00e4 kovassakin kuormituksessa, mik\u00e4 est\u00e4\u00e4 suorituskyvyn heikkenemisen ja takaa sujuvan ja keskeytym\u00e4tt\u00f6m\u00e4n pelaamisen.  <\/p>\n<\/div>\n<\/div>\n\n<h2 class=\"wp-block-heading\">GPD WIN 4 2024: Kannettavien pelitietokoneiden l\u00e4pimurto<\/h2>\n\n<figure class=\"wp-block-image size-large\"><img decoding=\"async\" src=\"https:\/\/gpdstore.net\/wp-content\/uploads\/\" alt=\"gpd win 4 valkoinen\" class=\"wp-image-1626\"\/><\/figure>\n\n<h2 class=\"wp-block-heading\"><strong>Verraton suorituskyky: 5 -prosessorit.<\/strong><\/h2>\n\n<p><strong>GPD WIN 4 2023:<\/strong> n ytimess\u00e4 <strong>on<\/strong> <a href=\"https:\/\/www.amd.com\/en\/products\/apu\/amd-ryzen-7-7840u\" target=\"_blank\" rel=\"noreferrer noopener\">AMD Ryzen 7 7840U -suoritin<\/a>, jossa on 8 ydint\u00e4 ja 16 s\u00e4iett\u00e4, jotka toimivat jopa 5,1 GHz:n nopeudella, ja AMD Ryzen 5 7640U -suoritin, <a href=\"https:\/\/www.amd.com\/en\/products\/apu\/amd-ryzen-5-7640u\" target=\"_blank\" rel=\"noreferrer noopener\">jossa on 6 ydint\u00e4 ja<\/a> 12 s\u00e4iett\u00e4, jotka toimivat jopa 4,9 GHz:n nopeudella. Yhdistettyn\u00e4 AMD Radeon -n\u00e4yt\u00f6nohjaimiin GPD <strong>WIN 4 2023 takaa<\/strong> sujuvan pelaamisen vaativimmissakin peleiss\u00e4. Sen tehokas n\u00e4yt\u00f6nohjain tarjoaa upeat grafiikat ja sulavat ruudunp\u00e4ivitysnopeudet, jotka tarjoavat mukaansatempaavan pelikokemuksen riippumatta siit\u00e4, tutkitko laajoja avoimia maailmoja vai osallistutko intensiivisiin moninpelitaisteluihin.<\/p>\n\n<h2 class=\"wp-block-heading\"><strong>Vapauta luovuutesi: Jopa 64 Gt LPDDR5X RAM-muistia: Jopa 64 Gt LPDDR5X RAM-muistia<\/strong><\/h2>\n\n<p>Uskomattoman suorituskyvyn t\u00e4ydent\u00e4miseksi GPD <strong>WIN 4 2023 on varustettu<\/strong> 32 Gt tai 64 Gt LPDDR5X RAM-muistilla 7840U-mallissa ja 16 Gt <a href=\"https:\/\/en.wikipedia.org\/wiki\/LPDDR\" target=\"_blank\" rel=\"noreferrer noopener\">LPDDR5X RAM-muistilla 7640U -mallissa<\/a>. Salamannopean 6400 MT\/s muistinopeuden ansiosta voit kokea nopeat latausajat ja saumattoman moniajon. J\u00e4t\u00e4 hyv\u00e4stit viiveelle ja nauti keskeytym\u00e4tt\u00f6m\u00e4st\u00e4 pelattavuudesta, kun valloitat teht\u00e4vi\u00e4, tutkit uusia valtakuntia tai valmistat virtuaalisia mestariteoksia.<\/p>\n\n<h2 class=\"wp-block-heading\"><strong>Mukaansatempaava visuaalinen ilme: 6&#8243; kosketusn\u00e4ytt\u00f6<\/strong><\/h2>\n\n<p>Koe pelaaminen ennenn\u00e4kem\u00e4tt\u00f6m\u00e4ll\u00e4 tavalla <strong>GPD WIN 4 2023<\/strong>:n upealla 6 tuuman kosketusn\u00e4yt\u00f6ll\u00e4. Full HD -resoluutiolla (1920&#215;1080) ja 368 <a href=\"https:\/\/en.wikipedia.org\/wiki\/Pixel_density\" target=\"_blank\" rel=\"noreferrer noopener\">PPI:<\/a>n pikselitiheydell\u00e4 jokainen ruutu esitet\u00e4\u00e4n tarkasti ja selke\u00e4sti. N\u00e4ytt\u00f6 tukee 44 Hz:n ja 60 Hz:n virkistystaajuutta, mik\u00e4 takaa sujuvan pelaamisen ja minimoi liikesumun. Uppoudu suosikkipeliesi kiehtoviin maailmoihin el\u00e4v\u00f6itt\u00e4v\u00e4ll\u00e4 visuaalisuudella.   <\/p>\n\n<h2 class=\"wp-block-heading\"><strong>Vaivaton kirjoittaminen: QWERTY-n\u00e4pp\u00e4imist\u00f6, jossa on s\u00e4\u00e4dett\u00e4v\u00e4 taustavalo.<\/strong><\/h2>\n\n<p>K\u00e4tev\u00e4ksi suunnitellussa <strong>GPD WIN 4 2023<\/strong> on QWERTY-n\u00e4pp\u00e4imist\u00f6, jossa on saksikytkimell\u00e4 varustetut n\u00e4pp\u00e4imet. T\u00e4m\u00e4 n\u00e4pp\u00e4imist\u00f6 tarjoaa tuntuvan kirjoituskokemuksen, ja sen avulla voit keskustella yst\u00e4vien kanssa, selata Interneti\u00e4 tai tehd\u00e4 muistiinpanoja vaivattomasti. Aina p\u00e4\u00e4ll\u00e4 oleva s\u00e4\u00e4dett\u00e4v\u00e4 taustavalo varmistaa, ett\u00e4 voit jatkaa pelaamista tai ty\u00f6skentely\u00e4 my\u00f6s h\u00e4m\u00e4r\u00e4ss\u00e4 ymp\u00e4rist\u00f6ss\u00e4. Siirry saumattomasti pelaamisesta tuottavuuteen <strong>GPD WIN 4 2023<\/strong>:n mukavan ja monipuolisen n\u00e4pp\u00e4imist\u00f6n avulla.   <\/p>\n\n<h2 class=\"wp-block-heading\"><strong>Sujuva navigointi: Optinen sorminavigointi<\/strong><\/h2>\n\n<p>Suosikkipeleiss\u00e4si ja -sovelluksissasi navigointi on vaivatonta <strong>GPD WIN 4 2023<\/strong>:n optisen sorminavigoinnin avulla. Sano hyv\u00e4stit hankalille kosketusn\u00e4yt\u00f6ille ja nauti tarkasta ja reagoivasta ohjauksesta t\u00e4m\u00e4n intuitiivisen ominaisuuden avulla. Optinen sorminavigointi tarjoaa sujuvan ja tarkan navigoinnin, joka takaa saumattoman k\u00e4ytt\u00f6kokemuksen riippumatta siit\u00e4, selaatko valikoita vai tutkitko laajoja ymp\u00e4rist\u00f6j\u00e4.  <\/p>\n\n<h2 class=\"wp-block-heading\"><strong>Monipuolinen liitett\u00e4vyys: USB4, OCuLink, USB Type-C ja microSD-korttipaikka.<\/strong><\/h2>\n\n<figure class=\"wp-block-image size-full\"><img decoding=\"async\" src=\"https:\/\/gpdstore.net\/wp-content\/uploads\/\" alt=\"gpd win 4 gpd g1:n kanssa\" class=\"wp-image-1625\"\/><\/figure>\n\n<p><strong>GPD WIN 4 2023<\/strong> vastaa liit\u00e4nt\u00e4tarpeisiisi useilla eri vaihtoehdoilla. USB4-portin avulla voit liitt\u00e4\u00e4 ulkoisia laitteita ja oheislaitteita, mik\u00e4 laajentaa pelimahdollisuuksiasi. <a href=\"https:\/\/droix.net\/blogs\/oculink-transforming-graphics-card-connectivity\/\" target=\"_blank\" rel=\"noreferrer noopener\">OCuLink-portti<\/a> tarjoaa suoran <a href=\"https:\/\/en.wikipedia.org\/wiki\/PCI_Express\" target=\"_blank\" rel=\"noreferrer noopener\">PCIe<\/a> Gen4 x4 -yhteyden vaikuttavalla 63 Gbps:n tehollisella kaistanleveydell\u00e4, joka tukee salamannopeaa tiedonsiirtoa, ja GPD G1 telakointiasema tarjoaa lis\u00e4\u00e4 liit\u00e4nt\u00e4mahdollisuuksia. USB Type-C -portti takaa yhteensopivuuden useiden laitteiden kanssa, ja microSD-korttipaikka mahdollistaa k\u00e4tev\u00e4n tallennustilan laajentamisen.   <\/p>\n\n<h2 class=\"wp-block-heading\"><strong>Nopea liitett\u00e4vyys: 5.2<\/strong><\/h2>\n\n<p>Pysy saumattomasti yhteydess\u00e4 <strong>GPD WIN 4 2023<\/strong>:n Wi-Fi 6 -ominaisuuden ansiosta. Jopa 2042 Mbps:n nopeuden ansiosta voit nauttia viiveett\u00f6mist\u00e4 verkkopeleist\u00e4, sujuvasta suoratoistosta ja nopeista latauksista. J\u00e4t\u00e4 hyv\u00e4stit viiveelle ja nauti vakaasta ja reagoivasta yhteydest\u00e4 kaikkialla, minne seikkailusi viev\u00e4tkin sinut. <strong>GPD WIN 4 2023<\/strong> pit\u00e4\u00e4 sinut yhteydess\u00e4 vertaansa vailla olevalla nopeudella, taisteletpa sitten vastustajia vastaan verkossa tai suoratoistat suosikkisis\u00e4lt\u00f6\u00e4si.   <\/p>\n\n<h2 class=\"wp-block-heading\"><strong>Valinnainen 4G LTE -moduuli: Pysy yhteydess\u00e4 miss\u00e4 tahansa<\/strong><\/h2>\n\n<p>Niille, jotka kaipaavat keskeytym\u00e4t\u00f6nt\u00e4 yhteytt\u00e4 Wi-Fi-verkkojen ulkopuolella, <strong>GPD WIN 4 2023<\/strong> tarjoaa valinnaisen GPD 4G LTE -moduulin. T\u00e4m\u00e4 moduuli tukee 4G TD-LTE-, FDD-LTE- ja 3G CDMA -verkkoja, ja sen avulla pysyt yhteydess\u00e4 miss\u00e4 tahansa. Aseta vain Nano-SIM-kortti paikalleen, ja saat nopean ja luotettavan mobiilidatan k\u00e4ytt\u00f6\u00f6si tien p\u00e4\u00e4ll\u00e4. Pysy yhteydess\u00e4 yst\u00e4viin, osallistu verkkomoninpeliin ja nauti suoratoistoviihteest\u00e4 ilman Wi-Fi-verkkoja.   <\/p>\n\n<h2 class=\"wp-block-heading\"><strong>MotionAssistant: Paranna pelikokemustasi<\/strong><\/h2>\n\n<p>Jotta pelikokemuksesi paranisi entisest\u00e4\u00e4n, <strong>GPD WIN 4 2023<\/strong> on varustettu tehokkaalla MotionAssistant-ohjelmistolla. T\u00e4m\u00e4 erityisesti GPD-k\u00e4sikonsolien pelilaitesarjaa varten kehitetty ty\u00f6kalu tarjoaa erilaisia optimointiominaisuuksia pelikokemuksesi hienos\u00e4\u00e4t\u00f6\u00f6n. TDP viritt\u00e4misest\u00e4 1 W:n askelin aina GPU:n lukitustaajuuteen asti sinulla on t\u00e4ysi kontrolli laitteesi suorituskykyyn. Ennalta m\u00e4\u00e4ritettyjen virrankulutusasetusten avulla voit tasapainottaa suorituskyvyn ja akun keston tarpeittesi mukaan. Ohjelmisto tarjoaa my\u00f6s pikan\u00e4pp\u00e4imet etualalle siirtymist\u00e4 varten, pelin\u00e4yt\u00f6n p\u00e4\u00e4llekytkenn\u00e4n t\u00e4rkeimpien toimintojen nopeaa k\u00e4ytt\u00f6\u00e4 varten ja mukautetun selk\u00e4painikkeiden yhdist\u00e4misen pikan\u00e4pp\u00e4imiin. MotionAssistantilla voit muuttaa asetuksia keskeytt\u00e4m\u00e4tt\u00e4 pelaamista, joten pelikokemuksen optimointi on helpompaa kuin koskaan.     <\/p>\n\n<h2 class=\"wp-block-heading\"><strong>Johtop\u00e4\u00e4t\u00f6s<\/strong><\/h2>\n\n<p><strong>GPD WIN 4 2023<\/strong> m\u00e4\u00e4rittelee uudelleen mobiilipelaamisen, sill\u00e4 se tarjoaa pienikokoisen pakkauksen, tehokkaan laitteiston, kiehtovan n\u00e4yt\u00f6n, mukavat ohjaimet ja monipuoliset liit\u00e4nn\u00e4t. Olitpa sitten satunnainen pelaaja, joka nauttii suosikkipeleist\u00e4si, tai vakava harrastaja, joka etsii suorituskykyist\u00e4 pelaamista liikkeell\u00e4, <strong>GPD WIN 4 2023<\/strong> on t\u00e4ydellinen kumppani. P\u00e4\u00e4st\u00e4 pelivoimasi valloilleen miss\u00e4 ja milloin tahansa t\u00e4m\u00e4n merkitt\u00e4v\u00e4n laitteen avulla. Valmistaudu m\u00e4\u00e4rittelem\u00e4\u00e4n kannettava pelaaminen uudelleen <strong>GPD WIN 4 2023<\/strong>:n avulla.   <\/p>\n\n<h3 class=\"wp-block-heading\"><strong>GPD WIN 4 2023:n edut:<\/strong><\/h3>\n\n<ol class=\"wp-block-list\">\n<li><strong>Tehokas suorituskyky:<\/strong> Suorituskykyinen AMD Ryzen 5 &amp; 7 -sarjan prosessori ja n\u00e4yt\u00f6nohjain tarjoavat poikkeuksellisen pelisuorituskyvyn ja moniteht\u00e4v\u00e4ominaisuudet.<\/li>\n\n\n\n<li><strong>Kompakti ja kannettava muotoilu:<\/strong> K\u00e4dess\u00e4 pidett\u00e4v\u00e4n muodon ansiosta pelaaminen on k\u00e4tev\u00e4\u00e4 tien p\u00e4\u00e4ll\u00e4. Se on kevyt ja mahtuu helposti laukkuun, joten voit nauttia pelaamisesta miss\u00e4 tahansa. <\/li>\n\n\n\n<li><strong>Monipuolinen liitett\u00e4vyys:<\/strong> USB4, Oculink, USB Type-C ja microSD-korttipaikka. N\u00e4m\u00e4 vaihtoehdot tarjoavat joustavuutta ulkoisten laitteiden liitt\u00e4miseen ja tallennustilan laajentamiseen. <\/li>\n\n\n\n<li><strong>Mukauttamisvaihtoehdot:<\/strong> MotionAssistant-ohjelmiston avulla voit hienos\u00e4\u00e4t\u00e4\u00e4 ja optimoida pelikokemuksesi. TDP -virityksest\u00e4 painikkeiden mukautettuun kartoitukseen, personoi laite mieltymystesi mukaan. <\/li>\n\n\n\n<li><strong>All-in-One-peliratkaisu:<\/strong> Yhdist\u00e4m\u00e4ll\u00e4 pelitietokoneen toiminnallisuuden ja kannettavan laitteen kannettavuuden, jolloin et tarvitse erillisi\u00e4 pelikonsoleita ja voit nauttia monenlaisista peleist\u00e4 yhdell\u00e4 laitteella.<\/li>\n<\/ol>\n\n<h3 class=\"wp-block-heading\"><strong>GPD WIN 4 2023:n haitat:<\/strong><\/h3>\n\n<ol class=\"wp-block-list\">\n<li><strong>Rajoitettu n\u00e4yt\u00f6n koko:<\/strong> Se voi tuntua pienelt\u00e4 verrattuna suurempiin pelik\u00e4ytt\u00f6\u00f6n tarkoitettuihin kannettaviin tietokoneisiin tai p\u00f6yt\u00e4n\u00e4ytt\u00f6ihin, mik\u00e4 saattaa vaikuttaa joidenkin pelaajien kokemukseen.<\/li>\n\n\n\n<li><strong>Pienennetty n\u00e4pp\u00e4imist\u00f6n koko:<\/strong> N\u00e4pp\u00e4imist\u00f6 on pienikokoinen, ja t\u00e4ysikokoisiin n\u00e4pp\u00e4imist\u00f6ihin tottuneilta k\u00e4ytt\u00e4jilt\u00e4 voi kest\u00e4\u00e4 jonkin aikaa sopeutua siihen.<\/li>\n\n\n\n<li><strong>Riippuvuus akusta<\/strong>: Koska GPD WIN 4 2023 on kannettava laite, sen virransy\u00f6tt\u00f6 perustuu sen sis\u00e4iseen akkuun. Pitk\u00e4t pelisessiot saattavat vaatia usein lataamista, mik\u00e4 rajoittaa keskeytym\u00e4tt\u00f6m\u00e4n pelaamisen m\u00e4\u00e4r\u00e4\u00e4&#8230; <\/li>\n<\/ol>\n","protected":false},"excerpt":{"rendered":"<ul>\n<li>CPU: 7<strong> 7640U \/ 7840U. <\/strong> <\/li>\n<li>GPU: AMD Radeon<strong> 760M \/ 780M<\/strong><\/li>\n<li>RAM-muisti: enint\u00e4\u00e4n<strong> 64 Gt LPDDR5X @ 6400 MT\/s<\/strong><\/li>\n<li>TALLENNUS: jopa 4TB<strong> Gen 4<\/strong> <strong>PCI-E<\/strong> NVMe SSD-levy<\/li>\n<li>LIIT\u00c4NT\u00c4: Wi-Fi<strong> 6<\/strong> &amp; Bluetooth <strong>5.2<\/strong> -tuki<\/li>\n<\/ul>\n<p><img loading=\"lazy\" decoding=\"async\" src=\"https:\/\/gpdstore.net\/wp-content\/uploads\/2024\/03\/WIN-4-FREE-GIFTS.jpg\" alt=\"\" width=\"2000\" height=\"500\" class=\"alignnone size-full wp-image-4175\" srcset=\"https:\/\/gpdstore.net\/wp-content\/uploads\/2024\/03\/WIN-4-FREE-GIFTS.jpg 2000w, https:\/\/gpdstore.net\/wp-content\/uploads\/2024\/03\/WIN-4-FREE-GIFTS-600x150.jpg 600w, https:\/\/gpdstore.net\/wp-content\/uploads\/2024\/03\/WIN-4-FREE-GIFTS-1200x300.jpg 1200w, https:\/\/gpdstore.net\/wp-content\/uploads\/2024\/03\/WIN-4-FREE-GIFTS-768x192.jpg 768w, https:\/\/gpdstore.net\/wp-content\/uploads\/2024\/03\/WIN-4-FREE-GIFTS-1536x384.jpg 1536w, https:\/\/gpdstore.net\/wp-content\/uploads\/2024\/03\/WIN-4-FREE-GIFTS-360x90.jpg 360w, https:\/\/gpdstore.net\/wp-content\/uploads\/2024\/03\/WIN-4-FREE-GIFTS-990x248.jpg 990w, https:\/\/gpdstore.net\/wp-content\/uploads\/2024\/03\/WIN-4-FREE-GIFTS-441x110.jpg 441w, https:\/\/gpdstore.net\/wp-content\/uploads\/2024\/03\/WIN-4-FREE-GIFTS-150x38.jpg 150w\" sizes=\"(max-width: 2000px) 100vw, 2000px\" \/><\/p>\n[cg_accordion title=\"MAKSUTIEDOT\"]<\/p>\n<p>K\u00e4yt\u00e4mme uusinta tekniikkaa maksujen k\u00e4sittelyss\u00e4, jonka avulla voit tehd\u00e4 maksun pankki- tai luottokortilla tai PayPalilla, mik\u00e4 takaa nopean ja turvallisen kokemuksen.[\/cg_accordion]\n[cg_accordion title=\"TAKUU\"]<\/p>\n<p>2 vuoden takuu <a href=\"https:\/\/droix.net\/\" target=\"_blank\" rel=\"nofollow noopener\">DROIX Global ilta mielenrauhasi vuoksi<\/a> [\/cg_accordion]\n[cg_accordion title=\"LAADUNVARMISTUS JA L\u00c4HETYST\u00c4 EDELT\u00c4V\u00c4 TESTAUS\"]<\/p>\n<p>Asiakastyytyv\u00e4isyyden varmistaminen korkeimmalla tasolla: Jokainen laite testataan tiukasti ja sille tehd\u00e4\u00e4n monipisteinen laadunvarmistustarkastus ennen sen l\u00e4hett\u00e4mist\u00e4. Asialle omistautunut tiimimme tarkistaa suorituskyvyn, toimivuuden ja komponenttien eheyden, jotta GPD-laitteesi on saapuessaan t\u00e4ydellisess\u00e4 toimintakunnossa, mik\u00e4 antaa sinulle luottamusta ja mielenrauhaa. [\/cg_accordion]\n[cg_accordion title=\"HINNOITTELU, VEROT JA TOIMITUKSET\"]<\/p>\n<p><strong><u>Huom:<\/u><\/strong><\/p>\n<ul>\n<li>Yhdysvallat Asiakkaat: Asiakkaat: N\u00e4ytetty hinta EI sis\u00e4ll\u00e4 veroja eik\u00e4 tulleja. Vastuu tulliselvityksest\u00e4 ja siihen liittyvien verojen\/tullien maksamisesta on asiakkaalla. <\/li>\n<li>EU:n asiakkaat: N\u00e4ytetty hinta sis\u00e4lt\u00e4\u00e4 sovellettavan veron, joka voi olla jopa 25 % maastasi riippuen.<\/li>\n<li>Kanada Asiakkaat: N\u00e4ytetty hinta sis\u00e4lt\u00e4\u00e4 sovellettavat verot, joihin voi sis\u00e4lty\u00e4 5 % GST ja ylim\u00e4\u00e4r\u00e4isi\u00e4 maakunnallisia myyntiveroja (PST), harmonisoitua myyntiveroa (HST) tai Quebecin myyntiveroa (QST) maakunnasta riippuen.<\/li>\n<\/ul>\n<p><strong>AINOASTAAN EU:n asiakkaille:<\/strong> Express DDP (Delivered Duty Paid). T\u00e4m\u00e4 tarkoittaa: <\/p>\n<ul>\n<li>Kaikki tullit ja verot sis\u00e4ltyv\u00e4t tuotesivulla ilmoitettuun hintaan.<\/li>\n<li>Sinun ei tarvitse maksaa lis\u00e4maksuja toimituksen yhteydess\u00e4.<\/li>\n<li>Harvinaisissa tulliin liittyviss\u00e4 tapauksissa tiimimme hoitaa tulliselvitysprosessin puolestasi varmistaakseen sujuvan toimituksen.<\/li>\n<p>T\u00e4rke\u00e4\u00e4 tietoa palautuksista:<\/p>\n<li>Jos p\u00e4\u00e4t\u00e4t palauttaa tilauksesi tai pyyt\u00e4\u00e4 palautusta, ota huomioon, ett\u00e4 DDP-ehtojen mukaisesti puolestasi maksettuja veroja ja tulleja ei voida palauttaa.<\/li>\n<p>Katso yksityiskohtaiset tiedot <a href=\"https:\/\/droix.net\/terms-and-conditions\/\" target=\"_blank\" rel=\"nofollow noopener\">k\u00e4ytt\u00f6ehdoistamme<\/a>.\n<\/ul>\n<p>[\/cg_accordion]\n[cg_accordion title=\"ASIAKASTUKI\"]<\/p>\n<p>Onko kysytt\u00e4v\u00e4\u00e4? Olemme lyhyen tekstiviestin p\u00e4\u00e4ss\u00e4 siit\u00e4, ett\u00e4 ongelmasi on ratkaistu! <\/p>\n<p>Katso yksityiskohtaiset tiedot <a href=\"https:\/\/gpdstore.net\/fi\/terms-of-service\/\" target=\"_blank\" rel=\"nofollow noopener\">k\u00e4ytt\u00f6ehdoistamme<\/a>.\n<\/ul>\n<p>[\/cg_accordion]\n[cg_accordion title=\"MIT\u00c4 SIS\u00c4LTYY\"]<\/p>\n<ul>\n<li>1x GPD WIN 4 2023<\/li>\n<li>1x virtal\u00e4hde<\/li>\n<li>1x USB Type-C-kaapeli<\/li>\n<li>1x K\u00e4ytt\u00f6ohje<\/li>\n<\/ul>\n<p>[\/cg_accordion]\n","protected":false},"featured_media":368502,"template":"","meta":{"_acf_changed":false},"product_brand":[],"product_cat":[9919],"product_tag":[10510],"woo-feed-brand":[9922],"class_list":{"0":"post-367839","1":"product","2":"type-product","3":"status-publish","4":"has-post-thumbnail","6":"product_cat-gpd-handheld-pc-pelaamiseen","7":"product_tag-gpd-win-4-fi","8":"product_shipping_class-premium","9":"pa_bluetooth-5-2-fi","10":"pa_brand-gpd","11":"pa_graphics-gpu-model-radeon-760m-fi","12":"pa_graphics-gpu-model-radeon-780m-fi","13":"pa_i-o-video-1x-oculink-fi","14":"pa_i-o-video-1x-usb-4-0-type-cn-kautta-40gb-s","15":"pa_memory-ram-capacity-16gb-fi","16":"pa_memory-ram-capacity-32gb-fi","17":"pa_memory-ram-capacity-64gb-fi","18":"pa_memory-ram-technology-lpddr5x-fi","19":"pa_processor-cpu-model-amd-ryzen-5-7640u","20":"pa_processor-cpu-model-amd-ryzen-7-7840u","21":"pa_storage-capacity-1tb-fi","22":"pa_storage-capacity-2tb-fi","23":"pa_storage-capacity-4tb-fi","24":"pa_storage-capacity-512-gt","25":"pa_storage-technology-pcie-gen-4-fi-2","26":"pa_wi-fi-wi-fi-6-fi","27":"woo-feed-brand-gpd-fi","29":"first","30":"outofstock","31":"sale","32":"taxable","33":"shipping-taxable","34":"purchasable","35":"product-type-variable","36":"has-default-attributes"},"acf":[],"aioseo_notices":[],"_links":{"self":[{"href":"https:\/\/gpdstore.net\/fi\/wp-json\/wp\/v2\/product\/367839","targetHints":{"allow":["GET"]}}],"collection":[{"href":"https:\/\/gpdstore.net\/fi\/wp-json\/wp\/v2\/product"}],"about":[{"href":"https:\/\/gpdstore.net\/fi\/wp-json\/wp\/v2\/types\/product"}],"wp:featuredmedia":[{"embeddable":true,"href":"https:\/\/gpdstore.net\/fi\/wp-json\/wp\/v2\/media\/368502"}],"wp:attachment":[{"href":"https:\/\/gpdstore.net\/fi\/wp-json\/wp\/v2\/media?parent=367839"}],"wp:term":[{"taxonomy":"product_brand","embeddable":true,"href":"https:\/\/gpdstore.net\/fi\/wp-json\/wp\/v2\/product_brand?post=367839"},{"taxonomy":"product_cat","embeddable":true,"href":"https:\/\/gpdstore.net\/fi\/wp-json\/wp\/v2\/product_cat?post=367839"},{"taxonomy":"product_tag","embeddable":true,"href":"https:\/\/gpdstore.net\/fi\/wp-json\/wp\/v2\/product_tag?post=367839"},{"taxonomy":"woo-feed-brand","embeddable":true,"href":"https:\/\/gpdstore.net\/fi\/wp-json\/wp\/v2\/woo-feed-brand?post=367839"}],"curies":[{"name":"wp","href":"https:\/\/api.w.org\/{rel}","templated":true}]}}