{"id":367836,"date":"2023-11-29T11:23:37","date_gmt":"2023-11-29T11:23:37","guid":{"rendered":"https:\/\/gpdstore.net\/Ei-luokiteltu\/gpd-g1-2024-egpu-telakointiasema\/"},"modified":"2026-03-27T11:13:30","modified_gmt":"2026-03-27T11:13:30","slug":"gpd-g1","status":"publish","type":"product","link":"https:\/\/gpdstore.net\/fi\/product\/gpd-g1\/","title":{"rendered":"GPD G1 (2024) eGPU-telakointiasema"},"content":{"rendered":"\n<figure class=\"wp-block-image aligncenter size-full\"><img decoding=\"async\" src=\"https:\/\/gpdstore.net\/wp-content\/uploads\/\" alt=\"Kuva GPD G1 2024 eGPU -telakointiasemasta, jossa on AMD Radeon RX 7600M XT -n&#xE4;yt&#xF6;nohjain, TGP Toggle -kytkin ja monipuoliset liit&#xE4;nn&#xE4;t. T&#xE4;ydellinen pelaajille ja ammattilaisille. Ennakkotilaa nyt vallankumouksellisia ominaisuuksia varten\" class=\"wp-image-1471\"\/><\/figure>\n\n<h2 class=\"wp-block-heading\"><strong>GPD G1 2024 eGPU -telakointiasema: Vallankumouksellinen harppaus<\/strong><\/h2>\n\n<p>GPD G1 2024 eGPU-telakointiasema edustaa merkitt\u00e4v\u00e4\u00e4 edistysaskelta ulkoisten grafiikkasuorittimien maailmassa. T\u00e4m\u00e4 telakointiasema on suunniteltu k\u00e4ytt\u00e4jille, jotka vaativat sek\u00e4 liikkuvuutta ett\u00e4 huipputehokasta laskentaa, ja se m\u00e4\u00e4rittelee uudelleen eGPU-alan standardit. Huipputeknologian, kuten AMD Radeon RX 7600M XT -n\u00e4yt\u00f6nohjaimen, ja innovatiivisten ominaisuuksien, kuten TGP Toggle -kytkimen, ansiosta GPD G1 eGPU-telakointiasema palvelee sek\u00e4 pelaajia ett\u00e4 ammattilaisia. Sen tyylik\u00e4s ja kannettava muotoilu ei ainoastaan paranna ty\u00f6tilaasi, vaan tarjoaa my\u00f6s tehokasta suorituskyky\u00e4 miss\u00e4 tahansa oletkin. GPD G1 , ota vastaan tulevaisuuden viihde ja tuottavuus ilman kompromisseja.    <\/p>\n\n<figure class=\"wp-block-gallery has-nested-images columns-default is-cropped wp-block-gallery-1 is-layout-flex wp-block-gallery-is-layout-flex\">\n<figure class=\"wp-block-image size-large\"><img decoding=\"async\" data-id=\"1494\" src=\"https:\/\/gpdstore.net\/wp-content\/uploads\/\" alt=\"Kuvassa GPD G1 -k&#xE4;sikonsoli on kytketty WIN Max 2 -kannettavaan tietokoneeseen, ja molemmat laitteet on kytketty ulkoisiin n&#xE4;ytt&#xF6;ihin laajennettua n&#xE4;ytt&#xF6;asetusta varten.\" class=\"wp-image-1494\"\/><\/figure>\n\n\n\n<figure class=\"wp-block-image size-large\"><img decoding=\"async\" data-id=\"1493\" src=\"https:\/\/gpdstore.net\/wp-content\/uploads\/\" alt=\"Kuva, jossa GPD G1 -k&#xE4;mmenlaite on kytketty WIN 4 -kannettavaan tietokoneeseen ulkoisten n&#xE4;ytt&#xF6;jen ohella, mik&#xE4; mahdollistaa monin&#xE4;ytt&#xF6;asetukset.\" class=\"wp-image-1493\"\/><\/figure>\n\n\n\n<figure class=\"wp-block-image size-large\"><img decoding=\"async\" data-id=\"1467\" src=\"https:\/\/gpdstore.net\/wp-content\/uploads\/\" alt=\"Kuvassa GPD G1 -k&#xE4;sikonsoli on liitetty GPD Pocket 3 -laitteeseen, ja molemmat laitteet on liitetty ulkoisiin n&#xE4;ytt&#xF6;ihin monin&#xE4;ytt&#xF6;kokoonpanoa varten.\" class=\"wp-image-1467\"\/><\/figure>\n\n\n\n<figure class=\"wp-block-image size-large\"><img decoding=\"async\" data-id=\"1464\" src=\"https:\/\/gpdstore.net\/wp-content\/uploads\/\" alt=\"GPD G1 2024, tyylik&#xE4;s kannettava pelilaite, jossa on el&#xE4;v&#xE4; n&#xE4;ytt&#xF6;, ergonomiset hallintalaitteet ja moderni muotoilu.\" class=\"wp-image-1464\"\/><\/figure>\n\n\n\n<figure class=\"wp-block-image size-large\"><img fetchpriority=\"high\" decoding=\"async\" width=\"1000\" height=\"1000\" data-id=\"1465\" src=\"https:\/\/gpdstore.net\/wp-content\/uploads\/2024\/05\/GPD-G1_2024-USAGE-IMAGE-5.jpg\" alt=\"Kuva kannettavaan tietokoneeseen liitetyst&#xE4; GPD G1 -k&#xE4;mmenlaitteesta.\" class=\"wp-image-1465\" srcset=\"https:\/\/gpdstore.net\/wp-content\/uploads\/2024\/05\/GPD-G1_2024-USAGE-IMAGE-5.jpg 1000w, https:\/\/gpdstore.net\/wp-content\/uploads\/2024\/05\/GPD-G1_2024-USAGE-IMAGE-5-600x600.jpg 600w, https:\/\/gpdstore.net\/wp-content\/uploads\/2024\/05\/GPD-G1_2024-USAGE-IMAGE-5-150x150.jpg 150w, https:\/\/gpdstore.net\/wp-content\/uploads\/2024\/05\/GPD-G1_2024-USAGE-IMAGE-5-768x768.jpg 768w, https:\/\/gpdstore.net\/wp-content\/uploads\/2024\/05\/GPD-G1_2024-USAGE-IMAGE-5-990x990.jpg 990w, https:\/\/gpdstore.net\/wp-content\/uploads\/2024\/05\/GPD-G1_2024-USAGE-IMAGE-5-441x441.jpg 441w, https:\/\/gpdstore.net\/wp-content\/uploads\/2024\/05\/GPD-G1_2024-USAGE-IMAGE-5-100x100.jpg 100w\" sizes=\"(max-width: 1000px) 100vw, 1000px\" \/><\/figure>\n\n\n\n<figure class=\"wp-block-image size-large\"><img decoding=\"async\" data-id=\"1466\" src=\"https:\/\/gpdstore.net\/wp-content\/uploads\/\" alt=\"GPD G1 2024 eGPU-telakointiasema: AMD Radeon RX 7600M XT GPU, TGP Toggle Switch ja monipuoliset liit&#xE4;nn&#xE4;t. Ihanteellinen pelaajille ja ammattilaisille. \" class=\"wp-image-1466\"\/><\/figure>\n<\/figure>\n\n<div class=\"wp-block-columns is-layout-flex wp-container-core-columns-is-layout-28f84493 wp-block-columns-is-layout-flex\">\n<div class=\"wp-block-column is-layout-flow wp-block-column-is-layout-flow\" style=\"flex-basis:66.66%\">\n<figure class=\"wp-block-image size-full\"><img decoding=\"async\" src=\"https:\/\/gpdstore.net\/wp-content\/uploads\/\" alt=\"Kuva, jossa esitell&#xE4;&#xE4;n GPD G1 2024 eGPU-telakointiasema, jossa korostuvat AMD Radeon RX 7600M XT -n&#xE4;yt&#xF6;nohjain, TGP Toggle -kytkin ja monipuoliset liit&#xE4;nt&#xE4;mahdollisuudet. T&#xE4;ydellinen pelaajille ja ammattilaisille, jotka etsiv&#xE4;t vertaansa vailla olevaa suorituskyky&#xE4; ja tyylik&#xE4;st&#xE4; muotoilua. \" class=\"wp-image-995\"\/><\/figure>\n<\/div>\n\n\n\n<div class=\"wp-block-column is-layout-flow wp-block-column-is-layout-flow\" style=\"flex-basis:33.33%\">\n<h2 class=\"wp-block-heading has-text-align-left\"><strong>GPD G1 2024 &#8211;<\/strong> <strong><strong>Pienin n\u00e4yt\u00f6nohjaimen laajennustelakka <\/strong><\/strong> <\/h2>\n\n\n\n<p>eGPU-telakointiasema asettaa uudet teknologiset standardit ja tarjoaa vertaansa vailla olevaa suorituskyky\u00e4, muotoilua ja toiminnallisuutta. Tehokkaan AMD Radeon RX 7600M XT -n\u00e4yt\u00f6nohjaimen, innovatiivisen TGP Toggle -kytkimen ja monipuolisten liit\u00e4nt\u00e4vaihtoehtojen ansiosta se on paras ratkaisu pelaajille ja ammattilaisille. Ennakkotilaa GPD G1 2024 eGPU Docking Station jo t\u00e4n\u00e4\u00e4n ja p\u00e4\u00e4set ensimm\u00e4isten joukossa kokemaan sen mullistavat ominaisuudet. Astu tulevaisuuteen GPD G1 &#8211; jossa suorituskyky kohtaa siirrett\u00e4vyyden.   <\/p>\n<\/div>\n<\/div>\n\n<h2 class=\"wp-block-heading has-text-align-center\">Seuraavan sukupolven suorituskyvyn valvonta: TGP ja liitett\u00e4vyys tehok\u00e4ytt\u00e4jille<\/h2>\n\n<div class=\"wp-block-columns is-layout-flex wp-container-core-columns-is-layout-28f84493 wp-block-columns-is-layout-flex\">\n<div class=\"wp-block-column is-layout-flow wp-block-column-is-layout-flow\">\n<figure class=\"wp-block-image size-full is-resized\"><img decoding=\"async\" src=\"https:\/\/gpdstore.net\/wp-content\/uploads\/\" alt=\"Kuva GPD G1 2024 eGPU -telakointiasemasta, jossa on AMD Radeon RX 7600M XT -n&#xE4;yt&#xF6;nohjain, TGP Toggle -kytkin tehostettuun suorituskyvyn hallintaan ja monipuoliset liit&#xE4;nn&#xE4;t. T&#xE4;ydellinen pelaajille ja ammattilaisille. Ennakkotilaa nyt vallankumouksellisia ominaisuuksia varten.\" class=\"wp-image-1510\" style=\"width:281px;height:auto\"\/><\/figure>\n\n\n\n<h3 class=\"wp-block-heading\"><strong>Hiljainen tila vs. parannettu suorituskyky: TGP-vaihtokytkin (60W\/100W) optimoi k\u00e4ytt\u00f6kokemuksesi.<\/strong><\/h3>\n\n\n\n<p>Eksklusiivinen \u201dTGP Toggle Key\u201d -n\u00e4pp\u00e4in, jolla voit vaihtaa pelin aikana vapaasti \u00e4\u00e4nett\u00f6m\u00e4n ja suorituskykyisen tilan v\u00e4lill\u00e4.<br\/>TGP Toggle -kytkimen avulla k\u00e4ytt\u00e4j\u00e4t voivat valita hiljaisen tilan (60W TGP), joka v\u00e4hent\u00e4\u00e4 melua, ja normaalitilan (100W TGP), joka parantaa suorituskyky\u00e4, mik\u00e4 tarjoaa joustavuutta k\u00e4ytt\u00e4jien tarpeiden mukaan.<\/p>\n<\/div>\n\n\n\n<div class=\"wp-block-column is-layout-flow wp-block-column-is-layout-flow\">\n<figure class=\"wp-block-image size-full is-resized\"><img decoding=\"async\" src=\"https:\/\/gpdstore.net\/wp-content\/uploads\/\" alt=\"Kuva GPD G1 2024 M.2 NVMe Protocol to Oculink SFF-8612 -liit&#xE4;nt&#xE4;sovitinkortti, joka tarjoaa kompaktin laajennuksen n&#xE4;yt&#xF6;nohjaimille. \" class=\"wp-image-1507\" style=\"width:284px;height:auto\"\/><\/figure>\n\n\n\n<h3 class=\"wp-block-heading\"><strong>Oculinkin etu: Miksi SFF-8612-liit\u00e4nt\u00e4 tarjoaa ylivoimaisen kaistanleveyden eGPU:lle?<\/strong><\/h3>\n\n\n\n<p>ITX-emolevyiss\u00e4, kuten Z690I:ss\u00e4, on yleens\u00e4 kolme M.2-liit\u00e4nt\u00e4\u00e4, joista yhteen voidaan liitt\u00e4\u00e4 sovitinkortti. Oculink SF-8611 -kaksoisporttikaapelia voidaan sitten k\u00e4ytt\u00e4\u00e4 sovitinkortin Oculink SFF-8612 -liit\u00e4nn\u00e4n liitt\u00e4miseen GPD G1 Oculink SFF-8612 -liit\u00e4nt\u00e4\u00e4n. <\/p>\n<\/div>\n\n\n\n<div class=\"wp-block-column is-layout-flow wp-block-column-is-layout-flow\">\n<figure class=\"wp-block-image size-full is-resized\"><img decoding=\"async\" src=\"https:\/\/gpdstore.net\/wp-content\/uploads\/\" alt=\"Kuva GPD G1 2024 SFF-8612 -liit&#xE4;nt&#xE4;sovitinkortista, pienimm&#xE4;st&#xE4; n&#xE4;yt&#xF6;nohjaimen laajennustelakasta.\" class=\"wp-image-1508\" style=\"width:227px;height:auto\"\/><\/figure>\n\n\n\n<h3 class=\"wp-block-heading\"><strong>Puolikorkeusongelman ratkaiseminen: Pitk\u00e4n ja lyhyen kiinnikkeen k\u00e4ytt\u00e4minen n\u00e4yt\u00f6nohjaimen asentamiseen<\/strong><\/h3>\n\n\n\n<p>ITX-koteloihin sopivat puolikorkeat n\u00e4yt\u00f6nohjaimet ovat harvinaisia, ja suorituskykyisi\u00e4 puolikorkeita n\u00e4yt\u00f6nohjaimia ei juuri ole. Siksi voit asentaa PCIe 3.0 x4 &#8211; Oculink SFF-8612 -liit\u00e4nt\u00e4sovitinkortin, jolla voit liitt\u00e4\u00e4 GPD G1. Pitk\u00e4 kiinnike ja lyhyt kiinnike voidaan vaihtaa helposti.  <\/p>\n\n\n\n<h3 class=\"wp-block-heading\"><strong><br\/><\/strong><\/h3>\n<\/div>\n<\/div>\n\n<h2 class=\"wp-block-heading\"><strong>Tuotteen yleiskatsaus<\/strong><\/h2>\n\n<p>GPD G1 2024 eGPU-telakointiasema ilment\u00e4\u00e4 teknist\u00e4 edistyst\u00e4 ja ergonomista muotoilua. AMD Radeon RX 7600M XT -n\u00e4yt\u00f6nohjaimen ja RDNA 3.0 -arkkitehtuurin avulla se tarjoaa vertaansa vailla olevan grafiikkasuorituskyvyn, joka soveltuu AAA-pelaamiseen jopa 4K-resoluutiolla. T\u00e4m\u00e4 laite palvelee monenlaisia k\u00e4ytt\u00e4ji\u00e4 huippuluokan suorituskyky\u00e4 etsivist\u00e4 peliharrastajista ammattilaisiin, jotka tarvitsevat laskentatehoa liikkeell\u00e4 ollessaan.  <\/p>\n\n<figure class=\"wp-block-image size-full\"><img decoding=\"async\" src=\"https:\/\/gpdstore.net\/wp-content\/uploads\/\" alt=\"Kuva GPD G1 2024 eGPU -telakointiasema, jossa on AMD Radeon RX 7600M XT -n&#xE4;yt&#xF6;nohjain, TGP Toggle -kytkin ja  \" class=\"wp-image-1511\"\/><\/figure>\n\n<p>GPD G1 2024 eGPU-telakointiasema tarjoaa poikkeuksellista monipuolisuutta OcuLink- ja USB 4 -liit\u00e4nt\u00e4vaihtoehtojensa ansiosta, ja se tukee monenlaisia kannettavia pelitietokoneita ja -laitteita. Sen kompakti ja kevyt rakenne, jonka mitat ovat vain 22,5 \u00d7 11,1 \u00d7 3,0 cm ja paino 920 g, takaa kannettavuuden suorituskyvyst\u00e4 tinkim\u00e4tt\u00e4. Olitpa sitten kotona tai liikkeell\u00e4, GPD G1 eGPU-telakointiasema tehostaa sek\u00e4 pelisessioita ett\u00e4 tuottavuusteht\u00e4vi\u00e4 helposti. Lis\u00e4ksi sen yhteensopivuus ROG ALLY X:n kanssa laajentaa sen k\u00e4ytett\u00e4vyytt\u00e4 useammissa pelij\u00e4rjestelmiss\u00e4.   <\/p>\n\n<figure class=\"wp-block-image aligncenter size-full\"><img decoding=\"async\" width=\"900\" height=\"559\" src=\"https:\/\/gpdstore.net\/wp-content\/uploads\/2024\/05\/3-1.png\" alt=\"GPD G1 eGPU:n mitat: Kompakti ja tilatehokas saumatonta integrointia varten.\" class=\"wp-image-1512\" srcset=\"https:\/\/gpdstore.net\/wp-content\/uploads\/2024\/05\/3-1.png 900w, https:\/\/gpdstore.net\/wp-content\/uploads\/2024\/05\/3-1-600x373.png 600w, https:\/\/gpdstore.net\/wp-content\/uploads\/2024\/05\/3-1-768x477.png 768w, https:\/\/gpdstore.net\/wp-content\/uploads\/2024\/05\/3-1-320x200.png 320w, https:\/\/gpdstore.net\/wp-content\/uploads\/2024\/05\/3-1-360x224.png 360w, https:\/\/gpdstore.net\/wp-content\/uploads\/2024\/05\/3-1-441x274.png 441w, https:\/\/gpdstore.net\/wp-content\/uploads\/2024\/05\/3-1-150x93.png 150w\" sizes=\"(max-width: 900px) 100vw, 900px\" \/><\/figure>\n\n<h2 class=\"wp-block-heading\"><strong>Yksityiskohtaiset ominaisuudet<\/strong><\/h2>\n\n<p><strong>Suorituskyky:<\/strong> GPD G1 2024 telakointiasemassa on AMD Radeon RX 7600M XT -n\u00e4yt\u00f6nohjain, jossa on 32 laskentayksikk\u00f6\u00e4, joiden kellotaajuus on 2300 MHz ja 8 Gt GDDR6-muistia. Laitteen sis\u00e4\u00e4nrakennettu 240 W:n GaN-laturi tarjoaa runsaasti virtaa jatkuvaan suorituskykyyn. <\/p>\n\n<p><strong>Grafiikan suorituskyky:<\/strong> GPD G1 &#8216;n poikkeuksellisen suorituskyvyn ytimess\u00e4 on sen n\u00e4yt\u00f6nohjain. Se pystyy ohjaamaan pelej\u00e4 ja sovelluksia jopa 4K-resoluutiolla, ja se tarjoaa eloisan visuaalisen ilmeen ja sujuvan pelattavuuden, joka sopii erinomaisesti AAA-peleihin. <\/p>\n\n<figure class=\"wp-block-image aligncenter size-full\"><img decoding=\"async\" src=\"https:\/\/gpdstore.net\/wp-content\/uploads\/\" alt=\"Kuva GPD G1 2024 eGPU-telakointiasemasta, jossa on AMD Radeon RX 7600M XT -n&#xE4;yt&#xF6;nohjain, TGP Toggle -kytkin ja monipuoliset liit&#xE4;nt&#xE4;mahdollisuudet. Ihanteellinen pelaajille ja ammattilaisille.  Ennakkotilaa nyt vallankumouksellisia ominaisuuksia varten.\" class=\"wp-image-1505\"\/><\/figure>\n\n<h2 class=\"wp-block-heading\"><strong>P\u00e4ivitetyt HDMI- ja USB-portit<\/strong><\/h2>\n\n<p>GPD G1 2024 eGPU -mallissa on p\u00e4ivitetty HDMI 2.1 -portti, joka tukee 4K 120Hz -ulostuloa, ja USB 4 -portti, jossa on 65 W:n tehol\u00e4ht\u00f6, mik\u00e4 parantaa visuaalista laatua ja laitteiden yhteensopivuutta.<\/p>\n\n<h2 class=\"wp-block-heading\"><strong>K\u00e4ytt\u00e4j\u00e4kokemus<\/strong><\/h2>\n\n<p>GPD G1 m\u00e4\u00e4rittelee k\u00e4ytt\u00f6kokemuksen uudelleen tarjoamalla ty\u00f6p\u00f6yt\u00e4tason pelisuorituskyvyn kannettavassa muodossa. Useiden USB-porttien sek\u00e4 HDMI- ja kahden DisplayPort-ulostulon ansiosta k\u00e4ytt\u00e4j\u00e4t voivat luoda upeita pelikokoonpanoja tai tuottavia moniteht\u00e4v\u00e4ymp\u00e4rist\u00f6j\u00e4. Laitteen ergonominen muotoilu ja helppo asennusprosessi takaavat, ett\u00e4 k\u00e4ytt\u00e4j\u00e4t voivat aloittaa pelaamisen tai ty\u00f6skentelyn muutamassa minuutissa.  <\/p>\n\n<div class=\"wp-block-columns is-layout-flex wp-container-core-columns-is-layout-28f84493 wp-block-columns-is-layout-flex\">\n<div class=\"wp-block-column is-layout-flow wp-block-column-is-layout-flow\" style=\"flex-basis:100%\">\n<h2 class=\"wp-block-heading\"><strong>P\u00e4\u00e4telm\u00e4<\/strong><\/h2>\n<\/div>\n<\/div>\n\n<p>GPD G1 2024 eGPU-telakointiasema on teknologisen innovaation edell\u00e4k\u00e4vij\u00e4, jossa yhdistyv\u00e4t ylivoimainen suorituskyky, tyylik\u00e4s muotoilu ja poikkeuksellinen toiminnallisuus. Se on varustettu mahtavalla AMD Radeon RX 7600M XT -n\u00e4yt\u00f6nohjaimella ja uraauurtavalla TGP Toggle -kytkimell\u00e4, tarjoaa monipuoliset liit\u00e4nt\u00e4vaihtoehdot ja on yhteensopiva ROG ALLY X:n kanssa. GPD G1 eGPU-telakointiasema on ehdoton valinta niille, jotka tavoittelevat korkeinta tasoa pelaamisessa ja tuottavuudessa. Astu viihteen tulevaisuuteen laitteella, joka irrottautuu perinteisen tietojenk\u00e4sittelyn rajoituksista.  <\/p>\n\n<h2 class=\"wp-block-heading has-text-align-center\">Parhaat PC-pelaamiseen tarkoitetut kannettavat tietokoneet GPD G1:lle<\/h2>\n\n<p>GPD G1 2024 on huipputekninen eGPU, joka parantaa merkitt\u00e4v\u00e4sti erilaisten PC-k\u00e4sikonsolien pelisuorituskyky\u00e4, joten se on ihanteellinen lis\u00e4varuste GPD Win Max 2 2024-, Win 4 2024- ja Win Mini 2024 -laitteille. GPD Win Max 2 2024:ss\u00e4 on suuri 10,1-tuumainen n\u00e4ytt\u00f6, tehokas Intelin 12. sukupolven prosessori ja t\u00e4ysikokoinen n\u00e4pp\u00e4imist\u00f6, mik\u00e4 tarjoaa monipuolisen ratkaisun sek\u00e4 pelaamiseen ett\u00e4 tuottavuuteen. GPD Win 4 2024:ss\u00e4 on kompakti muotoilu, jossa on ulosvedett\u00e4v\u00e4 n\u00e4pp\u00e4imist\u00f6, ja sen voimanl\u00e4hteen\u00e4 on AMD Ryzen 7 7840U -prosessori, joka on t\u00e4ydellinen tasapaino kannettavuuden ja tehon v\u00e4lill\u00e4. Malliston uusin ja pienin GPD Win Mini 2024 tarjoaa vaikuttavaa suorituskyky\u00e4 tehokkaan rakenteensa ja huippuluokan sis\u00e4isten ominaisuuksiensa ansiosta, joten se on ihanteellinen valinta liikkeell\u00e4 oleville pelaajille. Kun n\u00e4m\u00e4 laitteet yhdistet\u00e4\u00e4n GPD G1 2024 -laitteeseen, ne muuttuvat kannettaviksi pelivoimanl\u00e4hteiksi, jotka pystyv\u00e4t k\u00e4sittelem\u00e4\u00e4n uusimpia AAA-pelej\u00e4 helposti ja tarjoamaan saumattoman, mukaansatempaavan pelikokemuksen.    <\/p>\n","protected":false},"excerpt":{"rendered":"<ul>\n<li>GPU:<strong> XT<\/strong> eGPU: AMD Radeon\u2122<strong> RX 7600M XT<\/strong> eGPU  <\/li>\n<li>YHTEENSOPIVUUS:<strong> OCuLink, USB 4, Thunderbolt 3 &amp; 4<\/strong><\/li>\n<li>OCULINK:<strong> PCI Express Connectivity<\/strong><\/li>\n<li>USB 4:<strong> jopa 40 Gbps<\/strong><\/li>\n<li>Suunniteltu: <strong>GPD WIN<\/strong> MAX 2, WIN 4, WIN Mini, ROG Ally X  <\/li>\n<\/ul>\n[cg_accordion title=\"MAKSUTIEDOT\"]<\/p>\n<p>K\u00e4yt\u00e4mme uusinta tekniikkaa maksujen k\u00e4sittelyss\u00e4, jonka avulla voit tehd\u00e4 maksun pankki- tai luottokortilla tai PayPalilla, mik\u00e4 takaa nopean ja turvallisen kokemuksen.[\/cg_accordion]\n[cg_accordion title=\"TAKUU\"]<\/p>\n<p>2 vuoden takuu <a href=\"https:\/\/droix.net\/\" target=\"_blank\" rel=\"nofollow noopener\">DROIX Global ilta mielenrauhasi vuoksi<\/a> [\/cg_accordion]\n[cg_accordion title=\"LAADUNVARMISTUS JA L\u00c4HETYST\u00c4 EDELT\u00c4V\u00c4 TESTAUS\"]<\/p>\n<p>Asiakastyytyv\u00e4isyyden varmistaminen korkeimmalla tasolla: Jokainen laite testataan tiukasti ja sille tehd\u00e4\u00e4n monipisteinen laadunvarmistustarkastus ennen sen l\u00e4hett\u00e4mist\u00e4. Asialle omistautunut tiimimme tarkistaa suorituskyvyn, toimivuuden ja komponenttien eheyden, jotta GPD-laitteesi on saapuessaan t\u00e4ydellisess\u00e4 toimintakunnossa, mik\u00e4 antaa sinulle luottamusta ja mielenrauhaa. [\/cg_accordion]\n[cg_accordion title=\"HINNOITTELU, VEROT JA TOIMITUKSET\"]<\/p>\n<p><strong><u>Huom:<\/u><\/strong><\/p>\n<ul>\n<li>Yhdysvallat Asiakkaat: Asiakkaat: N\u00e4ytetty hinta EI sis\u00e4ll\u00e4 veroja eik\u00e4 tulleja. Vastuu tulliselvityksest\u00e4 ja siihen liittyvien verojen\/tullien maksamisesta on asiakkaalla. <\/li>\n<li>EU:n asiakkaat: N\u00e4ytetty hinta sis\u00e4lt\u00e4\u00e4 sovellettavan veron, joka voi olla jopa 25 % maastasi riippuen.<\/li>\n<li>Kanada Asiakkaat: N\u00e4ytetty hinta sis\u00e4lt\u00e4\u00e4 sovellettavat verot, joihin voi sis\u00e4lty\u00e4 5 % GST ja ylim\u00e4\u00e4r\u00e4isi\u00e4 maakunnallisia myyntiveroja (PST), harmonisoitua myyntiveroa (HST) tai Quebecin myyntiveroa (QST) maakunnasta riippuen.<\/li>\n<\/ul>\n<p><strong>AINOASTAAN EU:n asiakkaille:<\/strong> Express DDP (Delivered Duty Paid). T\u00e4m\u00e4 tarkoittaa: <\/p>\n<ul>\n<li>Kaikki tullit ja verot sis\u00e4ltyv\u00e4t tuotesivulla ilmoitettuun hintaan.<\/li>\n<li>Sinun ei tarvitse maksaa lis\u00e4maksuja toimituksen yhteydess\u00e4.<\/li>\n<li>Harvinaisissa tulliin liittyviss\u00e4 tapauksissa tiimimme hoitaa tulliselvitysprosessin puolestasi varmistaakseen sujuvan toimituksen.<\/li>\n<p>T\u00e4rke\u00e4\u00e4 tietoa palautuksista:<\/p>\n<li>Jos p\u00e4\u00e4t\u00e4t palauttaa tilauksesi tai pyyt\u00e4\u00e4 palautusta, ota huomioon, ett\u00e4 DDP-ehtojen mukaisesti puolestasi maksettuja veroja ja tulleja ei voida palauttaa.<\/li>\n<p>Katso yksityiskohtaiset tiedot <a href=\"https:\/\/droix.net\/terms-and-conditions\/\" target=\"_blank\" rel=\"nofollow noopener\">k\u00e4ytt\u00f6ehdoistamme<\/a>.\n<\/ul>\n<p>[\/cg_accordion]\n[cg_accordion title=\"ASIAKASTUKI\"]<\/p>\n<p>Onko kysytt\u00e4v\u00e4\u00e4? Olemme lyhyen tekstiviestin p\u00e4\u00e4ss\u00e4 siit\u00e4, ett\u00e4 ongelmasi on ratkaistu! <\/p>\n<p>Katso yksityiskohtaiset tiedot <a href=\"https:\/\/gpdstore.net\/fi\/terms-of-service\/\" target=\"_blank\" rel=\"nofollow noopener\">k\u00e4ytt\u00f6ehdoistamme<\/a>.\n<\/ul>\n<p>[\/cg_accordion]\n[cg_accordion title=\"MIT\u00c4 SIS\u00c4LTYY\"]<\/p>\n<ul>\n<li>1x GPD G1 2024<\/li>\n<li>1x virtal\u00e4hde<\/li>\n<li>1x USB Type-C-kaapeli<\/li>\n<li>1x K\u00e4ytt\u00f6ohje<\/li>\n<\/ul>\n<p>[\/cg_accordion]\n","protected":false},"featured_media":311269,"template":"","meta":{"_acf_changed":false},"product_brand":[],"product_cat":[10091],"product_tag":[16607,10485],"woo-feed-brand":[9922],"class_list":{"0":"post-367836","1":"product","2":"type-product","3":"status-publish","4":"has-post-thumbnail","6":"product_cat-tarvikkeet","7":"product_tag-10xmsale-fi","8":"product_tag-gpd-g1-fi","9":"product_shipping_class-premium","10":"pa_brand-gpd","11":"pa_graphics-gpu-model-radeon-rx-7600m-xt-fi","12":"pa_i-o-video-1x-oculink-fi","13":"pa_i-o-video-1x-usb-4-0-type-cn-kautta-40gb-s","14":"woo-feed-brand-gpd-fi","16":"first","17":"outofstock","18":"taxable","19":"shipping-taxable","20":"purchasable","21":"product-type-variable","22":"has-default-attributes"},"acf":[],"aioseo_notices":[],"_links":{"self":[{"href":"https:\/\/gpdstore.net\/fi\/wp-json\/wp\/v2\/product\/367836","targetHints":{"allow":["GET"]}}],"collection":[{"href":"https:\/\/gpdstore.net\/fi\/wp-json\/wp\/v2\/product"}],"about":[{"href":"https:\/\/gpdstore.net\/fi\/wp-json\/wp\/v2\/types\/product"}],"wp:featuredmedia":[{"embeddable":true,"href":"https:\/\/gpdstore.net\/fi\/wp-json\/wp\/v2\/media\/311269"}],"wp:attachment":[{"href":"https:\/\/gpdstore.net\/fi\/wp-json\/wp\/v2\/media?parent=367836"}],"wp:term":[{"taxonomy":"product_brand","embeddable":true,"href":"https:\/\/gpdstore.net\/fi\/wp-json\/wp\/v2\/product_brand?post=367836"},{"taxonomy":"product_cat","embeddable":true,"href":"https:\/\/gpdstore.net\/fi\/wp-json\/wp\/v2\/product_cat?post=367836"},{"taxonomy":"product_tag","embeddable":true,"href":"https:\/\/gpdstore.net\/fi\/wp-json\/wp\/v2\/product_tag?post=367836"},{"taxonomy":"woo-feed-brand","embeddable":true,"href":"https:\/\/gpdstore.net\/fi\/wp-json\/wp\/v2\/woo-feed-brand?post=367836"}],"curies":[{"name":"wp","href":"https:\/\/api.w.org\/{rel}","templated":true}]}}