{"id":350551,"date":"2024-08-22T08:22:33","date_gmt":"2024-08-22T08:22:33","guid":{"rendered":"https:\/\/gpdstore.net\/Ei-luokiteltu\/gpd-p2-max-2022-mini-kannettava-tietokone\/"},"modified":"2025-12-23T10:06:09","modified_gmt":"2025-12-23T10:06:09","slug":"gpd-p2-max-2022-mini-laptop","status":"publish","type":"product","link":"https:\/\/gpdstore.net\/fi\/product\/gpd-p2-max-2022-mini-laptop\/","title":{"rendered":"GPD P2 Max 2022 Mini kannettava tietokone"},"content":{"rendered":"\n<figure class=\"wp-block-image aligncenter\"><a href=\"https:\/\/droix.net\/wp-content\/uploads\/2022\/01\/GPD-P2-MAX-2022-MARKETING-IMAGE-1.png\"><img decoding=\"async\" src=\"https:\/\/droix.net\/wp-content\/uploads\/2022\/01\/GPD-P2-MAX-2022-MARKETING-IMAGE-1.png\" alt=\"GPD P2 Max 2022 Ultrabook, jossa n&#xE4;kyy stylus\" class=\"wp-image-10581\"\/><\/a><\/figure>\n\n<figure class=\"wp-block-image aligncenter\"><a href=\"https:\/\/droix.net\/wp-content\/uploads\/2022\/01\/GPD-P2-MAX-2022-MARKETING-IMAGE-2.png\"><img decoding=\"async\" src=\"https:\/\/droix.net\/wp-content\/uploads\/2022\/01\/GPD-P2-MAX-2022-MARKETING-IMAGE-2.png\" alt=\"GPD P2 Max 2022 Ultrabook n&#xE4;ytt&#xE4;&#xE4; n&#xE4;pp&#xE4;imist&#xF6;n\" class=\"wp-image-10582\"\/><\/a><\/figure>\n\n<figure class=\"wp-block-image aligncenter\"><a href=\"https:\/\/droix.net\/wp-content\/uploads\/2022\/01\/GPD-P2-MAX-2022-MARKETING-IMAGE-3.png\"><img decoding=\"async\" src=\"https:\/\/droix.net\/wp-content\/uploads\/2022\/01\/GPD-P2-MAX-2022-MARKETING-IMAGE-3.png\" alt=\"GPD P2 Max 2022 Ultrabook n&#xE4;ytt&#xE4;&#xE4; sormenj&#xE4;lkitunnistimen\" class=\"wp-image-10583\"\/><\/a><\/figure>\n\n<figure class=\"wp-block-image aligncenter\"><a href=\"https:\/\/droix.net\/wp-content\/uploads\/2022\/01\/GPD-P2-MAX-2022-MARKETING-IMAGE-4.png\"><img decoding=\"async\" src=\"https:\/\/droix.net\/wp-content\/uploads\/2022\/01\/GPD-P2-MAX-2022-MARKETING-IMAGE-4.png\" alt=\"GPD P2 Max 2022 Ultrabook n&#xE4;ytt&#xE4;&#xE4; prosessorin\" class=\"wp-image-10584\"\/><\/a><\/figure>\n\n<figure class=\"wp-block-image aligncenter\"><a href=\"https:\/\/droix.net\/wp-content\/uploads\/2022\/01\/GPD-P2-MAX-2022-MARKETING-IMAGE-5.png\"><img decoding=\"async\" src=\"https:\/\/droix.net\/wp-content\/uploads\/2022\/01\/GPD-P2-MAX-2022-MARKETING-IMAGE-5.png\" alt=\"GPD P2 Max 2022 Ultrabook n&#xE4;ytt&#xE4;&#xE4; usb c\" class=\"wp-image-10585\"\/><\/a><\/figure>\n\n<p><span data-contrast=\"none\">Suositun ultrabookin p\u00e4ivitys on t\u00e4\u00e4ll\u00e4! <strong>GPD P2 Max 2022<\/strong> ottaa n\u00e4ytt\u00e4m\u00f6n haltuunsa useilla p\u00e4ivityksill\u00e4, jotka pit\u00e4v\u00e4t sen ajan tasalla ja ajankohtaisena nykyaikana! Se on t\u00e4ydellinen kumppani pitkille ty\u00f6matkoille, reissaavalle kirjoittajalle ja kaikenlaisiin muihin tilanteisiin.  <\/span><\/p>\n\n<p><span data-contrast=\"none\"><strong>P2 Max 2022<\/strong>:n syd\u00e4men\u00e4 on Intel Pentium N6000. T\u00e4ss\u00e4 neliytimisess\u00e4 prosessorissa yhdistyv\u00e4t energiatehokkuus ja kunnioitettava suorituskyky. Se selviytyy mukavasti kaikista p\u00e4ivitt\u00e4isist\u00e4 teht\u00e4vist\u00e4.  <\/span><\/p>\n\n<p><span data-contrast=\"none\"><strong>16 Gt LPDDR4x RAM-muistia<\/strong> tukee vakaata ja luotettavaa suorituskyky\u00e4 moniteht\u00e4v\u00e4ss\u00e4 ja sis\u00e4ll\u00f6n tuottamisessa ja muokkaamisessa. Kun t\u00e4h\u00e4n yhdistet\u00e4\u00e4n <strong>1 Tt nopeaa NVMe-tallennustietoa<\/strong>, saat ihanan joustavan mutta eritt\u00e4in kannettavan ty\u00f6aseman. <\/span><\/p>\n\n<p><span data-contrast=\"none\">Huikean kokoinen <strong>8,9 tuuman n\u00e4ytt\u00f6<\/strong> tarjoaa huikean 2560x1600p-resoluution, joka tarjoaa ter\u00e4v\u00e4n ja selke\u00e4n visuaalisen ilmeen kaikille esityksille, valokuville, videoille ja muulle. T\u00e4m\u00e4 n\u00e4ytt\u00f6 on my\u00f6s <strong>kosketusherkk\u00e4<\/strong>, ja sit\u00e4 voidaan k\u00e4ytt\u00e4\u00e4 jopa kyn\u00e4nauhojen kanssa! <\/span><\/p>\n\n<p><span data-contrast=\"none\">T\u00e4ss\u00e4 <strong>minil\u00e4pp\u00e4riss\u00e4<\/strong> on juuri tarpeeksi liitett\u00e4vyytt\u00e4 ilman, ett\u00e4 siit\u00e4 tulee liian tilaa viev\u00e4. Kaksi USB type-A-porttia, USB type-C-portti, 3,5 mm:n \u00e4\u00e4niliit\u00e4nt\u00e4 ja   <\/span><strong><span data-contrast=\"none\">ja<\/span><\/strong><span data-contrast=\"none\">  Micro HDMI-portti, P2 Max 2022 on yht\u00e4 mukava syliss\u00e4si kuin telakointiasemaan kiinnitettyn\u00e4! Langatonta yhteytt\u00e4 suosiville <strong>GPD P2 Max 2022<\/strong> -laitteessa on Wi-Fi 6, joka takaa maksimaalisen verkon nopeuden ja vakauden. <\/span>.<\/p>\n\n<p><\/p>\n","protected":false},"excerpt":{"rendered":"<ul>\n<li>Intel\u00ae Pentium\u00ae Silver N6000 -prosessori<\/li>\n<li><strong>16GB LPDDR4x RAM-muistia<\/strong> @2933Mhz<\/li>\n<li><strong>8,9&#8243; kosketusn\u00e4ytt\u00f6 \/ sormenj\u00e4lkiskanneri<\/strong><\/li>\n<li><strong>1TB<\/strong> PCI-E NVMe SSD<\/li>\n<li>Yhteensopiva <strong>Windows 11<\/strong><\/li>\n<\/ul>\n<p> [cg_accordion title=\"MAKSUTIEDOT\"] K\u00e4yt\u00e4mme uusinta tekniikkaa maksujen k\u00e4sittelyss\u00e4, jonka avulla voit tehd\u00e4 maksun Apple Payn, Google Payn, pankki- tai luottokortin, PayPalin tai BNPL-menetelmien, kuten Klarna, Affirm tai AfterPay, avulla nopean ja turvallisen maksukokemuksen.[\/cg_accordion] [cg_accordion title=\"TAKUU\"] 2 vuoden takuu <a href=\"https:\/\/droix.net\/\" target=\"_blank\" rel=\"nofollow noopener\">DROIX Globalilta<\/a> mielenrauhasi vuoksi.[\/cg_accordion] [cg_accordion title=\"PRICING, TAXES AND SHIPPING\"] <strong><u>Huom:<\/u><\/strong><\/p>\n<ul>\n<li>Yhdysvallat Asiakkaat: Asiakkaat: N\u00e4ytetty hinta EI sis\u00e4ll\u00e4 veroja eik\u00e4 tulleja. Vastuu tulliselvityksest\u00e4 ja siihen liittyvien verojen\/tullien maksamisesta on asiakkaalla. <\/li>\n<li>EU:n asiakkaat: N\u00e4ytetty hinta sis\u00e4lt\u00e4\u00e4 sovellettavan veron, joka voi olla jopa 25 % maastasi riippuen.<\/li>\n<li>Kanada Asiakkaat: N\u00e4ytetty hinta sis\u00e4lt\u00e4\u00e4 sovellettavat verot, joihin voi sis\u00e4lty\u00e4 5 % GST ja ylim\u00e4\u00e4r\u00e4isi\u00e4 maakunnallisia myyntiveroja (PST), harmonisoitua myyntiveroa (HST) tai Quebecin myyntiveroa (QST) maakunnasta riippuen.<\/li>\n<\/ul>\n<p><strong>AINOASTAAN EU:n asiakkaille:<\/strong> Express DDP (Delivered Duty Paid). T\u00e4m\u00e4 tarkoittaa: <\/p>\n<ul>\n<li style=\"list-style-type: none;\">\n<ul>\n<li>Kaikki tullit ja verot sis\u00e4ltyv\u00e4t tuotesivulla ilmoitettuun hintaan.<\/li>\n<li>Sinun ei tarvitse maksaa lis\u00e4maksuja toimituksen yhteydess\u00e4.<\/li>\n<li>Harvinaisissa tulliin liittyviss\u00e4 tapauksissa tiimimme hoitaa tulliselvitysprosessin puolestasi varmistaakseen sujuvan toimituksen.<\/li>\n<p>T\u00e4rke\u00e4\u00e4 tietoa palautuksista:<\/p>\n<li>Jos p\u00e4\u00e4t\u00e4t palauttaa tilauksesi tai pyyt\u00e4\u00e4 palautusta, ota huomioon, ett\u00e4 DDP-ehtojen mukaisesti puolestasi maksettuja veroja ja tulleja ei voida palauttaa.<\/li>\n<p>Tutustu meid\u00e4n<\/ul>\n<\/li>\n<\/ul>\n<p><a href=\"https:\/\/gpdstore.net\/fi\/terms-of-service\/\" target=\"_blank\" rel=\"nofollow noopener\">Ehdot ja edellytykset<\/a><\/p>\n<ul>yksityiskohtaisia tietoja.<\/ul>\n<p>[\/cg_accordion] [cg_accordion title=\"ASIAKASTUKI\"]  Onko kysytt\u00e4v\u00e4\u00e4? Olemme lyhyen tekstiviestin p\u00e4\u00e4ss\u00e4 siit\u00e4, ett\u00e4 ongelmasi on ratkaistu!   [\/cg_accordion] [cg_accordion title=\"WHAT'S INCLUDED\"]<\/p>\n<ul>\n<li>1x USB Type-C-kaapeli<\/li>\n<li>1x virtal\u00e4hde<\/li>\n<li>1x K\u00e4ytt\u00f6ohje<\/li>\n<\/ul>\n<p>[\/cg_accordion]<\/p>\n","protected":false},"featured_media":350555,"template":"","meta":{"_acf_changed":false},"product_brand":[],"product_cat":[10156,10157],"product_tag":[10158],"woo-feed-brand":[9922],"class_list":{"0":"post-350551","1":"product","2":"type-product","3":"status-publish","4":"has-post-thumbnail","6":"product_cat-gpd-mini-kannettavat-tietokoneet","7":"product_cat-kannettavat-tietokoneet","8":"product_tag-gpd-p2-max-fi-2","9":"product_shipping_class-premium","10":"pa_bluetooth-5-fi","11":"pa_brand-gpd","12":"pa_display-type-h-ips-fi","13":"pa_graphics-gpu-model-intel-uhd-graphics-naytonohjain","14":"pa_i-o-video-1x-usb-3-2-gen-2-type-cn-kautta","15":"pa_memory-ram-capacity-16gb-fi","16":"pa_memory-ram-technology-lpddr4x-fi","17":"pa_storage-capacity-1tb-fi","18":"pa_wi-fi-wi-fi-6-fi","19":"woo-feed-brand-gpd-fi","21":"first","22":"outofstock","23":"sale","24":"taxable","25":"shipping-taxable","26":"purchasable","27":"product-type-variable","28":"has-default-attributes"},"acf":[],"aioseo_notices":[],"_links":{"self":[{"href":"https:\/\/gpdstore.net\/fi\/wp-json\/wp\/v2\/product\/350551","targetHints":{"allow":["GET"]}}],"collection":[{"href":"https:\/\/gpdstore.net\/fi\/wp-json\/wp\/v2\/product"}],"about":[{"href":"https:\/\/gpdstore.net\/fi\/wp-json\/wp\/v2\/types\/product"}],"wp:featuredmedia":[{"embeddable":true,"href":"https:\/\/gpdstore.net\/fi\/wp-json\/wp\/v2\/media\/350555"}],"wp:attachment":[{"href":"https:\/\/gpdstore.net\/fi\/wp-json\/wp\/v2\/media?parent=350551"}],"wp:term":[{"taxonomy":"product_brand","embeddable":true,"href":"https:\/\/gpdstore.net\/fi\/wp-json\/wp\/v2\/product_brand?post=350551"},{"taxonomy":"product_cat","embeddable":true,"href":"https:\/\/gpdstore.net\/fi\/wp-json\/wp\/v2\/product_cat?post=350551"},{"taxonomy":"product_tag","embeddable":true,"href":"https:\/\/gpdstore.net\/fi\/wp-json\/wp\/v2\/product_tag?post=350551"},{"taxonomy":"woo-feed-brand","embeddable":true,"href":"https:\/\/gpdstore.net\/fi\/wp-json\/wp\/v2\/woo-feed-brand?post=350551"}],"curies":[{"name":"wp","href":"https:\/\/api.w.org\/{rel}","templated":true}]}}