{"id":346201,"date":"2024-07-12T13:07:42","date_gmt":"2024-07-12T13:07:42","guid":{"rendered":"https:\/\/gpdstore.net\/Ei-luokiteltu\/156-4k-kannettava-naytto-kosketusnaytolla\/"},"modified":"2025-12-23T10:13:48","modified_gmt":"2025-12-23T10:13:48","slug":"15-6-4k-portable-monitor-with-touchscreen","status":"publish","type":"product","link":"https:\/\/gpdstore.net\/fi\/product\/15-6-4k-portable-monitor-with-touchscreen\/","title":{"rendered":"15,6&#8243; 4K-kannettava n\u00e4ytt\u00f6 kosketusn\u00e4yt\u00f6ll\u00e4"},"content":{"rendered":"\n<p>Esittelyss\u00e4 S23b-1 4K Portable Monitor: Nosta visuaalista kokemusta miss\u00e4 tahansa<\/p>\n\n<p>Koe vertaansa vailla oleva visuaalinen selkeys ja kirkkaus kannettavan S23b-1 4K -monitorin avulla. T\u00e4m\u00e4 n\u00e4ytt\u00f6 on suunniteltu niille, jotka vaativat parasta kannettavilta n\u00e4yt\u00f6ilt\u00e4, ja se tarjoaa upean 4K UHD -resoluution kompaktilla 15,6 tuuman n\u00e4yt\u00f6ll\u00e4. Muokkaatpa sitten korkearesoluutioisia valokuvia, suunnittelet monimutkaista grafiikkaa tai sukellat mukaansatempaaviin pelimaailmoihin, S23b-1 varmistaa, ett\u00e4 jokainen yksityiskohta tulee esiin poikkeuksellisen tarkasti ja eloisilla v\u00e4reill\u00e4.<\/p>\n\n<p>Suunniteltu TFT-paneelilla IPS LCD nauti erinomaisesta v\u00e4ritarkkuudesta ja laajoista katselukulmista, jotka sopivat t\u00e4ydellisesti sis\u00e4ll\u00f6n jakamiseen yst\u00e4vien kanssa tai yhteisty\u00f6h\u00f6n kollegoiden kanssa. G+G-kapasitiivinen kosketusn\u00e4ytt\u00f6 parantaa vuorovaikutusta ja tarjoaa tarkan ohjauksen sek\u00e4 saumattoman navigoinnin valikoissa ja asiakirjoissa.<\/p>\n\n<p>Liitett\u00e4vyys on vaivatonta HDMI-miniportin ja kahden Type-C-portin ansiosta, jotka tukevat virranjakelua ja nopeaa tiedonsiirtoa useiden laitteiden v\u00e4lill\u00e4. Lis\u00e4mukavuutta lis\u00e4\u00e4v\u00e4t kuulokeliit\u00e4nt\u00e4 yksityist\u00e4 kuuntelua varten ja Micro-USB-portti oheislaitteita, kuten n\u00e4pp\u00e4imist\u00f6j\u00e4 ja hiiri\u00e4 varten.<\/p>\n\n<p>Kest\u00e4v\u00e4st\u00e4 alumiiniseoksesta valmistetussa S23b-1:ss\u00e4 yhdistyv\u00e4t tyylik\u00e4s, mahdottoman ohut profiili ja kevyt kannettavuus, joten se on ihanteellinen kumppani matkoille tai ty\u00f6tilojen v\u00e4lill\u00e4 liikkumiseen. Kokoontaitettava kotelo toimii my\u00f6s jalustana, jonka avulla se voidaan sijoittaa vakaasti mille tahansa tasaiselle pinnalle, mik\u00e4 takaa monipuolisuuden miss\u00e4 tahansa liikutkin.<\/p>\n\n<p>Plussaa:<\/p>\n\n<ul class=\"wp-block-list\">\n<li>Upea 4K UHD -n\u00e4ytt\u00f6 upeaa visuaalisuutta varten<\/li>\n\n\n\n<li>Monipuoliset liit\u00e4nt\u00e4vaihtoehdot, mukaan lukien HDMI Mini- ja Type-C-portit<\/li>\n\n\n\n<li>Tyylik\u00e4s, kevyt muotoilu, joka on valmistettu korkealaatuisesta alumiiniseoksesta.<\/li>\n\n\n\n<li>Reagoiva G+G-kapasitiivinen kosketusn\u00e4ytt\u00f6 mahdollistaa intuitiivisen vuorovaikutuksen.<\/li>\n<\/ul>\n\n<p>Miinukset:<\/p>\n\n<ul class=\"wp-block-list\">\n<li>Rajoitettu 15,6 tuuman n\u00e4yt\u00f6n kokoon<\/li>\n\n\n\n<li>Sis\u00e4\u00e4nrakennetut kaiuttimet eiv\u00e4t ehk\u00e4 vastaa ulkoista \u00e4\u00e4nenlaatua<\/li>\n<\/ul>\n\n<p>Olitpa sitten luova ammattilainen, innokas pelaaja tai liikkeell\u00e4 oleva harrastaja, kannettava S23b-1 4K -monitori m\u00e4\u00e4rittelee kannettavan n\u00e4yt\u00f6n huippuosaamisen uudelleen ja tarjoaa poikkeuksellisen suorituskyvyn kompaktissa paketissa.<\/p>\n","protected":false},"excerpt":{"rendered":"<ul>\n<li><strong>15,6&#8243; 4K-kannettava<\/strong> n\u00e4ytt\u00f6, jossa on kosketusn\u00e4ytt\u00f6 ter\u00e4v\u00e4piirtoa varten<\/li>\n<li>Kompakti koko 14,17 x 8,4 x 0,43 tuumaa ja paino <strong>920 g.<\/strong><\/li>\n<li>Kosketusn\u00e4ytt\u00f6 Yhteensopiva <strong>MacOS:n<\/strong> kanssa<\/li>\n<li>Kosketusn\u00e4ytt\u00f6 <strong>tukee<\/strong> yhteensopivien laitteiden <strong>kosketinsy\u00f6tt\u00f6\u00e4<\/strong> <\/li>\n<li><strong>Virtal\u00e4hteen\u00e4 USB<\/strong>, tukee mini-HDMI:t\u00e4 ja USB Type-C:t\u00e4.<\/li>\n<\/ul>\n[cg_accordion title=\"MAKSUTIEDOT\"]<\/p>\n<p>K\u00e4yt\u00e4mme uusinta tekniikkaa maksujen k\u00e4sittelyss\u00e4, jonka avulla voit tehd\u00e4 maksun pankki- tai luottokortilla tai PayPalilla, mik\u00e4 takaa nopean ja turvallisen kokemuksen.[\/cg_accordion]\n[cg_accordion title=\"TAKUU\"]<\/p>\n<p>2 vuoden takuu <a href=\"https:\/\/droix.net\/\" target=\"_blank\" rel=\"nofollow noopener\">DROIX Global ilta mielenrauhasi vuoksi<\/a> [\/cg_accordion]\n[cg_accordion title=\"HINNOITTELU, VEROT JA TOIMITUKSET\"]<\/p>\n<p><strong><u>Huom:<\/u><\/strong><\/p>\n<ul>\n<li>Yhdysvallat Asiakkaat: Asiakkaat: N\u00e4ytetty hinta EI sis\u00e4ll\u00e4 veroja eik\u00e4 tulleja. Vastuu tulliselvityksest\u00e4 ja siihen liittyvien verojen\/tullien maksamisesta on asiakkaalla. <\/li>\n<li>EU:n asiakkaat: N\u00e4ytetty hinta sis\u00e4lt\u00e4\u00e4 sovellettavan veron, joka voi olla jopa 25 % maastasi riippuen.<\/li>\n<li>Kanada Asiakkaat: N\u00e4ytetty hinta sis\u00e4lt\u00e4\u00e4 sovellettavat verot, joihin voi sis\u00e4lty\u00e4 5 % GST ja ylim\u00e4\u00e4r\u00e4isi\u00e4 maakunnallisia myyntiveroja (PST), harmonisoitua myyntiveroa (HST) tai Quebecin myyntiveroa (QST) maakunnasta riippuen.<\/li>\n<\/ul>\n<p><strong>AINOASTAAN EU:n asiakkaille:<\/strong> Express DDP (Delivered Duty Paid). T\u00e4m\u00e4 tarkoittaa: <\/p>\n<ul>\n<li>Kaikki tullit ja verot sis\u00e4ltyv\u00e4t tuotesivulla ilmoitettuun hintaan.<\/li>\n<li>Sinun ei tarvitse maksaa lis\u00e4maksuja toimituksen yhteydess\u00e4.<\/li>\n<li>Harvinaisissa tulliin liittyviss\u00e4 tapauksissa tiimimme hoitaa tulliselvitysprosessin puolestasi varmistaakseen sujuvan toimituksen.<\/li>\n<p>T\u00e4rke\u00e4\u00e4 tietoa palautuksista:<\/p>\n<li>Jos p\u00e4\u00e4t\u00e4t palauttaa tilauksesi tai pyyt\u00e4\u00e4 palautusta, ota huomioon, ett\u00e4 DDP-ehtojen mukaisesti puolestasi maksettuja veroja ja tulleja ei voida palauttaa.<\/li>\n<p>Katso yksityiskohtaiset tiedot <a href=\"https:\/\/droix.net\/terms-and-conditions\/\" target=\"_blank\" rel=\"nofollow noopener\">k\u00e4ytt\u00f6ehdoistamme<\/a>.\n<\/ul>\n<p>[\/cg_accordion]\n[cg_accordion title=\"ASIAKASTUKI\"]<\/p>\n<p>Onko kysytt\u00e4v\u00e4\u00e4? Olemme lyhyen tekstiviestin p\u00e4\u00e4ss\u00e4 siit\u00e4, ett\u00e4 ongelmasi on ratkaistu! <\/p>\n<p>Katso yksityiskohtaiset tiedot <a href=\"https:\/\/gpdstore.net\/fi\/terms-of-service\/\" target=\"_blank\" rel=\"nofollow noopener\">k\u00e4ytt\u00f6ehdoistamme<\/a>.\n<\/ul>\n<p>[\/cg_accordion]\n[cg_accordion title=\"MIT\u00c4 SIS\u00c4LTYY\"]<\/p>\n<ul>\n<li>1x Virtapistoke (EU\/US)<\/li>\n<li>1x K\u00e4ytt\u00f6ohje<\/li>\n<\/ul>\n<p>[\/cg_accordion]\n","protected":false},"featured_media":346296,"template":"","meta":{"_acf_changed":false},"product_brand":[],"product_cat":[9967],"product_tag":[9973,9970],"woo-feed-brand":[9971],"class_list":{"0":"post-346201","1":"product","2":"type-product","3":"status-publish","4":"has-post-thumbnail","6":"product_cat-kannettavat-naytot","7":"product_tag-30gpdsale-fi","8":"product_tag-droix-portable-monitori","9":"product_shipping_class-standard","10":"pa_brand-droix","11":"woo-feed-brand-droix-fi","13":"first","14":"outofstock","15":"sale","16":"taxable","17":"shipping-taxable","18":"purchasable","19":"product-type-variable","20":"has-default-attributes"},"acf":[],"aioseo_notices":[],"_links":{"self":[{"href":"https:\/\/gpdstore.net\/fi\/wp-json\/wp\/v2\/product\/346201","targetHints":{"allow":["GET"]}}],"collection":[{"href":"https:\/\/gpdstore.net\/fi\/wp-json\/wp\/v2\/product"}],"about":[{"href":"https:\/\/gpdstore.net\/fi\/wp-json\/wp\/v2\/types\/product"}],"wp:featuredmedia":[{"embeddable":true,"href":"https:\/\/gpdstore.net\/fi\/wp-json\/wp\/v2\/media\/346296"}],"wp:attachment":[{"href":"https:\/\/gpdstore.net\/fi\/wp-json\/wp\/v2\/media?parent=346201"}],"wp:term":[{"taxonomy":"product_brand","embeddable":true,"href":"https:\/\/gpdstore.net\/fi\/wp-json\/wp\/v2\/product_brand?post=346201"},{"taxonomy":"product_cat","embeddable":true,"href":"https:\/\/gpdstore.net\/fi\/wp-json\/wp\/v2\/product_cat?post=346201"},{"taxonomy":"product_tag","embeddable":true,"href":"https:\/\/gpdstore.net\/fi\/wp-json\/wp\/v2\/product_tag?post=346201"},{"taxonomy":"woo-feed-brand","embeddable":true,"href":"https:\/\/gpdstore.net\/fi\/wp-json\/wp\/v2\/woo-feed-brand?post=346201"}],"curies":[{"name":"wp","href":"https:\/\/api.w.org\/{rel}","templated":true}]}}