{"id":335299,"date":"2024-07-12T12:39:31","date_gmt":"2024-07-12T12:39:31","guid":{"rendered":"https:\/\/gpdstore.net\/Ei-luokiteltu\/156-4k-kannettava-naytto-jossa-on-kynatuki\/"},"modified":"2025-12-23T10:14:02","modified_gmt":"2025-12-23T10:14:02","slug":"15-6-4k-portable-monitor-with-stylus-support","status":"publish","type":"product","link":"https:\/\/gpdstore.net\/fi\/product\/15-6-4k-portable-monitor-with-stylus-support\/","title":{"rendered":"15,6&#8243; 4K-kannettava n\u00e4ytt\u00f6, jossa on kyn\u00e4tuki"},"content":{"rendered":"\n<p>Esittelyss\u00e4 15,6&#8243; 4K Portable Monitor: Nosta mobiilin katselukokemusta<\/p>\n\n<p>Tutustu kannettavien n\u00e4ytt\u00f6jen uuteen standardiin 15,6&#8243; 4K-kannettavan n\u00e4yt\u00f6n avulla. T\u00e4m\u00e4 huippuluokan n\u00e4ytt\u00f6 on suunniteltu niille, jotka vaativat parasta visuaalista suorituskyky\u00e4 ja joustavuutta, ja se m\u00e4\u00e4rittelee uudelleen mobiililaitteiden k\u00e4yt\u00f6n. Olitpa sitten digitaalinen nomadi, valokuvaaja tai suunnittelija, se on porttisi saumattomaan tuottavuuteen ja upeaan viihteeseen miss\u00e4 tahansa liikutkin.<\/p>\n\n<p>Immersiivinen 4K UHD -n\u00e4ytt\u00f6: Mobile Window to Brilliance<\/p>\n\n<p>Koe henke\u00e4salpaava selkeys 15,6 tuuman 4K UHD -n\u00e4yt\u00f6ll\u00e4. G+G-kosketusn\u00e4yt\u00f6n ja 16:9-laajakuvasuhteen ansiosta LED-taustavalotekniikka takaa eloisat v\u00e4rit ja ter\u00e4v\u00e4t kontrastit, jotta sis\u00e4lt\u00f6 loikkaa n\u00e4yt\u00f6lt\u00e4. Sen 3840 x 2160-resoluutio ja 10-bittinen v\u00e4risyvyys takaavat vertaansa vailla olevat yksityiskohdat, ja se on ihanteellinen 4K-median katseluun, valokuvien muokkaamiseen tai graafisiin suunnitteluprojekteihin sukeltamiseen.<\/p>\n\n<p>Tyylik\u00e4s muotoilu, intuitiivinen kosketusn\u00e4ytt\u00f6: Suunniteltu vaivatonta vuorovaikutusta varten<\/p>\n\n<p>Ensiluokkaisesta alumiiniseoksesta valmistettu n\u00e4ytt\u00f6 yhdist\u00e4\u00e4 kest\u00e4vyyden ja tyylikk\u00e4\u00e4n profiilin. Kapea reunamuotoilu maksimoi n\u00e4ytt\u00f6tilan ja luo upottavan visuaalisen kokemuksen. Reagoivan kapasitiivisen 10-pisteen kosketusn\u00e4yt\u00f6n ansiosta valikoissa navigointi, valokuvien muokkaaminen tai ideoiden luonnostelu tuntuu luonnolliselta ja intuitiiviselta.<\/p>\n\n<p>Parannettu katselunautinto: loistava jokaisesta kulmasta katsottuna<\/p>\n\n<p>Laajassa 15,6-tuumaisessa paneelissa on laajat 85 asteen katselukulmat, joten voit jakaa n\u00e4yt\u00f6n vaivattomasti kuvanlaadusta tinkim\u00e4tt\u00e4. Korkea kontrastisuhde 1500:1 ja kirkkaus 600 cd\/m2 takaavat syv\u00e4n mustan ja eloisat v\u00e4rit my\u00f6s hyvin valaistuissa ymp\u00e4rist\u00f6iss\u00e4.<\/p>\n\n<p>Saumaton liitett\u00e4vyys, parannettu monipuolisuus<\/p>\n\n<p>Liitett\u00e4vyys on vaivatonta HDMI Mini- ja C-tyypin porttien avulla videon ja virran siirtoa varten, ja ne ovat yhteensopivia \u00e4lypuhelinten, kannettavien tietokoneiden ja pelikonsolien, kuten PlayStation 5:n ja Xboxin, kanssa. Mikro-USB-portti muuttaa sen helposti ty\u00f6asemaksi.<\/p>\n\n<p>Vapauta luovuus valloilleen tarkkuudella<\/p>\n\n<p>Luoville ammattilaisille monitori tukee 4096-paineista kyn\u00e4\u00e4 (myyd\u00e4\u00e4n erikseen), joka tarjoaa tarkan ohjauksen luonnosteluun, muistiinpanojen tekemiseen tai valokuvien muokkaamiseen luonnollisen helposti.<\/p>\n\n<p>Kannettava voimalaitos: Ty\u00f6skentele ja leiki ilman rajoja<\/p>\n\n<p>Sis\u00e4\u00e4nrakennetun 10000 mAh akun ansiosta voit nauttia 4-5 tunnin keskeytym\u00e4tt\u00f6m\u00e4st\u00e4 k\u00e4yt\u00f6st\u00e4 &#8211; t\u00e4ydellinen ty\u00f6skentelyyn matkalla tai suosikkiohjelmiesi katseluun. Kompakti ja kevyt, se mahtuu vaivattomasti laukkuun, ja korkean resoluution tuottavuus ja viihde ovat aina k\u00e4den ulottuvilla.<\/p>\n\n<p>Lis\u00e4\u00e4 tuottavuutta ja viihdett\u00e4<\/p>\n\n<p>Laajenna n\u00e4yt\u00f6n pinta-alaa saumattomasti monitoimity\u00f6t\u00e4 varten, liit\u00e4 pelikonsolit upeaa pelaamista varten tai nauti elokuvista upealla 4K UHD -tarkkuudella &#8211; t\u00e4m\u00e4 monitori tekee jokaisesta teht\u00e4v\u00e4st\u00e4 poikkeuksellisen kokemuksen.<\/p>\n\n<p>Rikas \u00e4\u00e4ni, luotettava yhteensopivuus<\/p>\n\n<p>Sis\u00e4\u00e4nrakennetut kaksoiskaiuttimet tuottavat rikkaan \u00e4\u00e4nimaailman, joka parantaa katseluviihtyvyytt\u00e4si, katsotpa sitten elokuvia, pelaat tai kuuntelet musiikkia. Se on yhteensopiva monenlaisten HDMI- ja Type-C-laitteiden kanssa ja mukautuu helposti tarpeisiisi.<\/p>\n\n<p>Suunniteltu ammattilaisille: Miss\u00e4 tarkkuus kohtaa suorituskyvyn<\/p>\n\n<p>Sen 4K UHD -resoluutio ja tarkka v\u00e4rintoisto takaavat todentuntuisen visuaalisen ilmeen, ja se sopii erinomaisesti valokuvaajille ja graafisille suunnittelijoille. 100 %:n sRGB-peiton ja 10-bittisen v\u00e4risyvyyden ansiosta se t\u00e4ytt\u00e4\u00e4 vaativimpienkin ammattilaisten vaatimukset.<\/p>\n\n<p>Vaivaton asennus, luotettava rakenne<\/p>\n\n<p>Yksinkertainen plug-and-play -asennus onnistuu muutamassa sekunnissa, eik\u00e4 monimutkaisia asennuksia tarvita. Intuitiivisten hallintalaitteiden avulla voit mukauttaa asetuksia, kuten kirkkautta ja kontrastia, vaivattomasti, mik\u00e4 takaa optimaalisen k\u00e4ytt\u00f6mukavuuden pitk\u00e4llekin k\u00e4yt\u00f6lle.<\/p>\n\n<p>Kest\u00e4v\u00e4, tyylik\u00e4s ja tulevaisuuteen suuntautunut<\/p>\n\n<p>Tyylikk\u00e4\u00e4n alumiiniseoskotelon ansiosta se on rakennettu kest\u00e4m\u00e4\u00e4n, ja se tarjoaa vankan suojan p\u00e4ivitt\u00e4iseen k\u00e4ytt\u00f6\u00f6n ja matkustamiseen. Sen kapea reunamuotoilu yhdist\u00e4\u00e4 estetiikan ja toiminnallisuuden, maksimoiden katselunautinnon ilman h\u00e4iri\u00f6tekij\u00f6it\u00e4.<\/p>\n\n<p>Johtop\u00e4\u00e4t\u00f6kset: 15,6&#8243; 4K Portable Monitor -n\u00e4yt\u00f6n avulla: M\u00e4\u00e4rittele mobiilikatselu uudelleen<\/p>\n\n<p>Koe mobiilin\u00e4ytt\u00f6jen tulevaisuus kannettavalla 15,6&#8243; 4K-monitorilla, joka on selkeyden, monipuolisuuden ja siirrett\u00e4vyyden mestariteos. Se tarjoaa vertaansa vailla olevaa suorituskyky\u00e4, olipa kyse sitten luomisesta, pelaamisesta tai viihteest\u00e4, minne ikin\u00e4 el\u00e4m\u00e4 sinut viekin.<\/p>\n\n<p>Plussaa:<\/p>\n\n<ul class=\"wp-block-list\">\n<li>Upea 4K UHD -n\u00e4ytt\u00f6<\/li>\n\n\n\n<li>Intuitiivinen kosketusn\u00e4ytt\u00f6<\/li>\n\n\n\n<li>Monipuoliset liit\u00e4nt\u00e4vaihtoehdot<\/li>\n\n\n\n<li>Kevyt ja kannettava muotoilu<\/li>\n\n\n\n<li>Kest\u00e4v\u00e4 ja tyylik\u00e4s rakenne<\/li>\n<\/ul>\n\n<p>Miinukset:<\/p>\n\n<ul class=\"wp-block-list\">\n<li>Stylus-kyn\u00e4 myyd\u00e4\u00e4n erikseen<\/li>\n\n\n\n<li>Rajoitettu akun kesto pitk\u00e4aikaiseen k\u00e4ytt\u00f6\u00f6n<\/li>\n\n\n\n<li>Sis\u00e4\u00e4nrakennetut kaiuttimet eiv\u00e4t ehk\u00e4 t\u00e4yt\u00e4 audiofiilisten standardeja.<\/li>\n<\/ul>\n\n\r\n<div class=\"wp-block-jetpack-tiled-gallery aligncenter is-style-rectangular\">\r\n<div class=\"tiled-gallery__gallery\">\r\n<div class=\"tiled-gallery__row\">\r\n<div class=\"tiled-gallery__col\" style=\"flex-basis: 55.49556%;\">\r\n<figure class=\"tiled-gallery__item\"><img decoding=\"async\" src=\"https:\/\/i2.wp.com\/droix.net\/wp-content\/uploads\/2023\/04\/S23B_5-MONITOR-MARKETING-IMAGE-DONE-2.jpg?ssl=1\" alt=\"\" data-height=\"1000\" data-id=\"157015\" data-link=\"https:\/\/droix.net\/?attachment_id=157015\" data-url=\"https:\/\/droix.net\/wp-content\/uploads\/2023\/04\/S23B_5-MONITOR-MARKETING-IMAGE-DONE-2.jpg\" data-width=\"1000\" data-amp-layout=\"responsive\"><\/figure>\r\n<\/div>\r\n<div class=\"tiled-gallery__col\" style=\"flex-basis: 44.50444%;\">\r\n<figure class=\"tiled-gallery__item\"><img decoding=\"async\" src=\"https:\/\/i0.wp.com\/droix.net\/wp-content\/uploads\/2023\/04\/S23B_5-MONITOR-MARKETING-IMAGE-DONE-1.jpg?ssl=1\" alt=\"\" data-height=\"619\" data-id=\"157010\" data-link=\"https:\/\/droix.net\/?attachment_id=157010\" data-url=\"https:\/\/droix.net\/wp-content\/uploads\/2023\/04\/S23B_5-MONITOR-MARKETING-IMAGE-DONE-1.jpg\" data-width=\"1000\" data-amp-layout=\"responsive\"><\/figure>\r\n<figure class=\"tiled-gallery__item\"><img decoding=\"async\" src=\"https:\/\/i2.wp.com\/droix.net\/wp-content\/uploads\/2023\/04\/S23B_5-MONITOR-MARKETING-IMAGE-DONE-3.jpg?ssl=1\" alt=\"\" data-height=\"619\" data-id=\"157020\" data-link=\"https:\/\/droix.net\/?attachment_id=157020\" data-url=\"https:\/\/droix.net\/wp-content\/uploads\/2023\/04\/S23B_5-MONITOR-MARKETING-IMAGE-DONE-3.jpg\" data-width=\"1000\" data-amp-layout=\"responsive\"><\/figure>\r\n<\/div>\r\n<\/div>\r\n<div class=\"tiled-gallery__row\">\r\n<div class=\"tiled-gallery__col\" style=\"flex-basis: 37.61498%;\">\r\n<figure class=\"tiled-gallery__item\"><img decoding=\"async\" src=\"https:\/\/i2.wp.com\/droix.net\/wp-content\/uploads\/2023\/04\/S23B_5-MONITOR-MARKETING-IMAGE-DONE-4.jpg?ssl=1\" alt=\"\" data-height=\"1000\" data-id=\"157025\" data-link=\"https:\/\/droix.net\/?attachment_id=157025\" data-url=\"https:\/\/droix.net\/wp-content\/uploads\/2023\/04\/S23B_5-MONITOR-MARKETING-IMAGE-DONE-4.jpg\" data-width=\"1000\" data-amp-layout=\"responsive\"><\/figure>\r\n<figure class=\"tiled-gallery__item\"><img decoding=\"async\" src=\"https:\/\/i0.wp.com\/droix.net\/wp-content\/uploads\/2023\/04\/S23B_5-MONITOR-MARKETING-IMAGE-DONE-5.jpg?ssl=1\" alt=\"\" data-height=\"619\" data-id=\"157030\" data-link=\"https:\/\/droix.net\/?attachment_id=157030\" data-url=\"https:\/\/droix.net\/wp-content\/uploads\/2023\/04\/S23B_5-MONITOR-MARKETING-IMAGE-DONE-5.jpg\" data-width=\"1000\" data-amp-layout=\"responsive\"><\/figure>\r\n<\/div>\r\n<div class=\"tiled-gallery__col\" style=\"flex-basis: 62.38502%;\">\r\n<figure class=\"tiled-gallery__item\"><img decoding=\"async\" src=\"https:\/\/i0.wp.com\/droix.net\/wp-content\/uploads\/2023\/04\/S23B_5-MONITOR-MARKETING-IMAGE-DONE-6.jpg?ssl=1\" alt=\"\" data-height=\"981\" data-id=\"157035\" data-link=\"https:\/\/droix.net\/?attachment_id=157035\" data-url=\"https:\/\/droix.net\/wp-content\/uploads\/2023\/04\/S23B_5-MONITOR-MARKETING-IMAGE-DONE-6.jpg\" data-width=\"1000\" data-amp-layout=\"responsive\"><\/figure>\r\n<\/div>\r\n<\/div>\r\n<div class=\"tiled-gallery__row\">\r\n<div class=\"tiled-gallery__col\" style=\"flex-basis: 33.33333%;\">\r\n<figure class=\"tiled-gallery__item\"><img decoding=\"async\" src=\"https:\/\/i1.wp.com\/droix.net\/wp-content\/uploads\/2023\/04\/S23B_5-MONITOR-MARKETING-IMAGE-DONE-7.jpg?ssl=1\" alt=\"\" data-height=\"1000\" data-id=\"157040\" data-link=\"https:\/\/droix.net\/?attachment_id=157040\" data-url=\"https:\/\/droix.net\/wp-content\/uploads\/2023\/04\/S23B_5-MONITOR-MARKETING-IMAGE-DONE-7.jpg\" data-width=\"1000\" data-amp-layout=\"responsive\"><\/figure>\r\n<\/div>\r\n<div class=\"tiled-gallery__col\" style=\"flex-basis: 33.33333%;\">\r\n<figure class=\"tiled-gallery__item\"><img decoding=\"async\" src=\"https:\/\/i1.wp.com\/droix.net\/wp-content\/uploads\/2023\/04\/S23B_5-MONITOR-MARKETING-IMAGE-DONE-8.jpg?ssl=1\" alt=\"\" data-height=\"1000\" data-id=\"157045\" data-link=\"https:\/\/droix.net\/?attachment_id=157045\" data-url=\"https:\/\/droix.net\/wp-content\/uploads\/2023\/04\/S23B_5-MONITOR-MARKETING-IMAGE-DONE-8.jpg\" data-width=\"1000\" data-amp-layout=\"responsive\"><\/figure>\r\n<\/div>\r\n<div class=\"tiled-gallery__col\" style=\"flex-basis: 33.33333%;\">\r\n<figure class=\"tiled-gallery__item\"><img decoding=\"async\" src=\"https:\/\/i1.wp.com\/droix.net\/wp-content\/uploads\/2023\/04\/S23B_5-MONITOR-MARKETING-IMAGE-DONE-9.jpg?ssl=1\" alt=\"\" data-height=\"1000\" data-id=\"157050\" data-link=\"https:\/\/droix.net\/?attachment_id=157050\" data-url=\"https:\/\/droix.net\/wp-content\/uploads\/2023\/04\/S23B_5-MONITOR-MARKETING-IMAGE-DONE-9.jpg\" data-width=\"1000\" data-amp-layout=\"responsive\"><\/figure>\r\n<\/div>\r\n<\/div>\r\n<div class=\"tiled-gallery__row\">\r\n<div class=\"tiled-gallery__col\" style=\"flex-basis: 50.00000%;\">\r\n<figure class=\"tiled-gallery__item\"><img decoding=\"async\" src=\"https:\/\/i0.wp.com\/droix.net\/wp-content\/uploads\/2023\/04\/S23B_5-MONITOR-MARKETING-IMAGE-DONE-10.jpg?ssl=1\" alt=\"\" data-height=\"1000\" data-id=\"157055\" data-link=\"https:\/\/droix.net\/?attachment_id=157055\" data-url=\"https:\/\/droix.net\/wp-content\/uploads\/2023\/04\/S23B_5-MONITOR-MARKETING-IMAGE-DONE-10.jpg\" data-width=\"1000\" data-amp-layout=\"responsive\"><\/figure>\r\n<\/div>\r\n<div class=\"tiled-gallery__col\" style=\"flex-basis: 50.00000%;\">\r\n<figure class=\"tiled-gallery__item\"><img decoding=\"async\" src=\"https:\/\/i0.wp.com\/droix.net\/wp-content\/uploads\/2023\/04\/S23B_5-MONITOR-MARKETING-IMAGE-DONE-11.jpg?ssl=1\" alt=\"\" data-height=\"1000\" data-id=\"157060\" data-link=\"https:\/\/droix.net\/?attachment_id=157060\" data-url=\"https:\/\/droix.net\/wp-content\/uploads\/2023\/04\/S23B_5-MONITOR-MARKETING-IMAGE-DONE-11.jpg\" data-width=\"1000\" data-amp-layout=\"responsive\"><\/figure>\r\n<\/div>\r\n<\/div>\r\n<div class=\"tiled-gallery__row\">\r\n<div class=\"tiled-gallery__col\" style=\"flex-basis: 29.89199%;\">\r\n<figure class=\"tiled-gallery__item\"><img decoding=\"async\" src=\"https:\/\/i2.wp.com\/droix.net\/wp-content\/uploads\/2023\/04\/S23B_5-MONITOR-MARKETING-IMAGE-DONE-12.jpg?ssl=1\" alt=\"\" data-height=\"619\" data-id=\"157065\" data-link=\"https:\/\/droix.net\/?attachment_id=157065\" data-url=\"https:\/\/droix.net\/wp-content\/uploads\/2023\/04\/S23B_5-MONITOR-MARKETING-IMAGE-DONE-12.jpg\" data-width=\"1000\" data-amp-layout=\"responsive\"><\/figure>\r\n<figure class=\"tiled-gallery__item\"><img decoding=\"async\" src=\"https:\/\/i1.wp.com\/droix.net\/wp-content\/uploads\/2023\/04\/S23B_5-MONITOR-MARKETING-IMAGE-DONE-13.jpg?ssl=1\" alt=\"\" data-height=\"1000\" data-id=\"157070\" data-link=\"https:\/\/droix.net\/?attachment_id=157070\" data-url=\"https:\/\/droix.net\/wp-content\/uploads\/2023\/04\/S23B_5-MONITOR-MARKETING-IMAGE-DONE-13.jpg\" data-width=\"1000\" data-amp-layout=\"responsive\"><\/figure>\r\n<figure class=\"tiled-gallery__item\"><img decoding=\"async\" src=\"https:\/\/i2.wp.com\/droix.net\/wp-content\/uploads\/2023\/04\/S23B_5-MONITOR-MARKETING-IMAGE-DONE-14.jpg?ssl=1\" alt=\"\" data-height=\"822\" data-id=\"157075\" data-link=\"https:\/\/droix.net\/?attachment_id=157075\" data-url=\"https:\/\/droix.net\/wp-content\/uploads\/2023\/04\/S23B_5-MONITOR-MARKETING-IMAGE-DONE-14.jpg\" data-width=\"1000\" data-amp-layout=\"responsive\"><\/figure>\r\n<\/div>\r\n<div class=\"tiled-gallery__col\" style=\"flex-basis: 70.10801%;\">\r\n<figure class=\"tiled-gallery__item\"><img decoding=\"async\" src=\"https:\/\/i1.wp.com\/droix.net\/wp-content\/uploads\/2023\/04\/S23B_5-MONITOR-MARKETING-IMAGE-DONE-15-977x1024.jpg?ssl=1\" alt=\"\" data-height=\"1048\" data-id=\"157080\" data-link=\"https:\/\/droix.net\/?attachment_id=157080\" data-url=\"https:\/\/droix.net\/wp-content\/uploads\/2023\/04\/S23B_5-MONITOR-MARKETING-IMAGE-DONE-15-977x1024.jpg\" data-width=\"1000\" data-amp-layout=\"responsive\"><\/figure>\r\n<\/div>\r\n<\/div>\r\n<div class=\"tiled-gallery__row\">\r\n<div class=\"tiled-gallery__col\" style=\"flex-basis: 54.96322%;\">\r\n<figure class=\"tiled-gallery__item\"><img decoding=\"async\" src=\"https:\/\/i0.wp.com\/droix.net\/wp-content\/uploads\/2023\/04\/S23B_5-MONITOR-MARKETING-IMAGE-DONE-16.jpg?ssl=1\" alt=\"\" data-height=\"787\" data-id=\"157085\" data-link=\"https:\/\/droix.net\/?attachment_id=157085\" data-url=\"https:\/\/droix.net\/wp-content\/uploads\/2023\/04\/S23B_5-MONITOR-MARKETING-IMAGE-DONE-16.jpg\" data-width=\"1000\" data-amp-layout=\"responsive\"><\/figure>\r\n<\/div>\r\n<div class=\"tiled-gallery__col\" style=\"flex-basis: 45.03678%;\">\r\n<figure class=\"tiled-gallery__item\"><img decoding=\"async\" src=\"https:\/\/i1.wp.com\/droix.net\/wp-content\/uploads\/2023\/04\/S23B_5-MONITOR-MARKETING-IMAGE-DONE-17.jpg?ssl=1\" alt=\"\" data-height=\"961\" data-id=\"157090\" data-link=\"https:\/\/droix.net\/?attachment_id=157090\" data-url=\"https:\/\/droix.net\/wp-content\/uploads\/2023\/04\/S23B_5-MONITOR-MARKETING-IMAGE-DONE-17.jpg\" data-width=\"1000\" data-amp-layout=\"responsive\"><\/figure>\r\n<\/div>\r\n<\/div>\r\n<\/div>\r\n<\/div>\r\n","protected":false},"excerpt":{"rendered":"<ul>\n<li>Kosketusn\u00e4ytt\u00f6 Yhteensopiva <strong>MacOS:n<\/strong> kanssa<\/li>\n<li>Kosketusn\u00e4ytt\u00f6ominaisuudet <strong>Mukana stylus<\/strong><\/li>\n<li>Taitettava kotelo n\u00e4yt\u00f6n jalustaksi<\/li>\n<li>Kannettava ja kevyt<\/li>\n<li><strong>Virtal\u00e4hteen\u00e4 USB<\/strong>, tukee mini-HDMI:t\u00e4 ja USB Type-C:t\u00e4.<\/li>\n<\/ul>\n[cg_accordion title=\"MAKSUTIEDOT\"]<\/p>\n<p>K\u00e4yt\u00e4mme uusinta teknologiaa maksujen k\u00e4sittelyss\u00e4, jonka avulla voit tehd\u00e4 maksun Apple Payn, Google Payn, pankki- tai luottokortin, PayPalin tai BNPL-menetelmien, kuten Klarna, Affirm tai AfterPay, avulla nopean ja turvallisen maksukokemuksen.[\/cg_accordion]\n[cg_accordion title=\"TAKUU\"]<\/p>\n<p>2 vuoden takuu <a href=\"https:\/\/droix.net\/\" target=\"_blank\" rel=\"nofollow noopener\">DROIX Global ilta mielenrauhasi vuoksi<\/a> [\/cg_accordion]\n[cg_accordion title=\"HINNOITTELU, VEROT JA TOIMITUKSET\"]<\/p>\n<p><strong><u>Huom:<\/u><\/strong><\/p>\n<ul>\n<li>Yhdysvallat Asiakkaat: Asiakkaat: N\u00e4ytetty hinta EI sis\u00e4ll\u00e4 veroja eik\u00e4 tulleja. Vastuu tulliselvityksest\u00e4 ja siihen liittyvien verojen\/tullien maksamisesta on asiakkaalla. <\/li>\n<li>EU:n asiakkaat: N\u00e4ytetty hinta sis\u00e4lt\u00e4\u00e4 sovellettavan veron, joka voi olla jopa 25 % maastasi riippuen.<\/li>\n<li>Kanada Asiakkaat: N\u00e4ytetty hinta sis\u00e4lt\u00e4\u00e4 sovellettavat verot, joihin voi sis\u00e4lty\u00e4 5 % GST ja ylim\u00e4\u00e4r\u00e4isi\u00e4 maakunnallisia myyntiveroja (PST), harmonisoitua myyntiveroa (HST) tai Quebecin myyntiveroa (QST) maakunnasta riippuen.<\/li>\n<\/ul>\n<p><strong>AINOASTAAN EU:n asiakkaille:<\/strong> Express DDP (Delivered Duty Paid). T\u00e4m\u00e4 tarkoittaa: <\/p>\n<ul>\n<li>Kaikki tullit ja verot sis\u00e4ltyv\u00e4t tuotesivulla ilmoitettuun hintaan.<\/li>\n<li>Sinun ei tarvitse maksaa lis\u00e4maksuja toimituksen yhteydess\u00e4.<\/li>\n<li>Harvinaisissa tulliin liittyviss\u00e4 tapauksissa tiimimme hoitaa tulliselvitysprosessin puolestasi varmistaakseen sujuvan toimituksen.<\/li>\n<p>T\u00e4rke\u00e4\u00e4 tietoa palautuksista:<\/p>\n<li>Jos p\u00e4\u00e4t\u00e4t palauttaa tilauksesi tai pyyt\u00e4\u00e4 palautusta, ota huomioon, ett\u00e4 DDP-ehtojen mukaisesti puolestasi maksettuja veroja ja tulleja ei voida palauttaa.<\/li>\n<p>Katso yksityiskohtaiset tiedot <a href=\"https:\/\/gpdstore.net\/fi\/terms-of-service\/\" target=\"_blank\" rel=\"nofollow noopener\">k\u00e4ytt\u00f6ehdoistamme<\/a>.\n<\/ul>\n<p>[\/cg_accordion]\n[cg_accordion title=\"ASIAKASTUKI\"]<\/p>\n<p>Onko kysytt\u00e4v\u00e4\u00e4? Olemme lyhyen tekstiviestin p\u00e4\u00e4ss\u00e4 siit\u00e4, ett\u00e4 ongelmasi on ratkaistu!<br \/>\n[\/cg_accordion]\n[cg_accordion title=\"MIT\u00c4 SIS\u00c4LTYY\"]<\/p>\n<ul>\n<li>1x Virtapistoke (EU\/US)<\/li>\n<li>1x kyn\u00e4\u00e4<\/li>\n<li>1x K\u00e4ytt\u00f6ohje<\/li>\n<\/ul>\n<p>[\/cg_accordion]\n","protected":false},"featured_media":335470,"template":"","meta":{"_acf_changed":false},"product_brand":[],"product_cat":[9967],"product_tag":[9973,9970],"woo-feed-brand":[9971],"class_list":{"0":"post-335299","1":"product","2":"type-product","3":"status-publish","4":"has-post-thumbnail","6":"product_cat-kannettavat-naytot","7":"product_tag-30gpdsale-fi","8":"product_tag-droix-portable-monitori","9":"product_shipping_class-standard","10":"pa_brand-droix","11":"woo-feed-brand-droix-fi","13":"first","14":"outofstock","15":"sale","16":"taxable","17":"shipping-taxable","18":"purchasable","19":"product-type-variable","20":"has-default-attributes"},"acf":[],"aioseo_notices":[],"_links":{"self":[{"href":"https:\/\/gpdstore.net\/fi\/wp-json\/wp\/v2\/product\/335299","targetHints":{"allow":["GET"]}}],"collection":[{"href":"https:\/\/gpdstore.net\/fi\/wp-json\/wp\/v2\/product"}],"about":[{"href":"https:\/\/gpdstore.net\/fi\/wp-json\/wp\/v2\/types\/product"}],"wp:featuredmedia":[{"embeddable":true,"href":"https:\/\/gpdstore.net\/fi\/wp-json\/wp\/v2\/media\/335470"}],"wp:attachment":[{"href":"https:\/\/gpdstore.net\/fi\/wp-json\/wp\/v2\/media?parent=335299"}],"wp:term":[{"taxonomy":"product_brand","embeddable":true,"href":"https:\/\/gpdstore.net\/fi\/wp-json\/wp\/v2\/product_brand?post=335299"},{"taxonomy":"product_cat","embeddable":true,"href":"https:\/\/gpdstore.net\/fi\/wp-json\/wp\/v2\/product_cat?post=335299"},{"taxonomy":"product_tag","embeddable":true,"href":"https:\/\/gpdstore.net\/fi\/wp-json\/wp\/v2\/product_tag?post=335299"},{"taxonomy":"woo-feed-brand","embeddable":true,"href":"https:\/\/gpdstore.net\/fi\/wp-json\/wp\/v2\/woo-feed-brand?post=335299"}],"curies":[{"name":"wp","href":"https:\/\/api.w.org\/{rel}","templated":true}]}}