{"id":329714,"date":"2024-07-12T09:49:06","date_gmt":"2024-07-12T09:49:06","guid":{"rendered":"https:\/\/gpdstore.net\/Ei-luokiteltu\/156-tuuman-kannettava-4k-monitori-adobe-rgblla\/"},"modified":"2025-12-23T10:15:30","modified_gmt":"2025-12-23T10:15:30","slug":"15-6-4k-portable-monitor-with-adobe-rgb","status":"publish","type":"product","link":"https:\/\/gpdstore.net\/fi\/product\/15-6-4k-portable-monitor-with-adobe-rgb\/","title":{"rendered":"15,6 tuuman kannettava 4K-monitori Adobe RGB:ll\u00e4"},"content":{"rendered":"\n<p>Esittelyss\u00e4 15,6&#8243; 4K Portable Monitor S23B-5: huippuluokan ultrakorkean ter\u00e4v\u00e4piirtotarkkuuden mobiilin\u00e4yt\u00f6t<\/p>\n\n<p>Etsitk\u00f6 kannettavaa n\u00e4ytt\u00f6\u00e4, joka tarjoaa poikkeuksellisen visuaalisen kuvan ja suorituskyvyn liikkeell\u00e4 ollessa? T\u00e4ss\u00e4 on kannettava 4K-monitori S23B-5. T\u00e4m\u00e4 edistyksellinen laite tuo ultrakorkean resoluution mobiilin\u00e4yt\u00f6t k\u00e4den ulottuville ja tarjoaa upean 4K UHD -selkeyden ja tarkkuuden. Olitpa sitten pelaaja, ammattimainen videoeditoija, graafinen suunnittelija tai mobiilin tuottavuuden harrastaja, t\u00e4m\u00e4 korkean resoluution kannettava n\u00e4ytt\u00f6 on t\u00e4ydellinen kumppanisi.<\/p>\n\n<p>Mukaansatempaava visuaalinen kokemus 4K UHD -matkamonitoreilla Valmistaudu nauttimaan S23B-5:n mukaansatempaavasta visuaalisesta kokemuksesta. Laitteessa on 15,6 tuuman kosketusn\u00e4ytt\u00f6, ja siin\u00e4 on 4K UHD -n\u00e4ytt\u00f6, joka her\u00e4tt\u00e4\u00e4 sis\u00e4ll\u00f6n henkiin huomattavan yksityiskohtaisesti ja eloisilla v\u00e4reill\u00e4. T\u00e4m\u00e4n kannettavan 4K-n\u00e4yt\u00f6n 3840 x 2160-resoluution ja 10-bittisen v\u00e4risyvyyden ansiosta jokainen kuva ja video toistuu h\u00e4mm\u00e4stytt\u00e4v\u00e4n selke\u00e4sti, eik\u00e4 mik\u00e4\u00e4n yksityiskohta j\u00e4\u00e4 huomaamatta. Katseletpa sitten elokuvia, pelaat pelej\u00e4 tai muokkaat valokuvia ja videoita, S23B-5 tarjoaa visuaalista juhlaa.<\/p>\n\n<p>Tyylik\u00e4s ja reagoiva kapasitiivinen 10 pisteen kosketusn\u00e4ytt\u00f6 S23B-5:n kanssa vuorovaikuttaminen on ilo sen kapasitiivisen 10 pisteen kosketusn\u00e4yt\u00f6n ansiosta. T\u00e4ss\u00e4 kannettavassa n\u00e4yt\u00f6ss\u00e4 on G+G-kokolaminoidulla kosketusn\u00e4yt\u00f6ll\u00e4 varustettu sulava ja tarkka kosketusvaste, joka mahdollistaa saumattoman navigoinnin valikoissa, sovellusten hallinnan ja komentojen suorittamisen. S23B-5-kosketusn\u00e4ytt\u00f6 takaa reagoinnin ja tarkkuuden, jotta tuottavuus ja luovuus paranevat, zoomaatpa sitten valokuvia, selaat verkkosivuja tai luot monimutkaisia malleja.<\/p>\n\n<p>Vapauta luovuutesi liikkeell\u00e4 S23B-5 on luoville ammattilaisille suunniteltu t\u00e4ydellinen kumppani videoeditointiin, graafiseen suunnitteluun ja kuvank\u00e4sittelyyn. Koska t\u00e4m\u00e4 kannettava n\u00e4ytt\u00f6 kattaa 100 % Adobe RGB -v\u00e4riavaruuden, se takaa todentuntuiset v\u00e4rit tarkkoihin v\u00e4ris\u00e4\u00e4t\u00f6ihin ja upeisiin tuloksiin. Korkean resoluution n\u00e4ytt\u00f6 yhdistettyn\u00e4 10-bittiseen v\u00e4risyvyyteen mahdollistaa ty\u00f6skentelyn monimutkaisten yksityiskohtien parissa ja visuaalisen tarkkuuden saavuttamisen, mik\u00e4 on kriittist\u00e4 ammattimaisessa luovassa ty\u00f6ss\u00e4.<\/p>\n\n<p>Saumaton liitett\u00e4vyys lis\u00e4\u00e4 monipuolisuutta Liitett\u00e4vyys on vaivatonta S23B-5:n kanssa. T\u00e4ss\u00e4 4K UHD -matkamonitorissa on HD-miniportti, C-tyypin portit videon tiedonsiirtoa ja virransy\u00f6tt\u00f6\u00e4 varten, kuulokeliit\u00e4nt\u00e4 (3,5 mm) ja Micro-USB-portti oheislaitteiden, kuten n\u00e4pp\u00e4imist\u00f6jen ja hiirien, liitt\u00e4mist\u00e4 varten. Olipa kyseess\u00e4 \u00e4lypuhelimen, kannettavan tietokoneen, PlayStationin, Xboxin tai muiden yhteensopivien laitteiden liitt\u00e4minen, S23B-5 varmistaa yhteensopivuuden ja laajentaa n\u00e4yt\u00f6n pinta-alaa tuottavuuden tai pelikokemuksen lis\u00e4\u00e4miseksi miss\u00e4 tahansa oletkin.<\/p>\n\n<p>Sis\u00e4\u00e4nrakennettu akku takaa keskeytym\u00e4tt\u00f6m\u00e4n k\u00e4yt\u00f6n Tehokkaan ja monipuolisen S23B-5:n lis\u00e4ksi sen sis\u00e4\u00e4nrakennettu 10000 mAh polymeeriakku on uskomattoman k\u00e4tev\u00e4. Nauti keskeytym\u00e4tt\u00f6m\u00e4st\u00e4 k\u00e4yt\u00f6st\u00e4 matkoilla, kokouksissa tai et\u00e4ty\u00f6skentelyss\u00e4. Pitk\u00e4kestoinen akku antaa vapauden ty\u00f6skennell\u00e4, leikki\u00e4 tai luoda ilman huolta virransaannista. Pysy tuottavana ja viihdytt\u00e4v\u00e4n\u00e4 tien p\u00e4\u00e4ll\u00e4.<\/p>\n\n<p>Ensiluokkainen rakennelaatu ja kannettava muotoilu Laadukkaasta alumiiniseoksesta valmistettu S23B-5 on kest\u00e4v\u00e4, ja sen ulkon\u00e4k\u00f6 ja tuntuma ovat ensiluokkaiset. Sen tyylik\u00e4s ja ohut muotoilu, jonka mitat ovat vain 357 x 223 x 9 mm ja paino 1300 g, tekee siit\u00e4 eritt\u00e4in kannettavan ja helpon kuljettaa laukussa tai repussa. S23B-5 on suunniteltu luotettavaksi kumppaniksesi, joka ei tingi tuottavuudesta tai viihteest\u00e4, miss\u00e4 tahansa oletkin.<\/p>\n\n<p>Immersiivinen \u00e4\u00e4nikokemus S23B-5 tarjoaa muutakin kuin upeaa visuaalista kuvaa, sill\u00e4 se tarjoaa immersiivisen \u00e4\u00e4nikokemuksen kahden 1,0 W:n kaiuttimen avulla. Nauti ter\u00e4v\u00e4st\u00e4 ja selke\u00e4st\u00e4 \u00e4\u00e4nest\u00e4 elokuvissa, peleiss\u00e4 tai multimediatoiminnoissa. Olipa kyseess\u00e4 videokonferenssi, musiikin kuuntelu tai esitysten katselu, S23B-5 parantaa aistikokemustasi ja tekee siit\u00e4 mukaansatempaavan ja kiehtovan.<\/p>\n\n<p>Parannettu katselumukavuus Mukavuudella on v\u00e4li\u00e4, erityisesti pidemm\u00e4n n\u00e4yt\u00f6n aikana. S23B-5 takaa optimaalisen katselumukavuuden laajoilla katselukulmilla ja s\u00e4\u00e4dett\u00e4vill\u00e4 asetuksilla. 85 asteen katselukulma kaikkiin suuntiin (U\/D\/L\/R), joten voit nauttia selke\u00e4st\u00e4 visuaalisesta ilmeest\u00e4 ja eloisista v\u00e4reist\u00e4 eri n\u00e4k\u00f6kulmista. S23B-5 tukee mukavaa ja pitk\u00e4aikaista k\u00e4ytt\u00f6\u00e4 ilman silmien rasittumista tai asennon heikkenemist\u00e4, olipa kyse sitten yhteisty\u00f6st\u00e4, sis\u00e4ll\u00f6n jakamisesta tai n\u00e4yt\u00f6n s\u00e4\u00e4t\u00e4misest\u00e4 haluamaasi katseluasentoon.<\/p>\n\n<p>Ihanteellinen peliharrastajille Peliharrastajille S23B-5 on paras kannettava 4K-pelimonitori. 4K UHD -resoluution, tarkan v\u00e4ritarkkuuden ja nopean 25 ms:n vasteajan ansiosta t\u00e4m\u00e4 n\u00e4ytt\u00f6 tarjoaa vertaansa vailla olevan pelikokemuksen. Uppoudu el\u00e4v\u00e4iseen grafiikkaan, t\u00e4ytel\u00e4isiin v\u00e4reihin ja ter\u00e4viin yksityiskohtiin, jotka nostavat peliseikkailujasi. S23B-5 varmistaa, ett\u00e4 jokainen ruutu on selke\u00e4, mik\u00e4 mahdollistaa nopeat reaktiot ja kilpailuedun nopeatempoisissa toimintapeleiss\u00e4, mukaansatempaavissa roolipeleiss\u00e4 tai visuaalisesti upeissa maailmoissa.<\/p>\n\n<p>Lis\u00e4\u00e4 tuottavuutta tien p\u00e4\u00e4ll\u00e4 S23B-5 on enemm\u00e4n kuin viihde ja pelaaminen, se on my\u00f6s tuottavuuden voimanpes\u00e4. Olitpa sitten digitaalinen nomadi, opiskelija tai ammattilainen, joka tarvitsee kannettavan ty\u00f6tilan, t\u00e4m\u00e4 monitori vastaa tarpeitasi. Laajenna kannettavan tietokoneen tai \u00e4lypuhelimen n\u00e4ytt\u00f6\u00e4, tee monia teht\u00e4vi\u00e4 vaivattomasti ja paranna tehokkuutta ja ty\u00f6nkulkua. Muokkaa asiakirjoja, luo esityksi\u00e4 tai analysoi tietoja S23B-5:n tarjoaman lis\u00e4n\u00e4yt\u00f6n avulla. Sen korkean resoluution n\u00e4ytt\u00f6 ja tarkka v\u00e4rintoisto takaavat, ett\u00e4 voit ty\u00f6skennell\u00e4 monimutkaisten yksityiskohtien kanssa ja s\u00e4ilytt\u00e4\u00e4 yhdenmukaisuuden eri laitteilla. S23B-5 on kannettava tuottavuuskeskuksesi, jonka avulla saavutat enemm\u00e4n my\u00f6s liikkeell\u00e4 ollessasi.<\/p>\n\n<p>Johtop\u00e4\u00e4t\u00f6s Yhteenvetona voidaan todeta, ett\u00e4 kannettava S23B-5 4K -monitori on poikkeuksellinen laite, joka tuo ultrakorkean resoluution mobiilin\u00e4yt\u00f6t k\u00e4den ulottuville. 4K UHD -resoluutio, kapasitiivinen 10-pisteen kosketusn\u00e4ytt\u00f6 ja laaja v\u00e4riskaala tekev\u00e4t t\u00e4st\u00e4 kannettavasta n\u00e4yt\u00f6st\u00e4 upean visuaalisen ja poikkeuksellisen suorituskykyisen. Olitpa sitten pelaaja, luova ammattilainen tai arvostat tuottavuutta liikkeell\u00e4, S23B-5 on r\u00e4\u00e4t\u00e4l\u00f6ity tarpeisiisi. Sen monipuoliset liit\u00e4nt\u00e4mahdollisuudet, sis\u00e4\u00e4nrakennettu akku ja korkealaatuinen rakenne tekev\u00e4t siit\u00e4 erinomaisen valinnan.<\/p>\n\n<p>Plussaa: Upea visuaalinen ilme: S23B-5 tarjoaa 4K UHD -n\u00e4yt\u00f6n poikkeuksellisella v\u00e4ritarkkuudella, joka sopii erinomaisesti pelaamiseen, videoeditointiin, graafiseen suunnitteluun ja kuvank\u00e4sittelyyn. Kosketusn\u00e4ytt\u00f6toiminnot: Kapasitiivinen 10 pisteen kosketusn\u00e4ytt\u00f6 tarjoaa herk\u00e4n ja intuitiivisen k\u00e4ytt\u00f6kokemuksen, joka mahdollistaa vaivattoman navigoinnin ja tarkan hallinnan. Siirrett\u00e4vyys: S23B-5 on ohut ja kevyt, joten se on hyvin kannettava matkoilla, ty\u00f6matkoilla ja et\u00e4t\u00f6iss\u00e4. Monipuolinen liitett\u00e4vyys: C-tyypin, kuulokkeiden ja Micro-USB:n portit takaavat yhteensopivuuden \u00e4lypuhelinten, kannettavien tietokoneiden ja pelikonsolien kanssa. Sis\u00e4\u00e4nrakennettu akku: S23B-5:n 10000 mAh polymeeriakku mahdollistaa keskeytym\u00e4tt\u00f6m\u00e4n k\u00e4yt\u00f6n tien p\u00e4\u00e4ll\u00e4, eik\u00e4 virtal\u00e4hdett\u00e4 tarvita.<\/p>\n\n<p>Miinukset: Rajalliset kokovaihtoehdot: Se ei ehk\u00e4 sovi k\u00e4ytt\u00e4jille, jotka haluavat suurempia tai pienempi\u00e4 kannettavia n\u00e4ytt\u00f6j\u00e4. \u00c4\u00e4nil\u00e4ht\u00f6: Sis\u00e4\u00e4nrakennetut kaiuttimet eiv\u00e4t ehk\u00e4 vastaa ulkoisia kaiuttimia tai kuulokkeita niille, jotka etsiv\u00e4t syv\u00e4llisemp\u00e4\u00e4 \u00e4\u00e4nikokemusta.<\/p>\n","protected":false},"excerpt":{"rendered":"<ul>\n<li><strong>100 % Adoben v\u00e4riskaalasta<\/strong> <strong>15,6 tuuman UHD 4K<\/strong> kannettava n\u00e4ytt\u00f6<\/li>\n<li>10-pisteen kapasitiivinen kosketusn\u00e4yt\u00f6n n\u00e4ytt\u00f6<\/li>\n<li>Kosketusn\u00e4ytt\u00f6 Yhteensopiva <strong>MacOS:n<\/strong> kanssa<\/li>\n<li>Sis\u00e4\u00e4nrakennettu 10000mAh akku<\/li>\n<li><strong>Virtal\u00e4hteen\u00e4 USB<\/strong>, tukee mini-HDMI:t\u00e4 ja USB Type-C:t\u00e4.<\/li>\n<\/ul>\n[cg_accordion title=\"MAKSUTIEDOT\"]<\/p>\n<p>K\u00e4yt\u00e4mme uusinta teknologiaa maksujen k\u00e4sittelyss\u00e4, jonka avulla voit tehd\u00e4 maksun Apple Payn, Google Payn, pankki- tai luottokortin, PayPalin tai BNPL-menetelmien, kuten Klarna, Affirm tai AfterPay, avulla nopean ja turvallisen maksukokemuksen.[\/cg_accordion]\n[cg_accordion title=\"TAKUU\"]<\/p>\n<p>2 vuoden takuu <a href=\"https:\/\/droix.net\/\" target=\"_blank\" rel=\"nofollow noopener\">DROIX Global ilta mielenrauhasi vuoksi<\/a> [\/cg_accordion]\n[cg_accordion title=\"HINNOITTELU, VEROT JA TOIMITUKSET\"]<\/p>\n<p><strong><u>Huom:<\/u><\/strong><\/p>\n<ul>\n<li>Yhdysvallat Asiakkaat: Asiakkaat: N\u00e4ytetty hinta EI sis\u00e4ll\u00e4 veroja eik\u00e4 tulleja. Vastuu tulliselvityksest\u00e4 ja siihen liittyvien verojen\/tullien maksamisesta on asiakkaalla. <\/li>\n<li>EU:n asiakkaat: N\u00e4ytetty hinta sis\u00e4lt\u00e4\u00e4 sovellettavan veron, joka voi olla jopa 25 % maastasi riippuen.<\/li>\n<li>Kanada Asiakkaat: N\u00e4ytetty hinta sis\u00e4lt\u00e4\u00e4 sovellettavat verot, joihin voi sis\u00e4lty\u00e4 5 % GST ja ylim\u00e4\u00e4r\u00e4isi\u00e4 maakunnallisia myyntiveroja (PST), harmonisoitua myyntiveroa (HST) tai Quebecin myyntiveroa (QST) maakunnasta riippuen.<\/li>\n<\/ul>\n<p><strong>AINOASTAAN EU:n asiakkaille:<\/strong> Express DDP (Delivered Duty Paid). T\u00e4m\u00e4 tarkoittaa: <\/p>\n<ul>\n<li>Kaikki tullit ja verot sis\u00e4ltyv\u00e4t tuotesivulla ilmoitettuun hintaan.<\/li>\n<li>Sinun ei tarvitse maksaa lis\u00e4maksuja toimituksen yhteydess\u00e4.<\/li>\n<li>Harvinaisissa tulliin liittyviss\u00e4 tapauksissa tiimimme hoitaa tulliselvitysprosessin puolestasi varmistaakseen sujuvan toimituksen.<\/li>\n<p>T\u00e4rke\u00e4\u00e4 tietoa palautuksista:<\/p>\n<li>Jos p\u00e4\u00e4t\u00e4t palauttaa tilauksesi tai pyyt\u00e4\u00e4 palautusta, ota huomioon, ett\u00e4 DDP-ehtojen mukaisesti puolestasi maksettuja veroja ja tulleja ei voida palauttaa.<\/li>\n<p>Katso yksityiskohtaiset tiedot <a href=\"https:\/\/gpdstore.net\/fi\/terms-of-service\/\" target=\"_blank\" rel=\"nofollow noopener\">k\u00e4ytt\u00f6ehdoistamme<\/a>.\n<\/ul>\n<p>[\/cg_accordion]\n[cg_accordion title=\"ASIAKASTUKI\"]<\/p>\n<p>Onko kysytt\u00e4v\u00e4\u00e4? Olemme lyhyen tekstiviestin p\u00e4\u00e4ss\u00e4 siit\u00e4, ett\u00e4 ongelmasi on ratkaistu!<br \/>\n[\/cg_accordion]\n[cg_accordion title=\"MIT\u00c4 SIS\u00c4LTYY\"]<\/p>\n<ul>\n<li>1x Virtapistoke (EU\/US)<\/li>\n<li>1x K\u00e4ytt\u00f6ohje<\/li>\n<\/ul>\n<p>[\/cg_accordion]\n","protected":false},"featured_media":329831,"template":"","meta":{"_acf_changed":false},"product_brand":[],"product_cat":[9967],"product_tag":[9973,9970],"woo-feed-brand":[9971],"class_list":{"0":"post-329714","1":"product","2":"type-product","3":"status-publish","4":"has-post-thumbnail","6":"product_cat-kannettavat-naytot","7":"product_tag-30gpdsale-fi","8":"product_tag-droix-portable-monitori","9":"product_shipping_class-standard","10":"pa_brand-droix","11":"woo-feed-brand-droix-fi","13":"first","14":"outofstock","15":"sale","16":"taxable","17":"shipping-taxable","18":"purchasable","19":"product-type-variable","20":"has-default-attributes"},"acf":[],"aioseo_notices":[],"_links":{"self":[{"href":"https:\/\/gpdstore.net\/fi\/wp-json\/wp\/v2\/product\/329714","targetHints":{"allow":["GET"]}}],"collection":[{"href":"https:\/\/gpdstore.net\/fi\/wp-json\/wp\/v2\/product"}],"about":[{"href":"https:\/\/gpdstore.net\/fi\/wp-json\/wp\/v2\/types\/product"}],"wp:featuredmedia":[{"embeddable":true,"href":"https:\/\/gpdstore.net\/fi\/wp-json\/wp\/v2\/media\/329831"}],"wp:attachment":[{"href":"https:\/\/gpdstore.net\/fi\/wp-json\/wp\/v2\/media?parent=329714"}],"wp:term":[{"taxonomy":"product_brand","embeddable":true,"href":"https:\/\/gpdstore.net\/fi\/wp-json\/wp\/v2\/product_brand?post=329714"},{"taxonomy":"product_cat","embeddable":true,"href":"https:\/\/gpdstore.net\/fi\/wp-json\/wp\/v2\/product_cat?post=329714"},{"taxonomy":"product_tag","embeddable":true,"href":"https:\/\/gpdstore.net\/fi\/wp-json\/wp\/v2\/product_tag?post=329714"},{"taxonomy":"woo-feed-brand","embeddable":true,"href":"https:\/\/gpdstore.net\/fi\/wp-json\/wp\/v2\/woo-feed-brand?post=329714"}],"curies":[{"name":"wp","href":"https:\/\/api.w.org\/{rel}","templated":true}]}}