{"id":327595,"date":"2024-07-12T08:46:50","date_gmt":"2024-07-12T08:46:50","guid":{"rendered":"https:\/\/gpdstore.net\/Ei-luokiteltu\/droix-pm13-2k-kannettava-naytto\/"},"modified":"2025-09-15T21:33:19","modified_gmt":"2025-09-15T21:33:19","slug":"droix-pm13-2k-kannettava-naytto","status":"publish","type":"product","link":"https:\/\/gpdstore.net\/fi\/product\/droix-pm13-2k-kannettava-naytto\/","title":{"rendered":"DroiX PM13 2K kannettava n\u00e4ytt\u00f6"},"content":{"rendered":"\n<figure class=\"wp-block-video\"><video controls=\"\" muted=\"\" poster=\"https:\/\/droix.net\/wp-content\/uploads\/2024\/03\/1.jpg\" src=\"https:\/\/droix.net\/wp-content\/uploads\/2024\/06\/pm131.mp4\"><\/video><\/figure>\n\n<div class=\"wp-block-columns is-layout-flex wp-container-core-columns-is-layout-28f84493 wp-block-columns-is-layout-flex\">\n<div class=\"wp-block-column is-layout-flow wp-block-column-is-layout-flow\" style=\"flex-basis:33.33%\">\n<figure class=\"wp-block-image size-large\"><a href=\"https:\/\/droix.net\/wp-content\/uploads\/2024\/03\/DROIX-S13-GENERIC-DONE-LISTING-IMAGE-1-1.png\"><img decoding=\"async\" src=\"https:\/\/droix.net\/wp-content\/uploads\/2024\/03\/DROIX-S13-GENERIC-DONE-LISTING-IMAGE-1-1-1024x1024.png\" alt=\"Image of DroiX Kannettava n&#xE4;ytt&#xF6;, 13-tuumainen, 2K, eritt&#xE4;in ohut, kevyt ja kannettava n&#xE4;ytt&#xF6;\" class=\"wp-image-175965\"\/><\/a><\/figure>\n<\/div>\n\n\n\n<div class=\"wp-block-column is-layout-flow wp-block-column-is-layout-flow\" style=\"flex-basis:66.66%\">\n<h2 class=\"wp-block-heading\"><strong>DroiX PM13 &#8211; 13,0 tuuman 4K Ultra-Thin kannettava n\u00e4ytt\u00f6<\/strong><\/h2>\n\n\n\n<p>DroiX PM13 on tyylik\u00e4s ja h\u00f6yhenenkevyt 13&#8243; 2K-kannettava n\u00e4ytt\u00f6, jonka paino on vain 494 grammaa. Ohut alumiinirunko ja eritt\u00e4in ohuet 0,11 tuuman kehykset yhdist\u00e4v\u00e4t tyylin ja mukavuuden mestarillisesti. Eloisa IPS-n\u00e4ytt\u00f6 tarjoaa rikkaat v\u00e4rit ja laajan 170 asteen katselukulman, joka tarjoaa kiehtovan visuaalisen kokemuksen. Koska PM13 on HDMI:n ja USB-C:n kautta yhteensopiva lukuisten laitteiden kanssa, se on \u00e4\u00e4rimm\u00e4isen monipuolinen n\u00e4ytt\u00f6, jonka avulla voit p\u00e4ivitt\u00e4\u00e4 kokoonpanoasi miss\u00e4 tahansa.  <\/p>\n<\/div>\n<\/div>\n\n<div class=\"wp-block-columns is-layout-flex wp-container-core-columns-is-layout-28f84493 wp-block-columns-is-layout-flex\">\n<div class=\"wp-block-column is-layout-flow wp-block-column-is-layout-flow\">\n<h3 class=\"wp-block-heading\">Ihanteellinen kannettava n\u00e4ytt\u00f6 kannettaville tietokoneille<br\/><em>Ei kompromisseja<\/em><\/h3>\n\n\n\n<p>Kannettava DroiX PM13 -monitori tarjoaa poikkeuksellisen n\u00e4ytt\u00f6kokemuksen erinomaisten ominaisuuksiensa ansiosta. Suurella kirkkaudella ja HDR-tuella varustettu n\u00e4ytt\u00f6 takaa selke\u00e4n n\u00e4kyvyyden kaikissa valaistusolosuhteissa. 100 %:n sRGB-peitto ja 16,7 miljoonaa v\u00e4ri\u00e4 tuottavat tarkan v\u00e4ritarkkuuden, joka on ratkaisevan t\u00e4rke\u00e4\u00e4 kuvank\u00e4sittelyss\u00e4 ja graafisessa suunnittelussa. Sen 2K-resoluutio 13-tuumaisessa n\u00e4yt\u00f6ss\u00e4 takaa suuren pikselitiheyden, joka tuottaa ter\u00e4vi\u00e4 ja eloisia visuaalisia kuvia sek\u00e4 tekstille ett\u00e4 multimedialle. T\u00e4m\u00e4 tekee PM13:sta huippuvalinnan niin ammattilaisille kuin harrastajillekin.    <\/p>\n<\/div>\n\n\n\n<div class=\"wp-block-column is-layout-flow wp-block-column-is-layout-flow\">\n<figure class=\"wp-block-image size-full\"><a href=\"https:\/\/droix.net\/wp-content\/uploads\/2024\/03\/2.jpg\"><img decoding=\"async\" src=\"https:\/\/droix.net\/wp-content\/uploads\/2024\/03\/2.jpg\" alt=\"DroiX PM13 korkealaatuinen kannettava n&#xE4;ytt&#xF6;, jossa on HDR400-tuki, QHD 2160x1350 -resoluutio ja 100 % sRGB-peittoalue.\" class=\"wp-image-182193\"\/><\/a><\/figure>\n<\/div>\n<\/div>\n\n<div class=\"wp-block-columns is-layout-flex wp-container-core-columns-is-layout-28f84493 wp-block-columns-is-layout-flex\">\n<div class=\"wp-block-column is-layout-flow wp-block-column-is-layout-flow\">\n<figure class=\"wp-block-image size-full\"><a href=\"https:\/\/droix.net\/wp-content\/uploads\/2024\/07\/3-1.jpg\"><img decoding=\"async\" src=\"https:\/\/droix.net\/wp-content\/uploads\/2024\/07\/3-1.jpg\" alt=\"Kannettava DroiX PM13 -monitori, joka on suunniteltu m&#xE4;&#xE4;rittelem&#xE4;&#xE4;n uudelleen yhteensopivuus ja liitett&#xE4;vyys monenlaisten laitteiden kanssa. T&#xE4;ss&#xE4; n&#xE4;yt&#xF6;ss&#xE4; on vankka tuki USB- ja ActiveDP-tekniikoille, ja se integroituu saumattomasti erilaisiin nykyaikaisiin laitteisiin kannettavista tietokoneista &#xE4;lypuhelimiin ja muihin. Vaivatonta vuorovaikutusta varten suunniteltu PM13 toimii laitteiden kanssa, jotka tukevat DisplayPort over USB -yhteytt&#xE4;, joissa on Thunderbolt-USB-portit tai jotka noudattavat USB 4 -protokollaa videol&#xE4;hd&#xF6;ss&#xE4;. Pelaatpa sitten liikkeell&#xE4;, tehostat tuottavuutta tai nautit multimediasis&#xE4;ll&#xF6;st&#xE4;, PM13 on ehdoton kumppanisi, joka tarjoaa vertaansa vailla olevaa joustavuutta ja suorituskyky&#xE4; kaikkialla, miss&#xE4; sit&#xE4; tarvitsetkin.   \" class=\"wp-image-182203\"\/><\/a><\/figure>\n<\/div>\n\n\n\n<div class=\"wp-block-column is-layout-flow wp-block-column-is-layout-flow\">\n<h3 class=\"wp-block-heading\">Kannettavuus ja teho<br\/><em>Yhteensopivuus<\/em><\/h3>\n\n\n\n<p>Koe huippuluokan monipuolisuus kannettavassa DroiX PM13 -monitorissa, joka on suunniteltu m\u00e4\u00e4rittelem\u00e4\u00e4n uudelleen yhteensopivuus ja liitett\u00e4vyys monenlaisten laitteiden kanssa. T\u00e4ss\u00e4 n\u00e4yt\u00f6ss\u00e4 on vankka tuki USB- ja ActiveDP-tekniikoille, ja se integroituu saumattomasti erilaisiin nykyaikaisiin laitteisiin kannettavista tietokoneista \u00e4lypuhelimiin ja muihin. <\/p>\n\n\n\n<p>PM13 on suunniteltu vaivattomaan vuorovaikutukseen, ja se toimii laitteiden kanssa, jotka tukevat DisplayPort over USB -yhteytt\u00e4, joissa on Thunderbolt-USB-portit tai jotka noudattavat USB 4 -protokollaa videol\u00e4ht\u00f6\u00e4 varten. Pelaatpa sitten liikkeell\u00e4, tehostat tuottavuutta tai nautit multimediasis\u00e4ll\u00f6st\u00e4, PM13 on paras kumppanisi, joka tarjoaa vertaansa vailla olevaa joustavuutta ja suorituskyky\u00e4 kaikkialla, miss\u00e4 sit\u00e4 tarvitsetkin. <\/p>\n<\/div>\n<\/div>\n\n<div class=\"wp-block-columns is-layout-flex wp-container-core-columns-is-layout-28f84493 wp-block-columns-is-layout-flex\">\n<div class=\"wp-block-column is-layout-flow wp-block-column-is-layout-flow\">\n<h3 class=\"wp-block-heading\">Enemm\u00e4n kuin kannettava monitori<br\/><em>Ominaisuusrikas<\/em> laite<\/h3>\n\n\n\n<p>Kannettavassa DroiX PM13 -monitorissa on monipuolinen muotoilu, jossa on 180\u00b0 s\u00e4\u00e4dett\u00e4v\u00e4 jalusta, jonka avulla k\u00e4ytt\u00e4j\u00e4t voivat asettaa n\u00e4yt\u00f6n eri kulmiin optimaalisen katselumukavuuden saavuttamiseksi. Lis\u00e4ksi siin\u00e4 on integroitu 75&#215;75 mm:n VESA-kiinnitystuki, joka mahdollistaa joustavan kiinnityksen yhteensopiviin varsiin tai jalustoihin. \u00c4\u00e4nentoistoa varten PM13:ssa on sis\u00e4\u00e4nrakennetut stereokaiuttimet, joiden teho on 1,0 W. Vaikka n\u00e4m\u00e4 kaiuttimet eiv\u00e4t olekaan poikkeuksellisen tehokkaat, ne tarjoavat k\u00e4tev\u00e4n \u00e4\u00e4niratkaisun ilman ulkoisia laitteita.   <\/p>\n\n\n\n<h3 class=\"wp-block-heading\"><br\/><\/h3>\n<\/div>\n\n\n\n<div class=\"wp-block-column is-layout-flow wp-block-column-is-layout-flow\">\n<figure class=\"wp-block-image size-full\"><a href=\"https:\/\/droix.net\/wp-content\/uploads\/2024\/07\/4.jpg\"><img decoding=\"async\" src=\"https:\/\/droix.net\/wp-content\/uploads\/2024\/07\/4.jpg\" alt=\"Kannettavassa DroiX PM13 -monitorissa on 180&#xB0; s&#xE4;&#xE4;dett&#xE4;v&#xE4; jalusta, jonka avulla k&#xE4;ytt&#xE4;j&#xE4;t voivat asettaa n&#xE4;yt&#xF6;n eri kulmiin optimaalisen katselumukavuuden saavuttamiseksi. Se sis&#xE4;lt&#xE4;&#xE4; integroidun 75x75 mm:n VESA-kiinnitystuen, joka mahdollistaa joustavan kiinnityksen yhteensopiviin varsiin tai jalustoihin. PM13-monitorissa on my&#xF6;s sis&#xE4;&#xE4;nrakennetut stereokaiuttimet, joiden teho on 1,0 W, mik&#xE4; tarjoaa k&#xE4;tev&#xE4;n &#xE4;&#xE4;niratkaisun ilman ulkoisia laitteita.  \" class=\"wp-image-182205\"\/><\/a><\/figure>\n<\/div>\n<\/div>\n\n<div class=\"wp-block-columns is-layout-flex wp-container-core-columns-is-layout-28f84493 wp-block-columns-is-layout-flex\">\n<div class=\"wp-block-column is-layout-flow wp-block-column-is-layout-flow\">\n<figure class=\"wp-block-image size-full\"><a href=\"https:\/\/droix.net\/wp-content\/uploads\/2024\/07\/5.jpg\"><img decoding=\"async\" src=\"https:\/\/droix.net\/wp-content\/uploads\/2024\/07\/5.jpg\" alt=\"Kannettava DroiX PM13 -monitori on esimerkki monipuolisuudesta laajojen yhteensopivuus- ja liit&#xE4;nt&#xE4;vaihtoehtojen ansiosta. Siin&#xE4; on nelj&#xE4; tilaa: Duplicated Mode sis&#xE4;ll&#xF6;n peilaamiseen, Extend Mode ty&#xF6;tilan laajentamiseen, Second Screen pelikonsoleille ja Portrait Mode pystysuuntaiseen suuntaukseen. Ihanteellinen ammattilaisille, pelaajille ja digitaalisille nomadeille, parantaa tuottavuutta ja viihdett&#xE4; erilaisissa ymp&#xE4;rist&#xF6;iss&#xE4;.  \" class=\"wp-image-182206\"\/><\/a><\/figure>\n<\/div>\n\n\n\n<div class=\"wp-block-column is-layout-flow wp-block-column-is-layout-flow\">\n<h3 class=\"wp-block-heading\">Laajennus, monistaminen, muotokuva ja paljon muuta<br\/><em>Todellinen monipuolisuus<br\/><\/em><\/h3>\n\n\n\n<p>Kannettava DroiX PM13 -monitori on esimerkki monipuolisuudesta laajojen yhteensopivuus- ja liit\u00e4nt\u00e4vaihtoehtojensa ansiosta. Se tarjoaa nelj\u00e4 monipuolista tilaa: Duplicated Mode sis\u00e4ll\u00f6n peilaamiseen, Extend Mode ty\u00f6tilan laajentamiseen, Second Screen pelikonsoleille ja Portrait Mode pystysuuntaiseen suuntaukseen. T\u00e4m\u00e4 mukautuvuus tekee siit\u00e4 ihanteellisen kumppanin ammattilaisille, pelaajille ja digitaalisille nomadeille, mik\u00e4 parantaa tuottavuutta ja viihdett\u00e4 eri ymp\u00e4rist\u00f6iss\u00e4.  <\/p>\n\n\n\n<p>4o<\/p>\n<\/div>\n<\/div>\n\n<figure class=\"wp-block-image aligncenter size-large\"><a href=\"https:\/\/droix.net\/wp-content\/uploads\/2024\/07\/7.jpg\"><img decoding=\"async\" src=\"https:\/\/droix.net\/wp-content\/uploads\/2024\/07\/7-1024x420.jpg\" alt=\"Liit&#xE4; Thunderbolt 3 tai 4 -yhteensopiva MacBookisi saumattomasti kannettavaan DroiX PM13 -n&#xE4;ytt&#xF6;&#xF6;n sen C-tyypin portin kautta, jossa on DP ALT-MODE -tuki. T&#xE4;m&#xE4; edistyksellinen liitett&#xE4;vyys varmistaa sek&#xE4; videonsiirron ett&#xE4; virransiirron yhden Type-C-kaapelin kautta, mik&#xE4; maksimoi mukavuuden ja tehokkuuden. \" class=\"wp-image-182195\"\/><\/a><\/figure>\n\n<p>Liit\u00e4 Thunderbolt 3 tai 4 -yhteensopiva MacBookisi saumattomasti kannettavaan DroiX PM13 -n\u00e4ytt\u00f6\u00f6n sen C-tyypin portin kautta, jossa on DP ALT-MODE -tuki. T\u00e4m\u00e4 edistyksellinen liitett\u00e4vyys varmistaa sek\u00e4 videonsiirron ett\u00e4 virransiirron yhden Type-C-kaapelin kautta, mik\u00e4 maksimoi mukavuuden ja tehokkuuden. <\/p>\n\n<figure class=\"wp-block-image aligncenter size-large is-resized\"><a href=\"https:\/\/droix.net\/wp-content\/uploads\/2024\/03\/8.jpg\"><img decoding=\"async\" src=\"https:\/\/droix.net\/wp-content\/uploads\/2024\/03\/8-1024x420.jpg\" alt=\"Hy&#xF6;dynn&#xE4; Thunderbolt 3, 4 tai USB 3.1 DP ALT-MODE &#xE4;lypuhelimesi kehittyneet ominaisuudet, jotta voit yhdist&#xE4;&#xE4; kannettavan DroiX PM13 -monitorin saumattomasti sek&#xE4; videol&#xE4;ht&#xF6;&#xF6;n ett&#xE4; virranjakeluun. Hy&#xF6;dynn&#xE4; C-tyypin porttia, jossa on &#xE4;lypuhelimesi DP ALT-MODE -tuki, ja saat virtaviivaistetun k&#xE4;ytt&#xF6;kokemuksen, jossa videonsiirto ja virransy&#xF6;tt&#xF6; hoidetaan yhdell&#xE4; kaapelilla. \" class=\"wp-image-182197\" style=\"width:900px;height:auto\"\/><\/a><\/figure>\n\n<p>Liit\u00e4 Windows-kannettava tietokone vaivattomasti kannettavaan DroiX PM13 -monitoriin sen HDMI- ja Type-C-porttien avulla saumatonta videonsiirtoa ja virransy\u00f6tt\u00f6\u00e4 varten. Type-C-portti tukee virransy\u00f6tt\u00f6\u00e4 (PD), kun taas HDMI-portti takaa ter\u00e4v\u00e4piirtovideol\u00e4hd\u00f6n, jolloin voit nauttia paremmasta tuottavuudesta ja viihteest\u00e4 ilman vaivaa. <\/p>\n\n<figure class=\"wp-block-image aligncenter size-large\"><a href=\"https:\/\/droix.net\/wp-content\/uploads\/2024\/03\/9.jpg\"><img decoding=\"async\" src=\"https:\/\/droix.net\/wp-content\/uploads\/2024\/03\/9-1024x420.jpg\" alt=\"Hy&#xF6;dynn&#xE4; Thunderbolt 3, 4 tai USB 3.1 DP ALT-MODE &#xE4;lypuhelimesi kehittyneet ominaisuudet, jotta voit yhdist&#xE4;&#xE4; kannettavan DroiX PM13 -monitorin saumattomasti sek&#xE4; videol&#xE4;ht&#xF6;&#xF6;n ett&#xE4; virranjakeluun. Hy&#xF6;dynn&#xE4; C-tyypin porttia, jossa on &#xE4;lypuhelimesi DP ALT-MODE -tuki, ja saat virtaviivaistetun k&#xE4;ytt&#xF6;kokemuksen, jossa videonsiirto ja virransy&#xF6;tt&#xF6; hoidetaan yhdell&#xE4; kaapelilla. \" class=\"wp-image-182198\"\/><\/a><\/figure>\n\n<p>Hy\u00f6dynn\u00e4 Thunderbolt 3, 4 tai USB 3.1 DP ALT-MODE \u00e4lypuhelimesi kehittyneet ominaisuudet, jotta voit yhdist\u00e4\u00e4 kannettavan DroiX PM13 -monitorin saumattomasti sek\u00e4 videol\u00e4ht\u00f6\u00f6n ett\u00e4 virranjakeluun. Hy\u00f6dynt\u00e4m\u00e4ll\u00e4 Type-C-porttia, jossa on \u00e4lypuhelimesi DP ALT-MODE -tuki, voit nauttia virtaviivaistetusta k\u00e4ytt\u00f6kokemuksesta, jossa yksi kaapeli hoitaa sek\u00e4 videol\u00e4hetyksen ett\u00e4 virransy\u00f6t\u00f6n. <\/p>\n\n<figure class=\"wp-block-image aligncenter size-large\"><a href=\"https:\/\/droix.net\/wp-content\/uploads\/2024\/03\/11.jpg\"><img decoding=\"async\" src=\"https:\/\/droix.net\/wp-content\/uploads\/2024\/03\/11-1024x420.jpg\" alt=\"Kannettavan DroiX PM13 -monitorin eri liit&#xE4;nt&#xE4;tapoja ovat USB, ActiveDP, DisplayPort over USB, Thunderbolt-USB-portit ja USB 4 -protokolla videol&#xE4;ht&#xF6;&#xE4; varten, mik&#xE4; takaa monipuolisen liitett&#xE4;vyyden.\" class=\"wp-image-182199\"\/><\/a><\/figure>\n\n<figure class=\"wp-block-image aligncenter size-large\"><a href=\"https:\/\/droix.net\/wp-content\/uploads\/2024\/03\/12.jpg\"><img decoding=\"async\" src=\"https:\/\/droix.net\/wp-content\/uploads\/2024\/03\/12-1024x420.jpg\" alt=\"Usein kysytyt kysymykset kannettavasta DroiX PM13 -monitorista\" class=\"wp-image-182200\"\/><\/a><\/figure>\n\n<h3 class=\"wp-block-heading\"><strong>P\u00e4\u00e4telm\u00e4<\/strong><\/h3>\n\n<p>DroiX PM13 m\u00e4\u00e4rittelee uudelleen kannettavien monitorien olemuksen yhdist\u00e4m\u00e4ll\u00e4 korkean resoluution, erinomaisen siirrett\u00e4vyyden ja laajan yhteensopivuuden tyylikk\u00e4\u00e4seen, k\u00e4ytt\u00e4j\u00e4yst\u00e4v\u00e4lliseen muotoiluun. Se on suunniteltu niille, jotka kielt\u00e4ytyv\u00e4t tinkim\u00e4st\u00e4 laadusta ja toiminnallisuudesta my\u00f6s matkalla. Ota kannettavien monitorien tulevaisuus vastaan DroiX PM13:n avulla ja koe innovaatioiden ja mukavuuden t\u00e4ydellinen yhdistelm\u00e4 omakohtaisesti.  <\/p>\n\n<p>\u00c4l\u00e4 missaa tilaisuutta parantaa kannettavan monitorin k\u00e4ytt\u00f6kokemusta DroiX PM13:n avulla. Ennakkotilaa nyt ja varmista paikkasi ensimm\u00e4isten joukossa, jotka p\u00e4\u00e4sev\u00e4t nauttimaan t\u00e4st\u00e4 uraauurtavasta laitteesta. Saatavuus on rajoitettu, joten t\u00e4m\u00e4 on tilaisuutesi p\u00e4\u00e4st\u00e4 edelle ja kokea kannettavan n\u00e4ytt\u00f6teknologian huippu. Tilaa kannettava DroiX PM13 -monitori jo t\u00e4n\u00e4\u00e4n!   <\/p>\n","protected":false},"excerpt":{"rendered":"<ul>\n<li>2K 13&#8243;<strong> IPS-n\u00e4ytt\u00f6<\/strong> <\/li>\n<li>100 %<strong> sRGB-peitto<\/strong> <\/li>\n<li>450 <strong>nitin<\/strong> kirkkaus<\/li>\n<li>75x75mm<strong> VESA-asennus<\/strong> <\/li>\n<li> <strong> Sis\u00e4\u00e4nrakennetut<\/strong> kaiuttimet<\/li>\n<\/ul>\n<p> [cg_accordion title=\"MAKSUTIEDOT\"] K\u00e4yt\u00e4mme uusinta tekniikkaa maksujen k\u00e4sittelyss\u00e4, jonka avulla voit tehd\u00e4 maksun pankki- tai luottokortilla tai PayPalilla, mik\u00e4 takaa nopean ja turvallisen k\u00e4ytt\u00f6kokemuksen.[\/cg_accordion] [cg_accordion title=\"TAKUU\"] 1 tai 2 vuoden* takuu <a href=\"https:\/\/droix.net\/\" target=\"_blank\" rel=\"nofollow noopener\">DroiX Globalilta<\/a> mielenrauhasi vuoksi.[\/cg_accordion] [cg_accordion title=\"MERENKULKU JA VEROT\"] <strong><u>Huom:<\/u><\/strong> Yhdysvallat Asiakkaat: Asiakkaat: N\u00e4ytetty hinta sis\u00e4lt\u00e4\u00e4 kaikki sovellettavat verot. EU:n asiakkaat: N\u00e4ytetty hinta sis\u00e4lt\u00e4\u00e4 sovellettavan veron, joka voi olla jopa 25 % maastasi riippuen. Kanada-asiakkaat: N\u00e4ytetty hinta sis\u00e4lt\u00e4\u00e4 5 % GST. Toimituksen ja palautukset hoitaa <a href=\"https:\/\/droix.net\/\" target=\"_blank\" rel=\"nofollow noopener\">DroiX<\/a>, virallinen GPD-j\u00e4lleenmyyj\u00e4. Tarjoamme nopean DHL Express DDP (Delivered Duty Paid) -toimituksen. Kaikki tullimaksut ja verot sis\u00e4ltyv\u00e4t n\u00e4ytettyyn hintaan &#8211; mit\u00e4\u00e4n lis\u00e4maksuja ei vaadita toimituksen yhteydess\u00e4. Jos tullikysymyksi\u00e4 ilmenee, tiimimme hoitaa tulliselvitysmenettelyt puolestasi. T\u00e4rke\u00e4\u00e4: Jos kyseess\u00e4 on palautus tai mielenmuutos, puolestasi maksettuja veroja ja tulleja ei voida palauttaa DDP-toimitusehtojen vuoksi. Katso yksityiskohtaiset tiedot <a href=\"https:\/\/gpdstore.net\/fi\/terms-of-service\/\" target=\"_blank\" rel=\"nofollow noopener\">k\u00e4ytt\u00f6ehdoistamme<\/a>.        [\/cg_accordion] [cg_accordion title=\"WHAT'S INCLUDED\"]<\/p>\n<ul>\n<li>1x Kannettava DroiX PM13 -monitori<\/li>\n<li>1x Virtapistoke (EU\/US)<\/li>\n<li>1x HDMI-kaapeli<\/li>\n<li>1x USB Type-C-kaapeli<\/li>\n<li>1x USB-tyyppi-A-tyyppi-C-kaapeli<\/li>\n<li>1x Suojakotelo<\/li>\n<li>1x K\u00e4ytt\u00f6ohje<\/li>\n<\/ul>\n<p>[\/cg_accordion]<\/p>\n","protected":false},"featured_media":818481,"template":"","meta":{"_acf_changed":false},"product_brand":[],"product_cat":[9967],"product_tag":[12724,9970],"woo-feed-brand":[9971],"class_list":{"0":"post-327595","1":"product","2":"type-product","3":"status-publish","4":"has-post-thumbnail","6":"product_cat-kannettavat-naytot","7":"product_tag-25bfsale-fi","8":"product_tag-droix-portable-monitori","9":"product_shipping_class-low-end","10":"pa_brand-droix","11":"woo-feed-brand-droix-fi","13":"first","14":"instock","15":"sale","16":"taxable","17":"shipping-taxable","18":"purchasable","19":"product-type-variable","20":"has-default-attributes"},"acf":[],"aioseo_notices":[],"_links":{"self":[{"href":"https:\/\/gpdstore.net\/fi\/wp-json\/wp\/v2\/product\/327595","targetHints":{"allow":["GET"]}}],"collection":[{"href":"https:\/\/gpdstore.net\/fi\/wp-json\/wp\/v2\/product"}],"about":[{"href":"https:\/\/gpdstore.net\/fi\/wp-json\/wp\/v2\/types\/product"}],"wp:featuredmedia":[{"embeddable":true,"href":"https:\/\/gpdstore.net\/fi\/wp-json\/wp\/v2\/media\/818481"}],"wp:attachment":[{"href":"https:\/\/gpdstore.net\/fi\/wp-json\/wp\/v2\/media?parent=327595"}],"wp:term":[{"taxonomy":"product_brand","embeddable":true,"href":"https:\/\/gpdstore.net\/fi\/wp-json\/wp\/v2\/product_brand?post=327595"},{"taxonomy":"product_cat","embeddable":true,"href":"https:\/\/gpdstore.net\/fi\/wp-json\/wp\/v2\/product_cat?post=327595"},{"taxonomy":"product_tag","embeddable":true,"href":"https:\/\/gpdstore.net\/fi\/wp-json\/wp\/v2\/product_tag?post=327595"},{"taxonomy":"woo-feed-brand","embeddable":true,"href":"https:\/\/gpdstore.net\/fi\/wp-json\/wp\/v2\/woo-feed-brand?post=327595"}],"curies":[{"name":"wp","href":"https:\/\/api.w.org\/{rel}","templated":true}]}}