{"id":1261350,"date":"2025-10-23T08:14:29","date_gmt":"2025-10-23T08:14:29","guid":{"rendered":"https:\/\/gpdstore.net\/?post_type=product&#038;p=1261350"},"modified":"2026-01-19T14:22:29","modified_gmt":"2026-01-19T14:22:29","slug":"gpd-win-5-battery","status":"publish","type":"product","link":"https:\/\/gpdstore.net\/fi\/product\/gpd-win-5-battery\/","title":{"rendered":"GPD WIN 5 -akku"},"content":{"rendered":"\n<p><strong>GPD WIN 5 Rechargeable Li-ion Battery Pack on<\/strong> v\u00e4ltt\u00e4m\u00e4t\u00f6n lis\u00e4varuste, joka on suunniteltu maksimoimaan GPD WIN 5 -k\u00e4sikonsolin kannettavan pelitietokoneen peliaika. T\u00e4m\u00e4 aito 80Wh:n ulkoinen akku on suunniteltu korkeaan suorituskykyyn ja saumattomaan integrointiin, joten voit irrottaa sen sein\u00e4st\u00e4 ja kokea huippuluokan PC-pelaamista tien p\u00e4\u00e4ll\u00e4.<\/p>\n\n<hr class=\"wp-block-separator has-alpha-channel-opacity\"\/>\n\n<h3 class=\"wp-block-heading\">T\u00e4rkeimm\u00e4t ominaisuudet:<\/h3>\n\n<p>\ud83d\udd0b Laajennettu 80.04Wh kapasiteetti<\/p>\n\n<p>T\u00e4m\u00e4 akku tarjoaa suuren 80,04 Wh:n nimellisenergian ja 5170 mAh:n nimelliskapasiteetin ansiosta merkitt\u00e4v\u00e4n k\u00e4ytt\u00f6ajan, jonka ansiosta voit nauttia pitkist\u00e4 pelisessioista kaukana pistorasiasta.<\/p>\n\n<p>\u26a1 Korkea teho<\/p>\n\n<p>T\u00e4m\u00e4n 4-kennoisen Li-ion-akun nimellisj\u00e4nnite on 15,48 V ja rajoitettu latausj\u00e4nnite 17,80 V, joten se on suunniteltu k\u00e4sittelem\u00e4\u00e4n GPD WIN 5:n tehokkaan AMD Strix Halo APU:n vaativaa virrankulutusta.<\/p>\n\n<p>\ud83d\udd04 Nopeasti kiinnitett\u00e4v\u00e4 modulaarinen rakenne<\/p>\n\n<p>Akussa on patentoitu pikaliit\u00e4nt\u00e4mekanismi, joka kiinnittyy helposti ja turvallisesti GPD WIN 5 -k\u00e4mmenlaitteen takapuolelle (kuten kuvassa), joten se on modulaarinen ja vaihdettavissa vara-akun kanssa.<\/p>\n\n<p>\ud83d\udcaa Ergonominen ja integroitu<\/p>\n\n<p>Akkupaketti on suunniteltu integroitumaan t\u00e4ydellisesti GPD WIN 5 -alustaan, ja se s\u00e4ilytt\u00e4\u00e4 laitteen k\u00e4mmenmallin ja lis\u00e4\u00e4 samalla ergonomisen otteen ja virtal\u00e4hteen.<\/p>\n\n<p>\ud83d\udd0c Aito GPD-lis\u00e4varuste<\/p>\n\n<p>T\u00e4m\u00e4 on virallinen GPD Li-ion-akku (malli: 5.054BAG, malli: 4ICP 77\/48\/100), joka takaa t\u00e4ydellisen yhteensopivuuden, turvallisuuden ja optimaalisen suorituskyvyn GPD WIN 5 -laitteesi kanssa.<\/p>\n\n<hr class=\"wp-block-separator has-alpha-channel-opacity\"\/>\n\n<h3 class=\"wp-block-heading\">Tekniset tiedot:<\/h3>\n\n<figure class=\"wp-block-table\"><table class=\"has-fixed-layout\"><thead><tr><td><strong>Yksityiskohta<\/strong><\/td><td><strong>Tekniset tiedot<\/strong><\/td><\/tr><\/thead><tbody><tr><td><strong>Malli<\/strong><\/td><td>5.054BAG (4ICP 77\/48\/100)<\/td><\/tr><tr><td><strong>Paristotyyppi<\/strong><\/td><td>Ladattava Li-ion-akku<\/td><\/tr><tr><td><strong>Nimellinen energia<\/strong><\/td><td>80,04 Wh<\/td><\/tr><tr><td><strong>Nimelliskapasiteetti<\/strong><\/td><td>5170 mAh<\/td><\/tr><tr><td><strong>Nimellisj\u00e4nnite<\/strong><\/td><td>15.48 V<\/td><\/tr><tr><td><strong>Rajoitettu latausj\u00e4nnite<\/strong><\/td><td>17.80 V<\/td><\/tr><tr><td><strong>Yhteensopivuus<\/strong><\/td><td>GPD WIN 5 kannettava pelitietokone<\/td><\/tr><\/tbody><\/table><\/figure>\n","protected":false},"excerpt":{"rendered":"<ul>\n<li><strong>80.04Wh Kapasiteetti:<\/strong> Tarjoaa pidennetyn, tehokkaan kannettavan peliajan.<\/li>\n<li><strong>5170mAh Nimelliskapasiteetti:<\/strong> Varmista pitk\u00e4aikainen ja luotettava k\u00e4ytt\u00f6 tien p\u00e4\u00e4ll\u00e4.<\/li>\n<li><strong>Modulaarinen rakenne:<\/strong> Pikakiinnitysmekanismi helpottaa vaihtamista ja irrottamista.<\/li>\n<li><strong>Korkeaj\u00e4nnitevirta: Rakennettu<\/strong> tukemaan GPD WIN 5:n tehokasta APU:ta.<\/li>\n<li><strong>Virallinen GPD-lis\u00e4varuste:<\/strong> Takaa t\u00e4ydellisen istuvuuden, yhteensopivuuden ja turvallisuuden.<\/li>\n<\/ul>\n<pre><b>Kohde ennakkotilauksessa<\/b>\nJulkaisup\u00e4iv\u00e4 ETA:\n<ul>\n<li>2. helmikuuta 2026<\/li><\/pre>\n<\/ul>\n[cg_accordion title=\"MAKSUTIEDOT\"]<\/p>\n<p>K\u00e4yt\u00e4mme uusinta tekniikkaa maksujen k\u00e4sittelyss\u00e4, jonka avulla voit tehd\u00e4 maksun pankki- tai luottokortilla tai PayPalilla, mik\u00e4 takaa nopean ja turvallisen kokemuksen.[\/cg_accordion]\n[cg_accordion title=\"TAKUU\"]<\/p>\n<p>2 vuoden takuu <a href=\"https:\/\/droix.net\/\" target=\"_blank\" rel=\"nofollow noopener\">DROIX Global ilta mielenrauhasi vuoksi<\/a> [\/cg_accordion]\n[cg_accordion title=\"LAADUNVARMISTUS JA L\u00c4HETYST\u00c4 EDELT\u00c4V\u00c4 TESTAUS\"]<\/p>\n<p>Asiakastyytyv\u00e4isyyden varmistaminen korkeimmalla tasolla: Jokainen laite testataan tiukasti ja sille tehd\u00e4\u00e4n monipisteinen laadunvarmistustarkastus ennen sen l\u00e4hett\u00e4mist\u00e4. Asialle omistautunut tiimimme tarkistaa suorituskyvyn, toimivuuden ja komponenttien eheyden, jotta GPD-laitteesi on saapuessaan t\u00e4ydellisess\u00e4 toimintakunnossa, mik\u00e4 antaa sinulle luottamusta ja mielenrauhaa. [\/cg_accordion]\n[cg_accordion title=\"HINNOITTELU, VEROT JA TOIMITUKSET\"]<\/p>\n<p><strong><u>Huom:<\/u><\/strong><\/p>\n<ul>\n<li>Yhdysvallat Asiakkaat: Asiakkaat: N\u00e4ytetty hinta EI sis\u00e4ll\u00e4 veroja eik\u00e4 tulleja. Vastuu tulliselvityksest\u00e4 ja siihen liittyvien verojen\/tullien maksamisesta on asiakkaalla. <\/li>\n<li>EU:n asiakkaat: N\u00e4ytetty hinta sis\u00e4lt\u00e4\u00e4 sovellettavan veron, joka voi olla jopa 25 % maastasi riippuen.<\/li>\n<li>Kanada Asiakkaat: N\u00e4ytetty hinta sis\u00e4lt\u00e4\u00e4 sovellettavat verot, joihin voi sis\u00e4lty\u00e4 5 % GST ja ylim\u00e4\u00e4r\u00e4isi\u00e4 maakunnallisia myyntiveroja (PST), harmonisoitua myyntiveroa (HST) tai Quebecin myyntiveroa (QST) maakunnasta riippuen.<\/li>\n<\/ul>\n<p>USA:n asiakkaillemme: Tilaukset l\u00e4hetet\u00e4\u00e4n DAP (Delivered At Place). Vaikka asiakkaat ovat vastuussa sovellettavien maksujen maksamisesta, k\u00e4yt\u00e4mme laajaa kokemustamme Yhdistyneest\u00e4 kuningaskunnasta tapahtuvasta toimituksesta varmistaaksemme, ett\u00e4 maksat mahdollisimman v\u00e4h\u00e4n maksuja. Tietojemme perusteella n\u00e4m\u00e4 maksut eiv\u00e4t yleens\u00e4 ylit\u00e4 10 % tuotteen arvosta.  <\/p>\n<p><strong>AINOASTAAN EU:n asiakkaille:<\/strong> Express DDP (Delivered Duty Paid). T\u00e4m\u00e4 tarkoittaa: <\/p>\n<ul>\n<li>Kaikki tullit ja verot sis\u00e4ltyv\u00e4t tuotesivulla ilmoitettuun hintaan.<\/li>\n<li>Sinun ei tarvitse maksaa lis\u00e4maksuja toimituksen yhteydess\u00e4.<\/li>\n<li>Harvinaisissa tulliin liittyviss\u00e4 tapauksissa tiimimme hoitaa tulliselvitysprosessin puolestasi varmistaakseen sujuvan toimituksen.<\/li>\n<p>T\u00e4rke\u00e4\u00e4 tietoa palautuksista:<\/p>\n<li>Jos p\u00e4\u00e4t\u00e4t palauttaa tilauksesi tai pyyt\u00e4\u00e4 palautusta, ota huomioon, ett\u00e4 DDP-ehtojen mukaisesti puolestasi maksettuja veroja ja tulleja ei voida palauttaa.<\/li>\n<p>Katso yksityiskohtaiset tiedot <a href=\"https:\/\/droix.net\/terms-and-conditions\/\" target=\"_blank\" rel=\"nofollow noopener\">k\u00e4ytt\u00f6ehdoistamme<\/a>.\n<\/ul>\n<p>[\/cg_accordion]\n[cg_accordion title=\"ASIAKASTUKI\"]<\/p>\n<p>Onko kysytt\u00e4v\u00e4\u00e4? Olemme lyhyen tekstiviestin p\u00e4\u00e4ss\u00e4 siit\u00e4, ett\u00e4 ongelmasi on ratkaistu! <\/p>\n<p>Katso yksityiskohtaiset tiedot <a href=\"https:\/\/gpdstore.net\/fi\/terms-of-service\/\" target=\"_blank\" rel=\"nofollow noopener\">k\u00e4ytt\u00f6ehdoistamme<\/a>.\n<\/ul>\n<p>[\/cg_accordion]\n[cg_accordion title=\"MIT\u00c4 SIS\u00c4LTYY\"]<\/p>\n<ul>\n<li>1x GPD WIN 5 -akku<\/li>\n<\/ul>\n<p>[\/cg_accordion]\n","protected":false},"featured_media":1261351,"template":"","meta":{"_acf_changed":false},"product_brand":[],"product_cat":[10091],"product_tag":[],"woo-feed-brand":[9922],"class_list":{"0":"post-1261350","1":"product","2":"type-product","3":"status-publish","4":"has-post-thumbnail","6":"product_cat-tarvikkeet","7":"product_shipping_class-low-end","8":"pa_accessory-type-lisaosat","9":"pa_brand-gpd","10":"woo-feed-brand-gpd-fi","12":"first","13":"instock","14":"taxable","15":"shipping-taxable","16":"purchasable","17":"product-type-variable","18":"has-default-attributes"},"acf":[],"aioseo_notices":[],"_links":{"self":[{"href":"https:\/\/gpdstore.net\/fi\/wp-json\/wp\/v2\/product\/1261350","targetHints":{"allow":["GET"]}}],"collection":[{"href":"https:\/\/gpdstore.net\/fi\/wp-json\/wp\/v2\/product"}],"about":[{"href":"https:\/\/gpdstore.net\/fi\/wp-json\/wp\/v2\/types\/product"}],"wp:featuredmedia":[{"embeddable":true,"href":"https:\/\/gpdstore.net\/fi\/wp-json\/wp\/v2\/media\/1261351"}],"wp:attachment":[{"href":"https:\/\/gpdstore.net\/fi\/wp-json\/wp\/v2\/media?parent=1261350"}],"wp:term":[{"taxonomy":"product_brand","embeddable":true,"href":"https:\/\/gpdstore.net\/fi\/wp-json\/wp\/v2\/product_brand?post=1261350"},{"taxonomy":"product_cat","embeddable":true,"href":"https:\/\/gpdstore.net\/fi\/wp-json\/wp\/v2\/product_cat?post=1261350"},{"taxonomy":"product_tag","embeddable":true,"href":"https:\/\/gpdstore.net\/fi\/wp-json\/wp\/v2\/product_tag?post=1261350"},{"taxonomy":"woo-feed-brand","embeddable":true,"href":"https:\/\/gpdstore.net\/fi\/wp-json\/wp\/v2\/woo-feed-brand?post=1261350"}],"curies":[{"name":"wp","href":"https:\/\/api.w.org\/{rel}","templated":true}]}}