{"id":1258266,"date":"2025-10-21T14:46:01","date_gmt":"2025-10-21T14:46:01","guid":{"rendered":"https:\/\/gpdstore.net\/product\/gpd-win-5-telakointiasema\/"},"modified":"2026-01-19T15:24:13","modified_gmt":"2026-01-19T15:24:13","slug":"gpd-win-5-docking-station","status":"publish","type":"product","link":"https:\/\/gpdstore.net\/fi\/product\/gpd-win-5-docking-station\/","title":{"rendered":"GPD WIN 5 telakointiasema"},"content":{"rendered":"\n<p><strong>GPD WIN 5 -telakointiasema (<\/strong> usein Smart Dock) on v\u00e4ltt\u00e4m\u00e4t\u00f6n ty\u00f6p\u00f6yd\u00e4n keskus, joka on suunniteltu vapauttamaan GPD WIN 5 <a href=\"https:\/\/gpdstore.net\/fi\/product\/gpd-win-5\/\" target=\"_blank\" rel=\"noopener\" title=\"\">-pelik\u00e4mmentietokoneen koko potentiaali .<\/a> Muunna kannettava voimanl\u00e4hteesi t\u00e4ydelliseksi ty\u00f6p\u00f6yd\u00e4n peli- ja tuottavuuskokoonpanoksi yhdell\u00e4 yksinkertaisella liit\u00e4nn\u00e4ll\u00e4, joka takaa maksimaalisen virranjakelun ja saumattoman oheislaitteiden integroinnin.<\/p>\n\n<hr class=\"wp-block-separator has-alpha-channel-opacity\"\/>\n\n<h2 class=\"wp-block-heading\">T\u00e4rkeimm\u00e4t ominaisuudet:<\/h2>\n\n<p>\u26a1 Maksimaalinen <strong>virransy\u00f6tt\u00f6 huippusuorituskyky\u00e4 varten Telakka on<\/strong> suunniteltu liitett\u00e4v\u00e4ksi GPD WIN 5:n omaan virtaliit\u00e4nt\u00e4\u00e4n, jolloin laite voi k\u00e4ytt\u00e4\u00e4 laturin t\u00e4ytt\u00e4 100W tehoa. N\u00e4in suorituskykyinen Strix Halo APU -suoritin voi yll\u00e4pit\u00e4\u00e4 maksimi TDP:t\u00e4 ty\u00f6p\u00f6yt\u00e4luokan ruudunp\u00e4ivitysnopeuksia varten ilman termist\u00e4 kuristumista. <\/p>\n\n<p>\ud83d\udcbb V\u00e4lit\u00f6n <strong>ty\u00f6p\u00f6yd\u00e4n muuntaminen Telakoi<\/strong> GPD WIN 5 <strong>helposti<\/strong> ja yhdist\u00e4 se v\u00e4litt\u00f6m\u00e4sti kaikkiin ty\u00f6p\u00f6yd\u00e4n oheislaitteisiin.<sup><\/sup> Muunna kannettava konsoli t\u00e4ysimittaiseksi Windows 11 PC:ksi, joka on valmis pelaamiseen, ty\u00f6skentelyyn tai mediank\u00e4ytt\u00f6\u00f6n.<sup><\/sup><\/p>\n\n<p>\ud83d\udda5\ufe0f <strong>Nopea 4K-n\u00e4yt\u00f6n ulostulo<\/strong> <strong>Smart Dock<\/strong> <strong>on varustettu<\/strong> erillisell\u00e4 <strong>HDMI 2.1 -portilla, ja se<\/strong> voi l\u00e4hett\u00e4\u00e4 jopa 4K-tarkkuuden <strong> <sup><\/sup>144<\/strong> Hz <strong>:n taajuudella<\/strong> ulkoiseen pelimonitoriin tai televisioon, mik\u00e4 tarjoaa voipehme\u00e4n ja uskottavan kokemuksen, joka vet\u00e4\u00e4 vertoja perinteisille p\u00f6yt\u00e4tietokoneille.<sup><\/sup><\/p>\n\n<p><strong>\ud83d\udd0c Kattava I\/O-laajennus<\/strong> Laajenna liit\u00e4nt\u00e4vaihtoehtojasi <strong>merkitt\u00e4v\u00e4sti<\/strong>, jotta kaikki peli- ja ty\u00f6v\u00e4lineesi mahtuvat mukaan:<\/p>\n\n<ul class=\"wp-block-list\">\n<li><strong>1x HDMI 2.1 -portti:<\/strong> Korkean resoluution, korkean virkistystaajuuden n\u00e4ytt\u00f6ulostuloon.<\/li>\n\n\n\n<li><strong>3x USB Type-A-portit:<\/strong> Liit\u00e4 ulkoisia n\u00e4pp\u00e4imist\u00f6j\u00e4, hiiri\u00e4, muistitikkuja ja muita oheislaitteita.<\/li>\n\n\n\n<li><strong>1x Ethernet-portti (RJ45):<\/strong> varmistaa alhaisen viiveen ja vakaan langallisen yhteyden kilpailukykyiseen verkkopelaamiseen.<\/li>\n\n\n\n<li><strong>1x USB Type-C-portti:<\/strong> Tietoja tai muita oheislaitteiden liit\u00e4nt\u00f6j\u00e4 varten.<\/li>\n<\/ul>\n\n<p>\ud83d\udd0b All-in-One <strong>Smart Cradle Ainutlaatuinen muotoilu<\/strong> toimii sek\u00e4 turvallisena jalustana ett\u00e4 virtakeskuksena. Se tarjoaa GPD WIN 5:lle vakaan, pystyasennossa olevan leposijan, samalla kun se lataa j\u00e4rjestelm\u00e4\u00e4 aktiivisesti ja tarjoaa tarvittavan virran jatkuvaan huipputehokkaaseen pelaamiseen. <\/p>\n\n<h2 class=\"wp-block-heading\">Miksi valita GPD WIN 5 -telakointiasema?<\/h2>\n\n<p>GPD WIN 5 on suunniteltu korvaamaan ty\u00f6p\u00f6yd\u00e4n, ja t\u00e4m\u00e4 Smart Dock on silta. Se poistaa kaapelisotkun ja varmistaa samalla, ett\u00e4 tehokas Strix Halo -piirisi saa t\u00e4yden 100 W:n tehon, jota se tarvitsee RTX 4060 -luokan suorituskyvyn tarjoamiseen suurella n\u00e4yt\u00f6ll\u00e4si. Se on v\u00e4ltt\u00e4m\u00e4t\u00f6n lis\u00e4varuste t\u00e4ydelliseen plug-and-play-p\u00f6yt\u00e4pelikokemukseen. <\/p>\n\n<hr class=\"wp-block-separator has-alpha-channel-opacity\"\/>\n\n<h3 class=\"wp-block-heading\">Tekniset tiedot:<\/h3>\n\n<figure class=\"wp-block-table\"><table class=\"has-fixed-layout\"><thead><tr><td>Yksityiskohta<\/td><td>Tekniset tiedot<\/td><\/tr><\/thead><tbody><tr><td><strong>Yhteensopivuus<\/strong><\/td><td>GPD WIN 5 kannettava pelitietokone<\/td><\/tr><tr><td><strong>Videol\u00e4ht\u00f6<\/strong><\/td><td>1\u00d7HDMI 2.1 (jopa 4K @144 Hz)<\/td><\/tr><tr><td><strong>USB-portit<\/strong><\/td><td>3\u00d7USB Type-A, 1\u00d7USB Type-C<\/td><\/tr><tr><td><strong>Verkko<\/strong><\/td><td>1 \u00d7 Ethernet-portti (RJ45)<\/td><\/tr><tr><td><strong>Virransy\u00f6tt\u00f6<\/strong><\/td><td>Barrel Jack (suunniteltu 100 W GPD WIN 5 -laturille)<\/td><\/tr><tr><td><strong>Toiminto<\/strong><\/td><td>Telakointi, lataus, n\u00e4ytt\u00f6 ulos, jalusta<\/td><\/tr><\/tbody><\/table><\/figure>\n\n<p><\/p>\n","protected":false},"excerpt":{"rendered":"<ul>\n<li><strong>180W Power Passthrough:<\/strong> Maksimiteho huippusuorituskyky\u00e4 varten.<\/li>\n<li><strong>Ty\u00f6p\u00f6yt\u00e4tila:<\/strong> Muuttaa kannettavan tietokoneen v\u00e4litt\u00f6m\u00e4sti t\u00e4ydeksi p\u00f6yt\u00e4tietokoneeksi.<\/li>\n<li><strong>4K-n\u00e4yt\u00f6n ulostulo:<\/strong> HDMI 2.1 korkearesoluutioisia ulkoisia n\u00e4ytt\u00f6j\u00e4 varten.<\/li>\n<li><strong>Langallinen pelaaminen:<\/strong> Sis\u00e4lt\u00e4\u00e4 Ethernet-portin vakaata, viiveet\u00f6nt\u00e4 verkkopelaamista varten.<\/li>\n<li><strong>Virallinen sovitus:<\/strong> R\u00e4\u00e4t\u00e4l\u00f6ity GPD-lis\u00e4varuste GPD WIN 5:lle.<\/li>\n<\/ul>\n[cg_accordion title=\"MAKSUTIEDOT\"]<\/p>\n<p>K\u00e4yt\u00e4mme uusinta tekniikkaa maksujen k\u00e4sittelyss\u00e4, jonka avulla voit tehd\u00e4 maksun pankki- tai luottokortilla tai PayPalilla, mik\u00e4 takaa nopean ja turvallisen kokemuksen.[\/cg_accordion]\n[cg_accordion title=\"TAKUU\"]<\/p>\n<p>2 vuoden takuu <a href=\"https:\/\/droix.net\/\" target=\"_blank\" rel=\"nofollow noopener\">DROIX Global ilta mielenrauhasi vuoksi<\/a> [\/cg_accordion]\n[cg_accordion title=\"LAADUNVARMISTUS JA L\u00c4HETYST\u00c4 EDELT\u00c4V\u00c4 TESTAUS\"]<\/p>\n<p>Asiakastyytyv\u00e4isyyden varmistaminen korkeimmalla tasolla: Jokainen laite testataan tiukasti ja sille tehd\u00e4\u00e4n monipisteinen laadunvarmistustarkastus ennen sen l\u00e4hett\u00e4mist\u00e4. Asialle omistautunut tiimimme tarkistaa suorituskyvyn, toimivuuden ja komponenttien eheyden, jotta GPD-laitteesi on saapuessaan t\u00e4ydellisess\u00e4 toimintakunnossa, mik\u00e4 antaa sinulle luottamusta ja mielenrauhaa. [\/cg_accordion]\n[cg_accordion title=\"HINNOITTELU, VEROT JA TOIMITUKSET\"]<\/p>\n<p><strong><u>Huom:<\/u><\/strong><\/p>\n<ul>\n<li>Yhdysvallat Asiakkaat: Asiakkaat: N\u00e4ytetty hinta EI sis\u00e4ll\u00e4 veroja eik\u00e4 tulleja. Vastuu tulliselvityksest\u00e4 ja siihen liittyvien verojen\/tullien maksamisesta on asiakkaalla. <\/li>\n<li>EU:n asiakkaat: N\u00e4ytetty hinta sis\u00e4lt\u00e4\u00e4 sovellettavan veron, joka voi olla jopa 25 % maastasi riippuen.<\/li>\n<li>Kanada Asiakkaat: N\u00e4ytetty hinta sis\u00e4lt\u00e4\u00e4 sovellettavat verot, joihin voi sis\u00e4lty\u00e4 5 % GST ja ylim\u00e4\u00e4r\u00e4isi\u00e4 maakunnallisia myyntiveroja (PST), harmonisoitua myyntiveroa (HST) tai Quebecin myyntiveroa (QST) maakunnasta riippuen.<\/li>\n<\/ul>\n<p>USA:n asiakkaillemme: Tilaukset l\u00e4hetet\u00e4\u00e4n DAP (Delivered At Place). Vaikka asiakkaat ovat vastuussa sovellettavien maksujen maksamisesta, k\u00e4yt\u00e4mme laajaa kokemustamme Yhdistyneest\u00e4 kuningaskunnasta tapahtuvasta toimituksesta varmistaaksemme, ett\u00e4 maksat mahdollisimman v\u00e4h\u00e4n maksuja. Tietojemme perusteella n\u00e4m\u00e4 maksut eiv\u00e4t yleens\u00e4 ylit\u00e4 10 % tuotteen arvosta.  <\/p>\n<p><strong>AINOASTAAN EU:n asiakkaille:<\/strong> Express DDP (Delivered Duty Paid). T\u00e4m\u00e4 tarkoittaa: <\/p>\n<ul>\n<li>Kaikki tullit ja verot sis\u00e4ltyv\u00e4t tuotesivulla ilmoitettuun hintaan.<\/li>\n<li>Sinun ei tarvitse maksaa lis\u00e4maksuja toimituksen yhteydess\u00e4.<\/li>\n<li>Harvinaisissa tulliin liittyviss\u00e4 tapauksissa tiimimme hoitaa tulliselvitysprosessin puolestasi varmistaakseen sujuvan toimituksen.<\/li>\n<p>T\u00e4rke\u00e4\u00e4 tietoa palautuksista:<\/p>\n<li>Jos p\u00e4\u00e4t\u00e4t palauttaa tilauksesi tai pyyt\u00e4\u00e4 palautusta, ota huomioon, ett\u00e4 DDP-ehtojen mukaisesti puolestasi maksettuja veroja ja tulleja ei voida palauttaa.<\/li>\n<p>Katso yksityiskohtaiset tiedot <a href=\"https:\/\/droix.net\/terms-and-conditions\/\" target=\"_blank\" rel=\"nofollow noopener\">k\u00e4ytt\u00f6ehdoistamme<\/a>.\n<\/ul>\n<p>[\/cg_accordion]\n[cg_accordion title=\"ASIAKASTUKI\"]<\/p>\n<p>Onko kysytt\u00e4v\u00e4\u00e4? Olemme lyhyen tekstiviestin p\u00e4\u00e4ss\u00e4 siit\u00e4, ett\u00e4 ongelmasi on ratkaistu! <\/p>\n<p>Katso yksityiskohtaiset tiedot <a href=\"https:\/\/gpdstore.net\/fi\/terms-of-service\/\" target=\"_blank\" rel=\"nofollow noopener\">k\u00e4ytt\u00f6ehdoistamme<\/a>.\n<\/ul>\n<p>[\/cg_accordion]\n[cg_accordion title=\"MIT\u00c4 SIS\u00c4LTYY\"]<\/p>\n<ul>\n<li>1x virallinen GPD WIN 5 telakointiasema<\/li>\n<\/ul>\n<p>[\/cg_accordion]\n","protected":false},"featured_media":1261015,"template":"","meta":{"_acf_changed":false},"product_brand":[],"product_cat":[10091],"product_tag":[],"woo-feed-brand":[],"class_list":{"0":"post-1258266","1":"product","2":"type-product","3":"status-publish","4":"has-post-thumbnail","6":"product_cat-tarvikkeet","7":"product_shipping_class-low-end","8":"product_shipping_class-premium","9":"pa_accessory-type-telakointiasema","10":"pa_brand-gpd","12":"first","13":"instock","14":"taxable","15":"shipping-taxable","16":"purchasable","17":"product-type-variable","18":"has-default-attributes"},"acf":[],"aioseo_notices":[],"_links":{"self":[{"href":"https:\/\/gpdstore.net\/fi\/wp-json\/wp\/v2\/product\/1258266","targetHints":{"allow":["GET"]}}],"collection":[{"href":"https:\/\/gpdstore.net\/fi\/wp-json\/wp\/v2\/product"}],"about":[{"href":"https:\/\/gpdstore.net\/fi\/wp-json\/wp\/v2\/types\/product"}],"wp:featuredmedia":[{"embeddable":true,"href":"https:\/\/gpdstore.net\/fi\/wp-json\/wp\/v2\/media\/1261015"}],"wp:attachment":[{"href":"https:\/\/gpdstore.net\/fi\/wp-json\/wp\/v2\/media?parent=1258266"}],"wp:term":[{"taxonomy":"product_brand","embeddable":true,"href":"https:\/\/gpdstore.net\/fi\/wp-json\/wp\/v2\/product_brand?post=1258266"},{"taxonomy":"product_cat","embeddable":true,"href":"https:\/\/gpdstore.net\/fi\/wp-json\/wp\/v2\/product_cat?post=1258266"},{"taxonomy":"product_tag","embeddable":true,"href":"https:\/\/gpdstore.net\/fi\/wp-json\/wp\/v2\/product_tag?post=1258266"},{"taxonomy":"woo-feed-brand","embeddable":true,"href":"https:\/\/gpdstore.net\/fi\/wp-json\/wp\/v2\/woo-feed-brand?post=1258266"}],"curies":[{"name":"wp","href":"https:\/\/api.w.org\/{rel}","templated":true}]}}