{"id":1251755,"date":"2025-10-15T11:30:11","date_gmt":"2025-10-15T11:30:11","guid":{"rendered":"https:\/\/gpdstore.net\/product\/gpd-win-5-kotelo\/"},"modified":"2026-01-19T15:24:21","modified_gmt":"2026-01-19T15:24:21","slug":"gpd-win-5-case","status":"publish","type":"product","link":"https:\/\/gpdstore.net\/fi\/product\/gpd-win-5-case\/","title":{"rendered":"GPD WIN 5 kotelo"},"content":{"rendered":"\n<p><strong>GPD WIN 5 -kotelo on<\/strong> kest\u00e4v\u00e4, mukautettu ja matkak\u00e4ytt\u00f6\u00f6n soveltuva kuori, <strong>joka on<\/strong> suunniteltu yksinomaan vallankumoukselliselle GPD WIN 5 -k\u00e4sikonsolille. T\u00e4m\u00e4 kotelo on suunniteltu kest\u00e4m\u00e4\u00e4n matkan kovia vaatimuksia ja suojaamaan huipputehokasta laitettasi ensiluokkaisilla materiaaleilla ja \u00e4lykk\u00e4\u00e4ll\u00e4 muotoilulla, ja se tarjoaa maksimaalisen turvallisuuden ja tyylikk\u00e4\u00e4n siirrett\u00e4vyyden &#8211; t\u00e4ydellinen liikkeell\u00e4 olevalle huippupelaajalle. <\/p>\n\n<hr class=\"wp-block-separator has-alpha-channel-opacity\"\/>\n\n<h3 class=\"wp-block-heading\">T\u00e4rkeimm\u00e4t ominaisuudet:<\/h3>\n\n<p>\ud83c\udfae R\u00e4\u00e4t\u00e4l\u00f6ity <strong>suojaus GPD WIN 5:lle<\/strong> T\u00e4m\u00e4 yksinomaan GPD WIN 5:lle <strong>suunniteltu<\/strong> kotelo takaa k\u00e4mmenlaitteelle sopivan istuvuuden ja suojaa sit\u00e4 liikkumiselta ja sis\u00e4isilt\u00e4 iskuilta kuljetuksen aikana.<\/p>\n\n<p>\ud83d\udcbc <strong>Kovakuorirakenne Kest\u00e4v\u00e4<\/strong> EVA <strong>-kovakuorirakenne tarjoaa paremman<\/strong> suojan kolhuilta, putoamisilta ja naarmuilta ja suojaa konsoliasi ja sen tehokkaita sis\u00e4osia kaikissa vaativissa matkatilanteissa.<sup><\/sup><\/p>\n\n<p><strong>\ud83d\udc5c Pehme\u00e4 sis\u00e4pehmuste Sis\u00e4ll\u00e4<\/strong> pehme\u00e4 <strong>kangasvuori ja iskuja vaimentava<\/strong> vaahtomuovi hoitavat konsolia ja sen suurta 7-tuumaista n\u00e4ytt\u00f6\u00e4 hell\u00e4varaisesti ja est\u00e4v\u00e4t pinnan naarmuja ja hankausta.<\/p>\n\n<p>\ud83d\udd0b Modulaarinen <strong>lis\u00e4varusteiden s\u00e4ilytyslokero Sis\u00e4lt\u00e4\u00e4<\/strong> tilavan sis\u00e4isen <strong>lokeron, joka on ihanteellinen<\/strong> t\u00e4rkeiden komponenttien, kuten irrotettavan 80Wh-akun, 180W-virtal\u00e4hteen tai muiden pienten v\u00e4ltt\u00e4m\u00e4tt\u00f6mien osien <strong>s\u00e4ilytt\u00e4miseen<\/strong> &#8211; kaikki varusteesi ovat j\u00e4rjestyksess\u00e4 ja yhdess\u00e4 paikassa.<\/p>\n\n<p><strong>\ud83e\uddf2 Turvallinen vetoketjusuljenta Raskas<\/strong>, laadukas <strong>vetoketju<\/strong> pit\u00e4\u00e4 <strong>kotelon<\/strong> tukevasti suljettuna ja suojattuna, mik\u00e4 takaa, ett\u00e4 arvokas k\u00e4mmenlaitteesi on turvassa, olitpa sitten ty\u00f6matkalla, matkalla tai varastoimassa sit\u00e4.<sup><\/sup><\/p>\n\n<p><strong>\ud83c\udf1f Ohut ja kevyt muotoilu<\/strong> Kest\u00e4v\u00e4st\u00e4 <strong>suojauksesta huolimatta<\/strong> kompakti muotoilu on suunniteltu \u00e4\u00e4rimm\u00e4isen kannettavaksi. Sujauta se reppuun tai kanna sit\u00e4 yksin\u00e4\u00e4n helposti tiet\u00e4en, ett\u00e4 pelivoimanl\u00e4hteesi on turvassa. <\/p>\n\n<hr class=\"wp-block-separator has-alpha-channel-opacity\"\/>\n\n<h3 class=\"wp-block-heading\">Miksi valita GPD WIN 5 Case?<\/h3>\n\n<p>T\u00e4m\u00e4 vaativimmille pelaajille suunniteltu kotelo yhdist\u00e4\u00e4 kest\u00e4v\u00e4n kest\u00e4vyyden ja harkitun, t\u00e4rke\u00e4n s\u00e4ilytystilan GPD WIN 5:n ainutlaatuisille modulaarisille komponenteille ja tehokkaalle laturille. GPD WIN 5 -kotelo on ihanteellinen kumppani, joka pit\u00e4\u00e4 Strix Halo -k\u00e4sikonsolisi turvassa ja toimintavalmiina riippumatta siit\u00e4, kytketk\u00f6 sen korkeaan TDP-arvoon vai pelaatko ilman pistoketta. \ud83d\ude80<\/p>\n\n<hr class=\"wp-block-separator has-alpha-channel-opacity\"\/>\n\n<h3 class=\"wp-block-heading\">Tekniset tiedot:<\/h3>\n\n<figure class=\"wp-block-table\"><table class=\"has-fixed-layout\"><thead><tr><td>Yksityiskohta<\/td><td>Tekniset tiedot<\/td><\/tr><\/thead><tbody><tr><td><strong>Materiaali<\/strong><\/td><td>EVA Hard Shell + pehme\u00e4 kangas sisustus<\/td><\/tr><tr><td><strong>Yhteensopivuus<\/strong><\/td><td><a href=\"https:\/\/gpdstore.net\/fi\/product\/gpd-win-5\/\" target=\"_blank\" rel=\"noopener\" title=\"\">GPD WIN 5 kannettava pelitietokone<\/a><\/td><\/tr><tr><td><strong>Sulkemistyyppi<\/strong><\/td><td>Vetoketju<\/td><\/tr><tr><td><strong>Varastointi<\/strong><\/td><td>Sis\u00e4inen verkkotasku\/lokero tarvikkeille (mukaan lukien irrotettava akku ja laturi).<\/td><\/tr><tr><td><strong>Mitat<\/strong><\/td><td><strong>288 \u00d7 136 \u00d7 80 (25\/55) mm.<\/strong><\/td><\/tr><\/tbody><\/table><\/figure>\n\n<p><\/p>\n","protected":false},"excerpt":{"rendered":"<ul>\n<li><strong>Virallinen sovitus:<\/strong> Suunniteltu erityisesti GPD WIN 5 -k\u00e4sikonsolia varten.<\/li>\n<li><strong>Turvalliset hihnat:<\/strong> Pit\u00e4\u00e4 laitteen ja sen ulkoisen akun tukevasti paikallaan.<\/li>\n<li><strong>Pehme\u00e4 vuori:<\/strong> 120 Hz:n 7-tuumaista n\u00e4ytt\u00f6\u00e4 suojaa naarmuuntumiselta.<\/li>\n<li><strong>K\u00e4sihihna:<\/strong> mahdollistaa helpon ja turvallisen kuljettamisen liikkeell\u00e4.<\/li>\n<li><strong>Kova kuori:<\/strong> Kest\u00e4v\u00e4 ja j\u00e4ykk\u00e4 suojaa suorituskykyist\u00e4 pelitietokonettasi.<\/li>\n<\/ul>\n[cg_accordion title=\"MAKSUTIEDOT\"]<\/p>\n<p>K\u00e4yt\u00e4mme uusinta tekniikkaa maksujen k\u00e4sittelyss\u00e4, jonka avulla voit tehd\u00e4 maksun pankki- tai luottokortilla tai PayPalilla, mik\u00e4 takaa nopean ja turvallisen kokemuksen.[\/cg_accordion]\n[cg_accordion title=\"TAKUU\"]<\/p>\n<p>2 vuoden takuu <a href=\"https:\/\/droix.net\/\" target=\"_blank\" rel=\"nofollow noopener\">DROIX Global ilta mielenrauhasi vuoksi<\/a> [\/cg_accordion]\n[cg_accordion title=\"LAADUNVARMISTUS JA L\u00c4HETYST\u00c4 EDELT\u00c4V\u00c4 TESTAUS\"]<\/p>\n<p>Asiakastyytyv\u00e4isyyden varmistaminen korkeimmalla tasolla: Jokainen laite testataan tiukasti ja sille tehd\u00e4\u00e4n monipisteinen laadunvarmistustarkastus ennen sen l\u00e4hett\u00e4mist\u00e4. Asialle omistautunut tiimimme tarkistaa suorituskyvyn, toimivuuden ja komponenttien eheyden, jotta GPD-laitteesi on saapuessaan t\u00e4ydellisess\u00e4 toimintakunnossa, mik\u00e4 antaa sinulle luottamusta ja mielenrauhaa. [\/cg_accordion]\n[cg_accordion title=\"HINNOITTELU, VEROT JA TOIMITUKSET\"]<\/p>\n<p><strong><u>Huom:<\/u><\/strong><\/p>\n<ul>\n<li>Yhdysvallat Asiakkaat: Asiakkaat: N\u00e4ytetty hinta EI sis\u00e4ll\u00e4 veroja eik\u00e4 tulleja. Vastuu tulliselvityksest\u00e4 ja siihen liittyvien verojen\/tullien maksamisesta on asiakkaalla. <\/li>\n<li>EU:n asiakkaat: N\u00e4ytetty hinta sis\u00e4lt\u00e4\u00e4 sovellettavan veron, joka voi olla jopa 25 % maastasi riippuen.<\/li>\n<li>Kanada Asiakkaat: N\u00e4ytetty hinta sis\u00e4lt\u00e4\u00e4 sovellettavat verot, joihin voi sis\u00e4lty\u00e4 5 % GST ja ylim\u00e4\u00e4r\u00e4isi\u00e4 maakunnallisia myyntiveroja (PST), harmonisoitua myyntiveroa (HST) tai Quebecin myyntiveroa (QST) maakunnasta riippuen.<\/li>\n<\/ul>\n<p>USA:n asiakkaillemme: Tilaukset l\u00e4hetet\u00e4\u00e4n DAP (Delivered At Place). Vaikka asiakkaat ovat vastuussa sovellettavien maksujen maksamisesta, k\u00e4yt\u00e4mme laajaa kokemustamme Yhdistyneest\u00e4 kuningaskunnasta tapahtuvasta toimituksesta varmistaaksemme, ett\u00e4 maksat mahdollisimman v\u00e4h\u00e4n maksuja. Tietojemme perusteella n\u00e4m\u00e4 maksut eiv\u00e4t yleens\u00e4 ylit\u00e4 10 % tuotteen arvosta.  <\/p>\n<p><strong>AINOASTAAN EU:n asiakkaille:<\/strong> Express DDP (Delivered Duty Paid). T\u00e4m\u00e4 tarkoittaa: <\/p>\n<ul>\n<li>Kaikki tullit ja verot sis\u00e4ltyv\u00e4t tuotesivulla ilmoitettuun hintaan.<\/li>\n<li>Sinun ei tarvitse maksaa lis\u00e4maksuja toimituksen yhteydess\u00e4.<\/li>\n<li>Harvinaisissa tulliin liittyviss\u00e4 tapauksissa tiimimme hoitaa tulliselvitysprosessin puolestasi varmistaakseen sujuvan toimituksen.<\/li>\n<p>T\u00e4rke\u00e4\u00e4 tietoa palautuksista:<\/p>\n<li>Jos p\u00e4\u00e4t\u00e4t palauttaa tilauksesi tai pyyt\u00e4\u00e4 palautusta, ota huomioon, ett\u00e4 DDP-ehtojen mukaisesti puolestasi maksettuja veroja ja tulleja ei voida palauttaa.<\/li>\n<p>Katso yksityiskohtaiset tiedot <a href=\"https:\/\/droix.net\/terms-and-conditions\/\" target=\"_blank\" rel=\"nofollow noopener\">k\u00e4ytt\u00f6ehdoistamme<\/a>.\n<\/ul>\n<p>[\/cg_accordion]\n[cg_accordion title=\"ASIAKASTUKI\"]<\/p>\n<p>Onko kysytt\u00e4v\u00e4\u00e4? Olemme lyhyen tekstiviestin p\u00e4\u00e4ss\u00e4 siit\u00e4, ett\u00e4 ongelmasi on ratkaistu! <\/p>\n<p>Katso yksityiskohtaiset tiedot <a href=\"https:\/\/gpdstore.net\/fi\/terms-of-service\/\" target=\"_blank\" rel=\"nofollow noopener\">k\u00e4ytt\u00f6ehdoistamme<\/a>.\n<\/ul>\n<p>[\/cg_accordion]\n[cg_accordion title=\"MIT\u00c4 SIS\u00c4LTYY\"]<\/p>\n<ul>\n<li>1x GPD WIN 5 kotelo<\/li>\n<\/ul>\n<p>[\/cg_accordion]\n","protected":false},"featured_media":1250944,"template":"","meta":{"_acf_changed":false},"product_brand":[],"product_cat":[10091],"product_tag":[],"woo-feed-brand":[],"class_list":{"0":"post-1251755","1":"product","2":"type-product","3":"status-publish","4":"has-post-thumbnail","6":"product_cat-tarvikkeet","7":"product_shipping_class-low-end","8":"pa_accessory-type-suojakotelo","9":"pa_brand-gpd","11":"first","12":"instock","13":"taxable","14":"shipping-taxable","15":"purchasable","16":"product-type-variable","17":"has-default-attributes"},"acf":[],"aioseo_notices":[],"_links":{"self":[{"href":"https:\/\/gpdstore.net\/fi\/wp-json\/wp\/v2\/product\/1251755","targetHints":{"allow":["GET"]}}],"collection":[{"href":"https:\/\/gpdstore.net\/fi\/wp-json\/wp\/v2\/product"}],"about":[{"href":"https:\/\/gpdstore.net\/fi\/wp-json\/wp\/v2\/types\/product"}],"wp:featuredmedia":[{"embeddable":true,"href":"https:\/\/gpdstore.net\/fi\/wp-json\/wp\/v2\/media\/1250944"}],"wp:attachment":[{"href":"https:\/\/gpdstore.net\/fi\/wp-json\/wp\/v2\/media?parent=1251755"}],"wp:term":[{"taxonomy":"product_brand","embeddable":true,"href":"https:\/\/gpdstore.net\/fi\/wp-json\/wp\/v2\/product_brand?post=1251755"},{"taxonomy":"product_cat","embeddable":true,"href":"https:\/\/gpdstore.net\/fi\/wp-json\/wp\/v2\/product_cat?post=1251755"},{"taxonomy":"product_tag","embeddable":true,"href":"https:\/\/gpdstore.net\/fi\/wp-json\/wp\/v2\/product_tag?post=1251755"},{"taxonomy":"woo-feed-brand","embeddable":true,"href":"https:\/\/gpdstore.net\/fi\/wp-json\/wp\/v2\/woo-feed-brand?post=1251755"}],"curies":[{"name":"wp","href":"https:\/\/api.w.org\/{rel}","templated":true}]}}