{"id":1199157,"date":"2025-10-08T14:34:02","date_gmt":"2025-10-08T14:34:02","guid":{"rendered":"https:\/\/gpdstore.net\/product\/biwin-mini-ssd\/"},"modified":"2026-01-21T07:59:52","modified_gmt":"2026-01-21T07:59:52","slug":"biwin-mini-ssd","status":"publish","type":"product","link":"https:\/\/gpdstore.net\/fi\/product\/biwin-mini-ssd\/","title":{"rendered":"BIWIN Mini SSD"},"content":{"rendered":"\n<h2 class=\"wp-block-heading\"><strong>Vapauta laitteesi todellinen potentiaali<\/strong><\/h2>\n\n<p>Huipputekniikan maailmassa nopeus on kaikki kaikessa. BIWIN Mini SSD on osoitus tinkim\u00e4tt\u00f6m\u00e4st\u00e4 tehosta, ja se on suunniteltu PCIe Gen4x2 -tekniikalla, joka saavuttaa huikean 3700 <strong>MB\/s<\/strong> teoreettisen nopeuden <strong>.<\/strong><sup><\/sup> T\u00e4m\u00e4 ei ole pelkk\u00e4 p\u00e4ivitys, vaan vallankumous postimerkki\u00e4 pienemm\u00e4ss\u00e4 paketissa. <\/p>\n\n<p><a href=\"https:\/\/gpdstore.net\/fi\/product\/gpd-win-5\/\" target=\"_blank\" rel=\"noopener\" title=\"\">GPD WIN 5:<\/a>n kaltaisten seuraavan sukupolven kannettavien tietokoneiden k\u00e4ytt\u00e4jille BIWIN Mini SSD on avain laitteen maksimaalisen tallennusnopeuden vapauttamiseen. Vaikka n\u00e4m\u00e4 laitteet k\u00e4ytt\u00e4v\u00e4t PCIe 4&#215;1 -paikkaa, Mini SSD -levymme tarjoaa silti henke\u00e4salpaavan ~ <strong> 1700 MB\/s reaalimaailman suorituskyvyn, joka<\/strong> p\u00e4ihitt\u00e4\u00e4 mink\u00e4 tahansa microSD-kortin nopeuden ja varmistaa, ett\u00e4 pelisi latautuvat hetkess\u00e4.<\/p>\n\n<p>\u00c4\u00e4rimm\u00e4isyyksi\u00e4 varten taottu IP68-luokituksen mukainen <strong>vedenpit\u00e4v\u00e4 ja<\/strong> <strong>3 metrin pudotuksen kest\u00e4v\u00e4 runko<\/strong> tarkoittaa, ett\u00e4 t\u00e4m\u00e4 teho vastaa legendaarista kest\u00e4vyytt\u00e4.<sup><\/sup> BIWIN Mini SSD on jopa <strong>2 Tt:n<\/strong> kapasiteetin ansiosta \u00e4\u00e4rimm\u00e4inen, kompromissiton tallennusratkaisu niille, jotka vaativat parasta mahdollista.<\/p>\n","protected":false},"excerpt":{"rendered":"<ul>\n<li>Liit\u00e4nt\u00e4: NVMe 1.4** -protokollalla <strong>varustetun PCIe Gen4x2:n kanssa<\/strong> <\/li>\n<li>Muoto: <strong>(<\/strong> 15,0 mm \u00d7 17,0 mm \u00d7 1,4 mm) <strong>: Eritt\u00e4in kompakti LGA-paketti (<\/strong> 15,0 mm \u00d7 17,0 mm \u00d7 1,4 mm)<\/li>\n<li>Suorituskyky: Jopa **3,700 MB\/s lukeminen** \/ Jopa **3,400 MB\/s kirjoittaminen**.<\/li>\n<li>Kapasiteetti: 512 Gt, 1 Tt tai 2 Tt 3D TLC NAND -muistitietokanta<\/li>\n<li>Kest\u00e4vyys: 3 metrin pudotus** Selviytyminen: <strong>IP68 p\u00f6lyn-<\/strong> ja vedenkest\u00e4vyys \/ **3 metrin pudotus** Selviytyminen<\/li>\n<li>Teknologia: Dynaaminen **SLC-v\u00e4limuisti** ja **Kulumisen tasaus**.<\/li>\n<\/ul>\n[cg_accordion title=\"MAKSUTIEDOT\"]<\/p>\n<p>K\u00e4yt\u00e4mme uusinta tekniikkaa maksujen k\u00e4sittelyss\u00e4, jonka avulla voit tehd\u00e4 maksun pankki- tai luottokortilla tai PayPalilla, mik\u00e4 takaa nopean ja turvallisen kokemuksen.[\/cg_accordion]\n[cg_accordion title=\"TAKUU\"]<\/p>\n<p>2 vuoden takuu <a href=\"https:\/\/droix.net\/\" target=\"_blank\" rel=\"nofollow noopener\">DROIX Global ilta mielenrauhasi vuoksi<\/a> [\/cg_accordion]\n[cg_accordion title=\"LAADUNVARMISTUS JA L\u00c4HETYST\u00c4 EDELT\u00c4V\u00c4 TESTAUS\"]<\/p>\n<p>Asiakastyytyv\u00e4isyyden varmistaminen korkeimmalla tasolla: Jokainen laite testataan tiukasti ja sille tehd\u00e4\u00e4n monipisteinen laadunvarmistustarkastus ennen sen l\u00e4hett\u00e4mist\u00e4. Asialle omistautunut tiimimme tarkistaa suorituskyvyn, toimivuuden ja komponenttien eheyden, jotta GPD-laitteesi on saapuessaan t\u00e4ydellisess\u00e4 toimintakunnossa, mik\u00e4 antaa sinulle luottamusta ja mielenrauhaa. [\/cg_accordion]\n[cg_accordion title=\"HINNOITTELU, VEROT JA TOIMITUKSET\"]<\/p>\n<p><strong><u>Huom:<\/u><\/strong><\/p>\n<ul>\n<li>Yhdysvallat Asiakkaat: Asiakkaat: N\u00e4ytetty hinta EI sis\u00e4ll\u00e4 veroja eik\u00e4 tulleja. Vastuu tulliselvityksest\u00e4 ja siihen liittyvien verojen\/tullien maksamisesta on asiakkaalla. <\/li>\n<li>EU:n asiakkaat: N\u00e4ytetty hinta sis\u00e4lt\u00e4\u00e4 sovellettavan veron, joka voi olla jopa 25 % maastasi riippuen.<\/li>\n<li>Kanada Asiakkaat: N\u00e4ytetty hinta sis\u00e4lt\u00e4\u00e4 sovellettavat verot, joihin voi sis\u00e4lty\u00e4 5 % GST ja ylim\u00e4\u00e4r\u00e4isi\u00e4 maakunnallisia myyntiveroja (PST), harmonisoitua myyntiveroa (HST) tai Quebecin myyntiveroa (QST) maakunnasta riippuen.<\/li>\n<\/ul>\n<p>USA:n asiakkaillemme: Tilaukset l\u00e4hetet\u00e4\u00e4n DAP (Delivered At Place). Vaikka asiakkaat ovat vastuussa sovellettavien maksujen maksamisesta, k\u00e4yt\u00e4mme laajaa kokemustamme Yhdistyneest\u00e4 kuningaskunnasta tapahtuvasta toimituksesta varmistaaksemme, ett\u00e4 maksat mahdollisimman v\u00e4h\u00e4n maksuja. Tietojemme perusteella n\u00e4m\u00e4 maksut eiv\u00e4t yleens\u00e4 ylit\u00e4 10 % tuotteen arvosta.  <\/p>\n<p><strong>AINOASTAAN EU:n asiakkaille:<\/strong> Express DDP (Delivered Duty Paid). T\u00e4m\u00e4 tarkoittaa: <\/p>\n<ul>\n<li>Kaikki tullit ja verot sis\u00e4ltyv\u00e4t tuotesivulla ilmoitettuun hintaan.<\/li>\n<li>Sinun ei tarvitse maksaa lis\u00e4maksuja toimituksen yhteydess\u00e4.<\/li>\n<li>Harvinaisissa tulliin liittyviss\u00e4 tapauksissa tiimimme hoitaa tulliselvitysprosessin puolestasi varmistaakseen sujuvan toimituksen.<\/li>\n<p>T\u00e4rke\u00e4\u00e4 tietoa palautuksista:<\/p>\n<li>Jos p\u00e4\u00e4t\u00e4t palauttaa tilauksesi tai pyyt\u00e4\u00e4 palautusta, ota huomioon, ett\u00e4 DDP-ehtojen mukaisesti puolestasi maksettuja veroja ja tulleja ei voida palauttaa.<\/li>\n<p>Katso yksityiskohtaiset tiedot <a href=\"https:\/\/droix.net\/terms-and-conditions\/\" target=\"_blank\" rel=\"nofollow noopener\">k\u00e4ytt\u00f6ehdoistamme<\/a>.\n<\/ul>\n<p>[\/cg_accordion]\n[cg_accordion title=\"ASIAKASTUKI\"]<\/p>\n<p>Onko kysytt\u00e4v\u00e4\u00e4? Olemme lyhyen tekstiviestin p\u00e4\u00e4ss\u00e4 siit\u00e4, ett\u00e4 ongelmasi on ratkaistu! <\/p>\n<p>Katso yksityiskohtaiset tiedot <a href=\"https:\/\/gpdstore.net\/fi\/terms-of-service\/\" target=\"_blank\" rel=\"nofollow noopener\">k\u00e4ytt\u00f6ehdoistamme<\/a>.\n<\/ul>\n<p>[\/cg_accordion]\n[cg_accordion title=\"MIT\u00c4 SIS\u00c4LTYY\"]<\/p>\n<ul>\n<li>1x BIWIN Mini SSD<\/li>\n<\/ul>\n<p>[\/cg_accordion]\n","protected":false},"featured_media":1196741,"template":"","meta":{"_acf_changed":false},"product_brand":[],"product_cat":[10091],"product_tag":[],"woo-feed-brand":[],"class_list":{"0":"post-1199157","1":"product","2":"type-product","3":"status-publish","4":"has-post-thumbnail","6":"product_cat-tarvikkeet","7":"product_shipping_class-premium","8":"pa_brand-biwin","9":"pa_storage-capacity-512-gt","10":"pa_storage-capacity-512gb","11":"pa_storage-capacity-512gb-fr","12":"pa_storage-capacity-1tb-fr","13":"pa_storage-capacity-1tb","14":"pa_storage-capacity-1tb-fi","15":"pa_storage-capacity-2tb-fr","16":"pa_storage-capacity-2tb","17":"pa_storage-capacity-2tb-fi","19":"first","20":"instock","21":"taxable","22":"shipping-taxable","23":"purchasable","24":"product-type-variable","25":"has-default-attributes"},"acf":[],"aioseo_notices":[],"_links":{"self":[{"href":"https:\/\/gpdstore.net\/fi\/wp-json\/wp\/v2\/product\/1199157","targetHints":{"allow":["GET"]}}],"collection":[{"href":"https:\/\/gpdstore.net\/fi\/wp-json\/wp\/v2\/product"}],"about":[{"href":"https:\/\/gpdstore.net\/fi\/wp-json\/wp\/v2\/types\/product"}],"wp:featuredmedia":[{"embeddable":true,"href":"https:\/\/gpdstore.net\/fi\/wp-json\/wp\/v2\/media\/1196741"}],"wp:attachment":[{"href":"https:\/\/gpdstore.net\/fi\/wp-json\/wp\/v2\/media?parent=1199157"}],"wp:term":[{"taxonomy":"product_brand","embeddable":true,"href":"https:\/\/gpdstore.net\/fi\/wp-json\/wp\/v2\/product_brand?post=1199157"},{"taxonomy":"product_cat","embeddable":true,"href":"https:\/\/gpdstore.net\/fi\/wp-json\/wp\/v2\/product_cat?post=1199157"},{"taxonomy":"product_tag","embeddable":true,"href":"https:\/\/gpdstore.net\/fi\/wp-json\/wp\/v2\/product_tag?post=1199157"},{"taxonomy":"woo-feed-brand","embeddable":true,"href":"https:\/\/gpdstore.net\/fi\/wp-json\/wp\/v2\/woo-feed-brand?post=1199157"}],"curies":[{"name":"wp","href":"https:\/\/api.w.org\/{rel}","templated":true}]}}