{"id":1069317,"date":"2025-01-27T10:09:41","date_gmt":"2025-01-27T10:09:41","guid":{"rendered":"https:\/\/gpdstore.net\/?post_type=product&#038;p=1069317"},"modified":"2026-03-29T00:51:31","modified_gmt":"2026-03-29T00:51:31","slug":"gpd-win-mini-grips-2025","status":"publish","type":"product","link":"https:\/\/gpdstore.net\/fi\/product\/gpd-win-mini-grips-2025\/","title":{"rendered":"GPD WIN Mini Grips 2025"},"content":{"rendered":"\n<h2 class=\"wp-block-heading\">Tuotteen yleiskatsaus:<\/h2>\n\n<p><strong>GPD Win Mini Grips 2025<\/strong> on suunniteltu parantamaan k\u00e4ytt\u00f6mukavuutta ja kontrollia pelisessioissasi. N\u00e4m\u00e4 ergonomiset kahvat kiinnittyv\u00e4t saumattomasti GPD Win Mini -peliin, tarjoavat turvallisen ja mukavan otteen, v\u00e4hent\u00e4v\u00e4t v\u00e4symyst\u00e4 ja takaavat tarkan hallinnan pitkien pelien aikana. <\/p>\n\n<ol class=\"wp-block-list\">\n<li><strong>Ergonominen muotoilu<\/strong> takaa maksimaalisen mukavuuden pelaamisen aikana.<\/li>\n\n\n\n<li><strong>Sopii t\u00e4ydellisesti<\/strong> GPD Win Mini -konsoliin.<\/li>\n\n\n\n<li>Kest\u00e4v\u00e4 materiaali <strong>pitk\u00e4aikaiseen k\u00e4ytt\u00f6\u00f6n<\/strong>.<\/li>\n\n\n\n<li>Helppo kiinnitt\u00e4\u00e4 ja irrottaa <strong>nopeaa asennusta<\/strong> varten.<\/li>\n\n\n\n<li>Parannettu ote <strong>parantaa hallintaa ja tarkkuutta<\/strong>.<\/li>\n<\/ol>\n\n<hr class=\"wp-block-separator has-alpha-channel-opacity\"\/>\n\n<h2 class=\"wp-block-heading\">Miksi valita GPD Win Mini Grips 2025?<\/h2>\n\n<p>Olitpa sitten taistelemassa intensiivisiss\u00e4 moninpeliotteluissa tai nauttimassa pitkist\u00e4 yksinpelikampanjoista, GPD Win Mini Grips 2025 tarjoaa entist\u00e4 upottavamman ja mukavamman pelikokemuksen. Niiden ergonominen muotoilu ja turvallinen istuvuus takaavat, ett\u00e4 voit pelata tuntikausia ilman ep\u00e4mukavuutta tai liukastumista.<\/p>\n\n<hr class=\"wp-block-separator has-alpha-channel-opacity\"\/>\n\n<h2 class=\"wp-block-heading\">Tekniset tiedot:<\/h2>\n\n<ul class=\"wp-block-list\">\n<li><strong>Materiaali:<\/strong> Materiaali: Kest\u00e4v\u00e4 muovi, jossa ergonominen kuvioitu pinta<\/li>\n\n\n\n<li><strong>Yhteensopivuus:<\/strong> Konsoli: GPD Win Mini 2025<\/li>\n\n\n\n<li><strong>Ominaisuudet:<\/strong> Kevyt, kest\u00e4v\u00e4 ja helppo kiinnitt\u00e4\u00e4<\/li>\n<\/ul>\n\n<p>P\u00e4ivit\u00e4 GPD Win Mini -pelisi n\u00e4ill\u00e4 kahvoilla, jotta pelikokemus olisi mukava ja tarkka &#8211; koska jokainen liike on t\u00e4rke\u00e4!<\/p>\n\n<p><\/p>\n","protected":false},"excerpt":{"rendered":"<ul>\n<li><strong>Ergonominen muotoilu<\/strong> takaa maksimaalisen mukavuuden pelaamisen aikana.<\/li>\n<li><strong>Sopii t\u00e4ydellisesti<\/strong> GPD Win Mini -konsoliin.<\/li>\n<li>Kest\u00e4v\u00e4 materiaali <strong>pitk\u00e4aikaiseen k\u00e4ytt\u00f6\u00f6n<\/strong>.<\/li>\n<li>Helppo kiinnitt\u00e4\u00e4 ja irrottaa <strong>nopeaa asennusta<\/strong> varten.<\/li>\n<li>Parannettu ote <strong>parantaa hallintaa ja tarkkuutta<\/strong>.<\/li>\n<\/ul>\n[cg_accordion title=\"MAKSUTIEDOT\"]<\/p>\n<p>K\u00e4yt\u00e4mme uusinta tekniikkaa maksujen k\u00e4sittelyss\u00e4, jonka avulla voit tehd\u00e4 maksun pankki- tai luottokortilla tai PayPalilla, mik\u00e4 takaa nopean ja turvallisen kokemuksen.[\/cg_accordion]\n[cg_accordion title=\"TAKUU\"]<\/p>\n<p>2 vuoden takuu <a href=\"https:\/\/droix.net\/\" target=\"_blank\" rel=\"nofollow noopener\">DROIX Global ilta mielenrauhasi vuoksi<\/a> [\/cg_accordion]\n[cg_accordion title=\"LAADUNVARMISTUS JA L\u00c4HETYST\u00c4 EDELT\u00c4V\u00c4 TESTAUS\"]<\/p>\n<p>Asiakastyytyv\u00e4isyyden varmistaminen korkeimmalla tasolla: Jokainen laite testataan tiukasti ja sille tehd\u00e4\u00e4n monipisteinen laadunvarmistustarkastus ennen sen l\u00e4hett\u00e4mist\u00e4. Asialle omistautunut tiimimme tarkistaa suorituskyvyn, toimivuuden ja komponenttien eheyden, jotta GPD-laitteesi on saapuessaan t\u00e4ydellisess\u00e4 toimintakunnossa, mik\u00e4 antaa sinulle luottamusta ja mielenrauhaa. [\/cg_accordion]\n[cg_accordion title=\"HINNOITTELU, VEROT JA TOIMITUKSET\"]<\/p>\n<p><strong><u>Huom:<\/u><\/strong><\/p>\n<ul>\n<li>Yhdysvallat Asiakkaat: Asiakkaat: N\u00e4ytetty hinta EI sis\u00e4ll\u00e4 veroja eik\u00e4 tulleja. Vastuu tulliselvityksest\u00e4 ja siihen liittyvien verojen\/tullien maksamisesta on asiakkaalla. <\/li>\n<li>EU:n asiakkaat: N\u00e4ytetty hinta sis\u00e4lt\u00e4\u00e4 sovellettavan veron, joka voi olla jopa 25 % maastasi riippuen.<\/li>\n<li>Kanada Asiakkaat: N\u00e4ytetty hinta sis\u00e4lt\u00e4\u00e4 sovellettavat verot, joihin voi sis\u00e4lty\u00e4 5 % GST ja ylim\u00e4\u00e4r\u00e4isi\u00e4 maakunnallisia myyntiveroja (PST), harmonisoitua myyntiveroa (HST) tai Quebecin myyntiveroa (QST) maakunnasta riippuen.<\/li>\n<\/ul>\n<p>USA:n asiakkaillemme: Tilaukset l\u00e4hetet\u00e4\u00e4n DAP (Delivered At Place). Vaikka asiakkaat ovat vastuussa sovellettavien maksujen maksamisesta, k\u00e4yt\u00e4mme laajaa kokemustamme Yhdistyneest\u00e4 kuningaskunnasta tapahtuvasta toimituksesta varmistaaksemme, ett\u00e4 maksat mahdollisimman v\u00e4h\u00e4n maksuja. Tietojemme perusteella n\u00e4m\u00e4 maksut eiv\u00e4t yleens\u00e4 ylit\u00e4 10 % tuotteen arvosta.  <\/p>\n<p><strong>AINOASTAAN EU:n asiakkaille:<\/strong> Express DDP (Delivered Duty Paid). T\u00e4m\u00e4 tarkoittaa: <\/p>\n<ul>\n<li>Kaikki tullit ja verot sis\u00e4ltyv\u00e4t tuotesivulla ilmoitettuun hintaan.<\/li>\n<li>Sinun ei tarvitse maksaa lis\u00e4maksuja toimituksen yhteydess\u00e4.<\/li>\n<li>Harvinaisissa tulliin liittyviss\u00e4 tapauksissa tiimimme hoitaa tulliselvitysprosessin puolestasi varmistaakseen sujuvan toimituksen.<\/li>\n<p>T\u00e4rke\u00e4\u00e4 tietoa palautuksista:<\/p>\n<li>Jos p\u00e4\u00e4t\u00e4t palauttaa tilauksesi tai pyyt\u00e4\u00e4 palautusta, ota huomioon, ett\u00e4 DDP-ehtojen mukaisesti puolestasi maksettuja veroja ja tulleja ei voida palauttaa.<\/li>\n<p>Katso yksityiskohtaiset tiedot <a href=\"https:\/\/droix.net\/terms-and-conditions\/\" target=\"_blank\" rel=\"nofollow noopener\">k\u00e4ytt\u00f6ehdoistamme<\/a>.\n<\/ul>\n<p>[\/cg_accordion]\n[cg_accordion title=\"ASIAKASTUKI\"]<\/p>\n<p>Onko kysytt\u00e4v\u00e4\u00e4? Olemme lyhyen tekstiviestin p\u00e4\u00e4ss\u00e4 siit\u00e4, ett\u00e4 ongelmasi on ratkaistu! <\/p>\n<p>Katso yksityiskohtaiset tiedot <a href=\"https:\/\/gpdstore.net\/fi\/terms-of-service\/\" target=\"_blank\" rel=\"nofollow noopener\">k\u00e4ytt\u00f6ehdoistamme<\/a>.\n<\/ul>\n<p>[\/cg_accordion]\n[cg_accordion title=\"MIT\u00c4 SIS\u00c4LTYY\"]<\/p>\n<ul>\n<li>1x GPD WIN Mini kahvat 2025<\/li>\n<\/ul>\n<p>[\/cg_accordion]\n","protected":false},"featured_media":1069335,"template":"","meta":{"_acf_changed":false},"product_brand":[],"product_cat":[10091],"product_tag":[],"woo-feed-brand":[9922],"class_list":{"0":"post-1069317","1":"product","2":"type-product","3":"status-publish","4":"has-post-thumbnail","6":"product_cat-tarvikkeet","7":"product_shipping_class-low-end","8":"pa_accessory-type-grip-fi","9":"pa_brand-gpd","10":"woo-feed-brand-gpd-fi","12":"first","13":"instock","14":"sale","15":"taxable","16":"shipping-taxable","17":"purchasable","18":"product-type-simple"},"acf":[],"aioseo_notices":[],"_links":{"self":[{"href":"https:\/\/gpdstore.net\/fi\/wp-json\/wp\/v2\/product\/1069317","targetHints":{"allow":["GET"]}}],"collection":[{"href":"https:\/\/gpdstore.net\/fi\/wp-json\/wp\/v2\/product"}],"about":[{"href":"https:\/\/gpdstore.net\/fi\/wp-json\/wp\/v2\/types\/product"}],"wp:featuredmedia":[{"embeddable":true,"href":"https:\/\/gpdstore.net\/fi\/wp-json\/wp\/v2\/media\/1069335"}],"wp:attachment":[{"href":"https:\/\/gpdstore.net\/fi\/wp-json\/wp\/v2\/media?parent=1069317"}],"wp:term":[{"taxonomy":"product_brand","embeddable":true,"href":"https:\/\/gpdstore.net\/fi\/wp-json\/wp\/v2\/product_brand?post=1069317"},{"taxonomy":"product_cat","embeddable":true,"href":"https:\/\/gpdstore.net\/fi\/wp-json\/wp\/v2\/product_cat?post=1069317"},{"taxonomy":"product_tag","embeddable":true,"href":"https:\/\/gpdstore.net\/fi\/wp-json\/wp\/v2\/product_tag?post=1069317"},{"taxonomy":"woo-feed-brand","embeddable":true,"href":"https:\/\/gpdstore.net\/fi\/wp-json\/wp\/v2\/woo-feed-brand?post=1069317"}],"curies":[{"name":"wp","href":"https:\/\/api.w.org\/{rel}","templated":true}]}}