{"id":1062083,"date":"2025-01-09T09:45:24","date_gmt":"2025-01-09T09:45:24","guid":{"rendered":"https:\/\/gpdstore.net\/?post_type=product&#038;p=1062083"},"modified":"2026-03-29T00:39:49","modified_gmt":"2026-03-29T00:39:49","slug":"gpd-win-max-2-2025-4g-lte-add-on","status":"publish","type":"product","link":"https:\/\/gpdstore.net\/fi\/product\/gpd-win-max-2-2025-4g-lte-add-on\/","title":{"rendered":"GPD WIN MAX 2025 4G LTE lis\u00e4laite"},"content":{"rendered":"\n<h2 class=\"wp-block-heading\">Koe todellinen siirrett\u00e4vyys GPD WIN MAX 2:n (2025) 4G LTE -moduulin lis\u00e4laitteen avulla.<\/h2>\n\n<p>Muunna <a href=\"https:\/\/gpdstore.net\/gpd-win-max-2-2025-review\/gpd-win-max-2-2025\/\" target=\"_blank\" rel=\"noreferrer noopener\">GPD WIN MAX 2 (2025)-laitteesi huippuluokan kannettavaksi<\/a> peli- ja tuottavuusvoimalaksi valinnaisella 4G LTE -moduulilla. Yksinomaan t\u00e4h\u00e4n laitteeseen suunniteltu moduuli takaa saumattoman yhteyden, jonka ansiosta voit olla verkossa miss\u00e4 ja milloin tahansa. <\/p>\n\n<p>Tarkkuutta ja helppok\u00e4ytt\u00f6isyytt\u00e4 silm\u00e4ll\u00e4 pit\u00e4en suunniteltu moduuli tukee useita eri verkkoja, kuten <strong>4G TD-LTE, FDD-LTE ja 3G CDMA<\/strong>, ja tarjoaa vertaansa vailla olevaa monipuolisuutta ja maailmanlaajuista yhteensopivuutta. Purkamista tai monimutkaista asennusta ei tarvita &#8211; taaksep\u00e4in suunnattu 4G-moduulipaikka mahdollistaa nopean ja suoraviivaisen asennuksen. <\/p>\n\n<p>Olitpa sitten pelaamassa, ty\u00f6skentelem\u00e4ss\u00e4 tai suoratoistamassa, 4G LTE -moduuli tarjoaa vakaan ja nopean suorituskyvyn, joka vet\u00e4\u00e4 vertoja valtavirran kannettaville tietokoneille. T\u00e4m\u00e4n v\u00e4ltt\u00e4m\u00e4tt\u00f6m\u00e4n lis\u00e4varusteen avulla voit nauttia keskeytym\u00e4tt\u00f6m\u00e4st\u00e4 pelaamisesta ja tuottavuudesta my\u00f6s monimutkaisissa tilanteissa tai liikkeell\u00e4 ollessasi.<\/p>\n\n<h4 class=\"wp-block-heading\">Ominaisuudet:<\/h4>\n\n<ul class=\"wp-block-list\">\n<li><strong>Tarkoituksenmukainen suunnittelu:<\/strong> GPD WIN MAX 2 (2025) varmistaa t\u00e4ydellisen istuvuuden ja saumattoman toimivuuden.<\/li>\n\n\n\n<li><strong>Luotettava yhteys<\/strong>: Se on ihanteellinen pelaamiseen, suoratoistoon ja ty\u00f6skentelyyn.<\/li>\n\n\n\n<li><strong>Maailmanlaajuinen verkkotuki<\/strong>: Yhteensopiva 4G TD-LTE, FDD-LTE ja 3G CDMA -verkkojen kanssa maailmanlaajuiseen k\u00e4ytt\u00f6\u00f6n.<\/li>\n\n\n\n<li><strong>Vaivaton asennus<\/strong>: 4G-moduulipaikan kautta: Nopea ja turvallinen asennus: Nopea ja turvallinen asennus takapuolella olevan 4G-moduulipaikan kautta.<\/li>\n<\/ul>\n\n<h4 class=\"wp-block-heading\">Ilmoitukset:<\/h4>\n\n<ol class=\"wp-block-list\">\n<li>T\u00e4m\u00e4 lis\u00e4varuste <strong>ei ole yhteensopiva<\/strong> GPD WIN Max -sarjan aiempien mallien kanssa, mukaan lukien <strong>versiot 2024, 2023 ja 2021<\/strong>. Se on suunniteltu yksinomaan <strong>GPD WIN Max 2 (2025<\/strong>) -malliin. <\/li>\n\n\n\n<li>Tarkista laitteesi vuosimalli varmistaaksesi yhteensopivuus ennen ostamista.<\/li>\n<\/ol>\n","protected":false},"excerpt":{"rendered":"<ul>\n<li>Suunniteltu erityisesti GPD WIN MAX 2 (2025) -laitteelle.<\/li>\n<li>Tukee &#8211; 4G TD-LTE, FDD-LTE, 3G CDMA.<\/li>\n<li>4G TD-LTE, FDD-LTE ja 3G CDMA -tuki<\/li>\n<li>Nano-SIM-korttipaikka helpottaa k\u00e4ytt\u00f6\u00e4<\/li>\n<li>Quectel EG25-G malli<\/li>\n<\/ul>\n<pre><b>T\u00c4RKE\u00c4\u00c4<\/b>\nASENNUS EDELLYTT\u00c4\u00c4 LAITTEEN AVAAMISTA\nKOMPONENTIT OVAT PIENI\u00c4 JA HERKKI\u00c4\nEMME OLE VASTUUSSA ASIAKKAAN VAHINGOISTA<\/pre>\n[cg_accordion title=\"MAKSUTIEDOT\"]<\/p>\n<p>K\u00e4yt\u00e4mme uusinta tekniikkaa maksujen k\u00e4sittelyss\u00e4, jonka avulla voit tehd\u00e4 maksun pankki- tai luottokortilla tai PayPalilla, mik\u00e4 takaa nopean ja turvallisen kokemuksen.[\/cg_accordion]\n[cg_accordion title=\"TAKUU\"]<\/p>\n<p>2 vuoden takuu <a href=\"https:\/\/droix.net\/\" target=\"_blank\" rel=\"nofollow noopener\">DROIX Global ilta mielenrauhasi vuoksi<\/a> [\/cg_accordion]\n[cg_accordion title=\"LAADUNVARMISTUS JA L\u00c4HETYST\u00c4 EDELT\u00c4V\u00c4 TESTAUS\"]<\/p>\n<p>Asiakastyytyv\u00e4isyyden varmistaminen korkeimmalla tasolla: Jokainen laite testataan tiukasti ja sille tehd\u00e4\u00e4n monipisteinen laadunvarmistustarkastus ennen sen l\u00e4hett\u00e4mist\u00e4. Asialle omistautunut tiimimme tarkistaa suorituskyvyn, toimivuuden ja komponenttien eheyden, jotta GPD-laitteesi on saapuessaan t\u00e4ydellisess\u00e4 toimintakunnossa, mik\u00e4 antaa sinulle luottamusta ja mielenrauhaa. [\/cg_accordion]\n[cg_accordion title=\"HINNOITTELU, VEROT JA TOIMITUKSET\"]<\/p>\n<p><strong><u>Huom:<\/u><\/strong><\/p>\n<ul>\n<li>Yhdysvallat Asiakkaat: Asiakkaat: N\u00e4ytetty hinta EI sis\u00e4ll\u00e4 veroja eik\u00e4 tulleja. Vastuu tulliselvityksest\u00e4 ja siihen liittyvien verojen\/tullien maksamisesta on asiakkaalla. <\/li>\n<li>EU:n asiakkaat: N\u00e4ytetty hinta sis\u00e4lt\u00e4\u00e4 sovellettavan veron, joka voi olla jopa 25 % maastasi riippuen.<\/li>\n<li>Kanada Asiakkaat: N\u00e4ytetty hinta sis\u00e4lt\u00e4\u00e4 sovellettavat verot, joihin voi sis\u00e4lty\u00e4 5 % GST ja ylim\u00e4\u00e4r\u00e4isi\u00e4 maakunnallisia myyntiveroja (PST), harmonisoitua myyntiveroa (HST) tai Quebecin myyntiveroa (QST) maakunnasta riippuen.<\/li>\n<\/ul>\n<p>USA:n asiakkaillemme: Tilaukset l\u00e4hetet\u00e4\u00e4n DAP (Delivered At Place). Vaikka asiakkaat ovat vastuussa sovellettavien maksujen maksamisesta, k\u00e4yt\u00e4mme laajaa kokemustamme Yhdistyneest\u00e4 kuningaskunnasta tapahtuvasta toimituksesta varmistaaksemme, ett\u00e4 maksat mahdollisimman v\u00e4h\u00e4n maksuja. Tietojemme perusteella n\u00e4m\u00e4 maksut eiv\u00e4t yleens\u00e4 ylit\u00e4 10 % tuotteen arvosta.  <\/p>\n<p><strong>AINOASTAAN EU:n asiakkaille:<\/strong> Express DDP (Delivered Duty Paid). T\u00e4m\u00e4 tarkoittaa: <\/p>\n<ul>\n<li>Kaikki tullit ja verot sis\u00e4ltyv\u00e4t tuotesivulla ilmoitettuun hintaan.<\/li>\n<li>Sinun ei tarvitse maksaa lis\u00e4maksuja toimituksen yhteydess\u00e4.<\/li>\n<li>Harvinaisissa tulliin liittyviss\u00e4 tapauksissa tiimimme hoitaa tulliselvitysprosessin puolestasi varmistaakseen sujuvan toimituksen.<\/li>\n<p>T\u00e4rke\u00e4\u00e4 tietoa palautuksista:<\/p>\n<li>Jos p\u00e4\u00e4t\u00e4t palauttaa tilauksesi tai pyyt\u00e4\u00e4 palautusta, ota huomioon, ett\u00e4 DDP-ehtojen mukaisesti puolestasi maksettuja veroja ja tulleja ei voida palauttaa.<\/li>\n<p>Katso yksityiskohtaiset tiedot <a href=\"https:\/\/droix.net\/terms-and-conditions\/\" target=\"_blank\" rel=\"nofollow noopener\">k\u00e4ytt\u00f6ehdoistamme<\/a>.\n<\/ul>\n<p>[\/cg_accordion]\n[cg_accordion title=\"ASIAKASTUKI\"]<\/p>\n<p>Onko kysytt\u00e4v\u00e4\u00e4? Olemme lyhyen tekstiviestin p\u00e4\u00e4ss\u00e4 siit\u00e4, ett\u00e4 ongelmasi on ratkaistu! <\/p>\n<p>Katso yksityiskohtaiset tiedot <a href=\"https:\/\/gpdstore.net\/fi\/terms-of-service\/\" target=\"_blank\" rel=\"nofollow noopener\">k\u00e4ytt\u00f6ehdoistamme<\/a>.\n<\/ul>\n<p>[\/cg_accordion]\n[cg_accordion title=\"MIT\u00c4 SIS\u00c4LTYY\"]<\/p>\n<ul>\n<li>1x GPD WIN MAX 2 2025 LTE -moduuli<\/li>\n<\/ul>\n<p>[\/cg_accordion]\n","protected":false},"featured_media":386012,"template":"","meta":{"_acf_changed":false},"product_brand":[],"product_cat":[10091],"product_tag":[15846,10733],"woo-feed-brand":[],"class_list":{"0":"post-1062083","1":"product","2":"type-product","3":"status-publish","4":"has-post-thumbnail","6":"product_cat-tarvikkeet","7":"product_tag-20xmsale-fi-2","8":"product_tag-gpd-wm2-lisavaruste","9":"product_shipping_class-low-end","11":"pa_accessory-type-lisaosat","12":"pa_brand-gpd","14":"first","15":"instock","16":"sale","17":"taxable","18":"shipping-taxable","19":"purchasable","20":"product-type-simple"},"acf":[],"aioseo_notices":[],"_links":{"self":[{"href":"https:\/\/gpdstore.net\/fi\/wp-json\/wp\/v2\/product\/1062083","targetHints":{"allow":["GET"]}}],"collection":[{"href":"https:\/\/gpdstore.net\/fi\/wp-json\/wp\/v2\/product"}],"about":[{"href":"https:\/\/gpdstore.net\/fi\/wp-json\/wp\/v2\/types\/product"}],"wp:featuredmedia":[{"embeddable":true,"href":"https:\/\/gpdstore.net\/fi\/wp-json\/wp\/v2\/media\/386012"}],"wp:attachment":[{"href":"https:\/\/gpdstore.net\/fi\/wp-json\/wp\/v2\/media?parent=1062083"}],"wp:term":[{"taxonomy":"product_brand","embeddable":true,"href":"https:\/\/gpdstore.net\/fi\/wp-json\/wp\/v2\/product_brand?post=1062083"},{"taxonomy":"product_cat","embeddable":true,"href":"https:\/\/gpdstore.net\/fi\/wp-json\/wp\/v2\/product_cat?post=1062083"},{"taxonomy":"product_tag","embeddable":true,"href":"https:\/\/gpdstore.net\/fi\/wp-json\/wp\/v2\/product_tag?post=1062083"},{"taxonomy":"woo-feed-brand","embeddable":true,"href":"https:\/\/gpdstore.net\/fi\/wp-json\/wp\/v2\/woo-feed-brand?post=1062083"}],"curies":[{"name":"wp","href":"https:\/\/api.w.org\/{rel}","templated":true}]}}