{"id":1059887,"date":"2025-01-03T15:47:35","date_gmt":"2025-01-03T15:47:35","guid":{"rendered":"https:\/\/gpdstore.net\/?post_type=product&#038;p=1059887"},"modified":"2026-01-23T10:36:40","modified_gmt":"2026-01-23T10:36:40","slug":"universal-stylus-pen-for-gpd","status":"publish","type":"product","link":"https:\/\/gpdstore.net\/fi\/product\/universal-stylus-pen-for-gpd\/","title":{"rendered":"Yleisk\u00e4ytt\u00f6inen kapasitiivinen styluskyn\u00e4 GPD:lle"},"content":{"rendered":"\n<h2 class=\"wp-block-heading\"><strong>P\u00e4\u00e4st\u00e4 luovuutesi valloilleen GPD:n kapasitiivisella Universal Stylus -kyn\u00e4ll\u00e4<\/strong><\/h2>\n\n<p>T\u00e4m\u00e4 tarkkuutta, suorituskyky\u00e4 ja saumatonta yhteensopivuutta suosikkilaitteidesi kanssa varten suunniteltu edistynyt kapasitiivinen kyn\u00e4kyn\u00e4 on t\u00e4ydellinen ty\u00f6kalu luonnosteluun, kirjoittamiseen tai navigointiin &#8211; ihanteellinen sek\u00e4 satunnaiseen ett\u00e4 ammattik\u00e4ytt\u00f6\u00f6n.<\/p>\n\n<hr class=\"wp-block-separator has-alpha-channel-opacity\"\/>\n\n<h3 class=\"wp-block-heading\"><strong>T\u00e4rkeimm\u00e4t ominaisuudet:<\/strong> <\/h3>\n\n<p><strong>1. Pariliitosta ei tarvita<\/strong><br\/>Aloita heti! Kapasitiivisen induktiokytkimen ansiosta se kytkeytyy p\u00e4\u00e4lle yksinkertaisesti kaksoisnapauttamalla &#8211; monimutkaista pariliit\u00e4nt\u00e4prosessia ei tarvita. <\/p>\n\n<p><strong>2. Eritt\u00e4in tarkka ja viiveet\u00f6n<\/strong> <br\/>Koe pehme\u00e4t ja tarkat iskut r\u00e4\u00e4t\u00e4l\u00f6idyn satelliittisignaaliantennin ansiosta, sill\u00e4 se vastaa nopeasti ja viiveet ovat minimaaliset.<\/p>\n\n<p><strong>3. Yleisk\u00e4ytt\u00f6inen yhteensopivuus<\/strong><br\/>Toimii saumattomasti kaikkien kapasitiivisten kosketusn\u00e4ytt\u00f6laitteiden kanssa, mukaan lukien GPD-k\u00e4mmenmikrot, tabletit, \u00e4lypuhelimet ja muut, ja tukee iOS-, Android- ja Windows-k\u00e4ytt\u00f6j\u00e4rjestelmi\u00e4.<\/p>\n\n<p><strong>4. Pitk\u00e4kestoinen akku<\/strong><br\/>Nauti keskeytym\u00e4tt\u00f6m\u00e4st\u00e4 luovuudesta, sill\u00e4 akun merkkivalo ja tehokas Type-C-lataus pident\u00e4v\u00e4t k\u00e4ytt\u00f6aikaa.<\/p>\n\n<p><strong>5. Tyylik\u00e4s ja kevyt muotoilu<\/strong><br\/>Ohut ja ergonominen rakenne takaa mukavan k\u00e4yt\u00f6n, piirteletp\u00e4 sitten monimutkaisia malleja tai kirjoitat nopeita muistiinpanoja.<\/p>\n\n<hr class=\"wp-block-separator has-alpha-channel-opacity\"\/>\n\n<h3 class=\"wp-block-heading\"><strong>T\u00e4ydellinen GPD-laitteille<\/strong><\/h3>\n\n<p>T\u00e4m\u00e4 erityisesti GPD-k\u00e4ytt\u00e4ji\u00e4 ajatellen suunniteltu kapasitiivinen kyn\u00e4 t\u00e4ydent\u00e4\u00e4 kannettavia pelitietokoneita ja tabletteja, joten se on olennainen lis\u00e4varuste sek\u00e4 tuottavuuden ett\u00e4 viihteen kannalta.<\/p>\n\n<hr class=\"wp-block-separator has-alpha-channel-opacity\"\/>\n\n<h3 class=\"wp-block-heading\"><strong>Miksi valita Universal Capacitive Stylus Pen for GPD?<\/strong><\/h3>\n\n<ul class=\"wp-block-list\">\n<li>Vaivaton k\u00e4ytt\u00f6\u00f6notto ilman pariliitosta<\/li>\n\n\n\n<li>Korkea herkkyys yksityiskohtaiseen ty\u00f6skentelyyn ja sujuvaan toimintaan<\/li>\n\n\n\n<li>Yleinen yhteensopivuus kapasitiivisten kosketusn\u00e4ytt\u00f6laitteiden ja -alustojen v\u00e4lill\u00e4<\/li>\n\n\n\n<li>Kest\u00e4v\u00e4, kevyt ja kannettava, jotta sit\u00e4 voi k\u00e4ytt\u00e4\u00e4 liikkeell\u00e4 ollessaan.<\/li>\n<\/ul>\n\n<p>Olitpa sitten luova ammattilainen, opiskelija tai tekniikan harrastaja, Universal Capacitive Stylus Pen for GPD on paras kumppanisi tarkkaan ja vaivattomaan vuorovaikutukseen laitteidesi kanssa.<\/p>\n\n<p><strong>Tilaa omasi jo t\u00e4n\u00e4\u00e4n ja paranna digitaalista kokemustasi!<\/strong><\/p>\n\n<hr class=\"wp-block-separator has-alpha-channel-opacity\"\/>\n","protected":false},"excerpt":{"rendered":"<ul>\n<li>Yhteensopiva <strong>GPD-laitteiden<\/strong>, tablettien ja \u00e4lypuhelimien kanssa <strong>.<\/strong><\/li>\n<li><strong>Ei pariliitosta<\/strong> &#8211; Helppo aktivointi kahdella napautuksella<\/li>\n<li>Tyylik\u00e4s ja <strong>ergonominen<\/strong> muotoilu<\/li>\n<li>Tarkka ja <strong>viiveet\u00f6n<\/strong> suorituskyky<\/li>\n<li>Akun merkkivalo ja <strong>C-tyypin lataus<\/strong><\/li>\n<\/ul>\n[cg_accordion title=\"MAKSUTIEDOT\"]<\/p>\n<p>K\u00e4yt\u00e4mme uusinta tekniikkaa maksujen k\u00e4sittelyss\u00e4, jonka avulla voit tehd\u00e4 maksun pankki- tai luottokortilla tai PayPalilla, mik\u00e4 takaa nopean ja turvallisen kokemuksen.[\/cg_accordion]\n[cg_accordion title=\"TAKUU\"]<\/p>\n<p>2 vuoden takuu <a href=\"https:\/\/droix.net\/\" target=\"_blank\" rel=\"nofollow noopener\">DROIX Global ilta mielenrauhasi vuoksi<\/a> [\/cg_accordion]\n[cg_accordion title=\"LAADUNVARMISTUS JA L\u00c4HETYST\u00c4 EDELT\u00c4V\u00c4 TESTAUS\"]<\/p>\n<p>Asiakastyytyv\u00e4isyyden varmistaminen korkeimmalla tasolla: Jokainen laite testataan tiukasti ja sille tehd\u00e4\u00e4n monipisteinen laadunvarmistustarkastus ennen sen l\u00e4hett\u00e4mist\u00e4. Asialle omistautunut tiimimme tarkistaa suorituskyvyn, toimivuuden ja komponenttien eheyden, jotta GPD-laitteesi on saapuessaan t\u00e4ydellisess\u00e4 toimintakunnossa, mik\u00e4 antaa sinulle luottamusta ja mielenrauhaa. [\/cg_accordion]\n[cg_accordion title=\"HINNOITTELU, VEROT JA TOIMITUKSET\"]<\/p>\n<p><strong><u>Huom:<\/u><\/strong><\/p>\n<ul>\n<li>Yhdysvallat Asiakkaat: Asiakkaat: N\u00e4ytetty hinta EI sis\u00e4ll\u00e4 veroja eik\u00e4 tulleja. Vastuu tulliselvityksest\u00e4 ja siihen liittyvien verojen\/tullien maksamisesta on asiakkaalla. <\/li>\n<li>EU:n asiakkaat: N\u00e4ytetty hinta sis\u00e4lt\u00e4\u00e4 sovellettavan veron, joka voi olla jopa 25 % maastasi riippuen.<\/li>\n<li>Kanada Asiakkaat: N\u00e4ytetty hinta sis\u00e4lt\u00e4\u00e4 sovellettavat verot, joihin voi sis\u00e4lty\u00e4 5 % GST ja ylim\u00e4\u00e4r\u00e4isi\u00e4 maakunnallisia myyntiveroja (PST), harmonisoitua myyntiveroa (HST) tai Quebecin myyntiveroa (QST) maakunnasta riippuen.<\/li>\n<\/ul>\n<p>USA:n asiakkaillemme: Tilaukset l\u00e4hetet\u00e4\u00e4n DAP (Delivered At Place). Vaikka asiakkaat ovat vastuussa sovellettavien maksujen maksamisesta, k\u00e4yt\u00e4mme laajaa kokemustamme Yhdistyneest\u00e4 kuningaskunnasta tapahtuvasta toimituksesta varmistaaksemme, ett\u00e4 maksat mahdollisimman v\u00e4h\u00e4n maksuja. Tietojemme perusteella n\u00e4m\u00e4 maksut eiv\u00e4t yleens\u00e4 ylit\u00e4 10 % tuotteen arvosta.  <\/p>\n<p><strong>AINOASTAAN EU:n asiakkaille:<\/strong> Express DDP (Delivered Duty Paid). T\u00e4m\u00e4 tarkoittaa: <\/p>\n<ul>\n<li>Kaikki tullit ja verot sis\u00e4ltyv\u00e4t tuotesivulla ilmoitettuun hintaan.<\/li>\n<li>Sinun ei tarvitse maksaa lis\u00e4maksuja toimituksen yhteydess\u00e4.<\/li>\n<li>Harvinaisissa tulliin liittyviss\u00e4 tapauksissa tiimimme hoitaa tulliselvitysprosessin puolestasi varmistaakseen sujuvan toimituksen.<\/li>\n<p>T\u00e4rke\u00e4\u00e4 tietoa palautuksista:<\/p>\n<li>Jos p\u00e4\u00e4t\u00e4t palauttaa tilauksesi tai pyyt\u00e4\u00e4 palautusta, ota huomioon, ett\u00e4 DDP-ehtojen mukaisesti puolestasi maksettuja veroja ja tulleja ei voida palauttaa.<\/li>\n<p>Katso yksityiskohtaiset tiedot <a href=\"https:\/\/droix.net\/terms-and-conditions\/\" target=\"_blank\" rel=\"nofollow noopener\">k\u00e4ytt\u00f6ehdoistamme<\/a>.\n<\/ul>\n<p>[\/cg_accordion]\n[cg_accordion title=\"ASIAKASTUKI\"]<\/p>\n<p>Onko kysytt\u00e4v\u00e4\u00e4? Olemme lyhyen tekstiviestin p\u00e4\u00e4ss\u00e4 siit\u00e4, ett\u00e4 ongelmasi on ratkaistu! <\/p>\n<p>Katso yksityiskohtaiset tiedot <a href=\"https:\/\/gpdstore.net\/fi\/terms-of-service\/\" target=\"_blank\" rel=\"nofollow noopener\">k\u00e4ytt\u00f6ehdoistamme<\/a>.\n<\/ul>\n<p>[\/cg_accordion]\n[cg_accordion title=\"MIT\u00c4 SIS\u00c4LTYY\"]<\/p>\n<ul>\n<li>1x Universal Stylus-kyn\u00e4 GPD:lle<\/li>\n<\/ul>\n<p>[\/cg_accordion]\n","protected":false},"featured_media":1061353,"template":"","meta":{"_acf_changed":false},"product_brand":[],"product_cat":[10091],"product_tag":[15872,10733],"woo-feed-brand":[9971],"class_list":{"0":"post-1059887","1":"product","2":"type-product","3":"status-publish","4":"has-post-thumbnail","6":"product_cat-tarvikkeet","7":"product_tag-15xmsale-fi","8":"product_tag-gpd-wm2-lisavaruste","9":"product_shipping_class-low-end","10":"pa_accessory-type-stylus-fi","11":"pa_brand-gpd","12":"woo-feed-brand-droix-fi","14":"first","15":"instock","16":"taxable","17":"shipping-taxable","18":"purchasable","19":"product-type-variable","20":"has-default-attributes"},"acf":[],"aioseo_notices":[],"_links":{"self":[{"href":"https:\/\/gpdstore.net\/fi\/wp-json\/wp\/v2\/product\/1059887","targetHints":{"allow":["GET"]}}],"collection":[{"href":"https:\/\/gpdstore.net\/fi\/wp-json\/wp\/v2\/product"}],"about":[{"href":"https:\/\/gpdstore.net\/fi\/wp-json\/wp\/v2\/types\/product"}],"wp:featuredmedia":[{"embeddable":true,"href":"https:\/\/gpdstore.net\/fi\/wp-json\/wp\/v2\/media\/1061353"}],"wp:attachment":[{"href":"https:\/\/gpdstore.net\/fi\/wp-json\/wp\/v2\/media?parent=1059887"}],"wp:term":[{"taxonomy":"product_brand","embeddable":true,"href":"https:\/\/gpdstore.net\/fi\/wp-json\/wp\/v2\/product_brand?post=1059887"},{"taxonomy":"product_cat","embeddable":true,"href":"https:\/\/gpdstore.net\/fi\/wp-json\/wp\/v2\/product_cat?post=1059887"},{"taxonomy":"product_tag","embeddable":true,"href":"https:\/\/gpdstore.net\/fi\/wp-json\/wp\/v2\/product_tag?post=1059887"},{"taxonomy":"woo-feed-brand","embeddable":true,"href":"https:\/\/gpdstore.net\/fi\/wp-json\/wp\/v2\/woo-feed-brand?post=1059887"}],"curies":[{"name":"wp","href":"https:\/\/api.w.org\/{rel}","templated":true}]}}