{"id":807413,"date":"2023-03-23T16:38:25","date_gmt":"2023-03-23T16:38:25","guid":{"rendered":"https:\/\/gpdstore.net\/tietoa-meista\/"},"modified":"2024-12-11T13:39:01","modified_gmt":"2024-12-11T13:39:01","slug":"tietoa-meista","status":"publish","type":"page","link":"https:\/\/gpdstore.net\/fi\/tietoa-meista\/","title":{"rendered":"Tietoa meist\u00e4"},"content":{"rendered":"\t\t<div data-elementor-type=\"wp-page\" data-elementor-id=\"807413\" class=\"elementor elementor-807413 elementor-10\" data-elementor-settings=\"{&quot;element_pack_global_tooltip_width&quot;:{&quot;unit&quot;:&quot;px&quot;,&quot;size&quot;:&quot;&quot;,&quot;sizes&quot;:[]},&quot;element_pack_global_tooltip_width_tablet&quot;:{&quot;unit&quot;:&quot;px&quot;,&quot;size&quot;:&quot;&quot;,&quot;sizes&quot;:[]},&quot;element_pack_global_tooltip_width_mobile&quot;:{&quot;unit&quot;:&quot;px&quot;,&quot;size&quot;:&quot;&quot;,&quot;sizes&quot;:[]},&quot;element_pack_global_tooltip_padding&quot;:{&quot;unit&quot;:&quot;px&quot;,&quot;top&quot;:&quot;&quot;,&quot;right&quot;:&quot;&quot;,&quot;bottom&quot;:&quot;&quot;,&quot;left&quot;:&quot;&quot;,&quot;isLinked&quot;:true},&quot;element_pack_global_tooltip_padding_tablet&quot;:{&quot;unit&quot;:&quot;px&quot;,&quot;top&quot;:&quot;&quot;,&quot;right&quot;:&quot;&quot;,&quot;bottom&quot;:&quot;&quot;,&quot;left&quot;:&quot;&quot;,&quot;isLinked&quot;:true},&quot;element_pack_global_tooltip_padding_mobile&quot;:{&quot;unit&quot;:&quot;px&quot;,&quot;top&quot;:&quot;&quot;,&quot;right&quot;:&quot;&quot;,&quot;bottom&quot;:&quot;&quot;,&quot;left&quot;:&quot;&quot;,&quot;isLinked&quot;:true},&quot;element_pack_global_tooltip_border_radius&quot;:{&quot;unit&quot;:&quot;px&quot;,&quot;top&quot;:&quot;&quot;,&quot;right&quot;:&quot;&quot;,&quot;bottom&quot;:&quot;&quot;,&quot;left&quot;:&quot;&quot;,&quot;isLinked&quot;:true},&quot;element_pack_global_tooltip_border_radius_tablet&quot;:{&quot;unit&quot;:&quot;px&quot;,&quot;top&quot;:&quot;&quot;,&quot;right&quot;:&quot;&quot;,&quot;bottom&quot;:&quot;&quot;,&quot;left&quot;:&quot;&quot;,&quot;isLinked&quot;:true},&quot;element_pack_global_tooltip_border_radius_mobile&quot;:{&quot;unit&quot;:&quot;px&quot;,&quot;top&quot;:&quot;&quot;,&quot;right&quot;:&quot;&quot;,&quot;bottom&quot;:&quot;&quot;,&quot;left&quot;:&quot;&quot;,&quot;isLinked&quot;:true}}\" data-elementor-post-type=\"page\">\n\t\t\t\t\t\t<section class=\"elementor-section elementor-top-section elementor-element elementor-element-9ee181d elementor-section-height-min-height elementor-section-content-middle elementor-reverse-mobile elementor-section-boxed elementor-section-height-default elementor-section-items-middle\" data-id=\"9ee181d\" data-element_type=\"section\" data-settings=\"{&quot;background_background&quot;:&quot;classic&quot;,&quot;background_motion_fx_motion_fx_scrolling&quot;:&quot;yes&quot;,&quot;background_motion_fx_blur_effect&quot;:&quot;yes&quot;,&quot;background_motion_fx_range&quot;:&quot;viewport&quot;,&quot;background_motion_fx_motion_fx_mouse&quot;:&quot;yes&quot;,&quot;background_motion_fx_mouseTrack_effect&quot;:&quot;yes&quot;,&quot;background_motion_fx_blur_direction&quot;:&quot;out-in&quot;,&quot;background_motion_fx_blur_level&quot;:{&quot;unit&quot;:&quot;px&quot;,&quot;size&quot;:7,&quot;sizes&quot;:[]},&quot;background_motion_fx_blur_range&quot;:{&quot;unit&quot;:&quot;%&quot;,&quot;size&quot;:&quot;&quot;,&quot;sizes&quot;:{&quot;start&quot;:20,&quot;end&quot;:80}},&quot;background_motion_fx_devices&quot;:[&quot;desktop&quot;,&quot;tablet&quot;,&quot;mobile&quot;],&quot;background_motion_fx_mouseTrack_speed&quot;:{&quot;unit&quot;:&quot;px&quot;,&quot;size&quot;:1,&quot;sizes&quot;:[]}}\">\n\t\t\t\t\t\t<div class=\"elementor-container elementor-column-gap-no\">\n\t\t\t\t\t<div class=\"elementor-column elementor-col-100 elementor-top-column elementor-element elementor-element-53c0e4e\" data-id=\"53c0e4e\" data-element_type=\"column\" data-settings=\"{&quot;background_background&quot;:&quot;classic&quot;}\">\n\t\t\t<div class=\"elementor-widget-wrap elementor-element-populated\">\n\t\t\t\t\t\t<div class=\"elementor-element elementor-element-d21bfa3 elementor-widget elementor-widget-heading\" data-id=\"d21bfa3\" data-element_type=\"widget\" data-widget_type=\"heading.default\">\n\t\t\t\t<div class=\"elementor-widget-container\">\n\t\t\t\t\t<h2 class=\"elementor-heading-title elementor-size-default\">GPD<br>x<br>DROIX<\/h2>\t\t\t\t<\/div>\n\t\t\t\t<\/div>\n\t\t\t\t<div class=\"elementor-element elementor-element-4bf96d9 elementor-widget elementor-widget-text-editor\" data-id=\"4bf96d9\" data-element_type=\"widget\" data-widget_type=\"text-editor.default\">\n\t\t\t\t<div class=\"elementor-widget-container\">\n\t\t\t\t\t\t\t\t\t<p>Tervetuloa GPD Storeen, jossa saat markkinoiden uusimmat kannettavat pelitietokoneet.<\/p>\n<p>Olemme ylpe\u00e4 GPD (GamePad Digital) -tuotteiden j\u00e4lleenmyyj\u00e4, joka tarjoaa sinulle uusimmat ja innovatiivisimmat laitteet, kuten GPD WIN 4, GPD Pocket 4, GPD Pocket 3 ja monia muita GPD-vempaimia. Sitoutumisemme korkealaatuisten pelikokemusten tarjoamiseen tekee meist\u00e4 ensisijaisen valinnan kannettavia tehokeskuksia etsiville harrastajille. <\/p>\n<p>Me GPD Storessa ymm\u00e4rr\u00e4mme, ett\u00e4 t\u00e4ydellinen pelikokemus on muutakin kuin itse laite. Siksi olemme tehneet yhteisty\u00f6t\u00e4 DroiXin kanssa, joka on luotettava nimi logistiikan ja asiakastuen alalla, varmistaaksemme, ett\u00e4 ostosmatka kanssamme on sujuva ja saumaton. DroiXin asiantuntemus takaa vaivattoman kokemuksen aina tilauksen tekemisest\u00e4 laitteen vastaanottamiseen ja sen j\u00e4lkeen, jolloin voit keskitty\u00e4 siihen, mik\u00e4 on t\u00e4rkeint\u00e4 &#8211; suosikkipeleihisi.  <\/p>\n<p>Teht\u00e4v\u00e4mme GPD Storessa on tarjota sinulle paras mahdollinen k\u00e4sikonsolipelikokemus, jota tukee vankkumaton sitoutumisemme asiakastyytyv\u00e4isyyteen. Koska olemme itse peliharrastajia, ymm\u00e4rr\u00e4mme, miten t\u00e4rke\u00e4\u00e4 on, ett\u00e4 sinulla on oikea laite k\u00e4siss\u00e4si. Siksi pyrimme jatkuvasti tarjoamaan markkinoiden parhaita GPD-tuotteita sek\u00e4 ensiluokkaista asiakaspalvelua.  <\/p>\n<p>Kun teet ostoksia GPD Storesta, et osta vain laitetta, vaan liityt sellaisten pelaajien yhteis\u00f6\u00f6n, jotka arvostavat t\u00e4ydellist\u00e4 tasapainoa tehon ja kannettavuuden v\u00e4lill\u00e4. Kutsumme sinut tutustumaan tuotevalikoimaamme ja kokemaan GPD Storen tarjoaman eron. Valmistaudu nostamaan pelaamisesi tasoa kanssamme!  <\/p>\n\t\t\t\t\t\t\t\t<\/div>\n\t\t\t\t<\/div>\n\t\t\t\t\t<\/div>\n\t\t<\/div>\n\t\t\t\t\t<\/div>\n\t\t<\/section>\n\t\t\t\t<\/div>\n\t\t","protected":false},"excerpt":{"rendered":"<p>GPDxDROIX Tervetuloa GPD Storeen, jossa saat markkinoiden uusimmat kannettavat pelitietokoneet. Olemme ylpe\u00e4 GPD (GamePad Digital) -tuotteiden j\u00e4lleenmyyj\u00e4, joka tarjoaa sinulle uusimmat ja innovatiivisimmat laitteet, kuten GPD WIN 4, GPD Pocket 4, GPD Pocket 3 ja monia muita GPD-vempaimia. Sitoutumisemme korkealaatuisten pelikokemusten tarjoamiseen tekee meist\u00e4 ensisijaisen valinnan kannettavia tehokeskuksia etsiville harrastajille. Me GPD Storessa ymm\u00e4rr\u00e4mme, ett\u00e4 [&hellip;]<\/p>\n","protected":false},"author":1,"featured_media":0,"parent":0,"menu_order":0,"comment_status":"closed","ping_status":"closed","template":"template-fullwidth-no-heading.php","meta":{"_acf_changed":false,"footnotes":""},"class_list":["post-807413","page","type-page","status-publish","hentry"],"acf":[],"aioseo_notices":[],"_links":{"self":[{"href":"https:\/\/gpdstore.net\/fi\/wp-json\/wp\/v2\/pages\/807413","targetHints":{"allow":["GET"]}}],"collection":[{"href":"https:\/\/gpdstore.net\/fi\/wp-json\/wp\/v2\/pages"}],"about":[{"href":"https:\/\/gpdstore.net\/fi\/wp-json\/wp\/v2\/types\/page"}],"author":[{"embeddable":true,"href":"https:\/\/gpdstore.net\/fi\/wp-json\/wp\/v2\/users\/1"}],"replies":[{"embeddable":true,"href":"https:\/\/gpdstore.net\/fi\/wp-json\/wp\/v2\/comments?post=807413"}],"version-history":[{"count":0,"href":"https:\/\/gpdstore.net\/fi\/wp-json\/wp\/v2\/pages\/807413\/revisions"}],"wp:attachment":[{"href":"https:\/\/gpdstore.net\/fi\/wp-json\/wp\/v2\/media?parent=807413"}],"curies":[{"name":"wp","href":"https:\/\/api.w.org\/{rel}","templated":true}]}}