{"id":381815,"date":"2023-03-23T16:52:33","date_gmt":"2023-03-23T16:52:33","guid":{"rendered":"https:\/\/gpdstore.net\/palautus-ja-palautuskaytanto\/"},"modified":"2025-05-11T15:03:23","modified_gmt":"2025-05-11T15:03:23","slug":"refund-and-returns-policy","status":"publish","type":"page","link":"https:\/\/gpdstore.net\/fi\/refund-and-returns-policy\/","title":{"rendered":"Palautus- ja palautusk\u00e4yt\u00e4nt\u00f6"},"content":{"rendered":"\n<p>Seuraavat k\u00e4ytt\u00f6ehdot ja -ehdot on otettava huomioon yhdess\u00e4 (pariksi), &#8220;yhten\u00e4&#8221; <a href=\"https:\/\/gpdstore.net\/fi\/kayttoehdot\/\" data-type=\"URL\" data-id=\"\/terms-of-service\/\" target=\"_blank\" rel=\"noreferrer noopener\">palveluehtojen<\/a>, <a href=\"https:\/\/gpdstore.net\/fi\/tietosuojakaytanto\/\" target=\"_blank\" rel=\"noreferrer noopener\">tietosuojak\u00e4yt\u00e4nn\u00f6n<\/a> ja <a href=\"https:\/\/gpdstore.net\/fi\/evastekaytanto\/\" data-type=\"URL\" data-id=\"\/cookies-policy\/\" target=\"_blank\" rel=\"noreferrer noopener\">ev\u00e4stek\u00e4yt\u00e4nn\u00f6n<\/a> kanssa .<\/p>\n\n<h3 class=\"wp-block-heading\" id=\"h-cancellations\">PERUUTUKSET  <\/h3>\n\n<ol class=\"wp-block-list\">\n<li>Jos et ole yritysasiakas, sinulla on oikeus peruuttaa sopimus milloin tahansa 30 kalenterip\u00e4iv\u00e4n kuluessa siit\u00e4, kun olet vastaanottanut tavarat (katso alla).<\/li>\n\n\n\n<li>K\u00e4ytt\u00e4\u00e4ksesi peruutusoikeuttasi sinun on ilmoitettava siit\u00e4 kirjallisesti toimittajalle henkil\u00f6kohtaisesti, postitse, s\u00e4hk\u00f6postitse, sosiaalisessa mediassa tai verkkosivujen kautta ja annettava yksityiskohtaiset tiedot tilatuista tavaroista ja (tarvittaessa) niiden toimituksesta. Ilmoitus puhelimitse ei riit\u00e4. <\/li>\n\n\n\n<li>Jos k\u00e4yt\u00e4t peruutusoikeuttasi sen j\u00e4lkeen, kun tavarat on toimitettu sinulle, olet vastuussa tavaroiden palauttamisesta toimittajalle omalla kustannuksellasi, paitsi jos kyseess\u00e4 on virheellinen tai v\u00e4\u00e4rin kuvattu tavara. Tavarat on palautettava toimittajan ilmoittamaan osoitteeseen. Sinun on huolehdittava kohtuullisen huolellisesti siit\u00e4, ett\u00e4 tavarat eiv\u00e4t vahingoitu sill\u00e4 v\u00e4lin tai kuljetuksen aikana.  \n<ol class=\"wp-block-list\">\n<li>Viallisen tai virheellisesti kuvatun tavaran tapauksessa Toimittaja joko noutaa tavaran sinulta tai pyyt\u00e4\u00e4 sinua palauttamaan tavaran itse saatuaan siit\u00e4 ilmoituksen k\u00e4ytt\u00f6ehtojen mukaisesti ja antaa sinulle hyv\u00e4ksytt\u00e4v\u00e4n palautusmenetelm\u00e4n.  <\/li>\n<\/ol>\n<\/li>\n\n\n\n<li>Kuljetuksen aikana peruutetusta tilauksesta veloitetaan tavanomainen peruutusmaksu sek\u00e4 ylim\u00e4\u00e4r\u00e4iset kuljetuskustannukset asiakkaan kustannuksella.<\/li>\n<\/ol>\n\n<h3 class=\"wp-block-heading\" id=\"h-returns\">PALAUTUKSET<\/h3>\n\n<ol class=\"wp-block-list\">\n<li>Henkil\u00f6kohtaisia tuotteita ei palauteta. Huomaa, ett\u00e4 t\u00e4m\u00e4 ei vaikuta lakis\u00e4\u00e4teisiin oikeuksiisi.<\/li>\n\n\n\n<li>Et\u00e4myynti\u00e4 koskevien s\u00e4\u00e4nn\u00f6sten mukainen peruutusoikeus ei koske tietokonej\u00e4rjestelmi\u00e4, jotka on rakennettu asiakkaan yksil\u00f6llisten eritelmien mukaan.<\/li>\n\n\n\n<li>Tavaroiden on oltava alkuper\u00e4ispakkauksessa, jos se on osa tavaroita, esimerkiksi laatikoituja tavaroita). Sinulla on lakis\u00e4\u00e4teinen velvollisuus huolehtia kohtuullisesti tavaroista, kun ne ovat hallussasi. Jos et noudata t\u00e4t\u00e4 velvollisuutta, toimittajalla voi olla oikeus vaatia sinulta korvausta, joka on enint\u00e4\u00e4n 50 % tavaran arvosta (palautusmaksu). T\u00e4m\u00e4 koskee kaikkia palautettavia tavaroita.   <\/li>\n\n\n\n<li>Saatuaan RMA-numeron ja palautusohjeet asiakkaan on varmistettava, ett\u00e4 tuote toimitetaan palautusohjeissa mainittuun toimittajan osoitteeseen. Toimittaja ei ota vastuuta puuttuvista tai v\u00e4\u00e4rin toimitetuista tuotteista. Suosittelemme, ett\u00e4 kaikki palautukset l\u00e4hetet\u00e4\u00e4n toimittajalle Tracked, Signed and Insured -menetelm\u00e4ll\u00e4.  <\/li>\n\n\n\n<li><a href=\"https:\/\/www.legislation.gov.uk\/ukpga\/2015\/15\/contents\/enacted\" target=\"_blank\" rel=\"noreferrer noopener\">Consumer Rights Act 2015<\/a>-lain mukaisesti toimittaja ei palauta mit\u00e4\u00e4n erikoiskuljetusmaksuja.<\/li>\n\n\n\n<li>Jos palautusoikeuden k\u00e4ytt\u00e4mist\u00e4 koskevan pyynn\u00f6n yhteydess\u00e4 ilmoitetaan vika, jota ei ole laitteessa, toimittaja pid\u00e4tt\u00e4\u00e4 oikeuden pid\u00e4tt\u00e4\u00e4 enint\u00e4\u00e4n 10 punnan suuruisen summan tai 5 % tuotteen hinnasta asiakkaalle toimitetun ennakkomaksullisen etiketin osalta.<\/li>\n\n\n\n<li>Jos sinulle maksetaan palautus tai hyvitys, Toimittaja siirt\u00e4\u00e4 rahat k\u00e4ytt\u00e4en samaa menetelm\u00e4\u00e4, jota olet alun perin k\u00e4ytt\u00e4nyt ostoksesi maksamiseen. Jos Toimittaja ei voi palauttaa rahaa alkuper\u00e4isell\u00e4 maksutavalla, sinuun otetaan yhteytt\u00e4 vaihtoehtoisen maksutavan j\u00e4rjest\u00e4miseksi. <\/li>\n\n\n\n<li>Jos et ole pit\u00e4nyt tavaroista kohtuullista huolta, toimittaja pid\u00e4tt\u00e4\u00e4 oikeuden kielt\u00e4yty\u00e4 hyvityksest\u00e4 ja palauttaa tavarat sinulle omalla kustannuksellasi.<\/li>\n\n\n\n<li>Palautuksiin ei sis\u00e4lly asianomaisille viranomaisille jo maksettu maahantuonnin arvonlis\u00e4vero\/tullit.<\/li>\n<\/ol>\n\n<p><\/p>\n","protected":false},"excerpt":{"rendered":"<p>Seuraavat k\u00e4ytt\u00f6ehdot ja -ehdot on otettava huomioon yhdess\u00e4 (pariksi), &#8220;yhten\u00e4&#8221; palveluehtojen, tietosuojak\u00e4yt\u00e4nn\u00f6n ja ev\u00e4stek\u00e4yt\u00e4nn\u00f6n kanssa . PERUUTUKSET PALAUTUKSET<\/p>\n","protected":false},"author":1,"featured_media":0,"parent":0,"menu_order":0,"comment_status":"closed","ping_status":"closed","template":"template-fullwidth.php","meta":{"_acf_changed":false,"footnotes":""},"class_list":["post-381815","page","type-page","status-publish","hentry"],"acf":[],"aioseo_notices":[],"_links":{"self":[{"href":"https:\/\/gpdstore.net\/fi\/wp-json\/wp\/v2\/pages\/381815","targetHints":{"allow":["GET"]}}],"collection":[{"href":"https:\/\/gpdstore.net\/fi\/wp-json\/wp\/v2\/pages"}],"about":[{"href":"https:\/\/gpdstore.net\/fi\/wp-json\/wp\/v2\/types\/page"}],"author":[{"embeddable":true,"href":"https:\/\/gpdstore.net\/fi\/wp-json\/wp\/v2\/users\/1"}],"replies":[{"embeddable":true,"href":"https:\/\/gpdstore.net\/fi\/wp-json\/wp\/v2\/comments?post=381815"}],"version-history":[{"count":0,"href":"https:\/\/gpdstore.net\/fi\/wp-json\/wp\/v2\/pages\/381815\/revisions"}],"wp:attachment":[{"href":"https:\/\/gpdstore.net\/fi\/wp-json\/wp\/v2\/media?parent=381815"}],"curies":[{"name":"wp","href":"https:\/\/api.w.org\/{rel}","templated":true}]}}