{"id":381633,"date":"2023-03-23T16:49:44","date_gmt":"2023-03-23T16:49:44","guid":{"rendered":"https:\/\/gpdstore.net\/evastekaytanto\/"},"modified":"2024-12-11T13:43:03","modified_gmt":"2024-12-11T13:43:03","slug":"evastekaytanto","status":"publish","type":"page","link":"https:\/\/gpdstore.net\/fi\/evastekaytanto\/","title":{"rendered":"Ev\u00e4stek\u00e4yt\u00e4nt\u00f6"},"content":{"rendered":"\n<p>Seuraavat ev\u00e4stek\u00e4yt\u00e4nn\u00f6t on otettava huomioon yhdess\u00e4 (pariksi), &#8220;yhten\u00e4&#8221; <a href=\"https:\/\/gpdstore.net\/fi\/kayttoehdot\/\" target=\"_blank\" data-type=\"URL\" data-id=\"\/terms-of-service\/\" rel=\"noreferrer noopener\">k\u00e4ytt\u00f6ehtojen<\/a>, <a href=\"https:\/\/gpdstore.net\/fi\/palautus-ja-palautuskaytanto\/\" target=\"_blank\" data-type=\"URL\" data-id=\"\/refund-and-returns-policy\/\" rel=\"noreferrer noopener\">palautus- ja hyvitysk\u00e4yt\u00e4nt\u00f6jen<\/a> sek\u00e4 <a href=\"https:\/\/gpdstore.net\/fi\/tietosuojakaytanto\/\" target=\"_blank\" data-type=\"URL\" data-id=\"\/privacy-policy\/\" rel=\"noreferrer noopener\">tietosuojak\u00e4yt\u00e4nt\u00f6jen<\/a> kanssa.<\/p>\n\n<ol class=\"wp-block-list\">\n<li>N\u00e4it\u00e4 myyntiehtoja sovelletaan kaikkiin DroiX US Corp:n (toimittaja) toimittamiin tavaroihin.\n<ol class=\"wp-block-list\">\n<li>T\u00e4ss\u00e4 sopimuksessa viitataan seuraaviin: Me (DroiX US Corp) olemme toimittaja, ja sin\u00e4 (asiakas) olet toimittaja.<\/li>\n<\/ol>\n<\/li>\n<\/ol>\n\n<ol class=\"wp-block-list\">\n<li>Toimittajan verkkosivusto k\u00e4ytt\u00e4\u00e4 ev\u00e4steit\u00e4 erottaakseen asiakkaan eli sinut muista verkkosivuston k\u00e4ytt\u00e4jist\u00e4. T\u00e4m\u00e4 auttaa Toimittajaa tarjoamaan sinulle hyv\u00e4n k\u00e4ytt\u00f6kokemuksen, kun selaat Toimittajan verkkosivustoa, ja antaa Toimittajalle my\u00f6s mahdollisuuden parantaa sivustoamme. Jatkamalla sivuston selaamista hyv\u00e4ksyt, ett\u00e4 Toimittaja k\u00e4ytt\u00e4\u00e4 ev\u00e4steit\u00e4.  <\/li>\n\n\n\n<li>Ev\u00e4ste on pieni kirjaimista ja numeroista koostuva tiedosto, jonka toimittaja tallentaa selaimeesi tai tietokoneesi tai matkapuhelimesi kiintolevylle, jos suostut siihen. Ev\u00e4steet sis\u00e4lt\u00e4v\u00e4t tietoja, jotka siirret\u00e4\u00e4n tietokoneesi kiintolevylle. <\/li>\n\n\n\n<li>Toimittaja k\u00e4ytt\u00e4\u00e4 seuraavia ev\u00e4steit\u00e4:\n<ol class=\"wp-block-list\">\n<li>Ehdottoman v\u00e4ltt\u00e4m\u00e4tt\u00f6m\u00e4t ev\u00e4steet. N\u00e4m\u00e4 ovat ev\u00e4steit\u00e4, jotka ovat v\u00e4ltt\u00e4m\u00e4tt\u00f6mi\u00e4 toimittajan verkkosivuston toiminnan kannalta. Niihin kuuluvat esimerkiksi ev\u00e4steet, joiden avulla voit kirjautua toimittajan verkkosivuston suojatuille alueille ja suorittaa maksutapahtumia.  <\/li>\n\n\n\n<li>Analyyttiset\/suorituskykyyn liittyv\u00e4t ev\u00e4steet. Niiden avulla toimittaja voi tunnistaa ja laskea k\u00e4vij\u00f6iden m\u00e4\u00e4r\u00e4n ja n\u00e4hd\u00e4, miten k\u00e4vij\u00e4t liikkuvat toimittajan verkkosivustolla, kun he k\u00e4ytt\u00e4v\u00e4t sit\u00e4. T\u00e4m\u00e4 auttaa Toimittajaa parantamaan verkkosivuston toimintaa esimerkiksi varmistamalla, ett\u00e4 k\u00e4ytt\u00e4j\u00e4t l\u00f6yt\u00e4v\u00e4t etsim\u00e4ns\u00e4 helposti ja vaivattomasti.  <\/li>\n\n\n\n<li>Toimittaja k\u00e4ytt\u00e4\u00e4 Google Analyticsin ev\u00e4steit\u00e4. Google Analytics ker\u00e4\u00e4 tietoja nimett\u00f6m\u00e4sti. Se raportoi verkkosivuston trendej\u00e4 tunnistamatta yksitt\u00e4isi\u00e4 k\u00e4vij\u00f6it\u00e4. Voit poistaa Google Analyticsin k\u00e4yt\u00f6st\u00e4 vaikuttamatta siihen, miten vierailet t\u00e4ll\u00e4 sivustolla. Lis\u00e4tietoja Google Analyticsista saat napsauttamalla t\u00e4st\u00e4.    <\/li>\n\n\n\n<li>Kohdistetut ev\u00e4steet. N\u00e4m\u00e4 ev\u00e4steet tallentavat vierailusi toimittajan verkkosivustolla, sivut, joilla olet vieraillut, ja linkit, joita olet seurannut. Toimittaja k\u00e4ytt\u00e4\u00e4 n\u00e4it\u00e4 tietoja tehd\u00e4kseen verkkosivustosta ja siell\u00e4 n\u00e4ytett\u00e4v\u00e4st\u00e4 mainonnasta kiinnostuksen kohteitasi paremmin vastaavaa. Toimittaja voi my\u00f6s jakaa n\u00e4it\u00e4 tietoja kolmansien osapuolten kanssa t\u00e4t\u00e4 tarkoitusta varten.   <\/li>\n<\/ol>\n<\/li>\n\n\n\n<li>Huomaa, ett\u00e4 kolmannet osapuolet (mukaan lukien esimerkiksi mainosverkostot ja ulkoisten palvelujen, kuten verkkoliikenteen analysointipalvelujen, tarjoajat) voivat my\u00f6s k\u00e4ytt\u00e4\u00e4 ev\u00e4steit\u00e4, joihin Toimittaja ei voi vaikuttaa. N\u00e4m\u00e4 ev\u00e4steet ovat todenn\u00e4k\u00f6isesti analyysi-\/suorituskykyev\u00e4steit\u00e4 tai kohdentamisev\u00e4steit\u00e4. <\/li>\n\n\n\n<li>Voit est\u00e4\u00e4 ev\u00e4steet ottamalla selaimessasi k\u00e4ytt\u00f6\u00f6n asetuksen, jonka avulla voit kielt\u00e4\u00e4 kaikkien tai joidenkin ev\u00e4steiden asettamisen. Jos kuitenkin est\u00e4t selaimesi asetuksilla kaikki ev\u00e4steet (mukaan lukien v\u00e4ltt\u00e4m\u00e4tt\u00f6m\u00e4t ev\u00e4steet), et ehk\u00e4 p\u00e4\u00e4se k\u00e4ytt\u00e4m\u00e4\u00e4n toimittajan verkkosivustoa kokonaan tai osittain. <\/li>\n<\/ol>\n\n<p>Ev\u00e4stek\u00e4yt\u00e4nt\u00f6\u00e4 p\u00e4ivitetty viimeksi: Maaliskuu, 2023 &#8211; 4:48PM.<\/p>\n","protected":false},"excerpt":{"rendered":"<p>Seuraavat ev\u00e4stek\u00e4yt\u00e4nn\u00f6t on otettava huomioon yhdess\u00e4 (pariksi), &#8220;yhten\u00e4&#8221; k\u00e4ytt\u00f6ehtojen, palautus- ja hyvitysk\u00e4yt\u00e4nt\u00f6jen sek\u00e4 tietosuojak\u00e4yt\u00e4nt\u00f6jen kanssa. Ev\u00e4stek\u00e4yt\u00e4nt\u00f6\u00e4 p\u00e4ivitetty viimeksi: Maaliskuu, 2023 &#8211; 4:48PM.<\/p>\n","protected":false},"author":1,"featured_media":0,"parent":0,"menu_order":0,"comment_status":"closed","ping_status":"closed","template":"template-fullwidth.php","meta":{"_acf_changed":false,"footnotes":""},"class_list":["post-381633","page","type-page","status-publish","hentry"],"acf":[],"aioseo_notices":[],"_links":{"self":[{"href":"https:\/\/gpdstore.net\/fi\/wp-json\/wp\/v2\/pages\/381633","targetHints":{"allow":["GET"]}}],"collection":[{"href":"https:\/\/gpdstore.net\/fi\/wp-json\/wp\/v2\/pages"}],"about":[{"href":"https:\/\/gpdstore.net\/fi\/wp-json\/wp\/v2\/types\/page"}],"author":[{"embeddable":true,"href":"https:\/\/gpdstore.net\/fi\/wp-json\/wp\/v2\/users\/1"}],"replies":[{"embeddable":true,"href":"https:\/\/gpdstore.net\/fi\/wp-json\/wp\/v2\/comments?post=381633"}],"version-history":[{"count":0,"href":"https:\/\/gpdstore.net\/fi\/wp-json\/wp\/v2\/pages\/381633\/revisions"}],"wp:attachment":[{"href":"https:\/\/gpdstore.net\/fi\/wp-json\/wp\/v2\/media?parent=381633"}],"curies":[{"name":"wp","href":"https:\/\/api.w.org\/{rel}","templated":true}]}}