{"id":1199135,"date":"2025-06-25T09:21:48","date_gmt":"2025-06-25T09:21:48","guid":{"rendered":"https:\/\/gpdstore.net\/myymalamme\/"},"modified":"2025-10-12T20:21:47","modified_gmt":"2025-10-12T20:21:47","slug":"our-stores","status":"publish","type":"page","link":"https:\/\/gpdstore.net\/fi\/our-stores\/","title":{"rendered":"Myym\u00e4l\u00e4mme"},"content":{"rendered":"\t\t<div data-elementor-type=\"wp-page\" data-elementor-id=\"1199135\" class=\"elementor elementor-1199135 elementor-1138381\" data-elementor-settings=\"{&quot;element_pack_global_tooltip_width&quot;:{&quot;unit&quot;:&quot;px&quot;,&quot;size&quot;:&quot;&quot;,&quot;sizes&quot;:[]},&quot;element_pack_global_tooltip_width_tablet&quot;:{&quot;unit&quot;:&quot;px&quot;,&quot;size&quot;:&quot;&quot;,&quot;sizes&quot;:[]},&quot;element_pack_global_tooltip_width_mobile&quot;:{&quot;unit&quot;:&quot;px&quot;,&quot;size&quot;:&quot;&quot;,&quot;sizes&quot;:[]},&quot;element_pack_global_tooltip_padding&quot;:{&quot;unit&quot;:&quot;px&quot;,&quot;top&quot;:&quot;&quot;,&quot;right&quot;:&quot;&quot;,&quot;bottom&quot;:&quot;&quot;,&quot;left&quot;:&quot;&quot;,&quot;isLinked&quot;:true},&quot;element_pack_global_tooltip_padding_tablet&quot;:{&quot;unit&quot;:&quot;px&quot;,&quot;top&quot;:&quot;&quot;,&quot;right&quot;:&quot;&quot;,&quot;bottom&quot;:&quot;&quot;,&quot;left&quot;:&quot;&quot;,&quot;isLinked&quot;:true},&quot;element_pack_global_tooltip_padding_mobile&quot;:{&quot;unit&quot;:&quot;px&quot;,&quot;top&quot;:&quot;&quot;,&quot;right&quot;:&quot;&quot;,&quot;bottom&quot;:&quot;&quot;,&quot;left&quot;:&quot;&quot;,&quot;isLinked&quot;:true},&quot;element_pack_global_tooltip_border_radius&quot;:{&quot;unit&quot;:&quot;px&quot;,&quot;top&quot;:&quot;&quot;,&quot;right&quot;:&quot;&quot;,&quot;bottom&quot;:&quot;&quot;,&quot;left&quot;:&quot;&quot;,&quot;isLinked&quot;:true},&quot;element_pack_global_tooltip_border_radius_tablet&quot;:{&quot;unit&quot;:&quot;px&quot;,&quot;top&quot;:&quot;&quot;,&quot;right&quot;:&quot;&quot;,&quot;bottom&quot;:&quot;&quot;,&quot;left&quot;:&quot;&quot;,&quot;isLinked&quot;:true},&quot;element_pack_global_tooltip_border_radius_mobile&quot;:{&quot;unit&quot;:&quot;px&quot;,&quot;top&quot;:&quot;&quot;,&quot;right&quot;:&quot;&quot;,&quot;bottom&quot;:&quot;&quot;,&quot;left&quot;:&quot;&quot;,&quot;isLinked&quot;:true}}\" data-elementor-post-type=\"page\">\n\t\t\t\t\t\t<section class=\"elementor-section elementor-top-section elementor-element elementor-element-06a22ac elementor-section-boxed elementor-section-height-default elementor-section-height-default\" data-id=\"06a22ac\" data-element_type=\"section\">\n\t\t\t\t\t\t<div class=\"elementor-container elementor-column-gap-default\">\n\t\t\t\t\t<div class=\"elementor-column elementor-col-100 elementor-top-column elementor-element elementor-element-bd162b1\" data-id=\"bd162b1\" data-element_type=\"column\">\n\t\t\t<div class=\"elementor-widget-wrap elementor-element-populated\">\n\t\t\t\t\t\t<div class=\"elementor-element elementor-element-a26bb33 elementor-widget elementor-widget-image\" data-id=\"a26bb33\" data-element_type=\"widget\" data-widget_type=\"image.default\">\n\t\t\t\t<div class=\"elementor-widget-container\">\n\t\t\t\t\t\t\t\t\t\t\t\t\t\t\t<img fetchpriority=\"high\" decoding=\"async\" width=\"1600\" height=\"300\" src=\"https:\/\/gpdstore.net\/wp-content\/uploads\/2025\/06\/Hero-Website.gif\" class=\"attachment-full size-full wp-image-1138396\" alt=\"\" sizes=\"\" \/>\t\t\t\t\t\t\t\t\t\t\t\t\t\t\t<\/div>\n\t\t\t\t<\/div>\n\t\t\t\t<div class=\"elementor-element elementor-element-e831356 elementor-widget elementor-widget-heading\" data-id=\"e831356\" data-element_type=\"widget\" data-widget_type=\"heading.default\">\n\t\t\t\t<div class=\"elementor-widget-container\">\n\t\t\t\t\t<h2 class=\"elementor-heading-title elementor-size-default\">Tervetuloa DROIX-myym\u00e4l\u00e4perheeseen!<\/h2>\t\t\t\t<\/div>\n\t\t\t\t<\/div>\n\t\t\t\t\t<\/div>\n\t\t<\/div>\n\t\t\t\t\t<\/div>\n\t\t<\/section>\n\t\t\t\t<section class=\"elementor-section elementor-top-section elementor-element elementor-element-c3ea0e8 elementor-section-boxed elementor-section-height-default elementor-section-height-default\" data-id=\"c3ea0e8\" data-element_type=\"section\">\n\t\t\t\t\t\t<div class=\"elementor-container elementor-column-gap-default\">\n\t\t\t\t\t<div class=\"elementor-column elementor-col-100 elementor-top-column elementor-element elementor-element-8c7d9ad\" data-id=\"8c7d9ad\" data-element_type=\"column\">\n\t\t\t<div class=\"elementor-widget-wrap elementor-element-populated\">\n\t\t\t\t\t\t<div class=\"elementor-element elementor-element-2d570c8 elementor-widget elementor-widget-text-editor\" data-id=\"2d570c8\" data-element_type=\"widget\" data-widget_type=\"text-editor.default\">\n\t\t\t\t<div class=\"elementor-widget-container\">\n\t\t\t\t\t\t\t\t\t<p>Tutustu virallisten DROIX-verkkokauppojen verkostoon. Olitpa sitten Isossa-Britanniassa, Euroopassa tai miss\u00e4 p\u00e4in maailmaa tahansa, meill\u00e4 on oma myym\u00e4l\u00e4mme, joka palvelee sinua parhaiten &#8211; mukaan lukien tuotekohtaiset myym\u00e4l\u00e4t AYANEO- ja GPD-k\u00e4sikonsoleille. <\/p>\t\t\t\t\t\t\t\t<\/div>\n\t\t\t\t<\/div>\n\t\t\t\t\t<\/div>\n\t\t<\/div>\n\t\t\t\t\t<\/div>\n\t\t<\/section>\n\t\t\t\t<section class=\"elementor-section elementor-top-section elementor-element elementor-element-10b4cb0 elementor-section-boxed elementor-section-height-default elementor-section-height-default\" data-id=\"10b4cb0\" data-element_type=\"section\">\n\t\t\t\t\t\t<div class=\"elementor-container elementor-column-gap-default\">\n\t\t\t\t\t<div class=\"elementor-column elementor-col-50 elementor-top-column elementor-element elementor-element-7cc3ca2\" data-id=\"7cc3ca2\" data-element_type=\"column\">\n\t\t\t<div class=\"elementor-widget-wrap elementor-element-populated\">\n\t\t\t\t\t\t<div class=\"elementor-element elementor-element-c1fdbdf elementor-widget elementor-widget-image\" data-id=\"c1fdbdf\" data-element_type=\"widget\" data-widget_type=\"image.default\">\n\t\t\t\t<div class=\"elementor-widget-container\">\n\t\t\t\t\t\t\t\t\t\t\t\t\t\t\t\t<a href=\"https:\/\/droix.co.uk\/\">\n\t\t\t\t\t\t\t<img decoding=\"async\" width=\"320\" height=\"120\" src=\"https:\/\/gpdstore.net\/wp-content\/uploads\/2025\/06\/COUK.jpg\" class=\"attachment-full size-full wp-image-1138156\" alt=\"\" srcset=\"https:\/\/gpdstore.net\/wp-content\/uploads\/2025\/06\/COUK.jpg 320w, https:\/\/gpdstore.net\/wp-content\/uploads\/2025\/06\/COUK-150x56.jpg 150w\" sizes=\"(max-width: 320px) 100vw, 320px\" \/>\t\t\t\t\t\t\t\t<\/a>\n\t\t\t\t\t\t\t\t\t\t\t\t\t\t\t<\/div>\n\t\t\t\t<\/div>\n\t\t\t\t<div class=\"elementor-element elementor-element-85aefe7 elementor-widget elementor-widget-text-editor\" data-id=\"85aefe7\" data-element_type=\"widget\" data-widget_type=\"text-editor.default\">\n\t\t\t\t<div class=\"elementor-widget-container\">\n\t\t\t\t\t\t\t\t\t<p data-pm-slice=\"0 0 []\">Yhdistyneen kuningaskunnan myym\u00e4l\u00e4mme, joka on suunniteltu varmistamaan sujuvat tilaukset, Yhdistyneen kuningaskunnan arvonlis\u00e4veron noudattaminen ja paikalliset ker\u00e4ykset.<\/p>\t\t\t\t\t\t\t\t<\/div>\n\t\t\t\t<\/div>\n\t\t\t\t<div class=\"elementor-element elementor-element-ba1f985 elementor-widget elementor-widget-image\" data-id=\"ba1f985\" data-element_type=\"widget\" data-widget_type=\"image.default\">\n\t\t\t\t<div class=\"elementor-widget-container\">\n\t\t\t\t\t\t\t\t\t\t\t\t\t\t\t\t<a href=\"https:\/\/droix.eu\/\">\n\t\t\t\t\t\t\t<img decoding=\"async\" width=\"320\" height=\"120\" src=\"https:\/\/gpdstore.net\/wp-content\/uploads\/2025\/06\/EU.jpg\" class=\"attachment-full size-full wp-image-1138228\" alt=\"\" srcset=\"https:\/\/gpdstore.net\/wp-content\/uploads\/2025\/06\/EU.jpg 320w, https:\/\/gpdstore.net\/wp-content\/uploads\/2025\/06\/EU-150x56.jpg 150w\" sizes=\"(max-width: 320px) 100vw, 320px\" \/>\t\t\t\t\t\t\t\t<\/a>\n\t\t\t\t\t\t\t\t\t\t\t\t\t\t\t<\/div>\n\t\t\t\t<\/div>\n\t\t\t\t<div class=\"elementor-element elementor-element-a796e00 elementor-widget elementor-widget-text-editor\" data-id=\"a796e00\" data-element_type=\"widget\" data-widget_type=\"text-editor.default\">\n\t\t\t\t<div class=\"elementor-widget-container\">\n\t\t\t\t\t\t\t\t\t<p data-pm-slice=\"0 0 []\">EU:n verkkokauppa, joka on suunniteltu varmistamaan sujuvat tilaukset, EU:n arvonlis\u00e4veron noudattaminen ja nopeampi toimitus kaikkialla Euroopassa.<\/p>\t\t\t\t\t\t\t\t<\/div>\n\t\t\t\t<\/div>\n\t\t\t\t\t<\/div>\n\t\t<\/div>\n\t\t\t\t<div class=\"elementor-column elementor-col-50 elementor-top-column elementor-element elementor-element-caf4bf6\" data-id=\"caf4bf6\" data-element_type=\"column\">\n\t\t\t<div class=\"elementor-widget-wrap elementor-element-populated\">\n\t\t\t\t\t\t<div class=\"elementor-element elementor-element-618f58b elementor-widget elementor-widget-image\" data-id=\"618f58b\" data-element_type=\"widget\" data-widget_type=\"image.default\">\n\t\t\t\t<div class=\"elementor-widget-container\">\n\t\t\t\t\t\t\t\t\t\t\t\t\t\t\t\t<a href=\"https:\/\/droix.net\/\">\n\t\t\t\t\t\t\t<img loading=\"lazy\" decoding=\"async\" width=\"320\" height=\"120\" src=\"https:\/\/gpdstore.net\/wp-content\/uploads\/2025\/06\/NET.jpg\" class=\"attachment-full size-full wp-image-1138192\" alt=\"\" srcset=\"https:\/\/gpdstore.net\/wp-content\/uploads\/2025\/06\/NET.jpg 320w, https:\/\/gpdstore.net\/wp-content\/uploads\/2025\/06\/NET-150x56.jpg 150w\" sizes=\"(max-width: 320px) 100vw, 320px\" \/>\t\t\t\t\t\t\t\t<\/a>\n\t\t\t\t\t\t\t\t\t\t\t\t\t\t\t<\/div>\n\t\t\t\t<\/div>\n\t\t\t\t<div class=\"elementor-element elementor-element-8c65a9e elementor-widget elementor-widget-text-editor\" data-id=\"8c65a9e\" data-element_type=\"widget\" data-widget_type=\"text-editor.default\">\n\t\t\t\t<div class=\"elementor-widget-container\">\n\t\t\t\t\t\t\t\t\t<p data-pm-slice=\"0 0 []\">Palvelemme asiakkaita Yhdistyneen kuningaskunnan ja EU:n ulkopuolella.  <span style=\"background-color: transparent;\">Paras valinta maailmanlaajuiselle toimitukselle, verovapaalle kassalle (soveltuvin osin) ja maailmanlaajuiselle tuelle.<\/span><\/p>\t\t\t\t\t\t\t\t<\/div>\n\t\t\t\t<\/div>\n\t\t\t\t<div class=\"elementor-element elementor-element-45f56db elementor-widget elementor-widget-image\" data-id=\"45f56db\" data-element_type=\"widget\" data-widget_type=\"image.default\">\n\t\t\t\t<div class=\"elementor-widget-container\">\n\t\t\t\t\t\t\t\t\t\t\t\t\t\t\t\t<a href=\"https:\/\/ayaneo.co\/\">\n\t\t\t\t\t\t\t<img loading=\"lazy\" decoding=\"async\" width=\"320\" height=\"120\" src=\"https:\/\/gpdstore.net\/wp-content\/uploads\/2025\/06\/AYANEO.jpg\" class=\"attachment-full size-full wp-image-1138264\" alt=\"\" srcset=\"https:\/\/gpdstore.net\/wp-content\/uploads\/2025\/06\/AYANEO.jpg 320w, https:\/\/gpdstore.net\/wp-content\/uploads\/2025\/06\/AYANEO-150x56.jpg 150w\" sizes=\"(max-width: 320px) 100vw, 320px\" \/>\t\t\t\t\t\t\t\t<\/a>\n\t\t\t\t\t\t\t\t\t\t\t\t\t\t\t<\/div>\n\t\t\t\t<\/div>\n\t\t\t\t<div class=\"elementor-element elementor-element-aab7cc7 elementor-widget elementor-widget-text-editor\" data-id=\"aab7cc7\" data-element_type=\"widget\" data-widget_type=\"text-editor.default\">\n\t\t\t\t<div class=\"elementor-widget-container\">\n\t\t\t\t\t\t\t\t\t<p data-pm-slice=\"0 0 []\">DROIXin virallinen AYANEO-myym\u00e4l\u00e4, jossa on uusimmat huippuluokan kannettavat pelitietokoneet, tarvikkeet ja ennakkotilaukset.<\/p>\t\t\t\t\t\t\t\t<\/div>\n\t\t\t\t<\/div>\n\t\t\t\t\t<\/div>\n\t\t<\/div>\n\t\t\t\t\t<\/div>\n\t\t<\/section>\n\t\t\t\t<section class=\"elementor-section elementor-top-section elementor-element elementor-element-32e5b8e elementor-section-boxed elementor-section-height-default elementor-section-height-default\" data-id=\"32e5b8e\" data-element_type=\"section\">\n\t\t\t\t\t\t<div class=\"elementor-container elementor-column-gap-default\">\n\t\t\t\t\t<div class=\"elementor-column elementor-col-100 elementor-top-column elementor-element elementor-element-6998760\" data-id=\"6998760\" data-element_type=\"column\">\n\t\t\t<div class=\"elementor-widget-wrap elementor-element-populated\">\n\t\t\t\t\t\t<div class=\"elementor-element elementor-element-61dde30 elementor-widget elementor-widget-heading\" data-id=\"61dde30\" data-element_type=\"widget\" data-widget_type=\"heading.default\">\n\t\t\t\t<div class=\"elementor-widget-container\">\n\t\t\t\t\t<h2 class=\"elementor-heading-title elementor-size-default\">Miksi tehd\u00e4 ostoksia DROIXin kanssa?<\/h2>\t\t\t\t<\/div>\n\t\t\t\t<\/div>\n\t\t\t\t<div class=\"elementor-element elementor-element-a6c1f96 elementor-widget elementor-widget-text-editor\" data-id=\"a6c1f96\" data-element_type=\"widget\" data-widget_type=\"text-editor.default\">\n\t\t\t\t<div class=\"elementor-widget-container\">\n\t\t\t\t\t\t\t\t\t<p>Me DROIXilla emme ole vain yksi verkkokauppa &#8211; olemme luotettu nimi suorituskykyisen tekniikan alalla, jonka takana on satoja tyytyv\u00e4isi\u00e4 asiakkaita ja vuosien kokemus kannettavista pelitietokoneista, minitietokoneista, ultrabookeista, Android-laitteista ja muusta. Satojen positiivisten, varmennettujen arvostelujen ansiosta palvelumme puhuu puolestaan. Olemme ylpeit\u00e4 siit\u00e4, ett\u00e4 varmistamme parhaan asiakaskokemuksen tarjoamisen aina ensimm\u00e4isest\u00e4 klikkauksesta myynnin j\u00e4lkeiseen tukeen.  <\/p>\t\t\t\t\t\t\t\t<\/div>\n\t\t\t\t<\/div>\n\t\t\t\t<div class=\"elementor-element elementor-element-d5663c7 elementor-widget elementor-widget-image\" data-id=\"d5663c7\" data-element_type=\"widget\" data-widget_type=\"image.default\">\n\t\t\t\t<div class=\"elementor-widget-container\">\n\t\t\t\t\t\t\t\t\t\t\t\t\t\t\t<img loading=\"lazy\" decoding=\"async\" width=\"768\" height=\"768\" src=\"https:\/\/gpdstore.net\/wp-content\/uploads\/2025\/06\/DROIX-REVIEWS-768x768.png\" class=\"attachment-medium_large size-medium_large wp-image-1138433\" alt=\"\" srcset=\"https:\/\/gpdstore.net\/wp-content\/uploads\/2025\/06\/DROIX-REVIEWS-768x768.png 768w, https:\/\/gpdstore.net\/wp-content\/uploads\/2025\/06\/DROIX-REVIEWS-600x600.png 600w, https:\/\/gpdstore.net\/wp-content\/uploads\/2025\/06\/DROIX-REVIEWS-150x150.png 150w, https:\/\/gpdstore.net\/wp-content\/uploads\/2025\/06\/DROIX-REVIEWS-65x65.png 65w, https:\/\/gpdstore.net\/wp-content\/uploads\/2025\/06\/DROIX-REVIEWS-360x360.png 360w, https:\/\/gpdstore.net\/wp-content\/uploads\/2025\/06\/DROIX-REVIEWS-990x990.png 990w, https:\/\/gpdstore.net\/wp-content\/uploads\/2025\/06\/DROIX-REVIEWS-441x441.png 441w, https:\/\/gpdstore.net\/wp-content\/uploads\/2025\/06\/DROIX-REVIEWS-100x100.png 100w, https:\/\/gpdstore.net\/wp-content\/uploads\/2025\/06\/DROIX-REVIEWS.png 1200w\" sizes=\"(max-width: 768px) 100vw, 768px\" \/>\t\t\t\t\t\t\t\t\t\t\t\t\t\t\t<\/div>\n\t\t\t\t<\/div>\n\t\t\t\t\t<\/div>\n\t\t<\/div>\n\t\t\t\t\t<\/div>\n\t\t<\/section>\n\t\t\t\t<\/div>\n\t\t","protected":false},"excerpt":{"rendered":"<p>Tervetuloa DROIX-myym\u00e4l\u00e4perheeseen! Tutustu virallisten DROIX-verkkokauppojen verkostoon. Olitpa sitten Isossa-Britanniassa, Euroopassa tai miss\u00e4 p\u00e4in maailmaa tahansa, meill\u00e4 on oma myym\u00e4l\u00e4mme, joka palvelee sinua parhaiten &#8211; mukaan lukien tuotekohtaiset myym\u00e4l\u00e4t AYANEO- ja GPD-k\u00e4sikonsoleille. Yhdistyneen kuningaskunnan myym\u00e4l\u00e4mme, joka on suunniteltu varmistamaan sujuvat tilaukset, Yhdistyneen kuningaskunnan arvonlis\u00e4veron noudattaminen ja paikalliset ker\u00e4ykset. EU:n verkkokauppa, joka on suunniteltu varmistamaan sujuvat tilaukset, [&hellip;]<\/p>\n","protected":false},"author":58,"featured_media":0,"parent":0,"menu_order":0,"comment_status":"closed","ping_status":"closed","template":"elementor_header_footer","meta":{"_acf_changed":false,"footnotes":""},"class_list":["post-1199135","page","type-page","status-publish","hentry"],"acf":[],"aioseo_notices":[],"_links":{"self":[{"href":"https:\/\/gpdstore.net\/fi\/wp-json\/wp\/v2\/pages\/1199135","targetHints":{"allow":["GET"]}}],"collection":[{"href":"https:\/\/gpdstore.net\/fi\/wp-json\/wp\/v2\/pages"}],"about":[{"href":"https:\/\/gpdstore.net\/fi\/wp-json\/wp\/v2\/types\/page"}],"author":[{"embeddable":true,"href":"https:\/\/gpdstore.net\/fi\/wp-json\/wp\/v2\/users\/58"}],"replies":[{"embeddable":true,"href":"https:\/\/gpdstore.net\/fi\/wp-json\/wp\/v2\/comments?post=1199135"}],"version-history":[{"count":0,"href":"https:\/\/gpdstore.net\/fi\/wp-json\/wp\/v2\/pages\/1199135\/revisions"}],"wp:attachment":[{"href":"https:\/\/gpdstore.net\/fi\/wp-json\/wp\/v2\/media?parent=1199135"}],"curies":[{"name":"wp","href":"https:\/\/api.w.org\/{rel}","templated":true}]}}