{"id":908964,"date":"2024-11-28T10:10:01","date_gmt":"2024-11-28T10:10:01","guid":{"rendered":"https:\/\/gpdstore.net\/maaratlemata\/gpd-pocket-4-kvm-moodul\/"},"modified":"2026-03-29T00:41:51","modified_gmt":"2026-03-29T00:41:51","slug":"gpd-pocket-4-kvm-module","status":"publish","type":"product","link":"https:\/\/gpdstore.net\/et\/product\/gpd-pocket-4-kvm-module\/","title":{"rendered":"GPD Pocket 4 KVM moodul"},"content":{"rendered":"\n<p>GPD Pocket 4 pakub lisavarustusena eksklusiivset KVM-moodulit, mis v\u00f5imaldab kasutajatel juhtida teisi s\u00fcsteeme.<\/p>\n\n<p><\/p>\n","protected":false},"excerpt":{"rendered":"<ul>\n<li><strong>Ametlik GPD tarvik<\/strong><\/li>\n<li><strong>KVM<\/strong> laiendusmoodul<\/li>\n<li>HDMI ja<strong> USB-C<\/strong> pordid<\/li>\n<li>Lihtne paigaldada<strong> GPD Pocket 4<\/strong>-sse<\/li>\n<\/ul>\n[cg_accordion title=\"MAKSUINFO\"]<\/p>\n<p>Me kasutame uusimat tehnoloogiat makset\u00f6\u00f6tluses, mis v\u00f5imaldab teil kiiret ja turvalist maksekorraldust oma deebet-\/ krediitkaardi v\u00f5i PayPali kaudu.[\/cg_accordion]\n[cg_accordion title=\"GARANTSIOON\"]<\/p>\n<p>2-aastane garantii <a href=\"https:\/\/droix.net\/\" target=\"_blank\" rel=\"nofollow noopener\">DROIX Globalilt teie meelerahu tagamiseks<\/a> [\/cg_accordion]\n[cg_accordion title=\"KVALITEEDI TAGAMINE JA L\u00c4HETAMISEELNE TESTIMINE\"]<\/p>\n<p>Klientide rahulolu tagamine k\u00f5rgeimal tasemel: Iga seade l\u00e4bib enne saatmist ranged testid ja mitmepunktilise kvaliteedikontrolli. Meie p\u00fchendunud meeskond kontrollib j\u00f5udlust, funktsionaalsust ja komponentide terviklikkust, et tagada, et teie GPD-seade on saabumisel t\u00e4iuslikus t\u00f6\u00f6korras, tagades teile kindlustunde ja meelerahu. [\/cg_accordion]\n[cg_accordion title=\"HINNAKUJUNDUS, MAKSUD JA KOHALETOIMETAMINE\"]<\/p>\n<p><strong><u>M\u00e4rkus:<\/u><\/strong><\/p>\n<ul>\n<li>Ameerika \u00dchendriikide kliendid: N\u00e4idatud hind ei sisalda makse ega tollimaksu. Vastutus tollivormistuse ja sellega seotud maksude\/tollimaksude tasumise eest lasub kliendil. <\/li>\n<li>ELi kliendid: N\u00e4idatud hind sisaldab kohaldatavat maksu, mis v\u00f5ib s\u00f5ltuvalt teie riigist olla kuni 25%.<\/li>\n<li>Kanada kliendid: N\u00e4idatud hind sisaldab kohaldatavaid makse, mis v\u00f5ivad sisaldada 5% GST ja t\u00e4iendavaid provintsi m\u00fc\u00fcgimakse (PST), \u00fchtlustatud m\u00fc\u00fcgimaksu (HST) v\u00f5i Quebeci m\u00fc\u00fcgimaksu (QST), s\u00f5ltuvalt teie provintsist.<\/li>\n<\/ul>\n<p>Meie USA klientidele: Tellimused saadetakse DAP (Delivered At Place). Kuigi kliendid vastutavad k\u00f5igi kohaldatavate tariifide tasumise eest, tugineme meie ulatuslikele kogemustele \u00dchendkuningriigist saatmisel, et tagada, et maksate v\u00f5imalikult v\u00e4he tasu. Meie andmetel ei \u00fcleta need tasud tavaliselt 10% eseme v\u00e4\u00e4rtusest.  <\/p>\n<p><strong>AINULT ELi klientidele:<\/strong> Express DDP (Delivered Duty Paid). See t\u00e4hendab: <\/p>\n<ul>\n<li>K\u00f5ik tollimaksud ja maksud sisalduvad toote lehel n\u00e4idatud hinnas.<\/li>\n<li>Te ei pea tarnimisel lisatasusid maksma.<\/li>\n<li>Harva esinevate tolliprobleemide korral tegeleb meie meeskond teie nimel tollivormistusega, et tagada sujuv tarne.<\/li>\n<p>Oluline teave tagastuste kohta:<\/p>\n<li>Kui te otsustate oma tellimuse tagastada v\u00f5i taotleda raha tagasi, siis pidage meeles, et teie eest DDP tingimuste alusel makstud makse ja tollimakse ei saa tagasi maksta.<\/li>\n<p>\u00dcksikasjalik teave <a href=\"https:\/\/droix.net\/terms-and-conditions\/\" target=\"_blank\" rel=\"nofollow noopener\">on esitatud meie Tingimustes<\/a>.\n<\/ul>\n<p>[\/cg_accordion]\n[cg_accordion title=\"KLIENDITUGI\"]<\/p>\n<p>Kas teil on k\u00fcsimus? Oleme l\u00fchikese teksti kaugusel sellest, et teie k\u00fcsimus oleks lahendatud! <\/p>\n<p>\u00dcksikasjalik teave <a href=\"https:\/\/gpdstore.net\/et\/terms-of-service\/\" target=\"_blank\" rel=\"nofollow noopener\">on esitatud meie Tingimustes<\/a>.\n<\/ul>\n<p>[\/cg_accordion]\n[cg_accordion title=\"MIDA SISALDAB\"]<\/p>\n<ul>\n<li>1x KVM moodul<\/li>\n<\/ul>\n<p>[\/cg_accordion]\n","protected":false},"featured_media":907895,"template":"","meta":{"_acf_changed":false},"product_brand":[],"product_cat":[5039],"product_tag":[14849],"woo-feed-brand":[5566],"class_list":{"0":"post-908964","1":"product","2":"type-product","3":"status-publish","4":"has-post-thumbnail","6":"product_cat-tarvikud","7":"product_tag-25xmsale-et-2","8":"product_shipping_class-low-end","9":"pa_accessory-type-add-ons-et","10":"pa_accessory-type-complementos","11":"pa_brand-gpd","12":"woo-feed-brand-gpd-et","14":"first","15":"instock","16":"sale","17":"taxable","18":"shipping-taxable","19":"purchasable","20":"product-type-simple"},"acf":[],"aioseo_notices":[],"_links":{"self":[{"href":"https:\/\/gpdstore.net\/et\/wp-json\/wp\/v2\/product\/908964","targetHints":{"allow":["GET"]}}],"collection":[{"href":"https:\/\/gpdstore.net\/et\/wp-json\/wp\/v2\/product"}],"about":[{"href":"https:\/\/gpdstore.net\/et\/wp-json\/wp\/v2\/types\/product"}],"wp:featuredmedia":[{"embeddable":true,"href":"https:\/\/gpdstore.net\/et\/wp-json\/wp\/v2\/media\/907895"}],"wp:attachment":[{"href":"https:\/\/gpdstore.net\/et\/wp-json\/wp\/v2\/media?parent=908964"}],"wp:term":[{"taxonomy":"product_brand","embeddable":true,"href":"https:\/\/gpdstore.net\/et\/wp-json\/wp\/v2\/product_brand?post=908964"},{"taxonomy":"product_cat","embeddable":true,"href":"https:\/\/gpdstore.net\/et\/wp-json\/wp\/v2\/product_cat?post=908964"},{"taxonomy":"product_tag","embeddable":true,"href":"https:\/\/gpdstore.net\/et\/wp-json\/wp\/v2\/product_tag?post=908964"},{"taxonomy":"woo-feed-brand","embeddable":true,"href":"https:\/\/gpdstore.net\/et\/wp-json\/wp\/v2\/woo-feed-brand?post=908964"}],"curies":[{"name":"wp","href":"https:\/\/api.w.org\/{rel}","templated":true}]}}