{"id":808708,"date":"2024-11-21T09:56:41","date_gmt":"2024-11-21T09:56:41","guid":{"rendered":"https:\/\/gpdstore.net\/?post_type=product&#038;p=808708"},"modified":"2025-12-23T10:03:36","modified_gmt":"2025-12-23T10:03:36","slug":"gpd-duo-protective-case","status":"publish","type":"product","link":"https:\/\/gpdstore.net\/et\/product\/gpd-duo-protective-case\/","title":{"rendered":"GPD DUO kaitsekott"},"content":{"rendered":"\n<p>Kaitske oma GPD DUO-d stiilselt <strong>ametliku GPD DUO kaitsekotiga<\/strong>. Eksklusiivselt GPD DUO jaoks loodud elegantse ja vastupidava korpusega \u00fcmbris pakub t\u00e4iuslikku kombinatsiooni funktsionaalsusest ja kaitsest. See \u00fcmbris tagab, et teie GPD DUO on turvaline ja kaitstud, olenemata sellest, kas te olete teel, reisil v\u00f5i lihtsalt hoiustate oma seadet.  <\/p>\n\n<p>Tootel on <strong>tugevast kangast v\u00e4lispind<\/strong>, mis kaitseb teie seadet v\u00e4liskahjustuste eest, ning <strong>pehme, polsterdatud sisemus<\/strong>, mis kaitseb kriimustuste ja l\u00f6\u00f6kide eest. T\u00e4nu kompaktsele disainile mahutab see h\u00f5lpsasti teie GPD DUO, j\u00e4ttes samas ruumi olulistele tarvikutele. <\/p>\n\n<p>Kohver on varustatud <strong>kahekordsete k\u00e4epidemetega<\/strong>, mis h\u00f5lbustavad kandmist, ning <strong>reguleeritava \u00f5larihmaga<\/strong>, mis annab teile v\u00f5imaluse kanda seda nii, nagu teile k\u00f5ige paremini sobib. T\u00e4nu kergele konstruktsioonile sobib see ideaalselt liikuvatele kasutajatele, kes soovivad usaldusv\u00e4\u00e4rset kaitset ilma liigse mahuta. <\/p>\n\n<h3 class=\"wp-block-heading\"><strong>Peamised omadused:<\/strong><\/h3>\n\n<ul class=\"wp-block-list\">\n<li>Ametlik GPD toode, mis on m\u00f5eldud spetsiaalselt GPD DUO jaoks.<\/li>\n\n\n\n<li>Vastupidav kanga v\u00e4lisk\u00fclg t\u00e4iustatud kaitse tagamiseks<\/li>\n\n\n\n<li>Pehme, polsterdatud sisemus kaitseb seadet kriimustuste ja l\u00f6\u00f6kide eest<\/li>\n\n\n\n<li>Topeltk\u00e4epidemed ja reguleeritav \u00f5larihm mitmek\u00fclgseks kandmiseks<\/li>\n\n\n\n<li>Kompaktne ja kerge disain maksimaalse kaasaskantavuse tagamiseks<\/li>\n<\/ul>\n\n<p>V\u00f5ta oma GPD DUO \u00fcksk\u00f5ik kuhu julgelt kaasa, teades, et see on kaitstud \u00fcmbrisega, milles on \u00fchendatud praktilisus, vastupidavus ja stiil.<\/p>\n\n<p><\/p>\n","protected":false},"excerpt":{"rendered":"<ul>\n<li>Ametlik <strong>GPD<\/strong> toode<\/li>\n<li>M\u00f5eldud spetsiaalselt <strong>GPD DUO<\/strong> jaoks<\/li>\n<li>Vastupidav kanga v\u00e4lisk\u00fclg t\u00e4iustatud kaitse tagamiseks<\/li>\n<li>Pehme, polsterdatud sisemus kriimustuste ja l\u00f6\u00f6kide v\u00e4ltimiseks<\/li>\n<li>Sisaldab nii topeltk\u00e4epidemeid kui ka reguleeritavat \u00f5larihma mitmek\u00fclgsete kandmisv\u00f5imaluste jaoks.<\/li>\n<\/ul>\n[cg_accordion title=\"MAKSUINFO\"]<\/p>\n<p>Me kasutame uusimat makset\u00f6\u00f6tlustehnoloogiat, mis v\u00f5imaldab teil kiiret ja turvalist maksmist Apple Pay, Google Pay, deebet-\/krediitkaardi, PayPali v\u00f5i BNPL-meetodite, nagu Klarna, Affirm v\u00f5i AfterPay kaudu.[\/cg_accordion]\n[cg_accordion title=\"GARANTSIOON\"]<\/p>\n<p>2-aastane garantii <a href=\"https:\/\/droix.net\/\" target=\"_blank\" rel=\"nofollow noopener\">DROIX Globalilt<\/a> teie meelerahu tagamiseks[\/cg_accordion]\n[cg_accordion title=\"HINNAKUJUNDUS, MAKSUD JA KOHALETOIMETAMINE\"]<\/p>\n<p><strong><u>M\u00e4rkus:<\/u><\/strong><\/p>\n<ul>\n<li>Ameerika \u00dchendriikide kliendid: N\u00e4idatud hind ei sisalda makse ega tollimaksu. Tollivormistuse ja sellega seotud maksude\/tollimaksude tasumise kohustus lasub kliendil. <\/li>\n<li>ELi kliendid: N\u00e4idatud hind sisaldab kohaldatavat MAKSU, mis v\u00f5ib s\u00f5ltuvalt teie riigist olla kuni 25%.<\/li>\n<li>Kanada kliendid: N\u00e4idatud hind sisaldab kohaldatavaid makse, mis v\u00f5ivad sisaldada 5% GST ja t\u00e4iendavaid provintsi m\u00fc\u00fcgimakse (PST), \u00fchtlustatud m\u00fc\u00fcgimaksu (HST) v\u00f5i Quebeci m\u00fc\u00fcgimaksu (QST), s\u00f5ltuvalt teie provintsist.<\/li>\n<\/ul>\n<p><strong>AINULT ELi klientidele:<\/strong> Express DDP (Delivered Duty Paid). See t\u00e4hendab: <\/p>\n<ul>\n<li>K\u00f5ik tollimaksud ja maksud sisalduvad toote lehel n\u00e4idatud hinnas.<\/li>\n<li>Te ei pea tarnimisel lisatasusid maksma.<\/li>\n<li>Harva esinevate tolliprobleemide korral tegeleb meie meeskond teie nimel tollivormistusega, et tagada sujuv tarne.<\/li>\n<p>Oluline teave tagastuste kohta:<\/p>\n<li>Kui te otsustate oma tellimuse tagastada v\u00f5i taotleda raha tagasi, siis pidage meeles, et teie eest DDP tingimuste alusel makstud makse ja tollimakse ei saa tagasi maksta.<\/li>\n<p>\u00dcksikasjalikku teavet leiate meie <a href=\"https:\/\/gpdstore.net\/et\/terms-of-service\/\" target=\"_blank\" rel=\"nofollow noopener\">Tingimustest<\/a>.\n<\/ul>\n<p>[\/cg_accordion]\n[cg_accordion title=\"KLIENDITUGI\"]<\/p>\n<p>Kas teil on k\u00fcsimus? Oleme l\u00fchikese teksti kaugusel sellest, et teie probleem oleks lahendatud!<br \/>\n[\/cg_accordion]\n[cg_accordion title=\"MIDA SISALDAB\"]<\/p>\n<ul>\n<li>1x GPD DUO Case<\/li>\n<\/ul>\n<p>[\/cg_accordion]\n","protected":false},"featured_media":818166,"template":"","meta":{"_acf_changed":false},"product_brand":[],"product_cat":[5039],"product_tag":[15843],"woo-feed-brand":[],"class_list":{"0":"post-808708","1":"product","2":"type-product","3":"status-publish","4":"has-post-thumbnail","6":"product_cat-tarvikud","7":"product_tag-20xmsale-et-2","8":"product_shipping_class-low-end","9":"pa_accessory-type-kaitsekohver","10":"pa_brand-gpd","12":"first","13":"instock","14":"sale","15":"taxable","16":"shipping-taxable","17":"purchasable","18":"product-type-simple"},"acf":[],"aioseo_notices":[],"_links":{"self":[{"href":"https:\/\/gpdstore.net\/et\/wp-json\/wp\/v2\/product\/808708","targetHints":{"allow":["GET"]}}],"collection":[{"href":"https:\/\/gpdstore.net\/et\/wp-json\/wp\/v2\/product"}],"about":[{"href":"https:\/\/gpdstore.net\/et\/wp-json\/wp\/v2\/types\/product"}],"wp:featuredmedia":[{"embeddable":true,"href":"https:\/\/gpdstore.net\/et\/wp-json\/wp\/v2\/media\/818166"}],"wp:attachment":[{"href":"https:\/\/gpdstore.net\/et\/wp-json\/wp\/v2\/media?parent=808708"}],"wp:term":[{"taxonomy":"product_brand","embeddable":true,"href":"https:\/\/gpdstore.net\/et\/wp-json\/wp\/v2\/product_brand?post=808708"},{"taxonomy":"product_cat","embeddable":true,"href":"https:\/\/gpdstore.net\/et\/wp-json\/wp\/v2\/product_cat?post=808708"},{"taxonomy":"product_tag","embeddable":true,"href":"https:\/\/gpdstore.net\/et\/wp-json\/wp\/v2\/product_tag?post=808708"},{"taxonomy":"woo-feed-brand","embeddable":true,"href":"https:\/\/gpdstore.net\/et\/wp-json\/wp\/v2\/woo-feed-brand?post=808708"}],"curies":[{"name":"wp","href":"https:\/\/api.w.org\/{rel}","templated":true}]}}