{"id":79633,"date":"2024-04-23T16:13:31","date_gmt":"2024-04-23T16:13:31","guid":{"rendered":"https:\/\/gpdstore.net\/maaratlemata\/gpd-pliiats-gpd-pocket-3-ja-win-max-2-jaoks\/"},"modified":"2025-11-24T11:23:53","modified_gmt":"2025-11-24T11:23:53","slug":"gpd-stylus","status":"publish","type":"product","link":"https:\/\/gpdstore.net\/et\/product\/gpd-stylus\/","title":{"rendered":"GPD pliiatsid GPD Pocket 3 &amp; WIN MAX 2 jaoks"},"content":{"rendered":"\n<p><br\/>Tutvustame GPD Stylus&#8217;i: teie \u00fclim vahend t\u00e4psuse ja mugavuse saavutamiseks, mis on m\u00f5eldud teie GPD Pocket 3 ja GPD Win Max 2 funktsionaalsuse suurendamiseks ning \u00fchildub paljude teiste s\u00fclearvuti- ja tahvelarvutimudelitega. See tugevast alumiiniumsulamist valmistatud pliiats on kujundatud nii, et see sobiks mugavalt teie k\u00e4tte, mist\u00f5ttu on see ideaalne pikaajaliseks kasutamiseks ilma ebamugavustundeta. Pliiatsil on suure tundlikkusega, 4096-tasemeline r\u00f5hutundlik ots, mis on valmistatud pehmest, paindlikust kummist, mis tagab, et iga liigutus on sama t\u00e4pne ja tundlik kui pliiats paberil. Selline t\u00e4psuse tase sobib ideaalselt mitmesuguste tegevuste jaoks, alates visandamisest ja fotode redigeerimisest kuni \u00fcksikasjalike pintslit\u00f6\u00f6de ja kiirete m\u00e4rkmete kirjutamiseni.   <\/p>\n\n<p>Lisaks oma t\u00e4psetele v\u00f5imalustele on GPD Stylus konstrueeritud nii, et t\u00e4nu kummist otsale, mis kaitseb kriimustuste ja prahi eest, hoiab see ekraani laitmatus korras. See ei ole mitte ainult funktsionaalne, vaid ka kerge ja mugavalt kaasaskantav, koos mugava pandlaga, mis v\u00f5imaldab seda h\u00f5lpsasti taskusse v\u00f5i kohvrisse kinnitada &#8211; ideaalselt sobilik h\u00f5ivatud professionaalile v\u00f5i loomingulisele inimesele, kes on teel. Suurendage oma digitaalset suhtlust, olgu siis tegemist rakendustes navigeerimise, ideede j\u00e4\u00e4dvustamise v\u00f5i oma kunstilise k\u00fclje avastamisega, GPD Stylus&#8217;e abil &#8211; t\u00e4iuslik segu praktilisusest ja uuenduslikust disainist.<\/p>\n","protected":false},"excerpt":{"rendered":"<ul>\n<li>T\u00f6\u00f6tab koos<strong> GPD Pocket 3 ja<\/strong> <strong> GPD WIN MAX 2-ga<\/strong><\/li>\n<li><strong>4096-tasemeline<\/strong> r\u00f5hutundlikkus<\/li>\n<li>Stiilne ja ergonoomiline<\/li>\n<li>Metallist<strong> pandlaga<\/strong><\/li>\n<li>Memode kirjutamine ja t\u00e4hem\u00e4rkide sisestamine<\/li>\n<\/ul>\n<p> [cg_accordion title=\"MAKSUINFO\"] Me kasutame uusimat makset\u00f6\u00f6tlustehnoloogiat, mis v\u00f5imaldab teil kiiret ja turvalist maksmist Apple Pay, Google Pay, deebet-\/krediitkaardi, PayPali v\u00f5i BNPL-meetodite, nagu Klarna, Affirm v\u00f5i AfterPay kaudu.[\/cg_accordion] [cg_accordion title=\"GARANTSIOON\"] 2-aastane garantii <a href=\"https:\/\/droix.net\/\" target=\"_blank\" rel=\"nofollow noopener\">DROIX Global<\/a> ilt teie meelerahu tagamiseks.[\/cg_accordion] [cg_accordion title=\"PRICING, TAXES AND SHIPPING\"] <strong><u>M\u00e4rkus:<\/u><\/strong><\/p>\n<ul>\n<li>Ameerika \u00dchendriikide kliendid: N\u00e4idatud hind ei sisalda makse ega tollimaksu. Vastutus tollivormistuse ja sellega seotud maksude\/tollimaksude tasumise eest lasub kliendil. <\/li>\n<li>ELi kliendid: N\u00e4idatud hind sisaldab kohaldatavat maksu, mis v\u00f5ib s\u00f5ltuvalt teie riigist olla kuni 25%.<\/li>\n<li>Kanada kliendid: N\u00e4idatud hind sisaldab kohaldatavaid makse, mis v\u00f5ivad sisaldada 5% GST ja t\u00e4iendavaid provintsi m\u00fc\u00fcgimakse (PST), \u00fchtlustatud m\u00fc\u00fcgimaksu (HST) v\u00f5i Quebeci m\u00fc\u00fcgimaksu (QST), s\u00f5ltuvalt teie provintsist.<\/li>\n<\/ul>\n<p><strong>AINULT ELi klientidele:<\/strong> Express DDP (Delivered Duty Paid). See t\u00e4hendab: <\/p>\n<ul>\n<li style=\"list-style-type: none;\">\n<ul>\n<li>K\u00f5ik tollimaksud ja maksud sisalduvad toote lehel n\u00e4idatud hinnas.<\/li>\n<li>Te ei pea tarnimisel lisatasusid maksma.<\/li>\n<li>Harva esinevate tolliprobleemide korral tegeleb meie meeskond teie nimel tollivormistusega, et tagada sujuv tarne.<\/li>\n<p>Oluline teave tagastuste kohta:<\/p>\n<li>Kui te otsustate oma tellimuse tagastada v\u00f5i taotleda raha tagasi, siis pidage meeles, et teie eest DDP tingimuste alusel makstud makse ja tollimakse ei saa tagasi maksta.<\/li>\n<p>Palun vaadake meie<\/ul>\n<\/li>\n<\/ul>\n<p><a href=\"https:\/\/gpdstore.net\/et\/terms-of-service\/\" target=\"_blank\" rel=\"nofollow noopener\">Tingimused<\/a><\/p>\n<ul>\u00fcksikasjaliku teabe saamiseks.<\/ul>\n<p>[\/cg_accordion] [cg_accordion title=\"KLIENDITUGI\"]  Kas teil on k\u00fcsimus? Oleme l\u00fchikese teksti kaugusel sellest, et teie k\u00fcsimus oleks lahendatud!   [\/cg_accordion] [cg_accordion title=\"WHAT'S INCLUDED\"]<\/p>\n<ul>\n<li>1x GPD pliiats<\/li>\n<\/ul>\n<p>[\/cg_accordion]<\/p>\n","protected":false},"featured_media":79640,"template":"","meta":{"_acf_changed":false},"product_brand":[],"product_cat":[5039],"product_tag":[15873,6062],"woo-feed-brand":[5566],"class_list":{"0":"post-79633","1":"product","2":"type-product","3":"status-publish","4":"has-post-thumbnail","6":"product_cat-tarvikud","7":"product_tag-15xmsale-et","8":"product_tag-gpd-wm2-lisatarvik","9":"product_shipping_class-low-end","10":"pa_accessory-type-stylus-et","11":"pa_brand-gpd","12":"woo-feed-brand-gpd-et","14":"first","15":"instock","16":"sale","17":"taxable","18":"shipping-taxable","19":"purchasable","20":"product-type-variable","21":"has-default-attributes"},"acf":[],"aioseo_notices":[],"_links":{"self":[{"href":"https:\/\/gpdstore.net\/et\/wp-json\/wp\/v2\/product\/79633","targetHints":{"allow":["GET"]}}],"collection":[{"href":"https:\/\/gpdstore.net\/et\/wp-json\/wp\/v2\/product"}],"about":[{"href":"https:\/\/gpdstore.net\/et\/wp-json\/wp\/v2\/types\/product"}],"wp:featuredmedia":[{"embeddable":true,"href":"https:\/\/gpdstore.net\/et\/wp-json\/wp\/v2\/media\/79640"}],"wp:attachment":[{"href":"https:\/\/gpdstore.net\/et\/wp-json\/wp\/v2\/media?parent=79633"}],"wp:term":[{"taxonomy":"product_brand","embeddable":true,"href":"https:\/\/gpdstore.net\/et\/wp-json\/wp\/v2\/product_brand?post=79633"},{"taxonomy":"product_cat","embeddable":true,"href":"https:\/\/gpdstore.net\/et\/wp-json\/wp\/v2\/product_cat?post=79633"},{"taxonomy":"product_tag","embeddable":true,"href":"https:\/\/gpdstore.net\/et\/wp-json\/wp\/v2\/product_tag?post=79633"},{"taxonomy":"woo-feed-brand","embeddable":true,"href":"https:\/\/gpdstore.net\/et\/wp-json\/wp\/v2\/woo-feed-brand?post=79633"}],"curies":[{"name":"wp","href":"https:\/\/api.w.org\/{rel}","templated":true}]}}