{"id":75208,"date":"2024-05-08T15:41:24","date_gmt":"2024-05-08T15:41:24","guid":{"rendered":"https:\/\/gpdstore.net\/maaratlemata\/gpd-win-4-dokkimisjaam\/"},"modified":"2025-12-23T10:17:27","modified_gmt":"2025-12-23T10:17:27","slug":"gpd-win-4-docking-station","status":"publish","type":"product","link":"https:\/\/gpdstore.net\/et\/product\/gpd-win-4-docking-station\/","title":{"rendered":"GPD WIN 4 dokkimisjaam"},"content":{"rendered":"\n<h3 class=\"wp-block-heading\"><strong>Muutke oma GPD WIN 4 ametliku dokkimisjaamaga lauaarvutiks<\/strong><\/h3>\n\n<p>T\u00f5sta oma pihuarvuti m\u00e4ngukogemus lauaarvuti tasemele GPD WIN 4 dokkimisjaamaga. See oluline lisatarvik mitte ainult ei laienda teie \u00fchendusv\u00f5imalusi, vaid suurendab ka teie seadme funktsionaalsust, muutes selle t\u00e4ielikult varustatud lauaarvutiks.<\/p>\n\n<h3 class=\"wp-block-heading\"><strong>T\u00e4iustatud USB-\u00fchenduvus<\/strong><\/h3>\n\n<p>GPD WIN 4 dokkimisjaam on varustatud kolme USB 3.2 Gen 2 Type-A porti, mis pakuvad kiirust kuni 10 Gbps mitmesuguste v\u00e4lisseadmete, n\u00e4iteks klaviatuuride, hiirte ja kiirete v\u00e4lism\u00e4luseadmete \u00fchendamiseks.<\/p>\n\n<p>Samuti on sellel USB 3.2 Gen 2 Type-C port, mis on m\u00f5eldud kiirlaadimiseks, toetades suure v\u00f5imsusega laadijaid, et seadet kiiresti t\u00e4is laadida.<\/p>\n\n<h3 class=\"wp-block-heading\"><strong>Suurep\u00e4rased kuvamisv\u00f5imalused<\/strong><\/h3>\n\n<p>Kogege k\u00f5rgresolutsioonilist visuaalset naudingut, \u00fchendades GPD WIN 4 v\u00e4lise monitori v\u00f5i teleriga HDMI 2.0 pordi kaudu. See seadistus v\u00f5imaldab teil kasutada GPD WIN 4 ekraani teise ekraanina, suurendades teie tootlikkust ja m\u00e4ngukogemust t\u00e4nu kahe ekraani v\u00f5imalustele.<\/p>\n\n<h3 class=\"wp-block-heading\"><strong>Kiire ja turvaline interneti\u00fchendus<\/strong><\/h3>\n\n<p>Dokkimisjaam sisaldab 1 Gbps RJ45 Ethernet-porti, mis pakub kiiret ja turvalist \u00fchendust voogedastuseks, m\u00e4ngimiseks ja andmeedastuseks, \u00fcletades traadita kiirust ja turvalisust.<\/p>\n\n<h3 class=\"wp-block-heading\"><strong>Kompaktne disain maksimaalse kaasaskantavuse tagamiseks<\/strong><\/h3>\n\n<p>GPD WIN 4 dokkimisjaam on kompaktse kujuga, m\u00f5\u00f5tmetega vaid 3,4 x 5,6 x 3,2 tolli ja kaaluga vaid 224 g. See muudab selle uskumatult kaasaskantavaks ja h\u00f5lpsasti integreeritavaks mis tahes t\u00f6\u00f6ruumi ilma segadusteta. Selle konstruktsioonil on eemaldatav tagak\u00fclg, mis toetab doki ja seadme lihtsat \u00fchendamist ja transportimist.<\/p>\n\n<p>Lisaks j\u00e4tab dokkimisjaama disain GPD WIN 4 teise USB Type-C pordi vabaks, mis v\u00f5imaldab teil \u00fchendada suure j\u00f5udlusega lisaseadmeid, n\u00e4iteks v\u00e4lise GPU, mis parandab teie seadistust veelgi.<\/p>\n\n<h3 class=\"wp-block-heading\"><strong>GPD WIN 4 dokkimisjaama plussid ja miinused<\/strong><\/h3>\n\n<h3 class=\"wp-block-heading\"><strong>Plussid:<\/strong><\/h3>\n\n<ul class=\"wp-block-list\">\n<li>Mitu USB 3.2 Gen 2 Type-A porti erinevate v\u00e4lisseadmete jaoks<\/li>\n\n\n\n<li>HDMI 2.0 v\u00e4ljund v\u00e4liste monitoride v\u00f5i telerite jaoks<\/li>\n\n\n\n<li>Kiire 1Gbps Ethernet usaldusv\u00e4\u00e4rse interneti\u00fchenduse tagamiseks<\/li>\n\n\n\n<li>USB Type-C port seadme kiireks laadimiseks<\/li>\n<\/ul>\n\n<h3 class=\"wp-block-heading\"><strong>Miinused:<\/strong><\/h3>\n\n<ul class=\"wp-block-list\">\n<li>Puudub t\u00e4iendav USB Type-C port v\u00e4lisseadmete \u00fchendamiseks<\/li>\n<\/ul>\n\n<h3 class=\"wp-block-heading\"><strong>Dokkimisjaama kasutamise eelised<\/strong><\/h3>\n\n<p>Dokkimisjaam lihtsustab teie t\u00f6\u00f6korraldust, \u00fchendades s\u00fclearvuti \u00fche kaabli kaudu mitme v\u00e4lisseadmega. See ei aita mitte ainult v\u00e4hendada teie t\u00f6\u00f6ruumi, vaid suurendab ka teie tootlikkust, v\u00f5imaldades kahe ekraani seadistamist. Lisaks v\u00e4hendab see teie seadme portide kulumist, pikendades GPD WIN 4 kasutusiga, kuna v\u00e4hendab sagedast vajadust \u00fchendada ja lahti \u00fchendada mitu kaablit.<\/p>\n\n<p>Investeeri juba t\u00e4na GPD WIN 4 dokkimisjaama, et muuta oma m\u00e4ngude seadistust ja \u00fchtlustada oma t\u00f6\u00f6ruumi, muutes GPD WIN 4 mitte ainult m\u00e4nguvidinaks, vaid terviklikuks t\u00f6\u00f6jaamaks.<\/p>\n","protected":false},"excerpt":{"rendered":"<ul>\n<li>Hoidke ja laadige oma <strong>GPD WIN 4<\/strong><\/li>\n<li>Muutke oma pihuarvuti <strong>t\u00f6\u00f6lauaks<\/strong><\/li>\n<li>\u00dchendage k\u00f5ik oma v\u00e4lisseadmed.<\/li>\n<li>GPD ametlik dokk, mis on m\u00f5eldud <strong>GPD WIN 4<\/strong> jaoks<\/li>\n<li>V\u00e4ike, kerge ja reisimis\u00f5bralik<\/li>\n<\/ul>\n[cg_accordion title=\"MAKSUINFO\"]<\/p>\n<p>Me kasutame uusimat tehnoloogiat makset\u00f6\u00f6tluses, mis v\u00f5imaldab teil kiiret ja turvalist maksekorraldust oma deebet-\/ krediitkaardi v\u00f5i PayPali kaudu.[\/cg_accordion]\n[cg_accordion title=\"GARANTSIOON\"]<\/p>\n<p>2-aastane garantii <a href=\"https:\/\/droix.net\/\" target=\"_blank\" rel=\"nofollow noopener\">DROIX Globalilt teie meelerahu tagamiseks<\/a> [\/cg_accordion]\n[cg_accordion title=\"HINNAKUJUNDUS, MAKSUD JA KOHALETOIMETAMINE\"]<\/p>\n<p><strong><u>M\u00e4rkus:<\/u><\/strong><br \/>\n &#8211; Ameerika \u00dchendriikide kliendid: N\u00e4idatud hind sisaldab k\u00f5iki kohaldatavaid makse.<br \/>\n &#8211; ELi kliendid: N\u00e4idatud hind sisaldab kohaldatavaid makse, mis v\u00f5ivad s\u00f5ltuvalt riigist olla kuni 25%.<br \/>\n &#8211; Kanada kliendid: N\u00e4idatud hind sisaldab kohaldatavaid makse, mis v\u00f5ivad s\u00f5ltuvalt teie provintsist sisaldada 5% GST ja t\u00e4iendavaid provintsi m\u00fc\u00fcgimakse (PST), \u00fchtlustatud m\u00fc\u00fcgimaksu (HST) v\u00f5i Quebeci m\u00fc\u00fcgimaksu (QST).[\/cg_accordion]\n[cg_accordion title=\"SAATMINE JA TAGASTAMINE\"]<\/p>\n<p><a href=\"https:\/\/droix.net\/\" target=\"_blank\" rel=\"nofollow noopener\">DroiX,<\/a> ametlik GPD turustaja, korraldab saadetisi DHL Express DDP (Delivered Duty Paid) abil. See t\u00e4hendab: <\/p>\n<p>Express DDP (Delivered Duty Paid). See t\u00e4hendab:<br \/>\n &#8211; K\u00f5ik tollimaksud ja maksud sisalduvad toote lehel n\u00e4idatud hinnas.<br \/>\n &#8211; Te ei pea tarnimisel maksma mingeid lisatasusid.<br \/>\n &#8211; Harvaesinevate tolliga seotud probleemide korral tegeleb meie meeskond teie nimel tollivormistusega, et tagada sujuv tarne. <\/p>\n<p>Oluline teave tagastuste kohta:<br \/>\n &#8211; Kui te otsustate oma tellimuse tagastada v\u00f5i taotleda raha tagasi, siis pidage meeles, et DDP tingimuste kohaselt teie eest makstud makse ja tollimakse ei saa tagasi maksta.<\/p>\n<p>\u00dcksikasjalik teave <a href=\"https:\/\/gpdstore.net\/et\/terms-of-service\/\" target=\"_blank\" rel=\"nofollow noopener\">on esitatud meie Tingimustes<\/a>.[\/cg_accordion]\n[cg_accordion title=\"MIDA SISALDAB\"]<\/p>\n<ul>\n<li>1x GPD WIN 4 dokk<\/li>\n<\/ul>\n<p>[\/cg_accordion]\n","protected":false},"featured_media":75510,"template":"","meta":{"_acf_changed":false},"product_brand":[],"product_cat":[5039],"product_tag":[5945],"woo-feed-brand":[5566],"class_list":{"0":"post-75208","1":"product","2":"type-product","3":"status-publish","4":"has-post-thumbnail","6":"product_cat-tarvikud","7":"product_tag-gpd-win-4-accessory-et-2","8":"product_shipping_class-low-end","9":"product_shipping_class-standard","11":"pa_accessory-type-dokkimisjaam","12":"pa_brand-gpd","13":"woo-feed-brand-gpd-et","15":"first","16":"outofstock","17":"taxable","18":"shipping-taxable","19":"purchasable","20":"product-type-variable","21":"has-default-attributes"},"acf":[],"aioseo_notices":[],"_links":{"self":[{"href":"https:\/\/gpdstore.net\/et\/wp-json\/wp\/v2\/product\/75208","targetHints":{"allow":["GET"]}}],"collection":[{"href":"https:\/\/gpdstore.net\/et\/wp-json\/wp\/v2\/product"}],"about":[{"href":"https:\/\/gpdstore.net\/et\/wp-json\/wp\/v2\/types\/product"}],"wp:featuredmedia":[{"embeddable":true,"href":"https:\/\/gpdstore.net\/et\/wp-json\/wp\/v2\/media\/75510"}],"wp:attachment":[{"href":"https:\/\/gpdstore.net\/et\/wp-json\/wp\/v2\/media?parent=75208"}],"wp:term":[{"taxonomy":"product_brand","embeddable":true,"href":"https:\/\/gpdstore.net\/et\/wp-json\/wp\/v2\/product_brand?post=75208"},{"taxonomy":"product_cat","embeddable":true,"href":"https:\/\/gpdstore.net\/et\/wp-json\/wp\/v2\/product_cat?post=75208"},{"taxonomy":"product_tag","embeddable":true,"href":"https:\/\/gpdstore.net\/et\/wp-json\/wp\/v2\/product_tag?post=75208"},{"taxonomy":"woo-feed-brand","embeddable":true,"href":"https:\/\/gpdstore.net\/et\/wp-json\/wp\/v2\/woo-feed-brand?post=75208"}],"curies":[{"name":"wp","href":"https:\/\/api.w.org\/{rel}","templated":true}]}}