{"id":62762,"date":"2024-05-17T08:24:33","date_gmt":"2024-05-17T08:24:33","guid":{"rendered":"https:\/\/gpdstore.net\/maaratlemata\/gpd-g1-2023-egpu-dokkimisjaam\/"},"modified":"2025-12-23T10:17:50","modified_gmt":"2025-12-23T10:17:50","slug":"gpd-g1-2023-egpu-docking-station","status":"publish","type":"product","link":"https:\/\/gpdstore.net\/et\/product\/gpd-g1-2023-egpu-docking-station\/","title":{"rendered":"GPD G1 (2023) eGPU dokkimisjaam"},"content":{"rendered":"\n<h3 class=\"wp-block-heading\">Tutvustame GPD G1: dokkimisjaam koos v\u00e4lise GPU-ga<\/h3>\n\n<p>Vabastage parim m\u00e4ngukogemus murrangulise GPD G1 dokkimisjaamaga. See uuenduslik seade, mis on loodud m\u00e4ngude j\u00f5udluse t\u00f5stmiseks, \u00fchildub eelseisva Oculinki toetava GPD WIN MAX 2 2023, GPD Mini ja uuendatud GPD WIN 4 2023 mudeliga. Oculinki ja USB 4.0 \u00fchilduvusega GPD G1 toob teie m\u00e4ngude seadistusse mitmek\u00fclgsust ja mugavust.<\/p>\n\n<h3 class=\"wp-block-heading\">V\u00f5imas graafikaprotsessor<\/h3>\n\n<p>GPD G1 dokkimisjaama keskmes on AMD Radeon RX 7600M XT graafikaprotsessor, mis kasutab uusimat RDNA 3.0 arhitektuuri. See v\u00e4line GPU koos Oculink-\u00fchendusega pakub h\u00e4mmastavat visuaalset kujutist ja erakordset j\u00f5udlust. \u00dcksk\u00f5ik, kas uurid avaraid maailmu v\u00f5i oled lahingus, GPD G1 tagab, et iga detail on t\u00e4pselt esitatud. 1500 MHz baastaktiga, 2300 MHz m\u00e4ngutaktiga ja 2615 MHz t\u00f5uketaktiga pakub GPD G1 vajalikku v\u00f5imsust, et domineerida mis tahes m\u00e4ngus.<\/p>\n\n<h3 class=\"wp-block-heading\">Sujuv ja reageeriv m\u00e4ngimine<\/h3>\n\n<p>8 GB GDDR6-m\u00e4lum\u00e4luga varustatud GPD G1 toetab sujuvat multitegumt\u00f6\u00f6tlust ja sujuvat m\u00e4ngimist. M\u00e4lutakt 2250 MHz tagab kiire laadimisaja ja minimaalse viivituse. \u00dctle h\u00fcvasti ebastabiilse kaadrisagedusega ja naudi katkematuid m\u00e4ngusessioone. USB 4.0 toega GPD G1 vastab sinu m\u00e4ngun\u00f5uetele, pakkudes tipptasemel j\u00f5udlust sinu lemmikm\u00e4ngude jaoks.<\/p>\n\n<h3 class=\"wp-block-heading\">Vabastage oma \u00fchenduvus<\/h3>\n\n<p>GPD G1 Dock pakub ulatuslikke \u00fchendusv\u00f5imalusi Oculink (SFF-8612) ja USB 4 pordiga, mis tagab \u00fchilduvuse paljude erinevate seadmetega, sealhulgas Thunderbolt 3 ja Thunderbolt 4. \u00dchendage oma GPD WIN MAX 2 2023, GPD Mini v\u00f5i uuendatud GPD WIN 4 h\u00f5lpsasti Oculinki kaudu ja kogege t\u00e4iustatud m\u00e4nguelamusi. GPD G1 toetab ka USB 4, mis v\u00f5imaldab t\u00e4iustatud graafikat erinevates s\u00fcsteemides.<\/p>\n\n<h3 class=\"wp-block-heading\">Laiendage oma visuaalseid horisonte<\/h3>\n\n<p>Laiendage oma visuaalset seadistust GPD G1 ulatusliku videopordi valikuga. HDMI 2.1 pordi ja kahe DisplayPort 1.4a pordiga saate \u00fchendada kuni kolm v\u00e4list ekraani panoraamse m\u00e4ngukogemuse saamiseks. Sukeldu tegevusse koos GPD G1 eGPU-ga, mis muudab sinu m\u00e4ngud elulisemaks ja realistlikumaks kui kunagi varem.<\/p>\n\n<h3 class=\"wp-block-heading\">Saamatu andmeedastus<\/h3>\n\n<p>GPD G1 dokkimisjaam sisaldab kolme USB 3.2 porti, mis v\u00f5imaldavad h\u00f5lpsasti \u00fchendada lisaseadmeid, hoides teie m\u00e4ngude seadistuse organiseerituna. SD 4.0 port v\u00f5imaldab kiiret failiedastust ja meediakandjale juurdep\u00e4\u00e4su. \u00dchendage USB4-\u00fclesandeseadmega ja maksimeerige andmeedastuskiirust.<\/p>\n\n<h3 class=\"wp-block-heading\">T\u00f5hus jahutus maksimaalse j\u00f5udluse saavutamiseks<\/h3>\n\n<p>GPD G1 aktiivne jahutuss\u00fcsteem hajutab t\u00f5husalt soojust, tagades GPU stabiilse temperatuuri intensiivsete m\u00e4ngusessioonide ajal. H\u00fcvasti \u00fclekuumenemisega ja naudi katkematut m\u00e4ngimist, sest \u00f5hkjahutusmehhanism s\u00e4ilitab s\u00fcsteemi optimaalse j\u00f5udluse.<\/p>\n\n<h3 class=\"wp-block-heading\">Kompromissitu toiteallikas<\/h3>\n\n<p>GPD G1 dokkimisjaam sisaldab sisseehitatud 240 W GaN-toiteallikat, mis tagab GPU-le usaldusv\u00e4\u00e4rse toiteallika. GPD G1 on optimeeritud 120 W koguv\u00f5imsusega graafika kiireks ja t\u00e4pseks renderdamiseks, mis on optimeeritud suure j\u00f5udlusega m\u00e4ngude jaoks.<\/p>\n\n<h3 class=\"wp-block-heading\">Kompaktne disain, suur j\u00f5udlus<\/h3>\n\n<p>Vaatamata oma kompaktsetele m\u00f5\u00f5tmetele (225 \u00d7 111 \u00d7 30 mm) ja kergele kaalule (0,92 kg), on GPD G1 v\u00f5imsalt v\u00f5imas. Kas kodus, teel v\u00f5i m\u00e4ngude \u00fcritustel, GPD G1 on kaasaskantav j\u00f5ujaam igale m\u00e4nguhuvilisele.<\/p>\n\n<h3 class=\"wp-block-heading\">Kokkuv\u00f5te<\/h3>\n\n<p>GPD G1 eGPU dokkimisjaam on v\u00f5imsust, mitmek\u00fclgsust ja mugavust otsivate m\u00e4ngijate jaoks parim lisavarustus. See dokkimisjaam on \u00fchilduv eelseisva GPD WIN MAX 2 2023, GPD Mini ja uuendatud GPD WIN 4 mudeliga ning pakub koos Oculinki ja USB 4.0 toega v\u00f5rratut \u00fchenduvust. AMD Radeon RX 7600M XT graafikaprotsessor tagab hingematva visuaali ja j\u00f5udluse, samas kui 8 GB GDDR6-m\u00e4lu toetab sujuvat ja tundlikku m\u00e4ngimist. Laiendage oma visuaalset seadistust, nautige sujuvat andmeedastust ning kasutage t\u00f5husat jahutust ja usaldusv\u00e4\u00e4rset toiteallikat. T\u00f5sta oma m\u00e4ngukogemust GPD G1 dokkimisjaamaga.<\/p>\n\n<h3 class=\"wp-block-heading\">Plussid ja miinused<\/h3>\n\n<p><strong>Plussid:<\/strong><\/p>\n\n<ul class=\"wp-block-list\">\n<li><strong>Mitmek\u00fclgne \u00fchilduvus:<\/strong> toetab GPD WIN MAX 2 2024, GPD Mini 2024, uuendatud GPD WIN 4 2023 ja Win 4 2024 ning USB 4 seadmeid, pakkudes t\u00e4iustatud graafikat mitmetes s\u00fcsteemides.<\/li>\n\n\n\n<li><strong>V\u00f5imas graafiline j\u00f5udlus:<\/strong> RDNA 3.0 arhitektuuriga AMD Radeon RX 7600M XT GPU, mis tagab erakordse graafika ja sujuva m\u00e4ngimise.<\/li>\n\n\n\n<li><strong>Laiendatav visuaalne seadistus:<\/strong> Mitu graafika- ja videoporti, sealhulgas HDMI 2.1 ja DP 1.4a, toetavad kuni kolme v\u00e4list ekraani, mis tagavad m\u00e4ngukogemuse.<\/li>\n\n\n\n<li><strong>T\u00f5hus jahutuss\u00fcsteem:<\/strong> Aktiivne jahutusmehhanism takistab \u00fclekuumenemist, tagades optimaalse j\u00f5udluse pikemate m\u00e4ngusessioonide ajal.<\/li>\n\n\n\n<li><strong>Kaasaskantav ja kompaktne disain:<\/strong> Kompaktsed m\u00f5\u00f5tmed ja kerge konstruktsioon muudavad selle v\u00e4ga kaasaskantavaks, mis on ideaalne liikuvatele m\u00e4ngijatele.<\/li>\n<\/ul>\n\n<p><strong>Miinused :<\/strong><\/p>\n\n<ul class=\"wp-block-list\">\n<li><strong>Piiratud br\u00e4ndi \u00fchilduvus:<\/strong> \u00dchilduvus muude kui GPD-seadmetega ja seadmetega, millel ei ole USB 4 porti, v\u00f5ib olla piiratud.<\/li>\n\n\n\n<li><strong>Piiratud GPU valikud:<\/strong> AMD Radeon RX 7600M XT, mis ei pruugi rahuldada kasutajaid, kes otsivad erinevaid v\u00f5i kohandatavaid GPU valikuid&#8230;<\/li>\n<\/ul>\n","protected":false},"excerpt":{"rendered":"<ul>\n<li>GPU: AMD Radeon\u2122<strong> RX 7600M XT<\/strong> eGPU: AMD Radeon\u2122<strong> RX 7600M XT<\/strong> eGPU<\/li>\n<li>KOMPATIBILITEET:<strong> OCuLink, USB 4, Thunderbolt 3 &amp; 4<\/strong><\/li>\n<li>OCULINK:<strong> PCI Express \u00fchenduvus<\/strong><\/li>\n<li>USB 4:<strong> kuni 40 Gbps<\/strong><\/li>\n<li>GPD OCULINK SEADMED: <strong>WIN 4 2023<\/strong>,<strong> WIN MAX 2 2023<\/strong> &amp;<strong> WIN Mini<\/strong><\/li>\n<\/ul>\n[cg_accordion title=\"MAKSUINFO\"]<\/p>\n<p>Me kasutame uusimat tehnoloogiat makset\u00f6\u00f6tluses, mis v\u00f5imaldab teil kiiret ja turvalist maksekorraldust oma deebet-\/ krediitkaardi v\u00f5i PayPali kaudu.[\/cg_accordion]\n[cg_accordion title=\"GARANTSIOON\"]<\/p>\n<p>2-aastane garantii <a href=\"https:\/\/droix.net\/\" target=\"_blank\" rel=\"nofollow noopener\">DROIX Globalilt teie meelerahu tagamiseks<\/a> [\/cg_accordion]\n[cg_accordion title=\"HINNAKUJUNDUS, MAKSUD JA KOHALETOIMETAMINE\"]<\/p>\n<p><strong><u>M\u00e4rkus:<\/u><\/strong><\/p>\n<ul>\n<li>Ameerika \u00dchendriikide kliendid: N\u00e4idatud hind ei sisalda makse ega tollimaksu. Vastutus tollivormistuse ja sellega seotud maksude\/tollimaksude tasumise eest lasub kliendil. <\/li>\n<li>ELi kliendid: N\u00e4idatud hind sisaldab kohaldatavat maksu, mis v\u00f5ib s\u00f5ltuvalt teie riigist olla kuni 25%.<\/li>\n<li>Kanada kliendid: N\u00e4idatud hind sisaldab kohaldatavaid makse, mis v\u00f5ivad sisaldada 5% GST ja t\u00e4iendavaid provintsi m\u00fc\u00fcgimakse (PST), \u00fchtlustatud m\u00fc\u00fcgimaksu (HST) v\u00f5i Quebeci m\u00fc\u00fcgimaksu (QST), s\u00f5ltuvalt teie provintsist.<\/li>\n<\/ul>\n<p><strong>AINULT ELi klientidele:<\/strong> Express DDP (Delivered Duty Paid). See t\u00e4hendab: <\/p>\n<ul>\n<li>K\u00f5ik tollimaksud ja maksud sisalduvad toote lehel n\u00e4idatud hinnas.<\/li>\n<li>Te ei pea tarnimisel lisatasusid maksma.<\/li>\n<li>Harva esinevate tolliprobleemide korral tegeleb meie meeskond teie nimel tollivormistusega, et tagada sujuv tarne.<\/li>\n<p>Oluline teave tagastuste kohta:<\/p>\n<li>Kui te otsustate oma tellimuse tagastada v\u00f5i taotleda raha tagasi, siis pidage meeles, et teie eest DDP tingimuste alusel makstud makse ja tollimakse ei saa tagasi maksta.<\/li>\n<p>\u00dcksikasjalik teave <a href=\"https:\/\/droix.net\/terms-and-conditions\/\" target=\"_blank\" rel=\"nofollow noopener\">on esitatud meie Tingimustes<\/a>.\n<\/ul>\n<p>[\/cg_accordion]\n[cg_accordion title=\"KLIENDITUGI\"]<\/p>\n<p>Kas teil on k\u00fcsimus? Oleme l\u00fchikese teksti kaugusel sellest, et teie k\u00fcsimus oleks lahendatud! [\/cg_accordion]\n<p>\u00dcksikasjalik teave <a href=\"https:\/\/gpdstore.net\/et\/terms-of-service\/\" target=\"_blank\" rel=\"nofollow noopener\">on esitatud meie Tingimustes<\/a>.\n<\/ul>\n<p>[\/]<\/p>\n[cg_accordion title=\"MIDA SISALDAB\"]<\/p>\n<ul>\n<li>1x GPD G1 2023<\/li>\n<li>1x toiteadapter<\/li>\n<li>1x USB Type-C kaabel<\/li>\n<li>1x kasutusjuhend<\/li>\n<\/ul>\n<p>[\/cg_accordion]\n","protected":false},"featured_media":62766,"template":"","meta":{"_acf_changed":false},"product_brand":[],"product_cat":[5039],"product_tag":[11963,5565],"woo-feed-brand":[5566],"class_list":{"0":"post-62762","1":"product","2":"type-product","3":"status-publish","4":"has-post-thumbnail","6":"product_cat-tarvikud","7":"product_tag-10bfsale-et","8":"product_tag-gpd-g1-et","9":"product_shipping_class-premium","10":"pa_brand-biwin","11":"pa_brand-droix","12":"pa_brand-gpd","13":"pa_brand-gulikit","14":"pa_graphics-gpu-model-radeon-rx-7600m-xt-et","15":"pa_i-o-video-1x-oculink-et","16":"pa_i-o-video-1x-usb-4-0-type-c-40gb-s-kaudu","17":"woo-feed-brand-gpd-et","19":"first","20":"outofstock","21":"sale","22":"taxable","23":"shipping-taxable","24":"purchasable","25":"product-type-variable","26":"has-default-attributes"},"acf":[],"aioseo_notices":[],"_links":{"self":[{"href":"https:\/\/gpdstore.net\/et\/wp-json\/wp\/v2\/product\/62762","targetHints":{"allow":["GET"]}}],"collection":[{"href":"https:\/\/gpdstore.net\/et\/wp-json\/wp\/v2\/product"}],"about":[{"href":"https:\/\/gpdstore.net\/et\/wp-json\/wp\/v2\/types\/product"}],"wp:featuredmedia":[{"embeddable":true,"href":"https:\/\/gpdstore.net\/et\/wp-json\/wp\/v2\/media\/62766"}],"wp:attachment":[{"href":"https:\/\/gpdstore.net\/et\/wp-json\/wp\/v2\/media?parent=62762"}],"wp:term":[{"taxonomy":"product_brand","embeddable":true,"href":"https:\/\/gpdstore.net\/et\/wp-json\/wp\/v2\/product_brand?post=62762"},{"taxonomy":"product_cat","embeddable":true,"href":"https:\/\/gpdstore.net\/et\/wp-json\/wp\/v2\/product_cat?post=62762"},{"taxonomy":"product_tag","embeddable":true,"href":"https:\/\/gpdstore.net\/et\/wp-json\/wp\/v2\/product_tag?post=62762"},{"taxonomy":"woo-feed-brand","embeddable":true,"href":"https:\/\/gpdstore.net\/et\/wp-json\/wp\/v2\/woo-feed-brand?post=62762"}],"curies":[{"name":"wp","href":"https:\/\/api.w.org\/{rel}","templated":true}]}}