{"id":62382,"date":"2024-07-12T09:49:06","date_gmt":"2024-07-12T09:49:06","guid":{"rendered":"https:\/\/gpdstore.net\/maaratlemata\/156%e2%80%b3-4k-kaasaskantav-monitor-adobe-rgb-ga\/"},"modified":"2025-12-23T10:15:29","modified_gmt":"2025-12-23T10:15:29","slug":"15-6-4k-portable-monitor-with-adobe-rgb","status":"publish","type":"product","link":"https:\/\/gpdstore.net\/et\/product\/15-6-4k-portable-monitor-with-adobe-rgb\/","title":{"rendered":"15,6\u2033 4K kaasaskantav monitor Adobe RGB-ga"},"content":{"rendered":"\n<p>Tutvustame 15,6&#8243; 4K kaasaskantavat monitori S23B-5: tipptasemel \u00fclik\u00f5rge lahutusv\u00f5imega mobiiliekraanid<\/p>\n\n<p>Otsid kaasaskantavat monitori, mis pakub erakordset visuaalset kujutist ja j\u00f5udlust liikvel olles? Tutvuge kaasaskantava 4K-monitoriga S23B-5. See t\u00e4iustatud seade toob teie k\u00e4tte \u00fclik\u00f5rge lahutusv\u00f5imega mobiiliekraanid, mis pakuvad h\u00e4mmastavat 4K UHD-kvaliteedi selgust ja t\u00e4psust. Olenemata sellest, kas olete m\u00e4ngur, professionaalne videot\u00f6\u00f6tleja, graafiline disainer v\u00f5i mobiilse tootlikkuse entusiast, on see suure eraldusv\u00f5imega kaasaskantav monitor teie ideaalne kaaslane.<\/p>\n\n<p>Kaasahaarav visuaalne kogemus 4K UHD reisimonitoridega Valmistuge S23B-5 kaasahaaravaks visuaalseks kogemuseks. Selle 15,6-tollise puutetundliku ekraaniga seadme 4K UHD-ekraan \u00e4ratab sisu ellu m\u00e4rkimisv\u00e4\u00e4rse detailsuse ja elavate v\u00e4rvidega. T\u00e4nu 3840 x 2160 resolutsioonile ja 10-bitisele v\u00e4rvis\u00fcgavusele on iga pilt ja video sellel 4K-kandekraanil esitatud h\u00e4mmastava selgusega, mis tagab, et \u00fckski detail ei j\u00e4\u00e4 m\u00e4rkamatuks. Olenemata sellest, kas vaatate filme, m\u00e4ngite m\u00e4nge v\u00f5i redigeerite fotosid ja videoid, pakub S23B-5 visuaalset naudingut.<\/p>\n\n<p>Kerge ja tundlik 10-punktiline mahtuvuslik puuteekraan S23B-5-ga suhtlemine on t\u00e4nu mahtuvuslikule 10-punktilisele puuteekraanile meeldiv. G+G t\u00e4islamineeritud puuteekraaniga kaasaskantav monitor pakub sujuvat ja t\u00e4pset puutetundlikkust, v\u00f5imaldades sujuvat navigeerimist men\u00fc\u00fcdes, rakenduste juhtimist ja k\u00e4skude t\u00e4itmist. Olenemata sellest, kas suurendate fotosid, kerite veebilehti v\u00f5i loote keerulisi kujundusi, tagab S23B-5 puuteekraan reageerimisv\u00f5ime ja t\u00e4psuse, et suurendada tootlikkust ja loovust.<\/p>\n\n<p>S23B-5 on loominguliste professionaalide jaoks loodud S23B-5, mis on teie parim kaaslane videot\u00f6\u00f6tluseks, graafiliseks disainiks ja fotot\u00f6\u00f6tluseks. T\u00e4nu 100% Adobe RGB v\u00e4rviruumi katvusele tagab see kaasaskantav monitor elutruud v\u00e4rvid, mis tagavad t\u00e4pse v\u00e4rvide reguleerimise ja uimastavad tulemused. K\u00f5rgresolutsiooniline ekraan koos 10-bitise v\u00e4rvis\u00fcgavusega v\u00f5imaldab t\u00f6\u00f6tada keeruliste detailidega ja saavutada professionaalse loomingulise t\u00f6\u00f6 jaoks kriitilise visuaalse t\u00e4psuse.<\/p>\n\n<p>Suurema mitmek\u00fclgsuse tagamiseks on \u00fchendamine S23B-5 puhul lihtne. Sellel 4K UHD reisimonitoril on HD-miniport, Type-C pordid video andmeedastuseks ja toiteallikaks, k\u00f5rvaklapiport (3,5 mm) ja Micro-USB port selliste lisaseadmete nagu klaviatuurid ja hiired \u00fchendamiseks. S23B-5 tagab \u00fchilduvuse nutitelefoni, s\u00fclearvuti, PlayStationi, Xboxi v\u00f5i muude \u00fchilduvate seadmete \u00fchendamise korral, laiendades ekraani pindala, et suurendada tootlikkust v\u00f5i m\u00e4ngukogemust, kus iganes te ka ei viibiksite.<\/p>\n\n<p>Sisseehitatud aku katkematu kasutamise tagamiseks S23B-5 on lisaks v\u00f5imsale ja mitmek\u00fclgsele kasutamisele ka uskumatult mugav t\u00e4nu sisseehitatud 10000 mAh pol\u00fcmeerakule. Nautige katkematut kasutamist reisides, koosolekutel osaledes v\u00f5i kaugt\u00f6\u00f6d tehes. Kauakestev aku annab vabaduse t\u00f6\u00f6tada, m\u00e4ngida v\u00f5i luua, ilma et peaksite muretsema toite p\u00e4rast. J\u00e4\u00e4ge tootlikuks ja meelelahutuslikuks liikvel olles.<\/p>\n\n<p>Kvaliteetsest alumiiniumisulamist valmistatud S23B-5 on vastupidav ja pakub esmaklassilist v\u00e4ljan\u00e4gemist ja tunnetust. T\u00e4nu oma elegantsele ja \u00f5hukesele disainile, mille m\u00f5\u00f5tmed on vaid 357 x 223 x 9 mm ja kaal 1300 g, on see v\u00e4ga kaasaskantav ja seda on lihtne kotis v\u00f5i seljakotis kaasas kanda. S23B-5 on loodud teie usaldusv\u00e4\u00e4rseks kaaslaseks, mis ei tee kompromisse tootlikkuse ega meelelahutuse osas, \u00fcksk\u00f5ik kus te ka ei viibiksite.<\/p>\n\n<p>Kaasahaarav helikogemus S23B-5 pakub lisaks uimastavatele visuaalidele ka kahe 1,0 W k\u00f5lariga kaasahaaravat helikogemust. Nautige teravat ja selget heli filmide, m\u00e4ngude v\u00f5i multimeediategevuste ajal. Kas videokonverentsil, muusikat kuulates v\u00f5i saateid vaadates suurendab S23B-5 teie sensoorset kogemust, muutes selle kaasahaaravaks ja kaasahaaravaks.<\/p>\n\n<p>Suurendatud vaatamismugavus Teie mugavus on oluline, eriti pikema ekraani ajal. S23B-5 tagab optimaalse vaatamismugavuse t\u00e4nu laiale vaatenurgale ja reguleeritavatele seadetele. T\u00e4nu 85-kraadisele vaatenurgale k\u00f5ikides suundades (U\/D\/L\/R) saate nautida selget visuaalset kujutist ja elavaid v\u00e4rve erinevatest vaatenurkadest. S23B-5 toetab mugavat ja pikaajalist kasutamist ilma silmade pingutuse v\u00f5i kehahoiu kompromissideta, olenemata sellest, kas teete koost\u00f6\u00f6d, jagate sisu v\u00f5i kohandate monitori oma eelistatud vaatamisasendisse.<\/p>\n\n<p>Ideaalne m\u00e4nguhuvilistele M\u00e4nguhuviliste jaoks on S23B-5 teie parim kaasaskantav 4K-m\u00e4ngumonitor. T\u00e4nu 4K UHD resolutsioonile, t\u00e4psele v\u00e4rvit\u00e4psusele ja kiirele 25 ms reaktsiooniajale pakub see monitor v\u00f5rratut m\u00e4ngukogemust. Sukeldu elutruu graafikasse, rikkalikesse v\u00e4rvidesse ja teravatesse detailidesse, mis t\u00f5stavad sinu m\u00e4nguseiklusi. S23B-5 tagab, et iga kaader on selge, v\u00f5imaldades kiireid reaktsioone ja konkurentsieelist kiiretes tegevusm\u00e4ngudes, kaasahaaravates rollim\u00e4ngudes v\u00f5i visuaalselt uimastavates maailmades.<\/p>\n\n<p>Suurendage tootlikkust liikvel olles S23B-5 on rohkem kui meelelahutus ja m\u00e4ngimine, see on tootlikkuse v\u00f5imsaks j\u00f5uallikaks. Olenemata sellest, kas olete digitaalne nomaad, \u00fcli\u00f5pilane v\u00f5i professionaal, kes vajab kaasaskantavat t\u00f6\u00f6kohta, vastab see monitor teie vajadustele. Laiendage oma s\u00fclearvuti v\u00f5i nutitelefoni ekraani, tehke mitu \u00fclesannet h\u00f5lpsasti ning suurendage t\u00f5husust ja t\u00f6\u00f6voogu. Redigeerige dokumente, koostage esitlusi v\u00f5i anal\u00fc\u00fcsige andmeid, kasutades S23B-5 pakutavat t\u00e4iendavat ekraanipinda. Selle suure eraldusv\u00f5imega ekraan ja t\u00e4pne v\u00e4rviedastus tagavad keeruliste detailidega t\u00f6\u00f6tamise ja j\u00e4rjepidevuse s\u00e4ilitamise k\u00f5igis seadmetes. S23B-5 on teie kaasaskantav tootlikkuse keskus, mis v\u00f5imaldab teil saavutada rohkem, isegi liikvel olles.<\/p>\n\n<p>Kokkuv\u00f5te Kokkuv\u00f5ttes on S23B-5 4K kaasaskantav monitor erakordne seade, mis toob \u00fclik\u00f5rge lahutusv\u00f5imega mobiiliekraanid teie k\u00e4tte. 4K UHD-eraldusv\u00f5imega, mahtuvusliku 10-punktilise puuteekraaniga ja laia v\u00e4rvigammaga kaasaskantav monitor pakub uimastavat visuaalset kujutist ja erakordset j\u00f5udlust. Olenemata sellest, kas oled m\u00e4ngur, loominguline professionaal v\u00f5i hindad tootlikkust liikvel olles, S23B-5 on kohandatud sinu vajadustele. Selle mitmek\u00fclgsed \u00fchendusv\u00f5imalused, sisseehitatud aku ja esmaklassiline ehitus teevad sellest silmapaistva valiku.<\/p>\n\n<p>Plussid: Uimastavad visuaalid: S23B-5 pakub 4K UHD-ekraani erakordse v\u00e4rvit\u00e4psusega, mis sobib ideaalselt m\u00e4ngimiseks, videot\u00f6\u00f6tluseks, graafiliseks disainiks ja fotot\u00f6\u00f6tluseks. Puuteekraani funktsionaalsus: Mahtuvuslik 10-punktiline puuteekraan pakub tundlikku ja intuitiivset kasutajakogemust, v\u00f5imaldades vaevata navigeerimist ja t\u00e4pset juhtimist. Kaasaskantavus: S23B-5 on v\u00e4ga h\u00e4sti kaasaskantav reisimiseks, \u00e4rireisideks ja kaugt\u00f6\u00f6ks. Mitmek\u00fclgne \u00fchenduvus: \u00dchilduvus nutitelefonide, s\u00fclearvutite ja m\u00e4ngukonsoolidega: Mitmed pordid, sealhulgas HD Mini, Type C, k\u00f5rvaklapid ja Micro-USB, tagavad \u00fchilduvuse nutitelefonide, s\u00fclearvutite ja m\u00e4ngukonsoolidega. Sisseehitatud aku: S23B-5 pakub 10000 mAh pol\u00fcmeerakuga katkematut kasutamist teel olles, ilma et oleks vaja mingit toiteallikat.<\/p>\n\n<p>Miinused: Piiratud suuruse valikud: ei pruugi sobida kasutajatele, kes eelistavad suuremaid v\u00f5i v\u00e4iksemaid kaasaskantavaid monitore. Heliv\u00e4ljund: Sisseehitatud k\u00f5larid ei pruugi sobida v\u00e4liste k\u00f5larite v\u00f5i k\u00f5rvaklappidega neile, kes otsivad s\u00fcgavamat helikogemust.<\/p>\n","protected":false},"excerpt":{"rendered":"<ul>\n<li><strong>100% Adobe v\u00e4rvigamma<\/strong> <strong>15,6-tolline UHD 4K<\/strong> kaasaskantav monitor<\/li>\n<li>10-punktiline mahtuvuslik puuteekraaniga monitor<\/li>\n<li><strong>MacOS-iga<\/strong> \u00fchilduv puuteekraan<\/li>\n<li>Sisseehitatud 10000mAh aku<\/li>\n<li><strong>Toiteallikaks USB<\/strong>, toetab mini-HDMI, USB Type-C<\/li>\n<\/ul>\n[cg_accordion title=\"MAKSUINFO\"]<\/p>\n<p>Me kasutame uusimat makset\u00f6\u00f6tlustehnoloogiat, mis v\u00f5imaldab teil kiiret ja turvalist maksmist Apple Pay, Google Pay, deebet-\/krediitkaardi, PayPali v\u00f5i BNPL-meetodite, nagu Klarna, Affirm v\u00f5i AfterPay kaudu.[\/cg_accordion]\n[cg_accordion title=\"GARANTSIOON\"]<\/p>\n<p>2-aastane garantii <a href=\"https:\/\/droix.net\/\" target=\"_blank\" rel=\"nofollow noopener\">DROIX Globalilt teie meelerahu tagamiseks<\/a> [\/cg_accordion]\n[cg_accordion title=\"HINNAKUJUNDUS, MAKSUD JA KOHALETOIMETAMINE\"]<\/p>\n<p><strong><u>M\u00e4rkus:<\/u><\/strong><\/p>\n<ul>\n<li>Ameerika \u00dchendriikide kliendid: N\u00e4idatud hind ei sisalda makse ega tollimaksu. Vastutus tollivormistuse ja sellega seotud maksude\/tollimaksude tasumise eest lasub kliendil. <\/li>\n<li>ELi kliendid: N\u00e4idatud hind sisaldab kohaldatavat maksu, mis v\u00f5ib s\u00f5ltuvalt teie riigist olla kuni 25%.<\/li>\n<li>Kanada kliendid: N\u00e4idatud hind sisaldab kohaldatavaid makse, mis v\u00f5ivad sisaldada 5% GST ja t\u00e4iendavaid provintsi m\u00fc\u00fcgimakse (PST), \u00fchtlustatud m\u00fc\u00fcgimaksu (HST) v\u00f5i Quebeci m\u00fc\u00fcgimaksu (QST), s\u00f5ltuvalt teie provintsist.<\/li>\n<\/ul>\n<p><strong>AINULT ELi klientidele:<\/strong> Express DDP (Delivered Duty Paid). See t\u00e4hendab: <\/p>\n<ul>\n<li>K\u00f5ik tollimaksud ja maksud sisalduvad toote lehel n\u00e4idatud hinnas.<\/li>\n<li>Te ei pea tarnimisel lisatasusid maksma.<\/li>\n<li>Harva esinevate tolliprobleemide korral tegeleb meie meeskond teie nimel tollivormistusega, et tagada sujuv tarne.<\/li>\n<p>Oluline teave tagastuste kohta:<\/p>\n<li>Kui te otsustate oma tellimuse tagastada v\u00f5i taotleda raha tagasi, siis pidage meeles, et teie eest DDP tingimuste alusel makstud makse ja tollimakse ei saa tagasi maksta.<\/li>\n<p>\u00dcksikasjalik teave <a href=\"https:\/\/gpdstore.net\/et\/terms-of-service\/\" target=\"_blank\" rel=\"nofollow noopener\">on esitatud meie Tingimustes<\/a>.\n<\/ul>\n<p>[\/cg_accordion]\n[cg_accordion title=\"KLIENDITUGI\"]<\/p>\n<p>Kas teil on k\u00fcsimus? Oleme l\u00fchikese teksti kaugusel sellest, et teie k\u00fcsimus oleks lahendatud!<br \/>\n[\/cg_accordion]\n[cg_accordion title=\"MIDA SISALDAB\"]<\/p>\n<ul>\n<li>1x toitepistik (EL\/USA)<\/li>\n<li>1x kasutusjuhend<\/li>\n<\/ul>\n<p>[\/cg_accordion]\n","protected":false},"featured_media":62387,"template":"","meta":{"_acf_changed":false},"product_brand":[],"product_cat":[5468],"product_tag":[5526,18421],"woo-feed-brand":[5121],"class_list":{"0":"post-62382","1":"product","2":"type-product","3":"status-publish","4":"has-post-thumbnail","6":"product_cat-kaasaskantavad-monitorid","7":"product_tag-30gpdsale-et","8":"product_tag-droix-portable-monitor-et","9":"product_shipping_class-standard","10":"pa_brand-droix","11":"woo-feed-brand-droix-et","13":"first","14":"outofstock","15":"sale","16":"taxable","17":"shipping-taxable","18":"purchasable","19":"product-type-variable","20":"has-default-attributes"},"acf":[],"aioseo_notices":[],"_links":{"self":[{"href":"https:\/\/gpdstore.net\/et\/wp-json\/wp\/v2\/product\/62382","targetHints":{"allow":["GET"]}}],"collection":[{"href":"https:\/\/gpdstore.net\/et\/wp-json\/wp\/v2\/product"}],"about":[{"href":"https:\/\/gpdstore.net\/et\/wp-json\/wp\/v2\/types\/product"}],"wp:featuredmedia":[{"embeddable":true,"href":"https:\/\/gpdstore.net\/et\/wp-json\/wp\/v2\/media\/62387"}],"wp:attachment":[{"href":"https:\/\/gpdstore.net\/et\/wp-json\/wp\/v2\/media?parent=62382"}],"wp:term":[{"taxonomy":"product_brand","embeddable":true,"href":"https:\/\/gpdstore.net\/et\/wp-json\/wp\/v2\/product_brand?post=62382"},{"taxonomy":"product_cat","embeddable":true,"href":"https:\/\/gpdstore.net\/et\/wp-json\/wp\/v2\/product_cat?post=62382"},{"taxonomy":"product_tag","embeddable":true,"href":"https:\/\/gpdstore.net\/et\/wp-json\/wp\/v2\/product_tag?post=62382"},{"taxonomy":"woo-feed-brand","embeddable":true,"href":"https:\/\/gpdstore.net\/et\/wp-json\/wp\/v2\/woo-feed-brand?post=62382"}],"curies":[{"name":"wp","href":"https:\/\/api.w.org\/{rel}","templated":true}]}}